{"id":4339,"date":"2026-04-24T14:49:56","date_gmt":"2026-04-24T06:49:56","guid":{"rendered":"https:\/\/www.baler-machines.com\/?post_type=product&#038;p=4339"},"modified":"2026-04-24T17:57:42","modified_gmt":"2026-04-24T09:57:42","slug":"vertical-tyre-baler-for-sale","status":"publish","type":"product","link":"https:\/\/www.baler-machines.com\/vi\/vertical-tyre-baler-for-sale\/","title":{"rendered":"M\u00e1y n\u00e9n l\u1ed1p xe th\u1eb3ng \u0111\u1ee9ng \u0111\u1ec3 b\u00e1n"},"content":{"rendered":"<p class=\"translation-block\">M\u00e1y n\u00e9n l\u1ed1p th\u1eb3ng \u0111\u1ee9ng c\u1ee7a Shuliy \u0111\u01b0\u1ee3c thi\u1ebft k\u1ebf \u0111\u1ec3 t\u00e1i ch\u1ebf v\u00e0 n\u00e9n c\u00e1c l\u1ed1p xe c\u0169. N\u00f3 n\u00e9n l\u1ed1p xe th\u00e0nh c\u00e1c kh\u1ed1i h\u00ecnh ch\u1eef nh\u1eadt m\u1eadt \u0111\u1ed9 cao, gi\u1ea3m \u0111\u00e1ng k\u1ec3 th\u1ec3 t\u00edch c\u1ee7a ch\u00fang \u0111\u1ec3 thu\u1eadn ti\u1ec7n cho l\u01b0u tr\u1eef v\u00e0 v\u1eadn chuy\u1ec3n, t\u1eeb \u0111\u00f3 n\u00e2ng cao hi\u1ec7u qu\u1ea3 t\u00e1i ch\u1ebf v\u00e0 qu\u1ea3n l\u00fd logistics.<\/p>    <p class=\"translation-block\">K\u00edch th\u01b0\u1edbc b\u00f3 l\u00e0 <strong>1500 mm* 1000 mm*1200 mm(L*W*H)<\/strong>, v\u1edbi tr\u1ecdng l\u01b0\u1ee3ng b\u00f3 <strong>1.2 t<\/strong> v\u00e0 c\u00f4ng su\u1ea5t <strong>3\u20134 b\u00f3\/gi\u1edd.<\/strong> M\u1eadt \u0111\u1ed9 b\u00f3 c\u1ee7a n\u00f3 l\u00e0 <strong>\u2265300-400kg\/m<sup>3<\/sup><\/strong>.<\/p>    <p>N\u00f3 \u0111\u01b0\u1ee3c s\u1eed d\u1ee5ng r\u1ed9ng r\u00e3i trong c\u00e1c trung t\u00e2m t\u00e1i ch\u1ebf l\u1ed1p xe c\u0169, nh\u00e0 m\u00e1y x\u1eed l\u00fd ch\u1ea5t th\u1ea3i, c\u00e1c c\u00f4ng ty t\u00e1i ch\u1ebf cao su, v\u00e0 c\u00e1c d\u1ef1 \u00e1n b\u1ea3o v\u1ec7 m\u00f4i tr\u01b0\u1eddng \u0111\u00f4 th\u1ecb.<\/p>    <figure class=\"wp-block-embed is-type-video is-provider-youtube wp-block-embed-youtube wp-embed-aspect-16-9 wp-has-aspect-ratio\"><div class=\"wp-block-embed__wrapper\"> <iframe loading=\"lazy\" title=\"M\u00e1y n\u00e9n l\u1ed1p th\u1ee7y l\u1ef1c th\u1eb3ng \u0111\u1ee9ng \u0111\u1ec3 t\u00e1i ch\u1ebf | M\u00e1y n\u00e9n l\u1ed1p xe c\u00f4ng nghi\u1ec7p m\u1eadt \u0111\u1ed9 cao #l\u1ed1p\" width=\"500\" height=\"281\" src=\"https:\/\/www.youtube.com\/embed\/M0gsUKjVAxA?feature=oembed\" frameborder=\"0\" allow=\"accelerometer; autoplay; clipboard-write; encrypted-media; gyroscope; picture-in-picture; web-share\" referrerpolicy=\"strict-origin-when-cross-origin\" allowfullscreen><\/iframe> <\/div><figcaption class=\"wp-element-caption\">video c\u1ee7a m\u00e1y n\u00e9n l\u1ed1p xe<\/figcaption><\/figure>    <h2 class=\"wp-block-heading\"><strong>Th\u00f4ng s\u1ed1 k\u1ef9 thu\u1eadt c\u1ee7a m\u00e1y n\u00e9n l\u1ed1p th\u1eb3ng \u0111\u1ee9ng<\/strong><\/h2>    <p>M\u00e1y n\u00e9n th\u1eb3ng \u0111\u1ee9ng th\u01b0\u1eddng d\u00f9ng \u0111\u1ec3 n\u00e9n l\u1ed1p l\u00e0 m\u1eabu 200T. C\u00e1c th\u00f4ng s\u1ed1 c\u1ee5 th\u1ec3 \u0111\u01b0\u1ee3c hi\u1ec3n th\u1ecb trong b\u1ea3ng d\u01b0\u1edbi \u0111\u00e2y.<\/p>    <figure class=\"wp-block-table\"><table class=\"has-fixed-layout\"><tbody><tr><td colspan=\"2\">Ng\u01b0\u1eddi m\u1eabu<\/td><td colspan=\"2\">M\u00e1y n\u00e9n l\u1ed1p xe 200 Vertical<\/td><\/tr><tr><td colspan=\"2\">Van th\u1ee7y l\u1ef1c<\/td><td colspan=\"2\">ZDL-L20-2W<\/td><\/tr><tr><td colspan=\"2\">B\u01a1m d\u1ea7u<\/td><td colspan=\"2\">M\u00e1y b\u01a1m piston \u00e1p cao bi\u1ebfn \u0111\u1ed5i HY80<\/td><\/tr><tr><td colspan=\"2\">Xi lanh ch\u00ednh \u00e1p l\u1ef1c<\/td><td colspan=\"2\">\u0110\u01b0\u1eddng k\u00ednh ngo\u00e0i: \u0424220mm-1500mm \u00d7 2<\/td><\/tr><tr><td colspan=\"2\">Xi lanh m\u1edf c\u1eeda<\/td><td colspan=\"2\">\u0110\u01b0\u1eddng k\u00ednh ngo\u00e0i: \u0424114mm-400mm \u00d7 2<\/td><\/tr><tr><td colspan=\"2\" rowspan=\"2\">\u0110\u1ed9ng c\u01a1<\/td><td>\u0110\u1ed9ng c\u01a1 ch\u00ednh<\/td><td>Th\u01b0\u01a1ng hi\u1ec7u \u0111\u1ed9ng c\u01a1<\/td><\/tr><tr><td>22KW<\/td><td>Nh\u00e0 m\u00e1y \u0111\u1ed9ng c\u01a1 Hujiang<\/td><\/tr><tr><td colspan=\"2\" rowspan=\"2\">Th\u00f4ng s\u1ed1 v\u1eadn h\u00e0nh h\u1ec7 th\u1ed1ng<\/td><td colspan=\"2\">\u00c1p l\u1ef1c v\u1eadn h\u00e0nh: 20MPa<\/td><\/tr><tr><td colspan=\"2\">\u00c1p l\u1ef1c \u0111\u1ecbnh m\u1ee9c: 31.5MPa<\/td><\/tr><tr><td colspan=\"2\">Th\u00f4ng s\u1ed1 ngu\u1ed3n \u0111i\u1ec7n<\/td><td colspan=\"2\">3 pha, 380V<\/td><\/tr><tr><td colspan=\"2\">H\u1ec7 th\u1ed1ng \u0111i\u1ec1u khi\u1ec3n<\/td><td colspan=\"2\">T\u1ee7 \u0111i\u1ec1u khi\u1ec3n \u0111\u1ed9c l\u1eadp (v\u1edbi b\u1ea3o v\u1ec7 r\u00f2 r\u1ec9)<\/td><\/tr><tr><td colspan=\"2\" rowspan=\"2\">Ch\u1ea5t l\u01b0\u1ee3ng d\u1ea7u th\u1ee7y l\u1ef1c<\/td><td colspan=\"2\">#46 D\u1ea7u th\u1ee7y l\u1ef1c ch\u1ed1ng m\u00e0i m\u00f2n<\/td><\/tr><tr><td colspan=\"2\">Dung t\u00edch b\u00ecnh d\u1ea7u: 600L<\/td><\/tr><tr><td colspan=\"2\">H\u1ec7 th\u1ed1ng n\u00e9n<\/td><td colspan=\"2\">D\u00e2y bu\u1ed9c 8 d\u00e2y (D\u00e2y th\u00e9p)<\/td><\/tr><tr><td rowspan=\"8\">Th\u00f4ng s\u1ed1 k\u1ef9 thu\u1eadt m\u00e1y<\/td><td rowspan=\"2\">Di\u1ec7n t\u00edch chi\u1ebfm d\u1ee5ng<\/td><td colspan=\"2\">(L x W x H) 5300mm*5000mm*4500mm<\/td><\/tr><tr><td colspan=\"2\">\u0110\u01a1n v\u1ecb ch\u00ednh   Tr\u1ea1m th\u1ee7y l\u1ef1c (B\u1ed1 tr\u00ed ngang)<\/td><\/tr><tr><td>K\u00edch th\u01b0\u1edbc c\u1eeda c\u1ea5p li\u1ec7u<\/td><td colspan=\"2\">(L x W) 1600mm*1000mm<\/td><\/tr><tr><td>K\u00edch th\u01b0\u1edbc b\u00f3<\/td><td colspan=\"2\">L 1500 mm * W 1000 mm * H 1200 mm<\/td><\/tr><tr><td>M\u1eadt \u0111\u1ed9 b\u00f3<\/td><td colspan=\"2\">\u2265300-400kg\/m<sup>3<\/sup><\/td><\/tr><tr><td>\u0111\u1ea7u ra<\/td><td colspan=\"2\">3\u20134 b\u00f3\/gi\u1edd<\/td><\/tr><tr><td>Tr\u1ecdng l\u01b0\u1ee3ng ki\u1ec7n<\/td><td colspan=\"2\">1.2 t\u1ea5n<\/td><\/tr><tr><td>C\u00e2n n\u1eb7ng<\/td><td colspan=\"2\">Kho\u1ea3ng 6 t\u1ea5n<\/td><\/tr><\/tbody><\/table><figcaption class=\"wp-element-caption\">Th\u00f4ng s\u1ed1 c\u1ee7a m\u00e1y n\u00e9n l\u1ed1p 200T<\/figcaption><\/figure>    <h2 class=\"wp-block-heading\"><strong>\u01afu \u0111i\u1ec3m c\u1ee7a <strong>thu\u1ef7 l\u1ef1c<\/strong><\/strong> <strong>m\u00e1y n\u00e9n l\u1ed1p xe<\/strong><\/h2>    <ul class=\"wp-block-list\"> <li>Ho\u1ea1t \u0111\u1ed9ng th\u1ee7y l\u1ef1c, thi\u1ebft k\u1ebf nh\u1ecf g\u1ecdn, v\u00e0 <strong>Chi\u1ebfm di\u1ec7n t\u00edch nh\u1ecf<\/strong><\/li>    <li><strong>L\u1eafp \u0111\u1eb7t di \u0111\u1ed9ng<\/strong>\u0111\u01a1n gi\u1ea3n trong v\u1eadn h\u00e0nh, v\u00e0 d\u1ec5 b\u1ea3o tr\u00ec<\/li>    <li>Ch\u1ed1ng k\u00edn t\u1ed1t, \u0111\u1ed9 \u1ed5n \u0111\u1ecbnh cao, v\u00e0 ho\u1ea1t \u0111\u1ed9ng li\u00ean t\u1ee5c<\/li>    <li><strong>\u0110i\u1ec1u ch\u1ec9nh linh ho\u1ea1t<\/strong> c\u1ee7a <strong>Th\u00f4ng s\u1ed1 v\u00e0 k\u00edch th\u01b0\u1edbc b\u00f3<\/strong> d\u1ec5 v\u1eadn chuy\u1ec3n v\u00e0 l\u01b0u tr\u1eef<\/li>    <li><strong>N\u00e9n m\u1eadt \u0111\u1ed9 cao<\/strong>, ti\u1ebft ki\u1ec7m chi ph\u00ed lao \u0111\u1ed9ng v\u00e0 v\u1eadn chuy\u1ec3n<\/li>    <li><strong>\u1ee8ng d\u1ee5ng r\u1ed9ng r\u00e3i<\/strong> c\u1ee7a c\u00e1c lo\u1ea1i l\u1ed1p kh\u00e1c nhau <ul class=\"wp-block-list\"> <li>L\u1ed1p xe \u00f4 t\u00f4<\/li>    <li>L\u1ed1p xe t\u1ea3i<\/li>    <li>L\u1ed1p OTR<\/li> <\/ul> <\/li>    <li><strong>T\u00f9y ch\u1ec9nh<\/strong> c\u00e1c c\u1ea5u h\u00ecnh c\u00f3 s\u1eb5n theo y\u00eau c\u1ea7u <ul class=\"wp-block-list\"> <li>M\u00e0u m\u00e1y<\/li>    <li>\u0110i\u1ec7n \u00e1p v\u00e0 c\u00f4ng su\u1ea5t m\u00e1y<\/li>    <li>K\u00edch th\u01b0\u1edbc ki\u1ec7n<\/li> <\/ul> <\/li> <\/ul>    <h2 class=\"wp-block-heading\"><strong>So s\u00e1nh m\u00e1y n\u00e9n l\u1ed1p th\u1eb3ng \u0111\u1ee9ng v\u00e0 ngang<\/strong><\/h2>    <p class=\"translation-block\">\u0110\u1ed1i v\u1edbi n\u00e9n l\u1ed1p, ch\u00fang t\u00f4i ra m\u1eaft hai lo\u1ea1i m\u00e1y n\u00e9n l\u1ed1p: <strong>M\u00e1y n\u00e9n l\u1ed1p th\u1eb3ng \u0111\u1ee9ng<\/strong> v\u00e0 <strong><a href=\"https:\/\/www.baler-machines.com\/vi\/hydraulic-tyre-tire-baler-for-sale\/\">M\u00e1y n\u00e9n l\u1ed1p ngang<\/a><\/strong>.<\/p>    <p>So s\u00e1nh hai m\u00e1y n\u00e9n l\u00e0:<\/p>    <figure class=\"wp-block-table\"><table><tbody><tr><td><strong>Lo\u1ea1i m\u00e1y n\u00e9n<\/strong><\/td><td><strong>M\u00e1y n\u00e9n l\u1ed1p xe th\u1eb3ng \u0111\u1ee9ng<\/strong><\/td><td><strong>M\u00e1y n\u00e9n l\u1ed1p xe ngang<\/strong><\/td><\/tr><tr><td><strong>\u1ee8ng d\u1ee5ng<\/strong><\/td><td>Tr\u1ea1m thu gom l\u1ed1p xe c\u0169 v\u00e0 nh\u00e0 m\u00e1y t\u00e1i ch\u1ebf nh\u1ecf v\u1edbi kh\u00f4ng gian h\u1ea1n ch\u1ebf<\/td><td>C\u00e1c nh\u00e0 m\u00e1y x\u1eed l\u00fd ch\u1ea5t th\u1ea3i l\u1edbn, th\u01b0\u01a1ng nh\u00e2n xu\u1ea5t kh\u1ea9u<\/td><\/tr><tr><td><strong>C\u00e1c t\u00ednh n\u0103ng ch\u00ednh<\/strong><\/td><td>Chi\u1ebfm di\u1ec7n t\u00edch nh\u1ecf g\u1ecdn<br>Thao t\u00e1c \u0111\u01a1n gi\u1ea3n<br>D\u1ec5 b\u1ea3o tr\u00ec<\/td><td>Di\u1ec7n t\u00edch l\u1edbn<br>L\u1ef1c n\u00e9n cao<br>Hi\u1ec7u su\u1ea5t cao<br>Hi\u1ec7u qu\u1ea3 v\u1eadn h\u00e0nh li\u00ean t\u1ee5c cao<\/td><\/tr><tr><td><strong>Ph\u01b0\u01a1ng ph\u00e1p c\u1ea5p li\u1ec7u<\/strong><\/td><td>T\u1ea3i th\u1ee7 c\u00f4ng ho\u1eb7c b\u1eb1ng c\u1ea7n c\u1ea9u<\/td><td>T\u1ef1 \u0111\u1ed9ng t\u1ea3i qua b\u0103ng chuy\u1ec1n\/c\u1ea7n c\u1ea9u<\/td><\/tr><tr><td><strong>Ph\u00f9 h\u1ee3p quy m\u00f4<\/strong><\/td><td>C\u00f4ng su\u1ea5t x\u1eed l\u00fd t\u1eeb nh\u1ecf \u0111\u1ebfn trung b\u00ecnh<\/td><td>D\u00e2y chuy\u1ec1n s\u1ea3n xu\u1ea5t quy m\u00f4 l\u1edbn li\u00ean t\u1ee5c<\/td><\/tr><\/tbody><\/table><figcaption class=\"wp-element-caption\">m\u00e1y n\u00e9n l\u1ed1p xe th\u1eb3ng \u0111\u1ee9ng so v\u1edbi m\u00e1y n\u00e9n ngang<\/figcaption><\/figure>    <ul class=\"wp-block-list\"> <li>Khuy\u1ebfn ngh\u1ecb cho c\u00e1c trung t\u00e2m t\u00e1i ch\u1ebf nh\u1ecf ho\u1eb7c doanh nghi\u1ec7p v\u1eeba v\u00e0 nh\u1ecf: <strong>M\u00e1y n\u00e9n l\u1ed1p xe th\u1eb3ng \u0111\u1ee9ng<\/strong>\u2014Cung c\u1ea5p gi\u00e1 tr\u1ecb t\u1ed1t cho \u0111\u1ed3ng ti\u1ec1n, y\u00eau c\u1ea7u di\u1ec7n t\u00edch s\u00e0n t\u1ed1i thi\u1ec3u, v\u00e0 d\u1ec5 v\u1eadn h\u00e0nh.<\/li>    <li>Khuy\u1ebfn ngh\u1ecb cho c\u00e1c nh\u00e0 m\u00e1y t\u00e1i ch\u1ebf quy m\u00f4 l\u1edbn ho\u1eb7c nh\u00e0 xu\u1ea5t kh\u1ea9u: <strong>M\u00e1y n\u00e9n l\u1ed1p xe ngang<\/strong>\u2014L\u00fd t\u01b0\u1edfng cho c\u00e1c ho\u1ea1t \u0111\u1ed9ng li\u00ean t\u1ee5c, kh\u1ed1i l\u01b0\u1ee3ng l\u1edbn v\u00e0 y\u00eau c\u1ea7u s\u1ea3n l\u01b0\u1ee3ng cao; h\u1ed7 tr\u1ee3 c\u00e1c gi\u1ea3i ph\u00e1p t\u00e1i ch\u1ebf t\u00edch h\u1ee3p, t\u1eeb \u0111\u1ea7u \u0111\u1ebfn cu\u1ed1i.<\/li> <\/ul>    <figure class=\"wp-block-gallery has-nested-images columns-default is-cropped wp-block-gallery-2 is-layout-flex wp-block-gallery-is-layout-flex\"><div class=\"wp-block-image\"> <figure class=\"aligncenter size-large\"><img loading=\"lazy\" decoding=\"async\" width=\"720\" height=\"540\" data-id=\"4188\" src=\"https:\/\/www.baler-machines.com\/wp-content\/uploads\/2025\/05\/shuliy-tire-baling-machine.webp\" alt=\"M\u00e1y \u00e9p l\u1ed1p Shuliy\" class=\"wp-image-4188\" title=\"\" srcset=\"https:\/\/www.baler-machines.com\/wp-content\/uploads\/2025\/05\/shuliy-tire-baling-machine.webp 720w, https:\/\/www.baler-machines.com\/wp-content\/uploads\/2025\/05\/shuliy-tire-baling-machine-16x12.webp 16w\" sizes=\"auto, (max-width: 720px) 100vw, 720px\" \/><\/figure> <\/div><\/figure>    <h2 class=\"wp-block-heading\"><strong>Thi\u1ebft k\u1ebf c\u1ea5u tr\u00fac \u0111\u1ed9c \u0111\u00e1o c\u1ee7a m\u00e1y n\u00e9n l\u1ed1p th\u1eb3ng \u0111\u1ee9ng<\/strong><\/h2>    <p class=\"translation-block\">M\u00e1y n\u00e9n l\u1ed1p th\u1eb3ng \u0111\u1ee9ng  c\u00f3 c\u1ea5u tr\u00fac \u0111\u1ed9c \u0111\u00e1o v\u00e0 h\u1ee3p l\u00fd  \u0111\u1ea3m b\u1ea3o hi\u1ec7u qu\u1ea3 cao, an to\u00e0n, v\u00e0 d\u1ec5 v\u1eadn h\u00e0nh.<\/p>    <ol class=\"wp-block-list\"> <li>C\u01a1 ch\u1ebf ch\u1ed1ng ph\u1ea3n h\u1ed3i <ul class=\"wp-block-list\"> <li><strong>\u0110\u1ea3m b\u1ea3o an to\u00e0n cho ng\u01b0\u1eddi v\u1eadn h\u00e0nh<\/strong>, b\u1ea3o v\u1ec7 h\u1ec7 th\u1ed1ng th\u1ee7y l\u1ef1c, v\u00e0 s\u1ea3n xu\u1ea5t <strong>b\u00f3 l\u1ed1p \u0111\u1ed3ng nh\u1ea5t, m\u1eadt \u0111\u1ed9 cao<\/strong><\/li> <\/ul> <\/li>    <li>H\u1ec7 th\u1ed1ng \u0111\u1ea9y b\u00f3 t\u1ef1 \u0111\u1ed9ng <ul class=\"wp-block-list\"> <li><strong>Gi\u1ea3m lao \u0111\u1ed9ng th\u1ee7 c\u00f4ng<\/strong>, t\u0103ng hi\u1ec7u qu\u1ea3 s\u1ea3n xu\u1ea5t, v\u00e0 gi\u1ea3m thi\u1ec3u r\u1ee7i ro ch\u1ea5n th\u01b0\u01a1ng khi x\u1eed l\u00fd b\u00f3 n\u1eb7ng<\/li> <\/ul> <\/li>    <li>Thi\u1ebft k\u1ebf nh\u1ecf g\u1ecdn d\u1ea1ng d\u1ecdc <ul class=\"wp-block-list\"> <li><strong>Ti\u1ebft ki\u1ec7m di\u1ec7n t\u00edch s\u00e0n<\/strong>, d\u1ec5 d\u00e0ng t\u00edch h\u1ee3p v\u1edbi c\u00e1c b\u1ed9 c\u1ea5p li\u1ec7u ho\u1eb7c h\u1ec7 th\u1ed1ng b\u0103ng chuy\u1ec1n<\/li> <\/ul> <\/li>    <li>H\u1ec7 th\u1ed1ng th\u1ee7y l\u1ef1c b\u1ec1n b\u1ec9 <ul class=\"wp-block-list\"> <li>\u0110\u1ea3m b\u1ea3o <strong>ho\u1ea1t \u0111\u1ed9ng b\u1ec1n b\u1ec9, \u1ed5n \u0111\u1ecbnh l\u00e2u d\u00e0i<\/strong> ngay c\u1ea3 khi ho\u1ea1t \u0111\u1ed9ng li\u00ean t\u1ee5c v\u1edbi c\u01b0\u1eddng \u0111\u1ed9 cao<\/li> <\/ul> <\/li> <\/ol>   <div class=\"wp-block-image\"> <figure class=\"aligncenter size-full\"><img loading=\"lazy\" decoding=\"async\" width=\"720\" height=\"540\" src=\"https:\/\/www.baler-machines.com\/wp-content\/uploads\/2026\/04\/design-of-waste-tyre-baler-machine.webp\" alt=\"thi\u1ebft k\u1ebf c\u1ee7a m\u00e1y n\u00e9n l\u1ed1p xe c\u0169\" class=\"wp-image-4343\" title=\"\" srcset=\"https:\/\/www.baler-machines.com\/wp-content\/uploads\/2026\/04\/design-of-waste-tyre-baler-machine.webp 720w, https:\/\/www.baler-machines.com\/wp-content\/uploads\/2026\/04\/design-of-waste-tyre-baler-machine-16x12.webp 16w\" sizes=\"auto, (max-width: 720px) 100vw, 720px\" \/><figcaption class=\"wp-element-caption\">thi\u1ebft k\u1ebf c\u1ee7a m\u00e1y n\u00e9n l\u1ed1p xe c\u0169<\/figcaption><\/figure> <\/div>   <p class=\"translation-block\"><strong>L\u1ee3i \u00edch d\u1ef1 ki\u1ebfn cho kh\u00e1ch h\u00e0ng:<\/strong><\/p>    <p class=\"translation-block\">Thi\u1ebft k\u1ebf n\u00e0y cho ph\u00e9p c\u00e1c doanh nghi\u1ec7p t\u00e1i ch\u1ebf <strong>n\u00e9n l\u1ed1p an to\u00e0n v\u00e0 hi\u1ec7u qu\u1ea3<\/strong>, t\u1ed1i \u0111a h\u00f3a kh\u00f4ng gian l\u01b0u tr\u1eef, gi\u1ea3m chi ph\u00ed lao \u0111\u1ed9ng, v\u00e0 duy tr\u00ec ch\u1ea5t l\u01b0\u1ee3ng b\u00f3 \u0111\u1ec1u, gi\u00fap ho\u1ea1t \u0111\u1ed9ng tr\u01a1n tru v\u00e0 ti\u1ebft ki\u1ec7m chi ph\u00ed.<\/p>    <h2 class=\"wp-block-heading\"><strong>What&#8217;s the hydraulic tyre baler price?<\/strong><\/h2>    <p class=\"translation-block\">\u0110\u1ed1i v\u1edbi m\u00e1y n\u00e9n l\u1ed1p th\u1ee7y l\u1ef1c th\u1eb3ng \u0111\u1ee9ng n\u00e0y, gi\u00e1 l\u00e0 <strong><em>$3,000-10,000 m\u1ed7i \u0111\u01a1n v\u1ecb<\/em><\/strong>.<\/p>    <p>Gi\u00e1 m\u00e1y b\u1ecb \u1ea3nh h\u01b0\u1edfng b\u1edfi:<\/p>    <ul class=\"wp-block-list\"> <li>\u00c1p l\u1ef1c (t\u1ea5n)<\/li>    <li>Th\u00f4ng s\u1ed1 k\u1ef9 thu\u1eadt ch\u1ee9c n\u0103ng<\/li>    <li>Y\u00eau c\u1ea7u t\u00f9y ch\u1ec9nh<\/li> <\/ul>    <p class=\"translation-block\"><strong>Li\u00ean h\u1ec7 v\u1edbi ch\u00fang t\u00f4i h\u00f4m nay \u0111\u1ec3 nh\u1eadn b\u00e1o gi\u00e1 ch\u00ednh x\u00e1c v\u1ec1 m\u00e1y n\u00e9n l\u1ed1p th\u1eb3ng \u0111\u1ee9ng v\u00e0 gi\u1ea3i ph\u00e1p t\u00f9y ch\u1ec9nh<\/strong> ph\u00f9 h\u1ee3p v\u1edbi nhu c\u1ea7u s\u1ea3n xu\u1ea5t c\u1ee7a b\u1ea1n!<\/p>    <h2 class=\"wp-block-heading\"><strong>T\u1ea1i sao ch\u1ecdn m\u00e1y n\u00e9n l\u1ed1p Shuliy?<\/strong><\/h2>    <ul class=\"wp-block-list\"> <li>Kinh nghi\u1ec7m phong ph\u00fa <ul class=\"wp-block-list\"> <li>Nhi\u1ec1u n\u0103m chuy\u00ean m\u00f4n trong l\u0129nh v\u1ef1c t\u00e1i ch\u1ebf l\u1ed1p v\u00e0 s\u1ea3n xu\u1ea5t thi\u1ebft b\u1ecb n\u00e9n th\u1ee7y l\u1ef1c<\/li> <\/ul> <\/li>    <li>L\u1ef1a ch\u1ecdn \u0111a d\u1ea1ng <ul class=\"wp-block-list\"> <li>Cung c\u1ea5p nhi\u1ec1u m\u1eabu th\u1eb3ng \u0111\u1ee9ng v\u00e0 ngang \u0111\u1ec3 \u0111\u00e1p \u1ee9ng \u0111a d\u1ea1ng nhu c\u1ea7u kh\u00e1ch h\u00e0ng<\/li> <\/ul> <\/li>    <li>\u1ed4n \u0111\u1ecbnh v\u00e0 \u0111\u00e1ng tin c\u1eady <ul class=\"wp-block-list\"> <li>H\u1ec7 th\u1ed1ng th\u1ee7y l\u1ef1c ch\u1ea5t l\u01b0\u1ee3ng cao v\u00e0 c\u00e1c th\u00e0nh ph\u1ea7n c\u1ed1t l\u00f5i \u0111\u1ea3m b\u1ea3o ho\u1ea1t \u0111\u1ed9ng li\u00ean t\u1ee5c<\/li> <\/ul> <\/li>    <li>Gi\u1ea3i ph\u00e1p t\u00f9y ch\u1ec9nh <ul class=\"wp-block-list\"> <li>Ph\u00f9 h\u1ee3p v\u1edbi y\u00eau c\u1ea7u c\u1ee7a kh\u00e1ch h\u00e0ng v\u1ec1 m\u1eb7t v\u1ecb tr\u00ed, lo\u1ea1i ch\u1ea5t th\u1ea3i, v\u00e0 kh\u1ed1i l\u01b0\u1ee3ng s\u1ea3n xu\u1ea5t<\/li> <\/ul> <\/li>    <li>Giao h\u00e0ng nhanh v\u00e0 h\u1ed7 tr\u1ee3 sau b\u00e1n h\u00e0ng <ul class=\"wp-block-list\"> <li>Bao g\u1ed3m \u0111\u00e0o t\u1ea1o v\u1eadn h\u00e0nh, h\u01b0\u1edbng d\u1eabn l\u1eafp \u0111\u1eb7t, v\u00e0 b\u1ea3o h\u00e0nh m\u1ed9t n\u0103m<\/li> <\/ul> <\/li> <\/ul>    <h2 class=\"wp-block-heading\"><strong>C\u00e2u h\u1ecfi th\u01b0\u1eddng g\u1eb7p v\u1ec1 m\u00e1y n\u00e9n l\u1ed1p th\u1eb3ng \u0111\u1ee9ng<\/strong><\/h2>   <div id=\"rank-math-faq\" class=\"rank-math-block\"> <div class=\"rank-math-list\"> <div id=\"faq-question-1777002513670\" class=\"rank-math-list-item\"> <h3 class=\"rank-math-question\">C\u00e1c lo\u1ea1i l\u1ed1p n\u00e0o c\u00f3 th\u1ec3 n\u00e9n \u0111\u01b0\u1ee3c?<\/h3> <div class=\"rank-math-answer\">  <p>L\u1ed1p xe \u00f4 t\u00f4 con, xe t\u1ea3i, xe m\u00e1y, v\u00e0 c\u00e1c lo\u1ea1i kh\u00e1c.<\/p>  <\/div> <\/div> <div id=\"faq-question-1777002519761\" class=\"rank-math-list-item\"> <h3 class=\"rank-math-question\">K\u00edch th\u01b0\u1edbc v\u00e0 m\u1eadt \u0111\u1ed9 c\u1ee7a c\u00e1c b\u00f3 n\u00e9n l\u00e0 g\u00ec?<\/h3> <div class=\"rank-math-answer\">  <p>K\u00edch th\u01b0\u1edbc b\u00f3 c\u00f3 th\u1ec3 t\u00f9y ch\u1ec9nh; k\u00edch th\u01b0\u1edbc ti\u00eau chu\u1ea9n l\u00e0 1500 \u00d7 1000 \u00d7 1200 mm, v\u1edbi m\u1eadt \u0111\u1ed9 300\u2013400 kg\/m\u00b3.<\/p>  <\/div> <\/div> <div id=\"faq-question-1777002530361\" class=\"rank-math-list-item\"> <h3 class=\"rank-math-question\">\u0110i\u1ec7n \u00e1p c\u00f3 th\u1ec3 t\u00f9y ch\u1ec9nh kh\u00f4ng?<\/h3> <div class=\"rank-math-answer\">  <p>Ch\u00fang t\u00f4i h\u1ed7 tr\u1ee3 ngu\u1ed3n \u0111i\u1ec7n 380V\/50Hz ba pha; c\u00e1c \u0111i\u1ec7n \u00e1p kh\u00e1c c\u00f3 th\u1ec3 t\u00f9y ch\u1ec9nh theo y\u00eau c\u1ea7u.<\/p>  <\/div> <\/div> <div id=\"faq-question-1777002539208\" class=\"rank-math-list-item\"> <h3 class=\"rank-math-question\">D\u1ecbch v\u1ee5 h\u1eadu m\u00e3i c\u1ee7a b\u1ea1n nh\u01b0 th\u1ebf n\u00e0o?<\/h3> <div class=\"rank-math-answer\">  <p>Ch\u00fang t\u00f4i cung c\u1ea5p b\u1ea3o h\u00e0nh m\u1ed9t n\u0103m, h\u1ed7 tr\u1ee3 k\u1ef9 thu\u1eadt t\u1eeb xa, v\u00e0 \u0111\u00e0o t\u1ea1o v\u1eadn h\u00e0nh.<\/p>  <\/div> <\/div> <\/div> <\/div>   <h2 class=\"wp-block-heading\"><strong>Li\u00ean h\u1ec7 v\u1edbi ch\u00fang t\u00f4i \u0111\u1ec3 bi\u1ebft b\u00e1o gi\u00e1 ngay b\u00e2y gi\u1edd!<\/strong><\/h2>    <p>If you&#8217;re looking for a vertical tyre baler, Shuliy offers:<\/p>    <ul class=\"wp-block-list\"> <li>L\u1ef1c n\u00e9n cao v\u00e0 \u0111i\u1ec1u khi\u1ec3n t\u1ef1 \u0111\u1ed9ng<\/li>    <li>Ph\u1ea1m vi t\u1ea3i tr\u1ecdng r\u1ed9ng v\u00e0 c\u00e1c gi\u1ea3i ph\u00e1p t\u00f9y ch\u1ec9nh<\/li>    <li>Giao h\u00e0ng nhanh v\u00e0 d\u1ecbch v\u1ee5 h\u1eadu m\u00e3i chuy\u00ean nghi\u1ec7p<\/li> <\/ul>    <p>Li\u00ean h\u1ec7 v\u1edbi ch\u00fang t\u00f4i h\u00f4m nay \u0111\u1ec3 nh\u1eadn b\u00e1o gi\u00e1 t\u1ed1t nh\u1ea5t v\u00e0 gi\u1ea3i ph\u00e1p t\u00f9y ch\u1ec9nh!<\/p>    <figure class=\"wp-block-embed is-type-video is-provider-youtube wp-block-embed-youtube wp-embed-aspect-16-9 wp-has-aspect-ratio\"><div class=\"wp-block-embed__wrapper\"> <iframe loading=\"lazy\" title=\"M\u00e1y \u00e9p ki\u1ec7n d\u1ecdc th\u1ee7y l\u1ef1c cho l\u1ed1p \u00f4 t\u00f4, l\u1ed1p xe t\u1ea3i, l\u1ed1p cao su, v.v. #recyclingbusiness\" width=\"500\" height=\"281\" src=\"https:\/\/www.youtube.com\/embed\/R5UJdLGn14A?start=4&#038;feature=oembed\" frameborder=\"0\" allow=\"accelerometer; autoplay; clipboard-write; encrypted-media; gyroscope; picture-in-picture; web-share\" referrerpolicy=\"strict-origin-when-cross-origin\" allowfullscreen><\/iframe> <\/div><figcaption class=\"wp-element-caption\">video v\u1ec1 thi\u1ebft b\u1ecb n\u00e9n l\u1ed1p xe th\u1eb3ng \u0111\u1ee9ng<\/figcaption><\/figure>","protected":false},"excerpt":{"rendered":"<p>Shuliy vertical tyre baler is designed for the recycling and compaction of waste tires. It compresses waste tires into high-density rectangular blocks, significantly reducing their volume to facilitate storage and transportation, thereby improving recycling efficiency and logistics management. The bale size is 1500 mm* 1000 mm*1200 mm(L*W*H), with a bale weight of 1.2 t and [&hellip;]<\/p>\n","protected":false},"author":1,"featured_media":4340,"parent":0,"template":"","tags":[414,635],"product-type":[563],"class_list":["post-4339","product","type-product","status-publish","has-post-thumbnail","hentry","tag-baler","tag-tire","product-type-baler-machine"],"_links":{"self":[{"href":"https:\/\/www.baler-machines.com\/vi\/wp-json\/wp\/v2\/product\/4339","targetHints":{"allow":["GET"]}}],"collection":[{"href":"https:\/\/www.baler-machines.com\/vi\/wp-json\/wp\/v2\/product"}],"about":[{"href":"https:\/\/www.baler-machines.com\/vi\/wp-json\/wp\/v2\/types\/product"}],"author":[{"embeddable":true,"href":"https:\/\/www.baler-machines.com\/vi\/wp-json\/wp\/v2\/users\/1"}],"wp:featuredmedia":[{"embeddable":true,"href":"https:\/\/www.baler-machines.com\/vi\/wp-json\/wp\/v2\/media\/4340"}],"wp:attachment":[{"href":"https:\/\/www.baler-machines.com\/vi\/wp-json\/wp\/v2\/media?parent=4339"}],"wp:term":[{"taxonomy":"post_tag","embeddable":true,"href":"https:\/\/www.baler-machines.com\/vi\/wp-json\/wp\/v2\/tags?post=4339"},{"taxonomy":"product-type","embeddable":true,"href":"https:\/\/www.baler-machines.com\/vi\/wp-json\/wp\/v2\/product-type?post=4339"}],"curies":[{"name":"wp","href":"https:\/\/api.w.org\/{rel}","templated":true}]}}