{"id":4160,"date":"2025-03-19T16:22:01","date_gmt":"2025-03-19T08:22:01","guid":{"rendered":"https:\/\/www.baler-machines.com\/?post_type=product&#038;p=4160"},"modified":"2025-03-19T16:22:19","modified_gmt":"2025-03-19T08:22:19","slug":"h-i-beam-cold-bending-machine","status":"publish","type":"product","link":"https:\/\/www.baler-machines.com\/vi\/h-i-beam-cold-bending-machine\/","title":{"rendered":"M\u00e1y u\u1ed1n l\u1ea1nh H &amp; I-ch\u00f9m"},"content":{"rendered":"<p class=\"translation-block\">M\u00e1y <strong>u\u1ed1n l\u1ea1nh I-beam<\/strong> n\u00e0y l\u00e0 thi\u1ebft b\u1ecb hi\u1ec7u su\u1ea5t cao \u0111\u01b0\u1ee3c thi\u1ebft k\u1ebf \u0111\u1ec3 u\u1ed1n I-beam, H-beam, th\u00e9p k\u00eanh, \u1ed1ng tr\u00f2n &amp; vu\u00f4ng, v.v., \u0111\u01b0\u1ee3c s\u1eed d\u1ee5ng r\u1ed9ng r\u00e3i trong c\u00e1c l\u0129nh v\u1ef1c x\u00e2y d\u1ef1ng, c\u1ea7u v\u00e0 s\u1ea3n xu\u1ea5t k\u1ebft c\u1ea5u th\u00e9p.<\/p>    <p>Khu\u00f4n c\u1ee7a thi\u1ebft b\u1ecb n\u00e0y c\u00f3 th\u1ec3 \u0111\u01b0\u1ee3c t\u00f9y ch\u1ec9nh theo nhu c\u1ea7u truy\u1ec1n c\u00f4ng su\u1ea5t cao th\u1ee7y l\u1ef1c.<\/p>    <p>M\u00e1y u\u1ed1n cong t\u1ef1 \u0111\u1ed9ng c\u1ee7a ch\u00fang t\u00f4i cho ch\u00f9m I \u0111\u01b0\u1ee3c \u0111i\u1ec1u khi\u1ec3n b\u1eb1ng th\u1ee7y l\u1ef1c, v\u1edbi kh\u1ea3 n\u0103ng u\u1ed1n m\u1ea1nh v\u00e0 hi\u1ec7u su\u1ea5t ho\u1ea1t \u0111\u1ed9ng ch\u00ednh x\u00e1c, \u0111\u1ec3 \u0111\u00e1p \u1ee9ng nhu c\u1ea7u c\u1ee7a kh\u00e1ch h\u00e0ng \u0111\u1ed1i v\u1edbi x\u1eed l\u00fd hi\u1ec7u qu\u1ea3 cao, c\u00f3 \u0111\u1ed9 ch\u00ednh x\u00e1c cao.<\/p>    <figure class=\"wp-block-embed is-type-video is-provider-youtube wp-block-embed-youtube wp-embed-aspect-16-9 wp-has-aspect-ratio\"><div class=\"wp-block-embed__wrapper\"> <iframe loading=\"lazy\" title=\"Video u\u1ed1n cong l\u1ea1nh I-Beam &amp; H-Beam\" width=\"500\" height=\"281\" src=\"https:\/\/www.youtube.com\/embed\/SxgJiCJH_DM?feature=oembed\" frameborder=\"0\" allow=\"accelerometer; autoplay; clipboard-write; encrypted-media; gyroscope; picture-in-picture; web-share\" referrerpolicy=\"strict-origin-when-cross-origin\" allowfullscreen><\/iframe> <\/div><figcaption class=\"wp-element-caption\">M\u00e1y u\u1ed1n l\u1ea1nh t\u1ef1 \u0111\u1ed9ng cho th\u00e9p I<\/figcaption><\/figure>    <h2 class=\"wp-block-heading\"><strong>C\u00e1c s\u1ea3n ph\u1ea9m cu\u1ed1i c\u1ee7a m\u00e1y u\u1ed1n l\u1ea1nh i-ch\u00f9m t\u1ef1 \u0111\u1ed9ng<\/strong><\/h2>    <p>M\u00e1y u\u1ed1n I c\u1ee7a ch\u00fang t\u00f4i c\u00f3 th\u1ec3 x\u1eed l\u00fd t\u1ea5t c\u1ea3 c\u00e1c lo\u1ea1i c\u1ea5u tr\u00fac th\u00e9p cong, tr\u00f2n v\u00e0 h\u00ecnh d\u1ea1ng \u0111\u1eb7c bi\u1ec7t. C\u00e1c s\u1ea3n ph\u1ea9m ho\u00e0n thi\u1ec7n kh\u00e1c nhau t\u00f9y theo y\u00eau c\u1ea7u c\u1ee7a kh\u00e1ch h\u00e0ng v\u00e0 \u0111\u01b0\u1ee3c s\u1eed d\u1ee5ng r\u1ed9ng r\u00e3i trong c\u00e1c d\u1ef1 \u00e1n nh\u01b0 c\u1ea7u, h\u1ea7m, t\u00e0u \u0111i\u1ec7n ng\u1ea7m, \u0111\u01b0\u1eddng cao t\u1ed1c, c\u1ea5u tr\u00fac th\u00e9p x\u00e2y d\u1ef1ng, d\u1ea7m nh\u00e0 m\u00e1y, bi\u1ec3n qu\u1ea3ng c\u00e1o, v.v. C\u00e1c h\u00ecnh d\u1ea1ng u\u1ed1n th\u00e9p kh\u00e1c nhau v\u00e0 \u0111\u1ed9 ch\u00ednh x\u00e1c \u0111\u01b0\u1ee3c th\u1ec3 hi\u1ec7n:<\/p>    <figure class=\"wp-block-gallery has-nested-images columns-default is-cropped wp-block-gallery-2 is-layout-flex wp-block-gallery-is-layout-flex\"> <figure class=\"wp-block-image size-large\"><img loading=\"lazy\" decoding=\"async\" width=\"720\" height=\"540\" data-id=\"4167\" src=\"https:\/\/www.baler-machines.com\/wp-content\/uploads\/2025\/03\/end-products-of-I-steel-H-beam-bending-machine.webp\" alt=\"C\u00e1c s\u1ea3n ph\u1ea9m cu\u1ed1i c\u1ee7a m\u00e1y u\u1ed1n th\u00e9p h d\u1ea7m\" class=\"wp-image-4167\" title=\"\" srcset=\"https:\/\/www.baler-machines.com\/wp-content\/uploads\/2025\/03\/end-products-of-I-steel-H-beam-bending-machine.webp 720w, https:\/\/www.baler-machines.com\/wp-content\/uploads\/2025\/03\/end-products-of-I-steel-H-beam-bending-machine-16x12.webp 16w\" sizes=\"auto, (max-width: 720px) 100vw, 720px\" \/><figcaption class=\"wp-element-caption\">C\u00e1c s\u1ea3n ph\u1ea9m cu\u1ed1i c\u1ee7a m\u00e1y u\u1ed1n th\u00e9p h d\u1ea7m<\/figcaption><\/figure>    <figure class=\"wp-block-image size-large\"><img loading=\"lazy\" decoding=\"async\" width=\"720\" height=\"540\" data-id=\"4166\" src=\"https:\/\/www.baler-machines.com\/wp-content\/uploads\/2025\/03\/applications-of-automatic-H-beam-hydraulic-arch-bending-machine.webp\" alt=\"C\u00e1c \u1ee9ng d\u1ee5ng c\u1ee7a m\u00e1y u\u1ed1n cong th\u1ee7y l\u1ef1c H ch\u00f9m H t\u1ef1 \u0111\u1ed9ng\" class=\"wp-image-4166\" title=\"\" srcset=\"https:\/\/www.baler-machines.com\/wp-content\/uploads\/2025\/03\/applications-of-automatic-H-beam-hydraulic-arch-bending-machine.webp 720w, https:\/\/www.baler-machines.com\/wp-content\/uploads\/2025\/03\/applications-of-automatic-H-beam-hydraulic-arch-bending-machine-16x12.webp 16w\" sizes=\"auto, (max-width: 720px) 100vw, 720px\" \/><figcaption class=\"wp-element-caption\">C\u00e1c \u1ee9ng d\u1ee5ng c\u1ee7a m\u00e1y u\u1ed1n cong th\u1ee7y l\u1ef1c H ch\u00f9m H t\u1ef1 \u0111\u1ed9ng<\/figcaption><\/figure> <\/figure>    <h2 class=\"wp-block-heading\"><strong>\u01afu \u0111i\u1ec3m c\u1ee7a m\u00e1y u\u1ed1n cong th\u1ee7y l\u1ef1c<\/strong><\/h2>    <p>V\u1edbi hi\u1ec7u su\u1ea5t m\u1ea1nh m\u1ebd v\u00e0 ho\u1ea1t \u0111\u1ed9ng hi\u1ec7u qu\u1ea3, m\u00e1y u\u1ed1n l\u1ea1nh I-ch\u00f9m \u0111\u00e3 tr\u1edf th\u00e0nh thi\u1ebft b\u1ecb \u01b0a th\u00edch \u0111\u1ec3 x\u1eed l\u00fd u\u1ed1n ch\u00f9m I, l\u1ee3i th\u1ebf ch\u00ednh c\u1ee7a n\u00f3 bao g\u1ed3m:<\/p>    <ul class=\"wp-block-list\"> <li>N\u00f3 ho\u1ea1t \u0111\u1ed9ng b\u1edfi <strong>\u1ed4 \u0111\u0129a th\u1ee7y l\u1ef1c<\/strong> v\u1edbi m\u1ed9t kh\u1ea3 n\u0103ng u\u1ed1n cong m\u1ea1nh m\u1ebd.<\/li>    <li>\u0110\u01b0\u1ee3c trang b\u1ecb m\u1ed9t h\u1ec7 th\u1ed1ng \u0111i\u1ec1u khi\u1ec3n th\u00f4ng minh, m\u00e1y u\u1ed1n l\u1ea1nh I-ch\u00f9m c\u00f3 <strong>Ki\u1ec3m so\u00e1t \u0111\u1ed9 ch\u00ednh x\u00e1c cao v\u1ec1 g\u00f3c u\u1ed1n<\/strong>.<\/li>    <li>C\u00f3 m\u1ed9t <strong>Ph\u1ea1m vi b\u00e1n k\u00ednh u\u1ed1n c\u00f3 th\u1ec3 \u0111i\u1ec1u ch\u1ec9nh l\u00e0 2m<\/strong>.<\/li>    <li><strong>S\u1eed d\u1ee5ng c\u00e1c b\u1ed9 ph\u1eadn b\u1eb1ng th\u00e9p v\u00e0 ch\u00ednh x\u00e1c ch\u1ea5t l\u01b0\u1ee3ng cao<\/strong>, C\u1ea5u tr\u00fac thi\u1ebft b\u1ecb l\u00e0 m\u1ea1nh m\u1ebd v\u00e0 b\u1ec1n b\u1ec9, ph\u00f9 h\u1ee3p \u0111\u1ec3 x\u1eed l\u00fd h\u1ed3 s\u01a1 k\u00edch th\u01b0\u1edbc l\u1edbn v\u00e0 c\u01b0\u1eddng \u0111\u1ed9 cao.<\/li>    <li>H\u1ec7 th\u1ed1ng th\u1ee7y l\u1ef1c ho\u1ea1t \u0111\u1ed9ng \u1ed5n \u0111\u1ecbnh v\u1edbi <strong>Ti\u00eau th\u1ee5 n\u0103ng l\u01b0\u1ee3ng th\u1ea5p<\/strong>, gi\u00fap kh\u00e1ch h\u00e0ng <strong>gi\u1ea3m chi ph\u00ed ho\u1ea1t \u0111\u1ed9ng<\/strong>.<\/li>    <li>V\u1edbi <strong>Thi\u1ebft k\u1ebf \u0111\u01b0\u1ee3c nh\u00e2n b\u1ea3n h\u00f3a v\u00e0 giao di\u1ec7n ho\u1ea1t \u0111\u1ed9ng tr\u1ef1c quan<\/strong>, ngay c\u1ea3 ng\u01b0\u1eddi m\u1edbi c\u0169ng c\u00f3 th\u1ec3 nhanh ch\u00f3ng b\u1eaft \u0111\u1ea7u.<\/li>    <li>M\u00e1y c\u00f3 <strong>C\u00e1c ph\u1ea7n u\u1ed1n kh\u00e1c nhau (khu\u00f4n)<\/strong> \u0111\u1ec3 \u0111\u00e1p \u1ee9ng nhu c\u1ea7u u\u1ed1n th\u00e9p kh\u00e1c nhau.<\/li> <\/ul>    <figure class=\"wp-block-gallery has-nested-images columns-default is-cropped wp-block-gallery-3 is-layout-flex wp-block-gallery-is-layout-flex\"> <figure class=\"wp-block-image size-large\"><img loading=\"lazy\" decoding=\"async\" width=\"720\" height=\"540\" data-id=\"4168\" src=\"https:\/\/www.baler-machines.com\/wp-content\/uploads\/2025\/03\/automatic-H-I-beam-arch-bending-machine.webp\" alt=\"M\u00e1y u\u1ed1n cong v\u00f2m H &amp; I t\u1ef1 \u0111\u1ed9ng\" class=\"wp-image-4168\" title=\"\" srcset=\"https:\/\/www.baler-machines.com\/wp-content\/uploads\/2025\/03\/automatic-H-I-beam-arch-bending-machine.webp 720w, https:\/\/www.baler-machines.com\/wp-content\/uploads\/2025\/03\/automatic-H-I-beam-arch-bending-machine-16x12.webp 16w\" sizes=\"auto, (max-width: 720px) 100vw, 720px\" \/><figcaption class=\"wp-element-caption\">M\u00e1y u\u1ed1n v\u00f2m d\u1ea7m H &amp; I t\u1ef1 \u0111\u1ed9ng<\/figcaption><\/figure>    <figure class=\"wp-block-image size-large\"><img loading=\"lazy\" decoding=\"async\" width=\"720\" height=\"540\" data-id=\"4169\" src=\"https:\/\/www.baler-machines.com\/wp-content\/uploads\/2025\/03\/moulds-of-I-beam-cold-bending-machine.webp\" alt=\"khu\u00f4n c\u1ee7a m\u00e1y u\u1ed1n l\u1ea1nh i-ch\u00f9m\" class=\"wp-image-4169\" title=\"\" srcset=\"https:\/\/www.baler-machines.com\/wp-content\/uploads\/2025\/03\/moulds-of-I-beam-cold-bending-machine.webp 720w, https:\/\/www.baler-machines.com\/wp-content\/uploads\/2025\/03\/moulds-of-I-beam-cold-bending-machine-16x12.webp 16w\" sizes=\"auto, (max-width: 720px) 100vw, 720px\" \/><figcaption class=\"wp-element-caption\">Khu\u00f4n c\u1ee7a m\u00e1y u\u1ed1n l\u1ea1nh i-ch\u00f9m<\/figcaption><\/figure> <\/figure>    <h2 class=\"wp-block-heading\"><strong>C\u00e1c th\u00f4ng s\u1ed1 k\u1ef9 thu\u1eadt c\u1ee7a m\u00e1y u\u1ed1n l\u1ea1nh H &amp; I-Beam<\/strong><\/h2>    <p>C\u00e1c tham s\u1ed1 sau \u0111\u00e2y l\u00e0 \u0111\u1ec3 b\u1ea1n tham kh\u1ea3o khi b\u1ea1n ch\u1ecdn thi\u1ebft b\u1ecb. Th\u00f4ng tin tham s\u1ed1 c\u1ee7a ch\u00fang t\u00f4i bao g\u1ed3m v\u1eadt li\u1ec7u th\u00edch \u1ee9ng, c\u00f4ng su\u1ea5t, k\u00edch th\u01b0\u1edbc m\u00e1y, tr\u1ecdng l\u01b0\u1ee3ng, v.v.<\/p>    <ul class=\"wp-block-list\"> <li><strong>Ph\u1ea1m vi x\u1eed l\u00fd<\/strong>: Tia I-BEAM 25#, th\u00e9p 140h\/14 k\u00eanh, \u1ed1ng tr\u00f2n 150\/150 \u1ed1ng vu\u00f4ng<\/li>    <li><strong>T\u1ed5ng n\u0103ng l\u01b0\u1ee3ng<\/strong>: 3+3+3kW<\/li>    <li><strong>Ph\u1ea1m vi B\u00e1n k\u00ednh u\u1ed1n<\/strong>: 2m<\/li>    <li><strong>\u00c1p su\u1ea5t h\u1ec7 th\u1ed1ng th\u1ee7y l\u1ef1c<\/strong>: 16MPa<\/li>    <li><strong>T\u1ed1c \u0111\u1ed9 b\u00e1nh xe ch\u00ednh<\/strong>: 7,7r\/ph\u00fat<\/li>    <li><strong>Tr\u1ecdng l\u01b0\u1ee3ng m\u00e1y<\/strong>: kho\u1ea3ng 1600kg<\/li>    <li><strong>K\u00edch th\u01b0\u1edbc t\u1ed5ng th\u1ec3<\/strong>: 250*150*80cm<\/li> <\/ul>    <h2 class=\"wp-block-heading\"><strong>L\u00e0m th\u1ebf n\u00e0o v\u1ec1 gi\u00e1 u\u1ed1n cong c\u1ee7a shuliy i-d\u1ea7m?<\/strong><\/h2>    <p>Gi\u00e1 c\u1ee7a m\u00e1y u\u1ed1n ch\u00f9m H\/I c\u1ee7a ch\u00fang t\u00f4i b\u1ecb \u1ea3nh h\u01b0\u1edfng b\u1edfi m\u00f4 h\u00ecnh thi\u1ebft b\u1ecb, c\u1ea5u h\u00ecnh h\u1ec7 th\u1ed1ng th\u1ee7y l\u1ef1c, y\u00eau c\u1ea7u t\u00f9y ch\u1ec9nh, v.v. <\/p>    <ul class=\"wp-block-list\"> <li><strong>Th\u00f4ng s\u1ed1 k\u1ef9 thu\u1eadt thi\u1ebft b\u1ecb<\/strong>: Ph\u1ea1m vi x\u1eed l\u00fd c\u00e0ng l\u1edbn v\u00e0 thi\u1ebft b\u1ecb c\u00e0ng m\u1ea1nh th\u00ec gi\u00e1 c\u00e0ng cao.<\/li>    <li><strong>C\u1ea5p c\u1ea5u h\u00ecnh<\/strong>: Cho d\u00f9 n\u00f3 \u0111\u01b0\u1ee3c trang b\u1ecb h\u1ec7 th\u1ed1ng \u0111i\u1ec1u khi\u1ec3n s\u1ed1 CNC, m\u1ee9c h\u1ec7 th\u1ed1ng th\u1ee7y l\u1ef1c, v.v.<\/li>    <li><strong>Nhu c\u1ea7u t\u00f9y bi\u1ebfn<\/strong>: thi\u1ebft k\u1ebf t\u00f9y ch\u1ec9nh theo nhu c\u1ea7u \u0111\u1eb7c bi\u1ec7t c\u1ee7a kh\u00e1ch h\u00e0ng c\u00f3 th\u1ec3 l\u00e0m t\u0103ng chi ph\u00ed.<\/li> <\/ul>    <p>Shuliy lu\u00f4n tu\u00e2n th\u1ee7 nguy\u00ean t\u1eafc hi\u1ec7u su\u1ea5t chi ph\u00ed cao v\u00e0 cung c\u1ea5p cho kh\u00e1ch h\u00e0ng c\u00e1c thi\u1ebft b\u1ecb ch\u1ea5t l\u01b0\u1ee3ng cao v\u00e0 d\u1ecbch v\u1ee5 ho\u00e0n h\u1ea3o. N\u1ebfu b\u1ea1n c\u1ea7n b\u00e1o gi\u00e1 chi ti\u1ebft, xin vui l\u00f2ng li\u00ean h\u1ec7 v\u1edbi ch\u00fang t\u00f4i v\u00e0 ch\u00fang t\u00f4i s\u1ebd cung c\u1ea5p gi\u1ea3i ph\u00e1p ph\u00f9 h\u1ee3p nh\u1ea5t theo nhu c\u1ea7u c\u1ee7a b\u1ea1n.<\/p>   <div class=\"wp-block-image\"> <figure class=\"aligncenter size-full\"><img loading=\"lazy\" decoding=\"async\" width=\"720\" height=\"540\" src=\"https:\/\/www.baler-machines.com\/wp-content\/uploads\/2025\/03\/special-equipment-for-tunnel-U-beam-arch-support.webp\" alt=\"Thi\u1ebft b\u1ecb \u0111\u1eb7c bi\u1ec7t cho h\u1ed7 tr\u1ee3 v\u00f2m \u0111\u00e8n u-ch\u00f9m tia \u0111\u01b0\u1eddng h\u1ea7m\" class=\"wp-image-4172\" title=\"\" srcset=\"https:\/\/www.baler-machines.com\/wp-content\/uploads\/2025\/03\/special-equipment-for-tunnel-U-beam-arch-support.webp 720w, https:\/\/www.baler-machines.com\/wp-content\/uploads\/2025\/03\/special-equipment-for-tunnel-U-beam-arch-support-16x12.webp 16w\" sizes=\"auto, (max-width: 720px) 100vw, 720px\" \/><figcaption class=\"wp-element-caption\">Thi\u1ebft b\u1ecb \u0111\u1eb7c bi\u1ec7t cho h\u1ed7 tr\u1ee3 v\u00f2m \u0111\u00e8n u-ch\u00f9m tia \u0111\u01b0\u1eddng h\u1ea7m<\/figcaption><\/figure> <\/div>   <h2 class=\"wp-block-heading\"><strong>D\u1ecbch v\u1ee5 v\u1ec1 m\u00e1y u\u1ed1n l\u1ea1nh i-d\u1ea7m th\u1ee7y l\u1ef1c<\/strong><\/h2>    <p>Ch\u00fang t\u00f4i kh\u00f4ng ch\u1ec9 cung c\u1ea5p m\u00e1y u\u1ed1n ch\u00f9m H ch\u1ea5t l\u01b0\u1ee3ng cao m\u00e0 c\u00f2n h\u1ed7 tr\u1ee3 cung c\u1ea5p d\u1ecbch v\u1ee5 h\u1ed7 tr\u1ee3 k\u1ef9 thu\u1eadt ho\u00e0n ch\u1ec9nh v\u00e0 d\u1ecbch v\u1ee5 sau b\u00e1n h\u00e0ng. Ch\u00fang t\u00f4i \u0111\u1ea3m b\u1ea3o r\u1eb1ng m\u1ecdi kh\u00eda c\u1ea1nh c\u1ee7a thi\u1ebft b\u1ecb t\u1eeb mua h\u00e0ng \u0111\u1ebfn s\u1eed d\u1ee5ng \u0111\u1ec1u m\u01b0\u1ee3t m\u00e0 v\u00e0 kh\u00f4ng lo l\u1eafng.<\/p>    <ul class=\"wp-block-list\"> <li><strong>T\u01b0 v\u1ea5n ti\u1ec1n b\u00e1n h\u00e0ng<\/strong>: \u0110\u1ec1 xu\u1ea5t m\u00f4 h\u00ecnh thi\u1ebft b\u1ecb v\u00e0 c\u1ea5u h\u00ecnh ph\u00f9 h\u1ee3p theo nhu c\u1ea7u c\u1ee7a kh\u00e1ch h\u00e0ng.<\/li>    <li><strong>C\u00e0i \u0111\u1eb7t v\u00e0 v\u1eadn h\u00e0nh<\/strong>: Tr\u01b0\u1edbc khi r\u1eddi kh\u1ecfi nh\u00e0 m\u00e1y, c\u00e0i \u0111\u1eb7t v\u00e0 g\u1ee1 l\u1ed7i thi\u1ebft b\u1ecb \u0111\u1ec3 \u0111\u1ea3m b\u1ea3o ho\u1ea1t \u0111\u1ed9ng b\u00ecnh th\u01b0\u1eddng.<\/li>    <li><strong>\u0110\u00e0o t\u1ea1o ho\u1ea1t \u0111\u1ed9ng<\/strong>: Cung c\u1ea5p cho kh\u00e1ch h\u00e0ng \u0111\u00e0o t\u1ea1o ho\u1ea1t \u0111\u1ed9ng chi ti\u1ebft \u0111\u1ec3 gi\u00fap c\u00e1c nh\u00e0 khai th\u00e1c nhanh ch\u00f3ng l\u00e0m ch\u1ee7 vi\u1ec7c s\u1eed d\u1ee5ng thi\u1ebft b\u1ecb.<\/li>    <li><strong>B\u1ea3o tr\u00ec sau b\u00e1n h\u00e0ng<\/strong>: Cung c\u1ea5p h\u1ed7 tr\u1ee3 sau b\u00e1n h\u00e0ng d\u00e0i h\u1ea1n, bao g\u1ed3m b\u1ea3o tr\u00ec th\u01b0\u1eddng xuy\u00ean, x\u1eed l\u00fd s\u1ef1 c\u1ed1 v\u00e0 n\u00e2ng c\u1ea5p k\u1ef9 thu\u1eadt.<\/li>    <li><strong>Ngu\u1ed3n cung c\u1ea5p<\/strong>: \u0110\u1ea3m b\u1ea3o cung c\u1ea5p k\u1ecbp th\u1eddi c\u00e1c b\u1ed9 ph\u1eadn ban \u0111\u1ea7u \u0111\u1ec3 k\u00e9o d\u00e0i tu\u1ed5i th\u1ecd c\u1ee7a thi\u1ebft b\u1ecb.<\/li> <\/ul>    <p>\u0110\u1ed9i ng\u0169 d\u1ecbch v\u1ee5 c\u1ee7a ch\u00fang t\u00f4i \u1edf ch\u1ebf \u0111\u1ed9 ch\u1edd 24 gi\u1edd m\u1ed9t ng\u00e0y \u0111\u1ec3 gi\u1ea3i quy\u1ebft v\u1ea5n \u0111\u1ec1 cho kh\u00e1ch h\u00e0ng v\u00e0 \u0111\u1ea3m b\u1ea3o r\u1eb1ng thi\u1ebft b\u1ecb lu\u00f4n \u1edf trong t\u00ecnh tr\u1ea1ng t\u1ed1t nh\u1ea5t.<\/p>    <figure class=\"wp-block-gallery has-nested-images columns-default is-cropped wp-block-gallery-4 is-layout-flex wp-block-gallery-is-layout-flex\"> <figure class=\"wp-block-image size-large\"><img loading=\"lazy\" decoding=\"async\" width=\"720\" height=\"540\" data-id=\"4170\" src=\"https:\/\/www.baler-machines.com\/wp-content\/uploads\/2025\/03\/hydrualic-arch-bending-machine-for-I-H-beam.webp\" alt=\"M\u00e1y u\u1ed1n cong v\u00f2m hydruaric cho i h Beam\" class=\"wp-image-4170\" title=\"\" srcset=\"https:\/\/www.baler-machines.com\/wp-content\/uploads\/2025\/03\/hydrualic-arch-bending-machine-for-I-H-beam.webp 720w, https:\/\/www.baler-machines.com\/wp-content\/uploads\/2025\/03\/hydrualic-arch-bending-machine-for-I-H-beam-16x12.webp 16w\" sizes=\"auto, (max-width: 720px) 100vw, 720px\" \/><figcaption class=\"wp-element-caption\">M\u00e1y u\u1ed1n cong v\u00f2m hydruaric cho i h Beam<\/figcaption><\/figure>    <figure class=\"wp-block-image size-large\"><img loading=\"lazy\" decoding=\"async\" width=\"720\" height=\"540\" data-id=\"4171\" src=\"https:\/\/www.baler-machines.com\/wp-content\/uploads\/2025\/03\/I-steel-H-beam-bending-machine-from-Shuliy.webp\" alt=\"I Th\u00e9p H Beam Bending Machine t\u1eeb Shuliy\" class=\"wp-image-4171\" title=\"\" srcset=\"https:\/\/www.baler-machines.com\/wp-content\/uploads\/2025\/03\/I-steel-H-beam-bending-machine-from-Shuliy.webp 720w, https:\/\/www.baler-machines.com\/wp-content\/uploads\/2025\/03\/I-steel-H-beam-bending-machine-from-Shuliy-16x12.webp 16w\" sizes=\"auto, (max-width: 720px) 100vw, 720px\" \/><figcaption class=\"wp-element-caption\">I Th\u00e9p H Beam Bending Machine t\u1eeb Shuliy<\/figcaption><\/figure> <\/figure>    <p class=\"translation-block\">L\u00e0 nh\u00e0 s\u1ea3n xu\u1ea5t chuy\u00ean nghi\u1ec7p v\u1ec1 thi\u1ebft b\u1ecb x\u1eed l\u00fd th\u00e9p, ch\u00fang t\u00f4i c\u0169ng c\u00f3 <a href=\"https:\/\/www.baler-machines.com\/vi\/rebar-straightening-machine\/\">m\u00e1y l\u00e0m th\u1eb3ng th\u00e9p<\/a>, <a href=\"https:\/\/www.baler-machines.com\/vi\/cnc-tube-bending-machine\/\">m\u00e1y u\u1ed1n \u1ed1ng<\/a> v\u00e0 m\u00e1y u\u1ed1n v\u00f2ng cho b\u1ea1n l\u1ef1a ch\u1ecdn. \u0110\u1ec3 bi\u1ebft th\u00eam chi ti\u1ebft ho\u1eb7c \u0111\u1ec3 nh\u1eadn b\u00e1o gi\u00e1 m\u1edbi nh\u1ea5t, vui l\u00f2ng li\u00ean h\u1ec7 v\u1edbi ch\u00fang t\u00f4i \u0111\u1ec3 h\u01b0\u1edfng l\u1ee3i cho doanh nghi\u1ec7p <a href=\"https:\/\/en.wikipedia.org\/wiki\/Rebar\" target=\"_blank\" rel=\"noopener\">x\u1eed l\u00fd th\u00e9p<\/a> c\u1ee7a b\u1ea1n!<\/p>","protected":false},"excerpt":{"rendered":"<p>M\u00e1y u\u1ed1n I-beam n\u00e0y \u0111\u01b0\u1ee3c thi\u1ebft k\u1ebf \u0111\u1ec3 u\u1ed1n I-beam, H-beam, th\u00e9p k\u00eanh, \u1ed1ng tr\u00f2n &amp; vu\u00f4ng, v.v. v\u1edbi h\u1ec7 th\u1ed1ng truy\u1ec1n \u0111\u1ed9ng th\u1ee7y l\u1ef1c.<\/p>","protected":false},"author":1,"featured_media":4163,"parent":0,"template":"","tags":[641,643],"product-type":[640],"class_list":["post-4160","product","type-product","status-publish","has-post-thumbnail","hentry","tag-rebar","tag-steel-bar","product-type-rebar-processing-equipment"],"_links":{"self":[{"href":"https:\/\/www.baler-machines.com\/vi\/wp-json\/wp\/v2\/product\/4160","targetHints":{"allow":["GET"]}}],"collection":[{"href":"https:\/\/www.baler-machines.com\/vi\/wp-json\/wp\/v2\/product"}],"about":[{"href":"https:\/\/www.baler-machines.com\/vi\/wp-json\/wp\/v2\/types\/product"}],"author":[{"embeddable":true,"href":"https:\/\/www.baler-machines.com\/vi\/wp-json\/wp\/v2\/users\/1"}],"wp:featuredmedia":[{"embeddable":true,"href":"https:\/\/www.baler-machines.com\/vi\/wp-json\/wp\/v2\/media\/4163"}],"wp:attachment":[{"href":"https:\/\/www.baler-machines.com\/vi\/wp-json\/wp\/v2\/media?parent=4160"}],"wp:term":[{"taxonomy":"post_tag","embeddable":true,"href":"https:\/\/www.baler-machines.com\/vi\/wp-json\/wp\/v2\/tags?post=4160"},{"taxonomy":"product-type","embeddable":true,"href":"https:\/\/www.baler-machines.com\/vi\/wp-json\/wp\/v2\/product-type?post=4160"}],"curies":[{"name":"wp","href":"https:\/\/api.w.org\/{rel}","templated":true}]}}