{"id":4131,"date":"2025-03-11T18:01:41","date_gmt":"2025-03-11T10:01:41","guid":{"rendered":"https:\/\/www.baler-machines.com\/?post_type=product&#038;p=4131"},"modified":"2025-03-12T14:03:14","modified_gmt":"2025-03-12T06:03:14","slug":"cnc-rebar-stirrup-bending-machine","status":"publish","type":"product","link":"https:\/\/www.baler-machines.com\/vi\/cnc-rebar-stirrup-bending-machine\/","title":{"rendered":"M\u00e1y u\u1ed1n c\u00e1nh qu\u1ea1t CNC n\u0103m \u0111\u1ea7u t\u1ef1 \u0111\u1ed9ng ho\u00e0n to\u00e0n t\u1ef1 \u0111\u1ed9ng"},"content":{"rendered":"<p class=\"translation-block\">M\u00e1y u\u1ed1n \u0111ai th\u00e9p Shuliy s\u1eed d\u1ee5ng thi\u1ebft k\u1ebf 5 \u0111\u1ea7u ti\u00ean ti\u1ebfn \u0111\u1ec3 u\u1ed1n th\u00e9p v\u1edbi t\u1ed1c \u0111\u1ed9 1500-2000m m\u1ed7i gi\u1edd th\u00e0nh c\u00e1c h\u00ecnh d\u1ea1ng mong mu\u1ed1n. M\u00e1y c\u00f3 t\u1ed1c \u0111\u1ed9 t\u1ea1o h\u00ecnh l\u00e0 5 gi\u00e2y.<\/p>    <p>M\u00e1y u\u1ed1n thanh th\u00e9p n\u00e0y c\u00f3 h\u1ec7 th\u1ed1ng CNC cho ph\u00e9p \u0111i\u1ec1u ch\u1ec9nh chi\u1ec1u d\u00e0i v\u00e0 g\u00f3c u\u1ed1n c\u1ee7a thanh th\u00e9p gia c\u01b0\u1eddng m\u1ed9t c\u00e1ch t\u1ef1 do. Sai s\u1ed1 g\u00f3c l\u00e0 \u00b1 1\u00b0.<\/p>    <p>Cho d\u00f9 \u0111\u00f3 l\u00e0 m\u1ed9t c\u00f4ng tr\u01b0\u1eddng x\u00e2y d\u1ef1ng, nh\u00e0 m\u00e1y ch\u1ebf bi\u1ebfn th\u00e9p ho\u1eb7c m\u1ed9t d\u1ef1 \u00e1n c\u01a1 s\u1edf h\u1ea1 t\u1ea7ng quy m\u00f4 l\u1edbn, m\u00e1y n\u00e0y c\u00f3 th\u1ec3 cung c\u1ea5p c\u00e1c gi\u1ea3i ph\u00e1p hi\u1ec7u qu\u1ea3 v\u00e0 ch\u00ednh x\u00e1c \u0111\u1ec3 u\u1ed1n cong.<\/p>    <figure class=\"wp-block-embed is-type-video is-provider-youtube wp-block-embed-youtube wp-embed-aspect-16-9 wp-has-aspect-ratio\"><div class=\"wp-block-embed__wrapper\"> <iframe loading=\"lazy\" title=\"L\u00e0m th\u1ebf n\u00e0o \u0111\u1ec3 u\u1ed1n cong c\u1ed1t th\u00e9p v\u1edbi m\u00e1y u\u1ed1n thanh th\u00e9p n\u0103m \u0111\u1ea7u ho\u00e0n to\u00e0n t\u1ef1 \u0111\u1ed9ng?\" width=\"500\" height=\"281\" src=\"https:\/\/www.youtube.com\/embed\/np-546qnCb0?feature=oembed\" frameborder=\"0\" allow=\"accelerometer; autoplay; clipboard-write; encrypted-media; gyroscope; picture-in-picture; web-share\" referrerpolicy=\"strict-origin-when-cross-origin\" allowfullscreen><\/iframe> <\/div><figcaption class=\"wp-element-caption\">M\u00e1y bender cnc crails<\/figcaption><\/figure>    <h2 class=\"wp-block-heading\"><strong>\u01afu \u0111i\u1ec3m c\u1ee7a m\u00e1y u\u1ed1n c\u00e1nh qu\u1ea1t t\u1ef1 \u0111\u1ed9ng<\/strong><\/h2>    <ul class=\"wp-block-list\"> <li><strong>Thi\u1ebft k\u1ebf 5 \u0111\u1ea7u<\/strong>: Thi\u1ebft k\u1ebf n\u00e0y c\u00f3 th\u1ec3 x\u1eed l\u00fd nhi\u1ec1u thanh phi\u1ebfn c\u00f9ng m\u1ed9t l\u00fac, c\u1ea3i thi\u1ec7n \u0111\u00e1ng k\u1ec3 hi\u1ec7u qu\u1ea3 s\u1ea3n xu\u1ea5t.<\/li>    <li><strong>H\u1ec7 th\u1ed1ng CNC<\/strong>: H\u1ec7 th\u1ed1ng ti\u00ean ti\u1ebfn n\u00e0y c\u00f3 th\u1ec3 ki\u1ec3m so\u00e1t ch\u00ednh x\u00e1c k\u00edch th\u01b0\u1edbc v\u00e0 g\u00f3c u\u1ed1n, \u0111\u1ea3m b\u1ea3o \u0111\u1ed9 ch\u00ednh x\u00e1c c\u1ee7a m\u1ed7i l\u1ea7n c\u1ed1t th\u00e9p.<\/li>    <li><strong>Th\u00edch \u1ee9ng v\u1edbi c\u00e1c nhu c\u1ea7u kh\u00e1c nhau c\u1ee7a thanh th\u00e9p<\/strong>: Cho d\u00f9 \u0111\u00f3 l\u00e0 c\u1ed1t th\u00e9p ng\u1eafn hay d\u00e0i, thi\u1ebft b\u1ecb c\u00f3 th\u1ec3 x\u1eed l\u00fd ch\u00ednh x\u00e1c \u0111\u1ec3 \u0111\u00e1p \u1ee9ng c\u00e1c y\u00eau c\u1ea7u x\u1eed l\u00fd c\u1ee7a c\u00e1c d\u1ef1 \u00e1n kh\u00e1c nhau v\u00e0 th\u1ef1c s\u1ef1 \u0111\u1ea1t \u0111\u01b0\u1ee3c s\u1ef1 ngh\u1ec9 ph\u00e9p c\u00e0ng l\u00e2u c\u00e0ng t\u1ed1t, u\u1ed1n cong c\u00e0ng l\u00e2u c\u00e0ng t\u1ed1t.<\/li>    <li><strong>M\u1ed9t lo\u1ea1t c\u00e1c k\u1ecbch b\u1ea3n \u1ee9ng d\u1ee5ng<\/strong>N\u00f3 \u0111\u01b0\u1ee3c s\u1eed d\u1ee5ng r\u1ed9ng r\u00e3i t\u1ea1i c\u00e1c c\u00f4ng tr\u01b0\u1eddng x\u00e2y d\u1ef1ng, nh\u00e0 m\u00e1y gia c\u00f4ng th\u00e9p gia c\u01b0\u1eddng v\u00e0 c\u00e1c d\u1ef1 \u00e1n h\u1ea1 t\u1ea7ng l\u1edbn.<\/li>    <li><strong>S\u1ef1 \u1ed5n \u0111\u1ecbnh v\u00e0 \u0111\u1ed9 b\u1ec1n<\/strong>: S\u1eed d\u1ee5ng hai \u0111\u1ed9ng c\u01a1 v\u00e0 \u0111\u01b0\u1ee3c l\u00e0m b\u1eb1ng v\u1eadt li\u1ec7u c\u01b0\u1eddng \u0111\u1ed9 cao, n\u00f3 c\u00f3 th\u1ec3 ch\u1ea1y \u1ed5n \u0111\u1ecbnh trong m\u1ed9t th\u1eddi gian d\u00e0i, gi\u1ea3m chi ph\u00ed b\u1ea3o tr\u00ec v\u00e0 k\u00e9o d\u00e0i tu\u1ed5i th\u1ecd.<\/li> <\/ul>    <figure class=\"wp-block-gallery has-nested-images columns-default is-cropped wp-block-gallery-2 is-layout-flex wp-block-gallery-is-layout-flex\"> <figure class=\"wp-block-image size-large\"><img loading=\"lazy\" decoding=\"async\" width=\"720\" height=\"540\" data-id=\"4137\" src=\"https:\/\/www.baler-machines.com\/wp-content\/uploads\/2025\/03\/five-heads-for-slab-bar-bending-machine.webp\" alt=\"n\u0103m \u0111\u1ea7u cho m\u00e1y u\u1ed1n thanh t\u1ea5m\" class=\"wp-image-4137\" title=\"\" srcset=\"https:\/\/www.baler-machines.com\/wp-content\/uploads\/2025\/03\/five-heads-for-slab-bar-bending-machine.webp 720w, https:\/\/www.baler-machines.com\/wp-content\/uploads\/2025\/03\/five-heads-for-slab-bar-bending-machine-16x12.webp 16w\" sizes=\"auto, (max-width: 720px) 100vw, 720px\" \/><figcaption class=\"wp-element-caption\">N\u0103m \u0111\u1ea7u cho m\u00e1y u\u1ed1n cong thanh phi\u1ebfn<\/figcaption><\/figure>    <figure class=\"wp-block-image size-large\"><img loading=\"lazy\" decoding=\"async\" width=\"720\" height=\"540\" data-id=\"4138\" src=\"https:\/\/www.baler-machines.com\/wp-content\/uploads\/2025\/03\/PLC-control-panel.webp\" alt=\"B\u1ea3ng \u0111i\u1ec1u khi\u1ec3n PLC\" class=\"wp-image-4138\" title=\"\" srcset=\"https:\/\/www.baler-machines.com\/wp-content\/uploads\/2025\/03\/PLC-control-panel.webp 720w, https:\/\/www.baler-machines.com\/wp-content\/uploads\/2025\/03\/PLC-control-panel-16x12.webp 16w\" sizes=\"auto, (max-width: 720px) 100vw, 720px\" \/><figcaption class=\"wp-element-caption\">B\u1ea3ng \u0111i\u1ec1u khi\u1ec3n PLC<\/figcaption><\/figure>    <figure class=\"wp-block-image size-large\"><img loading=\"lazy\" decoding=\"async\" width=\"720\" height=\"540\" data-id=\"4139\" src=\"https:\/\/www.baler-machines.com\/wp-content\/uploads\/2025\/03\/two-motors-for-rebar-stirrup-bender.webp\" alt=\"hai \u0111\u1ed9ng c\u01a1 cho m\u00e1y u\u1ed1n th\u00e9p\" class=\"wp-image-4139\" title=\"\" srcset=\"https:\/\/www.baler-machines.com\/wp-content\/uploads\/2025\/03\/two-motors-for-rebar-stirrup-bender.webp 720w, https:\/\/www.baler-machines.com\/wp-content\/uploads\/2025\/03\/two-motors-for-rebar-stirrup-bender-16x12.webp 16w\" sizes=\"auto, (max-width: 720px) 100vw, 720px\" \/><figcaption class=\"wp-element-caption\">Hai \u0111\u1ed9ng c\u01a1 cho Bender Bender Bender<\/figcaption><\/figure> <\/figure>    <figure class=\"wp-block-gallery has-nested-images columns-default is-cropped wp-block-gallery-3 is-layout-flex wp-block-gallery-is-layout-flex\"> <figure class=\"wp-block-image size-large\"><img loading=\"lazy\" decoding=\"async\" width=\"720\" height=\"540\" data-id=\"4140\" src=\"https:\/\/www.baler-machines.com\/wp-content\/uploads\/2025\/03\/automatic-stirrup-bending-machine-for-steel-bar.webp\" alt=\"M\u00e1y u\u1ed1n cong t\u1ef1 \u0111\u1ed9ng cho thanh th\u00e9p\" class=\"wp-image-4140\" title=\"\" srcset=\"https:\/\/www.baler-machines.com\/wp-content\/uploads\/2025\/03\/automatic-stirrup-bending-machine-for-steel-bar.webp 720w, https:\/\/www.baler-machines.com\/wp-content\/uploads\/2025\/03\/automatic-stirrup-bending-machine-for-steel-bar-16x12.webp 16w\" sizes=\"auto, (max-width: 720px) 100vw, 720px\" \/><figcaption class=\"wp-element-caption\">M\u00e1y u\u1ed1n cong t\u1ef1 \u0111\u1ed9ng cho thanh th\u00e9p<\/figcaption><\/figure>    <figure class=\"wp-block-image size-large\"><img loading=\"lazy\" decoding=\"async\" width=\"720\" height=\"540\" data-id=\"4141\" src=\"https:\/\/www.baler-machines.com\/wp-content\/uploads\/2025\/03\/CNC-rebar-stirrup-bending-machine-for-reinforcing-bar.webp\" alt=\"CNC M\u00e1y u\u1ed1n cong CNC RE\" class=\"wp-image-4141\" title=\"\" srcset=\"https:\/\/www.baler-machines.com\/wp-content\/uploads\/2025\/03\/CNC-rebar-stirrup-bending-machine-for-reinforcing-bar.webp 720w, https:\/\/www.baler-machines.com\/wp-content\/uploads\/2025\/03\/CNC-rebar-stirrup-bending-machine-for-reinforcing-bar-16x12.webp 16w\" sizes=\"auto, (max-width: 720px) 100vw, 720px\" \/><figcaption class=\"wp-element-caption\">CNC M\u00e1y u\u1ed1n cong CNC RE<\/figcaption><\/figure> <\/figure>    <h2 class=\"wp-block-heading\"><strong>C\u00e1c th\u00f4ng s\u1ed1 k\u1ef9 thu\u1eadt c\u1ee7a m\u00e1y u\u1ed1n CNC Rebar<\/strong><\/h2>    <p>C\u00e1c th\u00f4ng s\u1ed1 k\u1ef9 thu\u1eadt c\u1ee7a m\u00e1y Bender khu\u1ea5y CNC l\u00e0 m\u1ed9t c\u01a1 s\u1edf tham chi\u1ebfu quan tr\u1ecdng \u0111\u1ec3 kh\u00e1ch h\u00e0ng ch\u1ecdn thi\u1ebft b\u1ecb. T\u1eeb d\u1eef li\u1ec7u d\u01b0\u1edbi \u0111\u00e2y, b\u1ea1n c\u00f3 th\u1ec3 bi\u1ebft \u00e1p su\u1ea5t th\u1ee7y l\u1ef1c, t\u1ed1c \u0111\u1ed9 h\u00ecnh th\u00e0nh, l\u1ed7i thi\u00ean th\u1ea7n, v.v. \u0110\u1ed1i v\u1edbi kh\u00e1ch h\u00e0ng c\u00f3 nhu c\u1ea7u \u0111\u1eb7c bi\u1ec7t, ch\u00fang t\u00f4i c\u0169ng cung c\u1ea5p \u0111i\u1ec1u ch\u1ec9nh tham s\u1ed1 t\u00f9y ch\u1ec9nh \u0111\u1ec3 \u0111\u00e1p \u1ee9ng c\u00e1c nhu c\u1ea7u s\u1ea3n xu\u1ea5t u\u1ed1n kh\u00e1c nhau.<\/p>    <ul class=\"wp-block-list\"> <li><strong>\u00c1p su\u1ea5t th\u1ee7y l\u1ef1c<\/strong>: 5-16MPA<\/li>    <li><strong>Ph\u01b0\u01a1ng ph\u00e1p \u0111\u1ecbnh c\u1ee1<\/strong>: Th\u1ee7 c\u00f4ng\/T\u1ef1 \u0111\u1ed9ng<\/li>    <li><strong>N\u0103ng l\u01b0\u1ee3ng m\u00e1y<\/strong>: 8kw<\/li>    <li><strong>\u00c1p su\u1ea5t kh\u00f4ng kh\u00ed<\/strong>: 0,4-0,6MPa<\/li>    <li><strong>T\u1ed1c \u0111\u1ed9 h\u00ecnh th\u00e0nh<\/strong>: 5 gi\u00e2y<\/li>    <li><strong>Kh\u1ea3 n\u0103ng x\u1eed l\u00fd<\/strong>: 1500-2000m\/gi\u1edd<\/li>    <li><strong>Kh\u00f3a \u0111\u1ea7u m\u00e1y<\/strong>: kh\u00f3a th\u1ee7y l\u1ef1c<\/li>    <li><strong>L\u1ed7i g\u00f3c<\/strong>: \u00b1 1 \u00b0<\/li>    <li><strong>Tr\u1ecdng l\u01b0\u1ee3ng m\u00e1y<\/strong>: 1200kg<\/li> <\/ul>   <div class=\"wp-block-image\"> <figure class=\"aligncenter size-full\"><img loading=\"lazy\" decoding=\"async\" width=\"720\" height=\"540\" src=\"https:\/\/www.baler-machines.com\/wp-content\/uploads\/2025\/03\/fully-automatic-CNC-five-head-steel-bar-bending-machine.webp\" alt=\"M\u00e1y u\u1ed1n thanh th\u00e9p n\u0103m \u0111\u1ea7u ho\u00e0n to\u00e0n t\u1ef1 \u0111\u1ed9ng\" class=\"wp-image-4136\" title=\"\" srcset=\"https:\/\/www.baler-machines.com\/wp-content\/uploads\/2025\/03\/fully-automatic-CNC-five-head-steel-bar-bending-machine.webp 720w, https:\/\/www.baler-machines.com\/wp-content\/uploads\/2025\/03\/fully-automatic-CNC-five-head-steel-bar-bending-machine-16x12.webp 16w\" sizes=\"auto, (max-width: 720px) 100vw, 720px\" \/><figcaption class=\"wp-element-caption\">M\u00e1y u\u1ed1n thanh th\u00e9p n\u0103m \u0111\u1ea7u ho\u00e0n to\u00e0n t\u1ef1 \u0111\u1ed9ng<\/figcaption><\/figure> <\/div>   <h2 class=\"wp-block-heading\"><strong>L\u00e0m th\u1ebf n\u00e0o \u0111\u1ec3 m\u00e1y u\u1ed1n thanh thanh ho\u1ea1t \u0111\u1ed9ng\uff1f<\/strong><\/h2>    <p>Nguy\u00ean t\u1eafc l\u00e0m vi\u1ec7c c\u1ee7a m\u00e1y u\u1ed1n cong CNC t\u1ef1 \u0111\u1ed9ng CNC l\u00e0 \u0111\u1eb7t g\u00f3c u\u1ed1n, chi\u1ec1u d\u00e0i v\u00e0 h\u00ecnh d\u1ea1ng th\u00f4ng qua h\u1ec7 th\u1ed1ng CNC, \u0111\u1ecbnh v\u1ecb t\u1ef1 \u0111\u1ed9ng, chi\u1ec1u d\u00e0i c\u1ed1 \u0111\u1ecbnh v\u00e0 kh\u00f3a \u0111\u1ec3 ho\u00e0n th\u00e0nh vi\u1ec7c \u0111\u00fac th\u00e9p. Quy tr\u00ecnh l\u00e0m vi\u1ec7c l\u00e0:<\/p>    <ul class=\"wp-block-list\"> <li><strong>cho \u0103n<\/strong>: Thanh th\u00e9p \u0111i v\u00e0o khu v\u1ef1c x\u1eed l\u00fd th\u00f4ng qua thi\u1ebft b\u1ecb cho \u0103n.<\/li>    <li><strong>\u0110\u1ecbnh v\u1ecb<\/strong>: H\u1ec7 th\u1ed1ng CNC \u0111\u1ecbnh v\u1ecb ch\u00ednh x\u00e1c \u0111\u1ed9 d\u00e0i v\u00e0 v\u1ecb tr\u00ed u\u1ed1n c\u1ee7a thanh c\u1ed1t th\u00e9p theo c\u00e1c tham s\u1ed1 \u0111\u1eb7t tr\u01b0\u1edbc.<\/li>    <li><strong>U\u1ed1n cong<\/strong>: \u0110\u1ea7u u\u1ed1n ho\u00e0n th\u00e0nh h\u00e0nh \u0111\u1ed9ng u\u1ed1n theo h\u01b0\u1edbng d\u1eabn \u0111\u1ec3 \u0111\u1ea3m b\u1ea3o r\u1eb1ng g\u00f3c v\u00e0 h\u00ecnh d\u1ea1ng \u0111\u00e1p \u1ee9ng c\u00e1c y\u00eau c\u1ea7u.<\/li>    <li><strong>X\u1ea3<\/strong>: Thanh th\u00e9p th\u00e0nh ph\u1ea9m c\u1ea7n \u0111\u01b0\u1ee3c l\u1ea5y ra th\u1ee7 c\u00f4ng \u0111\u1ec3 chu\u1ea9n b\u1ecb cho v\u00f2ng x\u1eed l\u00fd ti\u1ebfp theo.<\/li> <\/ul>    <h2 class=\"wp-block-heading\"><strong>Gi\u00e1 m\u00e1y u\u1ed1n \u0111ai th\u00e9p Shuliy l\u00e0 bao nhi\u00eau?<\/strong><\/h2>    <p>Gi\u00e1 c\u1ee7a m\u00e1y u\u1ed1n cong th\u00e9p CNC ph\u1ee5 thu\u1ed9c v\u00e0o m\u1ed9t s\u1ed1 y\u1ebfu t\u1ed1, bao g\u1ed3m v\u1eadt li\u1ec7u thi\u1ebft b\u1ecb, kh\u1ea3 n\u0103ng x\u1eed l\u00fd, m\u1ee9c \u0111\u1ed9 t\u1ef1 \u0111\u1ed9ng h\u00f3a v\u00e0 c\u00e1c t\u00ednh n\u0103ng b\u1ed5 sung. Ch\u00fang t\u00f4i cung c\u1ea5p m\u1ed9t lo\u1ea1t c\u00e1c k\u00edch th\u01b0\u1edbc thi\u1ebft b\u1ecb, t\u1eeb c\u00e1c m\u00e1y u\u1ed1n nh\u1ecf, kinh t\u1ebf \u0111\u1ebfn hi\u1ec7u su\u1ea5t cao, m\u00e1y u\u1ed1n CNC \u0111a ch\u1ee9c n\u0103ng, v\u1edbi ph\u1ea1m vi gi\u00e1 linh ho\u1ea1t.<\/p>    <p>Gi\u00e1 c\u1ee5 th\u1ec3 d\u1ef1a tr\u00ean nhu c\u1ea7u x\u1eed l\u00fd c\u1ee7a kh\u00e1ch h\u00e0ng, s\u1ed1 l\u01b0\u1ee3ng \u0111\u1eb7t h\u00e0ng v\u00e0 y\u00eau c\u1ea7u t\u00f9y ch\u1ec9nh. N\u1ebfu b\u1ea1n c\u1ea7n b\u00e1o gi\u00e1 c\u1ee5 th\u1ec3, b\u1ea1n c\u00f3 th\u1ec3 li\u00ean h\u1ec7 v\u1edbi ch\u00fang t\u00f4i \u0111\u1ec3 \u0111\u01b0\u1ee3c t\u01b0 v\u1ea5n m\u00e1y m\u00f3c ti\u1ebft ki\u1ec7m chi ph\u00ed nh\u1ea5t cho nhu c\u1ea7u s\u1ea3n xu\u1ea5t c\u1ee7a b\u1ea1n.<\/p>   <div class=\"wp-block-image\"> <figure class=\"aligncenter size-full\"><img loading=\"lazy\" decoding=\"async\" width=\"720\" height=\"540\" src=\"https:\/\/www.baler-machines.com\/wp-content\/uploads\/2025\/03\/automatic-rebar-stirrup-bending-machine.webp\" alt=\"M\u00e1y u\u1ed1n cong thanh t\u1ef1 \u0111\u1ed9ng\" class=\"wp-image-4142\" title=\"\" srcset=\"https:\/\/www.baler-machines.com\/wp-content\/uploads\/2025\/03\/automatic-rebar-stirrup-bending-machine.webp 720w, https:\/\/www.baler-machines.com\/wp-content\/uploads\/2025\/03\/automatic-rebar-stirrup-bending-machine-16x12.webp 16w\" sizes=\"auto, (max-width: 720px) 100vw, 720px\" \/><figcaption class=\"wp-element-caption\">M\u00e1y u\u1ed1n cong thanh t\u1ef1 \u0111\u1ed9ng<\/figcaption><\/figure> <\/div>   <h2 class=\"wp-block-heading\"><strong>L\u00e0m th\u1ebf n\u00e0o \u0111\u1ec3 \u0111\u1eb7t m\u1ed9t cnc bender bender t\u1eeb shuliy?<\/strong><\/h2>    <p>\u0110\u1eb7t m\u1ed9t m\u00e1y u\u1ed1n cong c\u1ed1t th\u00e9p r\u1ea5t d\u1ec5 d\u00e0ng! Quy tr\u00ecnh chung l\u00e0:<\/p>    <ol class=\"wp-block-list\"> <li>B\u1ea1n c\u00f3 th\u1ec3 li\u00ean l\u1ea1c v\u1edbi ch\u00fang t\u00f4i th\u00f4ng qua t\u01b0 v\u1ea5n tr\u1ef1c tuy\u1ebfn, \u0111i\u1ec7n tho\u1ea1i ho\u1eb7c email v\u00e0 cho ch\u00fang t\u00f4i bi\u1ebft nhu c\u1ea7u x\u1eed l\u00fd c\u1ee7a b\u1ea1n.<\/li>    <li>Ch\u00fang t\u00f4i s\u1ebd gi\u1edbi thi\u1ec7u m\u00f4 h\u00ecnh ph\u00f9 h\u1ee3p cho b\u1ea1n v\u00e0 cung c\u1ea5p cho b\u1ea1n c\u00e1c th\u00f4ng s\u1ed1, h\u00ecnh \u1ea3nh thi\u1ebft b\u1ecb v\u00e0 video chi ti\u1ebft \u0111\u1ec3 \u0111\u1ea3m b\u1ea3o b\u1ea1n ch\u1ecdn thi\u1ebft b\u1ecb ph\u00f9 h\u1ee3p nh\u1ea5t.<\/li>    <li>Sau khi x\u00e1c nh\u1eadn \u0111\u01a1n \u0111\u1eb7t h\u00e0ng, ch\u00fang t\u00f4i s\u1ebd s\u1eafp x\u1ebfp s\u1ea3n xu\u1ea5t nhanh, \u0111\u00f3ng g\u00f3i v\u00e0 l\u00f4 h\u00e0ng to\u00e0n c\u1ea7u.<\/li>    <li>Khi nh\u1eadn m\u00e1y, ch\u00fang t\u00f4i c\u0169ng cung c\u1ea5p h\u01b0\u1edbng d\u1eabn c\u00e0i \u0111\u1eb7t v\u00e0 d\u1ecbch v\u1ee5 sau b\u00e1n h\u00e0ng \u0111\u1ec3 \u0111\u1ea3m b\u1ea3o s\u1ea3n xu\u1ea5t tr\u01a1n tru c\u1ee7a b\u1ea1n.<\/li> <\/ol>    <figure class=\"wp-block-gallery has-nested-images columns-default is-cropped wp-block-gallery-4 is-layout-flex wp-block-gallery-is-layout-flex\"> <figure class=\"wp-block-image size-large\"><img loading=\"lazy\" decoding=\"async\" width=\"720\" height=\"540\" data-id=\"4145\" src=\"https:\/\/www.baler-machines.com\/wp-content\/uploads\/2025\/03\/automatic-stirrup-bender.webp\" alt=\"Bender khu\u1ea5y t\u1ef1 \u0111\u1ed9ng\" class=\"wp-image-4145\" title=\"\" srcset=\"https:\/\/www.baler-machines.com\/wp-content\/uploads\/2025\/03\/automatic-stirrup-bender.webp 720w, https:\/\/www.baler-machines.com\/wp-content\/uploads\/2025\/03\/automatic-stirrup-bender-16x12.webp 16w\" sizes=\"auto, (max-width: 720px) 100vw, 720px\" \/><figcaption class=\"wp-element-caption\">Bender khu\u1ea5y t\u1ef1 \u0111\u1ed9ng<\/figcaption><\/figure>    <figure class=\"wp-block-image size-large\"><img loading=\"lazy\" decoding=\"async\" width=\"720\" height=\"540\" data-id=\"4146\" src=\"https:\/\/www.baler-machines.com\/wp-content\/uploads\/2025\/03\/stirrup-bar-bending-machine.webp\" alt=\"m\u00e1y u\u1ed1n cong thanh khu\u1ea5y\" class=\"wp-image-4146\" title=\"\" srcset=\"https:\/\/www.baler-machines.com\/wp-content\/uploads\/2025\/03\/stirrup-bar-bending-machine.webp 720w, https:\/\/www.baler-machines.com\/wp-content\/uploads\/2025\/03\/stirrup-bar-bending-machine-16x12.webp 16w\" sizes=\"auto, (max-width: 720px) 100vw, 720px\" \/><figcaption class=\"wp-element-caption\">M\u00e1y u\u1ed1n cong thanh khu\u1ea5y<\/figcaption><\/figure> <\/figure>    <p class=\"translation-block\">Ngo\u00e0i thi\u1ebft b\u1ecb n\u00e0y, ch\u00fang t\u00f4i c\u00f2n c\u00f3 c\u00e1c thi\u1ebft b\u1ecb x\u1eed l\u00fd th\u00e9p kh\u00e1c, ch\u1eb3ng h\u1ea1n nh\u01b0 m\u00e1y du\u1ed7i th\u00e9p, m\u00e1y l\u00e0m \u0111ai th\u00e9p, m\u00e1y u\u1ed1n \u1ed1ng, v.v.<\/p>    <p class=\"translation-block\">Ch\u00e0o m\u1eebng b\u1ea1n li\u00ean h\u1ec7 v\u1edbi ch\u00fang t\u00f4i \u0111\u1ec3 nh\u1eadn b\u00e1o gi\u00e1 chi ti\u1ebft v\u00e0 h\u1ed7 tr\u1ee3 k\u1ef9 thu\u1eadt cho vi\u1ec7c gia c\u00f4ng th\u00e9p c\u1ee7a b\u1ea1n!<\/p>","protected":false},"excerpt":{"rendered":"<p>M\u00e1y u\u1ed1n cong c\u1ee7a Shuliy Rebar \u00e1p d\u1ee5ng thi\u1ebft k\u1ebf 5 \u0111\u1ea7u ti\u00ean ti\u1ebfn \u0111\u1ec3 u\u1ed1n cong c\u00e1c thanh th\u00e9p l\u00e0 1500-2000m m\u1ed7i gi\u1edd th\u00e0nh c\u00e1c h\u00ecnh d\u1ea1ng mong mu\u1ed1n \u0111\u1ec3 s\u1eed d\u1ee5ng.<\/p>","protected":false},"author":1,"featured_media":4134,"parent":0,"template":"","tags":[641,643],"product-type":[640],"class_list":["post-4131","product","type-product","status-publish","has-post-thumbnail","hentry","tag-rebar","tag-steel-bar","product-type-rebar-processing-equipment"],"_links":{"self":[{"href":"https:\/\/www.baler-machines.com\/vi\/wp-json\/wp\/v2\/product\/4131","targetHints":{"allow":["GET"]}}],"collection":[{"href":"https:\/\/www.baler-machines.com\/vi\/wp-json\/wp\/v2\/product"}],"about":[{"href":"https:\/\/www.baler-machines.com\/vi\/wp-json\/wp\/v2\/types\/product"}],"author":[{"embeddable":true,"href":"https:\/\/www.baler-machines.com\/vi\/wp-json\/wp\/v2\/users\/1"}],"wp:featuredmedia":[{"embeddable":true,"href":"https:\/\/www.baler-machines.com\/vi\/wp-json\/wp\/v2\/media\/4134"}],"wp:attachment":[{"href":"https:\/\/www.baler-machines.com\/vi\/wp-json\/wp\/v2\/media?parent=4131"}],"wp:term":[{"taxonomy":"post_tag","embeddable":true,"href":"https:\/\/www.baler-machines.com\/vi\/wp-json\/wp\/v2\/tags?post=4131"},{"taxonomy":"product-type","embeddable":true,"href":"https:\/\/www.baler-machines.com\/vi\/wp-json\/wp\/v2\/product-type?post=4131"}],"curies":[{"name":"wp","href":"https:\/\/api.w.org\/{rel}","templated":true}]}}