{"id":4115,"date":"2025-03-07T17:47:58","date_gmt":"2025-03-07T09:47:58","guid":{"rendered":"https:\/\/www.baler-machines.com\/?post_type=product&#038;p=4115"},"modified":"2025-03-10T11:02:55","modified_gmt":"2025-03-10T03:02:55","slug":"cnc-tube-bending-machine","status":"publish","type":"product","link":"https:\/\/www.baler-machines.com\/vi\/cnc-tube-bending-machine\/","title":{"rendered":"M\u00e1y u\u1ed1n \u1ed1ng CNC cho \u1ed1ng th\u00e9p \u0111\u1ed3ng"},"content":{"rendered":"<p class=\"translation-block\">M\u00e1y u\u1ed1n \u1ed1ng <strong>CNC Shuliy<\/strong> ch\u1ee7 y\u1ebfu \u0111\u01b0\u1ee3c s\u1eed d\u1ee5ng \u0111\u1ec3 u\u1ed1n \u1ed1ng th\u00e9p vu\u00f4ng ho\u1eb7c tr\u00f2n th\u00e0nh h\u00ecnh d\u1ea1ng mong mu\u1ed1n. Ph\u1ea1m vi u\u1ed1n l\u00e0 10-100mm. Ph\u1ea1m vi g\u00f3c l\u00e0 0-180 \u0111\u1ed9.<\/p>    <p>Thi\u1ebft b\u1ecb n\u00e0y \u0111\u1eb7c bi\u1ec7t ph\u00f9 h\u1ee3p \u0111\u1ec3 x\u1eed l\u00fd \u0111\u01b0\u1eddng \u1ed1ng l\u1edbn, c\u00f3 \u0111\u1ed9 ch\u00ednh x\u00e1c cao, nh\u01b0 s\u1ea3n xu\u1ea5t \u00f4 t\u00f4, \u0111\u1ed3 n\u1ed9i th\u1ea5t, thi\u1ebft b\u1ecb th\u1ec3 d\u1ee5c v\u00e0 c\u00e1c ng\u00e0nh c\u00f4ng nghi\u1ec7p kh\u00e1c, \u0111\u1ec3 c\u1ea3i thi\u1ec7n hi\u1ec7u qu\u1ea3 s\u1ea3n xu\u1ea5t v\u00e0 gi\u1ea3m chi ph\u00ed lao \u0111\u1ed9ng. Th\u00fa v\u1ecb? N\u1ebfu c\u00f3, h\u00e3y \u0111\u1ebfn v\u00e0 li\u00ean h\u1ec7 v\u1edbi ch\u00fang t\u00f4i ngay b\u00e2y gi\u1edd \u0111\u1ec3 bi\u1ebft th\u00eam th\u00f4ng tin!<\/p>    <figure class=\"wp-block-embed is-type-video is-provider-youtube wp-block-embed-youtube wp-embed-aspect-16-9 wp-has-aspect-ratio\"><div class=\"wp-block-embed__wrapper\"> <iframe loading=\"lazy\" title=\"M\u00e1y u\u1ed1n \u1ed1ng CNC ho\u00e0n to\u00e0n t\u1ef1 \u0111\u1ed9ng\" width=\"500\" height=\"281\" src=\"https:\/\/www.youtube.com\/embed\/Qc1jzhhx5Uw?feature=oembed\" frameborder=\"0\" allow=\"accelerometer; autoplay; clipboard-write; encrypted-media; gyroscope; picture-in-picture; web-share\" referrerpolicy=\"strict-origin-when-cross-origin\" allowfullscreen><\/iframe> <\/div><figcaption class=\"wp-element-caption\">M\u00e1y u\u1ed1n \u1ed1ng d\u00e2y<\/figcaption><\/figure>    <h2 class=\"wp-block-heading\"><strong>Th\u00e0nh ph\u1ea9m v\u00e0 \u1ee9ng d\u1ee5ng c\u1ee7a m\u00e1y u\u1ed1n \u1ed1ng CNC<\/strong><\/h2>    <p>M\u00e1y u\u1ed1n \u1ed1ng CNC Square c\u1ee7a ch\u00fang t\u00f4i c\u00f3 th\u1ec3 u\u1ed1n cong c\u00e1c \u1ed1ng th\u00e9p kh\u00e1c nhau th\u00e0nh h\u00ecnh d\u1ea1ng mong mu\u1ed1n. C\u00e1c s\u1ea3n ph\u1ea9m cu\u1ed1i c\u00f9ng \u0111\u01b0\u1ee3c hi\u1ec3n th\u1ecb d\u01b0\u1edbi \u0111\u00e2y \u0111\u1ec3 b\u1ea1n tham kh\u1ea3o.<\/p>    <p class=\"translation-block\">C\u00e1c s\u1ea3n ph\u1ea9m ho\u00e0n thi\u1ec7n \u0111\u01b0\u1ee3c s\u1eed d\u1ee5ng r\u1ed9ng r\u00e3i trong <strong>s\u1ea3n xu\u1ea5t \u00f4 t\u00f4 &amp; xe m\u00e1y<\/strong> <strong>s\u1ea3n xu\u1ea5t, h\u00e0ng kh\u00f4ng v\u0169 tr\u1ee5, s\u1ea3n xu\u1ea5t \u0111\u1ed3 n\u1ed9i th\u1ea5t, thi\u1ebft b\u1ecb th\u1ec3 d\u1ee5c, t\u00e0u th\u1ee7y, h\u00f3a d\u1ea7u, \u0111i\u1ec7n, kh\u00ed t\u1ef1 nhi\u00ean, ng\u00e0nh c\u00f4ng nghi\u1ec7p h\u1ea1t nh\u00e2n, n\u1ed3i h\u01a1i, ph\u01b0\u01a1ng ti\u1ec7n, \u0111i\u1ec1u h\u00f2a kh\u00f4ng kh\u00ed v\u00e0 l\u00e0m l\u1ea1nh, h\u00e0ng th\u1ec3 thao<\/strong>, <strong>trang tr\u00ed x\u00e2y d\u1ef1ng, h\u00f3a d\u1ea7u<\/strong> v\u00e0 c\u00e1c ng\u00e0nh kh\u00e1c.<\/p>    <figure class=\"wp-block-gallery has-nested-images columns-default is-cropped wp-block-gallery-2 is-layout-flex wp-block-gallery-is-layout-flex\"> <figure class=\"wp-block-image size-large\"><img loading=\"lazy\" decoding=\"async\" width=\"540\" height=\"720\" data-id=\"4121\" src=\"https:\/\/www.baler-machines.com\/wp-content\/uploads\/2025\/03\/end-products-of-CNC-tube-bending-machine.webp\" alt=\"s\u1ea3n ph\u1ea9m cu\u1ed1i c\u1ee7a m\u00e1y u\u1ed1n \u1ed1ng CNC\" class=\"wp-image-4121\" title=\"\" srcset=\"https:\/\/www.baler-machines.com\/wp-content\/uploads\/2025\/03\/end-products-of-CNC-tube-bending-machine.webp 540w, https:\/\/www.baler-machines.com\/wp-content\/uploads\/2025\/03\/end-products-of-CNC-tube-bending-machine-9x12.webp 9w\" sizes=\"auto, (max-width: 540px) 100vw, 540px\" \/><figcaption class=\"wp-element-caption\">S\u1ea3n ph\u1ea9m cu\u1ed1i c\u1ee7a m\u00e1y u\u1ed1n \u1ed1ng CNC<\/figcaption><\/figure>    <figure class=\"wp-block-image size-large\"><img loading=\"lazy\" decoding=\"async\" width=\"540\" height=\"720\" data-id=\"4120\" src=\"https:\/\/www.baler-machines.com\/wp-content\/uploads\/2025\/03\/applications-of-end-products.webp\" alt=\"\u1ee9ng d\u1ee5ng c\u1ee7a s\u1ea3n ph\u1ea9m cu\u1ed1i\" class=\"wp-image-4120\" title=\"\" srcset=\"https:\/\/www.baler-machines.com\/wp-content\/uploads\/2025\/03\/applications-of-end-products.webp 540w, https:\/\/www.baler-machines.com\/wp-content\/uploads\/2025\/03\/applications-of-end-products-9x12.webp 9w\" sizes=\"auto, (max-width: 540px) 100vw, 540px\" \/><figcaption class=\"wp-element-caption\">\u1ee8ng d\u1ee5ng c\u1ee7a s\u1ea3n ph\u1ea9m cu\u1ed1i c\u00f9ng<\/figcaption><\/figure> <\/figure>    <h2 class=\"wp-block-heading\"><strong>\u01afu \u0111i\u1ec3m c\u1ee7a m\u00e1y Bender \u1ed1ng CNC<\/strong><\/h2>    <ul class=\"wp-block-list\"> <li>Thi\u1ebft b\u1ecb u\u1ed1n \u1ed1ng CNC c\u00f3 <strong>Ph\u1ea1m vi u\u1ed1n 10-100mm<\/strong> v\u00e0 m\u1ed9t <strong>Ph\u1ea1m vi g\u00f3c 0-180mm<\/strong>, l\u00e0m cho c\u00e1c \u1ed1ng th\u00e9p u\u1ed1n cong th\u00e0nh c\u00e1c h\u00ecnh d\u1ea1ng mong mu\u1ed1n kh\u00e1c nhau.<\/li>    <li>M\u00e1y u\u1ed1n \u1ed1ng CNC c\u1ee7a ch\u00fang t\u00f4i <strong>\u00e1p d\u1ee5ng h\u1ec7 th\u1ed1ng CNC<\/strong>, \u0111\u1ea3m b\u1ea3o u\u1ed1n cong ch\u00ednh x\u00e1c c\u1ee7a nhi\u1ec1u g\u00f3c v\u00e0 b\u00e1n k\u00ednh v\u00e0 gi\u1ea3m ch\u1ea5t th\u1ea3i v\u1eadt li\u1ec7u.<\/li>    <li>N\u00f3 s\u1eed d\u1ee5ng m\u1ed9t <strong>H\u1ec7 th\u1ed1ng truy\u1ec1n \u0111\u1ed9ng th\u1ee7y l\u1ef1c ti\u00ean ti\u1ebfn<\/strong>, l\u00e0m cho ho\u1ea1t \u0111\u1ed9ng \u1ed5n \u0111\u1ecbnh h\u01a1n v\u00e0 chi ph\u00ed b\u1ea3o tr\u00ec th\u1ea5p h\u01a1n.<\/li>    <li>S\u1ea3n ph\u1ea9m cu\u1ed1i c\u00f9ng c\u1ee7a n\u00f3 c\u00f3 <strong>\u1ee9ng d\u1ee5ng r\u1ed9ng<\/strong>, ch\u1eb3ng h\u1ea1n nh\u01b0 h\u00e0ng kh\u00f4ng v\u0169 tr\u1ee5, thi\u1ebft b\u1ecb th\u1ec3 d\u1ee5c, t\u00e0u, v.v.<\/li> <\/ul>   <div class=\"wp-block-image\"> <figure class=\"aligncenter size-full\"><img loading=\"lazy\" decoding=\"async\" width=\"720\" height=\"540\" src=\"https:\/\/www.baler-machines.com\/wp-content\/uploads\/2025\/03\/CNC-pipe-bending-machine-for-round-tubes.webp\" alt=\"M\u00e1y u\u1ed1n \u1ed1ng CNC cho \u1ed1ng tr\u00f2n\" class=\"wp-image-4122\" title=\"\" srcset=\"https:\/\/www.baler-machines.com\/wp-content\/uploads\/2025\/03\/CNC-pipe-bending-machine-for-round-tubes.webp 720w, https:\/\/www.baler-machines.com\/wp-content\/uploads\/2025\/03\/CNC-pipe-bending-machine-for-round-tubes-16x12.webp 16w\" sizes=\"auto, (max-width: 720px) 100vw, 720px\" \/><figcaption class=\"wp-element-caption\">M\u00e1y u\u1ed1n \u1ed1ng CNC cho \u1ed1ng tr\u00f2n<\/figcaption><\/figure> <\/div>   <h2 class=\"wp-block-heading\"><strong>C\u00e1c th\u00f4ng s\u1ed1 k\u1ef9 thu\u1eadt c\u1ee7a m\u00e1y u\u1ed1n \u1ed1ng CNC<\/strong><\/h2>    <p class=\"translation-block\"><strong>C\u00e1c th\u00f4ng s\u1ed1 c\u1ee7a m\u00e1y u\u1ed1n \u1ed1ng c\u00f3 \u0111\u1ea7u khu\u00f4n<\/strong><\/p>    <figure class=\"wp-block-table\"><table><tbody><tr><td>Ki\u1ec3u<\/td><td>M\u00f4 h\u00ecnh 38<\/td><td>M\u00f4 h\u00ecnh 51<\/td><td>M\u00f4 h\u00ecnh 76<\/td><td>M\u00f4 h\u00ecnh 100<\/td><\/tr><tr><td>Ph\u1ea1m vi u\u1ed1n (mm)<\/td><td>10-24<\/td><td>20-51<\/td><td>30-76<\/td><td>40-100<\/td><\/tr><tr><td>Ph\u1ea1m vi g\u00f3c (\u0111\u1ed9)<\/td><td>0-180 <\/td><td>0-180<\/td><td>0-180<\/td><td>0-180<\/td><\/tr><tr><td>T\u1ed1c \u0111\u1ed9 ch\u00ednh (RPM)<\/td><td>20<\/td><td>20<\/td><td>16<\/td><td>16<\/td><\/tr><tr><td>K\u00edch th\u01b0\u1edbc m\u00e1y (mm)<\/td><td>800*650*900<\/td><td>850*700*930<\/td><td>940*780*960<\/td><td>1020*800*960<\/td><\/tr><tr><td>Y\u00eau c\u1ea7u \u0111\u1ed9 d\u00e0y t\u01b0\u1eddng (mm)<\/td><td>1-3<\/td><td>1-4<\/td><td>1-5<\/td><td>2-6<\/td><\/tr><tr><td>C\u00f4ng su\u1ea5t \u0111\u1ed9ng c\u01a1<\/td><td>3kW 4 c\u1ef1c<br>(Ti\u00eau chu\u1ea9n qu\u1ed1c gia)<\/td><td>3kW 4 c\u1ef1c<br>(Ti\u00eau chu\u1ea9n qu\u1ed1c gia)<\/td><td>4kW 6 c\u1ef1c<br>(Ti\u00eau chu\u1ea9n qu\u1ed1c gia)<\/td><td>5,5kW 6 c\u1ef1c<br>(Ti\u00eau chu\u1ea9n qu\u1ed1c gia)<\/td><\/tr><tr><td>\u0110i\u1ec7n \u00e1p \u0111\u1ea7u v\u00e0o<\/td><td>3 pha 380V<\/td><td>3 pha 380V<\/td><td>3 pha 380V<\/td><td>3 pha 380V<\/td><\/tr><tr><td>Tr\u1ecdng l\u01b0\u1ee3ng m\u00e1y (kg)<\/td><td>230<\/td><td>260<\/td><td>290<\/td><td>360<\/td><\/tr><\/tbody><\/table><figcaption class=\"wp-element-caption\">Th\u00f4ng s\u1ed1 k\u1ef9 thu\u1eadt c\u1ee7a m\u00e1y Bender \u1ed1ng<\/figcaption><\/figure>    <p class=\"translation-block\"><strong>C\u00e1c th\u00f4ng s\u1ed1 c\u1ee7a m\u00e1y u\u1ed1n \u1ed1ng CNC<\/strong><\/p>    <figure class=\"wp-block-table\"><table><tbody><tr><td>Ki\u1ec3u<\/td><td>M\u00f4 h\u00ecnh-5 CNC th\u1ee7y l\u1ef1c<\/td><td>M\u00f4 h\u00ecnh-9 CNC th\u1ee7y l\u1ef1c<\/td><td>M\u00f4 h\u00ecnh-11 CNC th\u1ee7y l\u1ef1c<\/td><\/tr><tr><td>\u0110\u01b0\u1eddng k\u00ednh thanh th\u00e9p (mm)<\/td><td>4-28<\/td><td>4-32<\/td><td>4-36<\/td><\/tr><tr><td>\u0110\u01b0\u1eddng k\u00ednh \u1ed1ng tr\u00f2n (mm)<\/td><td>10-50<\/td><td>10-60<\/td><td>10-60<\/td><\/tr><tr><td>\u0110\u01b0\u1eddng k\u00ednh \u1ed1ng h\u00ecnh b\u1ea7u d\u1ee5c (mm)<\/td><td>30*80<\/td><td>30*80<\/td><td>30*80<\/td><\/tr><tr><td>Tr\u1ecdng l\u01b0\u1ee3ng m\u00e1y (kg)<\/td><td>700<\/td><td>900<\/td><td>1050<\/td><\/tr><tr><td>C\u00f4ng su\u1ea5t \u0111\u1ed9ng c\u01a1 th\u1ee7y l\u1ef1c (KW)<\/td><td>3<\/td><td>3.8<\/td><td>5.5<\/td><\/tr><tr><td>T\u1ed1c \u0111\u1ed9 di chuy\u1ec3n (M\/ph\u00fat)<\/td><td>12<\/td><td>12<\/td><td>12<\/td><\/tr><tr><td>\u0110\u1ed9ng c\u01a1 du l\u1ecbch (KW)<\/td><td>4<\/td><td>4<\/td><td>4<\/td><\/tr><tr><td>K\u00edch th\u01b0\u1edbc t\u1ed5ng th\u1ec3 (mm)<\/td><td>1100*1500*1200<\/td><td>1100*1800*1200<\/td><td>1100*1800*1200<\/td><\/tr><\/tbody><\/table><figcaption class=\"wp-element-caption\">Th\u00f4ng s\u1ed1 k\u1ef9 thu\u1eadt c\u1ee7a m\u00e1y cu\u1ed9n \u1ed1ng CNC<\/figcaption><\/figure>    <h2 class=\"wp-block-heading\"><strong>L\u00e0m th\u1ebf n\u00e0o \u0111\u1ec3 m\u00e1y u\u1ed1n \u1ed1ng CNC ho\u1ea1t \u0111\u1ed9ng?<\/strong><\/h2>    <p>M\u00e1y cu\u1ed9n \u1ed1ng CNC n\u00e0y \u0111i\u1ec1u khi\u1ec3n ch\u00ednh x\u00e1c qu\u00e1 tr\u00ecnh u\u1ed1n \u1ed1ng th\u00f4ng qua h\u1ec7 th\u1ed1ng CNC \u0111\u1ec3 \u0111\u1ea1t \u0111\u01b0\u1ee3c \u0111\u1ed9 ch\u00ednh x\u00e1c cao v\u00e0 hi\u1ec7u qu\u1ea3 cao. <\/p>    <p>\u0110\u1ea7u ti\u00ean, to\u00e1n t\u1eed \u0111\u1eb7t g\u00f3c u\u1ed1n, b\u00e1n k\u00ednh, t\u1ed1c \u0111\u1ed9 u\u1ed1n v\u00e0 c\u00e1c tham s\u1ed1 kh\u00e1c tr\u00ean b\u1ea3ng \u0111i\u1ec1u khi\u1ec3n. <\/p>    <p>Sau \u0111\u00f3, c\u01a1 ch\u1ebf cho \u0103n c\u1ee7a thi\u1ebft b\u1ecb \u0111\u01b0a \u0111\u01b0\u1eddng \u1ed1ng v\u00e0o khu\u00f4n u\u1ed1n, h\u1ec7 th\u1ed1ng k\u1eb9p c\u1ed1 \u0111\u1ecbnh \u0111\u01b0\u1eddng \u1ed1ng v\u00e0 thi\u1ebft b\u1ecb truy\u1ec1n \u0111\u1ed9ng th\u1ee7y l\u1ef1c \u0111\u1ea9y c\u00e1nh tay u\u1ed1n cong u\u1ed1n cong \u1edf g\u00f3c \u0111\u1eb7t.<\/p>    <p>To\u00e0n b\u1ed9 qu\u00e1 tr\u00ecnh \u0111\u01b0\u1ee3c ki\u1ec3m so\u00e1t ch\u00ednh x\u00e1c b\u1edfi ch\u01b0\u01a1ng tr\u00ecnh CNC \u0111\u1ec3 \u0111\u1ea3m b\u1ea3o t\u00ednh nh\u1ea5t qu\u00e1n c\u1ee7a t\u1eebng \u0111i\u1ec3m u\u1ed1n v\u00e0 gi\u1ea3m l\u1ed7i v\u00e0 ch\u1ea5t th\u1ea3i v\u1eadt li\u1ec7u.<\/p>    <figure class=\"wp-block-gallery has-nested-images columns-default is-cropped wp-block-gallery-3 is-layout-flex wp-block-gallery-is-layout-flex\"> <figure class=\"wp-block-image size-large\"><img loading=\"lazy\" decoding=\"async\" width=\"720\" height=\"540\" data-id=\"4126\" src=\"https:\/\/www.baler-machines.com\/wp-content\/uploads\/2025\/03\/CNC-tube-coiling-machine.webp\" alt=\"M\u00e1y cu\u1ed9n \u1ed1ng CNC\" class=\"wp-image-4126\" title=\"\" srcset=\"https:\/\/www.baler-machines.com\/wp-content\/uploads\/2025\/03\/CNC-tube-coiling-machine.webp 720w, https:\/\/www.baler-machines.com\/wp-content\/uploads\/2025\/03\/CNC-tube-coiling-machine-16x12.webp 16w\" sizes=\"auto, (max-width: 720px) 100vw, 720px\" \/><figcaption class=\"wp-element-caption\">M\u00e1y cu\u1ed9n \u1ed1ng CNC<\/figcaption><\/figure>    <figure class=\"wp-block-image size-large\"><img loading=\"lazy\" decoding=\"async\" width=\"720\" height=\"540\" data-id=\"4127\" src=\"https:\/\/www.baler-machines.com\/wp-content\/uploads\/2025\/03\/CNC-pipe-bender-machine-for-steel-processing.webp\" alt=\"M\u00e1y Bender \u1ed1ng CNC \u0111\u1ec3 ch\u1ebf bi\u1ebfn th\u00e9p\" class=\"wp-image-4127\" title=\"\" srcset=\"https:\/\/www.baler-machines.com\/wp-content\/uploads\/2025\/03\/CNC-pipe-bender-machine-for-steel-processing.webp 720w, https:\/\/www.baler-machines.com\/wp-content\/uploads\/2025\/03\/CNC-pipe-bender-machine-for-steel-processing-16x12.webp 16w\" sizes=\"auto, (max-width: 720px) 100vw, 720px\" \/><figcaption class=\"wp-element-caption\">M\u00e1y Bender \u1ed1ng CNC \u0111\u1ec3 ch\u1ebf bi\u1ebfn th\u00e9p<\/figcaption><\/figure> <\/figure>    <h2 class=\"wp-block-heading\"><strong>M\u00e1y u\u1ed1n \u1ed1ng Shuliy CNC c\u00f3 gi\u00e1 bao nhi\u00eau?<\/strong><\/h2>    <p>Gi\u00e1 c\u1ee7a CNC \u1ed1ng Bender b\u1ecb \u1ea3nh h\u01b0\u1edfng b\u1edfi m\u1ed9t lo\u1ea1t c\u00e1c y\u1ebfu t\u1ed1, ch\u1eb3ng h\u1ea1n nh\u01b0 m\u00f4 h\u00ecnh thi\u1ebft b\u1ecb, kh\u1ea3 n\u0103ng x\u1eed l\u00fd, h\u1ec7 th\u1ed1ng \u0111i\u1ec1u khi\u1ec3n, th\u01b0\u01a1ng hi\u1ec7u v\u00e0 c\u00e1c t\u00ednh n\u0103ng b\u1ed5 sung. N\u00f3i chung, gi\u00e1 c\u1ee7a m\u00e1y u\u1ed1n \u1ed1ng CNC c\u01a1 b\u1ea3n l\u00e0 kinh t\u1ebf h\u01a1n, trong khi gi\u00e1 c\u1ee7a thi\u1ebft b\u1ecb c\u1ea5u h\u00ecnh cao c\u1ea5p cao h\u01a1n. <\/p>    <p>\u0110\u1ec3 c\u00f3 \u0111\u01b0\u1ee3c b\u00e1o gi\u00e1 thi\u1ebft b\u1ecb ph\u00f9 h\u1ee3p nh\u1ea5t, ch\u00fang t\u00f4i khuy\u00ean kh\u00e1ch h\u00e0ng cung c\u1ea5p nhu c\u1ea7u x\u1eed l\u00fd c\u1ee5 th\u1ec3, \u0111\u1ec3 ch\u00fang t\u00f4i c\u00f3 th\u1ec3 gi\u1edbi thi\u1ec7u m\u00f4 h\u00ecnh t\u1ed1t nh\u1ea5t cho b\u1ea1n.<\/p>    <figure class=\"wp-block-gallery has-nested-images columns-default is-cropped wp-block-gallery-4 is-layout-flex wp-block-gallery-is-layout-flex\"> <figure class=\"wp-block-image size-large\"><img loading=\"lazy\" decoding=\"async\" width=\"720\" height=\"540\" data-id=\"4123\" src=\"https:\/\/www.baler-machines.com\/wp-content\/uploads\/2025\/03\/CNC-copper-tube-bending-machine-in-the-factory.webp\" alt=\"M\u00e1y u\u1ed1n \u1ed1ng \u0111\u1ed3ng CNC trong nh\u00e0 m\u00e1y\" class=\"wp-image-4123\" title=\"\" srcset=\"https:\/\/www.baler-machines.com\/wp-content\/uploads\/2025\/03\/CNC-copper-tube-bending-machine-in-the-factory.webp 720w, https:\/\/www.baler-machines.com\/wp-content\/uploads\/2025\/03\/CNC-copper-tube-bending-machine-in-the-factory-16x12.webp 16w\" sizes=\"auto, (max-width: 720px) 100vw, 720px\" \/><figcaption class=\"wp-element-caption\">M\u00e1y u\u1ed1n \u1ed1ng \u0111\u1ed3ng CNC trong nh\u00e0 m\u00e1y<\/figcaption><\/figure>    <figure class=\"wp-block-image size-large\"><img loading=\"lazy\" decoding=\"async\" width=\"720\" height=\"540\" data-id=\"4124\" src=\"https:\/\/www.baler-machines.com\/wp-content\/uploads\/2025\/03\/manufactured-CNC-hydraulic-pipe-bending-machine.webp\" alt=\"s\u1ea3n xu\u1ea5t m\u00e1y u\u1ed1n \u1ed1ng th\u1ee7y l\u1ef1c CNC\" class=\"wp-image-4124\" title=\"\" srcset=\"https:\/\/www.baler-machines.com\/wp-content\/uploads\/2025\/03\/manufactured-CNC-hydraulic-pipe-bending-machine.webp 720w, https:\/\/www.baler-machines.com\/wp-content\/uploads\/2025\/03\/manufactured-CNC-hydraulic-pipe-bending-machine-16x12.webp 16w\" sizes=\"auto, (max-width: 720px) 100vw, 720px\" \/><figcaption class=\"wp-element-caption\">S\u1ea3n xu\u1ea5t m\u00e1y u\u1ed1n \u1ed1ng th\u1ee7y l\u1ef1c CNC<\/figcaption><\/figure> <\/figure>    <h2 class=\"wp-block-heading\"><strong>L\u00e0m th\u1ebf n\u00e0o \u0111\u1ec3 ch\u1ecdn nh\u00e0 s\u1ea3n xu\u1ea5t m\u00e1y u\u1ed1n \u1ed1ng CNC ph\u00f9 h\u1ee3p?<\/strong><\/h2>    <p>Ch\u1ecdn \u0111\u00fang nh\u00e0 s\u1ea3n xu\u1ea5t Bender \u1ed1ng CNC c\u1ea7n s\u1ef1 ch\u00fa \u00fd \u0111\u1ebfn m\u1ed9t s\u1ed1 y\u1ebfu t\u1ed1 ch\u00ednh. <\/p>    <ul class=\"wp-block-list\"> <li>Tr\u01b0\u1edbc h\u1ebft, c\u1ea7n ph\u1ea3i ki\u1ec3m tra <strong>Kinh nghi\u1ec7m chuy\u00ean m\u00f4n v\u00e0 danh ti\u1ebfng th\u1ecb tr\u01b0\u1eddng c\u1ee7a nh\u00e0 s\u1ea3n xu\u1ea5t<\/strong>. Ch\u1ecdn th\u01b0\u01a1ng hi\u1ec7u v\u1edbi nhi\u1ec1u n\u0103m kinh nghi\u1ec7m s\u1ea3n xu\u1ea5t v\u00e0 ph\u1ea3n h\u1ed3i c\u1ee7a kh\u00e1ch h\u00e0ng t\u1ed1t. <\/li>    <li>Th\u1ee9 hai, <strong>ch\u1ea5t l\u01b0\u1ee3ng v\u00e0 s\u1ee9c m\u1ea1nh k\u1ef9 thu\u1eadt c\u1ee7a thi\u1ebft b\u1ecb u\u1ed1n \u1ed1ng<\/strong> r\u1ea5t quan tr\u1ecdng. N\u00ean ch\u1ecdn c\u00e1c nh\u00e0 s\u1ea3n xu\u1ea5t v\u1edbi c\u00e1c quy tr\u00ecnh s\u1ea3n xu\u1ea5t n\u00e2ng cao, h\u1ec7 th\u1ed1ng ki\u1ec3m so\u00e1t ch\u1ea5t l\u01b0\u1ee3ng nghi\u00eam ng\u1eb7t v\u00e0 cung c\u1ea5p m\u00e1y u\u1ed1n c\u00f3 hi\u1ec7u qu\u1ea3 cao, c\u00f3 \u0111\u1ed9 ch\u00ednh x\u00e1c cao. <\/li>    <li>Ngo\u00e0i ra, <strong>D\u1ecbch v\u1ee5 sau b\u00e1n h\u00e0ng<\/strong> c\u0169ng l\u00e0 m\u1ed9t c\u00e2n nh\u1eafc quan tr\u1ecdng. C\u00e1c nh\u00e0 s\u1ea3n xu\u1ea5t m\u00e1y u\u1ed1n \u1ed1ng CNC ch\u1ea5t l\u01b0\u1ee3ng cao s\u1ebd c\u00f3 th\u1ec3 cung c\u1ea5p h\u01b0\u1edbng d\u1eabn l\u1eafp \u0111\u1eb7t v\u00e0 v\u1eadn h\u00e0nh, \u0111\u00e0o t\u1ea1o v\u1eadn h\u00e0nh, b\u1ea3o tr\u00ec v\u00e0 h\u1ed7 tr\u1ee3 to\u00e0n di\u1ec7n kh\u00e1c. <\/li>    <li>Cu\u1ed1i c\u00f9ng, <strong>gi\u00e1 c\u1ea3 v\u00e0 hi\u1ec7u qu\u1ea3 chi ph\u00ed<\/strong> l\u00e0 quan tr\u1ecdng nh\u01b0 nhau. Ch\u00fang t\u00f4i \u0111\u1ec1 ngh\u1ecb r\u1eb1ng m\u1ed9t so s\u00e1nh to\u00e0n di\u1ec7n c\u00e1c nh\u00e0 s\u1ea3n xu\u1ea5t kh\u00e1c nhau v\u1ec1 hi\u1ec7u su\u1ea5t thi\u1ebft b\u1ecb, ch\u1ea5t l\u01b0\u1ee3ng c\u1ee7a c\u00e1c b\u1ed9 ph\u1eadn v\u00e0 \u01b0u \u0111\u00e3i. Ch\u1ecdn ph\u00f9 h\u1ee3p nh\u1ea5t cho nhu c\u1ea7u s\u1ea3n xu\u1ea5t c\u1ee7a c\u00e1c nh\u00e0 s\u1ea3n xu\u1ea5t Bender \u1ed1ng CNC. <\/li> <\/ul>    <p>\u0110\u1ec3 bi\u1ebft th\u00eam th\u00f4ng tin ho\u1eb7c tr\u00edch d\u1eabn, ch\u00e0o m\u1eebng b\u1ea1n \u0111\u1ebfn v\u1edbi ch\u00fang t\u00f4i!<\/p>   <div class=\"wp-block-image\"> <figure class=\"aligncenter size-full\"><img loading=\"lazy\" decoding=\"async\" width=\"720\" height=\"540\" src=\"https:\/\/www.baler-machines.com\/wp-content\/uploads\/2025\/03\/CNC-tube-bending-machine-supplier.webp\" alt=\"Nh\u00e0 cung c\u1ea5p m\u00e1y u\u1ed1n \u1ed1ng CNC\" class=\"wp-image-4125\" title=\"\" srcset=\"https:\/\/www.baler-machines.com\/wp-content\/uploads\/2025\/03\/CNC-tube-bending-machine-supplier.webp 720w, https:\/\/www.baler-machines.com\/wp-content\/uploads\/2025\/03\/CNC-tube-bending-machine-supplier-16x12.webp 16w\" sizes=\"auto, (max-width: 720px) 100vw, 720px\" \/><figcaption class=\"wp-element-caption\">Nh\u00e0 cung c\u1ea5p m\u00e1y u\u1ed1n \u1ed1ng CNC<\/figcaption><\/figure> <\/div>   <h2 class=\"wp-block-heading\"><strong>Li\u00ean h\u1ec7 v\u1edbi ch\u00fang t\u00f4i \u0111\u1ec3 bi\u1ebft b\u00e1o gi\u00e1 ngay b\u00e2y gi\u1edd!<\/strong><\/h2>    <p class=\"translation-block\">N\u1ebfu b\u1ea1n quan t\u00e2m \u0111\u1ebfn m\u00e1y u\u1ed1n \u1ed1ng CNC, vui l\u00f2ng li\u00ean h\u1ec7 v\u1edbi ch\u00fang t\u00f4i \u0111\u1ec3 bi\u1ebft th\u00eam chi ti\u1ebft! Ch\u00fang t\u00f4i c\u0169ng c\u00f3 c\u00e1c m\u00e1y gia c\u00f4ng th\u00e9p thanh kh\u00e1c, ch\u1eb3ng h\u1ea1n nh\u01b0 <a href=\"https:\/\/www.baler-machines.com\/vi\/rebar-straightening-machine\/\">m\u00e1y du\u1ed7i th\u00e9p<\/a>, <a href=\"https:\/\/www.baler-machines.com\/vi\/cnc-spiral-rebar-bending-machine\/\">m\u00e1y t\u1ea1o v\u00f2ng th\u00e9p<\/a>, m\u00e1y u\u1ed1n \u0111ai th\u00e9p, v.v. B\u1ea5t k\u1ec3 b\u1ea1n mu\u1ed1n l\u00e0m g\u00ec v\u1edbi <a href=\"https:\/\/en.wikipedia.org\/wiki\/Rebar\" target=\"_blank\" rel=\"noopener\">th\u00e9p thanh<\/a> c\u1ee7a m\u00ecnh, ch\u00fang t\u00f4i \u0111\u1ec1u c\u00f3 m\u00e1y m\u00f3c ph\u00f9 h\u1ee3p v\u1edbi nhu c\u1ea7u c\u1ee7a b\u1ea1n! V\u00ec v\u1eady, n\u1ebfu c\u00f3 nhu c\u1ea7u, h\u00e3y li\u00ean h\u1ec7 v\u1edbi ch\u00fang t\u00f4i b\u1ea5t c\u1ee9 l\u00fac n\u00e0o!<\/p>","protected":false},"excerpt":{"rendered":"<p>M\u00e1y u\u1ed1n \u1ed1ng Shuliy CNC u\u1ed1n cong c\u00e1c \u1ed1ng th\u00e9p vu\u00f4ng ho\u1eb7c tr\u00f2n th\u00e0nh c\u00e1c h\u00ecnh d\u1ea1ng mong mu\u1ed1n v\u1edbi ph\u1ea1m vi u\u1ed1n 10-100mm v\u00e0 ph\u1ea1m vi g\u00f3c 0-180.<\/p>","protected":false},"author":1,"featured_media":4119,"parent":0,"template":"","tags":[644,641,643],"product-type":[640],"class_list":["post-4115","product","type-product","status-publish","has-post-thumbnail","hentry","tag-pipe","tag-rebar","tag-steel-bar","product-type-rebar-processing-equipment"],"_links":{"self":[{"href":"https:\/\/www.baler-machines.com\/vi\/wp-json\/wp\/v2\/product\/4115","targetHints":{"allow":["GET"]}}],"collection":[{"href":"https:\/\/www.baler-machines.com\/vi\/wp-json\/wp\/v2\/product"}],"about":[{"href":"https:\/\/www.baler-machines.com\/vi\/wp-json\/wp\/v2\/types\/product"}],"author":[{"embeddable":true,"href":"https:\/\/www.baler-machines.com\/vi\/wp-json\/wp\/v2\/users\/1"}],"wp:featuredmedia":[{"embeddable":true,"href":"https:\/\/www.baler-machines.com\/vi\/wp-json\/wp\/v2\/media\/4119"}],"wp:attachment":[{"href":"https:\/\/www.baler-machines.com\/vi\/wp-json\/wp\/v2\/media?parent=4115"}],"wp:term":[{"taxonomy":"post_tag","embeddable":true,"href":"https:\/\/www.baler-machines.com\/vi\/wp-json\/wp\/v2\/tags?post=4115"},{"taxonomy":"product-type","embeddable":true,"href":"https:\/\/www.baler-machines.com\/vi\/wp-json\/wp\/v2\/product-type?post=4115"}],"curies":[{"name":"wp","href":"https:\/\/api.w.org\/{rel}","templated":true}]}}