{"id":411,"date":"2019-12-13T10:51:22","date_gmt":"2019-12-13T10:51:22","guid":{"rendered":"https:\/\/www.baler-machines.com\/?p=411"},"modified":"2024-11-29T10:49:47","modified_gmt":"2024-11-29T02:49:47","slug":"horizontal-metal-chips-briquetting-machine","status":"publish","type":"product","link":"https:\/\/www.baler-machines.com\/vi\/horizontal-metal-chips-briquetting-machine\/","title":{"rendered":"M\u00e1y \u0111\u00f3ng b\u00e1nh chip kim lo\u1ea1i ngang"},"content":{"rendered":"<p class=\"translation-block\">Lo\u1ea1i m\u00e1y \u00e9p b\u00e1nh kim lo\u1ea1i ngang l\u00e0 <a href=\"https:\/\/www.baler-machines.com\/vi\/scrap-metal-chip-briquette-machine\/\" target=\"_blank\" rel=\"noreferrer noopener\">thi\u1ebft b\u1ecb \u00e9p kim lo\u1ea1i ph\u1ebf li\u1ec7u<\/a> th\u01b0\u01a1ng m\u1ea1i, c\u00f3 th\u1ec3 \u0111\u01b0\u1ee3c s\u1eed d\u1ee5ng r\u1ed9ng r\u00e3i trong c\u00e1c d\u00e2y chuy\u1ec1n s\u1ea3n xu\u1ea5t b\u00e1nh kim lo\u1ea1i kh\u00e1c nhau. C\u00e1c lo\u1ea1i v\u1ee5n kim lo\u1ea1i ph\u1ed5 bi\u1ebfn nh\u01b0 v\u1ee5n nh\u00f4m, b\u1ed9t s\u1eaft, v\u1ee5n \u0111\u1ed3ng v\u00e0 c\u00e1c lo\u1ea1i v\u1ee5n kim lo\u1ea1i kh\u00e1c c\u00f3 th\u1ec3 \u0111\u01b0\u1ee3c \u00e9p th\u00e0nh b\u00e1nh v\u1edbi m\u1eadt \u0111\u1ed9 cao \u0111\u1ec3 d\u1ec5 d\u00e0ng v\u1eadn chuy\u1ec3n.<\/p>    <h2 class=\"wp-block-heading\" id=\"h-brief-introduction-of-the-automatic-metal-chips-briquetting-machine\"><strong>Gi\u1edbi thi\u1ec7u t\u00f3m t\u1eaft v\u1ec1 m\u00e1y \u0111\u00f3ng b\u00e1nh chip kim lo\u1ea1i t\u1ef1 \u0111\u1ed9ng <\/strong><\/h2>    <p>M\u00e1y l\u00e0m b\u00e1nh\u00a0b\u00e1nh d\u0103m \u0111\u1ed3ng \u0111\u01b0\u1ee3c thi\u1ebft k\u1ebf theo c\u1ea5u tr\u00fac n\u1eb1m ngang. N\u00f3 c\u00f3 th\u1ec3 \u00e9p c\u00e1c lo\u1ea1i ph\u1ebf li\u1ec7u kim lo\u1ea1i theo chi\u1ec1u ngang. N\u00f3 c\u00f3 th\u1ec3 n\u00e9n c\u00e1c m\u1ea3nh kim lo\u1ea1i d\u1ea1ng h\u1ea1t v\u00e0 d\u1ea1ng b\u1ed9t th\u00e0nh c\u00e1c b\u00e1nh h\u00ecnh tr\u1ee5 2-8kg.\u00a0V\u1edbi hi\u1ec7u su\u1ea5t l\u00e0m vi\u1ec7c cao \u0111\u1ec3 t\u00e1i ch\u1ebf t\u00e0i nguy\u00ean kim lo\u1ea1i ph\u1ebf li\u1ec7u, m\u00e1y l\u00e0m b\u00e1nh chip kim lo\u1ea1i n\u00e0y c\u00f3 th\u1ec3 \u0111\u01b0\u1ee3c s\u1eed d\u1ee5ng r\u1ed9ng r\u00e3i trong c\u00e1c nh\u00e0 m\u00e1y \u0111\u00fac th\u00e9p, nh\u00e0 m\u00e1y luy\u1ec7n kim lo\u1ea1i, c\u00f4ng nghi\u1ec7p x\u00e2y d\u1ef1ng, doanh nghi\u1ec7p ph\u00f2ng ch\u1ed1ng \u00f4 nhi\u1ec5m m\u00f4i tr\u01b0\u1eddng v\u00e0 nh\u00e0 m\u00e1y ch\u1ebf bi\u1ebfn m\u00e1y m\u00f3c.<\/p>   <div class=\"wp-block-image\"> <figure class=\"aligncenter size-full\"><img loading=\"lazy\" decoding=\"async\" width=\"742\" height=\"557\" src=\"https:\/\/www.baler-machines.com\/wp-content\/uploads\/2019\/12\/new-designed-metal-scraps-press-machine.png\" alt=\"may-ep-phoi-kim-loai-moi-thiet-ke\" class=\"wp-image-414\" title=\"\"><figcaption>m\u00e1y \u00e9p ph\u1ebf li\u1ec7u kim lo\u1ea1i \u0111\u01b0\u1ee3c thi\u1ebft k\u1ebf m\u1edbi<\/figcaption><\/figure> <\/div>   <h2 class=\"wp-block-heading\" id=\"h-what-are-the-components-of-the-metal-chips-briquetting-machine\"><strong>C\u00e1c th\u00e0nh ph\u1ea7n c\u1ee7a m\u00e1y \u0111\u00f3ng b\u00e1nh chip kim lo\u1ea1i l\u00e0 g\u00ec?<\/strong><\/h2>    <p>M\u00e1y \u0111\u00f3ng b\u00e1nh chip kim lo\u1ea1i ch\u1ee7 y\u1ebfu bao g\u1ed3m xi lanh d\u1ea7u n\u00e9n, bu\u1ed3ng n\u00e9n, h\u1ec7 th\u1ed1ng th\u1ee7y l\u1ef1c, h\u1ec7 th\u1ed1ng \u0111i\u1ec7n, h\u1ec7 th\u1ed1ng ki\u1ec3m so\u00e1t an to\u00e0n v\u00e0 h\u1ec7 th\u1ed1ng \u0111\u00f3ng t\u00fai t\u1ef1 \u0111\u1ed9ng. M\u00e1y c\u00f3 th\u1ec3 \u0111\u01b0\u1ee3c trang b\u1ecb b\u1ed9 d\u1eabn \u0111\u1ed9ng m\u00e1y ph\u00e1t \u0111i\u1ec7n diesel, ph\u00f9 h\u1ee3p v\u1edbi nh\u1eefng khu v\u1ef1c c\u00f3 ngu\u1ed3n \u0111i\u1ec7n y\u1ebfu.<\/p>   <div class=\"wp-block-image\"> <figure class=\"aligncenter size-full\"><img loading=\"lazy\" decoding=\"async\" width=\"750\" height=\"750\" src=\"https:\/\/www.baler-machines.com\/wp-content\/uploads\/2019\/12\/horizontal-metal-briquette-machines-for-sale.jpg\" alt=\"m\u00e1y \u0111\u00f3ng b\u00e1nh kim lo\u1ea1i ngang \u0111\u1ec3 b\u00e1n\" class=\"wp-image-412\" title=\"\"><figcaption>m\u00e1y \u0111\u00f3ng b\u00e1nh kim lo\u1ea1i ngang \u0111\u1ec3 b\u00e1n<\/figcaption><\/figure> <\/div>   <h2 class=\"wp-block-heading\" id=\"h-how-to-design-the-metal-chips-briquetting-machine\"><strong>L\u00e0m th\u1ebf n\u00e0o \u0111\u1ec3 thi\u1ebft k\u1ebf m\u00e1y \u0111\u00f3ng b\u00e1nh chip kim lo\u1ea1i?<\/strong><\/h2>    <h3 class=\"wp-block-heading\"><strong>C\u1ea5u tr\u00fac ba d\u1ea7m, s\u00e1u tr\u1ee5<\/strong><\/h3>    <p>M\u00e1y \u0111\u00f3ng b\u00e1nh chip kim lo\u1ea1i s\u1eed d\u1ee5ng lo\u1ea1i c\u1ea5u tr\u00fac n\u00e0y. <\/p>    <p>D\u1ea7m tr\u00ean v\u00e0 b\u00e0n l\u00e0m vi\u1ec7c c\u1ee7a m\u00e1y \u0111\u00f3ng b\u00e1nh \u0111\u01b0\u1ee3c k\u1ebft h\u1ee3p th\u00e0nh m\u1ed9t khung c\u1ed1 \u0111\u1ecbnh th\u00f4ng qua c\u00e1c c\u1ed9t, \u0111ai \u1ed1c bu\u1ed9c v\u00e0 \u0111ai \u1ed1c \u0111i\u1ec1u ch\u1ec9nh.<\/p>    <p>\u0110\u1ed9 ch\u00ednh x\u00e1c c\u1ee7a khung \u0111\u01b0\u1ee3c \u0111i\u1ec1u ch\u1ec9nh b\u1eb1ng \u0111ai \u1ed1c \u0111i\u1ec1u ch\u1ec9nh, c\u00f3 \u0111\u1ed9 b\u1ec1n, \u0111\u1ed9 c\u1ee9ng t\u1ed1t v\u00e0 duy tr\u00ec \u0111\u1ed9 ch\u00ednh x\u00e1c.<\/p>   <div class=\"wp-block-image\"> <figure class=\"aligncenter size-full\"><img loading=\"lazy\" decoding=\"async\" width=\"720\" height=\"540\" src=\"https:\/\/www.baler-machines.com\/wp-content\/uploads\/2022\/08\/machine-body-construction.webp\" alt=\"k\u1ebft c\u1ea5u th\u00e2n m\u00e1y\" class=\"wp-image-2607\" title=\"\"><figcaption>k\u1ebft c\u1ea5u th\u00e2n m\u00e1y<\/figcaption><\/figure> <\/div>   <h3 class=\"wp-block-heading\"><strong>T\u1ea5m th\u00e9p h\u00e0n<\/strong><\/h3>    <p>D\u1ea7m ph\u00eda tr\u00ean, b\u00e0n, thanh tr\u01b0\u1ee3t v\u00e0 c\u00e1c ph\u1ea7n l\u1edbn kh\u00e1c s\u1eed d\u1ee5ng lo\u1ea1i c\u00e2y n\u00e0y. Nh\u1eefng b\u1ed9 ph\u1eadn n\u00e0y \u0111\u01b0\u1ee3c t\u1ed1i \u01b0u h\u00f3a v\u00e0 thi\u1ebft k\u1ebf b\u1edfi m\u00e1y t\u00ednh. \u0110\u1ed9 b\u1ec1n, \u0111\u1ed9 c\u1ee9ng, c\u1ea5u tr\u00fac v\u00e0 kh\u1ea3 n\u0103ng ch\u1ed1ng bi\u1ebfn d\u1ea1ng c\u1ee7a n\u00f3 \u0111\u00e1p \u1ee9ng c\u00e1c ti\u00eau chu\u1ea9n qu\u1ed1c t\u1ebf v\u00e0 y\u00eau c\u1ea7u s\u1eed d\u1ee5ng c\u0169ng nh\u01b0 h\u1ec7 s\u1ed1 an to\u00e0n phong ph\u00fa. M\u00e1y \u00e9p kim lo\u1ea1i b\u1ed9t s\u1eed d\u1ee5ng ph\u01b0\u01a1ng ph\u00e1p h\u00e0n \u0111\u01b0\u1ee3c che ch\u1eafn b\u1eb1ng kh\u00ed carbon dioxide v\u00e0 h\u00e0n h\u1ed3 quang th\u1ee7 c\u00f4ng n\u00ean ch\u1ea5t l\u01b0\u1ee3ng h\u00e0n r\u1ea5t cao v\u00e0 c\u00f3 th\u1ec3 lo\u1ea1i b\u1ecf \u1ee9ng su\u1ea5t bi\u1ebfn d\u1ea1ng th\u00f4ng qua x\u1eed l\u00fd rung l\u00e3o h\u00f3a.<\/p>    <h3 class=\"wp-block-heading\"><strong>Thanh tr\u01b0\u1ee3t c\u1ee7a m\u00e1y \u0111\u00f3ng b\u00e1nh<\/strong><\/h3>    <p>Th\u1ef1c t\u1ebf, \u0111\u00f3 l\u00e0 m\u1ed9t t\u1ea5m th\u00e9p h\u00e0n c\u00f3 c\u1ea5u tr\u00fac d\u1ea1ng h\u1ed9p. V\u1eadt li\u1ec7u c\u1ee7a \u1ed1ng l\u00f3t d\u1eabn h\u01b0\u1edbng t\u1ea1i l\u1ed7 d\u1eabn h\u01b0\u1edbng b\u1ed1n tr\u1ee5 l\u00e0 v\u1eadt li\u1ec7u composite nano ph\u00e2n t\u1eed, c\u00f3 kh\u1ea3 n\u0103ng ch\u1ed1ng ch\u1ecbu v\u00e0 gi\u1eef \u0111\u1ed9 ch\u00ednh x\u00e1c t\u1ed1t.<\/p>    <p>\u1ede m\u1eb7t ph\u1eb3ng d\u01b0\u1edbi c\u1ee7a thanh tr\u01b0\u1ee3t c\u00f3 c\u00e1c khe ch\u1eef T \u0111\u1ec3 l\u1eafp khu\u00f4n.<\/p>    <p>D\u1ea7m ch\u00ednh c\u00f3 xi lanh d\u1ea7u l\u00e0m vi\u1ec7c ch\u00ednh. Tr\u00ean xi lanh l\u00e0m vi\u1ec7c ch\u00ednh c\u00f3 b\u00ecnh d\u1ea7u ch\u1ee9a \u0111\u1ea7y ch\u1ea5t l\u1ecfng. B\u00e0n l\u00e0m vi\u1ec7c c\u1ee7a m\u00e1y \u0111\u00f3ng b\u00e1nh chip kim lo\u1ea1i c\u0169ng l\u00e0 m\u1ed9t b\u1ed9 ph\u1eadn k\u1ebft c\u1ea5u \u0111\u01b0\u1ee3c h\u00e0n b\u1eb1ng th\u00e9p t\u1ea5m, \u0111\u01b0\u1ee3c k\u1ebft n\u1ed1i v\u1edbi d\u1ea7m tr\u00ean v\u00e0 thanh tr\u01b0\u1ee3t qua c\u1ed9t \u0111\u1ec3 t\u1ea1o th\u00e0nh v\u1eadt ch\u1ee7.<\/p>   <div class=\"wp-block-image\"> <figure class=\"aligncenter size-full\"><img loading=\"lazy\" decoding=\"async\" width=\"720\" height=\"540\" src=\"https:\/\/www.baler-machines.com\/wp-content\/uploads\/2019\/12\/metal-chips-briquetting-machine-manufacturer.webp\" alt=\"nh\u00e0 s\u1ea3n xu\u1ea5t m\u00e1y \u0111\u00f3ng b\u00e1nh chip kim lo\u1ea1i\" class=\"wp-image-2614\" title=\"\"><figcaption>nh\u00e0 s\u1ea3n xu\u1ea5t m\u00e1y \u0111\u00f3ng b\u00e1nh chip kim lo\u1ea1i<\/figcaption><\/figure> <\/div>   <h3 class=\"wp-block-heading\"><strong>Thi\u1ebft k\u1ebf c\u1ee7a xi lanh \u0111\u1ed3ng<\/strong><\/h3>    <p>Xi lanh \u0111\u1ed3ng c\u1ee7a m\u00e1y \u0111\u00f3ng b\u00e1nh s\u1eed d\u1ee5ng thi\u1ebft k\u1ebf n\u0103m xi lanh, \u0111\u01b0\u1ee3c b\u1ed1 tr\u00ed \u1edf l\u1ed7 d\u1ea7m ph\u00eda tr\u00ean v\u00e0 \u0111\u01b0\u1ee3c b\u1ecbt k\u00edn b\u1eb1ng ph\u1ed1t hai k\u00eanh. Ph\u1ea7n d\u1eabn h\u01b0\u1edbng \u0111\u01b0\u1ee3c x\u1eed l\u00fd b\u1eb1ng h\u00e0n \u0111\u1ed3ng, \u0111\u01b0\u1ee3c b\u1ecbt k\u00edn v\u00e0 c\u00f3 kh\u1ea3 n\u0103ng ch\u1ed1ng m\u00e0i m\u00f2n t\u1ed1t. V\u1eadt li\u1ec7u c\u1ee7a th\u00e2n xi lanh l\u00e0 th\u00e9p r\u00e8n 45. , \u0110\u1ed3 r\u00e8n l\u00e0 lo\u1ea1i 3 (\u0111\u1ed3 r\u00e8n \u0111\u01b0\u1ee3c ch\u1ee9ng nh\u1eadn b\u1eb1ng c\u00e1ch ph\u00e1t hi\u1ec7n l\u1ed7 h\u1ed5ng si\u00eau \u00e2m, v\u00e0 \u0111\u01b0\u1ee3c l\u00e0m ngu\u1ed9i v\u00e0 t\u00f4i luy\u1ec7n).<\/p>   <div class=\"wp-block-image\"> <figure class=\"aligncenter size-large\"><img loading=\"lazy\" decoding=\"async\" width=\"750\" height=\"561\" src=\"https:\/\/www.baler-machines.com\/wp-content\/uploads\/2019\/12\/metal-briquettes-production-line-of-our-Korea-customer.jpg\" alt=\"\" class=\"wp-image-416\" title=\"\"><figcaption>d\u00e2y chuy\u1ec1n s\u1ea3n xu\u1ea5t than b\u00e1nh kim lo\u1ea1i c\u1ee7a kh\u00e1ch h\u00e0ng H\u00e0n Qu\u1ed1c c\u1ee7a ch\u00fang t\u00f4i<\/figcaption><\/figure> <\/div>   <h2 class=\"wp-block-heading\" id=\"h-how-does-the-hydraulic-aluminum-chip-briquetter-work\"><strong>M\u00e1y \u0111\u00f3ng b\u00e1nh chip nh\u00f4m th\u1ee7y l\u1ef1c ho\u1ea1t \u0111\u1ed9ng nh\u01b0 th\u1ebf n\u00e0o?<\/strong><\/h2>    <p>M\u00e1y \u0111\u00f3ng b\u00e1nh chip kim lo\u1ea1i n\u00e0y s\u1eed d\u1ee5ng \u00e1p su\u1ea5t th\u1ee7y l\u1ef1c do xi lanh th\u1ee7y l\u1ef1c cung c\u1ea5p \u0111\u1ec3 n\u00e9n v\u1eadt li\u1ec7u. <\/p>    <p>Trong qu\u00e1 tr\u00ecnh l\u00e0m vi\u1ec7c, chuy\u1ec3n \u0111\u1ed9ng quay c\u1ee7a \u0111\u1ed9ng c\u01a1 c\u00f3 th\u1ec3 \u0111i\u1ec1u khi\u1ec3n b\u01a1m d\u1ea7u ho\u1ea1t \u0111\u1ed9ng, chi\u1ebft d\u1ea7u th\u1ee7y l\u1ef1c trong th\u00f9ng d\u1ea7u, v\u1eadn chuy\u1ec3n qua \u1ed1ng d\u1ea7u th\u1ee7y l\u1ef1c v\u00e0 chuy\u1ec3n \u0111\u1ebfn t\u1eebng xi lanh d\u1ea7u th\u1ee7y l\u1ef1c \u0111\u1ec3 d\u1eabn \u0111\u1ed9ng c\u1ea7n piston c\u1ee7a xi lanh d\u1ea7u. \u0111\u1ec3 n\u00e9n d\u1ecdc c\u00e1c m\u1ea3nh kim lo\u1ea1i kh\u00e1c nhau trong th\u00f9ng nguy\u00ean li\u1ec7u.<\/p>   <div class=\"wp-block-image\"> <figure class=\"aligncenter size-large\"><img loading=\"lazy\" decoding=\"async\" width=\"747\" height=\"487\" src=\"https:\/\/www.baler-machines.com\/wp-content\/uploads\/2019\/12\/copper-shavings-briquettes.png\" alt=\"\" class=\"wp-image-417\" title=\"\"><figcaption>than b\u00e1nh \u0111\u1ed3ng d\u0103m<\/figcaption><\/figure> <\/div>   <h2 class=\"wp-block-heading\" id=\"h-maintenance-tips-of-the-horizontal-metal-briquetting-machine\"><strong>M<\/strong><strong>s\u1ef1 b\u1ea3o tr\u00ec<\/strong><strong>&nbsp;l\u1eddi khuy\u00ean c\u1ee7a m\u00e1y \u0111\u00f3ng b\u00e1nh kim lo\u1ea1i ngang<\/strong><strong><\/strong><\/h2>    <ol class=\"wp-block-list\"><li>N\u00ean s\u1eed d\u1ee5ng d\u1ea7u th\u1ee7y l\u1ef1c ch\u1ed1ng m\u00e0i m\u00f2n 32 v\u00e0 46 cho d\u1ea7u th\u1ee7y l\u1ef1c \u0111\u01b0\u1ee3c s\u1eed d\u1ee5ng khi m\u00e1y ho\u1ea1t \u0111\u1ed9ng. S\u1eed d\u1ee5ng nhi\u1ec7t \u0111\u1ed9 d\u1ea7u trong kho\u1ea3ng t\u1eeb 15 \u0111\u1ebfn 60oC.<\/li><li>D\u1ea7u th\u1ee7y l\u1ef1c \u0111\u01b0\u1ee3c l\u1ecdc nghi\u00eam ng\u1eb7t tr\u01b0\u1edbc khi \u0111\u01b0\u1ee3c ph\u00e9p b\u1ed5 sung v\u00e0o b\u1ec3. Ch\u1ea5t l\u1ecfng l\u00e0m vi\u1ec7c n\u00ean \u0111\u01b0\u1ee3c thay \u0111\u1ed5i m\u1ed7i n\u0103m m\u1ed9t l\u1ea7n v\u00e0 th\u1eddi gian thay th\u1ebf kh\u00f4ng qu\u00e1 ba th\u00e1ng.<\/li><li> N\u1ebfu m\u00e1y kh\u00f4ng \u0111\u01b0\u1ee3c s\u1eed d\u1ee5ng trong m\u1ed9t th\u1eddi gian d\u00e0i, b\u1ec1 m\u1eb7t c\u1ee7a t\u1eebng b\u1ed9 ph\u1eadn ph\u1ea3i \u0111\u01b0\u1ee3c l\u00e0m s\u1ea1ch v\u00e0 ph\u1ee7 m\u1ed9t l\u1edbp d\u1ea7u ch\u1ed1ng g\u1ec9.<\/li><li>M\u00e1ng tr\u01b0\u1ee3t c\u1ee7a m\u00e1y \u0111\u00f3ng b\u00e1nh kim lo\u1ea1i ph\u1ea3i \u0111\u01b0\u1ee3c \u0111\u1ed5 \u0111\u1ea7y d\u1ea7u b\u00f4i tr\u01a1n th\u01b0\u1eddng xuy\u00ean, b\u1ec1 m\u1eb7t b\u00ean ngo\u00e0i c\u1ee7a c\u1ed9t ph\u1ea3i \u0111\u01b0\u1ee3c gi\u1eef s\u1ea1ch th\u01b0\u1eddng xuy\u00ean v\u00e0 ph\u1ea3i b\u01a1m d\u1ea7u tr\u01b0\u1edbc m\u1ed7i l\u1ea7n l\u00e0m vi\u1ec7c. \u0110\u1ed3ng h\u1ed3 \u0111o \u00e1p su\u1ea5t n\u00ean \u0111\u01b0\u1ee3c ki\u1ec3m tra s\u00e1u th\u00e1ng m\u1ed9t l\u1ea7n.<\/li><\/ol>   <div class=\"wp-block-image\"> <figure class=\"aligncenter size-large\"><img loading=\"lazy\" decoding=\"async\" width=\"750\" height=\"563\" src=\"https:\/\/www.baler-machines.com\/wp-content\/uploads\/2019\/12\/bulks-of-iron-shaving-briquettes-made-by-this-metal-press-machine.jpg\" alt=\"\" class=\"wp-image-418\" title=\"\"><figcaption>s\u1ed1 l\u01b0\u1ee3ng l\u1edbn than b\u00e1nh s\u1eaft \u0111\u01b0\u1ee3c l\u00e0m b\u1eb1ng m\u00e1y \u00e9p kim lo\u1ea1i n\u00e0y<\/figcaption><\/figure> <\/div>   <h2 class=\"wp-block-heading\" id=\"h-technical-specifications-of-the-metal-briquette-press\"><strong>Th\u00f4ng s\u1ed1 k\u1ef9 thu\u1eadt c\u1ee7a m\u00e1y \u00e9p b\u00e1nh kim lo\u1ea1i<\/strong><\/h2>    <figure class=\"wp-block-table\"><table><tbody><tr><td>Ng\u01b0\u1eddi m\u1eabu<\/td><td>\u0110\u01b0\u1eddng k\u00ednh than b\u00e1nh (mm)<\/td><td>T\u1ed1c \u0111\u1ed9 (than b\u00e1nh\/ph\u00fat)<\/td><td>\u0110\u1ed9ng c\u01a1 (kW)<\/td><td>M\u1eadt \u0111\u1ed9 than b\u00e1nh (t\u1ea5n\/m\u00b3)<\/td><\/tr><tr><td>SL-2000<\/td><td>60~90<\/td><td>2~3<\/td><td>18.5<\/td><td>Nh\u00f4m 2,5<\/td><\/tr><tr><td>SL-2500<\/td><td>90~110<\/td><td>3~5<\/td><td>22<\/td><td>Nh\u00f4m 2,5<\/td><\/tr><tr><td>SL-3150<\/td><td>100~110<\/td><td>3~5<\/td><td>30<\/td><td>Th\u00e9p, gang&lt;5,5<\/td><\/tr><tr><td>SL-3600<\/td><td>100~130<\/td><td>3~5<\/td><td>30<\/td><td>Th\u00e9p, gang&lt;5,5<\/td><\/tr><tr><td>SL-5000<\/td><td>120~160<\/td><td>3~5<\/td><td>22\u00d72<\/td><td>\u0110\u1ed3ng thau, \u0111\u1ed3ng&lt;7,0<\/td><\/tr><tr><td>SL-6300<\/td><td>120~200<\/td><td>3~5<\/td><td>30\u00d72<\/td><td>\u0110\u1ed3ng thau, \u0111\u1ed3ng&lt;7,0<\/td><\/tr><\/tbody><\/table><\/figure>","protected":false},"excerpt":{"rendered":"<p>Lo\u1ea1i m\u00e1y \u00e9p vi\u00ean kim lo\u1ea1i ngang (m\u00e1y \u00e9p vi\u00ean kim lo\u1ea1i) l\u00e0 thi\u1ebft b\u1ecb \u00e9p ph\u1ebf li\u1ec7u kim lo\u1ea1i th\u01b0\u01a1ng m\u1ea1i, c\u00f3 th\u1ec3 \u0111\u01b0\u1ee3c s\u1eed d\u1ee5ng r\u1ed9ng r\u00e3i trong c\u00e1c d\u00e2y chuy\u1ec1n s\u1ea3n xu\u1ea5t vi\u00ean kim lo\u1ea1i kh\u00e1c nhau. <\/p>","protected":false},"author":1,"featured_media":2598,"parent":0,"template":"","tags":[113,639,125,591,112],"product-type":[563],"class_list":["post-411","product","type-product","status-publish","has-post-thumbnail","hentry","tag-metal-briquette-machine","tag-metal-briquetting","tag-metal-chips-briquette-machine","tag-metal-chips-briquetting-machine","tag-scrap-metal-briquette-machine","product-type-baler-machine"],"_links":{"self":[{"href":"https:\/\/www.baler-machines.com\/vi\/wp-json\/wp\/v2\/product\/411","targetHints":{"allow":["GET"]}}],"collection":[{"href":"https:\/\/www.baler-machines.com\/vi\/wp-json\/wp\/v2\/product"}],"about":[{"href":"https:\/\/www.baler-machines.com\/vi\/wp-json\/wp\/v2\/types\/product"}],"author":[{"embeddable":true,"href":"https:\/\/www.baler-machines.com\/vi\/wp-json\/wp\/v2\/users\/1"}],"wp:featuredmedia":[{"embeddable":true,"href":"https:\/\/www.baler-machines.com\/vi\/wp-json\/wp\/v2\/media\/2598"}],"wp:attachment":[{"href":"https:\/\/www.baler-machines.com\/vi\/wp-json\/wp\/v2\/media?parent=411"}],"wp:term":[{"taxonomy":"post_tag","embeddable":true,"href":"https:\/\/www.baler-machines.com\/vi\/wp-json\/wp\/v2\/tags?post=411"},{"taxonomy":"product-type","embeddable":true,"href":"https:\/\/www.baler-machines.com\/vi\/wp-json\/wp\/v2\/product-type?post=411"}],"curies":[{"name":"wp","href":"https:\/\/api.w.org\/{rel}","templated":true}]}}