{"id":4102,"date":"2025-03-06T17:50:15","date_gmt":"2025-03-06T09:50:15","guid":{"rendered":"https:\/\/www.baler-machines.com\/?post_type=product&#038;p=4102"},"modified":"2025-03-06T17:53:23","modified_gmt":"2025-03-06T09:53:23","slug":"rebar-straightening-machine","status":"publish","type":"product","link":"https:\/\/www.baler-machines.com\/vi\/rebar-straightening-machine\/","title":{"rendered":"M\u00e1y l\u00e0m th\u1eb3ng t\u1ef1 \u0111\u1ed9ng ch\u1ea5t th\u1ea3i ch\u1ea5t th\u1ea3i \u0111\u1ec3 b\u00e1n"},"content":{"rendered":"<p class=\"translation-block\">M\u00e1y du\u1ed7i th\u00e9p Shuliy \u0111\u01b0\u1ee3c thi\u1ebft k\u1ebf \u0111\u1ec3 du\u1ed7i th\u1eb3ng c\u00e1c thanh th\u00e9p ph\u1ebf li\u1ec7u b\u1ecb cong ho\u1eb7c bi\u1ebfn d\u1ea1ng (\u0111\u01b0\u1eddng k\u00ednh 6-25mm) \u0111\u1ec3 t\u00e1i s\u1eed d\u1ee5ng. Sau khi du\u1ed7i, kh\u1ed1i l\u01b0\u1ee3ng th\u00e9p ph\u1ebf li\u1ec7u gi\u1ea3m, d\u1ec5 v\u1eadn chuy\u1ec3n.<\/p>    <p>N\u00f3 c\u00f3 \u0111\u1ed9 d\u00e0i th\u1eb3ng 500-2000mm v\u00e0 th\u1eddi gian l\u00e0m th\u1eb3ng 20 l\u1ea7n m\u1ed7i l\u1ea7n.<\/p>    <p>M\u00e1y t\u00e1i ch\u1ebf thanh th\u1ea3i ch\u1ea5t th\u1ea3i n\u00e0y c\u1ea3i thi\u1ec7n gi\u00e1 tr\u1ecb t\u00e1i s\u1eed d\u1ee5ng c\u1ee7a c\u00e1c thanh th\u00e9p v\u00e0 gi\u1ea3m ch\u1ea5t th\u1ea3i, \u0111\u01b0\u1ee3c s\u1eed d\u1ee5ng r\u1ed9ng r\u00e3i trong x\u00e2y d\u1ef1ng x\u00e2y d\u1ef1ng, nh\u00e0 m\u00e1y ch\u1ebf bi\u1ebfn th\u00e9p, tr\u1ea1m t\u00e1i ch\u1ebf kim lo\u1ea1i ph\u1ebf li\u1ec7u v\u00e0 c\u00e1c tr\u01b0\u1eddng kh\u00e1c. N\u1ebfu quan t\u00e2m, ch\u00e0o m\u1eebng b\u1ea1n li\u00ean h\u1ec7 v\u1edbi ch\u00fang t\u00f4i \u0111\u1ec3 bi\u1ebft th\u00eam chi ti\u1ebft!<\/p>    <figure class=\"wp-block-embed is-type-video is-provider-youtube wp-block-embed-youtube wp-embed-aspect-16-9 wp-has-aspect-ratio\"><div class=\"wp-block-embed__wrapper\"> <iframe loading=\"lazy\" title=\"M\u00e1y l\u00e0m th\u1eb3ng Thanh Ch\u1ea5t th\u1ea3i hi\u1ec7u qu\u1ea3 cho T\u00e1i ch\u1ebf s\u1eeda ch\u1eefa thanh th\u00e9p c\u1ee7a thanh tr\u00f2n\" width=\"500\" height=\"281\" src=\"https:\/\/www.youtube.com\/embed\/2trV77C-QWQ?feature=oembed\" frameborder=\"0\" allow=\"accelerometer; autoplay; clipboard-write; encrypted-media; gyroscope; picture-in-picture; web-share\" referrerpolicy=\"strict-origin-when-cross-origin\" allowfullscreen><\/iframe> <\/div><\/figure>    <h2 class=\"wp-block-heading\"><strong>\u01afu \u0111i\u1ec3m c\u1ee7a m\u00e1y l\u00e0m th\u1eb3ng c\u1ed1t th\u00e9p ph\u1ebf li\u1ec7u<\/strong><\/h2>    <ul class=\"wp-block-list\"> <li>N\u00f3 c\u00f3 th\u1ec3 <strong>C\u00e1c thanh b\u1ecb cong ho\u1eb7c bi\u1ebfn d\u1ea1ng th\u1eb3ng (6-25mm) v\u1edbi s\u1ea3n l\u01b0\u1ee3ng 20 l\u1ea7n m\u1ed7i l\u1ea7n,<\/strong> \u0111\u00f3 l\u00e0 hi\u1ec7u qu\u1ea3.<\/li>    <li>M\u00e1y \u0111i\u1ec1u ch\u1ec9nh thanh th\u00e9p b\u1eb1ng th\u00e9p ph\u1ebf li\u1ec7u n\u00e0y c\u00f3 <strong>5 l\u1ed7 ho\u1eb7c 6 l\u1ed7 v\u1edbi th\u1ee9c \u0103n h\u00ecnh ch\u1eef T<\/strong>, d\u1ec5 d\u00e0ng \u0111\u1ec3 cho \u0103n v\u00e0 b\u1ec1n.<\/li>    <li>c\u00e1c <strong>thi\u1ebft b\u1ecb \u0111\u01b0\u1ee3c l\u00e0m b\u1eb1ng v\u1eadt li\u1ec7u d\u00e0y<\/strong>, ch\u1ed1ng m\u00f2n, c\u00f3 m\u1ed9t cu\u1ed9c s\u1ed1ng l\u00e2u d\u00e0i.<\/li>    <li>c\u00e1c <strong>Con l\u0103n \u00e1p su\u1ea5t d\u1eadp t\u1eaft nhi\u1ec7t \u0111\u1ed9 cao \u00e1p d\u1ee5ng 40 v\u1eadt li\u1ec7u s\u1eaft<\/strong>, l\u00e0m cho Reebr c\u00f3 hi\u1ec7u \u1ee9ng l\u00e0m th\u1eb3ng t\u1ed1t.<\/li> <\/ul>    <figure class=\"wp-block-gallery has-nested-images columns-default is-cropped wp-block-gallery-2 is-layout-flex wp-block-gallery-is-layout-flex\"> <figure class=\"wp-block-image size-large\"><img loading=\"lazy\" decoding=\"async\" width=\"720\" height=\"540\" data-id=\"4105\" src=\"https:\/\/www.baler-machines.com\/wp-content\/uploads\/2025\/03\/scrap-steel-bar-rebar-rod-straightening-machine-for-sale.webp\" alt=\"\u00a0M\u00c1Y TUY\u1ec6T V\u1edcI THI\u1ebeT B\u1eca TH\u00c9P TH\u00c9P\" class=\"wp-image-4105\" title=\"\" srcset=\"https:\/\/www.baler-machines.com\/wp-content\/uploads\/2025\/03\/scrap-steel-bar-rebar-rod-straightening-machine-for-sale.webp 720w, https:\/\/www.baler-machines.com\/wp-content\/uploads\/2025\/03\/scrap-steel-bar-rebar-rod-straightening-machine-for-sale-16x12.webp 16w\" sizes=\"auto, (max-width: 720px) 100vw, 720px\" \/><figcaption class=\"wp-element-caption\">\u00a0M\u00c1Y TUY\u1ec6T V\u1edcI THI\u1ebeT B\u1eca TH\u00c9P TH\u00c9P<\/figcaption><\/figure>    <figure class=\"wp-block-image size-large\"><img loading=\"lazy\" decoding=\"async\" width=\"720\" height=\"540\" data-id=\"4106\" src=\"https:\/\/www.baler-machines.com\/wp-content\/uploads\/2025\/03\/feeding-holes-of-scrap-rebar-straightener-machine.webp\" alt=\"l\u1ed7 c\u1ea5p li\u1ec7u c\u1ee7a m\u00e1y l\u00e0m th\u1eb3ng th\u00e9p ph\u1ebf li\u1ec7u\" class=\"wp-image-4106\" title=\"\" srcset=\"https:\/\/www.baler-machines.com\/wp-content\/uploads\/2025\/03\/feeding-holes-of-scrap-rebar-straightener-machine.webp 720w, https:\/\/www.baler-machines.com\/wp-content\/uploads\/2025\/03\/feeding-holes-of-scrap-rebar-straightener-machine-16x12.webp 16w\" sizes=\"auto, (max-width: 720px) 100vw, 720px\" \/><figcaption class=\"wp-element-caption\">Nu\u00f4i d\u01b0\u1ee1ng c\u00e1c l\u1ed7 c\u1ee7a m\u00e1y \u0111i\u1ec1u ch\u1ec9nh m\u00e1y \u0111i\u1ec1u ch\u1ec9nh thanh c\u1ed1t th\u00e9p ph\u1ebf li\u1ec7u<\/figcaption><\/figure> <\/figure>    <h2 class=\"wp-block-heading\"><strong>Th\u00f4ng s\u1ed1 k\u1ef9 thu\u1eadt c\u1ee7a m\u00e1y l\u00e0m th\u1eb3ng thanh th\u00e9p<\/strong><\/h2>    <figure class=\"wp-block-table\"><table><tbody><tr><td>Ng\u01b0\u1eddi m\u1eabu<\/td><td>6-10<\/td><td>6-14<\/td><td>8-16<\/td><td>14-25<\/td><\/tr><tr><td>\u0110\u01b0\u1eddng k\u00ednh thanh th\u1eb3ng<\/td><td>6-10mm<\/td><td>6-14mm<\/td><td>8-16mm<\/td><td>14-25mm<\/td><\/tr><tr><td>Th\u1eddi gian l\u00e0m th\u1eb3ng<\/td><td>5 l\u1ed7, 20 l\u1ea7n\/th\u1eddi gian<\/td><td>5 l\u1ed7, 20 l\u1ea7n\/th\u1eddi gian<\/td><td>5 l\u1ed7, 20 l\u1ea7n\/th\u1eddi gian<\/td><td>6 l\u1ed7, 20 l\u1ea7n\/th\u1eddi gian<\/td><\/tr><tr><td>Chi\u1ec1u d\u00e0i du\u1ed7i th\u1eb3ng<\/td><td>500-2000mm<\/td><td>500-2000mm<\/td><td>500-2000mm<\/td><td>500-2000mm<\/td><\/tr><tr><td>C\u00f4ng su\u1ea5t \u0111\u1ed9ng c\u01a1<\/td><td>4kW<\/td><td>5kw<\/td><td>5kw<\/td><td>15kw<\/td><\/tr><tr><td>Tr\u1ecdng l\u01b0\u1ee3ng m\u00e1y<\/td><td>570kg<\/td><td>730kg<\/td><td>750kg<\/td><td>980kg<\/td><\/tr><tr><td>K\u00edch th\u01b0\u1edbc m\u00e1y<\/td><td>1100*720*1150mm<\/td><td>1200*7890*1220mm<\/td><td>1250*820*1300mm<\/td><td>1550*890*1600mm<\/td><\/tr><\/tbody><\/table><figcaption class=\"wp-element-caption\">Th\u00f4ng s\u1ed1 k\u1ef9 thu\u1eadt c\u1ee7a m\u00e1y \u0111i\u1ec1u ch\u1ec9nh thanh th\u00e9p<\/figcaption><\/figure>   <div class=\"wp-block-image\"> <figure class=\"aligncenter size-full\"><img loading=\"lazy\" decoding=\"async\" width=\"720\" height=\"540\" src=\"https:\/\/www.baler-machines.com\/wp-content\/uploads\/2025\/03\/waste-rebar-straightening-machine-for-sale-in-stock.webp\" alt=\"M\u00e1y \u0111i\u1ec1u ch\u1ec9nh ch\u1ea5t th\u1ea3i ch\u1ea5t th\u1ea3i \u0111\u1ec3 b\u00e1n trong kho\" class=\"wp-image-4107\" title=\"\" srcset=\"https:\/\/www.baler-machines.com\/wp-content\/uploads\/2025\/03\/waste-rebar-straightening-machine-for-sale-in-stock.webp 720w, https:\/\/www.baler-machines.com\/wp-content\/uploads\/2025\/03\/waste-rebar-straightening-machine-for-sale-in-stock-16x12.webp 16w\" sizes=\"auto, (max-width: 720px) 100vw, 720px\" \/><figcaption class=\"wp-element-caption\">M\u00e1y \u0111i\u1ec1u ch\u1ec9nh ch\u1ea5t th\u1ea3i ch\u1ea5t th\u1ea3i \u0111\u1ec3 b\u00e1n trong kho<\/figcaption><\/figure> <\/div>   <h2 class=\"wp-block-heading\"><strong>C\u00e1c \u1ee9ng d\u1ee5ng c\u1ee7a m\u00e1y l\u00e0m th\u1eb3ng ch\u1ea5t th\u1ea3i c\u1ed1t th\u00e9p<\/strong><\/h2>    <p>M\u00e1y l\u00e0m th\u1eb3ng c\u1ed1t th\u00e9p ph\u1ebf li\u1ec7u c\u1ee7a ch\u00fang t\u00f4i \u0111\u01b0\u1ee3c s\u1eed d\u1ee5ng r\u1ed9ng r\u00e3i trong nhi\u1ec1u ng\u00e0nh c\u00f4ng nghi\u1ec7p nh\u01b0 x\u00e2y d\u1ef1ng, c\u1ea7u, x\u00e2y d\u1ef1ng \u0111\u01b0\u1eddng, t\u00e1i ch\u1ebf kim lo\u1ea1i ph\u1ebf li\u1ec7u, v.v ... C\u00e1c \u1ee9ng d\u1ee5ng ch\u00ednh c\u1ee7a n\u00f3 bao g\u1ed3m:<\/p>    <ul class=\"wp-block-list\"> <li><strong>Ng\u00e0nh x\u00e2y d\u1ef1ng<\/strong>: C\u00e1c thanh th\u00e9p b\u1ecb lo\u1ea1i b\u1ecf tr\u00ean c\u00f4ng tr\u01b0\u1eddng c\u00f3 th\u1ec3 \u0111\u01b0\u1ee3c t\u00e1i s\u1eed d\u1ee5ng \u0111\u1ec3 x\u00e2y d\u1ef1ng sau khi \u0111\u01b0\u1ee3c x\u1eed l\u00fd b\u1eb1ng m\u00e1y l\u00e0m th\u1eb3ng \u0111\u1ec3 gi\u1ea3m ch\u1ea5t th\u1ea3i.<\/li>    <li><strong>Nh\u00e0 m\u00e1y ch\u1ebf bi\u1ebfn thanh th\u00e9p<\/strong>: \u0110\u01b0\u1ee3c s\u1eed d\u1ee5ng \u0111\u1ec3 du\u1ed7i th\u1eb3ng c\u00e1c thanh th\u00e9p ch\u1ea5t th\u1ea3i t\u00e1i ch\u1ebf tr\u01b0\u1edbc khi c\u1eaft v\u00e0 h\u00e0n \u0111\u1ec3 c\u1ea3i thi\u1ec7n gi\u00e1 tr\u1ecb t\u00e1i s\u1eed d\u1ee5ng c\u1ee7a c\u00e1c thanh th\u00e9p.<\/li>    <li><strong>Tr\u1ea1m t\u00e1i ch\u1ebf kim lo\u1ea1i ph\u1ebf li\u1ec7u<\/strong>: Gi\u00fap t\u00e1i ch\u1ebf tr\u1ea1m \u0111\u1ec3 x\u1eed l\u00fd c\u1ed1t th\u00e9p ph\u1ebf li\u1ec7u m\u1ed9t c\u00e1ch hi\u1ec7u qu\u1ea3 v\u00e0 c\u1ea3i thi\u1ec7n l\u1ee3i \u00edch kinh t\u1ebf c\u1ee7a kim lo\u1ea1i t\u00e1i ch\u1ebf.<\/li>    <li><strong>X\u00e2y d\u1ef1ng c\u1ea7u<\/strong>: M\u1ed9t s\u1ed1 thanh th\u00e9p ph\u1ebf li\u1ec7u c\u00f3 th\u1ec3 \u0111\u01b0\u1ee3c t\u00e1i s\u1eed d\u1ee5ng trong x\u00e2y d\u1ef1ng c\u1ea7u sau khi du\u1ed7i v\u00e0 x\u1eed l\u00fd, gi\u1ea3m chi ph\u00ed x\u00e2y d\u1ef1ng.<\/li> <\/ul>    <figure class=\"wp-block-gallery has-nested-images columns-default is-cropped wp-block-gallery-3 is-layout-flex wp-block-gallery-is-layout-flex\"> <figure class=\"wp-block-image size-large\"><img loading=\"lazy\" decoding=\"async\" width=\"725\" height=\"435\" data-id=\"4110\" src=\"https:\/\/www.baler-machines.com\/wp-content\/uploads\/2025\/03\/bent-or-deformed-steel-bars.webp\" alt=\"th\u00e9p thanh b\u1ecb cong ho\u1eb7c bi\u1ebfn d\u1ea1ng\" class=\"wp-image-4110\" title=\"\" srcset=\"https:\/\/www.baler-machines.com\/wp-content\/uploads\/2025\/03\/bent-or-deformed-steel-bars.webp 725w, https:\/\/www.baler-machines.com\/wp-content\/uploads\/2025\/03\/bent-or-deformed-steel-bars-18x12.webp 18w\" sizes=\"auto, (max-width: 725px) 100vw, 725px\" \/><figcaption class=\"wp-element-caption\">Thanh th\u00e9p b\u1ecb u\u1ed1n cong ho\u1eb7c bi\u1ebfn d\u1ea1ng<\/figcaption><\/figure>    <figure class=\"wp-block-image size-large\"><img loading=\"lazy\" decoding=\"async\" width=\"727\" height=\"439\" data-id=\"4111\" src=\"https:\/\/www.baler-machines.com\/wp-content\/uploads\/2025\/03\/straightened-rebars.webp\" alt=\"th\u00e9p thanh \u0111\u00e3 \u0111\u01b0\u1ee3c l\u00e0m th\u1eb3ng\" class=\"wp-image-4111\" title=\"\" srcset=\"https:\/\/www.baler-machines.com\/wp-content\/uploads\/2025\/03\/straightened-rebars.webp 727w, https:\/\/www.baler-machines.com\/wp-content\/uploads\/2025\/03\/straightened-rebars-18x12.webp 18w\" sizes=\"auto, (max-width: 727px) 100vw, 727px\" \/><figcaption class=\"wp-element-caption\">C\u1ea3i c\u1ed1t \u0111\u1ee9ng th\u1eb3ng<\/figcaption><\/figure> <\/figure>    <h2 class=\"wp-block-heading\"><strong>L\u00e0m th\u1ebf n\u00e0o \u0111\u1ec3 shuliy th\u00e9p straten c\u00f4ng su\u1ea5t ho\u1ea1t \u0111\u1ed9ng?<\/strong><\/h2>    <p>M\u00e1y l\u00e0m th\u1eb3ng thanh tr\u00f2n ch\u1ee7 y\u1ebfu ho\u00e0n th\u00e0nh c\u00f4ng vi\u1ec7c du\u1ed7i th\u1eb3ng th\u00f4ng qua c\u01a1 ch\u1ebf du\u1ed7i th\u1eb3ng v\u00e0 h\u1ec7 th\u1ed1ng l\u1ef1c k\u00e9o, v\u00e0 quy tr\u00ecnh l\u00e0m vi\u1ec7c c\u01a1 b\u1ea3n nh\u01b0 sau:<\/p>    <ol class=\"wp-block-list\"> <li><strong>cho \u0103n<\/strong>: Thanh th\u00e9p b\u1ecb u\u1ed1n cong ho\u1eb7c bi\u1ebfn d\u1ea1ng v\u00e0o m\u00e1y th\u00f4ng qua c\u1ed5ng cho \u0103n.<\/li>    <li><strong>L\u00e0m th\u1eb3ng<\/strong>: Thanh \u0111i qua m\u1ed9t s\u1ed1 b\u00e1nh xe th\u1eb3ng, d\u1ef1a v\u00e0o l\u1ef1c c\u0103ng c\u01a1 h\u1ecdc \u0111\u1ec3 \u0111i th\u1eb3ng d\u1ea7n.<\/li>    <li><strong>\u0110\u1ea7u ra th\u00e0nh ph\u1ea9m<\/strong>: Cu\u1ed1i c\u00f9ng nh\u1eadn \u0111\u01b0\u1ee3c c\u1ed1t th\u00e9p v\u1edbi \u0111\u1ed9 th\u1eb3ng cao, c\u00f3 th\u1ec3 \u0111\u01b0\u1ee3c s\u1eed d\u1ee5ng \u0111\u1ec3 x\u00e2y d\u1ef1ng ho\u1eb7c t\u00e1i ch\u1ebf.<\/li> <\/ol>   <div class=\"wp-block-image\"> <figure class=\"aligncenter size-full\"><img loading=\"lazy\" decoding=\"async\" width=\"720\" height=\"540\" src=\"https:\/\/www.baler-machines.com\/wp-content\/uploads\/2025\/03\/automatic-steel-rod-straightening-machine.webp\" alt=\"M\u00e1y l\u00e0m th\u1eb3ng thanh th\u00e9p t\u1ef1 \u0111\u1ed9ng\" class=\"wp-image-4112\" title=\"\" srcset=\"https:\/\/www.baler-machines.com\/wp-content\/uploads\/2025\/03\/automatic-steel-rod-straightening-machine.webp 720w, https:\/\/www.baler-machines.com\/wp-content\/uploads\/2025\/03\/automatic-steel-rod-straightening-machine-16x12.webp 16w\" sizes=\"auto, (max-width: 720px) 100vw, 720px\" \/><figcaption class=\"wp-element-caption\">M\u00e1y l\u00e0m th\u1eb3ng thanh th\u00e9p t\u1ef1 \u0111\u1ed9ng<\/figcaption><\/figure> <\/div>   <h2 class=\"wp-block-heading\"><strong>Gi\u00e1 m\u00e1y l\u00e0m th\u1eb3ng th\u00e9p x\u00e2y d\u1ef1ng l\u00e0 bao nhi\u00eau?<\/strong><\/h2>    <p>Gi\u00e1 c\u1ee7a m\u1ed9t m\u00e1y l\u00e0m th\u1eb3ng thanh tr\u00f2n b\u1ecb \u1ea3nh h\u01b0\u1edfng b\u1edfi m\u1ed9t s\u1ed1 y\u1ebfu t\u1ed1, bao g\u1ed3m m\u00f4 h\u00ecnh, \u0111\u1eb7c \u0111i\u1ec3m k\u1ef9 thu\u1eadt v\u00e0 v\u1eadt li\u1ec7u c\u1ee7a thi\u1ebft b\u1ecb. C\u00e1c m\u00f4 h\u00ecnh thi\u1ebft b\u1ecb kh\u00e1c nhau c\u00f3 k\u00edch th\u01b0\u1edbc \u0111\u1eb7c t\u1ea3 kh\u00e1c nhau, \u1ea3nh h\u01b0\u1edfng \u0111\u1ebfn ph\u1ea1m vi c\u1ee7a \u1ee9ng d\u1ee5ng. S\u1ef1 l\u1ef1a ch\u1ecdn v\u1eadt li\u1ec7u c\u00f3 li\u00ean quan \u0111\u1ebfn \u0111\u1ed9 b\u1ec1n v\u00e0 tu\u1ed5i th\u1ecd d\u1ecbch v\u1ee5 c\u1ee7a thi\u1ebft b\u1ecb. Nh\u1eefng y\u1ebfu t\u1ed1 n\u00e0y c\u00f9ng nhau x\u00e1c \u0111\u1ecbnh gi\u00e1 cu\u1ed1i c\u00f9ng c\u1ee7a thi\u1ebft b\u1ecb.<\/p>    <p>B\u1ea1n mu\u1ed1n nh\u1eadn \u0111\u01b0\u1ee3c m\u1ed9t b\u00e1o gi\u00e1 c\u1ee5 th\u1ec3? H\u00e3y li\u00ean h\u1ec7 v\u1edbi ch\u00fang t\u00f4i!<\/p>   <div class=\"wp-block-image\"> <figure class=\"aligncenter size-full\"><img loading=\"lazy\" decoding=\"async\" width=\"720\" height=\"540\" src=\"https:\/\/www.baler-machines.com\/wp-content\/uploads\/2025\/03\/scrap-steel-bar-straightener-machine.webp\" alt=\"m\u00e1y \u0111i\u1ec1u ch\u1ec9nh m\u00e1y \u0111i\u1ec1u khi\u1ec3n thanh th\u00e9p ph\u1ebf li\u1ec7u\" class=\"wp-image-4113\" title=\"\" srcset=\"https:\/\/www.baler-machines.com\/wp-content\/uploads\/2025\/03\/scrap-steel-bar-straightener-machine.webp 720w, https:\/\/www.baler-machines.com\/wp-content\/uploads\/2025\/03\/scrap-steel-bar-straightener-machine-16x12.webp 16w\" sizes=\"auto, (max-width: 720px) 100vw, 720px\" \/><figcaption class=\"wp-element-caption\">M\u00e1y \u0111i\u1ec1u ch\u1ec9nh thanh m\u00e1y \u0111i\u1ec1u ch\u1ec9nh thanh th\u00e9p 6-25mm<\/figcaption><\/figure> <\/div>   <h2 class=\"wp-block-heading\"><strong>Shuliy: Nh\u00e0 s\u1ea3n xu\u1ea5t v\u00e0 nh\u00e0 cung c\u1ea5p m\u00e1y l\u00e0m th\u1eb3ng c\u1ed1t th\u00e9p chuy\u00ean nghi\u1ec7p<\/strong><\/h2>    <p>Shuliy l\u00e0 m\u1ed9t nh\u00e0 s\u1ea3n xu\u1ea5t chuy\u00ean nghi\u1ec7p c\u1ee7a m\u00e1y l\u00e0m th\u1eb3ng thanh th\u00e9p ph\u1ebf li\u1ec7u v\u1edbi kinh nghi\u1ec7m s\u1ea3n xu\u1ea5t phong ph\u00fa v\u00e0 c\u00f4ng ngh\u1ec7 tr\u01b0\u1edfng th\u00e0nh. C\u00e1c s\u1ea3n ph\u1ea9m c\u1ee7a ch\u00fang t\u00f4i n\u1ed5i ti\u1ebfng v\u1ec1 ch\u1ea5t l\u01b0\u1ee3ng cao, hi\u1ec7u qu\u1ea3 cao v\u00e0 m\u1ee9c ti\u00eau th\u1ee5 n\u0103ng l\u01b0\u1ee3ng th\u1ea5p, \u0111\u01b0\u1ee3c kh\u00e1ch h\u00e0ng tr\u00ean to\u00e0n th\u1ebf gi\u1edbi tin t\u01b0\u1edfng. Ch\u00fang t\u00f4i cung c\u1ea5p:<\/p>    <ul class=\"wp-block-list\"> <li>\u0110\u1ea7y \u0111\u1ee7 c\u00e1c thi\u1ebft b\u1ecb m\u00e1y \u0111i\u1ec1u ch\u1ec9nh thanh th\u00e9p ch\u1ea5t th\u1ea3i cho c\u00e1c nhu c\u1ea7u kh\u00e1c nhau<\/li>    <li>H\u1ed7 tr\u1ee3 v\u00e0 \u0111\u00e0o t\u1ea1o k\u1ef9 thu\u1eadt \u0111\u1ec3 \u0111\u1ea3m b\u1ea3o s\u1eed d\u1ee5ng su\u00f4n s\u1ebb thi\u1ebft b\u1ecb<\/li>    <li>D\u1ecbch v\u1ee5 sau b\u00e1n h\u00e0ng nhanh ch\u00f3ng \u0111\u1ec3 \u0111\u1ea3m b\u1ea3o ho\u1ea1t \u0111\u1ed9ng \u1ed5n \u0111\u1ecbnh l\u00e2u d\u00e0i c\u1ee7a thi\u1ebft b\u1ecb<\/li> <\/ul>    <p>N\u1ebfu b\u1ea1n c\u1ea7n m\u1ed9t m\u00e1y \u0111i\u1ec1u ch\u1ec9nh m\u00e1y \u0111i\u1ec1u ch\u1ec9nh c\u1ed1t th\u00e9p hi\u1ec7u qu\u1ea3 cao, Shuliy l\u00e0 l\u1ef1a ch\u1ecdn t\u1ed1t nh\u1ea5t c\u1ee7a b\u1ea1n!<\/p>    <figure class=\"wp-block-gallery aligncenter has-nested-images columns-default is-cropped wp-block-gallery-4 is-layout-flex wp-block-gallery-is-layout-flex\"> <figure class=\"wp-block-image size-full\"><img loading=\"lazy\" decoding=\"async\" width=\"720\" height=\"540\" data-id=\"4109\" src=\"https:\/\/www.baler-machines.com\/wp-content\/uploads\/2025\/03\/steel-wire-straightening-machine-in-the-factory.webp\" alt=\"M\u00e1y l\u00e0m th\u1eb3ng d\u00e2y th\u00e9p trong nh\u00e0 m\u00e1y\" class=\"wp-image-4109\" title=\"\" srcset=\"https:\/\/www.baler-machines.com\/wp-content\/uploads\/2025\/03\/steel-wire-straightening-machine-in-the-factory.webp 720w, https:\/\/www.baler-machines.com\/wp-content\/uploads\/2025\/03\/steel-wire-straightening-machine-in-the-factory-16x12.webp 16w\" sizes=\"auto, (max-width: 720px) 100vw, 720px\" \/><figcaption class=\"wp-element-caption\">M\u00e1y l\u00e0m th\u1eb3ng d\u00e2y th\u00e9p trong nh\u00e0 m\u00e1y<\/figcaption><\/figure>    <figure class=\"wp-block-image size-full\"><img loading=\"lazy\" decoding=\"async\" width=\"720\" height=\"540\" data-id=\"4108\" src=\"https:\/\/www.baler-machines.com\/wp-content\/uploads\/2025\/03\/round-bar-straightening-machine-manufacturer.webp\" alt=\"Nh\u00e0 s\u1ea3n xu\u1ea5t m\u00e1y l\u00e0m th\u1eb3ng thanh tr\u00f2n\" class=\"wp-image-4108\" title=\"\" srcset=\"https:\/\/www.baler-machines.com\/wp-content\/uploads\/2025\/03\/round-bar-straightening-machine-manufacturer.webp 720w, https:\/\/www.baler-machines.com\/wp-content\/uploads\/2025\/03\/round-bar-straightening-machine-manufacturer-16x12.webp 16w\" sizes=\"auto, (max-width: 720px) 100vw, 720px\" \/><figcaption class=\"wp-element-caption\">Nh\u00e0 s\u1ea3n xu\u1ea5t m\u00e1y l\u00e0m th\u1eb3ng thanh tr\u00f2n<\/figcaption><\/figure> <\/figure>    <h2 class=\"wp-block-heading\"><strong>L\u00e0m th\u1ebf n\u00e0o \u0111\u1ec3 oder m\u1ed9t m\u00e1y t\u00e1i ch\u1ebf thanh th\u00e9p ch\u1ea5t th\u1ea3i t\u1eeb Shuliy?<\/strong><\/h2>    <p>Qu\u00e1 tr\u00ecnh \u0111\u1eb7t h\u00e0ng nhanh ch\u00f3ng v\u00e0 d\u1ec5 d\u00e0ng, b\u1ea1n c\u00f3 th\u1ec3 l\u00e0m theo c\u00e1c b\u01b0\u1edbc d\u01b0\u1edbi \u0111\u00e2y:<\/p>    <ol class=\"wp-block-list\"> <li><strong>Li\u00ean h\u1ec7 v\u1edbi ch\u00fang t\u00f4i<\/strong>: Li\u00ean h\u1ec7 v\u1edbi ch\u00fang t\u00f4i qua th\u00f4ng tin li\u00ean h\u1ec7 tr\u1ef1c tuy\u1ebfn \u1edf ph\u00eda b\u00ean ph\u1ea3i c\u1ee7a trang web.<\/li>    <li><strong>N\u00eau nhu c\u1ea7u c\u1ee7a b\u1ea1n<\/strong>: Cung c\u1ea5p c\u00e1c nhu c\u1ea7u c\u1ee5 th\u1ec3 c\u1ee7a b\u1ea1n, ch\u1eb3ng h\u1ea1n nh\u01b0 \u0111\u01b0\u1eddng k\u00ednh c\u1ed1t th\u00e9p, chi\u1ec1u d\u00e0i l\u00e0m th\u1eb3ng, kh\u1ea3 n\u0103ng x\u1eed l\u00fd, v.v.<\/li>    <li><strong>Ch\u1ecdn thi\u1ebft b\u1ecb<\/strong>Ch\u00fang t\u00f4i s\u1ebd \u0111\u1ec1 xu\u1ea5t m\u00f4 h\u00ecnh ph\u00f9 h\u1ee3p v\u1edbi nhu c\u1ea7u c\u1ee7a b\u1ea1n v\u00e0 cung c\u1ea5p c\u00e1c th\u00f4ng s\u1ed1 chi ti\u1ebft c\u0169ng nh\u01b0 b\u00e1o gi\u00e1.<\/li>    <li><strong>X\u00e1c nh\u1eadn \u0111\u01a1n \u0111\u1eb7t h\u00e0ng<\/strong>: M\u1ecdi th\u1ee9 \u0111\u01b0\u1ee3c x\u00e1c nh\u1eadn, c\u1ea3 hai k\u00fd h\u1ee3p \u0111\u1ed3ng v\u00e0 tr\u1ea3 ti\u1ec1n \u0111\u1eb7t c\u1ecdc.<\/li>    <li><strong>S\u1ea3n xu\u1ea5t v\u00e0 th\u1eed nghi\u1ec7m<\/strong>Ch\u00fang t\u00f4i s\u1ebd ho\u00e0n th\u00e0nh s\u1ea3n xu\u1ea5t trong th\u1eddi gian quy \u0111\u1ecbnh v\u00e0 ki\u1ec3m tra \u0111\u1ec3 \u0111\u1ea3m b\u1ea3o ch\u1ea5t l\u01b0\u1ee3ng c\u1ee7a m\u00e1y.<\/li>    <li><strong>L\u00f4 h\u00e0ng<\/strong>: Thi\u1ebft b\u1ecb du\u1ed7i th\u1eb3ng thanh th\u00e9p s\u1ebd \u0111\u01b0\u1ee3c giao b\u1eb1ng \u0111\u01b0\u1eddng bi\u1ec3n (th\u00f4ng th\u01b0\u1eddng) v\u00e0 \u0111\u1ebfn \u0111i\u1ec3m \u0111\u1ebfn \u0111\u00fang gi\u1edd.<\/li> <\/ol>   <div class=\"wp-block-image\"> <figure class=\"aligncenter size-full\"><img loading=\"lazy\" decoding=\"async\" width=\"720\" height=\"540\" src=\"https:\/\/www.baler-machines.com\/wp-content\/uploads\/2025\/03\/waste-steel-bar-recycling-machine-for-rebar-straightening.webp\" alt=\"M\u00e1y t\u00e1i ch\u1ebf thanh th\u1ea3i b\u1eb1ng th\u00e9p ch\u1ea5t th\u1ea3i \u0111\u1ec3 \u0111i\u1ec1u ch\u1ec9nh l\u1ea7n c\u1ed1t th\u00e9p\" class=\"wp-image-4114\" title=\"\" srcset=\"https:\/\/www.baler-machines.com\/wp-content\/uploads\/2025\/03\/waste-steel-bar-recycling-machine-for-rebar-straightening.webp 720w, https:\/\/www.baler-machines.com\/wp-content\/uploads\/2025\/03\/waste-steel-bar-recycling-machine-for-rebar-straightening-16x12.webp 16w\" sizes=\"auto, (max-width: 720px) 100vw, 720px\" \/><figcaption class=\"wp-element-caption\">M\u00e1y t\u00e1i ch\u1ebf thanh th\u1ea3i b\u1eb1ng th\u00e9p ch\u1ea5t th\u1ea3i \u0111\u1ec3 \u0111i\u1ec1u ch\u1ec9nh l\u1ea7n c\u1ed1t th\u00e9p<\/figcaption><\/figure> <\/div>   <h2 class=\"wp-block-heading\"><strong>Li\u00ean h\u1ec7 v\u1edbi ch\u00fang t\u00f4i ngay b\u00e2y gi\u1edd \u0111\u1ec3 bi\u1ebft th\u00eam chi ti\u1ebft!<\/strong><\/h2>    <p class=\"translation-block\">Ngo\u00e0i m\u00e1y du\u1ed7i th\u00e9p, ch\u00fang t\u00f4i c\u00f2n cung c\u1ea5p c\u00e1c thi\u1ebft b\u1ecb x\u1eed l\u00fd th\u00e9p kh\u00e1c, ch\u1eb3ng h\u1ea1n nh\u01b0 <a href=\"https:\/\/www.baler-machines.com\/vi\/cnc-spiral-rebar-bending-machine\/\">m\u00e1y t\u1ea1o v\u00f2ng th\u00e9p<\/a>, m\u00e1y u\u1ed1n \u0111ai, m\u00e1y u\u1ed1n \u1ed1ng, v.v. <\/p>    <p class=\"translation-block\">N\u1ebfu b\u1ea1n quan t\u00e2m ho\u1eb7c mu\u1ed1n bi\u1ebft th\u00f4ng tin chi ti\u1ebft v\u1ec1 m\u1eabu m\u00e3, gi\u00e1 c\u1ea3 v\u00e0 c\u00e1c th\u00f4ng tin kh\u00e1c, vui l\u00f2ng li\u00ean h\u1ec7 v\u1edbi ch\u00fang t\u00f4i b\u1ea5t c\u1ee9 l\u00fac n\u00e0o. Ch\u00fang t\u00f4i s\u1ebd cung c\u1ea5p th\u00f4ng tin chi ti\u1ebft v\u00e0 gi\u1ea3i ph\u00e1p ph\u00f9 h\u1ee3p nh\u1ea5t cho ho\u1ea1t \u0111\u1ed9ng kinh doanh x\u1eed l\u00fd <a href=\"https:\/\/en.wikipedia.org\/wiki\/Steel_bar\" target=\"_blank\" rel=\"noopener\">th\u00e9p<\/a> c\u1ee7a b\u1ea1n.<\/p>","protected":false},"excerpt":{"rendered":"<p>M\u00e1y l\u00e0m th\u1eb3ng SHULIY \u0111\u01b0\u1ee3c thi\u1ebft k\u1ebf \u0111\u1ec3 du\u1ed7i th\u1eb3ng ho\u1eb7c c\u00e1c thanh th\u00e9p ph\u1ebf li\u1ec7u b\u1ecb bi\u1ebfn d\u1ea1ng (v\u1edbi \u0111\u01b0\u1eddng k\u00ednh 6-25mm) \u0111\u1ec3 t\u00e1i s\u1eed d\u1ee5ng, v\u1edbi chi\u1ec1u d\u00e0i th\u1eb3ng l\u00e0 500-2000mm.<\/p>","protected":false},"author":1,"featured_media":4104,"parent":0,"template":"","tags":[641,643],"product-type":[640],"class_list":["post-4102","product","type-product","status-publish","has-post-thumbnail","hentry","tag-rebar","tag-steel-bar","product-type-rebar-processing-equipment"],"_links":{"self":[{"href":"https:\/\/www.baler-machines.com\/vi\/wp-json\/wp\/v2\/product\/4102","targetHints":{"allow":["GET"]}}],"collection":[{"href":"https:\/\/www.baler-machines.com\/vi\/wp-json\/wp\/v2\/product"}],"about":[{"href":"https:\/\/www.baler-machines.com\/vi\/wp-json\/wp\/v2\/types\/product"}],"author":[{"embeddable":true,"href":"https:\/\/www.baler-machines.com\/vi\/wp-json\/wp\/v2\/users\/1"}],"wp:featuredmedia":[{"embeddable":true,"href":"https:\/\/www.baler-machines.com\/vi\/wp-json\/wp\/v2\/media\/4104"}],"wp:attachment":[{"href":"https:\/\/www.baler-machines.com\/vi\/wp-json\/wp\/v2\/media?parent=4102"}],"wp:term":[{"taxonomy":"post_tag","embeddable":true,"href":"https:\/\/www.baler-machines.com\/vi\/wp-json\/wp\/v2\/tags?post=4102"},{"taxonomy":"product-type","embeddable":true,"href":"https:\/\/www.baler-machines.com\/vi\/wp-json\/wp\/v2\/product-type?post=4102"}],"curies":[{"name":"wp","href":"https:\/\/api.w.org\/{rel}","templated":true}]}}