{"id":4074,"date":"2025-03-04T18:06:14","date_gmt":"2025-03-04T10:06:14","guid":{"rendered":"https:\/\/www.baler-machines.com\/?post_type=product&#038;p=4074"},"modified":"2025-04-11T11:28:47","modified_gmt":"2025-04-11T03:28:47","slug":"cnc-spiral-rebar-bending-machine","status":"publish","type":"product","link":"https:\/\/www.baler-machines.com\/vi\/cnc-spiral-rebar-bending-machine\/","title":{"rendered":"M\u00e1y u\u1ed1n cong xo\u1eafn \u1ed1c xo\u1eafn \u1ed1c CNC cho v\u00f2ng thanh l\u00e0m"},"content":{"rendered":"<p class=\"translation-block\"><strong>M\u00e1y u\u1ed1n xo\u1eafn th\u00e9p<\/strong> Shuliy c\u00f3 th\u1ec3 nhanh ch\u00f3ng v\u00e0 ch\u00ednh x\u00e1c x\u1eed l\u00fd th\u00e9p c\u00e2y t\u1eeb 3-25mm th\u00e0nh c\u00e1c v\u00f2ng tr\u00f2n c\u00f3 \u0111\u01b0\u1eddng k\u00ednh 50-1000mm. N\u00f3 ch\u1ee7 y\u1ebfu s\u1ea3n xu\u1ea5t neo c\u1ecdc xo\u1eafn, \u0111\u01b0\u1ee3c s\u1eed d\u1ee5ng trong \u0111\u01b0\u1eddng s\u1eaft cao t\u1ed1c, t\u00e0u \u0111i\u1ec7n ng\u1ea7m, n\u0103ng l\u01b0\u1ee3ng m\u1eb7t tr\u1eddi v\u00e0 c\u00e1c d\u1ef1 \u00e1n kh\u00e1c.<\/p>    <p>C\u00e1c v\u00f2ng tr\u00f2n \u0111\u01b0\u1ee3c s\u1ea3n xu\u1ea5t b\u1edfi m\u00e1y l\u00e0m v\u00f2ng th\u00e9p n\u00e0y c\u00f3 th\u1ec3 l\u00e0 m\u1ed9t ho\u1eb7c \u0111\u01b0\u1ee3c k\u1ebft n\u1ed1i, ch\u1ee7 y\u1ebfu ph\u1ee5 thu\u1ed9c v\u00e0o nhu c\u1ea7u c\u1ee7a kh\u00e1ch h\u00e0ng. N\u1ebfu b\u1ea1n quan t\u00e2m, xin vui l\u00f2ng li\u00ean h\u1ec7 v\u1edbi ch\u00fang t\u00f4i \u0111\u1ec3 bi\u1ebft th\u00eam chi ti\u1ebft!<\/p>    <figure class=\"wp-block-embed is-type-video is-provider-youtube wp-block-embed-youtube wp-embed-aspect-16-9 wp-has-aspect-ratio\"><div class=\"wp-block-embed__wrapper\"> <iframe loading=\"lazy\" title=\"CNC M\u00e1y l\u00e0m v\u00f2ng c\u1ed1t th\u00e9p CNC M\u00c1Y | T\u1ef1 \u0111\u1ed9ng thanh c\u1ed1t th\u00e9p hooping l\u00e0m m\u00e1y bender d\u00e2y m\u00e1y khu\u1ea5y\" width=\"500\" height=\"281\" src=\"https:\/\/www.youtube.com\/embed\/q6EycUH_dS4?feature=oembed\" frameborder=\"0\" allow=\"accelerometer; autoplay; clipboard-write; encrypted-media; gyroscope; picture-in-picture; web-share\" referrerpolicy=\"strict-origin-when-cross-origin\" allowfullscreen><\/iframe> <\/div><figcaption class=\"wp-element-caption\">M\u00e1y l\u00e0m tr\u00f2n v\u00f2ng xo\u1eafn \u1ed1c<\/figcaption><\/figure>    <h2 class=\"wp-block-heading\"><strong>Th\u00e0nh ph\u1ea9m v\u00e0 \u1ee9ng d\u1ee5ng c\u1ee7a m\u00e1y u\u1ed1n cong xo\u1eafn \u1ed1c<\/strong><\/h2>    <p>M\u00e1y t\u1ea1o h\u00ecnh c\u1ed1t th\u00e9p xo\u1eafn \u1ed1c ch\u1ee7 y\u1ebfu \u0111\u01b0\u1ee3c s\u1eed d\u1ee5ng \u0111\u1ec3 x\u1eed l\u00fd c\u00e1c th\u00f4ng s\u1ed1 k\u1ef9 thu\u1eadt kh\u00e1c nhau c\u1ee7a c\u1ed1t th\u00e9p xo\u1eafn \u1ed1c v\u00e0 v\u00f2ng tr\u00f2n th\u00e0nh c\u00e1c v\u00f2ng tr\u00f2n v\u1edbi \u0111\u01b0\u1eddng k\u00ednh kh\u00e1c nhau (hi\u1ec3n th\u1ecb b\u00ean d\u01b0\u1edbi), \u0111\u01b0\u1ee3c s\u1eed d\u1ee5ng r\u1ed9ng r\u00e3i trong \u0111\u01b0\u1eddng s\u1eaft t\u1ed1c \u0111\u1ed9 cao, t\u00e0u \u0111i\u1ec7n ng\u1ea7m, c\u1ea7u, nh\u00e0 m\u00e1y \u0111i\u1ec7n quang \u0111i\u1ec7n, k\u1ef9 thu\u1eadt x\u00e2y d\u1ef1ng v\u00e0 c\u00e1c tr\u01b0\u1eddng kh\u00e1c.<\/p>    <ul class=\"wp-block-list\"> <li><strong>C\u1ecdc m\u1eb7t \u0111\u1ea5t neo<\/strong>: \u0110\u01b0\u1ee3c s\u1eed d\u1ee5ng \u0111\u1ec3 c\u1ee7ng c\u1ed1 v\u00e0 h\u1ed7 tr\u1ee3 c\u00e1c n\u1ec1n t\u1ea3ng trong \u0111\u01b0\u1eddng s\u1eaft t\u1ed1c \u0111\u1ed9 cao, t\u00e0u \u0111i\u1ec7n ng\u1ea7m v\u00e0 c\u00e1c d\u1ef1 \u00e1n kh\u00e1c.<\/li>    <li><strong>X\u00e2y d\u1ef1ng x\u00e2y d\u1ef1ng<\/strong>N: \u0110\u01b0\u1ee3c s\u1eed d\u1ee5ng \u0111\u1ec3 s\u1ea3n xu\u1ea5t c\u00e1c th\u00e0nh ph\u1ea7n thanh th\u00e9p tr\u00f2n cho c\u00e1c c\u1ea5u tr\u00fac t\u00f2a nh\u00e0 kh\u00e1c nhau.<\/li>    <li><strong>Nh\u00e0 m\u00e1y \u0111i\u1ec7n quang \u0111i\u1ec7n<\/strong>: \u0110\u01b0\u1ee3c s\u1eed d\u1ee5ng \u0111\u1ec3 c\u1ee7ng c\u1ed1 n\u1ec1n t\u1ea3ng c\u1ee7a gi\u00e1 treo quang \u0111i\u1ec7n \u0111\u1ec3 c\u1ea3i thi\u1ec7n s\u1ef1 \u1ed5n \u0111\u1ecbnh c\u00e0i \u0111\u1eb7t.<\/li>    <li><strong>X\u00e2y d\u1ef1ng c\u1ea7u<\/strong>: \u0110\u1ec3 x\u1eed l\u00fd c\u00e1c thanh th\u00e9p xo\u1eafn \u1ed1c cho c\u00e1c c\u1ea5u tr\u00fac c\u1ea7u \u0111\u1ec3 t\u0103ng c\u01b0\u1eddng \u0111\u1ed9 \u1ed5n \u0111\u1ecbnh c\u1ee7a c\u1ea7u.<\/li> <\/ul>   <div class=\"wp-block-image\"> <figure class=\"aligncenter size-full\"><img loading=\"lazy\" decoding=\"async\" width=\"720\" height=\"540\" src=\"https:\/\/www.baler-machines.com\/wp-content\/uploads\/2025\/03\/end-products-and-applications-of-spiral-rebar-bender-machine.webp\" alt=\"C\u00e1c s\u1ea3n ph\u1ea9m cu\u1ed1i c\u00f9ng v\u00e0 c\u00e1c \u1ee9ng d\u1ee5ng c\u1ee7a m\u00e1y Bender Bender xo\u1eafn \u1ed1c\" class=\"wp-image-4077\" title=\"\" srcset=\"https:\/\/www.baler-machines.com\/wp-content\/uploads\/2025\/03\/end-products-and-applications-of-spiral-rebar-bender-machine.webp 720w, https:\/\/www.baler-machines.com\/wp-content\/uploads\/2025\/03\/end-products-and-applications-of-spiral-rebar-bender-machine-16x12.webp 16w\" sizes=\"auto, (max-width: 720px) 100vw, 720px\" \/><figcaption class=\"wp-element-caption\">C\u00e1c s\u1ea3n ph\u1ea9m cu\u1ed1i c\u00f9ng v\u00e0 c\u00e1c \u1ee9ng d\u1ee5ng c\u1ee7a m\u00e1y Bender Bender xo\u1eafn \u1ed1c<\/figcaption><\/figure> <\/div>   <h2 class=\"wp-block-heading\"><strong>\u01afu \u0111i\u1ec3m c\u1ee7a m\u00e1y t\u1ea1o h\u00ecnh c\u1ed1t th\u00e9p xo\u1eafn \u1ed1c c\u1ee7a Shuliy CNC<\/strong><\/h2>    <ul class=\"wp-block-list\"> <li>M\u00e1y c\u1ee7a ch\u00fang t\u00f4i c\u00f3 th\u1ec3 x\u1eed l\u00fd <strong>T\u00e1i thi\u1ebft c\u00f3 \u0111\u01b0\u1eddng k\u00ednh 3-25mm<\/strong> v\u00e0 l\u00e0m <strong>v\u00f2ng tr\u00f2n c\u00f3 \u0111\u01b0\u1eddng k\u00ednh 50-3000mm<\/strong>.<\/li>    <li>Shuliy CNC M\u00e1y l\u00e0m tr\u00f2n Rebar ho\u00e0n to\u00e0n t\u1ef1 \u0111\u1ed9ng c\u00f3 <strong>t\u1ed1c \u0111\u1ed9 l\u00e0m vi\u1ec7c 16-30m\/ph\u00fat<\/strong> v\u00e0 a <strong>L\u1ed7i l\u00e0m vi\u1ec7c \u00b1 0,2mm<\/strong>.<\/li>    <li>N\u00f3 th\u00f4ng qua m\u1ed9t <strong>H\u1ec7 th\u1ed1ng \u0111i\u1ec1u khi\u1ec3n PLC<\/strong>, hi\u1ec7n th\u1ef1c h\u00f3a ho\u1ea1t \u0111\u1ed9ng ho\u00e0n to\u00e0n t\u1ef1 \u0111\u1ed9ng, c\u00f3 hi\u1ec7u qu\u1ea3 cao.<\/li>    <li>M\u00e1y u\u1ed1n v\u00f2ng v\u00f2ng xo\u1eafn \u1ed1c n\u00e0y c\u00f3 m\u1ed9t <strong>C\u1ea5u tr\u00fac m\u1ea1nh m\u1ebd<\/strong>, ho\u1ea1t \u0111\u1ed9ng \u1ed5n \u0111\u1ecbnh, ph\u00f9 h\u1ee3p \u0111\u1ec3 x\u1eed l\u00fd kh\u1ed1i l\u01b0\u1ee3ng l\u1edbn.<\/li>    <li>c\u00e1c <strong>Giao di\u1ec7n tr\u1ef1c quan<\/strong> l\u00e0 \u0111\u01a1n gi\u1ea3n v\u00e0 d\u1ec5 d\u00e0ng \u0111\u1ec3 c\u00e1c nh\u00e0 khai th\u00e1c b\u1eaft \u0111\u1ea7u.<\/li> <\/ul>    <figure class=\"wp-block-gallery has-nested-images columns-default is-cropped wp-block-gallery-2 is-layout-flex wp-block-gallery-is-layout-flex\"> <figure class=\"wp-block-image size-full\"><img loading=\"lazy\" decoding=\"async\" width=\"720\" height=\"540\" data-id=\"4089\" src=\"https:\/\/www.baler-machines.com\/wp-content\/uploads\/2025\/03\/3-6mm-spiral-hooping-round-bending-machine.webp\" alt=\"M\u00e1y u\u1ed1n v\u00f2ng xo\u1eafn \u1ed1c 3-6mm\" class=\"wp-image-4089\" title=\"\" srcset=\"https:\/\/www.baler-machines.com\/wp-content\/uploads\/2025\/03\/3-6mm-spiral-hooping-round-bending-machine.webp 720w, https:\/\/www.baler-machines.com\/wp-content\/uploads\/2025\/03\/3-6mm-spiral-hooping-round-bending-machine-16x12.webp 16w\" sizes=\"auto, (max-width: 720px) 100vw, 720px\" \/><figcaption class=\"wp-element-caption\">M\u00e1y u\u1ed1n v\u00f2ng xo\u1eafn \u1ed1c 3-6mm<\/figcaption><\/figure>    <figure class=\"wp-block-image size-full\"><img loading=\"lazy\" decoding=\"async\" width=\"720\" height=\"540\" data-id=\"4090\" src=\"https:\/\/www.baler-machines.com\/wp-content\/uploads\/2025\/03\/8-12mm-spiral-steel-bar-bending-machine.webp\" alt=\"M\u00e1y u\u1ed1n th\u00e9p xo\u1eafn \u1ed1c 8-12mm\" class=\"wp-image-4090\" title=\"\" srcset=\"https:\/\/www.baler-machines.com\/wp-content\/uploads\/2025\/03\/8-12mm-spiral-steel-bar-bending-machine.webp 720w, https:\/\/www.baler-machines.com\/wp-content\/uploads\/2025\/03\/8-12mm-spiral-steel-bar-bending-machine-16x12.webp 16w\" sizes=\"auto, (max-width: 720px) 100vw, 720px\" \/><figcaption class=\"wp-element-caption\">M\u00e1y u\u1ed1n th\u00e9p xo\u1eafn \u1ed1c 8-12mm<\/figcaption><\/figure> <\/figure>    <h2 class=\"wp-block-heading\"><strong>C\u00e1c th\u00f4ng s\u1ed1 k\u1ef9 thu\u1eadt c\u1ee7a m\u00e1y u\u1ed1n c\u1ed1t th\u00e9p xo\u1eafn \u1ed1c t\u1ef1 \u0111\u1ed9ng<\/strong><\/h2>    <figure class=\"wp-block-table\"><table><tbody><tr><td>Ng\u01b0\u1eddi m\u1eabu<\/td><td>3-6<\/td><td>6-10<\/td><td>8-12<\/td><td>10-14<\/td><td>16-20<\/td><td>22-25<\/td><\/tr><tr><td>\u0110\u01b0\u1eddng k\u00ednh thanh th\u00e9p \u00e1p d\u1ee5ng<\/td><td>3-6mm<\/td><td>6-10mm<\/td><td>8-12mm<\/td><td>10-14mm<\/td><td>16-20mm<\/td><td>22-25mm<\/td><\/tr><tr><td>T\u1ed5ng c\u00f4ng su\u1ea5t \u0111\u1ed9ng c\u01a1<\/td><td>4kW<\/td><td>5,5kw<\/td><td>7kw<\/td><td>7kw<\/td><td>11kw<\/td><td>15kw<\/td><\/tr><tr><td>\u0110\u01b0\u1eddng k\u00ednh v\u00f2ng thanh th\u00e9p th\u00e0nh ph\u1ea9m<\/td><td>50-1000mm<\/td><td>50-800mm<\/td><td>50-1500mm<\/td><td>50-1800mm<\/td><td>50-2200mm<\/td><td>50-3000mm<\/td><\/tr><tr><td>T\u1ed1c \u0111\u1ed9 di chuy\u1ec3n<\/td><td>16-25m\/ph\u00fat<\/td><td>16-25m\/ph\u00fat<\/td><td>16-25m\/ph\u00fat<\/td><td>16-25m\/ph\u00fat<\/td><td>16-30m\/ph\u00fat<\/td><td>16-30m\/ph\u00fat<\/td><\/tr><tr><td>L\u1ed7i l\u00e0m vi\u1ec7c<\/td><td>\u00b1 0,2mm<\/td><td>\u00b1 0,2mm<\/td><td>\u00b1 0,2mm<\/td><td>\u00b1 0,2mm<\/td><td>\u00b1 0,2mm<\/td><td>\u00b1 0,2mm<\/td><\/tr><tr><td>K\u00edch th\u01b0\u1edbc t\u1ed5ng th\u1ec3<\/td><td>1,45*0,8*1,2m<\/td><td>1,55*0,8*1,3m<\/td><td>1,55*0,8*1,3m<\/td><td>1.6*0,8*1,35m<\/td><td>2.1*0,9*1,5m<\/td><td>2,3*0,9*1,7m<\/td><\/tr><tr><td>Tr\u1ecdng l\u01b0\u1ee3ng m\u00e1y<\/td><td>480kg<\/td><td>560kg<\/td><td>640kg<\/td><td>690kg<\/td><td>1150kg<\/td><td>1350kg<\/td><\/tr><\/tbody><\/table><figcaption class=\"wp-element-caption\">Th\u00f4ng s\u1ed1 k\u1ef9 thu\u1eadt c\u1ee7a m\u00e1y l\u00e0m v\u00f2ng xo\u1eafn \u1ed1c xo\u1eafn \u1ed1c CNC<\/figcaption><\/figure>    <figure class=\"wp-block-embed is-type-video is-provider-youtube wp-block-embed-youtube wp-embed-aspect-16-9 wp-has-aspect-ratio\"><div class=\"wp-block-embed__wrapper\"> <iframe loading=\"lazy\" title=\"M\u00e1y l\u00e0m v\u00f2ng thanh th\u00e9p ho\u00e0n to\u00e0n t\u1ef1 \u0111\u1ed9ng | M\u00e1y u\u1ed1n cong xo\u1eafn \u1ed1c cho v\u00f2ng tr\u00f2n\" width=\"500\" height=\"281\" src=\"https:\/\/www.youtube.com\/embed\/T6Bkz3QYDrA?feature=oembed\" frameborder=\"0\" allow=\"accelerometer; autoplay; clipboard-write; encrypted-media; gyroscope; picture-in-picture; web-share\" referrerpolicy=\"strict-origin-when-cross-origin\" allowfullscreen><\/iframe> <\/div><figcaption class=\"wp-element-caption\">Video m\u00e1y l\u00e0m v\u00f2ng thanh th\u00e9p<\/figcaption><\/figure>    <h2 class=\"wp-block-heading\"><strong>C\u1ea5u tr\u00fac c\u1ee7a m\u00e1y u\u1ed1n cong xo\u1eafn \u1ed1c<\/strong><\/h2>    <p>M\u00e1y cu\u1ed9n m\u00f9a xu\u00e2n n\u00e0y \u0111\u01b0\u1ee3c l\u00e0m b\u1eb1ng \u0111\u1ed9ng c\u01a1, c\u00e1c th\u00e0nh ph\u1ea7n th\u1ee7y l\u1ef1c (b\u01a1m d\u1ea7u, \u0111\u1ed9ng c\u01a1 th\u1ee7y l\u1ef1c, van \u0111i\u1ec7n t\u1eeb, b\u1ec3 d\u1ea7u, \u1ed1ng d\u1ea7u, v.v.), b\u00e1nh xe \u0111i\u1ec1u ch\u1ec9nh tr\u01b0\u1edbc, h\u1ed9p s\u1ed1 du\u1ed7i, th\u00e0nh ph\u1ea7n l\u00e0m tr\u00f2n, th\u00e0nh ph\u1ea7n c\u1eaft, h\u1ec7 th\u1ed1ng \u0111i\u1ec1u khi\u1ec3n \u0111i\u1ec7n CNC, v.v.<\/p>   <div class=\"wp-block-image\"> <figure class=\"aligncenter size-full\"><img loading=\"lazy\" decoding=\"async\" width=\"720\" height=\"540\" src=\"https:\/\/www.baler-machines.com\/wp-content\/uploads\/2025\/03\/structure-of-3-25mm-steel-wire-coil-stirrup-bender.webp\" alt=\"C\u1ea5u tr\u00fac c\u1ee7a u\u1ed1n cong cu\u1ed9n d\u00e2y th\u00e9p 3-25mm\" class=\"wp-image-4078\" title=\"\" srcset=\"https:\/\/www.baler-machines.com\/wp-content\/uploads\/2025\/03\/structure-of-3-25mm-steel-wire-coil-stirrup-bender.webp 720w, https:\/\/www.baler-machines.com\/wp-content\/uploads\/2025\/03\/structure-of-3-25mm-steel-wire-coil-stirrup-bender-16x12.webp 16w\" sizes=\"auto, (max-width: 720px) 100vw, 720px\" \/><figcaption class=\"wp-element-caption\">C\u1ea5u tr\u00fac c\u1ee7a u\u1ed1n cong cu\u1ed9n d\u00e2y th\u00e9p 3-25mm<\/figcaption><\/figure> <\/div>   <h2 class=\"wp-block-heading\"><strong>L\u00e0m th\u1ebf n\u00e0o \u0111\u1ec3 m\u00e1y l\u00e0m v\u00f2ng c\u1ed1t th\u00e9p ho\u1ea1t \u0111\u1ed9ng?<\/strong><\/h2>    <p>M\u00e1y u\u1ed1n cong xo\u1eafn \u1ed1c c\u1ee7a ch\u00fang t\u00f4i \u0111\u01b0\u1ee3c \u0111i\u1ec1u khi\u1ec3n b\u1edfi m\u1ed9t b\u1ea3ng ch\u00ednh PLC \u0111\u1ec3 kh\u1edfi \u0111\u1ed9ng \u0111\u1ed9ng c\u01a1 \u0111i\u1ec1u khi\u1ec3n \u0111\u1ec3 \u0111i\u1ec1u khi\u1ec3n b\u01a1m d\u1ea7u. B\u1eaft \u0111\u1ea7u c\u00e1c th\u00e0nh ph\u1ea7n th\u1ee7y l\u1ef1c \u0111\u1ec3 \u0111i\u1ec1u khi\u1ec3n h\u1ed9p s\u1ed1 th\u1eb3ng \u0111\u1ec3 ch\u1ea1y, sau \u0111\u00f3 l\u00e1i v\u1eadt li\u1ec7u \u0111\u1ec3 di chuy\u1ec3n v\u1ec1 ph\u00eda tr\u01b0\u1edbc v\u00e0 di chuy\u1ec3n \u0111\u1ebfn c\u1ee5m l\u00e0m tr\u00f2n \u0111\u1ec3 ho\u00e0n th\u00e0nh vi\u1ec7c \u0111\u00fac l\u00e0m tr\u00f2n. Cu\u1ed1i c\u00f9ng, c\u1eaft xi lanh d\u1ea7u \u0111\u1ec3 c\u1eaft v\u1eadt li\u1ec7u l\u00ean tr\u00ean \u0111\u1ec3 ho\u00e0n th\u00e0nh ho\u1ea1t \u0111\u1ed9ng.<\/p>    <ol class=\"wp-block-list\"> <li><strong>Cho \u0103n thanh th\u00e9p<\/strong>: Thanh th\u00e9p \u0111i v\u00e0o m\u00e1y l\u00e0m v\u00f2ng c\u1ed1t th\u00e9p v\u00e0 h\u1ec7 th\u1ed1ng du\u1ed7i th\u1eb3ng \u0111\u1ea3m b\u1ea3o \u0111\u1ed9 th\u1eb3ng.<\/li>    <li><strong>U\u1ed1n cong v\u00e0 h\u00ecnh th\u00e0nh<\/strong>: C\u00e0o h\u1ed3i \u0111i qua khu\u00f4n u\u1ed1n \u0111\u1ec3 x\u1eed l\u00fd tr\u00f2n xo\u1eafn \u1ed1c.<\/li>    <li><strong>C\u1eaft<\/strong>: C\u01a1 ch\u1ebf c\u1eaft c\u1eaft thanh \u0111\u00fac v\u00e0 ho\u00e0n th\u00e0nh to\u00e0n b\u1ed9 quy tr\u00ecnh c\u00f4ng vi\u1ec7c.<\/li> <\/ol>   <div class=\"wp-block-image\"> <figure class=\"aligncenter size-full\"><img loading=\"lazy\" decoding=\"async\" width=\"720\" height=\"540\" src=\"https:\/\/www.baler-machines.com\/wp-content\/uploads\/2025\/03\/10-14mm-spiral-rebar-bending-machine.webp\" alt=\"M\u00e1y u\u1ed1n cong xo\u1eafn \u1ed1c 10-14mm\" class=\"wp-image-4093\" title=\"\" srcset=\"https:\/\/www.baler-machines.com\/wp-content\/uploads\/2025\/03\/10-14mm-spiral-rebar-bending-machine.webp 720w, https:\/\/www.baler-machines.com\/wp-content\/uploads\/2025\/03\/10-14mm-spiral-rebar-bending-machine-16x12.webp 16w\" sizes=\"auto, (max-width: 720px) 100vw, 720px\" \/><figcaption class=\"wp-element-caption\">M\u00e1y u\u1ed1n cong xo\u1eafn \u1ed1c 10-14mm<\/figcaption><\/figure> <\/div>   <h2 class=\"wp-block-heading\"><strong>Gi\u00e1 m\u00e1y cu\u1ed9n l\u00f2 xo l\u00e0 bao nhi\u00eau?<\/strong><\/h2>    <p>Gi\u00e1 c\u1ee7a m\u00e1y u\u1ed1n cong xo\u1eafn \u1ed1c b\u1ecb \u1ea3nh h\u01b0\u1edfng b\u1edfi nhi\u1ec1u y\u1ebfu t\u1ed1, bao g\u1ed3m:<\/p>    <ul class=\"wp-block-list\"> <li><strong>Th\u00f4ng s\u1ed1 k\u1ef9 thu\u1eadt thi\u1ebft b\u1ecb<\/strong>: C\u00e1c m\u00f4 h\u00ecnh kh\u00e1c nhau c\u1ee7a m\u00e1y l\u00e0m v\u00f2ng c\u1ed1t th\u00e9p c\u00f3 qu\u00e1 tr\u00ecnh x\u1eed l\u00fd kh\u00e1c nhau v\u1edbi gi\u00e1 kh\u00e1c nhau.<\/li>    <li><strong>Kh\u1ea3 n\u0103ng x\u1eed l\u00fd<\/strong>: c\u00f4ng su\u1ea5t cao, thi\u1ebft b\u1ecb hi\u1ec7u qu\u1ea3 cao t\u01b0\u01a1ng \u0111\u1ed1i \u0111\u1eaft ti\u1ec1n.<\/li>    <li><strong>Y\u00eau c\u1ea7u c\u1ea5u h\u00ecnh<\/strong>: C\u1ea5u h\u00ecnh t\u00f9y ch\u1ec9nh c\u00f3 th\u1ec3 \u1ea3nh h\u01b0\u1edfng \u0111\u1ebfn gi\u00e1 m\u00e1y l\u00e0m v\u00f2ng c\u1ed1t th\u00e9p.<\/li>    <li><strong>\u0110i\u1ec1u ki\u1ec7n th\u1ecb tr\u01b0\u1eddng<\/strong>: Chi ph\u00ed c\u1ee7a nguy\u00ean li\u1ec7u th\u00f4, cung v\u00e0 c\u1ea7u s\u1ebd \u1ea3nh h\u01b0\u1edfng \u0111\u1ebfn b\u00e1o gi\u00e1 cu\u1ed1i c\u00f9ng.<\/li> <\/ul>    <p>N\u1ebfu b\u1ea1n mu\u1ed1n bi\u1ebft \u01b0u \u0111\u00e3i m\u1edbi nh\u1ea5t v\u1ec1 m\u00e1y u\u1ed1n xo\u1eafn \u1ed1c c\u1ed1t th\u00e9p, b\u1ea1n c\u00f3 th\u1ec3 li\u00ean h\u1ec7 tr\u1ef1c ti\u1ebfp v\u1edbi ch\u00fang t\u00f4i \u0111\u1ec3 bi\u1ebft th\u00f4ng tin chi ti\u1ebft.<\/p>   <div class=\"wp-block-image\"> <figure class=\"aligncenter size-full\"><img loading=\"lazy\" decoding=\"async\" width=\"720\" height=\"540\" src=\"https:\/\/www.baler-machines.com\/wp-content\/uploads\/2025\/03\/12-16mm-spiral-rebar-forming-machine.webp\" alt=\"M\u00e1y t\u1ea1o h\u00ecnh c\u1ed1t th\u00e9p xo\u1eafn \u1ed1c 12-16mm\" class=\"wp-image-4095\" title=\"\" srcset=\"https:\/\/www.baler-machines.com\/wp-content\/uploads\/2025\/03\/12-16mm-spiral-rebar-forming-machine.webp 720w, https:\/\/www.baler-machines.com\/wp-content\/uploads\/2025\/03\/12-16mm-spiral-rebar-forming-machine-16x12.webp 16w\" sizes=\"auto, (max-width: 720px) 100vw, 720px\" \/><figcaption class=\"wp-element-caption\">M\u00e1y t\u1ea1o h\u00ecnh c\u1ed1t th\u00e9p xo\u1eafn \u1ed1c 12-16mm<\/figcaption><\/figure> <\/div>   <h2 class=\"wp-block-heading\"><strong>T\u1ea1i sao mua m\u00e1y u\u1ed1n cong xo\u1eafn \u1ed1c Shuliy?<\/strong><\/h2>    <p>Shuliy cam k\u1ebft cung c\u1ea5p thi\u1ebft b\u1ecb ch\u1ebf bi\u1ebfn th\u00e9p hi\u1ec7u su\u1ea5t cao, ch\u1ea5t l\u01b0\u1ee3ng cao, l\u00fd do ch\u1ecdn m\u00e1y u\u1ed1n th\u00e9p xo\u1eafn \u1ed1c Shuliy bao g\u1ed3m:<\/p>    <ul class=\"wp-block-list\"> <li><strong>\u0110\u1ea3m b\u1ea3o ch\u1ea5t l\u01b0\u1ee3ng<\/strong>: Ch\u00fang t\u00f4i s\u1eed d\u1ee5ng v\u1eadt li\u1ec7u ch\u1ea5t l\u01b0\u1ee3ng cao \u0111\u1ec3 s\u1ea3n xu\u1ea5t thi\u1ebft b\u1ecb l\u00e0m v\u00f2ng thanh th\u00e9p, b\u1ec1n v\u00e0 \u1ed5n \u0111\u1ecbnh.<\/li>    <li><strong>C\u00f4ng ngh\u1ec7 ti\u00ean ti\u1ebfn<\/strong>: M\u00e1y c\u1ee7a ch\u00fang t\u00f4i \u00e1p d\u1ee5ng \u0111i\u1ec1u khi\u1ec3n th\u00f4ng minh PLC, c\u00f3 m\u1ee9c \u0111\u1ed9 t\u1ef1 \u0111\u1ed9ng h\u00f3a cao.<\/li>    <li><strong>Gi\u00e1 c\u1ea3 ph\u1ea3i ch\u0103ng<\/strong>: Ch\u00fang t\u00f4i s\u1ea3n xu\u1ea5t m\u00e1y v\u00e0 b\u00e1n n\u00f3 tr\u1ef1c ti\u1ebfp t\u1eeb nh\u00e0 m\u00e1y c\u1ee7a ch\u00fang t\u00f4i, c\u00f3 gi\u00e1 c\u1ea1nh tranh tr\u00ean th\u1ecb tr\u01b0\u1eddng.<\/li>    <li><strong>D\u1ecbch v\u1ee5 sau b\u00e1n h\u00e0ng kh\u00f4ng lo l\u1eafng<\/strong>: Shuliy cung c\u1ea5p h\u1ed7 tr\u1ee3 k\u1ef9 thu\u1eadt v\u00e0 b\u1ea3o tr\u00ec thi\u1ebft b\u1ecb, \u0111\u1ec3 \u0111\u1ea3m b\u1ea3o s\u1ef1 \u1ed5n \u0111\u1ecbnh l\u00e2u d\u00e0i c\u1ee7a ho\u1ea1t \u0111\u1ed9ng.<\/li> <\/ul>   <div class=\"wp-block-image\"> <figure class=\"aligncenter size-full\"><img loading=\"lazy\" decoding=\"async\" width=\"720\" height=\"540\" src=\"https:\/\/www.baler-machines.com\/wp-content\/uploads\/2025\/03\/16-20mm-automatic-spring-coiling-machine.webp\" alt=\"M\u00e1y cu\u1ed9n l\u00f2 xo t\u1ef1 \u0111\u1ed9ng 16-20mm\" class=\"wp-image-4092\" title=\"\" srcset=\"https:\/\/www.baler-machines.com\/wp-content\/uploads\/2025\/03\/16-20mm-automatic-spring-coiling-machine.webp 720w, https:\/\/www.baler-machines.com\/wp-content\/uploads\/2025\/03\/16-20mm-automatic-spring-coiling-machine-16x12.webp 16w\" sizes=\"auto, (max-width: 720px) 100vw, 720px\" \/><figcaption class=\"wp-element-caption\">M\u00e1y cu\u1ed9n l\u00f2 xo t\u1ef1 \u0111\u1ed9ng 16-20mm<\/figcaption><\/figure> <\/div>   <h2 class=\"wp-block-heading\"><strong>Li\u00ean h\u1ec7 v\u1edbi ch\u00fang t\u00f4i \u0111\u1ec3 bi\u1ebft b\u00e1o gi\u00e1 ngay b\u00e2y gi\u1edd!<\/strong><\/h2>    <p class=\"translation-block\">L\u00e0 nh\u00e0 s\u1ea3n xu\u1ea5t v\u00e0 cung c\u1ea5p thi\u1ebft b\u1ecb x\u1eed l\u00fd th\u00e9p chuy\u00ean nghi\u1ec7p, ch\u00fang t\u00f4i c\u00f3 c\u00e1c m\u00e1y x\u1eed l\u00fd th\u00e9p kh\u00e1c nhau, ch\u1eb3ng h\u1ea1n nh\u01b0 <a href=\"https:\/\/www.baler-machines.com\/vi\/rebar-straightening-machine\/\">m\u00e1y l\u00e0m th\u1eb3ng th\u00e9p<\/a>, m\u00e1y u\u1ed1n \u0111ai xo\u1eafn, <a href=\"https:\/\/www.baler-machines.com\/vi\/cnc-tube-bending-machine\/\">m\u00e1y u\u1ed1n \u1ed1ng<\/a>, v.v.<\/p>    <p class=\"translation-block\">N\u1ebfu b\u1ea1n quan t\u00e2m \u0111\u1ebfn m\u00e1y u\u1ed1n th\u00e9p xo\u1eafn \u1ed1c c\u1ee7a ch\u00fang t\u00f4i ho\u1eb7c c\u00e1c thi\u1ebft b\u1ecb kh\u00e1c \u0111\u1ec3 x\u1eed l\u00fd <a href=\"https:\/\/en.wikipedia.org\/wiki\/Steel_bar\" target=\"_blank\" rel=\"noopener\">th\u00e9p thanh<\/a>, vui l\u00f2ng li\u00ean h\u1ec7 v\u1edbi ch\u00fang t\u00f4i qua WhatsApp, WeChat, \u0111i\u1ec7n tho\u1ea1i ho\u1eb7c email! Ch\u00fang t\u00f4i s\u1ebd cung c\u1ea5p th\u00f4ng tin gi\u00e1 chi ti\u1ebft!<\/p>   <div class=\"wp-block-image\"> <figure class=\"aligncenter size-full\"><img loading=\"lazy\" decoding=\"async\" width=\"720\" height=\"540\" src=\"https:\/\/www.baler-machines.com\/wp-content\/uploads\/2025\/03\/20-25mm-spiral-hooping-round-bending-machine.webp\" alt=\"M\u00e1y u\u1ed1n v\u00f2ng xo\u1eafn \u1ed1c 20-25mm\" class=\"wp-image-4094\" title=\"\" srcset=\"https:\/\/www.baler-machines.com\/wp-content\/uploads\/2025\/03\/20-25mm-spiral-hooping-round-bending-machine.webp 720w, https:\/\/www.baler-machines.com\/wp-content\/uploads\/2025\/03\/20-25mm-spiral-hooping-round-bending-machine-16x12.webp 16w\" sizes=\"auto, (max-width: 720px) 100vw, 720px\" \/><figcaption class=\"wp-element-caption\">M\u00e1y u\u1ed1n v\u00f2ng xo\u1eafn \u1ed1c 20-25mm<\/figcaption><\/figure> <\/div>","protected":false},"excerpt":{"rendered":"<p>M\u00e1y u\u1ed1n cong xo\u1eafn \u1ed1c Shuliy c\u00f3 th\u1ec3 x\u1eed l\u00fd nhanh ch\u00f3ng v\u00e0 ch\u00ednh x\u00e1c c\u00e1c thanh th\u00e9p 3-25mm v\u00e0o v\u00f2ng th\u00e9p tr\u00f2n v\u1edbi \u0111\u01b0\u1eddng k\u00ednh 50-1000mm.<\/p>","protected":false},"author":1,"featured_media":4076,"parent":0,"template":"","tags":[641,643],"product-type":[640],"class_list":["post-4074","product","type-product","status-publish","has-post-thumbnail","hentry","tag-rebar","tag-steel-bar","product-type-rebar-processing-equipment"],"_links":{"self":[{"href":"https:\/\/www.baler-machines.com\/vi\/wp-json\/wp\/v2\/product\/4074","targetHints":{"allow":["GET"]}}],"collection":[{"href":"https:\/\/www.baler-machines.com\/vi\/wp-json\/wp\/v2\/product"}],"about":[{"href":"https:\/\/www.baler-machines.com\/vi\/wp-json\/wp\/v2\/types\/product"}],"author":[{"embeddable":true,"href":"https:\/\/www.baler-machines.com\/vi\/wp-json\/wp\/v2\/users\/1"}],"wp:featuredmedia":[{"embeddable":true,"href":"https:\/\/www.baler-machines.com\/vi\/wp-json\/wp\/v2\/media\/4076"}],"wp:attachment":[{"href":"https:\/\/www.baler-machines.com\/vi\/wp-json\/wp\/v2\/media?parent=4074"}],"wp:term":[{"taxonomy":"post_tag","embeddable":true,"href":"https:\/\/www.baler-machines.com\/vi\/wp-json\/wp\/v2\/tags?post=4074"},{"taxonomy":"product-type","embeddable":true,"href":"https:\/\/www.baler-machines.com\/vi\/wp-json\/wp\/v2\/product-type?post=4074"}],"curies":[{"name":"wp","href":"https:\/\/api.w.org\/{rel}","templated":true}]}}