{"id":4013,"date":"2024-11-29T16:05:06","date_gmt":"2024-11-29T08:05:06","guid":{"rendered":"https:\/\/www.baler-machines.com\/?post_type=product&#038;p=4013"},"modified":"2025-04-16T13:27:56","modified_gmt":"2025-04-16T05:27:56","slug":"metal-briquetting-press","status":"publish","type":"product","link":"https:\/\/www.baler-machines.com\/vi\/metal-briquetting-press\/","title":{"rendered":"M\u00e1y \u00e9p \u0111\u00f3ng b\u00e1nh kim lo\u1ea1i th\u1ee7y l\u1ef1c \u0111\u1ec3 t\u00e1i ch\u1ebf phoi"},"content":{"rendered":"<p class=\"translation-block\">M\u00e1y \u00e9p ki\u1ec7n kim lo\u1ea1i Shuliy c\u00f3 th\u1ec3 \u00e9p t\u1ea5t c\u1ea3 c\u00e1c lo\u1ea1i b\u1ed9t kim lo\u1ea1i, phoi \u0111\u1ed3ng, phoi nh\u00f4m, phoi s\u1eaft, m\u00f9n c\u01b0a v\u00e0 c\u00e1c nguy\u00ean li\u1ec7u th\u00f4 kim lo\u1ea1i kh\u00e1c th\u00e0nh h\u00ecnh d\u1ea1ng b\u00e1nh tr\u00f2n. Sau khi \u00e9p ki\u1ec7n, n\u00f3 thu\u1eadn ti\u1ec7n cho vi\u1ec7c l\u01b0u tr\u1eef, v\u1eadn chuy\u1ec3n v\u00e0 t\u00e1i s\u1eed d\u1ee5ng tr\u1edf l\u1ea1i l\u00f2 nung.<\/p>    <p>M\u00e1y \u0111\u00f3ng b\u00e1nh chip nh\u00f4m n\u00e0y \u00e1p d\u1ee5ng ph\u01b0\u01a1ng ph\u00e1p c\u1ea5p li\u1ec7u b\u1eb1ng v\u00edt v\u00e0 \u0111\u00f3ng ki\u1ec7n th\u1ee7y l\u1ef1c. K\u00edch th\u01b0\u1edbc c\u1ee7a l\u1ed7 n\u1ea1p l\u00e0 600-600mm v\u00e0 800-800mm. \u0110\u01b0\u1eddng k\u00ednh b\u00e1nh cu\u1ed1i c\u00f9ng l\u00e0 80-160mm (t\u00f9y ch\u1ec9nh). M\u1ed9t chi\u1ebfc b\u00e1nh \u0111\u00f3ng b\u00e1nh c\u1ea7n kho\u1ea3ng 20-25 gi\u00e2y \u0111\u1ec3 ho\u00e0n th\u00e0nh.<\/p>    <p>N\u00f3 ch\u1ee7 y\u1ebfu \u0111\u01b0\u1ee3c s\u1eed d\u1ee5ng trong ng\u00e0nh t\u00e1i ch\u1ebf v\u00e0 ch\u1ebf bi\u1ebfn c\u0169ng nh\u01b0 ng\u00e0nh luy\u1ec7n kim. N\u00f3 l\u00fd t\u01b0\u1edfng cho vi\u1ec7c x\u1eed l\u00fd hi\u1ec7u qu\u1ea3 v\u00e0 t\u00e1i s\u1eed d\u1ee5ng ph\u1ebf li\u1ec7u kim lo\u1ea1i.<\/p>    <figure class=\"wp-block-embed is-type-video is-provider-youtube wp-block-embed-youtube wp-embed-aspect-16-9 wp-has-aspect-ratio\"><div class=\"wp-block-embed__wrapper\"> <iframe loading=\"lazy\" title=\"M\u00e1y \u0111\u00f3ng b\u00e1nh chip kim lo\u1ea1i: bi\u1ebfn ph\u1ebf li\u1ec7u th\u00e0nh than b\u00e1nh r\u1eafn! M\u00e1y \u00e9p b\u00e1nh chip nh\u00f4m\" width=\"500\" height=\"281\" src=\"https:\/\/www.youtube.com\/embed\/Ao1HeE5RT4E?feature=oembed\" frameborder=\"0\" allow=\"accelerometer; autoplay; clipboard-write; encrypted-media; gyroscope; picture-in-picture; web-share\" referrerpolicy=\"strict-origin-when-cross-origin\" allowfullscreen><\/iframe> <\/div><figcaption class=\"wp-element-caption\">video v\u1ec1 m\u00e1y \u00e9p \u0111\u00f3ng b\u00e1nh chip nh\u00f4m<\/figcaption><\/figure>    <h2 class=\"wp-block-heading\"><strong>\u1ee8ng d\u1ee5ng c\u1ee7a m\u00e1y \u00e9p ph\u00f4i kim lo\u1ea1i<\/strong><\/h2>    <p>M\u00e1y \u00e9p \u0111\u00f3ng b\u00e1nh kim lo\u1ea1i c\u1ee7a ch\u00fang t\u00f4i ph\u00f9 h\u1ee3p \u0111\u1ec3 \u00e9p v\u00e0 \u0111\u00fac nhi\u1ec1u lo\u1ea1i chip kim lo\u1ea1i, ch\u1eb3ng h\u1ea1n nh\u01b0:<\/p>    <p class=\"translation-block\"><strong>Phoi nh\u00f4m, v\u1ee5n s\u1eaft, phoi \u0111\u1ed3ng, phoi th\u00e9p kh\u00f4ng g\u1ec9, phoi magie, phoi k\u1ebdm, phoi kim lo\u1ea1i h\u1ed7n h\u1ee3p<\/strong>, <strong>phoi g\u1ed7<\/strong>, v.v.<\/p>   <div class=\"wp-block-image\"> <figure class=\"aligncenter size-full\"><img loading=\"lazy\" decoding=\"async\" width=\"720\" height=\"540\" src=\"https:\/\/www.baler-machines.com\/wp-content\/uploads\/2024\/11\/final-products-of-metal-briquetting-press.webp\" alt=\"s\u1ea3n ph\u1ea9m cu\u1ed1i c\u00f9ng c\u1ee7a m\u00e1y \u00e9p \u0111\u00f3ng b\u00e1nh kim lo\u1ea1i\" class=\"wp-image-4022\" title=\"\" srcset=\"https:\/\/www.baler-machines.com\/wp-content\/uploads\/2024\/11\/final-products-of-metal-briquetting-press.webp 720w, https:\/\/www.baler-machines.com\/wp-content\/uploads\/2024\/11\/final-products-of-metal-briquetting-press-16x12.webp 16w\" sizes=\"auto, (max-width: 720px) 100vw, 720px\" \/><figcaption class=\"wp-element-caption\">s\u1ea3n ph\u1ea9m cu\u1ed1i c\u00f9ng c\u1ee7a m\u00e1y \u00e9p \u0111\u00f3ng b\u00e1nh kim lo\u1ea1i<\/figcaption><\/figure> <\/div>   <p>Thi\u1ebft b\u1ecb x\u1eed l\u00fd chip kim lo\u1ea1i c\u00f3 th\u1ec3 \u0111\u01b0\u1ee3c s\u1eed d\u1ee5ng trong c\u00e1c tr\u01b0\u1eddng h\u1ee3p sau:<\/p>    <ul class=\"wp-block-list\"> <li>X\u01b0\u1edfng gia c\u00f4ng kim lo\u1ea1i nh\u1ecf<\/li>    <li>Tr\u1ea1m t\u00e1i ch\u1ebf ph\u1ebf li\u1ec7u<\/li>    <li>Nh\u00e0 m\u00e1y ph\u1ea7n c\u1ee9ng v\u00e0 x\u01b0\u1edfng \u0111\u00fac<\/li>    <li>Nh\u1eefng n\u01a1i c\u1ea7n n\u00e9n v\u00e0 v\u1eadn chuy\u1ec3n ph\u1ebf li\u1ec7u kim lo\u1ea1i<\/li> <\/ul>    <h2 class=\"wp-block-heading\"><strong>\u01afu \u0111i\u1ec3m c\u1ee7a m\u00e1y \u00e9p \u0111\u00f3ng b\u00e1nh kim lo\u1ea1i cho chip kim lo\u1ea1i<\/strong><\/h2>    <ul class=\"wp-block-list\"> <li>M\u00e1y \u0111\u00f3ng b\u00e1nh chip nh\u00f4m kim lo\u1ea1i c\u00f3 th\u1ec3 n\u00e9n c\u00e1c chip kim lo\u1ea1i l\u1ecfng l\u1ebbo th\u00e0nh c\u00e1c kh\u1ed1i m\u1eadt \u0111\u1ed9 cao, <strong>gi\u1ea3m \u00e2m l\u01b0\u1ee3ng h\u01a1n 90%<\/strong>, thu\u1eadn ti\u1ec7n cho vi\u1ec7c v\u1eadn chuy\u1ec3n v\u00e0 l\u01b0u tr\u1eef.<\/li>    <li>N\u00f3 th\u00f4ng qua m\u1ed9t <strong>h\u1ec7 th\u1ed1ng th\u1ee7y l\u1ef1c v\u1edbi s\u1ee9c m\u1ea1nh m\u1ea1nh m\u1ebd<\/strong>, \u0111\u1ea3m b\u1ea3o b\u00e1nh \u00e9p d\u00e0y \u0111\u1eb7c v\u00e0 hi\u1ec7u \u1ee9ng \u0111\u00f3ng b\u00e1nh t\u1ed1t.<\/li>    <li><strong>T\u01b0\u01a1ng th\u00edch v\u1edbi nhi\u1ec1u lo\u1ea1i v\u1eadt li\u1ec7u<\/strong>, M\u00e1y n\u00e9n phoi kim lo\u1ea1i Shuliy c\u00f3 th\u1ec3 x\u1eed l\u00fd d\u0103m kim lo\u1ea1i ph\u1ebf li\u1ec7u, d\u0103m nh\u00f4m, d\u0103m g\u1ed7, v.v.<\/li>    <li>Thi\u1ebft b\u1ecb <strong>bao ph\u1ee7 m\u1ed9t khu v\u1ef1c nh\u1ecf<\/strong>, th\u00edch h\u1ee3p cho doanh nghi\u1ec7p nh\u1ecf, nh\u00e0 x\u01b0\u1edfng c\u00f3 kh\u00f4ng gian h\u1ea1n ch\u1ebf.<\/li>    <li>M\u00e1y n\u00e0y <strong>c\u1ea3i thi\u1ec7n gi\u00e1 tr\u1ecb kinh t\u1ebf c\u1ee7a chip kim lo\u1ea1i<\/strong>. C\u00e1c kh\u1ed1i kim lo\u1ea1i \u00e9p d\u1ec5 b\u00e1n v\u00e0 t\u0103ng gi\u00e1 tr\u1ecb gia t\u0103ng c\u1ee7a ph\u1ebf li\u1ec7u.<\/li> <\/ul>    <figure class=\"wp-block-gallery has-nested-images columns-default is-cropped wp-block-gallery-2 is-layout-flex wp-block-gallery-is-layout-flex\"> <figure class=\"wp-block-image size-large\"><img loading=\"lazy\" decoding=\"async\" width=\"720\" height=\"540\" data-id=\"4023\" src=\"https:\/\/www.baler-machines.com\/wp-content\/uploads\/2024\/11\/briquette-machine-for-scrap-metal.webp\" alt=\"m\u00e1y \u0111\u00f3ng b\u00e1nh cho kim lo\u1ea1i ph\u1ebf li\u1ec7u\" class=\"wp-image-4023\" title=\"\" srcset=\"https:\/\/www.baler-machines.com\/wp-content\/uploads\/2024\/11\/briquette-machine-for-scrap-metal.webp 720w, https:\/\/www.baler-machines.com\/wp-content\/uploads\/2024\/11\/briquette-machine-for-scrap-metal-16x12.webp 16w\" sizes=\"auto, (max-width: 720px) 100vw, 720px\" \/><figcaption class=\"wp-element-caption\">M\u00e1y \u0111\u00f3ng b\u00e1nh cho kim lo\u1ea1i ph\u1ebf li\u1ec7u<\/figcaption><\/figure>    <figure class=\"wp-block-image size-large\"><img loading=\"lazy\" decoding=\"async\" width=\"720\" height=\"540\" data-id=\"4024\" src=\"https:\/\/www.baler-machines.com\/wp-content\/uploads\/2024\/11\/metal-chips-briquetting-press-machine.webp\" alt=\"m\u00e1y \u00e9p \u0111\u00f3ng b\u00e1nh chip kim lo\u1ea1i\" class=\"wp-image-4024\" title=\"\" srcset=\"https:\/\/www.baler-machines.com\/wp-content\/uploads\/2024\/11\/metal-chips-briquetting-press-machine.webp 720w, https:\/\/www.baler-machines.com\/wp-content\/uploads\/2024\/11\/metal-chips-briquetting-press-machine-16x12.webp 16w\" sizes=\"auto, (max-width: 720px) 100vw, 720px\" \/><figcaption class=\"wp-element-caption\">M\u00e1y \u00e9p \u0111\u00f3ng b\u00e1nh chip kim lo\u1ea1i<\/figcaption><\/figure> <\/figure>    <h2 class=\"wp-block-heading\"><strong>Th\u00f4ng s\u1ed1 k\u1ef9 thu\u1eadt c\u1ee7a m\u00e1y \u00e9p \u0111\u00f3ng b\u00e1nh kim lo\u1ea1i<\/strong><\/h2>    <figure class=\"wp-block-table\"><table><tbody><tr><td>Ng\u01b0\u1eddi m\u1eabu<\/td><td>SL-70T<\/td><td>SL-200T<\/td><\/tr><tr><td>\u00c1p su\u1ea5t thi\u1ebft b\u1ecb<\/td><td>700kn<\/td><td>2000kn<\/td><\/tr><tr><td>\u0110\u01b0\u1eddng k\u00ednh b\u00e1nh<\/td><td>80mm<\/td><td>100-160mm, t\u00f9y ch\u1ec9nh theo c\u00e1c v\u1eadt li\u1ec7u kh\u00e1c nhau<\/td><\/tr><tr><td>K\u00edch th\u01b0\u1edbc c\u1eeda cho \u0103n<\/td><td>600mm-600mm<\/td><td>800mm-800mm<\/td><\/tr><tr><td>B\u01a1m d\u1ea7u th\u1ee7y l\u1ef1c<\/td><td>B\u01a1m b\u00e1nh r\u0103ng F525<\/td><td>B\u01a1m piston-lo\u1ea1i 63<\/td><\/tr><tr><td>S\u1ee9c m\u1ea1nh thi\u1ebft b\u1ecb<\/td><td>5,5kw \u0111\u1ed3ng nguy\u00ean ch\u1ea5t ti\u00eau chu\u1ea9n qu\u1ed1c gia<\/td><td>\u0111\u1ed3ng nguy\u00ean ch\u1ea5t 15kw<\/td><\/tr><tr><td>Ki\u1ec3m so\u00e1t h\u1ec7 th\u1ed1ng<\/td><td>\u0110i\u1ec1u khi\u1ec3n t\u1ef1 \u0111\u1ed9ng PLC<\/td><td>\u0110i\u1ec1u khi\u1ec3n t\u1ef1 \u0111\u1ed9ng PLC<\/td><\/tr><tr><td>Ph\u01b0\u01a1ng ph\u00e1p l\u00e0m m\u00e1t<\/td><td>L\u00e0m m\u00e1t kh\u00f4ng kh\u00ed<\/td><td>L\u00e0m m\u00e1t kh\u00f4ng kh\u00ed<\/td><\/tr><tr><td>Th\u1eddi gian \u0111\u00fac<\/td><td>Kho\u1ea3ng 20-25 gi\u00e2y\/c\u00e1i<\/td><td>X\u1ea5p x\u1ec9. 25 gi\u00e2y\/c\u00e1i<\/td><\/tr><tr><td>Ph\u01b0\u01a1ng ph\u00e1p cho \u0103n<\/td><td>V\u00edt cho \u0103n \u0111\u1ecbnh l\u01b0\u1ee3ng<\/td><td>V\u00edt cho \u0103n \u0111\u1ecbnh l\u01b0\u1ee3ng<\/td><\/tr><tr><td>Ch\u1ebf \u0111\u1ed9 ho\u1ea1t \u0111\u1ed9ng<\/td><td>Th\u1ee7 c\u00f4ng + t\u1ef1 \u0111\u1ed9ng<\/td><td>Th\u1ee7 c\u00f4ng + t\u1ef1 \u0111\u1ed9ng<\/td><\/tr><tr><td>Dung t\u00edch b\u00ecnh x\u0103ng<\/td><td>100L<\/td><td>400L<\/td><\/tr><tr><td>K\u00edch c\u1ee1<\/td><td>1200*1100*1100mm<\/td><td>2100*1400*1400mm<\/td><\/tr><\/tbody><\/table><figcaption class=\"wp-element-caption\">th\u00f4ng s\u1ed1 k\u1ef9 thu\u1eadt c\u1ee7a m\u00e1y \u0111\u1ea7m chip kim lo\u1ea1i<\/figcaption><\/figure>    <h2 class=\"wp-block-heading\"><strong>C\u1ea5u t\u1ea1o c\u1ee7a m\u00e1y \u0111\u00f3ng b\u00e1nh chip nh\u00f4m<\/strong><\/h2>    <p>M\u00e1y bao g\u1ed3m \u0111\u1ea7u v\u00e0o, \u0111\u1ea7u ra, m\u00e0n h\u00ecnh PLC, v\u00edt, v.v. C\u1ea5u tr\u00fac \u0111\u01a1n gi\u1ea3n, d\u1ec5 hi\u1ec3u v\u00e0 r\u1ea5t thu\u1eadn ti\u1ec7n \u0111\u1ec3 v\u1eadn h\u00e0nh.<\/p>    <figure class=\"wp-block-gallery has-nested-images columns-default is-cropped wp-block-gallery-3 is-layout-flex wp-block-gallery-is-layout-flex\"> <figure class=\"wp-block-image size-large\"><img loading=\"lazy\" decoding=\"async\" width=\"720\" height=\"540\" data-id=\"3448\" src=\"https:\/\/www.baler-machines.com\/wp-content\/uploads\/2023\/11\/aluminum-chip-briquetting-machine.webp\" alt=\"m\u00e1y \u0111\u00f3ng b\u00e1nh chip nh\u00f4m\" class=\"wp-image-3448\" title=\"\"><figcaption class=\"wp-element-caption\">M\u00e1y \u0111\u00f3ng b\u00e1nh chip nh\u00f4m<\/figcaption><\/figure>    <figure class=\"wp-block-image size-full\"><img loading=\"lazy\" decoding=\"async\" width=\"720\" height=\"540\" data-id=\"4027\" src=\"https:\/\/www.baler-machines.com\/wp-content\/uploads\/2024\/11\/back-side-of-metal-swarf-compactor-machine.webp\" alt=\"m\u1eb7t sau c\u1ee7a m\u00e1y \u00e9p phoi kim lo\u1ea1i\" class=\"wp-image-4027\" title=\"\" srcset=\"https:\/\/www.baler-machines.com\/wp-content\/uploads\/2024\/11\/back-side-of-metal-swarf-compactor-machine.webp 720w, https:\/\/www.baler-machines.com\/wp-content\/uploads\/2024\/11\/back-side-of-metal-swarf-compactor-machine-16x12.webp 16w\" sizes=\"auto, (max-width: 720px) 100vw, 720px\" \/><figcaption class=\"wp-element-caption\">M\u1eb7t sau c\u1ee7a m\u00e1y \u00e9p kim lo\u1ea1i<\/figcaption><\/figure> <\/figure>    <figure class=\"wp-block-gallery has-nested-images columns-default is-cropped wp-block-gallery-4 is-layout-flex wp-block-gallery-is-layout-flex\"> <figure class=\"wp-block-image size-large\"><img loading=\"lazy\" decoding=\"async\" width=\"720\" height=\"540\" data-id=\"4025\" src=\"https:\/\/www.baler-machines.com\/wp-content\/uploads\/2024\/11\/PLC-control-panel.webp\" alt=\"B\u1ea3ng \u0111i\u1ec1u khi\u1ec3n PLC\" class=\"wp-image-4025\" title=\"\" srcset=\"https:\/\/www.baler-machines.com\/wp-content\/uploads\/2024\/11\/PLC-control-panel.webp 720w, https:\/\/www.baler-machines.com\/wp-content\/uploads\/2024\/11\/PLC-control-panel-16x12.webp 16w\" sizes=\"auto, (max-width: 720px) 100vw, 720px\" \/><figcaption class=\"wp-element-caption\">B\u1ea3ng \u0111i\u1ec1u khi\u1ec3n PLC<\/figcaption><\/figure>    <figure class=\"wp-block-image size-large\"><img loading=\"lazy\" decoding=\"async\" width=\"720\" height=\"540\" data-id=\"4026\" src=\"https:\/\/www.baler-machines.com\/wp-content\/uploads\/2024\/11\/screw-quantitative-feeding.webp\" alt=\"c\u1ea5p li\u1ec7u \u0111\u1ecbnh l\u01b0\u1ee3ng b\u1eb1ng v\u00edt\" class=\"wp-image-4026\" title=\"\" srcset=\"https:\/\/www.baler-machines.com\/wp-content\/uploads\/2024\/11\/screw-quantitative-feeding.webp 720w, https:\/\/www.baler-machines.com\/wp-content\/uploads\/2024\/11\/screw-quantitative-feeding-16x12.webp 16w\" sizes=\"auto, (max-width: 720px) 100vw, 720px\" \/><figcaption class=\"wp-element-caption\">V\u00edt cho \u0103n \u0111\u1ecbnh l\u01b0\u1ee3ng<\/figcaption><\/figure> <\/figure>    <h2 class=\"wp-block-heading\"><strong>M\u00e1y \u00e9p \u0111\u00f3ng b\u00e1nh cho chip kim lo\u1ea1i ho\u1ea1t \u0111\u1ed9ng nh\u01b0 th\u1ebf n\u00e0o?<\/strong><\/h2>    <p>M\u00e1y \u00e9p \u0111\u00f3ng b\u00e1nh kim lo\u1ea1i n\u00e9n c\u00e1c m\u1ea3nh kim lo\u1ea1i l\u1ecfng l\u1ebbo th\u00e0nh c\u00e1c kh\u1ed1i m\u1eadt \u0111\u1ed9 cao th\u00f4ng qua h\u1ec7 th\u1ed1ng th\u1ee7y l\u1ef1c v\u00e0 nguy\u00ean l\u00fd l\u00e0m vi\u1ec7c c\u1ee7a n\u00f3 nh\u01b0 sau:<\/p>    <ul class=\"wp-block-list\"> <li><strong>cho \u0103n<\/strong>: c\u00e1c m\u1ea3nh kim lo\u1ea1i \u0111\u01b0\u1ee3c \u0111\u01b0a v\u00e0o bu\u1ed3ng \u0111\u00f3ng b\u00e1nh c\u1ee7a m\u00e1y \u0111\u00f3ng b\u00e1nh kim lo\u1ea1i th\u00f4ng qua thi\u1ebft b\u1ecb c\u1ea5p li\u1ec7u \u0111\u1ecbnh l\u01b0\u1ee3ng tr\u1ee5c v\u00edt.<\/li>    <li><strong>\u00c1p su\u1ea5t th\u1ee7y l\u1ef1c<\/strong>: h\u1ec7 th\u1ed1ng th\u1ee7y l\u1ef1c cung c\u1ea5p \u00e1p su\u1ea5t cao \u0111\u1ec3 n\u00e9n c\u00e1c m\u1ea3nh kim lo\u1ea1i th\u00e0nh c\u00e1c kh\u1ed1i c\u00f3 m\u1eadt \u0111\u1ed9 cao.<\/li>    <li><strong>h\u00ecnh th\u00e0nh<\/strong>: nh\u1eefng m\u1ea3nh kim lo\u1ea1i v\u1ee5n \u0111\u01b0\u1ee3c \u00e9p th\u00e0nh h\u00ecnh b\u00e1nh tr\u00f2n theo y\u00eau c\u1ea7u.<\/li>    <li><strong>X\u1ea3<\/strong>: s\u1ea3n ph\u1ea9m cu\u1ed1i c\u00f9ng \u0111\u01b0\u1ee3c th\u1ea3i ra kh\u1ecfi \u0111\u1ea7u ra.<\/li> <\/ul>    <figure class=\"wp-block-embed is-type-video is-provider-youtube wp-block-embed-youtube wp-embed-aspect-16-9 wp-has-aspect-ratio\"><div class=\"wp-block-embed__wrapper\"> <iframe loading=\"lazy\" title=\"M\u00e1y k\u1eb9p kim lo\u1ea1i cho qu\u00e1 tr\u00ecnh briquetting b\u1eb1ng nh\u00f4m | M\u00e1y \u00e9p m\u00e0u nh\u00f4m m\u1ea1nh m\u1ebd\" width=\"500\" height=\"281\" src=\"https:\/\/www.youtube.com\/embed\/r9arEui4RBQ?feature=oembed\" frameborder=\"0\" allow=\"accelerometer; autoplay; clipboard-write; encrypted-media; gyroscope; picture-in-picture; web-share\" referrerpolicy=\"strict-origin-when-cross-origin\" allowfullscreen><\/iframe> <\/div><figcaption class=\"wp-element-caption\">Nh\u00f4m chip briquetting<\/figcaption><\/figure>    <h2 class=\"wp-block-heading\"><strong>Gi\u00e1 m\u00e1y \u00e9p vi\u00ean ph\u00f4i nh\u00f4m l\u00e0 bao nhi\u00eau?<\/strong><\/h2>    <p>Gi\u00e1 c\u1ee7a m\u00e1y \u0111\u00f3ng b\u00e1nh kim lo\u1ea1i Shuliy thay \u0111\u1ed5i t\u00f9y theo model, hi\u1ec7u su\u1ea5t v\u00e0 c\u1ea5u h\u00ecnh. C\u00e1c y\u1ebfu t\u1ed1 \u1ea3nh h\u01b0\u1edfng ch\u00ednh bao g\u1ed3m:<\/p>    <ul class=\"wp-block-list\"> <li><strong>K\u00edch th\u01b0\u1edbc \u00e1p su\u1ea5t<\/strong>: \u00e1p su\u1ea5t c\u00e0ng cao th\u00ec c\u00f4ng su\u1ea5t x\u1eed l\u00fd c\u00e0ng cao v\u00e0 gi\u00e1 th\u00e0nh c\u00e0ng cao.<\/li>    <li><strong>K\u00edch th\u01b0\u1edbc thi\u1ebft b\u1ecb<\/strong>: thi\u1ebft b\u1ecb c\u00e0ng l\u1edbn th\u00ec gi\u00e1 c\u00e0ng cao.<\/li>    <li><strong>Nhu c\u1ea7u t\u00f9y bi\u1ebfn<\/strong>: gi\u00e1 m\u00e1y cao h\u01a1n t\u00f9y theo nhu c\u1ea7u kh\u00e1ch h\u00e0ng.<\/li>    <li><strong>H\u1ed7 tr\u1ee3 th\u01b0\u01a1ng hi\u1ec7u v\u00e0 k\u1ef9 thu\u1eadt<\/strong>: th\u01b0\u01a1ng hi\u1ec7u n\u1ed5i ti\u1ebfng v\u00e0 d\u1ecbch v\u1ee5 h\u1eadu m\u00e3i ho\u00e0n h\u1ea3o s\u1ebd \u1ea3nh h\u01b0\u1edfng \u0111\u1ebfn gi\u00e1 c\u1ea3.<\/li> <\/ul>    <p>\u0110\u1ec3 bi\u1ebft gi\u00e1 c\u1ee5 th\u1ec3, vui l\u00f2ng li\u00ean h\u1ec7 v\u1edbi ch\u00fang t\u00f4i \u0111\u1ec3 nh\u1eadn \u0111\u01b0\u1ee3c b\u00e1o gi\u00e1 m\u00e1y \u0111\u00f3ng b\u00e1nh chip nh\u00f4m ph\u00f9 h\u1ee3p v\u1edbi nhu c\u1ea7u c\u1ee7a b\u1ea1n.<\/p>    <figure class=\"wp-block-gallery has-nested-images columns-default is-cropped wp-block-gallery-5 is-layout-flex wp-block-gallery-is-layout-flex\"> <figure class=\"wp-block-image size-large\"><img loading=\"lazy\" decoding=\"async\" width=\"720\" height=\"720\" data-id=\"4028\" src=\"https:\/\/www.baler-machines.com\/wp-content\/uploads\/2024\/11\/metal-chip-briquetter-factory.webp\" alt=\"nh\u00e0 m\u00e1y s\u1ea3n xu\u1ea5t vi\u00ean n\u00e9n phoi kim lo\u1ea1i\" class=\"wp-image-4028\" title=\"\" srcset=\"https:\/\/www.baler-machines.com\/wp-content\/uploads\/2024\/11\/metal-chip-briquetter-factory.webp 720w, https:\/\/www.baler-machines.com\/wp-content\/uploads\/2024\/11\/metal-chip-briquetter-factory-12x12.webp 12w\" sizes=\"auto, (max-width: 720px) 100vw, 720px\" \/><figcaption class=\"wp-element-caption\">Nh\u00e0 m\u00e1y \u0111\u00f3ng b\u00e1nh chip kim lo\u1ea1i<\/figcaption><\/figure>    <figure class=\"wp-block-image size-large\"><img loading=\"lazy\" decoding=\"async\" width=\"720\" height=\"720\" data-id=\"4029\" src=\"https:\/\/www.baler-machines.com\/wp-content\/uploads\/2024\/11\/scrap-metal-chips-briquette-machine-manufacturer.webp\" alt=\"nh\u00e0 s\u1ea3n xu\u1ea5t m\u00e1y \u00e9p vi\u00ean phoi kim lo\u1ea1i ph\u1ebf li\u1ec7u\" class=\"wp-image-4029\" title=\"\" srcset=\"https:\/\/www.baler-machines.com\/wp-content\/uploads\/2024\/11\/scrap-metal-chips-briquette-machine-manufacturer.webp 720w, https:\/\/www.baler-machines.com\/wp-content\/uploads\/2024\/11\/scrap-metal-chips-briquette-machine-manufacturer-12x12.webp 12w\" sizes=\"auto, (max-width: 720px) 100vw, 720px\" \/><figcaption class=\"wp-element-caption\">Nh\u00e0 s\u1ea3n xu\u1ea5t m\u00e1y l\u00e0m b\u00e1nh v\u1ee5n kim lo\u1ea1i ph\u1ebf li\u1ec7u<\/figcaption><\/figure> <\/figure>    <h2 class=\"wp-block-heading\"><strong>T\u1ea1i sao ch\u1ecdn lo\u1ea1i m\u00e1y \u00e9p \u0111\u00f3ng b\u00e1nh kim lo\u1ea1i n\u00e0y?<\/strong><\/h2>    <p class=\"translation-block\">L\u00e0 nh\u00e0 s\u1ea3n xu\u1ea5t v\u00e0 cung c\u1ea5p m\u00e1y t\u00e1i ch\u1ebf kim lo\u1ea1i chuy\u00ean nghi\u1ec7p, ch\u00fang t\u00f4i c\u00f3 c\u00e1c lo\u1ea1i m\u00e1y \u00e9p phoi nh\u00f4m kh\u00e1c nhau, ch\u1eb3ng h\u1ea1n nh\u01b0 <a href=\"https:\/\/www.baler-machines.com\/vi\/scrap-metal-chip-briquette-machine\/\">m\u00e1y \u00e9p ki\u1ec7n phoi kim lo\u1ea1i \u0111\u1ee9ng<\/a>. L\u00fd do ch\u1ecdn m\u00e1y \u00e9p ph\u1ebf li\u1ec7u kim lo\u1ea1i n\u00e0y nh\u01b0 sau:<\/p>    <ul class=\"wp-block-list\"> <li><strong>Thao t\u00e1c \u0111\u01a1n gi\u1ea3n<\/strong>: H\u1ec7 th\u1ed1ng \u0111i\u1ec1u khi\u1ec3n th\u00f4ng minh, h\u1ed7 tr\u1ee3 v\u1eadn h\u00e0nh t\u1ef1 \u0111\u1ed9ng, d\u1ec5 d\u00e0ng s\u1eed d\u1ee5ng.<\/li>    <li><strong>Gi\u00e1 c\u1ea3 ph\u1ea3i ch\u0103ng<\/strong>: gi\u00e1 c\u1ee7a m\u00e1y n\u00e0y th\u1ea5p h\u01a1n khi x\u1eed l\u00fd c\u00f9ng m\u1ed9t nguy\u00ean li\u1ec7u th\u00f4.<\/li>    <li><strong>Giao th\u00f4ng thu\u1eadn ti\u1ec7n<\/strong>: M\u00e1y \u0111\u1ea7m chip kim lo\u1ea1i n\u00e0y c\u00f3 k\u00edch th\u01b0\u1edbc nh\u1ecf h\u01a1n, ch\u1ea5t l\u01b0\u1ee3ng nh\u1eb9 h\u01a1n, d\u1ec5 d\u00e0ng b\u1ed1c d\u1ee1 v\u00e0 c\u00f3 th\u1ec3 \u0111\u01b0\u1ee3c b\u1ecdc l\u1ea1i \u0111\u1ec3 v\u1eadn chuy\u1ec3n.<\/li> <\/ul>    <h2 class=\"wp-block-heading\"><strong>Thi\u1ebft b\u1ecb ph\u00f9 h\u1ee3p c\u00f3 li\u00ean quan<\/strong><\/h2>    <div class=\"wp-block-columns is-layout-flex wp-container-core-columns-is-layout-9d6595d7 wp-block-columns-is-layout-flex\"> <div class=\"wp-block-column is-layout-flow wp-block-column-is-layout-flow\"> <figure class=\"wp-block-image size-full\"><img loading=\"lazy\" decoding=\"async\" width=\"720\" height=\"720\" src=\"https:\/\/www.baler-machines.com\/wp-content\/uploads\/2024\/11\/aluminum-chip-briquette-press-machine-with-elevator.webp\" alt=\"m\u00e1y \u00e9p b\u00e1nh chip nh\u00f4m c\u00f3 thang m\u00e1y\" class=\"wp-image-4020\" title=\"\" srcset=\"https:\/\/www.baler-machines.com\/wp-content\/uploads\/2024\/11\/aluminum-chip-briquette-press-machine-with-elevator.webp 720w, https:\/\/www.baler-machines.com\/wp-content\/uploads\/2024\/11\/aluminum-chip-briquette-press-machine-with-elevator-12x12.webp 12w\" sizes=\"auto, (max-width: 720px) 100vw, 720px\" \/><figcaption class=\"wp-element-caption\">M\u00e1y \u00e9p b\u00e1nh nh\u00f4m chip c\u00f3 thang m\u00e1y<\/figcaption><\/figure> <\/div>    <div class=\"wp-block-column is-vertically-aligned-center is-layout-flow wp-block-column-is-layout-flow\"> <p class=\"has-text-align-center translation-block\"><strong>M\u00e1y \u00e9p \u0111\u00f9n kim lo\u1ea1i c\u00f3 b\u0103ng t\u1ea3i<\/strong><\/p>    <p>B\u0103ng t\u1ea3i v\u1eadn chuy\u1ec3n phoi kim lo\u1ea1i tr\u1ef1c ti\u1ebfp \u0111\u1ebfn mi\u1ec7ng n\u1ea1p li\u1ec7u c\u1ee7a m\u00e1y \u0111\u00f3ng b\u00e1nh, ti\u1ebft ki\u1ec7m nh\u00e2n c\u00f4ng.<\/p>    <p>S\u1ef1 s\u1eafp x\u1ebfp n\u00e0y th\u1ef1c hi\u1ec7n vi\u1ec7c n\u1ea1p chip kim lo\u1ea1i t\u1ef1 \u0111\u1ed9ng v\u00e0 c\u1ea3i thi\u1ec7n hi\u1ec7u qu\u1ea3 s\u1ea3n xu\u1ea5t.<\/p>    <p>Vi\u1ec7c l\u1ef1a ch\u1ecdn b\u0103ng t\u1ea3i ph\u00f9 h\u1ee3p ph\u1ee5 thu\u1ed9c v\u00e0o k\u00edch th\u01b0\u1edbc c\u1ee7a thi\u1ebft b\u1ecb b\u1ea1n ch\u1ecdn.<\/p>    <p>N\u1ebfu b\u1ea1n mu\u1ed1n bi\u1ebft th\u00f4ng tin chi ti\u1ebft, vui l\u00f2ng li\u00ean h\u1ec7 v\u1edbi ch\u00fang t\u00f4i!<\/p> <\/div> <\/div>    <div class=\"wp-block-columns is-layout-flex wp-container-core-columns-is-layout-9d6595d7 wp-block-columns-is-layout-flex\"> <div class=\"wp-block-column is-layout-flow wp-block-column-is-layout-flow\"> <figure class=\"wp-block-image size-full\"><img loading=\"lazy\" decoding=\"async\" width=\"720\" height=\"540\" src=\"https:\/\/www.baler-machines.com\/wp-content\/uploads\/2024\/11\/small-metal-shredder.webp\" alt=\"m\u00e1y nghi\u1ec1n kim lo\u1ea1i nh\u1ecf\" class=\"wp-image-4021\" title=\"\" srcset=\"https:\/\/www.baler-machines.com\/wp-content\/uploads\/2024\/11\/small-metal-shredder.webp 720w, https:\/\/www.baler-machines.com\/wp-content\/uploads\/2024\/11\/small-metal-shredder-16x12.webp 16w\" sizes=\"auto, (max-width: 720px) 100vw, 720px\" \/><figcaption class=\"wp-element-caption\">M\u00e1y h\u1ee7y t\u00e0i li\u1ec7u kim lo\u1ea1i nh\u1ecf<\/figcaption><\/figure> <\/div>    <div class=\"wp-block-column is-vertically-aligned-center is-layout-flow wp-block-column-is-layout-flow\"> <p class=\"has-text-align-center translation-block\"><strong>M\u00e1y h\u1ee7y kim lo\u1ea1i<\/strong><\/p>    <p>M\u00e1y h\u1ee7y tr\u1ee5c \u0111\u00f4i n\u00e0y d\u00f9ng \u0111\u1ec3 nghi\u1ec1n c\u00e1c m\u1ea3nh kim lo\u1ea1i l\u1edbn h\u01a1n th\u00e0nh c\u00e1c m\u1ea3nh v\u1ee5n m\u1ecbn h\u01a1n, d\u1ec5 x\u1eed l\u00fd h\u01a1n.<\/p>    <p>N\u00f3 ho\u1ea1t \u0111\u1ed9ng v\u1edbi m\u00e1y n\u00e9n phoi kim lo\u1ea1i \u0111\u1ec3 t\u1ea1o th\u00e0nh d\u00e2y chuy\u1ec1n m\u00e1y \u0111\u00f3ng b\u00e1nh chip kim lo\u1ea1i ho\u00e0n to\u00e0n t\u1ef1 \u0111\u1ed9ng.<\/p> <\/div> <\/div>    <p class=\"translation-block\">B\u1ea1n \u0111ang t\u00ecm ki\u1ebfm thi\u1ebft b\u1ecb x\u1eed l\u00fd kim lo\u1ea1i cho <a href=\"https:\/\/vi.wikipedia.org\/wiki\/Xoi_kim_loai\" target=\"_blank\" rel=\"noopener\">phoi li\u1ec7u v\u1ee5n<\/a>? N\u1ebfu c\u00f3, h\u00e3y li\u00ean h\u1ec7 v\u1edbi ch\u00fang t\u00f4i ngay v\u00e0 ch\u00fang t\u00f4i s\u1ebd cung c\u1ea5p gi\u1ea3i ph\u00e1p ph\u00f9 h\u1ee3p nh\u1ea5t \u0111\u1ec3 \u0111\u00e1p \u1ee9ng nhu c\u1ea7u t\u00e1i ch\u1ebf c\u1ee7a b\u1ea1n.<\/p>    <figure class=\"wp-block-embed is-type-video is-provider-youtube wp-block-embed-youtube wp-embed-aspect-16-9 wp-has-aspect-ratio\"><div class=\"wp-block-embed__wrapper\"> <iframe loading=\"lazy\" title=\"L\u00e0m th\u1ebf n\u00e0o \u0111\u1ec3 nh\u1ea5n chip kim lo\u1ea1i v\u00e0o than b\u00e1nh? M\u00e1y h\u1ee7y t\u00e0i li\u1ec7u b\u1eb1ng kim lo\u1ea1i v\u00e0 m\u00e1y nh\u00fang nh\u00f4m\" width=\"500\" height=\"281\" src=\"https:\/\/www.youtube.com\/embed\/2tKM0zjwBpQ?feature=oembed\" frameborder=\"0\" allow=\"accelerometer; autoplay; clipboard-write; encrypted-media; gyroscope; picture-in-picture; web-share\" referrerpolicy=\"strict-origin-when-cross-origin\" allowfullscreen><\/iframe> <\/div><figcaption class=\"wp-element-caption\">Video m\u00e1y nghi\u1ec1n v\u00e0 m\u00e1y nghi\u1ec1n kim lo\u1ea1i<\/figcaption><\/figure>","protected":false},"excerpt":{"rendered":"<p>M\u00e1y \u00e9p \u0111\u00f3ng b\u00e1nh kim lo\u1ea1i Shuliy c\u00f3 th\u1ec3 \u00e9p c\u00e1c lo\u1ea1i b\u1ed9t kim lo\u1ea1i, d\u0103m \u0111\u1ed3ng, d\u0103m nh\u00f4m, d\u0103m s\u1eaft, d\u0103m g\u1ed7,\u2026 th\u00e0nh c\u00e1c h\u00ecnh b\u00e1nh tr\u00f2n.<\/p>","protected":false},"author":1,"featured_media":4019,"parent":0,"template":"","tags":[414,639],"product-type":[563],"class_list":["post-4013","product","type-product","status-publish","has-post-thumbnail","hentry","tag-baler","tag-metal-briquetting","product-type-baler-machine"],"_links":{"self":[{"href":"https:\/\/www.baler-machines.com\/vi\/wp-json\/wp\/v2\/product\/4013","targetHints":{"allow":["GET"]}}],"collection":[{"href":"https:\/\/www.baler-machines.com\/vi\/wp-json\/wp\/v2\/product"}],"about":[{"href":"https:\/\/www.baler-machines.com\/vi\/wp-json\/wp\/v2\/types\/product"}],"author":[{"embeddable":true,"href":"https:\/\/www.baler-machines.com\/vi\/wp-json\/wp\/v2\/users\/1"}],"wp:featuredmedia":[{"embeddable":true,"href":"https:\/\/www.baler-machines.com\/vi\/wp-json\/wp\/v2\/media\/4019"}],"wp:attachment":[{"href":"https:\/\/www.baler-machines.com\/vi\/wp-json\/wp\/v2\/media?parent=4013"}],"wp:term":[{"taxonomy":"post_tag","embeddable":true,"href":"https:\/\/www.baler-machines.com\/vi\/wp-json\/wp\/v2\/tags?post=4013"},{"taxonomy":"product-type","embeddable":true,"href":"https:\/\/www.baler-machines.com\/vi\/wp-json\/wp\/v2\/product-type?post=4013"}],"curies":[{"name":"wp","href":"https:\/\/api.w.org\/{rel}","templated":true}]}}