{"id":391,"date":"2019-12-13T08:37:01","date_gmt":"2019-12-13T08:37:01","guid":{"rendered":"https:\/\/www.baler-machines.com\/?p=391"},"modified":"2024-11-29T10:49:26","modified_gmt":"2024-11-29T02:49:26","slug":"scrap-metal-chip-briquette-machine","status":"publish","type":"product","link":"https:\/\/www.baler-machines.com\/vi\/scrap-metal-chip-briquette-machine\/","title":{"rendered":"M\u00e1y \u0111\u00f3ng b\u00e1nh chip kim lo\u1ea1i | B\u00e1nh nh\u00f4m chip"},"content":{"rendered":"<p class=\"translation-block\">M\u00e1y \u00e9p ki\u1ec7n v\u1ee5n kim lo\u1ea1i l\u00e0 m\u1ed9t lo\u1ea1i m\u00e1y t\u00e1i ch\u1ebf cho nhi\u1ec1u ph\u1ebf li\u1ec7u kim lo\u1ea1i kh\u00e1c nhau. Trong c\u00e1c nh\u00e0 m\u00e1y th\u00e9p kh\u00e1c nhau, c\u00f3 r\u1ea5t nhi\u1ec1u ph\u1ebf li\u1ec7u kim lo\u1ea1i v\u00e0 ph\u1ebf li\u1ec7u kim lo\u1ea1i v\u1ee5n m\u1ed7i ng\u00e0y, v\u00ec v\u1eady c\u00f3 m\u1ed9t m\u00e1y \u00e9p ki\u1ec7n kim lo\u1ea1i \u0111\u1ec3 x\u1eed l\u00fd v\u00e0 t\u00e1i ch\u1ebf c\u00e1c ph\u1ebf li\u1ec7u kh\u00e1c nhau. Ch\u00fang t\u00f4i kh\u00f4ng ch\u1ec9 c\u00f3 m\u00e1y n\u00e0y m\u00e0 c\u00f2n c\u00f3 m\u00e1y \u00e9p ki\u1ec7n kim lo\u1ea1i, <a href=\"https:\/\/www.baler-machines.com\/vi\/metal-shears\/\" target=\"_blank\" rel=\"noreferrer noopener\">m\u00e1y c\u1eaft<\/a>, <a href=\"https:\/\/www.baler-machines.com\/vi\/industrial-shredder\/\" target=\"_blank\" rel=\"noreferrer noopener\">m\u00e1y h\u1ee7y<\/a>, v.v., t\u1ea5t c\u1ea3 \u0111\u1ec1u c\u00f3 th\u1ec3 x\u1eed l\u00fd m\u00e1y m\u00f3c kim lo\u1ea1i v\u00e0 ph\u1ebf li\u1ec7u kim lo\u1ea1i. N\u1ebfu b\u1ea1n quan t\u00e2m, vui l\u00f2ng li\u00ean h\u1ec7 v\u1edbi ch\u00fang t\u00f4i.<\/p>    <h2 class=\"wp-block-heading\"><strong>M\u00e1y \u0111\u00f3ng b\u00e1nh kim lo\u1ea1i l\u00e0 g\u00ec?<\/strong><\/h2>    <p>M\u00e1y \u0111\u00f3ng b\u00e1nh chip kim lo\u1ea1i ph\u1ebf li\u1ec7u t\u1ef1 \u0111\u1ed9ng (m\u00e1y \u0111\u00f3ng b\u00e1nh kim lo\u1ea1i d\u1ecdc, m\u00e1y \u00e9p b\u1ed9t kim lo\u1ea1i th\u1ee7y l\u1ef1c) l\u00e0 thi\u1ebft b\u1ecb t\u00e1i ch\u1ebf t\u00e0i nguy\u00ean kim lo\u1ea1i th\u1ea3i quan tr\u1ecdng \u0111\u1ec3 \u0111\u00f3ng b\u00e1nh c\u00e1c lo\u1ea1i chip kim lo\u1ea1i v\u00e0 b\u1ed9t kim lo\u1ea1i kh\u00e1c nhau, ch\u1eb3ng h\u1ea1n nh\u01b0 s\u1eaft v\u1ee5n, s\u1eaft v\u00e0 nh\u00f4m, \u0111\u1ed3ng v\u00e0 phoi th\u00e9p v\u00e0 v\u00e2n v\u00e2n. M\u00e1y \u0111\u00f3ng b\u00e1nh chip kim lo\u1ea1i n\u00e0y c\u00f3 th\u1ec3 \u00e9p l\u1ea1nh nhi\u1ec1u lo\u1ea1i b\u1ed9t ho\u1eb7c ph\u1ebf li\u1ec7u kim lo\u1ea1i d\u1ea1ng h\u1ea1t tr\u1ef1c ti\u1ebfp th\u00e0nh b\u00e1nh h\u00ecnh tr\u1ee5 n\u1eb7ng 3-15 kg \u0111\u1ec3 d\u1ec5 d\u00e0ng v\u1eadn chuy\u1ec3n v\u00e0 v\u1eadn h\u00e0nh l\u00f2. To\u00e0n b\u1ed9 qu\u00e1 tr\u00ecnh \u0111\u00f3ng b\u00e1nh kh\u00f4ng y\u00eau c\u1ea7u nhi\u1ec7t \u0111\u1ed9 cao, ch\u1ea5t ph\u1ee5 gia ho\u1eb7c c\u00e1c qu\u00e1 tr\u00ecnh kh\u00e1c. M\u1eadt \u0111\u1ed9 th\u00e9p ph\u1ebf sau khi \u0111\u00f3ng b\u00e1nh c\u00f3 th\u1ec3 \u0111\u1ea1t 5-6 t\u1ea5n T\/m\u00b3.<\/p>    <figure class=\"wp-block-gallery aligncenter has-nested-images columns-default is-cropped wp-block-gallery-2 is-layout-flex wp-block-gallery-is-layout-flex\"> <figure class=\"wp-block-image size-large\"><img loading=\"lazy\" decoding=\"async\" width=\"720\" height=\"540\" data-id=\"392\" src=\"https:\/\/www.baler-machines.com\/wp-content\/uploads\/2019\/12\/Shuliy-scrap-metal-briquetting-machine-for-sale.jpg\" alt=\"C\u1ea7n b\u00e1n m\u00e1y \u0111\u00f3ng b\u00e1nh kim lo\u1ea1i ph\u1ebf li\u1ec7u Shuliy\" class=\"wp-image-392\" title=\"\"><figcaption>C\u1ea7n b\u00e1n m\u00e1y \u0111\u00f3ng b\u00e1nh kim lo\u1ea1i ph\u1ebf li\u1ec7u Shuliy<\/figcaption><\/figure>    <figure class=\"wp-block-image size-large\"><img loading=\"lazy\" decoding=\"async\" width=\"720\" height=\"540\" data-id=\"402\" src=\"https:\/\/www.baler-machines.com\/wp-content\/uploads\/2019\/12\/Aluminum-scrap-Briquettes-2.jpg\" alt=\"Briquettes ph\u1ebf li\u1ec7u nh\u00f4m\" class=\"wp-image-402\" title=\"\"><figcaption>Than b\u00e1nh nh\u00f4m ph\u1ebf li\u1ec7u<\/figcaption><\/figure> <\/figure>    <h2 class=\"wp-block-heading\" id=\"h-why-use-the-metal-chip-briquetter\"><strong>T\u1ea1i sao n\u00ean s\u1eed d\u1ee5ng m\u00e1y \u0111\u00f3ng b\u00e1nh chip kim lo\u1ea1i?<\/strong><\/h2>    <p>Hi\u1ec7n nay, h\u1ea7u h\u1ebft c\u00e1c nh\u00e0 m\u00e1y gia c\u00f4ng kim lo\u1ea1i v\u00e0 x\u01b0\u1edfng \u0111\u00fac th\u00e9p ch\u01b0a quan t\u00e2m \u0111\u00fang m\u1ee9c \u0111\u1ebfn vi\u1ec7c x\u1eed l\u00fd ph\u1ebf li\u1ec7u v\u00e0 d\u0103m kim lo\u1ea1i. H\u1ea7u h\u1ebft c\u00e1c ph\u1ebf li\u1ec7u kim lo\u1ea1i \u0111\u01b0\u1ee3c x\u1ebfp ch\u1ed3ng l\u00ean nhau m\u1ed9t c\u00e1ch ng\u1eabu nhi\u00ean, \u0111i\u1ec1u n\u00e0y kh\u00f4ng ch\u1ec9 g\u00e2y l\u00e3ng ph\u00ed t\u00e0i nguy\u00ean m\u00e0 c\u00f2n g\u00e2y \u00f4 nhi\u1ec5m m\u00f4i tr\u01b0\u1eddng nghi\u00eam tr\u1ecdng. <\/p>    <figure class=\"wp-block-gallery aligncenter has-nested-images columns-default is-cropped wp-block-gallery-3 is-layout-flex wp-block-gallery-is-layout-flex\"> <figure class=\"wp-block-image size-large\"><img loading=\"lazy\" decoding=\"async\" width=\"405\" height=\"540\" data-id=\"394\" src=\"https:\/\/www.baler-machines.com\/wp-content\/uploads\/2019\/12\/vertical-metal-briquette-machine-manufacturing.jpg\" alt=\"ch\u1ebf t\u1ea1o m\u00e1y \u00e9p ki\u1ec7n kim lo\u1ea1i \u0111\u1ee9ng\" class=\"wp-image-394\" title=\"\"><figcaption>D\u1ecdc-Kim lo\u1ea1i-B\u00e1nh-M\u00e1y-S\u1ea3n xu\u1ea5t<\/figcaption><\/figure>    <figure class=\"wp-block-image size-large\"><img loading=\"lazy\" decoding=\"async\" width=\"405\" height=\"540\" data-id=\"395\" src=\"https:\/\/www.baler-machines.com\/wp-content\/uploads\/2019\/12\/hydraulic-metal-chip-briquette-machine-for-sale.jpg\" alt=\"m\u00e1y \u00e9p ki\u1ec7n v\u1ee5n kim lo\u1ea1i th\u1ee7y l\u1ef1c b\u00e1n ch\u1ea1y\" class=\"wp-image-395\" title=\"\"><figcaption>C\u1ea7n b\u00e1n m\u00e1y \u0111\u00f3ng b\u00e1nh chip kim lo\u1ea1i th\u1ee7y l\u1ef1c<\/figcaption><\/figure> <\/figure>    <p>\u0110\u1eb7c bi\u1ec7t \u1edf m\u1ed9t s\u1ed1 kho ch\u1ee9a chip kim lo\u1ea1i ngo\u00e0i tr\u1eddi quy m\u00f4 l\u1edbn, h\u1ea7u h\u1ebft c\u00e1c chip kim lo\u1ea1i \u0111\u01b0\u1ee3c v\u1eadn chuy\u1ec3n trong t\u00fai ho\u1eb7c h\u1ed9p s\u1eaft, sau \u0111\u00f3 \u0111\u01b0\u1ee3c g\u1eedi \u0111\u1ebfn n\u01a1i kh\u00e1c b\u1eb1ng xe \u0111\u1ea9y v\u1eadn chuy\u1ec3n chip kim lo\u1ea1i. Trong to\u00e0n b\u1ed9 qu\u00e1 tr\u00ecnh, c\u00e1c m\u1ea3nh kim lo\u1ea1i s\u1ebd r\u01a1i \u1edf nhi\u1ec1u n\u01a1i kh\u00e1c nhau, g\u00e2y \u00f4 nhi\u1ec5m \u0111\u1ea5t \u0111ai v\u00e0 l\u00e3ng ph\u00ed t\u00e0i nguy\u00ean. M\u00e1y \u0111\u00f3ng b\u00e1nh chip kim lo\u1ea1i c\u00f3 th\u1ec3 \u00e9p h\u1ea7u h\u1ebft c\u00e1c v\u1eadt li\u1ec7u kim lo\u1ea1i ph\u1ebf li\u1ec7u th\u00e0nh h\u00ecnh tr\u1ee5 v\u00e0 c\u00e1c kh\u1ed1i c\u00f3 k\u00edch c\u1ee1 kh\u00e1c nhau, gi\u00fap gi\u1ea3m l\u00e3ng ph\u00ed t\u00e0i nguy\u00ean kim lo\u1ea1i m\u1ed9t c\u00e1ch hi\u1ec7u qu\u1ea3 v\u00e0 gi\u1ea3m chi ph\u00ed v\u1eadn chuy\u1ec3n.<\/p>    <h2 class=\"wp-block-heading\"><strong>C\u00e1c \u1ee9ng d\u1ee5ng c\u1ee7a m\u00e1y \u0111\u00f3ng b\u00e1nh kim lo\u1ea1i \u0111\u1ec3 b\u00e1n<\/strong><\/h2>    <p>N\u00f3 c\u00f3 th\u1ec3 \u0111\u01b0a m\u1ea3nh nh\u00f4m, m\u1ea3nh th\u00e9p, b\u1ed9t s\u1eaft, m\u1ea3nh \u0111\u1ed3ng v\u00e0 c\u00e1c lo\u1ea1i than b\u00e1nh kh\u00e1c v\u00e0o l\u00f2. Thay th\u1ebf th\u00e9p ph\u1ebf li\u1ec7u, s\u1eaft v\u1ee5n, ph\u00f4i nh\u00f4m v\u00e0 \u0111\u1ed3ng ph\u1ebf li\u1ec7u l\u00e0m nguy\u00ean li\u1ec7u th\u00f4 \u0111\u1ec3 gi\u1ea3m t\u00ecnh tr\u1ea1ng ki\u1ec7t s\u1ee9c. M\u00e1y \u0111\u00f3ng b\u00e1nh kim lo\u1ea1i th\u1ee7y l\u1ef1c n\u00e0y c\u00f3 th\u1ec3 \u0111\u00f3ng b\u00e1nh nh\u1eefng m\u1ea3nh kim lo\u1ea1i n\u00e0y th\u00e0nh h\u00ecnh tr\u1ee5 v\u1edbi \u0111\u01b0\u1eddng k\u00ednh v\u00e0 chi\u1ec1u d\u00e0i c\u00f3 th\u1ec3 \u0111i\u1ec1u ch\u1ec9nh kh\u00e1c nhau.<\/p>   <div class=\"wp-block-image\"> <figure class=\"aligncenter size-full\"><img loading=\"lazy\" decoding=\"async\" width=\"720\" height=\"325\" src=\"https:\/\/www.baler-machines.com\/wp-content\/uploads\/2022\/08\/scrap-metal-to-be-briquetted.webp\" alt=\"kim lo\u1ea1i ph\u1ebf li\u1ec7u \u0111\u01b0\u1ee3c \u0111\u00f3ng b\u00e1nh\" class=\"wp-image-2577\" title=\"\"><figcaption>kim lo\u1ea1i ph\u1ebf li\u1ec7u \u0111\u01b0\u1ee3c \u0111\u00f3ng b\u00e1nh<\/figcaption><\/figure> <\/div>   <p>M\u00e1y \u0111\u00f3ng b\u00e1nh chip kim lo\u1ea1i ph\u1ebf li\u1ec7u d\u1ecdc n\u00e0y \u0111\u01b0\u1ee3c s\u1eed d\u1ee5ng r\u1ed9ng r\u00e3i trong c\u00e1c nh\u00e0 m\u00e1y \u0111\u1ecbnh h\u00ecnh h\u1ee3p kim nh\u00f4m, nh\u00e0 m\u00e1y \u0111\u00fac th\u00e9p, nh\u00e0 m\u00e1y \u0111\u00fac nh\u00f4m, nh\u00e0 m\u00e1y \u0111\u00fac \u0111\u1ed3ng v\u00e0 h\u1ea7u h\u1ebft c\u00e1c tr\u1ea1m t\u00e1i ch\u1ebf t\u00e0i nguy\u00ean kim lo\u1ea1i th\u1ea3i.<\/p>   <div class=\"wp-block-image\"> <figure class=\"aligncenter size-full\"><img loading=\"lazy\" decoding=\"async\" width=\"720\" height=\"540\" src=\"https:\/\/www.baler-machines.com\/wp-content\/uploads\/2022\/08\/final-products-of-the-metal-chip-briquetter.webp\" alt=\"\" class=\"wp-image-2578\" title=\"\"><figcaption>s\u1ea3n ph\u1ea9m cu\u1ed1i c\u00f9ng c\u1ee7a m\u00e1y \u0111\u00f3ng b\u00e1nh chip kim lo\u1ea1i<\/figcaption><\/figure> <\/div>   <h2 class=\"wp-block-heading\" id=\"h-what-composes-the-aluminum-chip-briquetter\"><strong>Nh\u1eefng g\u00ec t\u1ea1o n\u00ean than b\u00e1nh chip nh\u00f4m?<\/strong><\/h2>    <p>M\u00e1y \u0111\u00f3ng b\u00e1nh chip kim lo\u1ea1i ho\u00e0n to\u00e0n t\u1ef1 \u0111\u1ed9ng \u00e1p d\u1ee5ng ch\u01b0\u01a1ng tr\u00ecnh \u0111i\u1ec1u khi\u1ec3n PLC th\u00f4ng minh, c\u00e1c b\u1ed9 ph\u1eadn ch\u00ednh c\u1ee7a n\u00f3: khung ch\u00ednh \u0111\u01b0\u1ee3c l\u00e0m b\u1eb1ng k\u1ebft c\u1ea5u d\u1ea7m tr\u00ean v\u00e0 d\u01b0\u1edbi b\u1eb1ng th\u00e9p \u0111\u00fac, b\u1ec1n v\u00e0 kh\u00f4ng bao gi\u1edd b\u1ecb bi\u1ebfn d\u1ea1ng. <\/p>    <p>B\u1ed1n c\u1ed9t th\u1ee7y l\u1ef1c \u00e1p d\u1ee5ng c\u00f4ng ngh\u1ec7 m\u1ea1 cr\u00f4m ti\u00ean ti\u1ebfn, \u0111\u1eb9p v\u00e0 trang nh\u00e3, an to\u00e0n v\u00e0 \u0111\u00e1ng tin c\u1eady. Th\u00f9ng d\u1ea7u th\u1ee7y l\u1ef1c \u0111\u01b0\u1ee3c s\u1eed d\u1ee5ng \u0111\u1ec3 l\u01b0u tr\u1eef m\u00f4i tr\u01b0\u1eddng l\u00e0m vi\u1ec7c. D\u1ea7u th\u1ee7y l\u1ef1c l\u00e0 d\u1ea7u th\u1ee7y l\u1ef1c ch\u1ed1ng m\u00e0i m\u00f2n 46 #. <\/p>   <div class=\"wp-block-image\"> <figure class=\"aligncenter size-full\"><img loading=\"lazy\" decoding=\"async\" width=\"720\" height=\"540\" src=\"https:\/\/www.baler-machines.com\/wp-content\/uploads\/2022\/08\/structure-of-the-metal-chip-briquetting-machine.webp\" alt=\"c\u1ea5u tr\u00fac c\u1ee7a m\u00e1y \u0111\u00f3ng b\u00e1nh chip kim lo\u1ea1i\" class=\"wp-image-2574\" title=\"\"><figcaption>c\u1ea5u tr\u00fac c\u1ee7a m\u00e1y \u0111\u00f3ng b\u00e1nh chip kim lo\u1ea1i<\/figcaption><\/figure> <\/div>   <p>H\u1ec7 th\u1ed1ng \u0111i\u1ec1u khi\u1ec3n \u0111i\u1ec7n c\u1ee7a m\u00e1y \u0111\u00f3ng b\u00e1nh nh\u00f4m \u0111\u01b0\u1ee3c s\u1eed d\u1ee5ng \u0111\u1ec3 \u0111i\u1ec1u khi\u1ec3n ho\u1ea1t \u0111\u1ed9ng c\u1ee7a t\u1eebng xi lanh. Nh\u00f3m van th\u1ee7y l\u1ef1c c\u1ee7a m\u00e1y \u00e9p phoi kim lo\u1ea1i s\u1eed d\u1ee5ng m\u1ea1ch d\u1ea7u c\u00f3 m\u1eadt \u0111\u1ed9 cao, \u0111\u01b0\u1eddng k\u00ednh l\u1edbn, c\u00f3 l\u01b0u l\u01b0\u1ee3ng l\u1edbn v\u00e0 t\u1ed1c \u0111\u1ed9 nhanh. <\/p>    <p>H\u1ec7 th\u1ed1ng \u0111i\u1ec7n c\u1ee7a m\u00e1y bao g\u1ed3m \u0111\u1ed9ng c\u01a1 v\u00e0 b\u01a1m d\u1ea7u, ch\u1ea5t l\u01b0\u1ee3ng cao, v\u1eadn h\u00e0nh \u1ed5n \u0111\u1ecbnh, t\u1ef7 l\u1ec7 h\u1ecfng h\u00f3c th\u1ea5p v\u00e0 kh\u1ea3 n\u0103ng l\u00e0m vi\u1ec7c li\u00ean t\u1ee5c m\u1ea1nh m\u1ebd.<\/p>    <h2 class=\"wp-block-heading\"><strong>M\u00e1y \u0111\u00f3ng b\u00e1nh kim lo\u1ea1i ho\u1ea1t \u0111\u1ed9ng nh\u01b0 th\u1ebf n\u00e0o?<\/strong><\/h2>    <p>Tr\u00ean th\u1ef1c t\u1ebf, lo\u1ea1i m\u00e1y n\u00e0y ho\u1ea1t \u0111\u1ed9ng ch\u1ee7 y\u1ebfu d\u1ef1a v\u00e0o \u00e1p su\u1ea5t th\u1ee7y l\u1ef1c \u0111\u1ec3 \u00e9p ph\u1ebf li\u1ec7u c\u1ea7n x\u1eed l\u00fd, n\u0103ng l\u01b0\u1ee3ng \u0111\u01b0\u1ee3c s\u1eed d\u1ee5ng l\u00e0m \u0111i\u1ec7n n\u0103ng.<\/p>    <p>\u0110\u1ea7u ti\u00ean, ph\u1ebf li\u1ec7u kim lo\u1ea1i \u0111\u01b0\u1ee3c \u0111\u01b0a v\u00e0o th\u00f9ng ch\u1ee9a.<\/p>    <p>Th\u1ee9 hai, ph\u1ebf li\u1ec7u \u0111i v\u00e0o m\u00e1y nghi\u1ec1n t\u1ea1o h\u00ecnh v\u00e0 d\u1ea7n d\u1ea7n \u0111\u01b0\u1ee3c h\u00ecnh th\u00e0nh d\u01b0\u1edbi s\u1ef1 \u00e9p \u0111\u00f9n li\u00ean t\u1ee5c c\u1ee7a xi lanh th\u1ee7y l\u1ef1c.<\/p>    <p>Cu\u1ed1i c\u00f9ng, m\u1ea3nh v\u1ee5n \u0111\u01b0\u1ee3c t\u1ea1o h\u00ecnh v\u00e0 to\u00e0n b\u1ed9 qu\u00e1 tr\u00ecnh \u0111\u01b0\u1ee3c ho\u00e0n th\u00e0nh, t\u1ea1o ra kho\u1ea3ng 4 ho\u1eb7c 5 m\u1ea3nh m\u1ed7i ph\u00fat. Sau \u0111\u00f3 qu\u00e1 tr\u00ecnh \u0111\u01b0\u1ee3c l\u1eb7p l\u1ea1i m\u1ed9t l\u1ea7n n\u1eefa.<\/p>   <div class=\"wp-block-image\"> <figure class=\"aligncenter size-full\"><img loading=\"lazy\" decoding=\"async\" width=\"540\" height=\"540\" src=\"https:\/\/www.baler-machines.com\/wp-content\/uploads\/2019\/12\/aluminum-briquettes-production-line.jpg\" alt=\"d\u00e2y chuy\u1ec1n s\u1ea3n xu\u1ea5t ki\u1ec7n nh\u00f4m\" class=\"wp-image-396\" title=\"\"><figcaption>d\u00e2y chuy\u1ec1n s\u1ea3n xu\u1ea5t than b\u00e1nh nh\u00f4m<\/figcaption><\/figure> <\/div>   <h2 class=\"wp-block-heading\" id=\"h-spotlights-of-recycle-waste-metal-chip-briquetting-machine\"><strong><strong>\u0110\u00e8n chi\u1ebfu s\u00e1ng c\u1ee7a m\u00e1y \u0111\u00f3ng b\u00e1nh chip kim lo\u1ea1i th\u1ea3i t\u00e1i ch\u1ebf<\/strong><\/strong><\/h2>    <ol class=\"wp-block-list\"><li><strong>D\u00e2y chuy\u1ec1n s\u1ea3n xu\u1ea5t than b\u00e1nh chip kim lo\u1ea1i ho\u00e0n to\u00e0n t\u1ef1 \u0111\u1ed9ng<\/strong>. M\u00e1y \u0111\u00f3ng b\u00e1nh chip nh\u00f4m c\u00f3 th\u1ec3 \u0111\u01b0\u1ee3c s\u1eed d\u1ee5ng v\u1edbi thi\u1ebft b\u1ecb v\u1eadn chuy\u1ec3n t\u1ef1 \u0111\u1ed9ng. D\u00e2y chuy\u1ec1n s\u1ea3n xu\u1ea5t than b\u00e1nh chip kim lo\u1ea1i bao g\u1ed3m c\u00e1c silo l\u01b0u tr\u1eef chip th\u00e9p l\u1edbn, b\u0103ng t\u1ea3i, m\u00e1y n\u00e9n kh\u00ed, m\u00e1y nghi\u1ec1n chip th\u00e9p v\u00e0 c\u00e1c thi\u1ebft b\u1ecb ph\u1ee5 tr\u1ee3 kh\u00e1c. B\u1eb0NG <a href=\"https:\/\/www.baler-machines.com\/vi\/\" target=\"_blank\" rel=\"noreferrer noopener\">m\u1ed9t nh\u00e0 s\u1ea3n xu\u1ea5t chuy\u00ean nghi\u1ec7p c\u1ee7a thi\u1ebft b\u1ecb t\u00e1i ch\u1ebf kim lo\u1ea1i<\/a>, our machines can meet customers&#8217; needs for highly automated production and reduce labor costs.<\/li><li><strong>M\u00f4 h\u00ecnh v\u00e0 n\u0103ng l\u1ef1c s\u1ea3n xu\u1ea5t kh\u00e1c nhau<\/strong>. M\u00e1y \u0111\u00f3ng b\u00e1nh nh\u00f4m c\u00f3 ph\u1ea1m vi r\u1ed9ng. Ch\u00fang t\u00f4i c\u00f3 th\u1ec3 l\u1ef1a ch\u1ecdn m\u1eabu m\u00e3 v\u00e0 th\u00f4ng s\u1ed1 k\u1ef9 thu\u1eadt c\u1ee7a m\u00e1y \u0111\u00f3ng b\u00e1nh th\u00e9p cho kh\u00e1ch h\u00e0ng theo nhu c\u1ea7u c\u1ee5 th\u1ec3 c\u1ee7a h\u1ecd. <\/li><li><strong>T\u00f9y ch\u1ec9nh<\/strong>. Ch\u00fang t\u00f4i c\u0169ng c\u00f3 th\u1ec3 gi\u00fap kh\u00e1ch h\u00e0ng t\u00f9y ch\u1ec9nh h\u00ecnh d\u1ea1ng v\u00e0 k\u00edch th\u01b0\u1edbc c\u1ee7a s\u1ea3n ph\u1ea9m cu\u1ed1i c\u00f9ng. M\u00e1y \u0111\u00f3ng b\u00e1nh chip kim lo\u1ea1i l\u00e0 s\u1ea3n ph\u1ea9m do ch\u00fang t\u00f4i thi\u1ebft k\u1ebf v\u00e0 s\u1ea3n xu\u1ea5t \u0111\u1ed9c l\u1eadp, d\u1ec5 s\u1eed d\u1ee5ng, hi\u1ec7u qu\u1ea3 cao v\u00e0 hi\u1ec7u su\u1ea5t s\u1ea3n ph\u1ea9m \u1ed5n \u0111\u1ecbnh.<\/li><li>T\u1ef1 \u0111\u1ed9ng h\u00f3a, t\u1ef7 l\u1ec7 th\u1ea5t b\u1ea1i th\u1ea5p, b\u1ea3o tr\u00ec d\u1ec5 d\u00e0ng.<\/li><li>Ti\u1ebft ki\u1ec7m chi ph\u00ed, v\u1eadn chuy\u1ec3n thu\u1eadn ti\u1ec7n v\u00e0 c\u00f3 th\u1ec3 t\u1ea1o l\u1ea1i l\u1ee3i nhu\u1eadn.<\/li><li>C\u1ea5u tr\u00fac nh\u1ecf g\u1ecdn, v\u1eadn h\u00e0nh \u00eam \u00e1i v\u00e0 tu\u1ed5i th\u1ecd d\u00e0i.<\/li><\/ol>    <figure class=\"wp-block-gallery aligncenter has-nested-images columns-default is-cropped wp-block-gallery-4 is-layout-flex wp-block-gallery-is-layout-flex\"> <figure class=\"wp-block-image size-large\"><img loading=\"lazy\" decoding=\"async\" width=\"552\" height=\"540\" data-id=\"399\" src=\"https:\/\/www.baler-machines.com\/wp-content\/uploads\/2019\/12\/Waste-metal-briquettes-1.jpg\" alt=\"Than b\u00e1nh kim lo\u1ea1i th\u1ea3i\" class=\"wp-image-399\" title=\"\"><figcaption>Than b\u00e1nh kim lo\u1ea1i th\u1ea3i<\/figcaption><\/figure>    <figure class=\"wp-block-image size-full\"><img loading=\"lazy\" decoding=\"async\" width=\"540\" height=\"540\" data-id=\"400\" src=\"https:\/\/www.baler-machines.com\/wp-content\/uploads\/2019\/12\/Production-site-of-our-Philippines-customer.jpg\" alt=\"\u0110\u1ecba \u0111i\u1ec3m s\u1ea3n xu\u1ea5t c\u1ee7a kh\u00e1ch h\u00e0ng Philippines\" class=\"wp-image-400\" title=\"\"><figcaption>\u0110\u1ecba \u0111i\u1ec3m s\u1ea3n xu\u1ea5t c\u1ee7a kh\u00e1ch h\u00e0ng Philippines c\u1ee7a ch\u00fang t\u00f4i<\/figcaption><\/figure> <\/figure>    <h2 class=\"wp-block-heading\"><strong>L\u00e0m th\u1ebf n\u00e0o \u0111\u1ec3 s\u1eed d\u1ee5ng than b\u00e1nh nh\u00f4m chip m\u1ed9t c\u00e1ch an to\u00e0n?<\/strong><\/h2>    <ol class=\"wp-block-list\"><li>Vui l\u00f2ng x\u00e1c nh\u1eadn ngu\u1ed3n \u0111i\u1ec7n m\u00e0 m\u00e1y s\u1eed d\u1ee5ng v\u00e0 kh\u00f4ng c\u1eafm nh\u1ea7m ngu\u1ed3n \u0111i\u1ec7n.<\/li><li>H\u00e3y nh\u1edb r\u00fat ngu\u1ed3n \u0111i\u1ec7n khi kh\u00f4ng s\u1eed d\u1ee5ng m\u00e1y \u0111\u00f3ng b\u00e1nh kim lo\u1ea1i.<\/li><li>Kh\u00f4ng t\u1ef1 \u00fd thay th\u1ebf c\u00e1c b\u1ed9 ph\u1eadn tr\u00ean m\u00e1y.<\/li><li>Ki\u1ec3m tra k\u1ecbp th\u1eddi vi\u1ec7c s\u1eed d\u1ee5ng d\u1ea7u th\u1ee7y l\u1ef1c \u0111\u1ec3 tr\u00e1nh t\u00ecnh tr\u1ea1ng d\u1eebng m\u00e1y khi l\u00e0m vi\u1ec7c.<\/li><li>Ki\u1ec3m tra m\u00e1y sau khi s\u1eed d\u1ee5ng v\u00e0 l\u1eadp nhi\u1ec1u h\u1ed3 s\u01a1 kh\u00e1c nhau sau khi x\u00e1c nh\u1eadn r\u1eb1ng n\u00f3 \u0111\u00fang.<\/li><\/ol>    <h2 class=\"wp-block-heading\" id=\"h-working-video-of-the-metal-chip-briquetting-machine\"><strong>Video ho\u1ea1t \u0111\u1ed9ng c\u1ee7a m\u00e1y \u0111\u00f3ng b\u00e1nh chip kim lo\u1ea1i<\/strong><\/h2>    <figure class=\"wp-block-embed is-type-video is-provider-youtube wp-block-embed-youtube wp-embed-aspect-16-9 wp-has-aspect-ratio\"><div class=\"wp-block-embed__wrapper\"> <iframe loading=\"lazy\" title=\"M\u00e1y \u0111\u00f3ng b\u00e1nh kim lo\u1ea1i th\u1ee7y l\u1ef1c |  M\u00e1y \u0111\u00f3ng b\u00e1nh chip kim lo\u1ea1i ph\u1ebf li\u1ec7u | m\u00e1y \u00e9p b\u1ed9t kim lo\u1ea1i\" width=\"500\" height=\"281\" src=\"https:\/\/www.youtube.com\/embed\/07kcFZtIdy4?feature=oembed\" frameborder=\"0\" allow=\"accelerometer; autoplay; clipboard-write; encrypted-media; gyroscope; picture-in-picture; web-share\" referrerpolicy=\"strict-origin-when-cross-origin\" allowfullscreen><\/iframe> <\/div><\/figure>    <figure class=\"wp-block-embed is-type-video is-provider-youtube wp-block-embed-youtube wp-embed-aspect-4-3 wp-has-aspect-ratio\"><div class=\"wp-block-embed__wrapper\"> <iframe loading=\"lazy\" title=\"Nh\u00e0 s\u1ea3n xu\u1ea5t m\u00e1y t\u00e1i ch\u1ebf ch\u1ea5t th\u1ea3i kim lo\u1ea1i ph\u1ebf li\u1ec7u | M\u00e1y l\u00e0m b\u00e1nh b\u1ed9t kim lo\u1ea1i\" width=\"500\" height=\"375\" src=\"https:\/\/www.youtube.com\/embed\/keuAYiSAQrg?feature=oembed\" frameborder=\"0\" allow=\"accelerometer; autoplay; clipboard-write; encrypted-media; gyroscope; picture-in-picture; web-share\" referrerpolicy=\"strict-origin-when-cross-origin\" allowfullscreen><\/iframe> <\/div><\/figure>    <p>M\u00e1y l\u00e0m b\u00e1nh b\u1ed9t kim lo\u1ea1i c\u0169ng th\u00edch h\u1ee3p \u0111\u1ec3 \u00e9p b\u1ed9t tr\u1ea5u d\u1eeba. Sau \u0111\u00e2y l\u00e0 video \u00e9p b\u1ed9t tr\u1ea5u d\u1eeba m\u1ed7i l\u1ea7n cho ra 4 vi\u00ean g\u1ea1ch.<\/p>    <figure class=\"wp-block-embed is-type-video is-provider-youtube wp-block-embed-youtube wp-embed-aspect-16-9 wp-has-aspect-ratio\"><div class=\"wp-block-embed__wrapper\"> <iframe loading=\"lazy\" title=\"L\u00e0m th\u1ebf n\u00e0o \u0111\u1ec3 l\u00e0m g\u1ea1ch b\u1ed9t tr\u1ea5u d\u1eeba m\u1eadt \u0111\u1ed9 cao? Ki\u1ec3m tra m\u00e1y \u00e9p g\u1ea1ch b\u1ed9t d\u1eeba th\u1ee7y l\u1ef1c\" width=\"500\" height=\"281\" src=\"https:\/\/www.youtube.com\/embed\/rbja9FX1p7E?feature=oembed\" frameborder=\"0\" allow=\"accelerometer; autoplay; clipboard-write; encrypted-media; gyroscope; picture-in-picture; web-share\" referrerpolicy=\"strict-origin-when-cross-origin\" allowfullscreen><\/iframe> <\/div><\/figure>    <p>M\u00e1y \u0111\u00f3ng vi\u00ean b\u1ed9t x\u01a1 d\u1eeba, m\u1ed7i l\u1ea7n l\u00e0m 1 vi\u00ean g\u1ea1ch r\u1ed7ng.<\/p>    <figure class=\"wp-block-embed is-type-video is-provider-youtube wp-block-embed-youtube wp-embed-aspect-16-9 wp-has-aspect-ratio\"><div class=\"wp-block-embed__wrapper\"> <iframe loading=\"lazy\" title=\"B\u00e2y gi\u1edd b\u1ea1n c\u00f3 th\u1ec3 d\u1ec5 d\u00e0ng l\u00e0m g\u1ea1ch r\u1ed7ng d\u1eeba b\u1eb1ng c\u00e1ch s\u1eed d\u1ee5ng m\u00e1y \u0111\u00f3ng b\u00e1nh b\u1ed9t x\u01a1 d\u1eeba!\" width=\"500\" height=\"281\" src=\"https:\/\/www.youtube.com\/embed\/CVkJwZkr-GI?feature=oembed\" frameborder=\"0\" allow=\"accelerometer; autoplay; clipboard-write; encrypted-media; gyroscope; picture-in-picture; web-share\" referrerpolicy=\"strict-origin-when-cross-origin\" allowfullscreen><\/iframe> <\/div><\/figure>    <h2 class=\"wp-block-heading\" id=\"h-technical-parameters-of-the-metal-powder-press-machine\"><strong>Th\u00f4ng s\u1ed1 k\u1ef9 thu\u1eadt c\u1ee7a m\u00e1y \u00e9p b\u1ed9t kim lo\u1ea1i<\/strong><\/h2>    <figure class=\"wp-block-table\"><table><tbody><tr><td>Ng\u01b0\u1eddi m\u1eabu<\/td><td>Dung t\u00edch<\/td><td>T\u1ec9 tr\u1ecdng<\/td><td>H\u1ec7 th\u1ed1ng \u0111i\u1ec1u khi\u1ec3n<\/td><\/tr><tr><td>SL-315T<\/td><td>300-500kg\/gi\u1edd<\/td><td>2400kg\/m\u00b3<\/td><td>\u0110i\u1ec1u khi\u1ec3n t\u1ef1 \u0111\u1ed9ng PLC<strong><\/strong><\/td><\/tr><\/tbody><\/table><\/figure>    <p><\/p>    <h2 class=\"wp-block-heading\"><strong>Tr\u01b0\u1eddng h\u1ee3p th\u00e0nh c\u00f4ng: <a href=\"https:\/\/www.baler-machines.com\/vi\/shipping-300t-metal-chip-briquette-machine-to-italy\/\" target=\"_blank\" rel=\"noreferrer noopener\">m\u00e1y \u0111\u00f3ng b\u00e1nh chip kim lo\u1ea1i xu\u1ea5t kh\u1ea9u sang \u00dd<\/a><\/strong><\/h2>    <p>Kh\u00e1ch h\u00e0ng ng\u01b0\u1eddi \u00dd n\u00e0y c\u00f3 m\u1ed9t nh\u00e0 m\u00e1y th\u00e9p, m\u1ed7i ng\u00e0y s\u1ea3n xu\u1ea5t r\u1ea5t nhi\u1ec1u thanh th\u00e9p v\u00e0 r\u1ea5t nhi\u1ec1u ph\u1ebf li\u1ec7u. V\u00ec v\u1eady, t\u00f9y theo t\u00ecnh h\u00ecnh nh\u00e0 m\u00e1y, anh quy\u1ebft \u0111\u1ecbnh mua m\u1ed9t chi\u1ebfc m\u00e1y \u0111\u1ec3 t\u1ea1o l\u1ea1i thu nh\u1eadp t\u1eeb s\u1ed1 ph\u1ebf li\u1ec7u n\u00e0y. <\/p>    <p>Sau khi xem trang web c\u1ee7a ch\u00fang t\u00f4i, \u00f4ng \u1ea5y th\u1ea5y r\u1ea5t ph\u00f9 h\u1ee3p n\u00ean \u0111\u00e3 li\u00ean h\u1ec7 v\u1edbi ch\u00fang t\u00f4i. Qu\u1ea3n l\u00fd b\u00e1n h\u00e0ng c\u1ee7a ch\u00fang t\u00f4i \u0111\u00e3 gi\u1edbi thi\u1ec7u m\u00e1y \u00e9p ki\u1ec7n kim lo\u1ea1i n\u00e0y cho \u00f4ng \u1ea5y d\u1ef1a tr\u00ean nhu c\u1ea7u c\u1ee7a \u00f4ng \u1ea5y. Sau khi ki\u1ec3m tra th\u00f4ng tin v\u1ec1 m\u00e1y, ch\u1eb3ng h\u1ea1n nh\u01b0 c\u1ea5u h\u00ecnh m\u00e1y, th\u00f4ng s\u1ed1 m\u00e1y, video ho\u1ea1t \u0111\u1ed9ng c\u1ee7a m\u00e1y, v.v., kh\u00e1ch h\u00e0ng ng\u01b0\u1eddi \u00dd r\u1ea5t h\u00e0i l\u00f2ng v\u00e0 k\u00fd h\u1ee3p \u0111\u1ed3ng v\u1edbi ch\u00fang t\u00f4i ngay l\u1eadp t\u1ee9c. Sau khi m\u00e1y s\u1eb5n s\u00e0ng, ch\u00fang t\u00f4i \u0111\u00e3 ngay l\u1eadp t\u1ee9c s\u1eafp x\u1ebfp vi\u1ec7c v\u1eadn chuy\u1ec3n \u0111\u1ebfn \u0111\u1ecba \u0111i\u1ec3m c\u1ee7a kh\u00e1ch h\u00e0ng. Sau khi nh\u1eadn \u0111\u01b0\u1ee3c m\u00e1y, kh\u00e1ch h\u00e0ng r\u1ea5t h\u00e0i l\u00f2ng. \u00d4ng \u1ea5y c\u0169ng n\u00f3i r\u1eb1ng n\u1ebfu c\u00f3 c\u01a1 h\u1ed9i, ch\u00fang ta c\u00f3 th\u1ec3 h\u1ee3p t\u00e1c l\u1ea7n n\u1eefa.<\/p>    <figure class=\"wp-block-gallery aligncenter has-nested-images columns-default is-cropped wp-block-gallery-5 is-layout-flex wp-block-gallery-is-layout-flex\"> <figure class=\"wp-block-image size-large\"><img loading=\"lazy\" decoding=\"async\" width=\"540\" height=\"720\" data-id=\"2595\" src=\"https:\/\/www.baler-machines.com\/wp-content\/uploads\/2022\/08\/loading-the-metal-chip-briquetter-to-the-container.webp\" alt=\"b\u1ed1c d\u1ee1 m\u00e1y \u00e9p ki\u1ec7n kim lo\u1ea1i l\u00ean container\" class=\"wp-image-2595\" title=\"\"><figcaption>\u0110ang t\u1ea3i m\u00e1y \u0111\u00f3ng b\u00e1nh chip kim lo\u1ea1i v\u00e0o th\u00f9ng ch\u1ee9a<\/figcaption><\/figure> <\/figure>","protected":false},"excerpt":{"rendered":"<p>M\u00e1y \u00e9p briket kim lo\u1ea1i th\u1ee7y l\u1ef1c (m\u00e1y \u00e9p briket kim lo\u1ea1i d\u1ea1ng \u0111\u1ee9ng) l\u00e0 thi\u1ebft b\u1ecb t\u00e1i ch\u1ebf ngu\u1ed3n t\u00e0i nguy\u00ean kim lo\u1ea1i ph\u1ebf li\u1ec7u quan tr\u1ecdng, c\u00f3 th\u1ec3 \u00e9p ngu\u1ed9i tr\u1ef1c ti\u1ebfp c\u00e1c lo\u1ea1i ph\u1ebf li\u1ec7u kim lo\u1ea1i d\u1ea1ng b\u1ed9t ho\u1eb7c d\u1ea1ng h\u1ea1t th\u00e0nh b\u00e1nh h\u00ecnh tr\u1ee5 n\u1eb7ng 3-15 kg \u0111\u1ec3 d\u1ec5 d\u00e0ng v\u1eadn chuy\u1ec3n v\u00e0 v\u1eadn h\u00e0nh l\u00f2.<\/p>","protected":false},"author":1,"featured_media":2593,"parent":0,"template":"","tags":[113,639,590,114,589,112],"product-type":[563],"class_list":["post-391","product","type-product","status-publish","has-post-thumbnail","hentry","tag-metal-briquette-machine","tag-metal-briquetting","tag-metal-briqutting-machine","tag-metal-chip-briquetting-machine","tag-metal-powder-press-machine","tag-scrap-metal-briquette-machine","product-type-baler-machine"],"_links":{"self":[{"href":"https:\/\/www.baler-machines.com\/vi\/wp-json\/wp\/v2\/product\/391","targetHints":{"allow":["GET"]}}],"collection":[{"href":"https:\/\/www.baler-machines.com\/vi\/wp-json\/wp\/v2\/product"}],"about":[{"href":"https:\/\/www.baler-machines.com\/vi\/wp-json\/wp\/v2\/types\/product"}],"author":[{"embeddable":true,"href":"https:\/\/www.baler-machines.com\/vi\/wp-json\/wp\/v2\/users\/1"}],"wp:featuredmedia":[{"embeddable":true,"href":"https:\/\/www.baler-machines.com\/vi\/wp-json\/wp\/v2\/media\/2593"}],"wp:attachment":[{"href":"https:\/\/www.baler-machines.com\/vi\/wp-json\/wp\/v2\/media?parent=391"}],"wp:term":[{"taxonomy":"post_tag","embeddable":true,"href":"https:\/\/www.baler-machines.com\/vi\/wp-json\/wp\/v2\/tags?post=391"},{"taxonomy":"product-type","embeddable":true,"href":"https:\/\/www.baler-machines.com\/vi\/wp-json\/wp\/v2\/product-type?post=391"}],"curies":[{"name":"wp","href":"https:\/\/api.w.org\/{rel}","templated":true}]}}