{"id":3413,"date":"2023-09-20T15:10:38","date_gmt":"2023-09-20T07:10:38","guid":{"rendered":"https:\/\/www.baler-machines.com\/?post_type=product&#038;p=3413"},"modified":"2023-09-20T17:08:07","modified_gmt":"2023-09-20T09:08:07","slug":"wood-pallet-shredder","status":"publish","type":"product","link":"https:\/\/www.baler-machines.com\/vi\/wood-pallet-shredder\/","title":{"rendered":"M\u00e1y nghi\u1ec1n pallet c\u00f4ng nghi\u1ec7p \u0111\u1ec3 b\u0103m nh\u1ecf pallet g\u1ed7"},"content":{"rendered":"<p class=\"translation-block\">M\u00e1y h\u1ee7y pallet g\u1ed7 l\u00e0 m\u1ed9t m\u00e1y h\u1ee7y hai tr\u1ee5c m\u1ea1nh m\u1ebd \u0111\u01b0\u1ee3c thi\u1ebft k\u1ebf \u0111\u1ec3 x\u1eed l\u00fd hi\u1ec7u qu\u1ea3 c\u00e1c v\u1eadt li\u1ec7u b\u1eb1ng g\u1ed7, nh\u01b0 pallet g\u1ed7, v\u00e1n g\u1ed7. Ch\u1ee9c n\u0103ng ch\u00ednh c\u1ee7a n\u00f3 l\u00e0 h\u1ee7y v\u00e0 c\u1eaft pallet g\u1ed7 th\u00e0nh c\u00e1c m\u1ea3nh nh\u1ecf h\u01a1n, gi\u00fap ch\u00fang d\u1ec5 d\u00e0ng qu\u1ea3n l\u00fd v\u00e0 t\u00e1i ch\u1ebf h\u01a1n. M\u00e1y nghi\u1ec1n pallet g\u1ed7 ph\u1ebf th\u1ea3i c\u1ee7a ch\u00fang t\u00f4i n\u1ed5i ti\u1ebfng v\u1ec1 \u0111\u1ed9 b\u1ec1n v\u00e0 hi\u1ec7u qu\u1ea3 trong vi\u1ec7c x\u1eed l\u00fd ho\u1eb7c t\u00e1i ch\u1ebf pallet v\u00e0 g\u1ed7 m\u00e0 ch\u00fang \u0111\u01b0\u1ee3c l\u00e0m t\u1eeb \u0111\u00f3. N\u1ebfu b\u1ea1n quan t\u00e2m, vui l\u00f2ng li\u00ean h\u1ec7 v\u1edbi ch\u00fang t\u00f4i \u0111\u1ec3 bi\u1ebft th\u00eam chi ti\u1ebft!<\/p>    <figure class=\"wp-block-gallery aligncenter has-nested-images columns-default is-cropped wp-block-gallery-2 is-layout-flex wp-block-gallery-is-layout-flex\"> <figure class=\"wp-block-image size-large\"><img loading=\"lazy\" decoding=\"async\" width=\"720\" height=\"540\" data-id=\"3419\" src=\"https:\/\/www.baler-machines.com\/wp-content\/uploads\/2023\/09\/wood-pallet-shredder-for-sale.webp\" alt=\"m\u00e1y nghi\u1ec1n pallet g\u1ed7 b\u00e1n\" class=\"wp-image-3419\" title=\"\"><figcaption class=\"wp-element-caption\">C\u1ea7n b\u00e1n m\u00e1y h\u1ee7y pallet g\u1ed7<\/figcaption><\/figure>    <figure class=\"wp-block-image size-large\"><img loading=\"lazy\" decoding=\"async\" width=\"720\" height=\"540\" data-id=\"3420\" src=\"https:\/\/www.baler-machines.com\/wp-content\/uploads\/2023\/09\/wood-pallet-shredder-machine.webp\" alt=\"m\u00e1y nghi\u1ec1n pallet g\u1ed7\" class=\"wp-image-3420\" title=\"\"><figcaption class=\"wp-element-caption\">M\u00e1y h\u1ee7y t\u00e0i li\u1ec7u pallet g\u1ed7<\/figcaption><\/figure> <\/figure>    <h2 class=\"wp-block-heading\"><strong>T\u1ea1i sao ph\u1ea3i b\u0103m nh\u1ecf pallet g\u1ed7 th\u1ea3i?<\/strong><\/h2>    <figure class=\"wp-block-gallery aligncenter has-nested-images columns-default is-cropped wp-block-gallery-3 is-layout-flex wp-block-gallery-is-layout-flex\"> <figure class=\"wp-block-image size-full\"><img loading=\"lazy\" decoding=\"async\" width=\"390\" height=\"257\" data-id=\"3417\" src=\"https:\/\/www.baler-machines.com\/wp-content\/uploads\/2023\/09\/wooden-pallets.webp\" alt=\"pallet g\u1ed7\" class=\"wp-image-3417\" title=\"\"><figcaption class=\"wp-element-caption\">Pallet g\u1ed7<\/figcaption><\/figure>    <figure class=\"wp-block-image size-full\"><img loading=\"lazy\" decoding=\"async\" width=\"327\" height=\"263\" data-id=\"3416\" src=\"https:\/\/www.baler-machines.com\/wp-content\/uploads\/2023\/09\/crushed-wood-pallets.webp\" alt=\"pallet g\u1ed7 nghi\u1ec1n n\u00e1t\" class=\"wp-image-3416\" title=\"\"><figcaption class=\"wp-element-caption\">Pallet G\u1ed7 D\u0103m<\/figcaption><\/figure> <\/figure>    <p>B\u1eb1ng c\u00e1ch x\u1eed l\u00fd nhi\u1ec1u k\u00edch c\u1ee1 v\u00e0 ch\u1ee7ng lo\u1ea1i pallet g\u1ed7, m\u00e1y h\u1ee7y pallet c\u00f4ng nghi\u1ec7p c\u1ee7a ch\u00fang t\u00f4i \u0111\u00e3 tr\u1edf th\u00e0nh m\u1ed9t gi\u1ea3i ph\u00e1p \u0111\u1ee7 hi\u1ec7u qu\u1ea3 \u0111\u1ec3 qu\u1ea3n l\u00fd r\u00e1c th\u1ea3i pallet \u0111\u1ed3ng th\u1eddi th\u00fac \u0111\u1ea9y ph\u00e1t tri\u1ec3n kinh doanh b\u1ec1n v\u1eefng th\u00f4ng qua t\u00e1i ch\u1ebf. Nh\u1eefng l\u1ee3i th\u1ebf nh\u01b0 sau:<\/p>    <ul class=\"wp-block-list\"> <li>M\u00e1y h\u1ee7y pallet g\u1ed7 c\u1ee7a ch\u00fang t\u00f4i gi\u00fap gi\u1ea3m k\u00edch th\u01b0\u1edbc pallet g\u1ed7 th\u1ea3i, gi\u00fap vi\u1ec7c l\u01b0u tr\u1eef v\u00e0 v\u1eadn chuy\u1ec3n hi\u1ec7u qu\u1ea3 h\u01a1n.<\/li>    <li>Vi\u1ec7c b\u0103m nh\u1ecf gi\u00fap t\u00e1i ch\u1ebf g\u1ed7 d\u1ec5 d\u00e0ng h\u01a1n v\u00e0 g\u00f3p ph\u1ea7n b\u1ea3o v\u1ec7 m\u00f4i tr\u01b0\u1eddng b\u1ec1n v\u1eefng.<\/li>    <li>Pallet g\u1ed7 nghi\u1ec1n c\u00f3 th\u1ec3 \u0111\u01b0\u1ee3c s\u1eed d\u1ee5ng l\u00e0m sinh kh\u1ed1i \u0111\u1ec3 s\u1ea3n xu\u1ea5t n\u0103ng l\u01b0\u1ee3ng ho\u1eb7c l\u00e0m nguy\u00ean li\u1ec7u th\u00f4 cho c\u00e1c ng\u00e0nh c\u00f4ng nghi\u1ec7p kh\u00e1c nhau.<\/li>    <li>Vi\u1ec7c b\u0103m nh\u1ecf c\u0169ng gi\u1ea3m thi\u1ec3u chi ph\u00ed x\u1eed l\u00fd v\u00e0 gi\u1ea3m ch\u1ea5t th\u1ea3i ch\u00f4n l\u1ea5p.<\/li> <\/ul>    <h2 class=\"wp-block-heading\"><strong>V\u1eadt li\u1ec7u c\u00f3 th\u1ec3 \u0111\u01b0\u1ee3c c\u1eaft nh\u1ecf<\/strong><\/h2>    <p>M\u00e1y h\u1ee7y pallet g\u1ed7 l\u00e0 lo\u1ea1i m\u00e1y nghi\u1ec1n \u0111a n\u0103ng c\u00f3 th\u1ec3 x\u1eed l\u00fd nhi\u1ec1u lo\u1ea1i v\u1eadt li\u1ec7u, bao g\u1ed3m:<\/p>    <p class=\"translation-block\"><strong>T\u1ea5t c\u1ea3 c\u00e1c lo\u1ea1i v\u1eadt li\u1ec7u x\u1eed l\u00fd g\u1ed1c g\u1ed7: c\u00f4ng tr\u00ecnh g\u1ed7, pallet g\u1ed7, khu\u00f4n g\u1ed7, v\u00e1n g\u1ed7, c\u1eeda v\u00e0 c\u1eeda s\u1ed5 g\u1ed7.<\/strong> <\/p>    <p class=\"translation-block\"><strong>Gi\u1ea5y, b\u00eca c\u1ee9ng, nh\u1ef1a, ph\u1ebf li\u1ec7u kim lo\u1ea1i, g\u1ed7, <a href=\"https:\/\/en.wikipedia.org\/wiki\/Textile\" target=\"_blank\" rel=\"noopener\">v\u1ea3i<\/a>, l\u1ed1p xe, s\u1eaft, v\u1ecf xe, v\u1ecf d\u1eeba, s\u1ee3i, qu\u1ea7n \u00e1o<\/strong>, v\u00e0 nhi\u1ec1u h\u01a1n n\u1eefa.<\/p>    <p class=\"translation-block\">T\u1ea5t nhi\u00ean, kh\u00f4ng ch\u1ec9 nh\u1eefng th\u1ee9 tr\u00ean, m\u00e0 c\u00f2n c\u1ea3 <strong>th\u00f9ng phuy, thi\u1ebfc<\/strong>, v.v. Mi\u1ec5n l\u00e0 b\u1ea1n mu\u1ed1n h\u1ee7y, b\u1ea1n c\u00f3 th\u1ec3 li\u00ean h\u1ec7 v\u1edbi ch\u00fang t\u00f4i.<\/p>    <h2 class=\"wp-block-heading\"><strong>\u0110\u1eb7c \u0111i\u1ec3m c\u1ee7a m\u00e1y h\u1ee7y pallet g\u1ed7 \u0111\u1ec3 b\u00e1n<\/strong><\/h2>    <figure class=\"wp-block-gallery aligncenter has-nested-images columns-default is-cropped wp-block-gallery-4 is-layout-flex wp-block-gallery-is-layout-flex\"> <figure class=\"wp-block-image size-large\"><img loading=\"lazy\" decoding=\"async\" width=\"720\" height=\"540\" data-id=\"3352\" src=\"https:\/\/www.baler-machines.com\/wp-content\/uploads\/2023\/07\/blades-in-the-double-shaft-crusher.webp\" alt=\"l\u01b0\u1ee1i dao trong m\u00e1y nghi\u1ec1n tr\u1ee5c \u0111\u00f4i\" class=\"wp-image-3352\" title=\"\"><figcaption class=\"wp-element-caption\">L\u01b0\u1ee1i dao trong m\u00e1y nghi\u1ec1n tr\u1ee5c \u0111\u00f4i<\/figcaption><\/figure>    <figure class=\"wp-block-image size-large\"><img loading=\"lazy\" decoding=\"async\" width=\"720\" height=\"540\" data-id=\"3349\" src=\"https:\/\/www.baler-machines.com\/wp-content\/uploads\/2023\/07\/double-shaft-crusher-blades.webp\" alt=\"l\u01b0\u1ee1i m\u00e1y nghi\u1ec1n tr\u1ee5c \u0111\u00f4i\" class=\"wp-image-3349\" title=\"\"><figcaption class=\"wp-element-caption\">L\u01b0\u1ee1i m\u00e1y nghi\u1ec1n tr\u1ee5c \u0111\u00f4i<\/figcaption><\/figure> <\/figure>    <ul class=\"wp-block-list\"> <li>C\u1ea5u tr\u00fac ch\u1eafc ch\u1eafn c\u00f3 th\u1ec3 x\u00e9 c\u00e1c pallet g\u1ed7 th\u00e0nh c\u00e1c m\u1ea3nh nh\u1ecf h\u01a1n m\u1ed9t c\u00e1ch hi\u1ec7u qu\u1ea3 \u0111\u1ec3 t\u00e1i ch\u1ebf ho\u1eb7c th\u1ea3i b\u1ecf.<\/li>    <li>L\u01b0\u1ee1i m\u00e1y h\u1ee7y t\u00e0i li\u1ec7u \u0111\u01b0\u1ee3c r\u00e8n, \u1ee7 v\u00e0 x\u1eed l\u00fd nhi\u1ec7t, t\u00f4i luy\u1ec7n v\u00e0 c\u00e1ch nhi\u1ec7t, \u0111\u1ed3ng th\u1eddi \u0111\u01b0\u1ee3c m\u00e0i s\u1eafc tinh x\u1ea3o khi c\u1eaft d\u00e2y, ch\u1ea5t l\u01b0\u1ee3ng t\u1ed1t gi\u00fap b\u0103m nh\u1ecf nhanh ch\u00f3ng v\u00e0 hi\u1ec7u qu\u1ea3.<\/li>    <li>H\u1ed9p s\u1ed1 Shredder \u0111\u01b0\u1ee3c h\u00e0n th\u00e9p t\u1ea5m c\u00f3 \u0111\u1ed9 ch\u00ednh x\u00e1c cao, ti\u1ebfp x\u00fac t\u1ed1t, \u0111\u1ed9 \u1ed3n th\u1ea5p v\u1edbi tu\u1ed5i th\u1ecd cao.<\/li> <\/ul>    <h2 class=\"wp-block-heading\"><strong>Gi\u00e1 m\u00e1y h\u1ee7y pallet c\u00f4ng nghi\u1ec7p nh\u01b0 th\u1ebf n\u00e0o?<\/strong><\/h2>    <p>Gi\u00e1 c\u1ee7a m\u00e1y nghi\u1ec1n pallet g\u1ed7 c\u00f3 th\u1ec3 thay \u0111\u1ed5i r\u1ea5t nhi\u1ec1u t\u00f9y thu\u1ed9c v\u00e0o m\u1ed9t s\u1ed1 y\u1ebfu t\u1ed1. Nh\u1eefng y\u1ebfu t\u1ed1 n\u00e0y bao g\u1ed3m k\u00edch th\u01b0\u1edbc c\u1ee7a m\u00e1y h\u1ee7y t\u00e0i li\u1ec7u, c\u00f4ng su\u1ea5t, c\u00f4ng su\u1ea5t, th\u01b0\u01a1ng hi\u1ec7u v\u00e0 c\u00e1c t\u00ednh n\u0103ng b\u1ed5 sung nh\u01b0 h\u1ec7 th\u1ed1ng t\u1ef1 \u0111\u1ed9ng h\u00f3a v\u00e0 an to\u00e0n. Gi\u00e1 c\u1ee7a m\u1ed9t chi\u1ebfc m\u00e1y h\u1ee7y pallet g\u1ed7 c\u00f3 th\u1ec3 dao \u0111\u1ed9ng t\u1eeb v\u00e0i ngh\u00ecn \u0111\u1ebfn v\u00e0i ch\u1ee5c ngh\u00ecn USD.<\/p>   <div class=\"wp-block-image\"> <figure class=\"aligncenter size-full\"><img loading=\"lazy\" decoding=\"async\" width=\"720\" height=\"540\" src=\"https:\/\/www.baler-machines.com\/wp-content\/uploads\/2023\/09\/wood-pallet-crusher.webp\" alt=\"m\u00e1y nghi\u1ec1n pallet g\u1ed7\" class=\"wp-image-3418\" title=\"\"><figcaption class=\"wp-element-caption\">m\u00e1y nghi\u1ec1n pallet g\u1ed7<\/figcaption><\/figure> <\/div>   <p>\u0110i\u1ec1u quan tr\u1ecdng l\u00e0 ph\u1ea3i \u0111\u00e1nh gi\u00e1 c\u00e1c nhu c\u1ea7u c\u1ee5 th\u1ec3, ng\u00e2n s\u00e1ch v\u00e0 t\u00ednh n\u0103ng c\u1ee7a m\u00e1y h\u1ee7y t\u00e0i li\u1ec7u tr\u01b0\u1edbc khi mua h\u00e0ng.<\/p>    <h2 class=\"wp-block-heading\"><strong>M\u00e1y h\u1ee7y t\u00e0i li\u1ec7u c\u00f4ng nghi\u1ec7p li\u00ean quan<\/strong><\/h2>    <div class=\"wp-block-columns is-layout-flex wp-container-core-columns-is-layout-9d6595d7 wp-block-columns-is-layout-flex\"> <div class=\"wp-block-column is-layout-flow wp-block-column-is-layout-flow\"> <figure class=\"wp-block-embed is-type-wp-embed is-provider-metal-baler-machine-shuliy-group wp-block-embed-metal-baler-machine-shuliy-group\"><div class=\"wp-block-embed__wrapper\"> <blockquote class=\"wp-embedded-content\" data-secret=\"dV7HCv3cBK\"><a href=\"https:\/\/www.baler-machines.com\/vi\/scrap-metal-shredder-machine\/\">M\u00e1y h\u1ee7y kim lo\u1ea1i ph\u1ebf li\u1ec7u c\u00f4ng nghi\u1ec7p \u0111\u1ec3 t\u00e1i ch\u1ebf kim lo\u1ea1i<\/a><\/blockquote><iframe loading=\"lazy\" class=\"wp-embedded-content\" sandbox=\"allow-scripts\" security=\"restricted\" style=\"position: absolute; clip: rect(1px, 1px, 1px, 1px);\" title=\"\u201cM\u00e1y h\u1ee7y kim lo\u1ea1i ph\u1ebf li\u1ec7u c\u00f4ng nghi\u1ec7p \u0111\u1ec3 t\u00e1i ch\u1ebf kim lo\u1ea1i\u201d - M\u00e1y \u0111\u00f3ng ki\u1ec7n kim lo\u1ea1i | T\u1eadp \u0111o\u00e0n Shuliy\" src=\"https:\/\/www.baler-machines.com\/scrap-metal-shredder-machine\/embed\/#?secret=ziQmKYMbxX#?secret=dV7HCv3cBK\" data-secret=\"dV7HCv3cBK\" width=\"500\" height=\"282\" frameborder=\"0\" marginwidth=\"0\" marginheight=\"0\" scrolling=\"no\"><\/iframe> <\/div><\/figure> <\/div>    <div class=\"wp-block-column is-layout-flow wp-block-column-is-layout-flow\"> <figure class=\"wp-block-embed is-type-wp-embed is-provider-metal-baler-machine-shuliy-group wp-block-embed-metal-baler-machine-shuliy-group\"><div class=\"wp-block-embed__wrapper\"> <blockquote class=\"wp-embedded-content\" data-secret=\"Pj24ApbIE7\"><a href=\"https:\/\/www.baler-machines.com\/vi\/double-shaft-waste-plastic-shredder-machine\/\">M\u00e1y h\u1ee7y t\u00e0i li\u1ec7u nh\u1ef1a tr\u1ee5c \u0111\u00f4i \u0111\u1ec3 nghi\u1ec1n nh\u1ef1a th\u1ea3i<\/a><\/blockquote><iframe loading=\"lazy\" class=\"wp-embedded-content\" sandbox=\"allow-scripts\" security=\"restricted\" style=\"position: absolute; clip: rect(1px, 1px, 1px, 1px);\" title=\"\u201cM\u00e1y h\u1ee7y t\u00e0i li\u1ec7u nh\u1ef1a tr\u1ee5c \u0111\u00f4i \u0111\u1ec3 nghi\u1ec1n nh\u1ef1a th\u1ea3i\u201d - M\u00e1y \u0111\u00f3ng ki\u1ec7n kim lo\u1ea1i | T\u1eadp \u0111o\u00e0n Shuliy\" src=\"https:\/\/www.baler-machines.com\/double-shaft-waste-plastic-shredder-machine\/embed\/#?secret=lvQ1fQsiN9#?secret=Pj24ApbIE7\" data-secret=\"Pj24ApbIE7\" width=\"500\" height=\"282\" frameborder=\"0\" marginwidth=\"0\" marginheight=\"0\" scrolling=\"no\"><\/iframe> <\/div><\/figure> <\/div> <\/div>    <h2 class=\"wp-block-heading\"><strong>Th\u00f4ng s\u1ed1 k\u1ef9 thu\u1eadt c\u1ee7a m\u00e1y b\u0103m g\u1ed7 pallet<\/strong><\/h2>    <p>C\u00f3 nhi\u1ec1u m\u1eabu m\u00e3 kh\u00e1c nhau \u0111\u01b0\u1ee3c b\u00e1n v\u00e0 m\u00e1y h\u1ee7y pallet c\u00f4ng nghi\u1ec7p c\u00f3 th\u1ec3 \u0111\u01b0\u1ee3c t\u00f9y ch\u1ec9nh \u0111\u1ec3 ph\u00f9 h\u1ee3p v\u1edbi nhu c\u1ea7u c\u1ee7a b\u1ea1n.<\/p>    <p class=\"translation-block\"><strong>Th\u01b0\u01a1ng hi\u1ec7u<\/strong>: Shuliy<\/p>    <p class=\"translation-block\"><strong>C\u00f4ng su\u1ea5t<\/strong>: 0,5-25 t\u1ea5n m\u1ed7i gi\u1edd<\/p>    <p class=\"translation-block\"><strong>Ch\u1ee9c n\u0103ng<\/strong>: Nghi\u1ec1n t\u1ea5t c\u1ea3 c\u00e1c lo\u1ea1i v\u1eadt li\u1ec7u th\u00e0nh c\u00e1c m\u1ea3nh nh\u1ecf<\/p>    <p class=\"translation-block\"><strong>D\u1ecbch v\u1ee5<\/strong>: T\u00f9y ch\u1ec9nh, d\u1ecbch v\u1ee5 sau b\u00e1n h\u00e0ng, h\u1ed7 tr\u1ee3 tr\u1ef1c tuy\u1ebfn, v.v.<\/p>","protected":false},"excerpt":{"rendered":"<p>The wood pallet shredder is a powerful twin-shaft shredder designed to efficiently process wooden materials, like wood pallets, wood plates. Its main function is to shred and cut wooden pallets into smaller pieces, making them easier to manage and recycle. Our waste wood pallet crusher is known for its durability and efficiency in disposing or [&hellip;]<\/p>\n","protected":false},"author":1,"featured_media":3421,"parent":0,"template":"","tags":[626],"product-type":[561],"class_list":["post-3413","product","type-product","status-publish","has-post-thumbnail","hentry","tag-wood-pallet-shredding","product-type-industrial-shredder"],"_links":{"self":[{"href":"https:\/\/www.baler-machines.com\/vi\/wp-json\/wp\/v2\/product\/3413","targetHints":{"allow":["GET"]}}],"collection":[{"href":"https:\/\/www.baler-machines.com\/vi\/wp-json\/wp\/v2\/product"}],"about":[{"href":"https:\/\/www.baler-machines.com\/vi\/wp-json\/wp\/v2\/types\/product"}],"author":[{"embeddable":true,"href":"https:\/\/www.baler-machines.com\/vi\/wp-json\/wp\/v2\/users\/1"}],"wp:featuredmedia":[{"embeddable":true,"href":"https:\/\/www.baler-machines.com\/vi\/wp-json\/wp\/v2\/media\/3421"}],"wp:attachment":[{"href":"https:\/\/www.baler-machines.com\/vi\/wp-json\/wp\/v2\/media?parent=3413"}],"wp:term":[{"taxonomy":"post_tag","embeddable":true,"href":"https:\/\/www.baler-machines.com\/vi\/wp-json\/wp\/v2\/tags?post=3413"},{"taxonomy":"product-type","embeddable":true,"href":"https:\/\/www.baler-machines.com\/vi\/wp-json\/wp\/v2\/product-type?post=3413"}],"curies":[{"name":"wp","href":"https:\/\/api.w.org\/{rel}","templated":true}]}}