{"id":3406,"date":"2023-08-25T17:10:45","date_gmt":"2023-08-25T09:10:45","guid":{"rendered":"https:\/\/www.baler-machines.com\/?post_type=product&#038;p=3406"},"modified":"2026-02-13T11:45:02","modified_gmt":"2026-02-13T03:45:02","slug":"vertical-baling-press","status":"publish","type":"product","link":"https:\/\/www.baler-machines.com\/vi\/vertical-baling-press\/","title":{"rendered":"M\u00e1y \u0111\u00f3ng ki\u1ec7n th\u1ee7y l\u1ef1c cho gi\u1ea5y th\u1ea3i"},"content":{"rendered":"<p class=\"translation-block\">Shuliy <strong>m\u00e1y \u00e9p b\u00f9n d\u1ecdc<\/strong> \u0111\u01b0\u1ee3c thi\u1ebft k\u1ebf \u0111\u1ec3 n\u00e9n hi\u1ec7u qu\u1ea3 c\u00e1c v\u1eadt li\u1ec7u nh\u01b0 gi\u1ea5y th\u1ea3i th\u00e0nh c\u00e1c ki\u1ec7n th\u00f4ng qua h\u1ec7 th\u1ed1ng th\u1ee7y l\u1ef1c m\u1ea1nh m\u1ebd c\u1ee7a n\u00f3. B\u1eb1ng c\u00e1ch s\u1eed d\u1ee5ng m\u00e1y \u00e9p b\u00f9n th\u1ee7y l\u1ef1c n\u00e0y, kh\u00f4ng ch\u1ec9 t\u1ed1i \u01b0u h\u00f3a kh\u00f4ng gian l\u01b0u tr\u1eef m\u00e0 c\u00f2n t\u1ea1o \u0111i\u1ec1u ki\u1ec7n thu\u1eadn l\u1ee3i cho vi\u1ec7c v\u1eadn chuy\u1ec3n \u0111\u1ebfn c\u00e1c c\u01a1 s\u1edf t\u00e1i ch\u1ebf. C\u00e1c m\u00e1y c\u1ee7a ch\u00fang t\u00f4i c\u00f3 s\u1eb5n trong nhi\u1ec1u m\u1eabu m\u00e3, 30T, 40T, 50T, 60T, 80T, 100T, v.v. \u0111\u1ec3 \u0111\u00e1p \u1ee9ng c\u00e1c nhu c\u1ea7u kh\u00e1c nhau c\u1ee7a b\u1ea1n.<\/p>    <figure class=\"wp-block-gallery aligncenter has-nested-images columns-default is-cropped wp-block-gallery-2 is-layout-flex wp-block-gallery-is-layout-flex\"> <figure class=\"wp-block-image size-large\"><img loading=\"lazy\" decoding=\"async\" width=\"720\" height=\"540\" data-id=\"3404\" src=\"https:\/\/www.baler-machines.com\/wp-content\/uploads\/2023\/08\/vertical-waste-baler.webp\" alt=\"m\u00e1y \u0111\u00f3ng ki\u1ec7n d\u1ecdc\" class=\"wp-image-3404\" title=\"\"><figcaption class=\"wp-element-caption\">Baler ch\u1ea5t th\u1ea3i d\u1ecdc<\/figcaption><\/figure>    <figure class=\"wp-block-image size-large\"><img loading=\"lazy\" decoding=\"async\" width=\"540\" height=\"720\" data-id=\"2982\" src=\"https:\/\/www.baler-machines.com\/wp-content\/uploads\/2023\/02\/vertical-cardboard-baler-for-sale.webp\" alt=\"m\u00e1y \u00e9p th\u00f9ng gi\u1ea5y \u0111\u1ee9ng \u0111\u1ec3 b\u00e1n\" class=\"wp-image-2982\" title=\"\"><figcaption class=\"wp-element-caption\">C\u1ea7n b\u00e1n c\u00e1c t\u00f4ng d\u1ecdc<\/figcaption><\/figure>    <figure class=\"wp-block-image size-large\"><img loading=\"lazy\" decoding=\"async\" width=\"720\" height=\"540\" data-id=\"2840\" src=\"https:\/\/www.baler-machines.com\/wp-content\/uploads\/2022\/12\/vertical-waste-oil-drum-compactor.webp\" alt=\"m\u00e1y \u00e9p th\u00f9ng d\u1ea7u th\u1ea3i \u0111\u1ee9ng\" class=\"wp-image-2840\" title=\"\"><figcaption class=\"wp-element-caption\">M\u00e1y \u00e9p tr\u1ed1ng d\u1ea7u th\u1ea3i d\u1ecdc<\/figcaption><\/figure> <\/figure>    <p class=\"translation-block\">Ngo\u00e0i ra, m\u00e1y \u00e9p ki\u1ec7n \u0111\u1ee9ng c\u1ee7a ch\u00fang t\u00f4i c\u0169ng \u0111\u01b0\u1ee3c \u01b0a chu\u1ed9ng v\u00ec hi\u1ec7u su\u1ea5t c\u1ee7a n\u00f3 trong s\u1ed1 c\u00e1c kh\u00e1ch h\u00e0ng tr\u00ean to\u00e0n th\u1ebf gi\u1edbi, ch\u1eb3ng h\u1ea1n nh\u01b0 <strong>Th\u00e1i Lan, Vi\u1ec7t Nam, Gabon, Algeria<\/strong>, v.v. Ch\u00e0o m\u1eebng b\u1ea1n li\u00ean h\u1ec7 v\u1edbi ch\u00fang t\u00f4i \u0111\u1ec3 bi\u1ebft th\u00eam chi ti\u1ebft!<\/p>    <h2 class=\"wp-block-heading\"><strong>T\u1ea1i sao n\u00ean s\u1eed d\u1ee5ng m\u00e1y \u00e9p ki\u1ec7n d\u1ecdc \u0111\u1ec3 t\u00e1i ch\u1ebf?<\/strong><\/h2>    <p>Vi\u1ec7c s\u1eed d\u1ee5ng m\u00e1y \u0111\u00f3ng ki\u1ec7n d\u1ecdc \u0111\u1ec3 t\u00e1i ch\u1ebf mang l\u1ea1i gi\u1ea3i ph\u00e1p nh\u1ecf g\u1ecdn v\u00e0 hi\u1ec7u qu\u1ea3 \u0111\u1ec3 qu\u1ea3n l\u00fd c\u00e1c v\u1eadt li\u1ec7u c\u00f3 th\u1ec3 t\u00e1i ch\u1ebf. Thi\u1ebft b\u1ecb n\u00e0y n\u00e9n c\u00e1c v\u1eadt li\u1ec7u nh\u01b0 gi\u1ea5y, b\u00eca c\u1ee9ng v\u00e0 nh\u1ef1a th\u00e0nh c\u00e1c ki\u1ec7n d\u00e0y \u0111\u1eb7c, t\u1ed1i \u01b0u h\u00f3a vi\u1ec7c l\u01b0u tr\u1eef v\u00e0 v\u1eadn chuy\u1ec3n. V\u1edbi c\u01a1 ch\u1ebf th\u1ee7y l\u1ef1c, n\u00f3 \u0111\u01a1n gi\u1ea3n h\u00f3a vi\u1ec7c x\u1eed l\u00fd ch\u1ea5t th\u1ea3i, gi\u1ea3m chi ph\u00ed h\u1eadu c\u1ea7n v\u00e0 th\u00fac \u0111\u1ea9y c\u00e1c ho\u1ea1t \u0111\u1ed9ng qu\u1ea3n l\u00fd ch\u1ea5t th\u1ea3i b\u1ec1n v\u1eefng.<\/p>    <h2 class=\"wp-block-heading\"><strong>Linh ki\u1ec7n m\u00e1y \u00e9p ki\u1ec7n th\u1ee7y l\u1ef1c<\/strong><\/h2>   <div class=\"wp-block-image\"> <figure class=\"aligncenter size-full\"><img loading=\"lazy\" decoding=\"async\" width=\"712\" height=\"540\" src=\"https:\/\/www.baler-machines.com\/wp-content\/uploads\/2023\/08\/structure-of-hydraulic-baling-press-for-sale.webp\" alt=\"C\u1ea5u tr\u00fac c\u1ee7a m\u00e1y \u00e9p b\u00f9n th\u1ee7y l\u1ef1c \u0111\u1ec3 b\u00e1n\" class=\"wp-image-4293\" title=\"\" srcset=\"https:\/\/www.baler-machines.com\/wp-content\/uploads\/2023\/08\/structure-of-hydraulic-baling-press-for-sale.webp 712w, https:\/\/www.baler-machines.com\/wp-content\/uploads\/2023\/08\/structure-of-hydraulic-baling-press-for-sale-16x12.webp 16w\" sizes=\"auto, (max-width: 712px) 100vw, 712px\" \/><figcaption class=\"wp-element-caption\">C\u1ea5u tr\u00fac c\u1ee7a m\u00e1y \u00e9p b\u00f9n th\u1ee7y l\u1ef1c \u0111\u1ec3 b\u00e1n<\/figcaption><\/figure> <\/div>   <p>M\u00e1y \u00e9p ki\u1ec7n d\u1ecdc c\u1ee7a ch\u00fang t\u00f4i bao g\u1ed3m xi lanh th\u1ee7y l\u1ef1c, thi\u1ebft b\u1ecb ch\u1ed1ng n\u1ea3y, h\u1ec7 th\u1ed1ng \u0111i\u1ec7n v\u00e0 bu\u1ed3ng n\u00e9n. Tr\u00ean th\u1ef1c t\u1ebf, c\u1ea5u tr\u00fac c\u1ee7a m\u00e1y \u0111\u00f3ng ki\u1ec7n d\u1ecdc r\u1ea5t d\u1ec5 hi\u1ec3u v\u00e0 b\u1ea1n c\u00f3 th\u1ec3 v\u1eadn h\u00e0nh m\u00e1y r\u1ea5t d\u1ec5 d\u00e0ng.<\/p>    <h2 class=\"wp-block-heading\"><strong>\u1ee8ng d\u1ee5ng r\u1ed9ng r\u00e3i c\u1ee7a m\u00e1y \u00e9p ki\u1ec7n d\u1ecdc<\/strong><\/h2>   <div class=\"wp-block-image\"> <figure class=\"aligncenter size-full\"><img loading=\"lazy\" decoding=\"async\" width=\"634\" height=\"810\" src=\"https:\/\/www.baler-machines.com\/wp-content\/uploads\/2023\/08\/wide-applications-of-hydraulic-vertical-abler.webp\" alt=\"\u1ee8ng d\u1ee5ng r\u1ed9ng r\u00e3i c\u1ee7a m\u00e1y \u00e9p d\u1ecdc th\u1ee7y l\u1ef1c\" class=\"wp-image-4297\" title=\"\" srcset=\"https:\/\/www.baler-machines.com\/wp-content\/uploads\/2023\/08\/wide-applications-of-hydraulic-vertical-abler.webp 634w, https:\/\/www.baler-machines.com\/wp-content\/uploads\/2023\/08\/wide-applications-of-hydraulic-vertical-abler-9x12.webp 9w\" sizes=\"auto, (max-width: 634px) 100vw, 634px\" \/><figcaption class=\"wp-element-caption\">\u1ee8ng d\u1ee5ng r\u1ed9ng r\u00e3i c\u1ee7a m\u00e1y \u00e9p d\u1ecdc th\u1ee7y l\u1ef1c<\/figcaption><\/figure> <\/div>   <p class=\"translation-block\">M\u00e1y \u00e9p b\u00f9n d\u1ecdc n\u00e0y c\u00f3 th\u1ec3 \u0111\u00f3ng ki\u1ec7n v\u00e0 n\u00e9n nhi\u1ec1u lo\u1ea1i ch\u1ea5t th\u1ea3i ngo\u00e0i gi\u1ea5y. Nh\u01b0, <strong>lon nh\u00f4m, b\u00eca c\u1ee9ng, qu\u1ea7n \u00e1o, s\u1ee3i, m\u00f9n c\u01b0a, len, cotton, c\u1ecf kh\u00f4, r\u01a1m, chai nh\u1ef1a, v\u1ecf d\u1eeba, ch\u1ea5t th\u1ea3i n\u00f4ng nghi\u1ec7p, lon d\u1ea7u, th\u00f9ng r\u00e1c<\/strong>, v\u00e0 nhi\u1ec1u h\u01a1n n\u1eefa.<\/p>    <figure class=\"wp-block-gallery aligncenter has-nested-images columns-default is-cropped wp-block-gallery-3 is-layout-flex wp-block-gallery-is-layout-flex\"> <figure class=\"wp-block-image size-full\"><img loading=\"lazy\" decoding=\"async\" width=\"720\" height=\"540\" data-id=\"3410\" src=\"https:\/\/www.baler-machines.com\/wp-content\/uploads\/2023\/08\/applications-of-vertical-baling-press-1.webp\" alt=\"\u1ee9ng d\u1ee5ng c\u1ee7a m\u00e1y \u00e9p ki\u1ec7n d\u1ecdc\" class=\"wp-image-3410\" title=\"\"><figcaption class=\"wp-element-caption\">\u1ee8ng d\u1ee5ng c\u1ee7a m\u00e1y \u00e9p d\u1ecdc<\/figcaption><\/figure>    <figure class=\"wp-block-image size-full\"><img loading=\"lazy\" decoding=\"async\" width=\"589\" height=\"540\" data-id=\"4296\" src=\"https:\/\/www.baler-machines.com\/wp-content\/uploads\/2023\/08\/applicable-materials-of-vertical-baling-machine.webp\" alt=\"applicable materials of vertical baling machine\" class=\"wp-image-4296\" title=\"\" srcset=\"https:\/\/www.baler-machines.com\/wp-content\/uploads\/2023\/08\/applicable-materials-of-vertical-baling-machine.webp 589w, https:\/\/www.baler-machines.com\/wp-content\/uploads\/2023\/08\/applicable-materials-of-vertical-baling-machine-13x12.webp 13w\" sizes=\"auto, (max-width: 589px) 100vw, 589px\" \/><figcaption class=\"wp-element-caption\">Ch\u1ea5t li\u1ec7u ph\u00f9 h\u1ee3p c\u1ee7a m\u00e1y \u00e9p d\u1ecdc<\/figcaption><\/figure> <\/figure>    <h2 class=\"wp-block-heading\"><strong>\u0110\u1eb7c \u0111i\u1ec3m c\u1ee7a m\u00e1y \u0111\u00f3ng ki\u1ec7n d\u1ecdc<\/strong><\/h2>    <ul class=\"wp-block-list\"> <li><strong>Thi\u1ebft k\u1ebf nh\u1ecf g\u1ecdn<\/strong>: M\u00e1y \u0111\u00f3ng ki\u1ec7n d\u1ecdc \u0111\u01b0\u1ee3c thi\u1ebft k\u1ebf \u0111\u1ec3 chi\u1ebfm kh\u00f4ng gian s\u00e0n t\u1ed1i thi\u1ec3u, ph\u00f9 h\u1ee3p v\u1edbi nhi\u1ec1u m\u00f4i tr\u01b0\u1eddng kh\u00e1c nhau, bao g\u1ed3m doanh nghi\u1ec7p, nh\u00e0 kho v\u00e0 trung t\u00e2m t\u00e1i ch\u1ebf.<\/li>    <li><strong>\u0111a ch\u1ee9c n\u0103ng<\/strong>: M\u00e1y \u00e9p ki\u1ec7n th\u1ee7y l\u1ef1c c\u00f3 th\u1ec3 x\u1eed l\u00fd nhi\u1ec1u lo\u1ea1i v\u1eadt li\u1ec7u c\u00f3 th\u1ec3 t\u00e1i ch\u1ebf nh\u01b0 b\u00eca c\u1ee9ng, gi\u1ea5y, nh\u1ef1a, d\u1ec7t may, v.v., khi\u1ebfn n\u00f3 ph\u00f9 h\u1ee3p cho nhi\u1ec1u lo\u1ea1i t\u00e1i ch\u1ebf ch\u1ea5t th\u1ea3i.<\/li>    <li><strong>K\u00edch th\u01b0\u1edbc ki\u1ec7n c\u00f3 th\u1ec3 t\u00f9y ch\u1ec9nh<\/strong>: M\u00e1y \u00e9p ki\u1ec7n d\u1ecdc c\u1ee7a ch\u00fang t\u00f4i cho ph\u00e9p \u0111i\u1ec1u ch\u1ec9nh k\u00edch th\u01b0\u1edbc ki\u1ec7n \u0111\u1ec3 \u0111\u00e1p \u1ee9ng c\u00e1c nhu c\u1ea7u t\u00e1i ch\u1ebf kh\u00e1c nhau v\u00e0 t\u1ed1i \u01b0u h\u00f3a hi\u1ec7u qu\u1ea3 v\u1eadn chuy\u1ec3n.<\/li>    <li><strong>\u0110\u1ed9 b\u1ec1n<\/strong>: C\u1ea5u tr\u00fac v\u00e0 linh ki\u1ec7n ch\u1ea5t l\u01b0\u1ee3ng cao \u0111\u1ea3m b\u1ea3o tu\u1ed5i th\u1ecd v\u00e0 \u0111\u1ed9 tin c\u1eady c\u1ee7a m\u00e1y \u0111\u00f3ng ki\u1ec7n d\u1ecdc, ngay c\u1ea3 khi s\u1eed d\u1ee5ng nhi\u1ec1u.<\/li>    <li><strong>Ti\u1ebft ki\u1ec7m chi ph\u00ed<\/strong>: B\u1eb1ng c\u00e1ch gi\u1ea3m kh\u1ed1i l\u01b0\u1ee3ng ch\u1ea5t th\u1ea3i v\u00e0 t\u1ed1i \u01b0u h\u00f3a vi\u1ec7c v\u1eadn chuy\u1ec3n, m\u00e1y \u00e9p ki\u1ec7n th\u1ee7y l\u1ef1c c\u00f3 th\u1ec3 ti\u1ebft ki\u1ec7m \u0111\u00e1ng k\u1ec3 chi ph\u00ed qu\u1ea3n l\u00fd ch\u1ea5t th\u1ea3i.<\/li> <\/ul>    <h2 class=\"wp-block-heading\"><strong>Thi\u1ebft b\u1ecb \u0111\u00f3ng ki\u1ec7n kh\u00e1c \u0111\u1ec3 t\u00e1i ch\u1ebf gi\u1ea5y th\u1ea3i<\/strong><\/h2>    <p class=\"translation-block\">Ngo\u00e0i m\u00e1y \u00e9p ki\u1ec7n \u0111\u1ee9ng, m\u1ed9t lo\u1ea1i thi\u1ebft b\u1ecb \u00e9p ki\u1ec7n thi\u1ebft y\u1ebfu kh\u00e1c cho t\u00e1i ch\u1ebf gi\u1ea5y v\u1ee5n l\u00e0 m\u00e1y \u00e9p ki\u1ec7n ngang, c\u00f2n \u0111\u01b0\u1ee3c g\u1ecdi l\u00e0 <a href=\"https:\/\/www.baler-machines.com\/vi\/horizontal-waste-paper-baler\/\">m\u00e1y \u00e9p gi\u1ea5y v\u1ee5n ngang<\/a>.<\/p>    <figure class=\"wp-block-gallery aligncenter has-nested-images columns-default is-cropped wp-block-gallery-4 is-layout-flex wp-block-gallery-is-layout-flex\"> <figure class=\"wp-block-image size-full\"><img loading=\"lazy\" decoding=\"async\" width=\"720\" height=\"540\" data-id=\"3218\" src=\"https:\/\/www.baler-machines.com\/wp-content\/uploads\/2023\/04\/hydraulic-horizontal-baler.webp\" alt=\"m\u00e1y \u0111\u00f3ng ki\u1ec7n ngang th\u1ee7y l\u1ef1c\" class=\"wp-image-3218\" title=\"\"><figcaption class=\"wp-element-caption\">Baler ngang th\u1ee7y l\u1ef1c<\/figcaption><\/figure>    <figure class=\"wp-block-image size-full\"><img loading=\"lazy\" decoding=\"async\" width=\"540\" height=\"540\" data-id=\"2629\" src=\"https:\/\/www.baler-machines.com\/wp-content\/uploads\/2022\/08\/paper-baler-manufacturer.webp\" alt=\"nh\u00e0 s\u1ea3n xu\u1ea5t m\u00e1y \u00e9p gi\u1ea5y\" class=\"wp-image-2629\" title=\"\"><figcaption class=\"wp-element-caption\">Nh\u00e0 s\u1ea3n xu\u1ea5t m\u00e1y \u0111\u00f3ng ki\u1ec7n gi\u1ea5y<\/figcaption><\/figure> <\/figure>    <p class=\"translation-block\">M\u00e1y <a href=\"https:\/\/shuliybaler.com\/product\/waste-paper-baler-machine\/\" target=\"_blank\" rel=\"noopener\">\u00e9p ki\u1ec7n ngang<\/a> ho\u1ea1t \u0111\u1ed9ng kh\u00e1c v\u1edbi m\u00e1y \u00e9p ki\u1ec7n \u0111\u1ee9ng. Thay v\u00ec n\u00e9n v\u1eadt li\u1ec7u theo chi\u1ec1u d\u1ecdc, m\u00e1y \u00e9p ki\u1ec7n n\u00e0y n\u00e9n ch\u1ea5t th\u1ea3i theo chi\u1ec1u ngang \u0111\u1ec3 t\u1ea1o ra c\u00e1c ki\u1ec7n l\u1edbn h\u01a1n, d\u00e0y \u0111\u1eb7c h\u01a1n. Thi\u1ebft k\u1ebf n\u00e0y \u0111\u1eb7c bi\u1ec7t h\u1eefu \u00edch khi x\u1eed l\u00fd s\u1ed1 l\u01b0\u1ee3ng l\u1edbn v\u1eadt li\u1ec7u th\u1ea3i. M\u00e1y \u00e9p ki\u1ec7n ngang th\u01b0\u1eddng \u0111\u01b0\u1ee3c s\u1eed d\u1ee5ng trong c\u00e1c ng\u00e0nh c\u00f4ng nghi\u1ec7p c\u1ea7n x\u1eed l\u00fd hi\u1ec7u qu\u1ea3 s\u1ed1 l\u01b0\u1ee3ng l\u1edbn gi\u1ea5y, b\u00eca carton v\u00e0 c\u00e1c v\u1eadt li\u1ec7u t\u00e1i ch\u1ebf kh\u00e1c, ch\u1eb3ng h\u1ea1n nh\u01b0 nh\u00e0 m\u00e1y gi\u1ea5y, in \u1ea5n v\u00e0 \u0111\u00f3ng g\u00f3i, si\u00eau th\u1ecb v\u00e0 trung t\u00e2m ph\u00e2n ph\u1ed1i, nh\u00e0 s\u1ea3n xu\u1ea5t th\u00f9ng carton s\u00f3ng, v\u00e0 c\u00e1c c\u01a1 s\u1edf t\u00e1i ch\u1ebf l\u1edbn.<\/p>    <h2 class=\"wp-block-heading\"><strong>Th\u00f4ng s\u1ed1 k\u1ef9 thu\u1eadt c\u1ee7a m\u00e1y \u00e9p ki\u1ec7n d\u1ecdc \u0111\u1ec3 b\u00e1n<\/strong><\/h2>    <figure class=\"wp-block-table\"><table><tbody><tr><td>Ng\u01b0\u1eddi m\u1eabu<\/td><td>N\u0103ng l\u01b0\u1ee3ng \u0111i\u1ec7n (kw)<\/td><td>Xi lanh<\/td><td>K\u00edch th\u01b0\u1edbc (mm)<\/td><td>K\u00edch th\u01b0\u1edbc \u0111\u00f3ng g\u00f3i (mm)<\/td><td>B\u01a1m d\u1ea7u<\/td><\/tr><tr><td>SL-30<\/td><td>11<\/td><td>115<\/td><td>1650*850*2700<\/td><td>1000*600*800<\/td><td>532<\/td><\/tr><tr><td>SL-60<\/td><td>15<\/td><td>160<\/td><td>1200*800*1000<\/td><td>1200*800*1000<\/td><td>563<\/td><\/tr><tr><td>SL-80<\/td><td>18.5<\/td><td>180<\/td><td>1700*2100*3300<\/td><td>1200*800*1000<\/td><td>563<\/td><\/tr><\/tbody><\/table><figcaption class=\"wp-element-caption\">th\u00f4ng s\u1ed1 baler d\u1ecdc b\u00e1n ch\u1ea1y<\/figcaption><\/figure>","protected":false},"excerpt":{"rendered":"<p>Shuliy vertical baling press is designed to efficiently compact materials such as waste paper into bales through its powerful hydraulic system. By using this hydraulic baling press machine, not only is storage space optimized, but transportation to recycling facilities is also facilitated. Our machines are available in a variety of models, 30T, 40T, 50T, 60T, [&hellip;]<\/p>\n","protected":false},"author":1,"featured_media":3407,"parent":0,"template":"","tags":[625],"product-type":[563],"class_list":["post-3406","product","type-product","status-publish","has-post-thumbnail","hentry","tag-waste-paper-bales","product-type-baler-machine"],"_links":{"self":[{"href":"https:\/\/www.baler-machines.com\/vi\/wp-json\/wp\/v2\/product\/3406","targetHints":{"allow":["GET"]}}],"collection":[{"href":"https:\/\/www.baler-machines.com\/vi\/wp-json\/wp\/v2\/product"}],"about":[{"href":"https:\/\/www.baler-machines.com\/vi\/wp-json\/wp\/v2\/types\/product"}],"author":[{"embeddable":true,"href":"https:\/\/www.baler-machines.com\/vi\/wp-json\/wp\/v2\/users\/1"}],"wp:featuredmedia":[{"embeddable":true,"href":"https:\/\/www.baler-machines.com\/vi\/wp-json\/wp\/v2\/media\/3407"}],"wp:attachment":[{"href":"https:\/\/www.baler-machines.com\/vi\/wp-json\/wp\/v2\/media?parent=3406"}],"wp:term":[{"taxonomy":"post_tag","embeddable":true,"href":"https:\/\/www.baler-machines.com\/vi\/wp-json\/wp\/v2\/tags?post=3406"},{"taxonomy":"product-type","embeddable":true,"href":"https:\/\/www.baler-machines.com\/vi\/wp-json\/wp\/v2\/product-type?post=3406"}],"curies":[{"name":"wp","href":"https:\/\/api.w.org\/{rel}","templated":true}]}}