{"id":3116,"date":"2023-03-23T11:14:20","date_gmt":"2023-03-23T03:14:20","guid":{"rendered":"https:\/\/www.baler-machines.com\/?post_type=product&#038;p=3116"},"modified":"2026-02-13T13:55:45","modified_gmt":"2026-02-13T05:55:45","slug":"metal-compactor-for-recycling","status":"publish","type":"product","link":"https:\/\/www.baler-machines.com\/vi\/metal-compactor-for-recycling\/","title":{"rendered":"M\u00e1y \u00e9p kim lo\u1ea1i th\u1ee7y l\u1ef1c \u0111\u1ec3 t\u00e1i ch\u1ebf th\u00e9p\/\u0111\u1ed3ng ph\u1ebf li\u1ec7u"},"content":{"rendered":"<p class=\"translation-block\">M\u1ed9t m\u00e1y n\u00e9n kim lo\u1ea1i c\u00f4ng nghi\u1ec7p l\u00e0 m\u1ed9t m\u00e1y n\u00e9n ph\u1ebf li\u1ec7u kim lo\u1ea1i th\u00e0nh h\u00ecnh d\u1ea1ng nh\u1ecf g\u1ecdn h\u01a1n \u0111\u1ec3 d\u1ec5 d\u00e0ng l\u01b0u tr\u1eef, v\u1eadn chuy\u1ec3n v\u00e0 t\u00e1i ch\u1ebf. <a href=\"https:\/\/www.baler-machines.com\/vi\/horizontal-metal-baler\/\" target=\"_blank\" rel=\"noreferrer noopener\">m\u00e1y \u0111\u00f3ng bale kim lo\u1ea1i ngang<\/a> c\u00f3 nhi\u1ec1u k\u00edch th\u01b0\u1edbc v\u00e0 lo\u1ea1i kh\u00e1c nhau, nh\u01b0 m\u00e1y \u0111\u00f3ng bale th\u1ee7 c\u00f4ng v\u00e0 t\u1ef1 \u0111\u1ed9ng, t\u00f9y thu\u1ed9c v\u00e0o nhu c\u1ea7u c\u1ee5 th\u1ec3 c\u1ee7a c\u00f4ng ty.<\/p>    <figure class=\"wp-block-gallery aligncenter has-nested-images columns-default is-cropped wp-block-gallery-2 is-layout-flex wp-block-gallery-is-layout-flex\"> <figure class=\"wp-block-image size-large\"><img loading=\"lazy\" decoding=\"async\" width=\"720\" height=\"540\" data-id=\"3136\" src=\"https:\/\/www.baler-machines.com\/wp-content\/uploads\/2023\/03\/cylindrical-scrap-metal-bales.webp\" alt=\"bales kim lo\u1ea1i ph\u1ebf li\u1ec7u h\u00ecnh tr\u1ee5\" class=\"wp-image-3136\" title=\"\"><figcaption class=\"wp-element-caption\">Ki\u1ec7n kim lo\u1ea1i ph\u1ebf li\u1ec7u h\u00ecnh tr\u1ee5<\/figcaption><\/figure>    <figure class=\"wp-block-image size-large\"><img loading=\"lazy\" decoding=\"async\" width=\"720\" height=\"540\" data-id=\"3137\" src=\"https:\/\/www.baler-machines.com\/wp-content\/uploads\/2023\/03\/rectangular-waste-metal.webp\" alt=\"kim lo\u1ea1i ph\u1ebf li\u1ec7u h\u00ecnh ch\u1eef nh\u1eadt\" class=\"wp-image-3137\" title=\"\"><figcaption class=\"wp-element-caption\">Kim lo\u1ea1i th\u1ea3i h\u00ecnh ch\u1eef nh\u1eadt<\/figcaption><\/figure>    <figure class=\"wp-block-image size-large\"><img loading=\"lazy\" decoding=\"async\" width=\"720\" height=\"540\" data-id=\"3138\" src=\"https:\/\/www.baler-machines.com\/wp-content\/uploads\/2023\/03\/shatted-bales.webp\" alt=\"bales v\u1ee1\" class=\"wp-image-3138\" title=\"\"><figcaption class=\"wp-element-caption\">Ki\u1ec7n b\u1ecb v\u1ee1<\/figcaption><\/figure> <\/figure>    <figure class=\"wp-block-gallery has-nested-images columns-default is-cropped wp-block-gallery-3 is-layout-flex wp-block-gallery-is-layout-flex\"> <figure class=\"wp-block-image size-large\"><img loading=\"lazy\" decoding=\"async\" width=\"720\" height=\"540\" data-id=\"4305\" src=\"https:\/\/www.baler-machines.com\/wp-content\/uploads\/2023\/03\/scrap-metal-compactor.webp\" alt=\"scrap metal compactor\" class=\"wp-image-4305\" title=\"\" srcset=\"https:\/\/www.baler-machines.com\/wp-content\/uploads\/2023\/03\/scrap-metal-compactor.webp 720w, https:\/\/www.baler-machines.com\/wp-content\/uploads\/2023\/03\/scrap-metal-compactor-16x12.webp 16w\" sizes=\"auto, (max-width: 720px) 100vw, 720px\" \/><figcaption class=\"wp-element-caption\">M\u00e1y N\u00e9n Kim Lo\u1ea1i Ph\u1ebf Li\u1ec7u<\/figcaption><\/figure>    <figure class=\"wp-block-image size-large\"><img loading=\"lazy\" decoding=\"async\" width=\"720\" height=\"540\" data-id=\"4304\" src=\"https:\/\/www.baler-machines.com\/wp-content\/uploads\/2023\/03\/hydraulic-metal-compactor.webp\" alt=\"hydraulic metal compactor\" class=\"wp-image-4304\" title=\"\" srcset=\"https:\/\/www.baler-machines.com\/wp-content\/uploads\/2023\/03\/hydraulic-metal-compactor.webp 720w, https:\/\/www.baler-machines.com\/wp-content\/uploads\/2023\/03\/hydraulic-metal-compactor-16x12.webp 16w\" sizes=\"auto, (max-width: 720px) 100vw, 720px\" \/><figcaption class=\"wp-element-caption\">M\u00e1y N\u00e9n Kim Lo\u1ea1i Th\u1ee7y L\u1ef1c<\/figcaption><\/figure>    <figure class=\"wp-block-image size-large\"><img loading=\"lazy\" decoding=\"async\" width=\"720\" height=\"540\" data-id=\"4306\" src=\"https:\/\/www.baler-machines.com\/wp-content\/uploads\/2023\/03\/different-shapes-of-baled-scrap-metal.webp\" alt=\"different shapes of baled scrap metal\" class=\"wp-image-4306\" title=\"\" srcset=\"https:\/\/www.baler-machines.com\/wp-content\/uploads\/2023\/03\/different-shapes-of-baled-scrap-metal.webp 720w, https:\/\/www.baler-machines.com\/wp-content\/uploads\/2023\/03\/different-shapes-of-baled-scrap-metal-16x12.webp 16w\" sizes=\"auto, (max-width: 720px) 100vw, 720px\" \/><figcaption class=\"wp-element-caption\">C\u00e1c h\u00ecnh d\u1ea1ng kh\u00e1c nhau c\u1ee7a kim lo\u1ea1i ph\u1ebf li\u1ec7u \u0111\u00f3ng bale<\/figcaption><\/figure> <\/figure>    <h2 class=\"wp-block-heading\"><strong>Kh\u00e1ch h\u00e0ng ti\u1ec1m n\u0103ng c\u1ee7a m\u00e1y \u00e9p kim lo\u1ea1i ph\u1ebf li\u1ec7u l\u00e0 ai?<\/strong><\/h2>    <p class=\"translation-block\"><strong>Gia c\u00f4ng kim lo\u1ea1i<\/strong>: m\u00e1y \u00e9p ki\u1ec7n kim lo\u1ea1i \u0111\u01b0\u1ee3c s\u1eed d\u1ee5ng \u0111\u1ec3 n\u00e9n kim lo\u1ea1i ph\u1ebf li\u1ec7u ph\u00e1t sinh trong qu\u00e1 tr\u00ecnh s\u1ea3n xu\u1ea5t.<\/p>    <p class=\"translation-block\"><strong>Ng\u00e0nh c\u00f4ng nghi\u1ec7p \u00f4 t\u00f4<\/strong>: m\u00e1y \u00e9p ki\u1ec7n kim lo\u1ea1i \u0111\u01b0\u1ee3c s\u1eed d\u1ee5ng \u0111\u1ec3 \u00e9p v\u00e0 \u0111\u00f3ng ki\u1ec7n kim lo\u1ea1i ph\u1ebf li\u1ec7u ph\u00e1t sinh trong qu\u00e1 tr\u00ecnh s\u1ea3n xu\u1ea5t \u00f4 t\u00f4.<\/p>    <p class=\"translation-block\"><strong>Ng\u00e0nh x\u00e2y d\u1ef1ng<\/strong>: m\u00e1y \u00e9p ki\u1ec7n kim lo\u1ea1i t\u00e1i ch\u1ebf \u0111\u01b0\u1ee3c s\u1eed d\u1ee5ng \u0111\u1ec3 \u00e9p ch\u1ea5t th\u1ea3i kim lo\u1ea1i ph\u00e1t sinh trong qu\u00e1 tr\u00ecnh ph\u00e1 d\u1ee1 v\u00e0 ho\u1ea1t \u0111\u1ed9ng x\u00e2y d\u1ef1ng.<\/p>    <p class=\"translation-block\"><strong>Ng\u00e0nh t\u00e1i ch\u1ebf<\/strong>: m\u00e1y n\u00e9n kim lo\u1ea1i ph\u1ebf li\u1ec7u \u0111\u01b0\u1ee3c s\u1eed d\u1ee5ng \u0111\u1ec3 n\u00e9n kim lo\u1ea1i ph\u1ebf li\u1ec7u \u0111\u1ec3 t\u00e1i ch\u1ebf.<\/p>   <div class=\"wp-block-image\"> <figure class=\"aligncenter size-full\"><img loading=\"lazy\" decoding=\"async\" width=\"727\" height=\"324\" src=\"https:\/\/www.baler-machines.com\/wp-content\/uploads\/2023\/03\/scrap-recycling-by-metal-compaction-machine.webp\" alt=\"T\u00e1i ch\u1ebf ph\u1ebf li\u1ec7u b\u1eb1ng m\u00e1y n\u00e9n kim lo\u1ea1i\" class=\"wp-image-4308\" title=\"\" srcset=\"https:\/\/www.baler-machines.com\/wp-content\/uploads\/2023\/03\/scrap-recycling-by-metal-compaction-machine.webp 727w, https:\/\/www.baler-machines.com\/wp-content\/uploads\/2023\/03\/scrap-recycling-by-metal-compaction-machine-18x8.webp 18w\" sizes=\"auto, (max-width: 727px) 100vw, 727px\" \/><figcaption class=\"wp-element-caption\">T\u00e1i ch\u1ebf ph\u1ebf li\u1ec7u b\u1eb1ng m\u00e1y n\u00e9n kim lo\u1ea1i<\/figcaption><\/figure> <\/div>  <div class=\"wp-block-image\"> <figure class=\"aligncenter size-full\"><img loading=\"lazy\" decoding=\"async\" width=\"727\" height=\"330\" src=\"https:\/\/www.baler-machines.com\/wp-content\/uploads\/2023\/03\/metal-bales-of-metal-compression-machine.webp\" alt=\"Bale kim lo\u1ea1i c\u1ee7a m\u00e1y n\u00e9n kim lo\u1ea1i\" class=\"wp-image-4307\" title=\"\" srcset=\"https:\/\/www.baler-machines.com\/wp-content\/uploads\/2023\/03\/metal-bales-of-metal-compression-machine.webp 727w, https:\/\/www.baler-machines.com\/wp-content\/uploads\/2023\/03\/metal-bales-of-metal-compression-machine-18x8.webp 18w\" sizes=\"auto, (max-width: 727px) 100vw, 727px\" \/><figcaption class=\"wp-element-caption\">Bale kim lo\u1ea1i c\u1ee7a m\u00e1y n\u00e9n kim lo\u1ea1i<\/figcaption><\/figure> <\/div>   <h2 class=\"wp-block-heading\"><strong>C\u1ea5u tr\u00fac c\u1ee7a m\u00e1y \u0111\u00f3ng ki\u1ec7n ngang cho kim lo\u1ea1i ph\u1ebf li\u1ec7u<\/strong><\/h2>    <p>C\u1ea5u tr\u00fac c\u1ee7a m\u00e1y \u0111\u1ea7m kim lo\u1ea1i th\u01b0\u1eddng bao g\u1ed3m m\u1ed9t ph\u1ec5u ho\u1eb7c th\u00f9ng c\u1ea5p li\u1ec7u, \u0111\u01b0\u1ee3c s\u1eed d\u1ee5ng \u0111\u1ec3 l\u01b0u tr\u1eef v\u00e0 n\u1ea1p c\u00e1c d\u1ea3i kim lo\u1ea1i r\u1eddi ho\u1eb7c ph\u1ebf li\u1ec7u v\u00e0o bu\u1ed3ng n\u00e9n.<\/p>    <p>Xi lanh, \u0111\u01b0\u1ee3c d\u1eabn \u0111\u1ed9ng b\u1eb1ng l\u1ef1c th\u1ee7y l\u1ef1c ho\u1eb7c c\u01a1 h\u1ecdc, \u00e9p v\u00e0 \u0111\u00f3ng ki\u1ec7n kim lo\u1ea1i th\u1ea3i trong bu\u1ed3ng n\u00e9n.<\/p>   <div class=\"wp-block-image\"> <figure class=\"aligncenter size-full\"><img loading=\"lazy\" decoding=\"async\" width=\"720\" height=\"540\" src=\"https:\/\/www.baler-machines.com\/wp-content\/uploads\/2023\/03\/structure-of-horizontal-baler-machine.webp\" alt=\"c\u1ea5u tr\u00fac c\u1ee7a m\u00e1y \u0111\u00f3ng ki\u1ec7n m\u00e1y \u0111\u1ea7m kim lo\u1ea1i ngang\" class=\"wp-image-3129\" title=\"\"><figcaption class=\"wp-element-caption\">c\u1ea5u tr\u00fac c\u1ee7a m\u00e1y \u0111\u00f3ng ki\u1ec7n m\u00e1y \u0111\u1ea7m kim lo\u1ea1i ngang<\/figcaption><\/figure> <\/div>   <h2 class=\"wp-block-heading\"><strong>\u01afu \u0111i\u1ec3m khi s\u1eed d\u1ee5ng m\u00e1y \u0111\u1ea7m kim lo\u1ea1i Shuliy \u0111\u1ec3 b\u00e1n<\/strong><\/h2>    <div class=\"wp-block-columns is-layout-flex wp-container-core-columns-is-layout-9d6595d7 wp-block-columns-is-layout-flex\"> <div class=\"wp-block-column is-layout-flow wp-block-column-is-layout-flow\"> <p class=\"has-text-align-center translation-block\"><strong>Qu\u1ea3n l\u00fd ch\u1ea5t th\u1ea3i hi\u1ec7u qu\u1ea3<\/strong><\/p> <\/div>    <div class=\"wp-block-column is-layout-flow wp-block-column-is-layout-flow\"> <p class=\"has-text-align-center translation-block\"><strong>Ti\u1ebft ki\u1ec7m chi ph\u00ed<\/strong><\/p> <\/div> <\/div>    <div class=\"wp-block-columns is-layout-flex wp-container-core-columns-is-layout-9d6595d7 wp-block-columns-is-layout-flex\"> <div class=\"wp-block-column is-layout-flow wp-block-column-is-layout-flow\"> <p class=\"has-cyan-bluish-gray-background-color has-background translation-block\">M\u00e1y \u00e9p ki\u1ec7n kim lo\u1ea1i h\u1ea1ng n\u1eb7ng \u0111\u01b0\u1ee3c thi\u1ebft k\u1ebf \u0111\u1ec3 x\u1eed l\u00fd nhi\u1ec1u lo\u1ea1i <strong>kim lo\u1ea1i ph\u1ebf li\u1ec7u, bao g\u1ed3m nh\u00f4m, \u0111\u1ed3ng, th\u00e9p v\u00e0 s\u1eaft<\/strong>. Qu\u00e1 tr\u00ecnh n\u00e9n l\u00e0m gi\u1ea3m th\u1ec3 t\u00edch ch\u1ea5t th\u1ea3i t\u1edbi 90%, ngh\u0129a l\u00e0 c\u00f3 th\u1ec3 l\u01b0u tr\u1eef nhi\u1ec1u ch\u1ea5t th\u1ea3i h\u01a1n trong kh\u00f4ng gian \u00edt h\u01a1n.<\/p> <\/div>    <div class=\"wp-block-column is-layout-flow wp-block-column-is-layout-flow\"> <p class=\"has-cyan-bluish-gray-background-color has-background\">C\u00e1c ph\u01b0\u01a1ng ph\u00e1p x\u1eed l\u00fd ch\u1ea5t th\u1ea3i truy\u1ec1n th\u1ed1ng nh\u01b0 ch\u00f4n l\u1ea5p c\u00f3 th\u1ec3 t\u1ed1n k\u00e9m. M\u00e1y cung c\u1ea5p gi\u1ea3i ph\u00e1p ti\u1ebft ki\u1ec7m chi ph\u00ed b\u1eb1ng c\u00e1ch gi\u1ea3m kh\u1ed1i l\u01b0\u1ee3ng r\u00e1c th\u1ea3i, \u00edt kh\u00f4ng gian l\u01b0u tr\u1eef v\u00e0 v\u1eadn chuy\u1ec3n. \u0110i\u1ec1u n\u00e0y c\u00f3 th\u1ec3 d\u1eabn \u0111\u1ebfn ti\u1ebft ki\u1ec7m chi ph\u00ed \u0111\u00e1ng k\u1ec3 trong th\u1eddi gian d\u00e0i.<\/p> <\/div> <\/div>    <div class=\"wp-block-columns is-layout-flex wp-container-core-columns-is-layout-9d6595d7 wp-block-columns-is-layout-flex\"> <div class=\"wp-block-column is-layout-flow wp-block-column-is-layout-flow\"> <p class=\"has-text-align-center translation-block\"><strong>L\u1ee3i \u00edch m\u00f4i tr\u01b0\u1eddng<\/strong><\/p> <\/div>    <div class=\"wp-block-column is-layout-flow wp-block-column-is-layout-flow\"> <p class=\"has-text-align-center translation-block\"><strong>N\u0103ng su\u1ea5t \u0111\u01b0\u1ee3c c\u1ea3i thi\u1ec7n<\/strong><\/p> <\/div> <\/div>    <div class=\"wp-block-columns is-layout-flex wp-container-core-columns-is-layout-9d6595d7 wp-block-columns-is-layout-flex\"> <div class=\"wp-block-column is-layout-flow wp-block-column-is-layout-flow\"> <p class=\"has-cyan-bluish-gray-background-color has-background\">M\u00e1y \u0111\u1ea7m kim lo\u1ea1i th\u1ee7y l\u1ef1c l\u00e0 m\u1ed9t gi\u1ea3i ph\u00e1p th\u00e2n thi\u1ec7n v\u1edbi m\u00f4i tr\u01b0\u1eddng \u0111\u1ec3 qu\u1ea3n l\u00fd ch\u1ea5t th\u1ea3i. Ngo\u00e0i ra, ph\u1ebf li\u1ec7u kim lo\u1ea1i \u0111\u00e3 n\u00e9n c\u00f3 th\u1ec3 \u0111\u01b0\u1ee3c t\u00e1i ch\u1ebf, gi\u1ea3m nhu c\u1ea7u v\u1ec1 nguy\u00ean li\u1ec7u th\u00f4 m\u1edbi v\u00e0 b\u1ea3o t\u1ed3n t\u00e0i nguy\u00ean thi\u00ean nhi\u00ean.<\/p> <\/div>    <div class=\"wp-block-column is-layout-flow wp-block-column-is-layout-flow\"> <p class=\"has-cyan-bluish-gray-background-color has-background\">Qu\u1ea3n l\u00fd ch\u1ea5t th\u1ea3i c\u00f3 th\u1ec3 l\u00e0 m\u1ed9t qu\u00e1 tr\u00ecnh t\u1ed1n th\u1eddi gian. M\u00e1y \u00e9p kim lo\u1ea1i c\u00f4ng nghi\u1ec7p cung c\u1ea5p c\u00e1ch qu\u1ea3n l\u00fd ch\u1ea5t th\u1ea3i nhanh h\u01a1n v\u00e0 hi\u1ec7u qu\u1ea3 h\u01a1n, cho ph\u00e9p c\u00e1c t\u1ed5 ch\u1ee9c t\u1eadp trung v\u00e0o c\u00e1c ho\u1ea1t \u0111\u1ed9ng kinh doanh c\u1ed1t l\u00f5i c\u1ee7a m\u00ecnh.<\/p> <\/div> <\/div>    <h2 class=\"wp-block-heading\"><strong>Shuliy Machinery \u2013 nh\u00e0 s\u1ea3n xu\u1ea5t v\u00e0 cung c\u1ea5p m\u00e1y n\u00e9n kim lo\u1ea1i \u0111\u01b0\u1ee3c ch\u1ee9ng nh\u1eadn<\/strong><\/h2>    <p class=\"translation-block\"><strong>Nhi\u1ec1u lo\u1ea1i m\u00e1y<\/strong><\/p>    <p>Shuliy Machinery chuy\u00ean thi\u1ebft k\u1ebf, s\u1ea3n xu\u1ea5t v\u00e0 cung c\u1ea5p m\u00e1y n\u00e9n s\u1eaft th\u1ea3i v\u00e0 thi\u1ebft b\u1ecb li\u00ean quan. N\u00f3 cung c\u1ea5p nhi\u1ec1u m\u1eabu m\u00e3 v\u00e0 k\u00edch th\u01b0\u1edbc m\u00e1y n\u00e9n kim lo\u1ea1i \u0111\u1ec3 \u0111\u00e1p \u1ee9ng nhu c\u1ea7u v\u00e0 y\u00eau c\u1ea7u c\u1ee5 th\u1ec3 c\u1ee7a kh\u00e1ch h\u00e0ng.<\/p>    <figure class=\"wp-block-gallery aligncenter has-nested-images columns-2 is-cropped wp-block-gallery-4 is-layout-flex wp-block-gallery-is-layout-flex\"> <figure class=\"wp-block-image size-large\"><img loading=\"lazy\" decoding=\"async\" width=\"720\" height=\"540\" data-id=\"2653\" src=\"https:\/\/www.baler-machines.com\/wp-content\/uploads\/2022\/08\/new-designed-scrap-metal-baler.webp\" alt=\"m\u00e1y \u00e9p ph\u1ebf li\u1ec7u kim lo\u1ea1i thi\u1ebft k\u1ebf m\u1edbi\" class=\"wp-image-2653\" title=\"\"><figcaption class=\"wp-element-caption\">M\u00e1y \u0111\u00f3ng ki\u1ec7n kim lo\u1ea1i ph\u1ebf li\u1ec7u \u0111\u01b0\u1ee3c thi\u1ebft k\u1ebf m\u1edbi<\/figcaption><\/figure>    <figure class=\"wp-block-image size-large\"><img loading=\"lazy\" decoding=\"async\" width=\"720\" height=\"540\" data-id=\"2652\" src=\"https:\/\/www.baler-machines.com\/wp-content\/uploads\/2022\/08\/scrap-metal-baler-manufacturer.webp\" alt=\"nh\u00e0 s\u1ea3n xu\u1ea5t m\u00e1y \u00e9p ph\u1ebf li\u1ec7u kim lo\u1ea1i\" class=\"wp-image-2652\" title=\"\"><figcaption class=\"wp-element-caption\">Nh\u00e0 s\u1ea3n xu\u1ea5t Baler kim lo\u1ea1i ph\u1ebf li\u1ec7u<\/figcaption><\/figure>    <figure class=\"wp-block-image size-large\"><img loading=\"lazy\" decoding=\"async\" width=\"720\" height=\"540\" data-id=\"2651\" src=\"https:\/\/www.baler-machines.com\/wp-content\/uploads\/2022\/08\/industrial-scrap-baler.webp\" alt=\"m\u00e1y \u00e9p ph\u1ebf li\u1ec7u c\u00f4ng nghi\u1ec7p\" class=\"wp-image-2651\" title=\"\"><figcaption class=\"wp-element-caption\">M\u00e1y \u0111\u00f3ng ki\u1ec7n ph\u1ebf li\u1ec7u c\u00f4ng nghi\u1ec7p<\/figcaption><\/figure>    <figure class=\"wp-block-image size-large\"><img loading=\"lazy\" decoding=\"async\" width=\"720\" height=\"540\" data-id=\"2654\" src=\"https:\/\/www.baler-machines.com\/wp-content\/uploads\/2022\/08\/hydraulic-metal-baler-with-single-cylinder.webp\" alt=\"m\u00e1y \u00e9p kim lo\u1ea1i th\u1ee7y l\u1ef1c v\u1edbi m\u1ed9t xi lanh\" class=\"wp-image-2654\" title=\"\"><figcaption class=\"wp-element-caption\">Baler kim lo\u1ea1i th\u1ee7y l\u1ef1c v\u1edbi xi lanh \u0111\u01a1n<\/figcaption><\/figure> <\/figure>    <p class=\"translation-block\"><strong>D\u1ecbch v\u1ee5 cho <a href=\"https:\/\/www.baler-machines.com\/vi\/baler-machine\/\" target=\"_blank\" rel=\"noreferrer noopener\">m\u00e1y \u00e9p ki\u1ec7n th\u1ee7y l\u1ef1c<\/a><\/strong><\/p>    <p>Ch\u00fang t\u00f4i, Shuliy, cung c\u1ea5p c\u00e1c d\u1ecbch v\u1ee5 l\u1eafp \u0111\u1eb7t, b\u1ea3o tr\u00ec v\u00e0 s\u1eeda ch\u1eefa cho c\u00e1c s\u1ea3n ph\u1ea9m c\u1ee7a m\u00ecnh. Ngo\u00e0i ra, ch\u00fang t\u00f4i c\u00f2n cung c\u1ea5p c\u00e1c lo\u1ea1i m\u00e1y \u0111\u01b0\u1ee3c thi\u1ebft k\u1ebf ri\u00eang ph\u00f9 h\u1ee3p v\u1edbi nhu c\u1ea7u v\u00e0 y\u00eau c\u1ea7u ri\u00eang c\u1ee7a kh\u00e1ch h\u00e0ng.<\/p>    <p class=\"translation-block\"><strong>Ch\u1ea5t l\u01b0\u1ee3ng m\u00e1y t\u1ed1t<\/strong><\/p>    <p>\u0110\u1ec3 \u0111\u1ea3m b\u1ea3o ch\u1ea5t l\u01b0\u1ee3ng v\u00e0 \u0111\u1ed9 tin c\u1eady c\u1ee7a m\u00e1y, ch\u00fang t\u00f4i c\u0169ng th\u1ef1c hi\u1ec7n c\u00e1c ch\u1ee9ng nh\u1eadn v\u00e0 tu\u00e2n th\u1ee7 c\u00e1c ti\u00eau chu\u1ea9n v\u00e0 quy \u0111\u1ecbnh c\u1ee7a ng\u00e0nh.<\/p>    <h2 class=\"wp-block-heading\"><strong>Video m\u00e1y \u0111\u1ea7m kim lo\u1ea1i Shuliy d\u00f9ng \u0111\u1ec3 \u0111\u00f3ng ki\u1ec7n ph\u1ebf li\u1ec7u\/th\u00e9p ph\u1ebf li\u1ec7u, \u0111\u1ed3ng, nh\u00f4m, v.v.<\/strong><\/h2>    <figure class=\"wp-block-embed is-type-video is-provider-youtube wp-block-embed-youtube wp-embed-aspect-16-9 wp-has-aspect-ratio\"><div class=\"wp-block-embed__wrapper\"> <iframe loading=\"lazy\" title=\"M\u00e1y \u0111\u00f3ng ki\u1ec7n kim lo\u1ea1i n\u1eb1m ngang t\u1ef1 \u0111\u1ed9ng d\u00f9ng \u0111\u1ec3 ph\u1ebf li\u1ec7u, ph\u1ebf li\u1ec7u, s\u1eaft, th\u00e9p, phoi b\u00e0o - M\u00e1y \u00e9p ki\u1ec7n\" width=\"500\" height=\"281\" src=\"https:\/\/www.youtube.com\/embed\/q1kQ8112Hiw?feature=oembed\" frameborder=\"0\" allow=\"accelerometer; autoplay; clipboard-write; encrypted-media; gyroscope; picture-in-picture; web-share\" referrerpolicy=\"strict-origin-when-cross-origin\" allowfullscreen><\/iframe> <\/div><\/figure>","protected":false},"excerpt":{"rendered":"<p>An industrial metal compactor is a machine that compresses scrap metal into a compact shape for easier storage, transportation, and recycling. The horizontal metal baling machine comes in different sizes and types, such as the manual and automatic baling machine, depending on the specific needs of the company. Who are the potential clients for the [&hellip;]<\/p>\n","protected":false},"author":1,"featured_media":3117,"parent":0,"template":"","tags":[606],"product-type":[563],"class_list":["post-3116","product","type-product","status-publish","has-post-thumbnail","hentry","tag-metal-compactor","product-type-baler-machine"],"_links":{"self":[{"href":"https:\/\/www.baler-machines.com\/vi\/wp-json\/wp\/v2\/product\/3116","targetHints":{"allow":["GET"]}}],"collection":[{"href":"https:\/\/www.baler-machines.com\/vi\/wp-json\/wp\/v2\/product"}],"about":[{"href":"https:\/\/www.baler-machines.com\/vi\/wp-json\/wp\/v2\/types\/product"}],"author":[{"embeddable":true,"href":"https:\/\/www.baler-machines.com\/vi\/wp-json\/wp\/v2\/users\/1"}],"wp:featuredmedia":[{"embeddable":true,"href":"https:\/\/www.baler-machines.com\/vi\/wp-json\/wp\/v2\/media\/3117"}],"wp:attachment":[{"href":"https:\/\/www.baler-machines.com\/vi\/wp-json\/wp\/v2\/media?parent=3116"}],"wp:term":[{"taxonomy":"post_tag","embeddable":true,"href":"https:\/\/www.baler-machines.com\/vi\/wp-json\/wp\/v2\/tags?post=3116"},{"taxonomy":"product-type","embeddable":true,"href":"https:\/\/www.baler-machines.com\/vi\/wp-json\/wp\/v2\/product-type?post=3116"}],"curies":[{"name":"wp","href":"https:\/\/api.w.org\/{rel}","templated":true}]}}