{"id":3071,"date":"2023-03-10T14:36:01","date_gmt":"2023-03-10T06:36:01","guid":{"rendered":"https:\/\/www.baler-machines.com\/?post_type=product&#038;p=3071"},"modified":"2026-02-13T14:46:31","modified_gmt":"2026-02-13T06:46:31","slug":"hydraulic-tyre-tire-baler-for-sale","status":"publish","type":"product","link":"https:\/\/www.baler-machines.com\/vi\/hydraulic-tyre-tire-baler-for-sale\/","title":{"rendered":"C\u1ea7n b\u00e1n l\u1ed1p th\u1ea3i\/m\u00e1y \u0111\u00f3ng ki\u1ec7n l\u1ed1p th\u1ee7y l\u1ef1c"},"content":{"rendered":"<p class=\"translation-block\">M\u00e1y b\u0103m l\u1ed1p xe\/hydraulic tyre l\u00e0 m\u1ed9t <a href=\"https:\/\/www.baler-machines.com\/vi\/baler-machine\/\" target=\"_blank\" rel=\"noreferrer noopener\">m\u00e1y \u00e9p b\u0103m th\u1ee7y l\u1ef1c<\/a>, ph\u00f9 h\u1ee3p \u0111\u1ec3 b\u0103m cao su, l\u1ed1p xe t\u1ea3i, l\u1ed1p xe h\u01a1i v\u00e0 c\u00e1c v\u1eadt li\u1ec7u t\u01b0\u01a1ng t\u1ef1 kh\u00e1c \u0111\u1ec3 t\u00e1i ch\u1ebf. <\/p>    <p>\u0110\u1ed1i v\u1edbi c\u00e1c ch\u1ee7 s\u1edf h\u1eefu trong ng\u00e0nh c\u00f4ng nghi\u1ec7p \u00f4 t\u00f4, l\u1ed1p xe ph\u1ebf th\u1ea3i c\u00f3 th\u1ec3 \u0111\u01b0\u1ee3c t\u1ea1o ra b\u1ea5t c\u1ee9 l\u00fac n\u00e0o. S\u1eed d\u1ee5ng m\u00e1y \u00e9p ki\u1ec7n th\u1ee7y l\u1ef1c cho l\u1ed1p th\u1ea3i cho ph\u00e9p x\u1ebfp l\u1ed1p g\u1ecdn g\u00e0ng v\u00e0 c\u0169ng c\u1ea3i thi\u1ec7n \u0111\u00e1ng k\u1ec3 s\u1ef1 ng\u0103n n\u1eafp.<\/p>    <h2 class=\"wp-block-heading\"><strong>\u01afu \u0111i\u1ec3m c\u1ee7a m\u00e1y \u0111\u00f3ng ki\u1ec7n th\u1ee7y l\u1ef1c <a href=\"https:\/\/en.wikipedia.org\/wiki\/Tire_recycling\" target=\"_blank\" rel=\"noreferrer noopener\">t\u00e1i ch\u1ebf l\u1ed1p xe\/l\u1ed1p xe th\u1ea3i<\/a><\/strong><\/h2>    <figure class=\"wp-block-gallery aligncenter has-nested-images columns-default is-cropped wp-block-gallery-2 is-layout-flex wp-block-gallery-is-layout-flex\"> <figure class=\"wp-block-image size-large\"><img loading=\"lazy\" decoding=\"async\" width=\"720\" height=\"540\" data-id=\"3084\" src=\"https:\/\/www.baler-machines.com\/wp-content\/uploads\/2023\/03\/control-panel.webp\" alt=\"b\u1ea3ng \u0111i\u1ec1u khi\u1ec3n\" class=\"wp-image-3084\" title=\"\"><figcaption class=\"wp-element-caption\">B\u1ea3ng \u0111i\u1ec1u khi\u1ec3n<\/figcaption><\/figure>    <figure class=\"wp-block-image size-large\"><img loading=\"lazy\" decoding=\"async\" width=\"720\" height=\"540\" data-id=\"3085\" src=\"https:\/\/www.baler-machines.com\/wp-content\/uploads\/2023\/03\/hydraulic-cylinder.webp\" alt=\"xi lanh th\u1ee7y l\u1ef1c\" class=\"wp-image-3085\" title=\"\"><figcaption class=\"wp-element-caption\">Xi lanh th\u1ee7y l\u1ef1c<\/figcaption><\/figure>    <figure class=\"wp-block-image size-full\"><img loading=\"lazy\" decoding=\"async\" width=\"720\" height=\"540\" data-id=\"3087\" src=\"https:\/\/www.baler-machines.com\/wp-content\/uploads\/2023\/03\/motor.webp\" alt=\"\u0111\u1ed9ng c\u01a1\" class=\"wp-image-3087\" title=\"\"><figcaption class=\"wp-element-caption\">\u0110\u1ed9ng c\u01a1<\/figcaption><\/figure> <\/figure>    <ol class=\"wp-block-list\"> <li>\u0110i\u1ec1u khi\u1ec3n ho\u00e0n to\u00e0n t\u1ef1 \u0111\u1ed9ng, d\u1ec5 v\u1eadn h\u00e0nh v\u00e0 d\u1ec5 s\u1eed d\u1ee5ng.<\/li>    <li>\u0110\u1ed9ng c\u01a1 ch\u1ea5t l\u01b0\u1ee3ng cao, c\u00f3 th\u1ec3 cung c\u1ea5p \u0111\u1ee7 n\u0103ng l\u01b0\u1ee3ng cho m\u00e1y ho\u1ea1t \u0111\u1ed9ng.<\/li>    <li>Xi lanh th\u1ee7y l\u1ef1c hi\u1ec7u su\u1ea5t cao, t\u1ea1o l\u1ef1c \u0111\u1ea9y t\u1ed1t cho vi\u1ec7c \u0111\u00f3ng ki\u1ec7n v\u1eadt li\u1ec7u.<\/li>    <li>C\u1ea5u h\u00ecnh m\u00e1y t\u1ed1t, hi\u1ec7u n\u0103ng s\u1eed d\u1ee5ng tuy\u1ec7t v\u1eddi.<\/li>    <li>D\u1ecbch v\u1ee5 t\u00f9y ch\u1ec9nh. Ch\u00fang t\u00f4i c\u00f3 th\u1ec3 t\u00f9y ch\u1ec9nh m\u00e1y \u00e9p l\u1ed1p theo nhu c\u1ea7u c\u1ee7a kh\u00e1ch h\u00e0ng v\u00e0 s\u1ea3n xu\u1ea5t m\u00e1y \u00e9p \u0111\u1eb7c bi\u1ec7t cho b\u1ea1n.<\/li> <\/ol>    <h2 class=\"wp-block-heading\"><strong>C\u1ea3nh l\u00e0m vi\u1ec7c c\u1ee7a m\u00e1y \u0111\u00f3ng ki\u1ec7n l\u1ed1p ho\u00e0n to\u00e0n t\u1ef1 \u0111\u1ed9ng Shuliy<\/strong><\/h2>    <figure class=\"wp-block-gallery aligncenter has-nested-images columns-default is-cropped wp-block-gallery-3 is-layout-flex wp-block-gallery-is-layout-flex\"> <figure class=\"wp-block-image size-large\"><img loading=\"lazy\" decoding=\"async\" width=\"720\" height=\"540\" data-id=\"3075\" src=\"https:\/\/www.baler-machines.com\/wp-content\/uploads\/2023\/03\/automatic-tyre-baler-machine.webp\" alt=\"m\u00e1y \u00e9p l\u1ed1p t\u1ef1 \u0111\u1ed9ng\" class=\"wp-image-3075\" title=\"\"><figcaption class=\"wp-element-caption\">M\u00e1y \u0111\u00f3ng ki\u1ec7n l\u1ed1p t\u1ef1 \u0111\u1ed9ng<\/figcaption><\/figure>    <figure class=\"wp-block-image size-full\"><img loading=\"lazy\" decoding=\"async\" width=\"720\" height=\"540\" data-id=\"3079\" src=\"https:\/\/www.baler-machines.com\/wp-content\/uploads\/2023\/03\/waste-tyre-baling-machine.webp\" alt=\"m\u00e1y \u00e9p l\u1ed1p ph\u1ebf th\u1ea3i\" class=\"wp-image-3079\" title=\"\"><figcaption class=\"wp-element-caption\">M\u00e1y \u0111\u00f3ng ki\u1ec7n l\u1ed1p th\u1ea3i<\/figcaption><\/figure> <\/figure>    <figure class=\"wp-block-gallery aligncenter has-nested-images columns-default is-cropped wp-block-gallery-4 is-layout-flex wp-block-gallery-is-layout-flex\"> <figure class=\"wp-block-image size-full\"><img loading=\"lazy\" decoding=\"async\" width=\"720\" height=\"540\" data-id=\"3076\" src=\"https:\/\/www.baler-machines.com\/wp-content\/uploads\/2023\/03\/horizontal-waste-tire-baler-machine.webp\" alt=\"m\u00e1y \u00e9p l\u1ed1p ph\u1ebf th\u1ea3i n\u1eb1m ngang\" class=\"wp-image-3076\" title=\"\"><figcaption class=\"wp-element-caption\">M\u00e1y \u0111\u00f3ng ki\u1ec7n l\u1ed1p th\u1ea3i ngang<\/figcaption><\/figure>    <figure class=\"wp-block-image size-full\"><img loading=\"lazy\" decoding=\"async\" width=\"720\" height=\"540\" data-id=\"3078\" src=\"https:\/\/www.baler-machines.com\/wp-content\/uploads\/2023\/03\/tire-baling-machine-for-sale.webp\" alt=\"m\u00e1y \u00e9p l\u1ed1p \u0111\u1ec3 b\u00e1n\" class=\"wp-image-3078\" title=\"\"><figcaption class=\"wp-element-caption\">C\u1ea7n b\u00e1n m\u00e1y \u0111\u00f3ng ki\u1ec7n l\u1ed1p<\/figcaption><\/figure> <\/figure>    <p class=\"translation-block\">H\u00ecnh \u1ea3nh tr\u00ean cho th\u1ea5y <a href=\"https:\/\/www.baler-machines.com\/vi\/horizontal-waste-paper-baling-machine\/\" target=\"_blank\" rel=\"noreferrer noopener\">m\u00e1y b\u0103m ngang t\u1ef1 \u0111\u1ed9ng ho\u00e0n to\u00e0n<\/a> c\u1ee7a ch\u00fang t\u00f4i \u0111ang ho\u1ea1t \u0111\u1ed9ng. Khi b\u0103m l\u1ed1p xe, n\u00f3 c\u00f3 th\u1ec3 \u0111\u01b0\u1ee3c chuy\u1ec3n \u0111\u1ebfn c\u1eeda v\u00e0o th\u00f4ng qua b\u0103ng t\u1ea3i m\u1ed9t c\u00e1ch t\u1ef1 \u0111\u1ed9ng, v\u00e0 sau \u0111\u00f3 m\u00e1y s\u1ebd th\u1ef1c hi\u1ec7n c\u00f4ng vi\u1ec7c b\u0103m m\u1ed9t c\u00e1ch t\u1ef1 \u0111\u1ed9ng. M\u00e1y b\u0103m c\u1ee7a ch\u00fang t\u00f4i c\u00f3 th\u1ec3 th\u1ef1c hi\u1ec7n r\u1ea5t t\u1ed1t c\u00f4ng vi\u1ec7c b\u0103m l\u1ed1p xe th\u1ea3i.<\/p>    <h2 class=\"wp-block-heading\"><strong>L\u00e0m sao \u0111\u1ec3 ch\u1ecdn \u0111\u01b0\u1ee3c m\u00e1y \u0111\u00f3ng ki\u1ec7n l\u1ed1p ph\u00f9 h\u1ee3p?<\/strong><\/h2>    <p>L\u00e0 nh\u00e0 s\u1ea3n xu\u1ea5t v\u00e0 cung c\u1ea5p m\u00e1y \u0111\u00f3ng ki\u1ec7n th\u1ee7y l\u1ef1c chuy\u00ean nghi\u1ec7p, ch\u00fang t\u00f4i c\u00f3 kinh nghi\u1ec7m s\u1ea3n xu\u1ea5t v\u00e0 xu\u1ea5t kh\u1ea9u h\u00e0ng ch\u1ee5c n\u0103m, xin t\u00f3m t\u1eaft nh\u1eefng \u0111i\u1ec3m sau \u0111\u1ec3 b\u1ea1n tham kh\u1ea3o.<\/p>    <figure class=\"wp-block-gallery aligncenter has-nested-images columns-default is-cropped wp-block-gallery-5 is-layout-flex wp-block-gallery-is-layout-flex\"> <figure class=\"wp-block-image size-full\"><img loading=\"lazy\" decoding=\"async\" width=\"720\" height=\"540\" data-id=\"4188\" src=\"https:\/\/www.baler-machines.com\/wp-content\/uploads\/2025\/05\/shuliy-tire-baling-machine.webp\" alt=\"M\u00e1y \u00e9p l\u1ed1p Shuliy\" class=\"wp-image-4188\" title=\"\" srcset=\"https:\/\/www.baler-machines.com\/wp-content\/uploads\/2025\/05\/shuliy-tire-baling-machine.webp 720w, https:\/\/www.baler-machines.com\/wp-content\/uploads\/2025\/05\/shuliy-tire-baling-machine-16x12.webp 16w\" sizes=\"auto, (max-width: 720px) 100vw, 720px\" \/><figcaption class=\"wp-element-caption\">M\u00e1y n\u00e9n l\u1ed1p xe Shuliy<\/figcaption><\/figure>    <figure class=\"wp-block-image size-full\"><img loading=\"lazy\" decoding=\"async\" width=\"616\" height=\"540\" data-id=\"4315\" src=\"https:\/\/www.baler-machines.com\/wp-content\/uploads\/2023\/03\/horizontal-tire-baler.webp\" alt=\"horizontal tire baler\" class=\"wp-image-4315\" title=\"\" srcset=\"https:\/\/www.baler-machines.com\/wp-content\/uploads\/2023\/03\/horizontal-tire-baler.webp 616w, https:\/\/www.baler-machines.com\/wp-content\/uploads\/2023\/03\/horizontal-tire-baler-14x12.webp 14w\" sizes=\"auto, (max-width: 616px) 100vw, 616px\" \/><figcaption class=\"wp-element-caption\">M\u00e1y n\u00e9n l\u1ed1p xe ngang<\/figcaption><\/figure> <\/figure>    <div class=\"wp-block-columns is-layout-flex wp-container-core-columns-is-layout-9d6595d7 wp-block-columns-is-layout-flex\"> <div class=\"wp-block-column is-layout-flow wp-block-column-is-layout-flow\"> <p class=\"translation-block\"><strong>X\u00e1c \u0111\u1ecbnh lo\u1ea1i m\u00e1y b\u0103m l\u1ed1p xe<\/strong><\/p> <\/div>    <div class=\"wp-block-column is-layout-flow wp-block-column-is-layout-flow\"> <p class=\"translation-block\"><strong>Nh\u00e0 s\u1ea3n xu\u1ea5t m\u00e1y b\u0103m l\u1ed1p xe \u0111\u00e1ng tin c\u1eady<\/strong><\/p> <\/div> <\/div>    <div class=\"wp-block-columns is-layout-flex wp-container-core-columns-is-layout-9d6595d7 wp-block-columns-is-layout-flex\"> <div class=\"wp-block-column is-layout-flow wp-block-column-is-layout-flow\"> <p class=\"translation-block\"><strong>Ch\u1ecdn xem n\u00f3 l\u00e0 m\u00e1y b\u0103m b\u00e1n t\u1ef1 \u0111\u1ed9ng hay ho\u00e0n to\u00e0n t\u1ef1 \u0111\u1ed9ng<\/strong><\/p> <\/div>    <div class=\"wp-block-column is-layout-flow wp-block-column-is-layout-flow\"> <p class=\"translation-block\"><strong>D\u1ecbch v\u1ee5 sau b\u00e1n h\u00e0ng t\u1ed1t<\/strong><\/p> <\/div> <\/div>    <h2 class=\"wp-block-heading\"><strong>Video v\u1ec1 m\u00e1y \u0111\u00f3ng ki\u1ec7n l\u1ed1p th\u1ea3i d\u1ecdc\/ngang th\u1ee7y l\u1ef1c<\/strong><\/h2>    <figure class=\"wp-block-embed is-type-video is-provider-youtube wp-block-embed-youtube wp-embed-aspect-16-9 wp-has-aspect-ratio\"><div class=\"wp-block-embed__wrapper\"> <iframe loading=\"lazy\" title=\"M\u00e1y \u00e9p ki\u1ec7n l\u1ed1p th\u1ea3i n\u1eb1m ngang 2023 - M\u00e1y \u0111\u00f3ng ki\u1ec7n th\u1ee7y l\u1ef1c ho\u00e0n to\u00e0n t\u1ef1 \u0111\u1ed9ng cho cao su #tyres\" width=\"500\" height=\"281\" src=\"https:\/\/www.youtube.com\/embed\/uMhgPXa9fMc?feature=oembed\" frameborder=\"0\" allow=\"accelerometer; autoplay; clipboard-write; encrypted-media; gyroscope; picture-in-picture; web-share\" referrerpolicy=\"strict-origin-when-cross-origin\" allowfullscreen><\/iframe> <\/div><\/figure>    <figure class=\"wp-block-embed is-type-video is-provider-youtube wp-block-embed-youtube wp-embed-aspect-16-9 wp-has-aspect-ratio\"><div class=\"wp-block-embed__wrapper\"> <iframe loading=\"lazy\" title=\"M\u00e1y \u00e9p ki\u1ec7n d\u1ecdc th\u1ee7y l\u1ef1c cho l\u1ed1p \u00f4 t\u00f4, l\u1ed1p xe t\u1ea3i, l\u1ed1p cao su, v.v. #recyclingbusiness\" width=\"500\" height=\"281\" src=\"https:\/\/www.youtube.com\/embed\/R5UJdLGn14A?start=4&#038;feature=oembed\" frameborder=\"0\" allow=\"accelerometer; autoplay; clipboard-write; encrypted-media; gyroscope; picture-in-picture; web-share\" referrerpolicy=\"strict-origin-when-cross-origin\" allowfullscreen><\/iframe> <\/div><\/figure>","protected":false},"excerpt":{"rendered":"<p>The waste tyre\/tire baler is a hydraulic baling press, which is suitable to bale rubber, truck tyre, car tyre, and other similar materials for recycling. For owners in the automotive industry, waste tires are generated at any time. Using a hydraulic baling press for waste tires allows for neat stacking of tires and also greatly [&hellip;]<\/p>\n","protected":false},"author":1,"featured_media":3091,"parent":0,"template":"","tags":[570,604],"product-type":[563],"class_list":["post-3071","product","type-product","status-publish","has-post-thumbnail","hentry","tag-hydraulic-baling-press","tag-tire-baler","product-type-baler-machine"],"_links":{"self":[{"href":"https:\/\/www.baler-machines.com\/vi\/wp-json\/wp\/v2\/product\/3071","targetHints":{"allow":["GET"]}}],"collection":[{"href":"https:\/\/www.baler-machines.com\/vi\/wp-json\/wp\/v2\/product"}],"about":[{"href":"https:\/\/www.baler-machines.com\/vi\/wp-json\/wp\/v2\/types\/product"}],"author":[{"embeddable":true,"href":"https:\/\/www.baler-machines.com\/vi\/wp-json\/wp\/v2\/users\/1"}],"wp:featuredmedia":[{"embeddable":true,"href":"https:\/\/www.baler-machines.com\/vi\/wp-json\/wp\/v2\/media\/3091"}],"wp:attachment":[{"href":"https:\/\/www.baler-machines.com\/vi\/wp-json\/wp\/v2\/media?parent=3071"}],"wp:term":[{"taxonomy":"post_tag","embeddable":true,"href":"https:\/\/www.baler-machines.com\/vi\/wp-json\/wp\/v2\/tags?post=3071"},{"taxonomy":"product-type","embeddable":true,"href":"https:\/\/www.baler-machines.com\/vi\/wp-json\/wp\/v2\/product-type?post=3071"}],"curies":[{"name":"wp","href":"https:\/\/api.w.org\/{rel}","templated":true}]}}