{"id":3044,"date":"2023-02-28T17:00:27","date_gmt":"2023-02-28T09:00:27","guid":{"rendered":"https:\/\/www.baler-machines.com\/?post_type=product&#038;p=3044"},"modified":"2023-03-01T10:48:52","modified_gmt":"2023-03-01T02:48:52","slug":"sawdust-baler-for-sale","status":"publish","type":"product","link":"https:\/\/www.baler-machines.com\/vi\/sawdust-baler-for-sale\/","title":{"rendered":"C\u1ea7n b\u00e1n m\u00e1y \u00e9p m\u00f9n c\u01b0a ho\u00e0n to\u00e0n t\u1ef1 \u0111\u1ed9ng"},"content":{"rendered":"<p class=\"translation-block\">M\u00e1y \u00e9p r\u00e1c g\u1ed7 n\u00e0y th\u1ef1c ch\u1ea5t thu\u1ed9c v\u1ec1 m\u1ed9t lo\u1ea1i <a href=\"https:\/\/www.baler-machines.com\/vi\/automatic-horizontal-baler\/\" target=\"_blank\" rel=\"noreferrer noopener\">m\u00e1y \u00e9p r\u00e1c ngang t\u1ef1 \u0111\u1ed9ng<\/a>, \u0111\u01b0\u1ee3c s\u1eed d\u1ee5ng \u0111\u1eb7c bi\u1ec7t \u0111\u1ec3 n\u00e9n v\u00e0 \u0111\u00f3ng g\u00f3i r\u00e1c g\u1ed7 v\u00e0 c\u00e1c lo\u1ea1i ch\u1ea5t th\u1ea3i g\u1ed7 kh\u00e1c. M\u1ee5c \u0111\u00edch ch\u00ednh l\u00e0 \u0111\u1ec3 thu\u1eadn ti\u1ec7n cho vi\u1ec7c v\u1eadn chuy\u1ec3n v\u00e0 l\u01b0u tr\u1eef.<\/p>    <figure class=\"wp-block-gallery aligncenter has-nested-images columns-default is-cropped wp-block-gallery-2 is-layout-flex wp-block-gallery-is-layout-flex\"> <figure class=\"wp-block-image size-full\"><img loading=\"lazy\" decoding=\"async\" width=\"320\" height=\"250\" data-id=\"3047\" src=\"https:\/\/www.baler-machines.com\/wp-content\/uploads\/2023\/02\/sawdust.webp\" alt=\"m\u00f9n c\u01b0a\" class=\"wp-image-3047\" title=\"\"><figcaption class=\"wp-element-caption\">M\u00f9n c\u01b0a<\/figcaption><\/figure>    <figure class=\"wp-block-image size-full\"><img loading=\"lazy\" decoding=\"async\" width=\"320\" height=\"250\" data-id=\"3049\" src=\"https:\/\/www.baler-machines.com\/wp-content\/uploads\/2023\/02\/sawdust-bale.webp\" alt=\"b\u00f3 m\u00f9n c\u01b0a-1\" class=\"wp-image-3049\" title=\"\"><figcaption class=\"wp-element-caption\">M\u00f9n c\u01b0a-1<\/figcaption><\/figure>    <figure class=\"wp-block-image size-full\"><img loading=\"lazy\" decoding=\"async\" width=\"320\" height=\"250\" data-id=\"3048\" src=\"https:\/\/www.baler-machines.com\/wp-content\/uploads\/2023\/02\/sawdust-bale-.webp\" alt=\"b\u00f3 m\u00f9n c\u01b0a-2\" class=\"wp-image-3048\" title=\"\"><figcaption class=\"wp-element-caption\">M\u00f9n c\u01b0a Bale-2<\/figcaption><\/figure> <\/figure>    <p>\u0110\u1ed1i v\u1edbi c\u00e1c nh\u00e0 \u0111\u1ea7u t\u01b0, vi\u1ec7c \u0111\u1ea7u t\u01b0 m\u00e1y \u00e9p m\u00f9n c\u01b0a th\u1ee7y l\u1ef1c c\u00f3 th\u1ec3 gi\u00fap kh\u00e1ch h\u00e0ng t\u1eadn d\u1ee5ng t\u1ed1i \u0111a vi\u1ec7c t\u00edch h\u1ee3p c\u00e1c ngu\u1ed3n l\u1ef1c v\u00e0 quy ho\u1ea1ch h\u1ee3p l\u00fd.<\/p>    <h2 class=\"wp-block-heading\"><strong>M\u00e1y \u0111\u00f3ng ki\u1ec7n m\u00f9n c\u01b0a Shuliy c\u00f3 th\u1ec3 \u0111\u00f3ng ki\u1ec7n nh\u1eefng lo\u1ea1i v\u1eadt li\u1ec7u n\u00e0o?<\/strong><\/h2>    <p class=\"translation-block\">N\u00f3i chung, <a href=\"https:\/\/en.wikipedia.org\/wiki\/Sawdust\" target=\"_blank\" rel=\"noreferrer noopener\">r\u00e1c g\u1ed7<\/a>, m\u00f9n c\u01b0a, m\u1ea3nh g\u1ed7, ch\u1ea5t th\u1ea3i lo\u1ea1i g\u1ed7, v.v. c\u00f3 th\u1ec3 \u0111\u01b0\u1ee3c n\u00e9n v\u00e0 \u0111\u00f3ng g\u00f3i.<\/p>    <figure class=\"wp-block-gallery aligncenter has-nested-images columns-default is-cropped wp-block-gallery-3 is-layout-flex wp-block-gallery-is-layout-flex\"> <figure class=\"wp-block-image size-large\"><img loading=\"lazy\" decoding=\"async\" width=\"720\" height=\"500\" data-id=\"2667\" src=\"https:\/\/www.baler-machines.com\/wp-content\/uploads\/2022\/08\/applications-of-the-hydraulic-vertical-baler.webp\" alt=\"\u1ee9ng d\u1ee5ng c\u1ee7a m\u00e1y \u0111\u00f3ng ki\u1ec7n th\u1ee7y l\u1ef1c d\u1ecdc\" class=\"wp-image-2667\" title=\"\"><figcaption class=\"wp-element-caption\">C\u00e1c \u1ee9ng d\u1ee5ng c\u1ee7a m\u00e1y \u0111\u00f3ng ki\u1ec7n d\u1ecdc th\u1ee7y l\u1ef1c<\/figcaption><\/figure>    <figure class=\"wp-block-image size-large\"><img loading=\"lazy\" decoding=\"async\" width=\"540\" height=\"540\" data-id=\"2625\" src=\"https:\/\/www.baler-machines.com\/wp-content\/uploads\/2022\/08\/waste-paper-baling-machine-applications.webp\" alt=\"\u1ee9ng d\u1ee5ng m\u00e1y \u0111\u00f3ng ki\u1ec7n gi\u1ea5y th\u1ea3i\" class=\"wp-image-2625\" title=\"\"><figcaption class=\"wp-element-caption\">\u1ee8ng d\u1ee5ng m\u00e1y \u0111\u00f3ng ki\u1ec7n gi\u1ea5y th\u1ea3i<\/figcaption><\/figure> <\/figure>    <p class=\"translation-block\">V\u00e0, v\u00ec m\u00e1y \u00e9p r\u00e1c g\u1ed7 n\u00e0y thu\u1ed9c v\u1ec1 m\u1ed9t lo\u1ea1i <a href=\"https:\/\/www.baler-machines.com\/vi\/baler-machine\/\" target=\"_blank\" rel=\"noreferrer noopener\">m\u00e1y \u00e9p th\u1ee7y l\u1ef1c<\/a>, c\u00e1c v\u1eadt li\u1ec7u c\u00f3 th\u1ec3 \u0111\u01b0\u1ee3c \u0111\u00f3ng g\u00f3i b\u1edfi m\u00e1y \u00e9p th\u1ee7y l\u1ef1c c\u0169ng \u00e1p d\u1ee5ng cho m\u00e1y n\u00e0y, ch\u1eb3ng h\u1ea1n nh\u01b0 l\u1ed1p xe, chai nh\u1ef1a PET, qu\u1ea7n \u00e1o th\u1ea3i, th\u00f9ng carton th\u1ea3i, gi\u1ea5y th\u1ea3i, v.v.<\/p>    <h2 class=\"wp-block-heading\"><strong>T\u1ea1i sao n\u00ean t\u00e1i ch\u1ebf m\u00f9n c\u01b0a? \u2013 \u1ee8ng d\u1ee5ng c\u1ee7a m\u00f9n c\u01b0a  <\/strong><\/h2>    <ol class=\"wp-block-list\"> <li>M\u00f9n c\u01b0a \u0111\u01b0\u1ee3c ch\u1ebf bi\u1ebfn th\u00e0nh b\u00e1n th\u00e0nh ph\u1ea9m than c\u01a1 h\u1ecdc b\u1eb1ng m\u00e1y t\u1ea1o thanh \u1edf nhi\u1ec7t \u0111\u1ed9 cao v\u00e0 \u00e1p su\u1ea5t cao, l\u00e0 s\u1ea3n ph\u1ea9m l\u00fd t\u01b0\u1edfng, \u00edt \u0111\u1ea7u t\u01b0 v\u00e0 mang l\u1ea1i hi\u1ec7u qu\u1ea3 nhanh ch\u00f3ng.<\/li>    <li>M\u00f9n c\u01b0a g\u1ed7 c\u0169ng c\u00f3 th\u1ec3 \u0111\u01b0\u1ee3c s\u1eed d\u1ee5ng l\u00e0m nhi\u00ean li\u1ec7u cho th\u1ef1c ph\u1ea9m hun kh\u00f3i.<\/li>    <li>M\u00f9n c\u01b0a c\u00f3 th\u1ec3 \u0111\u01b0\u1ee3c s\u1eed d\u1ee5ng l\u00e0m ch\u1ea5t n\u1ec1n bao b\u1ecdc cho vi\u1ec7c \u00e9p c\u00e0nh cao c\u1ee7a hoa \u0111\u1ed7 quy\u00ean, qu\u1ea5t, hoa tr\u00e0, hoa m\u1ed9c t\u00ea v\u00e0 c\u00e1c lo\u1ea1i c\u00e2y c\u00f3 hoa kh\u00e1c. Ch\u1ea5t li\u1ec7u n\u00e0y c\u00f3 \u0111\u1ea7y \u0111\u1ee7 dinh d\u01b0\u1ee1ng, k\u1ebft c\u1ea5u l\u1ecfng l\u1ebbo, gi\u1eef n\u01b0\u1edbc, tho\u00e1ng kh\u00ed v\u00e0 s\u1ea1ch s\u1ebd, h\u1ee3p v\u1ec7 sinh.<\/li> <\/ol>    <h2 class=\"wp-block-heading\"><strong>L\u00e0m th\u1ebf n\u00e0o \u0111\u1ec3 ch\u1ecdn \u0111\u01b0\u1ee3c nh\u00e0 s\u1ea3n xu\u1ea5t v\u00e0 cung c\u1ea5p m\u00e1y \u0111\u00f3ng ki\u1ec7n m\u00f9n c\u01b0a \u0111\u00e1ng tin c\u1eady?<\/strong><\/h2>    <p>V\u00ec \u0111\u00e2y l\u00e0 m\u00e1y t\u00e1i ch\u1ebf n\u00ean tr\u00ean th\u1ecb tr\u01b0\u1eddng c\u00f3 nhi\u1ec1u nh\u00e0 s\u1ea3n xu\u1ea5t v\u00e0 nh\u00e0 cung c\u1ea5p m\u00e1y \u00e9p b\u00e1nh m\u00f9n c\u01b0a. L\u00e0m th\u1ebf n\u00e0o \u0111\u1ec3 t\u00ecm \u0111\u01b0\u1ee3c c\u00e1i ph\u00f9 h\u1ee3p nh\u1ea5t trong s\u1ed1 r\u1ea5t nhi\u1ec1u nh\u00e0 s\u1ea3n xu\u1ea5t? Theo kinh nghi\u1ec7m c\u1ee7a ch\u00fang t\u00f4i, nh\u1eefng g\u1ee3i \u00fd sau \u0111\u01b0\u1ee3c \u0111\u01b0a ra khi mua m\u00e1y \u0111\u00f3ng ki\u1ec7n m\u00f9n c\u01b0a.<\/p>    <p>C\u00f4ng ngh\u1ec7 c\u1ee7a nh\u00e0 s\u1ea3n xu\u1ea5t v\u00e0 cung c\u1ea5p m\u00e1y \u00e9p b\u00e1nh m\u00f9n c\u01b0a<\/p>    <p>D\u1ecbch v\u1ee5 h\u1eadu m\u00e3i c\u1ee7a nh\u00e0 s\u1ea3n xu\u1ea5t v\u00e0 cung c\u1ea5p m\u00e1y \u0111\u00f3ng ki\u1ec7n m\u00f9n c\u01b0a<\/p>    <p>Kinh nghi\u1ec7m xu\u1ea5t kh\u1ea9u m\u00e1y \u0111\u00f3ng ki\u1ec7n m\u00f9n c\u01b0a g\u1ed7 \u0111\u1ec3 b\u00e1n<\/p>    <figure class=\"wp-block-gallery aligncenter has-nested-images columns-default is-cropped wp-block-gallery-4 is-layout-flex wp-block-gallery-is-layout-flex\"> <figure class=\"wp-block-image size-large\"><img loading=\"lazy\" decoding=\"async\" width=\"720\" height=\"540\" data-id=\"3052\" src=\"https:\/\/www.baler-machines.com\/wp-content\/uploads\/2023\/02\/automatic-baling-press-for-export.webp\" alt=\"m\u00e1y \u00e9p t\u1ef1 \u0111\u1ed9ng \u0111\u1ec3 xu\u1ea5t kh\u1ea9u\" class=\"wp-image-3052\" title=\"\"><figcaption class=\"wp-element-caption\">M\u00e1y \u00e9p ki\u1ec7n t\u1ef1 \u0111\u1ed9ng \u0111\u1ec3 xu\u1ea5t kh\u1ea9u<\/figcaption><\/figure>    <figure class=\"wp-block-image size-large\"><img loading=\"lazy\" decoding=\"async\" width=\"720\" height=\"540\" data-id=\"3053\" src=\"https:\/\/www.baler-machines.com\/wp-content\/uploads\/2023\/02\/horizontal-baling-press-loading.webp\" alt=\"t\u1ea3i m\u00e1y \u00e9p b\u00eca ngang\" class=\"wp-image-3053\" title=\"\"><figcaption class=\"wp-element-caption\">\u0110ang t\u1ea3i m\u00e1y \u00e9p ngang<\/figcaption><\/figure> <\/figure>    <h2 class=\"wp-block-heading\"><strong>Video b\u00e1n m\u00e1y \u0111\u1ea7m m\u00f9n c\u01b0a ngang<\/strong><\/h2>    <figure class=\"wp-block-embed is-type-video is-provider-youtube wp-block-embed-youtube wp-embed-aspect-16-9 wp-has-aspect-ratio\"><div class=\"wp-block-embed__wrapper\"> <iframe loading=\"lazy\" title=\"M\u00e1y \u00e9p m\u00f9n c\u01b0a th\u1ee7y l\u1ef1c 2023 - M\u00e1y b\u00e0o g\u1ed7\/\u0111\u00f3ng ki\u1ec7n m\u00f9n c\u01b0a gi\u00e1 t\u1ed1t nh\u1ea5t t\u1ea1i Trung Qu\u1ed1c\" width=\"500\" height=\"281\" src=\"https:\/\/www.youtube.com\/embed\/97yv1wZ274M?feature=oembed\" frameborder=\"0\" allow=\"accelerometer; autoplay; clipboard-write; encrypted-media; gyroscope; picture-in-picture; web-share\" referrerpolicy=\"strict-origin-when-cross-origin\" allowfullscreen><\/iframe> <\/div><\/figure>    <figure class=\"wp-block-embed is-type-video is-provider-youtube wp-block-embed-youtube wp-embed-aspect-16-9 wp-has-aspect-ratio\"><div class=\"wp-block-embed__wrapper\"> <iframe loading=\"lazy\" title=\"M\u00e1y \u0111\u00f3ng ki\u1ec7n d\u1ecdc \u0111a ch\u1ee9c n\u0103ng cho m\u00f9n c\u01b0a | M\u00e1y \u0111\u00f3ng ki\u1ec7n c\u00f4ng nghi\u1ec7p c\u1ee7a Shuliy Machinery#shorts\" width=\"500\" height=\"281\" src=\"https:\/\/www.youtube.com\/embed\/tIpD5S7gwKk?feature=oembed\" frameborder=\"0\" allow=\"accelerometer; autoplay; clipboard-write; encrypted-media; gyroscope; picture-in-picture; web-share\" referrerpolicy=\"strict-origin-when-cross-origin\" allowfullscreen><\/iframe> <\/div><\/figure>    <p> <\/p>","protected":false},"excerpt":{"rendered":"<p>This sawdust baler actually belongs to a kind of horizontal press baler, which is specially used for compressing and baling sawdust and other wood waste. The main purpose is to facilitate transportation and storage. For investors, investing in a hydraulic sawdust press can help customers to maximize the integration of resources and rational planning. What [&hellip;]<\/p>\n","protected":false},"author":1,"featured_media":3046,"parent":0,"template":"","tags":[602],"product-type":[563],"class_list":["post-3044","product","type-product","status-publish","has-post-thumbnail","hentry","tag-sawdust-baler","product-type-baler-machine"],"_links":{"self":[{"href":"https:\/\/www.baler-machines.com\/vi\/wp-json\/wp\/v2\/product\/3044","targetHints":{"allow":["GET"]}}],"collection":[{"href":"https:\/\/www.baler-machines.com\/vi\/wp-json\/wp\/v2\/product"}],"about":[{"href":"https:\/\/www.baler-machines.com\/vi\/wp-json\/wp\/v2\/types\/product"}],"author":[{"embeddable":true,"href":"https:\/\/www.baler-machines.com\/vi\/wp-json\/wp\/v2\/users\/1"}],"wp:featuredmedia":[{"embeddable":true,"href":"https:\/\/www.baler-machines.com\/vi\/wp-json\/wp\/v2\/media\/3046"}],"wp:attachment":[{"href":"https:\/\/www.baler-machines.com\/vi\/wp-json\/wp\/v2\/media?parent=3044"}],"wp:term":[{"taxonomy":"post_tag","embeddable":true,"href":"https:\/\/www.baler-machines.com\/vi\/wp-json\/wp\/v2\/tags?post=3044"},{"taxonomy":"product-type","embeddable":true,"href":"https:\/\/www.baler-machines.com\/vi\/wp-json\/wp\/v2\/product-type?post=3044"}],"curies":[{"name":"wp","href":"https:\/\/api.w.org\/{rel}","templated":true}]}}