{"id":2971,"date":"2023-02-14T15:15:46","date_gmt":"2023-02-14T07:15:46","guid":{"rendered":"https:\/\/www.baler-machines.com\/?post_type=product&#038;p=2971"},"modified":"2023-02-14T15:55:13","modified_gmt":"2023-02-14T07:55:13","slug":"hydraulic-cardboard-baler-for-sale","status":"publish","type":"product","link":"https:\/\/www.baler-machines.com\/vi\/hydraulic-cardboard-baler-for-sale\/","title":{"rendered":"C\u1ea7n b\u00e1n m\u00e1y \u0111\u00f3ng ki\u1ec7n c\u00e1c t\u00f4ng th\u1ea3i th\u1ee7y l\u1ef1c"},"content":{"rendered":"<p>M\u00e1y \u0111\u00f3ng ki\u1ec7n c\u00e1c t\u00f4ng th\u1ee7y l\u1ef1c \u0111\u1eb7c bi\u1ec7t d\u00e0nh cho c\u00e1c t\u00f4ng ph\u1ebf li\u1ec7u v\u00e0 c\u00e1c t\u00f4ng s\u00f3ng nh\u1eb1m m\u1ee5c \u0111\u00edch t\u1ea1o th\u00e0nh h\u00ecnh vu\u00f4ng, b\u1ea3o qu\u1ea3n v\u00e0 v\u1eadn chuy\u1ec3n thu\u1eadn ti\u1ec7n.<\/p>    <figure class=\"wp-block-gallery aligncenter has-nested-images columns-default is-cropped wp-block-gallery-2 is-layout-flex wp-block-gallery-is-layout-flex\"> <figure class=\"wp-block-image size-full\"><img loading=\"lazy\" decoding=\"async\" width=\"720\" height=\"540\" data-id=\"2986\" src=\"https:\/\/www.baler-machines.com\/wp-content\/uploads\/2023\/02\/hydraulic-cardboard-compactor.webp\" alt=\"m\u00e1y n\u00e9n th\u00f9ng gi\u1ea5y th\u1ee7y l\u1ef1c\" class=\"wp-image-2986\" title=\"\"><figcaption class=\"wp-element-caption\">M\u00e1y \u00e9p b\u00eca c\u1ee9ng th\u1ee7y l\u1ef1c<\/figcaption><\/figure>    <figure class=\"wp-block-image size-full\"><img loading=\"lazy\" decoding=\"async\" width=\"720\" height=\"540\" data-id=\"2985\" src=\"https:\/\/www.baler-machines.com\/wp-content\/uploads\/2023\/02\/horizontal-cardboard-baling-press.webp\" alt=\"m\u00e1y \u00e9p ki\u1ec7n c\u00e1c t\u00f4ng n\u1eb1m ngang\" class=\"wp-image-2985\" title=\"\"><figcaption class=\"wp-element-caption\">M\u00e1y \u00e9p ki\u1ec7n b\u00eca c\u1ee9ng ngang<\/figcaption><\/figure> <\/figure>    <p class=\"translation-block\">M\u00e1y \u00e9p ki\u1ec7n carton c\u1ee7a Shuliy th\u1ef1c ch\u1ea5t thu\u1ed9c v\u1ec1 <a href=\"https:\/\/www.baler-machines.com\/vi\/baler-machine\/\" target=\"_blank\" rel=\"noreferrer noopener\">m\u00e1y \u00e9p th\u1ee7y l\u1ef1c<\/a>, th\u01b0\u1eddng \u0111\u01b0\u1ee3c s\u1eed d\u1ee5ng t\u1ea1i c\u00e1c tr\u1ea1m t\u00e1i ch\u1ebf ph\u1ebf li\u1ec7u kh\u00e1c nhau \u0111\u1ec3 \u00e9p v\u00e0 t\u00e1i ch\u1ebf c\u00e1c lo\u1ea1i ch\u1ea5t th\u1ea3i kh\u00e1c nhau, ch\u1eb3ng h\u1ea1n nh\u01b0 b\u00eca c\u1ee9ng, th\u00f9ng carton, qu\u1ea7n \u00e1o \u0111\u00e3 qua s\u1eed d\u1ee5ng, l\u1ed1p xe, r\u01a1m, m\u00f9n c\u01b0a, v.v. N\u1ebfu b\u1ea1n quan t\u00e2m \u0111\u1ebfn \u0111i\u1ec1u n\u00e0y, vui l\u00f2ng li\u00ean h\u1ec7 v\u1edbi ch\u00fang t\u00f4i!<\/p>    <h2 class=\"wp-block-heading\"><strong>T\u1ea1i sao ph\u1ea3i t\u00e1i ch\u1ebf v\u00e0 \u0111\u00f3ng ki\u1ec7n <a href=\"https:\/\/en.wikipedia.org\/wiki\/Cardboard\" target=\"_blank\" rel=\"noreferrer noopener\">b\u00eca c\u1ee9ng\/th\u00f9ng carton<\/a>?<\/strong><\/h2>    <p>C\u00e1c t\u00f4ng c\u00f3 th\u1ec3 \u0111\u01b0\u1ee3c s\u1eed d\u1ee5ng \u0111\u1ec3 l\u01b0u tr\u1eef, v\u1eadn chuy\u1ec3n, v.v. Nh\u01b0ng khi nhi\u1ec7m v\u1ee5 c\u1ee7a n\u00f3 ho\u00e0n th\u00e0nh, b\u00eca c\u1ee9ng s\u1ebd b\u1ecb v\u1ee9t b\u1ecf nh\u01b0 r\u00e1c th\u1ea3i. Trong tr\u01b0\u1eddng h\u1ee3p n\u00e0y, th\u01b0\u1eddng c\u00f3 ng\u01b0\u1eddi thu gom ph\u1ebf li\u1ec7u \u0111\u1ec3 t\u00e1i ch\u1ebf.<\/p>    <figure class=\"wp-block-gallery aligncenter has-nested-images columns-default is-cropped wp-block-gallery-3 is-layout-flex wp-block-gallery-is-layout-flex\"> <figure class=\"wp-block-image size-full\"><img loading=\"lazy\" decoding=\"async\" width=\"540\" height=\"540\" data-id=\"2941\" src=\"https:\/\/www.baler-machines.com\/wp-content\/uploads\/2023\/01\/waste-cardboard.webp\" alt=\"b\u00eca c\u1ee9ng th\u1ea3i\" class=\"wp-image-2941\" title=\"\"><figcaption class=\"wp-element-caption\">b\u00eca c\u1ee9ng th\u1ea3i<\/figcaption><\/figure>    <figure class=\"wp-block-image size-full\"><img loading=\"lazy\" decoding=\"async\" width=\"540\" height=\"540\" data-id=\"2942\" src=\"https:\/\/www.baler-machines.com\/wp-content\/uploads\/2023\/01\/waste-paper.webp\" alt=\"gi\u1ea5y th\u1ea3i\" class=\"wp-image-2942\" title=\"\"><figcaption class=\"wp-element-caption\">Gi\u1ea5y th\u1ea3i<\/figcaption><\/figure> <\/figure>    <p>Sau khi t\u00e1i ch\u1ebf, b\u00eca c\u1ee9ng \u0111\u01b0\u1ee3c l\u01b0u tr\u1eef ho\u1eb7c b\u00e1n l\u1ea1i. Trong tr\u01b0\u1eddng h\u1ee3p n\u00e0y, vi\u1ec7c s\u1eed d\u1ee5ng m\u00e1y \u0111\u00f3ng ki\u1ec7n b\u1eb1ng b\u00eca c\u1ee9ng \u0111\u1ec3 n\u00e9n s\u1ebd c\u1ea3i thi\u1ec7n \u0111\u00e1ng k\u1ec3 hi\u1ec7u qu\u1ea3 l\u01b0u tr\u1eef. V\u00e0 trong qu\u00e1 tr\u00ecnh x\u1eed l\u00fd ti\u1ebfp theo s\u1ebd gi\u1ea3m \u0111\u00e1ng k\u1ec3 th\u1eddi gian.<\/p>    <h2 class=\"wp-block-heading\"><strong>C\u1ea7n b\u00e1n m\u00e1y \u0111\u00f3ng ki\u1ec7n c\u00e1c t\u00f4ng th\u01b0\u01a1ng m\u1ea1i <\/strong><\/h2>    <p>L\u00e0 nh\u00e0 s\u1ea3n xu\u1ea5t v\u00e0 cung c\u1ea5p thi\u1ebft b\u1ecb t\u00e1i ch\u1ebf chuy\u00ean nghi\u1ec7p, m\u00e1y \u0111\u00f3ng ki\u1ec7n th\u1ee7y l\u1ef1c c\u1ee7a ch\u00fang t\u00f4i r\u1ea5t \u0111\u01b0\u1ee3c \u01b0a chu\u1ed9ng tr\u00ean th\u1ecb tr\u01b0\u1eddng qu\u1ed1c t\u1ebf. C\u00f3 hai lo\u1ea1i m\u00e1y \u0111\u00f3ng ki\u1ec7n th\u1ee7y l\u1ef1c \u0111\u1ec3 \u0111\u00f3ng ki\u1ec7n c\u00e1c t\u1ea5m gi\u1ea5y th\u1ea3i ho\u1eb7c c\u00e1c v\u1eadt li\u1ec7u t\u01b0\u01a1ng t\u1ef1: m\u00e1y \u0111\u00f3ng ki\u1ec7n th\u1ee7y l\u1ef1c d\u1ecdc v\u00e0 m\u00e1y \u0111\u00f3ng ki\u1ec7n th\u1ee7y l\u1ef1c ngang.<\/p>    <figure class=\"wp-block-gallery aligncenter has-nested-images columns-default is-cropped wp-block-gallery-4 is-layout-flex wp-block-gallery-is-layout-flex\"> <figure class=\"wp-block-image size-full\"><img loading=\"lazy\" decoding=\"async\" width=\"540\" height=\"720\" data-id=\"2982\" src=\"https:\/\/www.baler-machines.com\/wp-content\/uploads\/2023\/02\/vertical-cardboard-baler-for-sale.webp\" alt=\"m\u00e1y \u00e9p th\u00f9ng gi\u1ea5y \u0111\u1ee9ng \u0111\u1ec3 b\u00e1n\" class=\"wp-image-2982\" title=\"\"><figcaption class=\"wp-element-caption\">C\u1ea7n b\u00e1n m\u00e1y \u00e9p b\u00eca c\u1ee9ng Vertica<\/figcaption><\/figure>    <figure class=\"wp-block-image size-full\"><img loading=\"lazy\" decoding=\"async\" width=\"540\" height=\"720\" data-id=\"2983\" src=\"https:\/\/www.baler-machines.com\/wp-content\/uploads\/2023\/02\/horizontal-cardboard-baler-machine.webp\" alt=\"M\u00e1y \u00e9p b\u00eca gi\u1ea5y n\u1eb1m ngang\" class=\"wp-image-2983\" title=\"\"><figcaption class=\"wp-element-caption\">M\u00e1y \u0111\u00f3ng ki\u1ec7n Ardboard ngang<\/figcaption><\/figure> <\/figure>    <p>M\u00e1y \u00e9p th\u00f9ng gi\u1ea5y \u0111\u1ee9ng \u0111\u1ec3 b\u00e1n: n\u00f3 \u0111\u01b0\u1ee3c s\u1eed d\u1ee5ng r\u1ed9ng r\u00e3i trong ng\u00e0nh t\u00e1i ch\u1ebf cho nhi\u1ec1u lo\u1ea1i ch\u1ea5t th\u1ea3i. <\/p>    <p>M\u00e1y \u00e9p ki\u1ec7n ngang t\u1ef1 \u0111\u1ed9ng: m\u00e1y \u00e9p ki\u1ec7n ngang ho\u00e0n to\u00e0n t\u1ef1 \u0111\u1ed9ng v\u00e0 b\u00e1n t\u1ef1 \u0111\u1ed9ng c\u00f3 s\u1eb5n cho b\u1ea1n l\u1ef1a ch\u1ecdn.<\/p>    <h2 class=\"wp-block-heading\"><strong>Gi\u00e1 c\u1ee7a m\u00e1y \u00e9p th\u00f9ng carton c\u00f4ng nghi\u1ec7p l\u00e0 bao nhi\u00eau?<\/strong><\/h2>    <p>Gi\u00e1 c\u1ee7a m\u00e1y b\u1ecb \u1ea3nh h\u01b0\u1edfng b\u1edfi nhi\u1ec1u y\u1ebfu t\u1ed1 kh\u00e1c nhau. Nh\u01b0 \u0111\u00e3 \u0111\u1ec1 c\u1eadp \u1edf tr\u00ean, m\u00e1y \u0111\u00f3ng ki\u1ec7n th\u00f9ng carton thu\u1ed9c lo\u1ea1i m\u00e1y \u0111\u00f3ng ki\u1ec7n th\u1ee7y l\u1ef1c, c\u00f3 2 lo\u1ea1i m\u00e1y \u0111\u00f3ng ki\u1ec7n th\u00f9ng carton th\u1ea3i. Ch\u1ecdn m\u1ed9t m\u00e1y \u0111\u00f3ng ki\u1ec7n kh\u00e1c c\u00f3 gi\u00e1 kh\u00f4ng gi\u1ed1ng nhau. Ngo\u00e0i ra, c\u00f2n c\u00f3 k\u00edch th\u01b0\u1edbc c\u1ee7a th\u00f9ng carton b\u1ea1n mu\u1ed1n \u0111\u00f3ng g\u00f3i. K\u00edch c\u1ee1 kh\u00e1c nhau ch\u1ecdn m\u1eabu m\u00e1y kh\u00e1c nhau, gi\u00e1 c\u1ea3 kh\u00f4ng gi\u1ed1ng nhau.<\/p>    <h2 class=\"wp-block-heading\"><strong>Th\u00f4ng s\u1ed1 k\u1ef9 thu\u1eadt c\u1ee7a m\u00e1y \u0111\u00f3ng ki\u1ec7n b\u00eca c\u1ee9ng d\u1ecdc v\u00e0 ngang<\/strong><\/h2>    <p class=\"translation-block\"><strong>M\u00e1y \u00e9p ki\u1ec7n gi\u1ea5y carton \u0111\u1ee9ng<\/strong><\/p>    <figure class=\"wp-block-table\"><table><tbody><tr><td>Ng\u01b0\u1eddi m\u1eabu<\/td><td>\u00c1p l\u1ef1c<\/td><td>\u0110\u1ed9ng c\u01a1<\/td><td>Kh\u1ed1i l\u01b0\u1ee3ng c\u1ee7a h\u1ed9p b\u00ean trong<\/td><td>K\u00edch th\u01b0\u1edbc s\u1ea3n ph\u1ea9m cu\u1ed1i c\u00f9ng<\/td><td>Dung t\u00edch<\/td><td>C\u00e2n n\u1eb7ng<\/td><\/tr><tr><td>SL-15T<\/td><td>15T<\/td><td>5,5KW<\/td><td>850*600*1300MM<\/td><td>890*610*500MM<\/td><td>1-1,5T\/gi\u1edd<\/td><td>1T<\/td><\/tr><tr><td>SL-30T<\/td><td>30T<\/td><td>7,5KW<\/td><td>800*400*1300MM<\/td><td>890*610*500MM<\/td><td>1,5-2T\/gi\u1edd<\/td><td>1,5T<\/td><\/tr><tr><td>SL-60T<\/td><td>60T<\/td><td>7,5KW<\/td><td>900*600*1300MM<\/td><td>900*610*500MM<\/td><td>2-2,5T\/gi\u1edd<\/td><td>2T<\/td><\/tr><tr><td>SL-80T<\/td><td>80T<\/td><td>7,5KW<\/td><td>1200*800*1500MM<\/td><td>1200*810*500MM<\/td><td>3-3,5T\/gi\u1edd<\/td><td>3T<\/td><\/tr><tr><td>SL-100T<\/td><td>100T<\/td><td>15KW<\/td><td>1100*900*1500MM<\/td><td>1100*910*500MM<\/td><td>3,5-4T\/gi\u1edd<\/td><td>3,5T<\/td><\/tr><tr><td>SL-120T<\/td><td>120T<\/td><td>18,5KW<\/td><td>1200*100*1500MM<\/td><td>1200*100*500MM<\/td><td>4-5T\/gi\u1edd<\/td><td>4T<\/td><\/tr><\/tbody><\/table><\/figure>    <p class=\"translation-block\"><strong>M\u00e1y \u00e9p ki\u1ec7n gi\u1ea5y carton ngang<\/strong><\/p>    <figure class=\"wp-block-table\"><table><tbody><tr><td>Ng\u01b0\u1eddi m\u1eabu<\/td><td>SL-120\/100<\/td><td>SL-180\/160<\/td><td>SL-200<\/td><td>SL-220<\/td><\/tr><tr><td>\u00c1p l\u1ef1c<\/td><td>28Mpa<\/td><td>28Mpa<\/td><td>31,5Mpa<\/td><td>31,5Mpa<\/td><\/tr><tr><td>K\u00edch th\u01b0\u1edbc c\u1ed5ng c\u1ea5p li\u1ec7u<\/td><td>1700*1020mm<\/td><td>2000*1100mm<\/td><td>1100*200mm<\/td><td>1100*2000mm<\/td><\/tr><tr><td>K\u00edch th\u01b0\u1edbc s\u1ea3n ph\u1ea9m cu\u1ed1i c\u00f9ng<\/td><td>1100*900mm<\/td><td>1100*1300mm<\/td><td>1100*1300*1500mm (c\u00f3 th\u1ec3 \u0111i\u1ec1u ch\u1ec9nh)<\/td><td>1500*1100*1400mm<\/td><\/tr><tr><td>Tr\u1ecdng l\u01b0\u1ee3ng s\u1ea3n ph\u1ea9m cu\u1ed1i c\u00f9ng<\/td><td>1100-1550kg<\/td><td>1100-1550kg<\/td><td>1100-1550kg<\/td><td>1100-1550kg<\/td><\/tr><tr><td>T\u1ed5ng \u0111\u1ed9ng c\u01a1<\/td><td>22kw<\/td><td>43,5kw<\/td><td>55kw<\/td><td>62kw<\/td><\/tr><tr><td>C\u00e1ch \u0111\u00f3ng g\u00f3i<\/td><td>D\u00e2y c\u01b0\u1eddng l\u1ef1c th\u1ee7 c\u00f4ng 2.8-3.2mm 3 d\u00e2y<\/td><td>D\u00e2y c\u01b0\u1eddng l\u1ef1c t\u1ef1 \u0111\u1ed9ng 2.8-3.2mm 4 d\u00f2ng<\/td><td>D\u00e2y 5 d\u00e2y t\u1ef1 \u0111\u1ed9ng12#<\/td><td>D\u00e2y 12# t\u1ef1 \u0111\u1ed9ng 5 d\u00e2y<\/td><\/tr><tr><td>H\u1ec7 th\u1ed1ng \u0111i\u1ec1u khi\u1ec3n<\/td><td>H\u1ec7 th\u1ed1ng PLC<\/td><td>H\u1ec7 th\u1ed1ng PLC<\/td><td>H\u1ec7 th\u1ed1ng PLC<\/td><td>H\u1ec7 th\u1ed1ng PLC<\/td><\/tr><tr><td>Dung t\u00edch<\/td><td>7T\/gi\u1edd<\/td><td>10T\/gi\u1edd<\/td><td>12T\/gi\u1edd<\/td><td>14T\/gi\u1edd<\/td><\/tr><tr><td>Lo\u1ea1i d\u1ea7u<\/td><td>D\u1ea7u th\u1ee7y l\u1ef1c 46#<\/td><td>D\u1ea7u th\u1ee7y l\u1ef1c 46#<\/td><td>D\u1ea7u th\u1ee7y l\u1ef1c 46#<\/td><td>D\u1ea7u th\u1ee7y l\u1ef1c 46#<\/td><\/tr><tr><td>Th\u00f9ng d\u1ea7u<\/td><td>2000kg<\/td><td>2000kg<\/td><td>2000kg<\/td><td>2000kg<\/td><\/tr><\/tbody><\/table><\/figure>    <h2 class=\"wp-block-heading\"><strong>Video ho\u1ea1t \u0111\u1ed9ng c\u1ee7a m\u00e1y \u00e9p ki\u1ec7n ngang b\u00eca c\u1ee9ng ph\u1ebf li\u1ec7u<\/strong><\/h2>    <figure class=\"wp-block-embed is-type-video is-provider-youtube wp-block-embed-youtube wp-embed-aspect-16-9 wp-has-aspect-ratio\"><div class=\"wp-block-embed__wrapper\"> <iframe loading=\"lazy\" title=\"M\u00e1y \u0111\u00f3ng ki\u1ec7n th\u1ee7y l\u1ef1c ho\u00e0n to\u00e0n t\u1ef1 \u0111\u1ed9ng cho b\u00eca c\u1ee9ng - C\u1ea7n b\u00e1n m\u00e1y \u0111\u00f3ng ki\u1ec7n b\u00eca c\u1ee9ng n\u1eb1m ngang 2023\" width=\"500\" height=\"281\" src=\"https:\/\/www.youtube.com\/embed\/2cfZYxAvoXg?feature=oembed\" frameborder=\"0\" allow=\"accelerometer; autoplay; clipboard-write; encrypted-media; gyroscope; picture-in-picture; web-share\" referrerpolicy=\"strict-origin-when-cross-origin\" allowfullscreen><\/iframe> <\/div><\/figure>    <figure class=\"wp-block-embed is-type-video is-provider-youtube wp-block-embed-youtube wp-embed-aspect-4-3 wp-has-aspect-ratio\"><div class=\"wp-block-embed__wrapper\"> <iframe loading=\"lazy\" title=\"C\u1ea7n b\u00e1n m\u00e1y \u0111\u00f3ng ki\u1ec7n b\u00eca c\u1ee9ng d\u1ecdc - M\u00e1y \u00e9p ki\u1ec7n th\u1ee7y l\u1ef1c \u0111\u1ec3 t\u00e1i ch\u1ebf ch\u1ea5t th\u1ea3i #cardboard\" width=\"500\" height=\"375\" src=\"https:\/\/www.youtube.com\/embed\/-8v8ocY3hAc?feature=oembed\" frameborder=\"0\" allow=\"accelerometer; autoplay; clipboard-write; encrypted-media; gyroscope; picture-in-picture; web-share\" referrerpolicy=\"strict-origin-when-cross-origin\" allowfullscreen><\/iframe> <\/div><\/figure>","protected":false},"excerpt":{"rendered":"<p>The hydraulic cardboard baler is especially for waste cardboard and corrugated cardboard for the purpose of square shapes and convenient storage and transportation. Shuliy&#8217;s cardboard compactor actually belongs to the hydraulic baler, which is often used in various scrap recycling stations for baling and recycling various wastes, such as cardboard, cartons, used clothes, tires, straw, [&hellip;]<\/p>\n","protected":false},"author":1,"featured_media":2980,"parent":0,"template":"","tags":[600],"product-type":[563],"class_list":["post-2971","product","type-product","status-publish","has-post-thumbnail","hentry","tag-cardboard-baler","product-type-baler-machine"],"_links":{"self":[{"href":"https:\/\/www.baler-machines.com\/vi\/wp-json\/wp\/v2\/product\/2971","targetHints":{"allow":["GET"]}}],"collection":[{"href":"https:\/\/www.baler-machines.com\/vi\/wp-json\/wp\/v2\/product"}],"about":[{"href":"https:\/\/www.baler-machines.com\/vi\/wp-json\/wp\/v2\/types\/product"}],"author":[{"embeddable":true,"href":"https:\/\/www.baler-machines.com\/vi\/wp-json\/wp\/v2\/users\/1"}],"wp:featuredmedia":[{"embeddable":true,"href":"https:\/\/www.baler-machines.com\/vi\/wp-json\/wp\/v2\/media\/2980"}],"wp:attachment":[{"href":"https:\/\/www.baler-machines.com\/vi\/wp-json\/wp\/v2\/media?parent=2971"}],"wp:term":[{"taxonomy":"post_tag","embeddable":true,"href":"https:\/\/www.baler-machines.com\/vi\/wp-json\/wp\/v2\/tags?post=2971"},{"taxonomy":"product-type","embeddable":true,"href":"https:\/\/www.baler-machines.com\/vi\/wp-json\/wp\/v2\/product-type?post=2971"}],"curies":[{"name":"wp","href":"https:\/\/api.w.org\/{rel}","templated":true}]}}