{"id":2868,"date":"2022-12-09T16:14:48","date_gmt":"2022-12-09T08:14:48","guid":{"rendered":"https:\/\/www.baler-machines.com\/?post_type=product&#038;p=2868"},"modified":"2025-02-19T15:03:07","modified_gmt":"2025-02-19T07:03:07","slug":"cardboard-box-shredder","status":"publish","type":"product","link":"https:\/\/www.baler-machines.com\/vi\/cardboard-box-shredder\/","title":{"rendered":"M\u00e1y h\u1ee7y t\u00e0i li\u1ec7u h\u1ed9p c\u00e1c t\u00f4ng \u0111a n\u0103ng"},"content":{"rendered":"<p class=\"translation-block\">M\u00e1y nghi\u1ec1n th\u00f9ng carton n\u00e0y \u0111\u01b0\u1ee3c thi\u1ebft k\u1ebf \u0111\u1eb7c bi\u1ec7t \u0111\u1ec3 nghi\u1ec1n t\u1ea5t c\u1ea3 c\u00e1c lo\u1ea1i th\u00f9ng, ch\u1ee7 y\u1ebfu cho vi\u1ec7c t\u00e1i ch\u1ebf t\u1ea5t c\u1ea3 c\u00e1c lo\u1ea1i h\u1ed9p gi\u1ea5y. M\u00e1y n\u00e0y l\u00e0 m\u1ed9t <a href=\"https:\/\/www.baler-machines.com\/vi\/double-shaft-shredder\/\" target=\"_blank\" rel=\"noreferrer noopener\">m\u00e1y nghi\u1ec1n \u0111a n\u0103ng<\/a> v\u00e0 do \u0111\u00f3 c\u00f3 th\u1ec3 nghi\u1ec1n t\u1ea5t c\u1ea3 c\u00e1c lo\u1ea1i v\u1eadt li\u1ec7u nh\u01b0 gi\u1ea5y th\u1ea3i, nh\u1ef1a, t\u00fai d\u1ec7t, qu\u1ea7n \u00e1o, g\u1ed7, v.v. N\u1ebfu b\u1ea1n c\u00f3 r\u00e1c c\u1ea7n nghi\u1ec1n, vui l\u00f2ng li\u00ean h\u1ec7 v\u1edbi ch\u00fang t\u00f4i \u0111\u1ec3 bi\u1ebft th\u00eam th\u00f4ng tin!<\/p>    <figure class=\"wp-block-embed is-type-video is-provider-youtube wp-block-embed-youtube wp-embed-aspect-16-9 wp-has-aspect-ratio\"><div class=\"wp-block-embed__wrapper\"> <iframe loading=\"lazy\" title=\"M\u00e1y h\u1ee7y tr\u1ee5c k\u00e9p \u0111\u1ec3 nghi\u1ec1n h\u1ed9p c\u00e1c h\u1ed9p b\u00eca c\u1ee9ng \u0111\u1ec3 t\u00e1i ch\u1ebf: Gi\u1ea3i ph\u00e1p m\u00e1y nghi\u1ec1n carton hi\u1ec7u qu\u1ea3!\" width=\"500\" height=\"281\" src=\"https:\/\/www.youtube.com\/embed\/IgabRdBHrWU?feature=oembed\" frameborder=\"0\" allow=\"accelerometer; autoplay; clipboard-write; encrypted-media; gyroscope; picture-in-picture; web-share\" referrerpolicy=\"strict-origin-when-cross-origin\" allowfullscreen><\/iframe> <\/div><figcaption class=\"wp-element-caption\">M\u00e1y h\u1ee7y t\u00e0i li\u1ec7u Tr\u1ee5c tr\u1ee5c<\/figcaption><\/figure>    <h2 class=\"wp-block-heading\"><strong>T\u1ea1i sao n\u00ean s\u1eed d\u1ee5ng m\u00e1y h\u1ee7y th\u00f9ng carton c\u00f4ng nghi\u1ec7p \u0111\u1ec3 nghi\u1ec1n n\u00e1t th\u00f9ng carton?<\/strong><\/h2>    <p class=\"translation-block\">Th\u00f9ng carton l\u00e0 m\u1ed9t ngu\u1ed3n t\u00e0i nguy\u00ean c\u00f3 th\u1ec3 t\u00e1i ch\u1ebf, c\u00f3 th\u1ec3 \u0111\u01b0\u1ee3c x\u1eed l\u00fd v\u00e0 s\u1eed d\u1ee5ng l\u00e0m nguy\u00ean li\u1ec7u cho c\u00e1c s\u1ea3n ph\u1ea9m d\u1ef1a tr\u00ean gi\u1ea5y, ch\u1eb3ng h\u1ea1n nh\u01b0 gi\u1ea5y. Do \u0111\u00f3, vi\u1ec7c s\u1eed d\u1ee5ng m\u00e1y nghi\u1ec1n th\u00f9ng carton Shuliy cho <a href=\"https:\/\/en.wikipedia.org\/wiki\/Cardboard_box\" target=\"_blank\" rel=\"noreferrer noopener\">x\u1eed l\u00fd th\u00f9ng carton<\/a> b\u1ea3o v\u1ec7 m\u00f4i tr\u01b0\u1eddng v\u00e0 c\u0169ng t\u00e1i ch\u1ebf t\u00e0i nguy\u00ean.<\/p>    <figure class=\"wp-block-gallery aligncenter has-nested-images columns-default is-cropped wp-block-gallery-2 is-layout-flex wp-block-gallery-is-layout-flex\"> <figure class=\"wp-block-image size-large\"><img loading=\"lazy\" decoding=\"async\" width=\"650\" height=\"450\" data-id=\"2880\" src=\"https:\/\/www.baler-machines.com\/wp-content\/uploads\/2022\/12\/cardboard-boxes.webp\" alt=\"h\u1ed9p b\u00eca c\u1ee9ng\" class=\"wp-image-2880\" title=\"\"><figcaption class=\"wp-element-caption\">H\u1ed9p c\u00e1c t\u00f4ng<\/figcaption><\/figure>    <figure class=\"wp-block-image size-large\"><img loading=\"lazy\" decoding=\"async\" width=\"650\" height=\"450\" data-id=\"2881\" src=\"https:\/\/www.baler-machines.com\/wp-content\/uploads\/2022\/12\/carton-boxes.webp\" alt=\"th\u00f9ng carton\" class=\"wp-image-2881\" title=\"\"><figcaption class=\"wp-element-caption\">H\u1ed9p Carton<\/figcaption><\/figure> <\/figure>    <h2 class=\"wp-block-heading\"><strong>\u01afu \u0111i\u1ec3m c\u1ee7a m\u00e1y h\u1ee7y t\u00e0i li\u1ec7u h\u1ed9p carton Shuliy<\/strong><\/h2>    <ol class=\"wp-block-list\"> <li>M\u00e1y h\u1ee7y t\u00e0i li\u1ec7u hai tr\u1ee5c n\u00e0y c\u00f3 nhi\u1ec1u \u1ee9ng d\u1ee5ng v\u00e0 c\u00f3 th\u1ec3 \u0111\u01b0\u1ee3c s\u1eed d\u1ee5ng \u0111\u1ec3 b\u0103m nh\u1ecf nhi\u1ec1u lo\u1ea1i v\u1eadt li\u1ec7u, gi\u00fap c\u00f3 th\u1ec3 \u0111\u1ea1t \u0111\u01b0\u1ee3c nhi\u1ec1u m\u1ee5c \u0111\u00edch s\u1eed d\u1ee5ng.<\/li>    <li>M\u00e1y nghi\u1ec1n th\u00f9ng carton c\u1ee7a Shuliy c\u00f3 hi\u1ec7u su\u1ea5t t\u1ed1t v\u00e0 c\u00e1c th\u00e0nh ph\u1ea7n ch\u00ednh \u0111\u01b0\u1ee3c l\u00e0m t\u1eeb v\u1eadt li\u1ec7u ch\u1ea5t l\u01b0\u1ee3ng cao, \u0111i\u1ec1u n\u00e0y gi\u00fap m\u00e1y ho\u1ea1t \u0111\u1ed9ng m\u01b0\u1ee3t m\u00e0 h\u01a1n v\u00e0 c\u00f3 tu\u1ed5i th\u1ecd d\u00e0i.<\/li>    <li>L\u01b0\u1ee1i dao c\u00f3 ch\u1ea5t l\u01b0\u1ee3ng t\u1ed1t, ch\u1eafc ch\u1eafn v\u00e0 b\u1ec1n h\u01a1n.<\/li>    <li>Thi\u1ebft b\u1ecb c\u00f3 \u0111\u1ed9 \u1ed3n th\u1ea5p, d\u1ec5 b\u1ea3o tr\u00ec v\u00e0 ti\u1ebft ki\u1ec7m.<\/li> <\/ol>    <figure class=\"wp-block-gallery aligncenter has-nested-images columns-default is-cropped wp-block-gallery-3 is-layout-flex wp-block-gallery-is-layout-flex\"> <figure class=\"wp-block-image size-large\"><img loading=\"lazy\" decoding=\"async\" width=\"720\" height=\"540\" data-id=\"2468\" src=\"https:\/\/www.baler-machines.com\/wp-content\/uploads\/2022\/08\/industrial-shredder.webp\" alt=\"m\u00e1y h\u1ee7y t\u00e0i li\u1ec7u c\u00f4ng nghi\u1ec7p\" class=\"wp-image-2468\" title=\"\"><figcaption class=\"wp-element-caption\">M\u00e1y h\u1ee7y t\u00e0i li\u1ec7u c\u00f4ng nghi\u1ec7p<\/figcaption><\/figure>    <figure class=\"wp-block-image size-full\"><img loading=\"lazy\" decoding=\"async\" width=\"720\" height=\"540\" data-id=\"2883\" src=\"https:\/\/www.baler-machines.com\/wp-content\/uploads\/2022\/12\/cardboard-box-shredder-for-sale.webp\" alt=\"m\u00e1y h\u1ee7y th\u00f9ng carton \u0111\u1ec3 b\u00e1n\" class=\"wp-image-2883\" title=\"\"><figcaption class=\"wp-element-caption\">C\u1ea7n b\u00e1n m\u00e1y h\u1ee7y h\u1ed9p c\u00e1c t\u00f4ng<\/figcaption><\/figure> <\/figure>    <h2 class=\"wp-block-heading\"><strong>S\u1ef1 kh\u00e1c bi\u1ec7t gi\u1eefa m\u00e1y \u0111\u00f3ng ki\u1ec7n b\u00eca c\u1ee9ng d\u1ecdc\/ngang v\u00e0 m\u00e1y h\u1ee7y b\u00eca c\u1ee9ng c\u00f4ng nghi\u1ec7p<\/strong><\/h2>    <p class=\"translation-block\"><strong>Ch\u1ee9c n\u0103ng<\/strong>: m\u00e1y \u00e9p th\u00f9ng carton th\u1ee7y l\u1ef1c ch\u1ee7 y\u1ebfu \u0111\u1ec3 \u00e9p c\u00e1c th\u00f9ng carton th\u00e0nh h\u00ecnh d\u1ea1ng \u0111\u1ec1u \u0111\u1ec3 s\u1eed d\u1ee5ng th\u01b0\u01a1ng m\u1ea1i, nh\u01b0 b\u00e1n h\u00e0ng. M\u00e1y nghi\u1ec1n th\u00f9ng carton l\u00e0 \u0111\u1ec3 nghi\u1ec1n c\u00e1c th\u00f9ng th\u00e0nh t\u1eebng m\u1ea3nh \u0111\u1ec3 chu\u1ea9n b\u1ecb cho qu\u00e1 tr\u00ecnh ti\u1ebfp theo. <\/p>    <p class=\"translation-block\"><strong>M\u00e1y \u0111\u00e3 qua s\u1eed d\u1ee5ng<\/strong>: m\u00e1y \u00e9p ki\u1ec7n gi\u1ea5y carton \u0111\u01b0\u1ee3c s\u1eed d\u1ee5ng v\u1edbi t\u00ean g\u1ecdi m\u00e1y \u00e9p ki\u1ec7n, \u0111i\u1ec3m m\u1ea5u ch\u1ed1t l\u00e0 \u00e9p ki\u1ec7n; trong khi \u0111i\u1ec3m m\u1ea5u ch\u1ed1t c\u1ee7a m\u00e1y h\u1ee7y gi\u1ea5y carton l\u00e0 \u201ch\u1ee7y\u201d <\/p>    <figure class=\"wp-block-gallery aligncenter has-nested-images columns-default is-cropped wp-block-gallery-4 is-layout-flex wp-block-gallery-is-layout-flex\"> <figure class=\"wp-block-image size-large\"><img loading=\"lazy\" decoding=\"async\" width=\"720\" height=\"540\" data-id=\"1297\" src=\"https:\/\/www.baler-machines.com\/wp-content\/uploads\/2021\/12\/cardboard-baler.jpg\" alt=\"m\u00e1y \u0111\u00f3ng ki\u1ec7n c\u00e1c t\u00f4ng\" class=\"wp-image-1297\" title=\"\"><figcaption class=\"wp-element-caption\">M\u00e1y \u0111\u00f3ng ki\u1ec7n b\u00eca c\u1ee9ng<\/figcaption><\/figure>    <figure class=\"wp-block-image size-large\"><img loading=\"lazy\" decoding=\"async\" width=\"720\" height=\"540\" data-id=\"1298\" src=\"https:\/\/www.baler-machines.com\/wp-content\/uploads\/2021\/12\/vertical-cardboard-baling-machine.jpg\" alt=\"m\u00e1y \u0111\u00f3ng ki\u1ec7n c\u00e1c t\u00f4ng d\u1ecdc\" class=\"wp-image-1298\" title=\"\"><figcaption class=\"wp-element-caption\">M\u00e1y \u0111\u00f3ng ki\u1ec7n c\u00e1c t\u00f4ng d\u1ecdc<\/figcaption><\/figure>    <figure class=\"wp-block-image size-full\"><img loading=\"lazy\" decoding=\"async\" width=\"720\" height=\"540\" data-id=\"1434\" src=\"https:\/\/www.baler-machines.com\/wp-content\/uploads\/2022\/01\/industrial-shredder.jpg\" alt=\"m\u00e1y h\u1ee7y t\u00e0i li\u1ec7u c\u00f4ng nghi\u1ec7p\" class=\"wp-image-1434\" title=\"\"><figcaption class=\"wp-element-caption\">M\u00e1y h\u1ee7y t\u00e0i li\u1ec7u c\u00f4ng nghi\u1ec7p<\/figcaption><\/figure> <\/figure>    <p>C\u00e1c ch\u1ee9c n\u0103ng m\u00e0 b\u1ea1n mu\u1ed1n \u0111\u1ea1t \u0111\u01b0\u1ee3c l\u00e0 kh\u00e1c nhau n\u00ean b\u1ea1n c\u1ea7n c\u00e1c lo\u1ea1i m\u00e1y kh\u00e1c nhau. \u0110i\u1ec1u ch\u00ednh l\u00e0 ch\u1ecdn m\u1ed9t m\u00e1y theo nhu c\u1ea7u c\u1ee7a b\u1ea1n.<\/p>    <h2 class=\"wp-block-heading\"><strong>Th\u00f4ng s\u1ed1 k\u1ef9 thu\u1eadt c\u1ee7a m\u00e1y h\u1ee7y h\u1ed9p c\u00e1c t\u00f4ng c\u00f4ng nghi\u1ec7p Shuliy <\/strong><\/h2>    <figure class=\"wp-block-table\"><table><tbody><tr><td>Ng\u01b0\u1eddi m\u1eabu<\/td><td>C\u00f4ng su\u1ea5t (kW)<\/td><td>\u0110\u1ea7u ra (t\/h)<\/td><td>S\u1ed1 l\u01b0\u1ee3ng l\u01b0\u1ee1i dao (chi\u1ebfc)<\/td><\/tr><tr><td>SL-600<\/td><td>11*2<\/td><td>1.5-2<\/td><td>30<\/td><\/tr><tr><td>SL-800<\/td><td>18.5*2<\/td><td>2-3<\/td><td>40<\/td><\/tr><tr><td>SL-1000<\/td><td>22*2<\/td><td>4-5<\/td><td>50<\/td><\/tr><tr><td>SL-1200<\/td><td>37*2<\/td><td>5-7<\/td><td>30<\/td><\/tr><tr><td>SL-1400<\/td><td>45*2<\/td><td>8-10<\/td><td>40<\/td><\/tr><\/tbody><\/table><\/figure>","protected":false},"excerpt":{"rendered":"<p>This cardboard box shredder is specially designed to shred all kinds of cartons, mainly for the recycling of all kinds of paper boxes. This machine is an all-around shredder and can therefore shred all kinds of materials such as waste paper, plastic, woven bags, clothes, wood, etc. If you have waste to be shredded, please [&hellip;]<\/p>\n","protected":false},"author":1,"featured_media":2877,"parent":0,"template":"","tags":[599,578],"product-type":[561],"class_list":["post-2868","product","type-product","status-publish","has-post-thumbnail","hentry","tag-cardboard-box-shredder","tag-double-shaft-shredder","product-type-industrial-shredder"],"_links":{"self":[{"href":"https:\/\/www.baler-machines.com\/vi\/wp-json\/wp\/v2\/product\/2868","targetHints":{"allow":["GET"]}}],"collection":[{"href":"https:\/\/www.baler-machines.com\/vi\/wp-json\/wp\/v2\/product"}],"about":[{"href":"https:\/\/www.baler-machines.com\/vi\/wp-json\/wp\/v2\/types\/product"}],"author":[{"embeddable":true,"href":"https:\/\/www.baler-machines.com\/vi\/wp-json\/wp\/v2\/users\/1"}],"wp:featuredmedia":[{"embeddable":true,"href":"https:\/\/www.baler-machines.com\/vi\/wp-json\/wp\/v2\/media\/2877"}],"wp:attachment":[{"href":"https:\/\/www.baler-machines.com\/vi\/wp-json\/wp\/v2\/media?parent=2868"}],"wp:term":[{"taxonomy":"post_tag","embeddable":true,"href":"https:\/\/www.baler-machines.com\/vi\/wp-json\/wp\/v2\/tags?post=2868"},{"taxonomy":"product-type","embeddable":true,"href":"https:\/\/www.baler-machines.com\/vi\/wp-json\/wp\/v2\/product-type?post=2868"}],"curies":[{"name":"wp","href":"https:\/\/api.w.org\/{rel}","templated":true}]}}