{"id":2856,"date":"2022-12-08T16:32:38","date_gmt":"2022-12-08T08:32:38","guid":{"rendered":"https:\/\/www.baler-machines.com\/?post_type=product&#038;p=2856"},"modified":"2022-12-13T17:19:10","modified_gmt":"2022-12-13T09:19:10","slug":"garbage-shredder-machine","status":"publish","type":"product","link":"https:\/\/www.baler-machines.com\/vi\/garbage-shredder-machine\/","title":{"rendered":"M\u00e1y h\u1ee7y r\u00e1c gia d\u1ee5ng &amp; c\u00f4ng nghi\u1ec7p tr\u1ee5c \u0111\u00f4i"},"content":{"rendered":"<p class=\"translation-block\">M\u00e1y h\u1ee7y r\u00e1c Shuliy l\u00e0 m\u1ed9t lo\u1ea1i <a href=\"https:\/\/www.baler-machines.com\/vi\/double-shaft-shredder\/\" target=\"_blank\" rel=\"noreferrer noopener\">m\u00e1y h\u1ee7y hai tr\u1ee5c<\/a> \u0111a n\u0103ng d\u00f9ng \u0111\u1ec3 h\u1ee7y r\u00e1c th\u1ea3i sinh ho\u1ea1t v\u00e0 c\u00f4ng nghi\u1ec7p. M\u00e1y h\u1ee7y r\u00e1c n\u00e0y c\u00f3 \u01b0u \u0111i\u1ec3m v\u1ec1 hi\u1ec7u su\u1ea5t, ch\u1ea5t l\u01b0\u1ee3ng v\u00e0 \u1ee9ng d\u1ee5ng r\u1ed9ng r\u00e3i, do \u0111\u00f3, n\u00f3 \u0111\u00f3ng vai tr\u00f2 quan tr\u1ecdng trong ng\u00e0nh c\u00f4ng nghi\u1ec7p t\u00e1i ch\u1ebf ch\u1ea5t th\u1ea3i. <\/p>    <h2 class=\"wp-block-heading\"><strong>M\u00e1y h\u1ee7y r\u00e1c l\u00e0 g\u00ec?<\/strong><\/h2>    <p>M\u00e1y h\u1ee7y r\u00e1c \u0111\u00fang nh\u01b0 t\u00ean g\u1ecdi l\u00e0 lo\u1ea1i m\u00e1y c\u00f3 th\u1ec3 b\u0103m nh\u1ecf c\u00e1c lo\u1ea1i r\u00e1c th\u1ea3i sinh ho\u1ea1t, r\u00e1c nh\u00e0 b\u1ebfp, r\u00e1c th\u1ea3i c\u00f4ng nghi\u1ec7p, r\u00e1c th\u1ea3i x\u00e2y d\u1ef1ng,\u2026 M\u00e1y h\u1ee7y t\u00e0i li\u1ec7u Shuliy n\u00e0y l\u00e0 lo\u1ea1i m\u00e1y h\u1ee7y t\u00e0i li\u1ec7u hai tr\u1ee5c, ho\u1ea1t \u0111\u1ed9ng hi\u1ec7u qu\u1ea3 h\u01a1n v\u00e0 hi\u1ec7u qu\u1ea3 h\u01a1n trong qu\u00e1 tr\u00ecnh b\u0103m nh\u1ecf, \u0111\u1ed3ng th\u1eddi chu\u1ea9n b\u1ecb cho giai \u0111o\u1ea1n x\u1eed l\u00fd ti\u1ebfp theo.<\/p>    <figure class=\"wp-block-gallery aligncenter has-nested-images columns-default is-cropped wp-block-gallery-2 is-layout-flex wp-block-gallery-is-layout-flex\"> <figure class=\"wp-block-image size-large\"><img loading=\"lazy\" decoding=\"async\" width=\"720\" height=\"540\" data-id=\"2468\" src=\"https:\/\/www.baler-machines.com\/wp-content\/uploads\/2022\/08\/industrial-shredder.webp\" alt=\"m\u00e1y h\u1ee7y t\u00e0i li\u1ec7u c\u00f4ng nghi\u1ec7p\" class=\"wp-image-2468\" title=\"\"><figcaption class=\"wp-element-caption\">M\u00e1y h\u1ee7y t\u00e0i li\u1ec7u c\u00f4ng nghi\u1ec7p<\/figcaption><\/figure>    <figure class=\"wp-block-image size-large\"><img loading=\"lazy\" decoding=\"async\" width=\"750\" height=\"563\" data-id=\"2473\" src=\"https:\/\/www.baler-machines.com\/wp-content\/uploads\/2022\/08\/shredder-blades.webp\" alt=\"l\u01b0\u1ee1i m\u00e1y h\u1ee7y t\u00e0i li\u1ec7u\" class=\"wp-image-2473\" title=\"\"><figcaption class=\"wp-element-caption\">L\u01b0\u1ee1i m\u00e1y h\u1ee7y t\u00e0i li\u1ec7u<\/figcaption><\/figure> <\/figure>    <p>V\u1edbi c\u00e1c v\u1eadt li\u1ec7u ti\u00ean ti\u1ebfn, tu\u1ed5i th\u1ecd d\u00e0i v\u00e0 \u0111\u1ed9 \u1ed3n th\u1ea5p, m\u00e1y h\u1ee7y r\u00e1c n\u00e0y l\u00e0 m\u1ed9t c\u1ed7 m\u00e1y v\u00f4 song \u0111\u1ec3 x\u1eed l\u00fd r\u00e1c th\u1ea3i.<\/p>    <h2 class=\"wp-block-heading\"><strong>T\u1ea1i sao b\u1ea1n t\u00e1i ch\u1ebf r\u00e1c th\u1ea3i sinh ho\u1ea1t, nh\u00e0 b\u1ebfp v\u00e0 c\u00f4ng nghi\u1ec7p?<\/strong><\/h2>    <p>M\u1ed7i kho\u1ea3nh kh\u1eafc c\u1ee7a cu\u1ed9c s\u1ed1ng \u0111\u1ec1u t\u1ea1o ra ch\u1ea5t th\u1ea3i, ch\u1ea5t th\u1ea3i sinh ho\u1ea1t, ch\u1ea5t th\u1ea3i c\u00f4ng nghi\u1ec7p, ch\u1ea5t th\u1ea3i x\u00e2y d\u1ef1ng, v.v. N\u1ebfu ch\u1ea5t th\u1ea3i kh\u00f4ng \u0111\u01b0\u1ee3c x\u1eed l\u00fd, n\u00f3 s\u1ebd c\u00f3 t\u00e1c \u0111\u1ed9ng ti\u00eau c\u1ef1c \u0111\u1ebfn m\u00f4i tr\u01b0\u1eddng v\u00e0 cu\u1ed9c s\u1ed1ng c\u1ee7a con ng\u01b0\u1eddi.<\/p>    <figure class=\"wp-block-gallery aligncenter has-nested-images columns-default is-cropped wp-block-gallery-3 is-layout-flex wp-block-gallery-is-layout-flex\"> <figure class=\"wp-block-image size-full\"><img loading=\"lazy\" decoding=\"async\" width=\"700\" height=\"350\" data-id=\"2885\" src=\"https:\/\/www.baler-machines.com\/wp-content\/uploads\/2022\/12\/household-trash.webp\" alt=\"r\u00e1c th\u1ea3i h\u1ed9 gia \u0111\u00ecnh\" class=\"wp-image-2885\" title=\"\"><figcaption class=\"wp-element-caption\">Th\u00f9ng r\u00e1c gia \u0111\u00ecnh<\/figcaption><\/figure>    <figure class=\"wp-block-image size-full\"><img loading=\"lazy\" decoding=\"async\" width=\"700\" height=\"350\" data-id=\"2887\" src=\"https:\/\/www.baler-machines.com\/wp-content\/uploads\/2022\/12\/industrial-garbage.webp\" alt=\"r\u00e1c th\u1ea3i c\u00f4ng nghi\u1ec7p\" class=\"wp-image-2887\" title=\"\"><figcaption class=\"wp-element-caption\">R\u00e1c c\u00f4ng nghi\u1ec7p<\/figcaption><\/figure>    <figure class=\"wp-block-image size-full\"><img loading=\"lazy\" decoding=\"async\" width=\"700\" height=\"350\" data-id=\"2886\" src=\"https:\/\/www.baler-machines.com\/wp-content\/uploads\/2022\/12\/construction-deris.webp\" alt=\"m\u1ea3nh v\u1ee5n x\u00e2y d\u1ef1ng\" class=\"wp-image-2886\" title=\"\"><figcaption class=\"wp-element-caption\">Deris x\u00e2y d\u1ef1ng<\/figcaption><\/figure> <\/figure>    <h3 class=\"wp-block-heading\"><strong>Ch\u1ee9c n\u0103ng c\u1ee7a m\u00e1y h\u1ee7y r\u00e1c c\u00f4ng nghi\u1ec7p<\/strong><\/h3>    <p>\u0110\u1ed1i v\u1edbi m\u00f4i tr\u01b0\u1eddng: ch\u1ea5t th\u1ea3i c\u00f4ng nghi\u1ec7p v\u00e0 x\u00e2y d\u1ef1ng c\u00f3 th\u1ec3 g\u00e2y \u00f4 nhi\u1ec5m m\u00f4i tr\u01b0\u1eddng v\u00e0 cu\u1ed1i c\u00f9ng g\u00e2y h\u1ea1i cho con ng\u01b0\u1eddi. \u0110\u00e2y ch\u00ednh l\u00e0 l\u00fac m\u00e0 m\u00e1y h\u1ee7y r\u00e1c c\u00f4ng nghi\u1ec7p ph\u00e1t huy t\u00e1c d\u1ee5ng nh\u1eb1m gi\u1ea3m thi\u1ec3u t\u00e1c \u0111\u1ed9ng.<\/p>    <h3 class=\"wp-block-heading\"><strong>Ch\u1ee9c n\u0103ng c\u1ee7a m\u00e1y h\u1ee7y r\u00e1c gia \u0111\u00ecnh<\/strong><\/h3>    <p>Trong cu\u1ed9c s\u1ed1ng: m\u1ed7i ng\u00e0y ch\u00fang ta s\u1ea3n xu\u1ea5t \u0111\u1ee7 lo\u1ea1i r\u00e1c th\u1ea3i nh\u00e0 b\u1ebfp v\u00e0 r\u00e1c th\u1ea3i sinh ho\u1ea1t, n\u1ebfu kh\u00f4ng \u0111\u01b0\u1ee3c x\u1eed l\u00fd s\u1ebd g\u00e2y ra nhi\u1ec1u b\u1ea5t ti\u1ec7n cho cu\u1ed9c s\u1ed1ng c\u1ee7a con ng\u01b0\u1eddi. \u0110\u00e2y l\u00e0 l\u00fac m\u00e1y nghi\u1ec1n r\u00e1c nh\u00e0 b\u1ebfp ph\u00e1t huy t\u00e1c d\u1ee5ng v\u00e0 l\u00e0m cho cu\u1ed9c s\u1ed1ng tr\u1edf n\u00ean d\u1ec5 d\u00e0ng h\u01a1n.<\/p>    <h2 class=\"wp-block-heading\"><strong>M\u00e1y h\u1ee7y r\u00e1c Shuliy gi\u00e1 bao nhi\u00eau?<\/strong><\/h2>    <p>Tr\u00ean th\u1ef1c t\u1ebf, gi\u00e1 c\u1ee7a m\u00e1y h\u1ee7y t\u00e0i li\u1ec7u b\u1ecb \u1ea3nh h\u01b0\u1edfng b\u1edfi nhi\u1ec1u kh\u00eda c\u1ea1nh kh\u00e1c nhau, ch\u1eb3ng h\u1ea1n nh\u01b0 c\u00f4ng su\u1ea5t m\u00e1y, c\u1ea5u h\u00ecnh b\u00ean trong c\u1ee7a m\u00e1y, v.v.<\/p>    <p class=\"translation-block\">V\u00ed d\u1ee5, n\u1ebfu b\u1ea1n mu\u1ed1n mua m\u1ed9t m\u00e1y h\u1ee7y r\u00e1c cho gia \u0111\u00ecnh, th\u00ec gi\u00e1 c\u1ee7a m\u00e1y b\u1ea1n mu\u1ed1n v\u00e0o th\u1eddi \u0111i\u1ec3m n\u00e0y ch\u1eafc ch\u1eafn s\u1ebd r\u1ebb h\u01a1n gi\u00e1 c\u1ee7a m\u00e1y h\u1ee7y <a href=\"https:\/\/en.wikipedia.org\/wiki\/Construction_waste\" target=\"_blank\" rel=\"noreferrer noopener\">ph\u1ebf li\u1ec7u x\u00e2y d\u1ef1ng<\/a>.<\/p>    <p>V\u00ec v\u1eady, khi b\u1ea1n c\u00f3 \u00fd \u0111\u1ecbnh mua lo\u1ea1i m\u00e1y h\u1ee7y r\u00e1c n\u00e0y, vui l\u00f2ng cho ch\u00fang t\u00f4i bi\u1ebft lo\u1ea1i r\u00e1c th\u1ea3i b\u1ea1n mu\u1ed1n x\u1eed l\u00fd, s\u1ea3n l\u01b0\u1ee3ng m\u00e1y, ng\u00e2n s\u00e1ch c\u1ee7a b\u1ea1n, v.v. \u0111\u1ec3 ng\u01b0\u1eddi qu\u1ea3n l\u00fd b\u00e1n h\u00e0ng c\u1ee7a ch\u00fang t\u00f4i c\u00f3 th\u1ec3 cung c\u1ea5p gi\u1ea3i ph\u00e1p t\u1ed1t nh\u1ea5t cho doanh nghi\u1ec7p c\u1ee7a b\u1ea1n.<\/p>    <figure class=\"wp-block-gallery aligncenter has-nested-images columns-default is-cropped wp-block-gallery-4 is-layout-flex wp-block-gallery-is-layout-flex\"> <figure class=\"wp-block-image size-full\"><img loading=\"lazy\" decoding=\"async\" width=\"720\" height=\"540\" data-id=\"2898\" src=\"https:\/\/www.baler-machines.com\/wp-content\/uploads\/2022\/12\/shredder-machine-manufacturer.webp\" alt=\"nh\u00e0 s\u1ea3n xu\u1ea5t m\u00e1y nghi\u1ec1n\" class=\"wp-image-2898\" title=\"\"><figcaption class=\"wp-element-caption\">Nh\u00e0 s\u1ea3n xu\u1ea5t m\u00e1y h\u1ee7y t\u00e0i li\u1ec7u<\/figcaption><\/figure>    <figure class=\"wp-block-image size-full\"><img loading=\"lazy\" decoding=\"async\" width=\"720\" height=\"540\" data-id=\"2900\" src=\"https:\/\/www.baler-machines.com\/wp-content\/uploads\/2022\/12\/double-shaft-shredder-with-the-conveyor.webp\" alt=\"m\u00e1y h\u1ee7y tr\u1ee5c \u0111\u00f4i v\u1edbi b\u0103ng t\u1ea3i\" class=\"wp-image-2900\" title=\"\"><figcaption class=\"wp-element-caption\">M\u00e1y h\u1ee7y tr\u1ee5c \u0111\u00f4i v\u1edbi b\u0103ng t\u1ea3i<\/figcaption><\/figure> <\/figure>    <h2 class=\"wp-block-heading\"><strong>Th\u00f4ng s\u1ed1 k\u1ef9 thu\u1eadt c\u1ee7a m\u00e1y h\u1ee7y r\u00e1c gia \u0111\u00ecnh &amp; c\u00f4ng nghi\u1ec7p<\/strong><\/h2>    <figure class=\"wp-block-table\"><table><tbody><tr><td>Ng\u01b0\u1eddi m\u1eabu<\/td><td>C\u00f4ng su\u1ea5t (kW)<\/td><td>\u0110\u1ea7u ra (t\/h)<\/td><td>S\u1ed1 l\u01b0\u1ee3ng l\u01b0\u1ee1i dao (chi\u1ebfc)<\/td><\/tr><tr><td>SL-400<\/td><td>7.5*2<\/td><td>0.5-1<\/td><td>20<\/td><\/tr><tr><td>SL-600<\/td><td>11*2<\/td><td>1.5-2<\/td><td>30<\/td><\/tr><tr><td>SL-800<\/td><td>18.5*2<\/td><td>2-3<\/td><td>40<\/td><\/tr><tr><td>SL-1000<\/td><td>22*2<\/td><td>4-5<\/td><td>50<\/td><\/tr><tr><td>SL-1200<\/td><td>37*2<\/td><td>5-7<\/td><td>30<\/td><\/tr><\/tbody><\/table><\/figure>","protected":false},"excerpt":{"rendered":"<p>Shuliy garbage shredder machine is a versatile twin-shaft shredder for shredding household and industrial waste. This trash shredder machine has the advantages of great performance, high quality, and wide applications, thus, it plays an important role in the waste recycling industry. What is a garbage shredder? A garbage shredder machine, as the name suggests, is [&hellip;]<\/p>\n","protected":false},"author":1,"featured_media":2866,"parent":0,"template":"","tags":[578,598],"product-type":[561],"class_list":["post-2856","product","type-product","status-publish","has-post-thumbnail","hentry","tag-double-shaft-shredder","tag-garbage-shredder-machine","product-type-industrial-shredder"],"_links":{"self":[{"href":"https:\/\/www.baler-machines.com\/vi\/wp-json\/wp\/v2\/product\/2856","targetHints":{"allow":["GET"]}}],"collection":[{"href":"https:\/\/www.baler-machines.com\/vi\/wp-json\/wp\/v2\/product"}],"about":[{"href":"https:\/\/www.baler-machines.com\/vi\/wp-json\/wp\/v2\/types\/product"}],"author":[{"embeddable":true,"href":"https:\/\/www.baler-machines.com\/vi\/wp-json\/wp\/v2\/users\/1"}],"wp:featuredmedia":[{"embeddable":true,"href":"https:\/\/www.baler-machines.com\/vi\/wp-json\/wp\/v2\/media\/2866"}],"wp:attachment":[{"href":"https:\/\/www.baler-machines.com\/vi\/wp-json\/wp\/v2\/media?parent=2856"}],"wp:term":[{"taxonomy":"post_tag","embeddable":true,"href":"https:\/\/www.baler-machines.com\/vi\/wp-json\/wp\/v2\/tags?post=2856"},{"taxonomy":"product-type","embeddable":true,"href":"https:\/\/www.baler-machines.com\/vi\/wp-json\/wp\/v2\/product-type?post=2856"}],"curies":[{"name":"wp","href":"https:\/\/api.w.org\/{rel}","templated":true}]}}