{"id":2830,"date":"2022-12-02T14:17:06","date_gmt":"2022-12-02T06:17:06","guid":{"rendered":"https:\/\/www.baler-machines.com\/?post_type=product&#038;p=2830"},"modified":"2023-01-13T09:44:49","modified_gmt":"2023-01-13T01:44:49","slug":"waste-oil-drum-baler-machine","status":"publish","type":"product","link":"https:\/\/www.baler-machines.com\/vi\/waste-oil-drum-baler-machine\/","title":{"rendered":"M\u00e1y \u0111\u00f3ng ki\u1ec7n tr\u1ed1ng d\u1ea7u th\u1ea3i | M\u00e1y \u00e9p ki\u1ec7n"},"content":{"rendered":"<p class=\"translation-block\">M\u00e1y n\u00e9n th\u00f9ng d\u1ea7u th\u1ea3i n\u00e0y, c\u00f2n \u0111\u01b0\u1ee3c bi\u1ebft \u0111\u1ebfn nh\u01b0 m\u1ed9t <a href=\"https:\/\/www.baler-machines.com\/vi\/vertical-baler-machine-for-waste-recycling\/\" target=\"_blank\" rel=\"noreferrer noopener\">m\u00e1y \u00e9p th\u1eb3ng \u0111\u1ee9ng th\u1ee7y l\u1ef1c<\/a>, \u0111\u01b0\u1ee3c thi\u1ebft k\u1ebf \u0111\u1ec3 \u0111\u00f3ng b\u0103ng m\u1ecdi lo\u1ea1i ch\u1ea5t th\u1ea3i nh\u01b0 b\u1ec3 ch\u1ee9a d\u1ea7u th\u1ea3i, s\u1ee3i, t\u00fai v\u1ea3i d\u1ec7t, s\u1eaft v\u1ee5n, th\u00e9p v\u1ee5n, v.v. \u0110\u00e2y l\u00e0 m\u1ed9t m\u00e1y \u00e9p \u0111\u00f3ng ch\u1ea5t l\u01b0\u1ee3ng t\u1ed1t v\u1edbi hi\u1ec7u su\u1ea5t t\u1ed1t v\u00e0 l\u00e0 m\u1ed9t tr\u1ee3 th\u1ee7 m\u00e1y m\u00f3c h\u1eefu \u00edch cho vi\u1ec7c t\u00e1i ch\u1ebf ch\u1ea5t th\u1ea3i.<\/p>    <h2 class=\"wp-block-heading\"><strong>T\u1ea1i sao t\u00e1i ch\u1ebf th\u00f9ng d\u1ea7u th\u1ea3i? <\/strong><\/h2>    <ol class=\"wp-block-list\"> <li>Gi\u1ea3m kh\u00f4ng gian v\u00e0 lo\u1ea1i b\u1ecf m\u00f9i \u0111\u1ed9c h\u1ea1i. Th\u00f9ng d\u1ea7u \u0111\u00e3 qua s\u1eed d\u1ee5ng kh\u00f4ng th\u1ec3 s\u1eed d\u1ee5ng \u0111\u01b0\u1ee3c sau nhi\u1ec1u l\u1ea7n s\u1eed d\u1ee5ng. Vi\u1ec7c c\u1ea5t ch\u00fang \u0111i kh\u00f4ng ch\u1ec9 t\u1ed1n nhi\u1ec1u di\u1ec7n t\u00edch m\u00e0 c\u00f2n ph\u00e1t ra m\u00f9i kh\u00f3 ch\u1ecbu. V\u00e0 l\u00e0m vi\u1ec7c trong nh\u1eefng kh\u00f4ng gian nh\u01b0 v\u1eady trong th\u1eddi gian d\u00e0i c\u00f3 th\u1ec3 g\u00e2y ra nh\u1eefng thi\u1ec7t h\u1ea1i nh\u1ea5t \u0111\u1ecbnh cho con ng\u01b0\u1eddi. V\u1edbi vi\u1ec7c t\u00e1i ch\u1ebf b\u1eb1ng m\u00e1y \u0111\u00f3ng ki\u1ec7n th\u1ee7y l\u1ef1c th\u1eb3ng \u0111\u1ee9ng cho th\u00f9ng d\u1ea7u, t\u00ecnh tr\u1ea1ng n\u00e0y s\u1ebd kh\u00f4ng ph\u00e1t sinh.<\/li>    <li>L\u1ea1i t\u1ea1o ra thu nh\u1eadp. Sau khi \u0111\u01b0\u1ee3c n\u00e9n v\u00e0 \u0111\u00f3ng g\u00f3i b\u1eb1ng m\u00e1y \u0111\u00f3ng ki\u1ec7n tr\u1ed1ng d\u1ea7u th\u1ea3i Shuliy, c\u00e1c th\u00f9ng d\u1ea7u th\u1ea3i c\u00f3 th\u1ec3 \u0111\u01b0\u1ee3c b\u00e1n d\u1ec5 d\u00e0ng cho b\u00e3i ph\u1ebf li\u1ec7u ho\u1eb7c nh\u00e0 m\u00e1y t\u00e1i ch\u1ebf \u0111\u1ec3 s\u1eed d\u1ee5ng th\u1ee9 c\u1ea5p.<\/li> <\/ol>   <div class=\"wp-block-image\"> <figure class=\"aligncenter size-full\"><img loading=\"lazy\" decoding=\"async\" width=\"716\" height=\"444\" src=\"https:\/\/www.baler-machines.com\/wp-content\/uploads\/2022\/12\/waste-oil-drums.webp\" alt=\"th\u00f9ng d\u1ea7u th\u1ea3i\" class=\"wp-image-2836\" title=\"\"><figcaption class=\"wp-element-caption\">th\u00f9ng ch\u1ee9a d\u1ea7u th\u1ea3i<\/figcaption><\/figure> <\/div>   <h2 class=\"wp-block-heading\"><strong>C\u00e1c \u1ee9ng d\u1ee5ng c\u1ee7a m\u00e1y \u0111\u00f3ng ki\u1ec7n tr\u1ed1ng d\u1ea7u th\u1ea3i Shuliy <\/strong><\/h2>    <p>M\u00e1y \u0111\u00f3ng ki\u1ec7n tr\u1ed1ng d\u1ea7u th\u1ee7y l\u1ef1c n\u00e0y kh\u00f4ng ch\u1ec9 d\u00f9ng cho th\u00f9ng d\u1ea7u th\u1ea3i m\u00e0 c\u00f2n d\u00f9ng cho s\u1ee3i th\u1ea3i, qu\u1ea7n \u00e1o, \u1ed1ng h\u00fat ng\u00f4, kim lo\u1ea1i ph\u1ebf li\u1ec7u, lon, chai PET, b\u00eca c\u1ee9ng, gi\u1ea5y th\u1ea3i, l\u1ed1p xe, v.v. T\u1ea5t c\u1ea3 c\u00e1c lo\u1ea1i m\u1eb7t h\u00e0ng b\u1ea1n mu\u1ed1n t\u00e1i ch\u1ebf c\u00f3 th\u1ec3 \u0111\u1ea1t \u0111\u01b0\u1ee3c v\u1edbi m\u00e1y \u00e9p ki\u1ec7n th\u1ee7y l\u1ef1c n\u00e0y. N\u1ebfu b\u1ea1n c\u00f3 v\u1eadt li\u1ec7u mu\u1ed1n \u0111\u00f3ng ki\u1ec7n, b\u1ea1n c\u00f3 th\u1ec3 li\u00ean h\u1ec7 v\u1edbi ch\u00fang t\u00f4i v\u00e0 ch\u00fang t\u00f4i s\u1ebd gi\u00fap b\u1ea1n gi\u1ea3i quy\u1ebft v\u1ea5n \u0111\u1ec1 theo nhu c\u1ea7u c\u1ee7a b\u1ea1n.<\/p>   <div class=\"wp-block-image\"> <figure class=\"aligncenter size-full\"><img loading=\"lazy\" decoding=\"async\" width=\"540\" height=\"540\" src=\"https:\/\/www.baler-machines.com\/wp-content\/uploads\/2022\/12\/hydraulic-waste-oil-drum-baler-machine.webp\" alt=\"m\u00e1y \u0111\u00f3ng ki\u1ec7n tr\u1ed1ng d\u1ea7u th\u1ea3i th\u1ee7y l\u1ef1c\" class=\"wp-image-2838\" title=\"\"><figcaption class=\"wp-element-caption\">m\u00e1y \u0111\u00f3ng ki\u1ec7n tr\u1ed1ng d\u1ea7u th\u1ea3i th\u1ee7y l\u1ef1c<\/figcaption><\/figure> <\/div>   <h2 class=\"wp-block-heading\"><strong>Alternative for baling waste oil drums &#8211; hydraulic waste oil drum baler machine<\/strong><\/h2>    <p class=\"translation-block\">Shuliy Machinery, v\u1edbi t\u01b0 c\u00e1ch l\u00e0 <a href=\"https:\/\/www.baler-machines.com\/vi\/\" target=\"_blank\" rel=\"noreferrer noopener\">nh\u00e0 s\u1ea3n xu\u1ea5t v\u00e0 cung c\u1ea5p chuy\u00ean nghi\u1ec7p nhi\u1ec1u lo\u1ea1i m\u00e1y \u00e9p ki\u1ec7n<\/a>, ch\u00fang t\u00f4i kh\u00f4ng ch\u1ec9 c\u00f3 m\u00e1y \u00e9p ki\u1ec7n \u0111\u1ee9ng m\u00e0 c\u00f2n c\u00f3 m\u00e1y \u00e9p ki\u1ec7n ngang, c\u00f3 th\u1ec3 l\u1ef1a ch\u1ecdn linh ho\u1ea1t t\u00f9y theo v\u1eadt li\u1ec7u m\u00e0 kh\u00e1ch h\u00e0ng c\u1ea7n x\u1eed l\u00fd. V\u1ec1 l\u00fd thuy\u1ebft, m\u00e1y \u00e9p ki\u1ec7n th\u1ee7y l\u1ef1c ngang c\u1ee7a ch\u00fang t\u00f4i c\u0169ng c\u00f3 th\u1ec3 \u0111\u01b0\u1ee3c s\u1eed d\u1ee5ng \u0111\u1ec3 \u00e9p ki\u1ec7n phuy d\u1ea7u th\u1ea3i, nh\u01b0ng vi\u1ec7c l\u1ef1a ch\u1ecdn \u0111\u01b0\u1ee3c \u0111\u01b0a ra d\u1ef1a tr\u00ean nhu c\u1ea7u th\u1ef1c t\u1ebf c\u1ee7a kh\u00e1ch h\u00e0ng. N\u1ebfu qu\u00fd v\u1ecb c\u00f3 nhu c\u1ea7u, vui l\u00f2ng li\u00ean h\u1ec7 v\u1edbi ch\u00fang t\u00f4i v\u00e0 qu\u1ea3n l\u00fd b\u00e1n h\u00e0ng c\u1ee7a ch\u00fang t\u00f4i s\u1ebd cung c\u1ea5p cho qu\u00fd v\u1ecb nh\u1eefng l\u1ef1a ch\u1ecdn t\u1ed1t nh\u1ea5t cho m\u00e1y \u00e9p ki\u1ec7n th\u1ee7y l\u1ef1c cho phuy d\u1ea7u.<\/p>    <figure class=\"wp-block-gallery aligncenter has-nested-images columns-default is-cropped wp-block-gallery-2 is-layout-flex wp-block-gallery-is-layout-flex\"> <figure class=\"wp-block-image size-full\"><img loading=\"lazy\" decoding=\"async\" width=\"720\" height=\"540\" data-id=\"2840\" src=\"https:\/\/www.baler-machines.com\/wp-content\/uploads\/2022\/12\/vertical-waste-oil-drum-compactor.webp\" alt=\"m\u00e1y \u00e9p th\u00f9ng d\u1ea7u th\u1ea3i \u0111\u1ee9ng\" class=\"wp-image-2840\" title=\"\"><figcaption class=\"wp-element-caption\">M\u00e1y \u00e9p tr\u1ed1ng d\u1ea7u th\u1ea3i d\u1ecdc<\/figcaption><\/figure>    <figure class=\"wp-block-image size-full\"><img loading=\"lazy\" decoding=\"async\" width=\"720\" height=\"540\" data-id=\"2839\" src=\"https:\/\/www.baler-machines.com\/wp-content\/uploads\/2022\/12\/horizontal-waste-oil-barrel-baler.webp\" alt=\"m\u00e1y \u00e9p ki\u1ec7n phuy d\u1ea7u ngang\" class=\"wp-image-2839\" title=\"\"><figcaption class=\"wp-element-caption\">M\u00e1y \u0111\u00f3ng ki\u1ec7n th\u00f9ng d\u1ea7u th\u1ea3i n\u1eb1m ngang<\/figcaption><\/figure> <\/figure>    <h2 class=\"wp-block-heading\"><strong>C\u00e1c d\u1ef1 \u00e1n th\u00e0nh c\u00f4ng c\u1ee7a m\u00e1y \u0111\u00f3ng ki\u1ec7n tr\u1ed1ng d\u1ea7u th\u1ea3i<\/strong><\/h2>    <p>M\u00e1y \u00e9p ki\u1ec7n phuy d\u1ea7u th\u1ea3i c\u1ee7a Shuliy c\u00f3 m\u1ed9t v\u1ecb tr\u00ed hi\u1ebfm c\u00f3 trong th\u1ebf gi\u1edbi t\u00e1i ch\u1ebf. Do hi\u1ec7u su\u1ea5t chi ph\u00ed cao c\u1ee7a m\u00e1y \u00e9p ki\u1ec7n th\u1ee7y l\u1ef1c n\u00e0y, n\u00f3 th\u01b0\u1eddng \u0111\u01b0\u1ee3c xu\u1ea5t kh\u1ea9u sang Indonesia, Gabon, v.v. V\u00e0o th\u00e1ng 11 n\u0103m nay, m\u1ed9t kh\u00e1ch h\u00e0ng t\u1eeb Gabon \u0111\u00e3 mua l\u1eb7p l\u1ea1i m\u00e1y \u00e9p ki\u1ec7n th\u1ee7y l\u1ef1c c\u1ee7a ch\u00fang t\u00f4i, m\u00e0 \u00f4ng \u1ea5y s\u1eed d\u1ee5ng \u0111\u1ec3 \u00e9p ki\u1ec7n phuy d\u1ea7u th\u1ea3i. N\u1ebfu qu\u00fd v\u1ecb quan t\u00e2m \u0111\u1ebfn m\u00e1y \u00e9p ki\u1ec7n c\u1ee7a ch\u00fang t\u00f4i, vui l\u00f2ng li\u00ean h\u1ec7 v\u1edbi ch\u00fang t\u00f4i!<\/p>    <h2 class=\"wp-block-heading\"><strong>Th\u00f4ng s\u1ed1 k\u1ef9 thu\u1eadt c\u1ee7a m\u00e1y \u0111\u00f3ng ki\u1ec7n th\u00f9ng phuy d\u1ea7u th\u1ea3i Shuliy \u0111\u1ec3 b\u00e1n<\/strong><\/h2>    <figure class=\"wp-block-table\"><table><tbody><tr><td>Ng\u01b0\u1eddi m\u1eabu<\/td><td>SL-100T<\/td><\/tr><tr><td>\u00c1p l\u1ef1c<\/td><td>100 t\u1ea5n<\/td><\/tr><tr><td>\u0110i\u1ec7n \u00e1p<\/td><td>380v 50hz 3 pha<\/td><\/tr><\/tbody><\/table><\/figure>    <h2 class=\"wp-block-heading\"><strong>Video of the waste oil drum baler &#8211; how to press the oil drums?<\/strong><\/h2>    <figure class=\"wp-block-embed is-type-video is-provider-youtube wp-block-embed-youtube wp-embed-aspect-16-9 wp-has-aspect-ratio\"><div class=\"wp-block-embed__wrapper\"> <iframe loading=\"lazy\" title=\"M\u00e1y \u00e9p ki\u1ec7n d\u1ecdc th\u1ee7y l\u1ef1c cho th\u00f9ng d\u1ea7u #baler #hydraulicpress\" width=\"500\" height=\"281\" src=\"https:\/\/www.youtube.com\/embed\/ASbF3uvGpe8?feature=oembed\" frameborder=\"0\" allow=\"accelerometer; autoplay; clipboard-write; encrypted-media; gyroscope; picture-in-picture; web-share\" referrerpolicy=\"strict-origin-when-cross-origin\" allowfullscreen><\/iframe> <\/div><\/figure>","protected":false},"excerpt":{"rendered":"<p>This waste oil drum baler machine, also known as a hydraulic vertical baler, is designed for baling all kinds of waste such as waste oil tanks, fibers, woven bags, scrap iron, scrap steel, etc. This is a good quality baling press machine with good performance and is a good machine helper for waste recycling. Why [&hellip;]<\/p>\n","protected":false},"author":1,"featured_media":2844,"parent":0,"template":"","tags":[572,596],"product-type":[563],"class_list":["post-2830","product","type-product","status-publish","has-post-thumbnail","hentry","tag-hydraulic-baler-machine","tag-waste-oil-drum-baler-machine","product-type-baler-machine"],"_links":{"self":[{"href":"https:\/\/www.baler-machines.com\/vi\/wp-json\/wp\/v2\/product\/2830","targetHints":{"allow":["GET"]}}],"collection":[{"href":"https:\/\/www.baler-machines.com\/vi\/wp-json\/wp\/v2\/product"}],"about":[{"href":"https:\/\/www.baler-machines.com\/vi\/wp-json\/wp\/v2\/types\/product"}],"author":[{"embeddable":true,"href":"https:\/\/www.baler-machines.com\/vi\/wp-json\/wp\/v2\/users\/1"}],"wp:featuredmedia":[{"embeddable":true,"href":"https:\/\/www.baler-machines.com\/vi\/wp-json\/wp\/v2\/media\/2844"}],"wp:attachment":[{"href":"https:\/\/www.baler-machines.com\/vi\/wp-json\/wp\/v2\/media?parent=2830"}],"wp:term":[{"taxonomy":"post_tag","embeddable":true,"href":"https:\/\/www.baler-machines.com\/vi\/wp-json\/wp\/v2\/tags?post=2830"},{"taxonomy":"product-type","embeddable":true,"href":"https:\/\/www.baler-machines.com\/vi\/wp-json\/wp\/v2\/product-type?post=2830"}],"curies":[{"name":"wp","href":"https:\/\/api.w.org\/{rel}","templated":true}]}}