{"id":2448,"date":"2022-08-02T08:26:41","date_gmt":"2022-08-02T08:26:41","guid":{"rendered":"https:\/\/www.baler-machines.com\/?post_type=product&#038;p=2448"},"modified":"2025-10-24T16:30:09","modified_gmt":"2025-10-24T08:30:09","slug":"double-shaft-shredder","status":"publish","type":"product","link":"https:\/\/www.baler-machines.com\/vi\/double-shaft-shredder\/","title":{"rendered":"M\u00e1y h\u1ee7y tr\u1ee5c \u0111\u00f4i \u0111\u1ec3 b\u0103m nh\u1ecf m\u1ecdi ch\u1ea5t th\u1ea3i"},"content":{"rendered":"<p class=\"translation-block\"><strong>M\u00e1y h\u1ee7y hai tr\u1ee5c<\/strong> (c\u00f2n g\u1ecdi l\u00e0 m\u00e1y h\u1ee7y hai tr\u1ee5c xo\u1eafn) n\u00e0y chuy\u00ean d\u00f9ng \u0111\u1ec3 nghi\u1ec1n c\u00e1c lo\u1ea1i v\u1eadt li\u1ec7u nh\u01b0 kim lo\u1ea1i, nh\u1ef1a, r\u00e1c sinh ho\u1ea1t, g\u1ed7, v.v. th\u00e0nh c\u00e1c m\u1ea3nh nh\u1ecf \u0111\u1ec3 t\u00e1i ch\u1ebf. M\u00e1y c\u00f3 th\u1ec3 x\u1eed l\u00fd r\u00e1c th\u1ea3i v\u1edbi c\u00f4ng su\u1ea5t t\u1eeb 0,5-25 t\u1ea5n m\u1ed7i gi\u1edd. <\/p>    <p>M\u00e1y h\u1ee7y c\u1eaft tr\u1ee5c \u0111\u00f4i Shuliy c\u00f3 \u1ee9ng d\u1ee5ng r\u1ed9ng r\u00e3i, s\u1ee9c m\u1ea1nh c\u1eaft nh\u1ecf m\u1ea1nh m\u1ebd v\u00e0 ti\u1ebft ki\u1ec7m chi ph\u00ed. N\u00f3 r\u1ea5t ph\u1ed5 bi\u1ebfn trong ng\u00e0nh t\u00e1i ch\u1ebf ch\u1ea5t th\u1ea3i.<\/p>    <p>M\u00e1y nghi\u1ec1n 2 tr\u1ee5c c\u1ee7a ch\u00fang t\u00f4i \u0111\u00e3 \u0111\u01b0\u1ee3c xu\u1ea5t kh\u1ea9u sang Malaysia, \u00dd, Indonesia, Iran, Uzbekistan, Romania, Hoa K\u1ef3, \u00dac, Peru, Nga, v\u00e0 nhi\u1ec1u n\u01a1i kh\u00e1c. N\u1ebfu b\u1ea1n quan t\u00e2m, h\u00e3y li\u00ean h\u1ec7 v\u1edbi ch\u00fang t\u00f4i \u0111\u1ec3 bi\u1ebft th\u00eam th\u00f4ng tin v\u1ec1 m\u00e1y.<\/p>    <figure class=\"wp-block-embed is-type-video is-provider-youtube wp-block-embed-youtube wp-embed-aspect-16-9 wp-has-aspect-ratio\"><div class=\"wp-block-embed__wrapper\"> <iframe loading=\"lazy\" title=\"M\u00e1y h\u1ee7y tr\u1ee5c k\u00e9p m\u1ea1nh m\u1ebd: B\u0103m nh\u1ecf c\u00e1c v\u1eadt li\u1ec7u c\u1ee9ng v\u00e0 m\u1ec1m! M\u00e1y nghi\u1ec1n nh\u1ef1a, x\u1ed1p, kim lo\u1ea1i\" width=\"500\" height=\"281\" src=\"https:\/\/www.youtube.com\/embed\/Tw78p96ALVw?feature=oembed\" frameborder=\"0\" allow=\"accelerometer; autoplay; clipboard-write; encrypted-media; gyroscope; picture-in-picture; web-share\" referrerpolicy=\"strict-origin-when-cross-origin\" allowfullscreen><\/iframe> <\/div><figcaption class=\"wp-element-caption\">video ho\u1ea1t \u0111\u1ed9ng c\u1ee7a m\u00e1y h\u1ee7y hai tr\u1ee5c \u0111\u1ec3 nghi\u1ec1n ch\u1ea5t th\u1ea3i<\/figcaption><\/figure>    <h2 class=\"wp-block-heading\"><strong>M\u00e1y h\u1ee7y t\u00e0i li\u1ec7u c\u00f4ng nghi\u1ec7p Shuliy c\u00f3 th\u1ec3 nghi\u1ec1n n\u00e1t \u0111\u01b0\u1ee3c nh\u1eefng g\u00ec?<\/strong><\/h2>    <p>M\u00e1y h\u1ee7y tr\u1ee5c \u0111\u00f4i c\u1ee7a ch\u00fang t\u00f4i \u0111a n\u0103ng v\u00e0 c\u00f3 th\u1ec3 c\u1eaft nh\u1ecf m\u1ecdi lo\u1ea1i ch\u1ea5t th\u1ea3i. B\u00e2y gi\u1edd t\u00f4i s\u1ebd gi\u1edbi thi\u1ec7u nh\u1eefng lo\u1ea1i r\u00e1c th\u1ea3i c\u00f3 th\u1ec3 \u0111\u01b0\u1ee3c b\u0103m nh\u1ecf.  <\/p>    <ul class=\"wp-block-list\"> <li><strong>V\u1ea3i v\u00f3c<\/strong>: t\u1ea5t c\u1ea3 c\u00e1c lo\u1ea1i h\u00e0ng d\u1ec7t, gi\u1ebb r\u00e1ch, qu\u1ea7n \u00e1o, ga tr\u1ea3i gi\u01b0\u1eddng v\u00e0 v\u1ecf b\u1ecdc.<\/li>    <li><strong>Ph\u1ebf li\u1ec7u kim lo\u1ea1i<\/strong>: d\u00e2y s\u1eaft, v\u1ecf xe, nh\u00f4m ph\u1ebf li\u1ec7u, s\u1eaft v\u1ee5n, t\u1ea5m ch\u00ec, th\u00e9p c\u00e2y, v.v.<\/li>    <li><strong>Ch\u1ea5t th\u1ea3i nh\u1ef1a<\/strong>: chai nh\u1ef1a PET, m\u00e0ng nh\u1ef1a, pallet nh\u1ef1a,.. <\/li>    <li><strong>Ph\u1ebf li\u1ec7u x\u00e2y d\u1ef1ng<\/strong>: \u1ed1ng th\u00e9p, th\u00e9p, ph\u1ee5 ki\u1ec7n \u0111\u01b0\u1eddng \u1ed1ng v\u00e0 khung.<\/li>    <li><strong>L\u1ed1p xe ph\u1ebf li\u1ec7u<\/strong>: l\u1ed1p cao su, l\u1ed1p \u00f4 t\u00f4, l\u1ed1p xe t\u1ea3i, l\u1ed1p xe \u0111\u1ea1p v\u00e0 l\u1ed1p xe c\u1ed9.<\/li>    <li><strong>Thi\u1ebft b\u1ecb th\u1ea3i<\/strong>: Tivi, m\u00e1y gi\u1eb7t, v\u1ecf t\u1ee7 l\u1ea1nh, v\u1ecf t\u1ee7 \u0111\u00f4ng v\u00e0 b\u1ebfp gas.<\/li>    <li><strong>Ch\u1ea5t th\u1ea3i \u0111i\u1ec7n t\u1eed<\/strong>: \u0111i\u1ec7n tho\u1ea1i di \u0111\u1ed9ng, b\u1ea3ng m\u1ea1ch, d\u00e2y c\u00e1p, d\u00e2y \u0111\u1ed3ng, v.v.<\/li>    <li><strong>H\u1ed9p \u0111\u1ef1ng c\u00e1c lo\u1ea1i<\/strong>: lon nh\u1ef1a, th\u00f9ng phuy nh\u1ef1a, th\u00f9ng phuy s\u1eaft, th\u00f9ng \u0111\u00f3ng g\u00f3i, th\u00f9ng phuy, lon nh\u00f4m,..<\/li>    <li><strong>H\u1ea1ng m\u1ee5c g\u1ed7<\/strong>: pallet g\u1ed7, gi\u00e1 \u0111\u1ee1 xe n\u00e2ng v\u00e0 c\u00e1c lo\u1ea1i g\u1ed7 ph\u1ebf li\u1ec7u kh\u00e1c.<\/li>    <li><strong>Ng\u01b0\u1eddi kh\u00e1c<\/strong>: xe m\u00e1y, r\u00e1c th\u1ea3i nh\u00e0 b\u1ebfp, r\u00e1c th\u1ea3i sinh ho\u1ea1t, x\u00e1c \u0111\u1ed9ng v\u1eadt, d\u1eabn xu\u1ea5t RDF, r\u00e1c th\u1ea3i y t\u1ebf, r\u01a1m r\u1ea1 sinh h\u1ecdc, r\u00e1c v\u01b0\u1eddn, r\u00e1c th\u1ea3i \u0111\u1ea7u cao su, d\u00e2y xo\u1eafn nh\u00e0 m\u00e1y gi\u1ea5y, v.v.<\/li> <\/ul>   <div class=\"wp-block-image\"> <figure class=\"aligncenter size-full\"><img loading=\"lazy\" decoding=\"async\" width=\"720\" height=\"300\" src=\"https:\/\/www.baler-machines.com\/wp-content\/uploads\/2022\/08\/double-shaft-shredder-applications.webp\" alt=\"\u1ee9ng d\u1ee5ng m\u00e1y h\u1ee7y tr\u1ee5c \u0111\u00f4i\" class=\"wp-image-2467\" title=\"\"><figcaption class=\"wp-element-caption\">\u1ee9ng d\u1ee5ng m\u00e1y h\u1ee7y tr\u1ee5c \u0111\u00f4i<\/figcaption><\/figure> <\/div>   <p>Ch\u1ec9 c\u1ea7n b\u1ea1n mu\u1ed1n b\u0103m nh\u1ecf r\u00e1c th\u1ea3i, m\u00e1y h\u1ee7y t\u00e0i li\u1ec7u c\u1ee7a ch\u00fang t\u00f4i c\u00f3 th\u1ec3 gi\u00fap b\u1ea1n l\u00e0m \u0111i\u1ec1u \u0111\u00f3.<\/p>    <h2 class=\"wp-block-heading\"><strong>\u0110\u1eb7c \u0111i\u1ec3m c\u1ee7a m\u00e1y h\u1ee7y tr\u1ee5c \u0111\u00f4i<\/strong><\/h2>    <ul class=\"wp-block-list\"> <li><strong>C\u00f4ng su\u1ea5t 0,5-25t\/h<\/strong>. M\u00e1y h\u1ee7y t\u00e0i li\u1ec7u c\u00f4ng nghi\u1ec7p c\u1ee7a ch\u00fang t\u00f4i c\u00f3 th\u1ec3 x\u1eed l\u00fd ch\u1ea5t th\u1ea3i v\u1edbi t\u1ed1c \u0111\u1ed9 t\u1eeb 0,5-25t\/h, \u0111\u00e2y l\u00e0 m\u1ee9c t\u00e1i ch\u1ebf hi\u1ec7u qu\u1ea3. <\/li>    <li><strong>M\u1ed9t lo\u1ea1t c\u00e1c \u1ee9ng d\u1ee5ng<\/strong>. M\u00e1y h\u1ee7y tr\u1ee5c \u0111\u00f4i Shuliy c\u00f3 th\u1ec3 b\u0103m nh\u1ecf kim lo\u1ea1i ph\u1ebf li\u1ec7u, nh\u1ef1a, \u0111\u1ed3 \u0111i\u1ec7n, v\u1eadt li\u1ec7u g\u1ed7, r\u00e1c th\u1ea3i sinh ho\u1ea1t, v.v.<\/li>    <li><strong>Hai \u0111\u1ed9ng c\u01a1 tuy\u1ec7t v\u1eddi<\/strong>. M\u00e1y h\u1ee7y ch\u1ea5t th\u1ea3i y t\u1ebf tr\u1ee5c k\u00e9p c\u00f3 th\u1ec3 cung c\u1ea5p n\u0103ng l\u01b0\u1ee3ng hi\u1ec7u qu\u1ea3 \u0111\u1ec3 \u0111\u1ea3m b\u1ea3o m\u00e1y ho\u1ea1t \u0111\u1ed9ng \u1ed5n \u0111\u1ecbnh.<\/li>    <li><strong>Th\u00edch h\u1ee3p cho c\u00f4ng vi\u1ec7c trong nh\u00e0 v\u00e0 ngo\u00e0i tr\u1eddi<\/strong>. M\u00e1y h\u1ee7y t\u00e0i li\u1ec7u k\u1ef9 thu\u1eadt s\u1ed1 Shuliy c\u00f3 \u0111\u1ed9 \u1ed3n th\u1ea5p v\u00e0 c\u00f3 th\u1ec3 ho\u1ea1t \u0111\u1ed9ng c\u1ea3 trong nh\u00e0 v\u00e0 ngo\u00e0i tr\u1eddi.<\/li>    <li><strong>L\u01b0\u1ee1i dao c\u00f3 th\u1ec3 th\u00e1o r\u1eddi<\/strong>. C\u00e1c l\u01b0\u1ee1i dao tr\u00ean tr\u1ee5c \u0111\u00f4i c\u00f3 th\u1ec3 \u0111\u01b0\u1ee3c th\u00e1o r\u1eddi \u0111\u1ec3 b\u1ea3o tr\u00ec d\u1ec5 d\u00e0ng, gi\u00fap r\u00fat ng\u1eafn \u0111\u00e1ng k\u1ec3 th\u1eddi gian b\u1ea3o tr\u00ec.<\/li>    <li><strong>S\u1ed1 l\u01b0\u1ee3ng v\u00e0 v\u1eadt li\u1ec7u l\u01b0\u1ee1i t\u00f9y ch\u1ecdn<\/strong>. B\u1ea1n c\u00f3 th\u1ec3 ch\u1ecdn s\u1ed1 l\u01b0\u1ee3ng l\u01b0\u1ee1i dao v\u00e0 v\u1eadt li\u1ec7u ph\u00f9 h\u1ee3p \u0111\u1ec3 t\u00e1i ch\u1ebf ch\u1ea5t th\u1ea3i, mang l\u1ea1i gi\u1ea3i ph\u00e1p t\u1ed1t nh\u1ea5t cho vi\u1ec7c b\u0103m nh\u1ecf c\u00e1c v\u1eadt li\u1ec7u kh\u00e1c nhau. <ul class=\"wp-block-list\"> <li>\u0110\u1ed1i v\u1edbi s\u1ed1 l\u01b0\u1ee1i dao, n\u1ebfu b\u1ea1n mu\u1ed1n c\u00f4ng su\u1ea5t nh\u1ecf (nh\u01b0 900kg\/h), th\u00ec m\u00e1y \u0111\u01b0\u1ee3c trang b\u1ecb 20 l\u01b0\u1ee1i dao l\u00e0 \u0111\u1ee7.<\/li>    <li>\u0110\u1ed1i v\u1edbi v\u1eadt li\u1ec7u l\u01b0\u1ee1i dao, 55SiCr ph\u00f9 h\u1ee3p \u0111\u1ec3 b\u0103m nh\u1ecf g\u1ed7 v\u00e0 nh\u1ef1a, 9CrSi ph\u00f9 h\u1ee3p \u0111\u1ec3 nghi\u1ec1n cao su v\u00e0 kim lo\u1ea1i, c\u00f2n H13 t\u1ed1t h\u01a1n \u0111\u1ec3 nghi\u1ec1n kim lo\u1ea1i. <\/li> <\/ul> <\/li> <\/ul>   <div class=\"wp-block-image\"> <figure class=\"aligncenter size-full\"><img loading=\"lazy\" decoding=\"async\" width=\"750\" height=\"563\" src=\"https:\/\/www.baler-machines.com\/wp-content\/uploads\/2022\/08\/shredder-blades.webp\" alt=\"l\u01b0\u1ee1i m\u00e1y h\u1ee7y t\u00e0i li\u1ec7u\" class=\"wp-image-2473\" title=\"\"><figcaption class=\"wp-element-caption\">l\u01b0\u1ee1i m\u00e1y h\u1ee7y t\u00e0i li\u1ec7u<\/figcaption><\/figure> <\/div>   <ul class=\"wp-block-list\"> <li><strong>Thi\u1ebft k\u1ebf kh\u00f4ng c\u00f3 m\u00e0n h\u00ecnh \u1edf c\u1ed5ng x\u1ea3<\/strong>. Thi\u1ebft k\u1ebf m\u00e1y h\u1ee7y tr\u1ee5c \u0111\u00f4i n\u00e0y gi\u00fap c\u1ea3i thi\u1ec7n \u0111\u00e1ng k\u1ec3 hi\u1ec7u qu\u1ea3 b\u0103m nh\u1ecf.<\/li>    <li><strong>H\u1ec7 th\u1ed1ng \u0111i\u1ec1u khi\u1ec3n PLC \u0111\u1ed9c l\u1eadp<\/strong>Khi s\u1eed d\u1ee5ng m\u00e1y nghi\u1ec1n t\u00e1i ch\u1ebf l\u1ed1p cao su, n\u00f3 an to\u00e0n v\u00e0 ti\u1ec7n l\u1ee3i.<\/li>    <li><strong>H\u1ec7 th\u1ed1ng \u0111i\u1ec7n t\u00f9y ch\u1ecdn<\/strong>M\u00e1y nghi\u1ec1n kh\u1ed1i c\u00f3 th\u1ec3 s\u1eed d\u1ee5ng \u0111\u1ed9ng c\u01a1 \u0111i\u1ec7n ho\u1eb7c \u0111\u1ed9ng c\u01a1 diesel, t\u00f9y theo nhu c\u1ea7u l\u1ef1a ch\u1ecdn linh ho\u1ea1t c\u1ee7a khu v\u1ef1c c\u1ee7a b\u1ea1n.<\/li>    <li><strong>T\u00f9y ch\u1ec9nh<\/strong>. Theo nhu c\u1ea7u c\u1ee7a b\u1ea1n, ch\u00fang t\u00f4i c\u00f3 th\u1ec3 t\u00f9y ch\u1ec9nh \u0111i\u1ec7n \u00e1p, ngu\u1ed3n \u0111i\u1ec7n, b\u0103ng t\u1ea3i, ch\u00e2n \u0111\u1ebf, m\u00e0n h\u00ecnh, v.v. <ul class=\"wp-block-list\"> <li>\u0110\u1ed1i v\u1edbi m\u00e1y h\u1ee7y c\u00f4ng su\u1ea5t l\u1edbn th\u00ec trang b\u1ecb b\u0103ng t\u1ea3i v\u00e0 ch\u00e2n \u0111\u1ebf.<\/li>    <li>\u0110\u1ed1i v\u1edbi v\u1eadt li\u1ec7u kh\u00f4ng \u0111\u1ec1u, m\u00e0n h\u00ecnh \u0111\u01b0\u1ee3c trang b\u1ecb. <\/li> <\/ul> <\/li> <\/ul>    <figure class=\"wp-block-gallery aligncenter has-nested-images columns-default is-cropped wp-block-gallery-2 is-layout-flex wp-block-gallery-is-layout-flex\"> <figure class=\"wp-block-image size-large\"><img loading=\"lazy\" decoding=\"async\" width=\"720\" height=\"540\" data-id=\"2470\" src=\"https:\/\/www.baler-machines.com\/wp-content\/uploads\/2022\/08\/double-shaft-shredder-with-the-conveyor.webp\" alt=\"m\u00e1y h\u1ee7y tr\u1ee5c \u0111\u00f4i v\u1edbi b\u0103ng t\u1ea3i\" class=\"wp-image-2470\" title=\"\"><figcaption class=\"wp-element-caption\">M\u00e1y h\u1ee7y tr\u1ee5c \u0111\u00f4i v\u1edbi b\u0103ng t\u1ea3i<\/figcaption><\/figure>    <figure class=\"wp-block-image size-large\"><img loading=\"lazy\" decoding=\"async\" width=\"720\" height=\"540\" data-id=\"2471\" src=\"https:\/\/www.baler-machines.com\/wp-content\/uploads\/2022\/08\/heavy-duty-crusher-.webp\" alt=\"m\u00e1y nghi\u1ec1n h\u1ea1ng n\u1eb7ng-\" class=\"wp-image-2471\" title=\"\"><figcaption class=\"wp-element-caption\">M\u00e1y nghi\u1ec1n h\u1ea1ng n\u1eb7ng <\/figcaption><\/figure> <\/figure>    <h2 class=\"wp-block-heading\" id=\"h-industrial-dual-shaft-shredder-for-sale\"><strong>Th\u00f4ng s\u1ed1 k\u1ef9 thu\u1eadt c\u1ee7a m\u00e1y h\u1ee7y tr\u1ee5c k\u00e9p c\u00f4ng nghi\u1ec7p \u0111\u1ec3 b\u00e1n<\/strong><\/h2>    <p>M\u00e1y h\u1ee7y c\u00f4ng nghi\u1ec7p Shuliy c\u00f3 nhi\u1ec1u m\u1eabu m\u00e3, v\u1edbi c\u00f4ng su\u1ea5t t\u1eeb nh\u1ecf \u0111\u1ebfn l\u1edbn. N\u00f3 ch\u1ee7 y\u1ebfu \u0111\u1ec3 \u0111\u00e1p \u1ee9ng c\u00e1c nhu c\u1ea7u h\u1ee7y kh\u00e1c nhau c\u1ee7a b\u1ea1n. C\u00e1c m\u1eabu kh\u00e1c nhau d\u01b0\u1edbi \u0111\u00e2y l\u00e0 \u0111\u1ec3 b\u1ea1n tham kh\u1ea3o.<\/p>    <figure class=\"wp-block-table\"><table><tbody><tr><td>Ng\u01b0\u1eddi m\u1eabu<\/td><td>C\u00f4ng su\u1ea5t (kW)<\/td><td>\u0110\u1ea7u ra (t\/h)<\/td><td>S\u1ed1 l\u01b0\u1ee3ng l\u01b0\u1ee1i dao (chi\u1ebfc)<\/td><\/tr><tr><td>SL-400<\/td><td>7.5*2<\/td><td>0.5-1<\/td><td>20<\/td><\/tr><tr><td>SL-600<\/td><td>11*2<\/td><td>1.5-2<\/td><td>30<\/td><\/tr><tr><td>SL-800<\/td><td>18.5*2<\/td><td>2-3<\/td><td>40<\/td><\/tr><tr><td>SL-1000<\/td><td>22*2<\/td><td>4-5<\/td><td>50<\/td><\/tr><tr><td>SL-1200<\/td><td>37*2<\/td><td>5-7<\/td><td>30<\/td><\/tr><tr><td>SL-1400<\/td><td>45*2<\/td><td>8-10<\/td><td>40<\/td><\/tr><tr><td>SL-1600<\/td><td>75*2<\/td><td>12-15<\/td><td>20<\/td><\/tr><tr><td>SL-1800<\/td><td>75*2<\/td><td>15-18<\/td><td>18<\/td><\/tr><tr><td>SL-2000<\/td><td>90*2<\/td><td>20-25<\/td><td>20<\/td><\/tr><\/tbody><\/table><figcaption class=\"wp-element-caption\">c\u00e1c lo\u1ea1i m\u00e1y h\u1ee7y t\u00e0i li\u1ec7u hai tr\u1ee5c <\/figcaption><\/figure>    <p class=\"translation-block\"><strong>L\u01b0u \u00fd v\u1ec1 m\u00e1y h\u1ee7y hai tr\u1ee5c<\/strong>:<\/p>    <ul class=\"wp-block-list\"> <li>Th\u1eddi gian b\u1ea3o h\u00e0nh: 2 n\u0103m<\/li>    <li>S\u1eafp x\u1ebfp t\u00f9y ch\u1ecdn: m\u00e0n h\u00ecnh v\u00e0 b\u0103ng t\u1ea3i<\/li> <\/ul>    <figure class=\"wp-block-gallery aligncenter has-nested-images columns-default is-cropped wp-block-gallery-3 is-layout-flex wp-block-gallery-is-layout-flex\"> <figure class=\"wp-block-image size-large\"><img loading=\"lazy\" decoding=\"async\" width=\"720\" height=\"540\" data-id=\"2468\" src=\"https:\/\/www.baler-machines.com\/wp-content\/uploads\/2022\/08\/industrial-shredder.webp\" alt=\"m\u00e1y h\u1ee7y t\u00e0i li\u1ec7u c\u00f4ng nghi\u1ec7p\" class=\"wp-image-2468\" title=\"\"><figcaption class=\"wp-element-caption\">M\u00e1y h\u1ee7y t\u00e0i li\u1ec7u c\u00f4ng nghi\u1ec7p<\/figcaption><\/figure>    <figure class=\"wp-block-image size-large\"><img loading=\"lazy\" decoding=\"async\" width=\"720\" height=\"540\" data-id=\"2469\" src=\"https:\/\/www.baler-machines.com\/wp-content\/uploads\/2022\/08\/rubber-tire-recycling-equipment.webp\" alt=\"thi\u1ebft b\u1ecb t\u00e1i ch\u1ebf l\u1ed1p cao su\" class=\"wp-image-2469\" title=\"\"><figcaption class=\"wp-element-caption\">Thi\u1ebft b\u1ecb t\u00e1i ch\u1ebf l\u1ed1p cao su<\/figcaption><\/figure> <\/figure>    <h2 class=\"wp-block-heading\"><strong>Thi\u1ebft k\u1ebf m\u00e1y h\u1ee7y tr\u1ee5c \u0111\u00f4i \u0111\u1ed9c \u0111\u00e1o<\/strong><\/h2>    <p>Thi\u1ebft k\u1ebf c\u1ee7a m\u00e1y nghi\u1ec1n tr\u1ee5c \u0111\u00f4i c\u1ee7a ch\u00fang t\u00f4i ph\u00f9 h\u1ee3p v\u1edbi th\u00f3i quen s\u1eed d\u1ee5ng c\u1ee7a kh\u00e1ch h\u00e0ng, v\u00e0 r\u1ea5t ti\u1ec7n l\u1ee3i khi s\u1eed d\u1ee5ng.<\/p>    <p>N\u00f3 bao g\u1ed3m \u0111\u1ed9ng c\u01a1 (ho\u1eb7c \u0111\u1ed9ng c\u01a1 diesel), h\u1ed9p gi\u1ea3m t\u1ed1c, ph\u1ec5u, c\u1ed5ng x\u1ea3 v\u00e0 tr\u1ee5c k\u00e9p c\u00f3 l\u01b0\u1ee1i dao. <\/p>   <div class=\"wp-block-image\"> <figure class=\"aligncenter size-full\"><img loading=\"lazy\" decoding=\"async\" width=\"720\" height=\"540\" src=\"https:\/\/www.baler-machines.com\/wp-content\/uploads\/2022\/08\/plastic-shredder-machine-structure.webp\" alt=\"c\u1ea5u t\u1ea1o m\u00e1y h\u1ee7y nh\u1ef1a\" class=\"wp-image-2477\" title=\"\"><figcaption class=\"wp-element-caption\">c\u1ea5u t\u1ea1o m\u00e1y h\u1ee7y nh\u1ef1a<\/figcaption><\/figure> <\/div>   <p>Ngo\u00e0i ra, ch\u00fang t\u00f4i c\u0169ng c\u00f3 th\u1ec3 trang b\u1ecb b\u0103ng chuy\u1ec1n, gi\u00e1 \u0111\u1ee1 ho\u1eb7c m\u00e0n h\u00ecnh \u0111\u1ec3 b\u1ea1n s\u1eed d\u1ee5ng thu\u1eadn ti\u1ec7n. T\u00f9y thu\u1ed9c v\u00e0o t\u00ecnh h\u00ecnh th\u1ef1c t\u1ebf c\u1ee7a b\u1ea1n, ch\u00fang t\u00f4i s\u1ebd t\u1ea1o ra c\u1ea5u h\u00ecnh ph\u00f9 h\u1ee3p.<\/p>    <figure class=\"wp-block-gallery aligncenter has-nested-images columns-default is-cropped wp-block-gallery-4 is-layout-flex wp-block-gallery-is-layout-flex\"> <figure class=\"wp-block-image size-large\"><img loading=\"lazy\" decoding=\"async\" width=\"720\" height=\"540\" data-id=\"3550\" src=\"https:\/\/www.baler-machines.com\/wp-content\/uploads\/2022\/08\/heavy-duty-two-shaft-shredder-with-stand.webp\" alt=\"m\u00e1y h\u1ee7y t\u00e0i li\u1ec7u hai tr\u1ee5c h\u1ea1ng n\u1eb7ng c\u00f3 ch\u00e2n \u0111\u1ebf\" class=\"wp-image-3550\" title=\"\"><figcaption class=\"wp-element-caption\">M\u00e1y h\u1ee7y t\u00e0i li\u1ec7u hai tr\u1ee5c h\u1ea1ng n\u1eb7ng c\u00f3 ch\u00e2n \u0111\u1ebf<\/figcaption><\/figure>    <figure class=\"wp-block-image size-large\"><img loading=\"lazy\" decoding=\"async\" width=\"720\" height=\"540\" data-id=\"3551\" src=\"https:\/\/www.baler-machines.com\/wp-content\/uploads\/2022\/08\/industrial-shredder-for-sale.webp\" alt=\"m\u00e1y h\u1ee7y c\u00f4ng nghi\u1ec7p \u0111\u1ec3 b\u00e1n\" class=\"wp-image-3551\" title=\"\"><figcaption class=\"wp-element-caption\">C\u1ea7n b\u00e1n m\u00e1y h\u1ee7y t\u00e0i li\u1ec7u c\u00f4ng nghi\u1ec7p<\/figcaption><\/figure> <\/figure>    <h2 class=\"wp-block-heading\"><strong>M\u00e1y h\u1ee7y t\u00e0i li\u1ec7u c\u00f4ng nghi\u1ec7p ho\u1ea1t \u0111\u1ed9ng nh\u01b0 th\u1ebf n\u00e0o?<\/strong><\/h2>    <p>M\u00e1y h\u1ee7y tr\u1ee5c \u0111\u00f4i n\u00e0y ho\u1ea1t \u0111\u1ed9ng d\u1ef1a tr\u00ean hai tr\u1ee5c k\u00e9p c\u00f3 l\u01b0\u1ee1i dao s\u1eafc b\u00e9n.<\/p>    <figure class=\"wp-block-gallery aligncenter has-nested-images columns-default is-cropped wp-block-gallery-5 is-layout-flex wp-block-gallery-is-layout-flex\"> <figure class=\"wp-block-image size-large\"><img loading=\"lazy\" decoding=\"async\" width=\"720\" height=\"540\" data-id=\"2474\" src=\"https:\/\/www.baler-machines.com\/wp-content\/uploads\/2022\/08\/drums-with-the-blades.webp\" alt=\"tr\u1ed1ng v\u1edbi l\u01b0\u1ee1i c\u1eaft\" class=\"wp-image-2474\" title=\"\"><figcaption class=\"wp-element-caption\">Tr\u1ed1ng C\u00f3 L\u01b0\u1ee1i<\/figcaption><\/figure>    <figure class=\"wp-block-image size-large\"><img loading=\"lazy\" decoding=\"async\" width=\"720\" height=\"540\" data-id=\"2475\" src=\"https:\/\/www.baler-machines.com\/wp-content\/uploads\/2022\/08\/quality-blades.webp\" alt=\"l\u01b0\u1ee1i c\u1eaft ch\u1ea5t l\u01b0\u1ee3ng\" class=\"wp-image-2475\" title=\"\"><figcaption class=\"wp-element-caption\">L\u01b0\u1ee1i dao ch\u1ea5t l\u01b0\u1ee3ng<\/figcaption><\/figure> <\/figure>    <p>Sau khi v\u00e0o m\u00e1y nghi\u1ec1n tr\u1ee5c \u0111\u00f4i, v\u1eadt li\u1ec7u \u0111\u01b0\u1ee3c x\u00e9 v\u00e0 c\u1eaft b\u1edfi c\u00e1c l\u01b0\u1ee1i dao trong m\u1ed9t v\u00f2ng quay l\u1ec7ch nhau. Sau \u0111\u00f3, n\u00f3 \u0111\u01b0\u1ee3c t\u00e1ch ra v\u00e0 ph\u00e1 v\u1ee1 th\u00e0nh c\u00e1c k\u00edch th\u01b0\u1edbc nh\u1ecf h\u01a1n v\u00e0 sau \u0111\u00f3 \u0111\u01b0\u1ee3c th\u1ea3i ra.<\/p>    <h2 class=\"wp-block-heading\"><strong>Gi\u00e1 m\u00e1y h\u1ee7y t\u00e0i li\u1ec7u tr\u1ee5c \u0111\u00f4i nh\u01b0 th\u1ebf n\u00e0o\uff1f<\/strong><\/h2>    <p>Gi\u00e1 c\u1ee7a m\u00e1y h\u1ee7y tr\u1ee5c k\u00e9p b\u1ecb \u1ea3nh h\u01b0\u1edfng b\u1edfi nhi\u1ec1u kh\u00eda c\u1ea1nh kh\u00e1c nhau. V\u1ec1 b\u1ea3n th\u00e2n m\u00e1y, ch\u1ee7 y\u1ebfu l\u00e0 c\u1ea5u h\u00ecnh m\u00e1y c\u1ee7a b\u1ed9 gi\u1ea3m t\u1ed1c v\u00e0 l\u01b0\u1ee1i dao.<\/p>    <ul class=\"wp-block-list\"> <li><strong>Gi\u1ea3m t\u1ed1c<\/strong> <ul class=\"wp-block-list\"> <li>Vai tr\u00f2 c\u1ee7a n\u00f3 l\u00e0 gi\u1ea3m t\u1ed1c \u0111\u1ed9 \u0111\u1ed3ng th\u1eddi t\u0103ng m\u00f4-men xo\u1eafn \u0111\u1ea7u ra, \u0111\u1ed3ng th\u1eddi gi\u1ea3m qu\u00e1n t\u00ednh t\u1ea3i. <\/li>    <li>B\u1ed9 gi\u1ea3m t\u1ed1c c\u00f3 m\u00f4 h\u00ecnh th\u00f4ng th\u01b0\u1eddng v\u00e0 m\u00f4 h\u00ecnh t\u00f9y ch\u1ec9nh. C\u00e1c m\u1eabu c\u00f3 th\u1ec3 t\u00f9y ch\u1ec9nh ch\u1eafc ch\u1eafn \u0111\u1eaft h\u01a1n c\u00e1c m\u1eabu th\u00f4ng th\u01b0\u1eddng.<\/li> <\/ul> <\/li>    <li><strong>L\u01b0\u1ee1i m\u00e1y h\u1ee7y t\u00e0i li\u1ec7u<\/strong> <ul class=\"wp-block-list\"> <li>Trong qu\u00e1 tr\u00ecnh nghi\u1ec1n v\u1eadt li\u1ec7u, l\u01b0\u1ee1i dao l\u00e0 ph\u1ea7n c\u1ed1t l\u00f5i. Do \u0111\u00f3, \u0111\u1ed9 d\u00e0y, s\u1ed1 l\u01b0\u1ee3ng v\u00e0 ch\u1ea5t l\u01b0\u1ee3ng c\u1ee7a l\u01b0\u1ee1i dao \u1ea3nh h\u01b0\u1edfng \u0111\u1ebfn gi\u00e1 c\u1ee7a m\u00e1y.<\/li>    <li>N\u00f3i chung, l\u01b0\u1ee1i dao c\u00e0ng d\u00e0y v\u00e0 s\u1ed1 l\u01b0\u1ee3ng c\u00e0ng l\u1edbn th\u00ec m\u00e1y c\u00e0ng \u0111\u1eaft ti\u1ec1n.<\/li> <\/ul> <\/li> <\/ul>    <h2 class=\"wp-block-heading\"><strong>T\u1ea1i sao ch\u1ecdn m\u00e1y h\u1ee7y t\u00e0i li\u1ec7u hai tr\u1ee5c Shuliy l\u00e0 l\u1ef1a ch\u1ecdn h\u00e0ng \u0111\u1ea7u?<\/strong><\/h2>    <ul class=\"wp-block-list\"> <li><strong>Ch\u1ea5t l\u01b0\u1ee3ng thi\u1ebft b\u1ecb cao c\u1ea5p v\u00e0 b\u1ec1n b\u1ec9<\/strong> <ul class=\"wp-block-list\"> <li>M\u00e1y h\u1ee7y tr\u1ee5c \u0111\u00f4i Shuliy \u0111\u01b0\u1ee3c l\u00e0m b\u1eb1ng th\u00e9p c\u01b0\u1eddng \u0111\u1ed9 cao v\u00e0 \u0111\u01b0\u1ee3c trang b\u1ecb dao ch\u1ed1ng m\u00e0i m\u00f2n v\u00e0 \u0103n m\u00f2n.<\/li>    <li>Thi\u1ebft b\u1ecb c\u00f3 th\u1ec3 x\u1eed l\u00fd nhi\u1ec1u lo\u1ea1i v\u1eadt li\u1ec7u kh\u00e1c nhau (nh\u01b0 kim lo\u1ea1i ph\u1ebf li\u1ec7u, l\u1ed1p xe, v.v.) v\u1edbi \u0111\u1ed9 \u1ed5n \u0111\u1ecbnh tuy\u1ec7t v\u1eddi v\u00e0 tu\u1ed5i th\u1ecd d\u00e0i.<\/li> <\/ul> <\/li>    <li><strong>C\u00f4ng ngh\u1ec7 b\u0103m nh\u1ecf hi\u1ec7u qu\u1ea3 cao<\/strong> <ul class=\"wp-block-list\"> <li>M\u00e1y h\u1ee7y tr\u1ee5c k\u00e9p c\u1ee7a ch\u00fang t\u00f4i \u00e1p d\u1ee5ng thi\u1ebft k\u1ebf ti\u00ean ti\u1ebfn t\u1ed1c \u0111\u1ed9 ch\u1eadm v\u00e0 m\u00f4-men xo\u1eafn cao, c\u00f3 th\u1ec3 x\u1eed l\u00fd hi\u1ec7u qu\u1ea3 nhi\u1ec1u lo\u1ea1i v\u1eadt li\u1ec7u kh\u00f3 c\u1eaft nh\u1ecf. <\/li>    <li>N\u00f3 kh\u00f4ng ch\u1ec9 c\u00f3 hi\u1ec7u su\u1ea5t l\u00e0m vi\u1ec7c cao m\u00e0 c\u00f2n ti\u00eau th\u1ee5 n\u0103ng l\u01b0\u1ee3ng th\u1ea5p, gi\u00fap c\u1ea3i thi\u1ec7n \u0111\u00e1ng k\u1ec3 vi\u1ec7c thu h\u1ed3i t\u00e0i nguy\u00ean v\u00e0 x\u1eed l\u00fd ch\u1ea5t th\u1ea3i.<\/li> <\/ul> <\/li>    <li><strong>D\u1ecbch v\u1ee5 m\u1ed9t c\u1eeda chuy\u00ean nghi\u1ec7p<\/strong> <ul class=\"wp-block-list\"> <li>Shuliy cung c\u1ea5p d\u1ecbch v\u1ee5 tr\u1ecdn g\u00f3i t\u1eeb t\u01b0 v\u1ea5n tr\u01b0\u1edbc khi b\u00e1n h\u00e0ng \u0111\u1ebfn b\u1ea3o tr\u00ec sau b\u00e1n h\u00e0ng. <\/li>    <li>Ch\u00fang t\u00f4i c\u00f3 th\u1ec3 t\u00f9y ch\u1ec9nh c\u00e1c gi\u1ea3i ph\u00e1p m\u00e1y h\u1ee7y t\u00e0i li\u1ec7u theo nhu c\u1ea7u s\u1ea3n xu\u1ea5t c\u1ee5 th\u1ec3 c\u1ee7a b\u1ea1n, ch\u1eb3ng h\u1ea1n nh\u01b0 s\u1ed1 l\u01b0\u1ee1i, v\u1eadt li\u1ec7u l\u01b0\u1ee1i, \u0111i\u1ec7n \u00e1p, v.v.<\/li> <\/ul> <\/li>    <li><strong>H\u1ec7 th\u1ed1ng d\u1ecbch v\u1ee5 sau b\u00e1n h\u00e0ng ho\u00e0n ch\u1ec9nh<\/strong> <ul class=\"wp-block-list\"> <li>C\u00e1c d\u1ecbch v\u1ee5 h\u1eadu m\u00e3i k\u1ecbp th\u1eddi v\u00e0 chu \u0111\u00e1o, bao g\u1ed3m h\u01b0\u1edbng d\u1eabn l\u1eafp \u0111\u1eb7t v\u00e0 v\u1eadn h\u00e0nh, \u0111\u00e0o t\u1ea1o v\u1eadn h\u00e0nh, cung c\u1ea5p ph\u1ee5 t\u00f9ng v\u00e0 s\u1eeda ch\u1eefa l\u1ed7i, v.v.<\/li> <\/ul> <\/li> <\/ul>    <figure class=\"wp-block-gallery aligncenter has-nested-images columns-default is-cropped wp-block-gallery-6 is-layout-flex wp-block-gallery-is-layout-flex\"> <figure class=\"wp-block-image size-full\"><img loading=\"lazy\" decoding=\"async\" width=\"720\" height=\"540\" data-id=\"3556\" src=\"https:\/\/www.baler-machines.com\/wp-content\/uploads\/2024\/01\/double-shaft-shredder-machine-in-stock.webp\" alt=\"m\u00e1y h\u1ee7y hai tr\u1ee5c c\u00f3 s\u1eb5n\" class=\"wp-image-3556\" title=\"\"><figcaption class=\"wp-element-caption\">M\u00e1y h\u1ee7y t\u00e0i li\u1ec7u tr\u1ee5c \u0111\u00f4i c\u00f2n h\u00e0ng<\/figcaption><\/figure>    <figure class=\"wp-block-image size-large\"><img loading=\"lazy\" decoding=\"async\" width=\"720\" height=\"540\" data-id=\"3555\" src=\"https:\/\/www.baler-machines.com\/wp-content\/uploads\/2022\/08\/twin-shaft-shredder-manufacturer.webp\" alt=\"nh\u00e0 s\u1ea3n xu\u1ea5t m\u00e1y h\u1ee7y tr\u1ee5c \u0111\u00f4i\" class=\"wp-image-3555\" title=\"\"><figcaption class=\"wp-element-caption\">Nh\u00e0 s\u1ea3n xu\u1ea5t m\u00e1y h\u1ee7y t\u00e0i li\u1ec7u tr\u1ee5c \u0111\u00f4i<\/figcaption><\/figure> <\/figure>    <h2 class=\"wp-block-heading\"><strong>Li\u00ean h\u1ec7 v\u1edbi ch\u00fang t\u00f4i \u0111\u1ec3 b\u1eaft \u0111\u1ea7u kinh doanh t\u00e1i ch\u1ebf ch\u1ea5t th\u1ea3i c\u1ee7a b\u1ea1n!<\/strong><\/h2>    <p>B\u1eaft \u0111\u1ea7u kinh doanh t\u00e1i ch\u1ebf ch\u1ea5t th\u1ea3i c\u1ee7a b\u1ea1n v\u1edbi Shuliy! <\/p>    <p class=\"translation-block\">Ch\u00fang t\u00f4i cung c\u1ea5p gi\u1ea3i ph\u00e1p m\u1ed9t c\u1eeda cho thi\u1ebft b\u1ecb x\u1eed l\u00fd ch\u1ea5t th\u1ea3i, ch\u1eb3ng h\u1ea1n nh\u01b0 m\u00e1y h\u1ee7y hai tr\u1ee5c, <a href=\"https:\/\/www.baler-machines.com\/vi\/horizontal-metal-baler\/\">m\u00e1y \u00e9p kim lo\u1ea1i<\/a>, m\u00e1y c\u1eaft kim lo\u1ea1i, v.v.<\/p>    <p class=\"translation-block\">T\u1eeb <a href=\"https:\/\/en.wikipedia.org\/wiki\/Scrap\" target=\"_blank\" rel=\"noopener\">kim lo\u1ea1i ph\u1ebf li\u1ec7u<\/a> \u0111\u1ebfn l\u1ed1p xe cao su, ch\u00fang t\u00f4i c\u00f3 th\u1ec3 gi\u00fap b\u1ea1n chuy\u1ec3n \u0111\u1ed5i ch\u1ea5t th\u1ea3i th\u00e0nh t\u00e0i nguy\u00ean c\u00f3 gi\u00e1 tr\u1ecb m\u1ed9t c\u00e1ch hi\u1ec7u qu\u1ea3. H\u00e3y li\u00ean h\u1ec7 v\u1edbi ch\u00fang t\u00f4i ngay h\u00f4m nay \u0111\u1ec3 c\u00f3 m\u1ed9t c\u00e1ch th\u1ee9c kinh doanh xanh h\u01a1n!<\/p>","protected":false},"excerpt":{"rendered":"<p>M\u00e1y h\u1ee7y tr\u1ee5c \u0111\u00f4i (m\u00e1y h\u1ee7y tr\u1ee5c \u0111\u00f4i) chuy\u00ean b\u0103m nh\u1ecf c\u00e1c v\u1eadt li\u1ec7u kh\u00e1c nhau nh\u01b0 kim lo\u1ea1i, nh\u1ef1a, v.v. th\u00e0nh c\u00e1c h\u1ea1t nh\u1ecf \u0111\u1ec3 t\u00e1i ch\u1ebf.<\/p>","protected":false},"author":1,"featured_media":2476,"parent":0,"template":"","tags":[578,581,579,580,632],"product-type":[561],"class_list":["post-2448","product","type-product","status-publish","has-post-thumbnail","hentry","tag-double-shaft-shredder","tag-dual-shaft-shredder","tag-scrap-metal-crusher","tag-scrap-metal-shredder","tag-shredder","product-type-industrial-shredder"],"_links":{"self":[{"href":"https:\/\/www.baler-machines.com\/vi\/wp-json\/wp\/v2\/product\/2448","targetHints":{"allow":["GET"]}}],"collection":[{"href":"https:\/\/www.baler-machines.com\/vi\/wp-json\/wp\/v2\/product"}],"about":[{"href":"https:\/\/www.baler-machines.com\/vi\/wp-json\/wp\/v2\/types\/product"}],"author":[{"embeddable":true,"href":"https:\/\/www.baler-machines.com\/vi\/wp-json\/wp\/v2\/users\/1"}],"wp:featuredmedia":[{"embeddable":true,"href":"https:\/\/www.baler-machines.com\/vi\/wp-json\/wp\/v2\/media\/2476"}],"wp:attachment":[{"href":"https:\/\/www.baler-machines.com\/vi\/wp-json\/wp\/v2\/media?parent=2448"}],"wp:term":[{"taxonomy":"post_tag","embeddable":true,"href":"https:\/\/www.baler-machines.com\/vi\/wp-json\/wp\/v2\/tags?post=2448"},{"taxonomy":"product-type","embeddable":true,"href":"https:\/\/www.baler-machines.com\/vi\/wp-json\/wp\/v2\/product-type?post=2448"}],"curies":[{"name":"wp","href":"https:\/\/api.w.org\/{rel}","templated":true}]}}