{"id":1279,"date":"2021-12-28T05:56:30","date_gmt":"2021-12-28T05:56:30","guid":{"rendered":"https:\/\/www.baler-machines.com\/?p=1279"},"modified":"2022-09-28T11:02:12","modified_gmt":"2022-09-28T03:02:12","slug":"horizontal-waste-paper-baling-machine","status":"publish","type":"product","link":"https:\/\/www.baler-machines.com\/vi\/horizontal-waste-paper-baling-machine\/","title":{"rendered":"M\u00e1y \u0111\u00f3ng ki\u1ec7n gi\u1ea5y th\u1ea3i | M\u00e1y \u0111\u00f3ng ki\u1ec7n t\u00e1i ch\u1ebf"},"content":{"rendered":"<p>M\u00e1y \u0111\u00f3ng ki\u1ec7n gi\u1ea5y th\u1ea3i\u00a0c\u00f3 nhi\u1ec7m v\u1ee5 n\u00e9n t\u1ea5t c\u1ea3 c\u00e1c lo\u1ea1i gi\u1ea5y c\u00f3 th\u1ec3 t\u00e1i ch\u1ebf t\u1eeb tr\u1ea1ng th\u00e1i l\u1ed9n x\u1ed9n v\u00e0 r\u1eddi r\u1ea1c th\u00e0nh tr\u1ea1ng th\u00e1i \u0111\u1ec1u \u0111\u1eb7n v\u00e0 nh\u1ecf g\u1ecdn. M\u00e1y \u0111\u00f3ng ki\u1ec7n t\u00e1i ch\u1ebf\u00a0c\u00f3 th\u1ec3 ti\u1ebft ki\u1ec7m chi ph\u00ed l\u01b0u tr\u1eef v\u00e0 v\u1eadn chuy\u1ec3n trong qu\u00e1 tr\u00ecnh t\u00e1i ch\u1ebf r\u00e1c cho doanh nghi\u1ec7p, bao g\u1ed3m th\u00f9ng gi\u1ea5y, b\u00e1o th\u1ea3i, gi\u1ea5y \u0111\u00f3ng g\u00f3i c\u00f4ng nghi\u1ec7p th\u1ea3i, v.v., \u0111i\u1ec1u n\u00e0y c\u00f3 l\u1ee3i cho vi\u1ec7c t\u00e1i ch\u1ebf t\u00e0i nguy\u00ean r\u00e1c th\u1ea3i.\u00a0<\/p>    <p class=\"translation-block\">M\u00e1y \u00e9p ki\u1ec7n gi\u1ea5y ngang c\u00f2n \u0111\u01b0\u1ee3c g\u1ecdi l\u00e0 <a href=\"https:\/\/www.baler-machines.com\/vi\/automatic-horizontal-baler\/\">m\u00e1y \u00e9p ngang<\/a> c\u00f3 \u0111\u1eb7c \u0111i\u1ec3m \u0111a ch\u1ee9c n\u0103ng, s\u1ea3n l\u01b0\u1ee3ng l\u1edbn, hi\u1ec7u qu\u1ea3 cao v\u00e0 an to\u00e0n. N\u1ebfu b\u1ea1n quan t\u00e2m, vui l\u00f2ng li\u00ean h\u1ec7 <\/p>    <h2 class=\"wp-block-heading\" id=\"h-why-do-you-need-a-waste-paper-baling-machine\">T\u1ea1i sao b\u1ea1n c\u1ea7n m\u1ed9t m\u00e1y \u0111\u00f3ng ki\u1ec7n gi\u1ea5y th\u1ea3i?<\/h2>    <p class=\"translation-block\">S\u1ef1 ph\u00e1t tri\u1ec3n c\u1ee7a mua s\u1eafm \u0111\u00e3 l\u00e0m t\u0103ng \u0111\u00e1ng k\u1ec3 cung v\u00e0 c\u1ea7u h\u00e0ng h\u00f3a. \u0110i\u1ec1u n\u00e0y khi\u1ebfn c\u00e1c doanh nghi\u1ec7p l\u1edbn \u0111au \u0111\u1ea7u v\u1edbi m\u1ed9t s\u1ed1 v\u1ea5n \u0111\u1ec1 x\u1eed l\u00fd v\u1eadt li\u1ec7u nh\u1ecf v\u00e0 l\u1edbn nh\u01b0 b\u00eca x\u1ed1p v\u00e0 carton c\u0169. \u0110\u1ed3ng th\u1eddi, m\u1ed9t s\u1ed1 doanh nh\u00e2n tham gia v\u00e0o l\u0129nh v\u1ef1c <a href=\"https:\/\/en.wikipedia.org\/wiki\/Recycling\" target=\"_blank\" rel=\"noreferrer noopener\">t\u00e1i ch\u1ebf<\/a> ch\u1ea5t th\u1ea3i \u0111\u00e3 nh\u00ecn th\u1ea5y c\u01a1 h\u1ed9i. <\/p>    <h3 class=\"wp-block-heading\"><strong>M\u1ed9t s\u1ed1 v\u1ea5n \u0111\u1ec1 l\u1edbn do ch\u1ea5t th\u1ea3i g\u00e2y ra<\/strong><\/h3>    <ol class=\"wp-block-list\" type=\"1\"><li>Gi\u1ea5y th\u1ea3i chi\u1ebfm m\u1ed9t kh\u00f4ng gian l\u1edbn<\/li><li>X\u1eed l\u00fd\u00a0c\u00e1c th\u00f9ng carton ho\u1eb7c chai nh\u1ef1a x\u1ebfp ch\u1ed3ng l\u00ean nhau\u00a0t\u1ed1n nhi\u1ec1u c\u00f4ng s\u1ee9c v\u00e0 th\u1eddi gian<\/li><li>Ph\u00ed x\u1eed l\u00fd r\u00e1c th\u1ea3i \u0111\u1eaft \u0111\u1ecf<\/li><\/ol>    <h3 class=\"wp-block-heading\"><strong>L\u1ee3i \u00edch c\u1ee7a vi\u1ec7c s\u1eed d\u1ee5ng m\u00e1y \u0111\u00f3ng ki\u1ec7n b\u00eca c\u1ee9ng \u0111\u1ec3 b\u00e1n<\/strong><\/h3>    <p>Tuy nhi\u00ean, gi\u1ea5y th\u1ea3i c\u00f3 th\u1ec3 mang l\u1ea1i l\u1ee3i \u00edch n\u1ebfu \u0111\u01b0\u1ee3c t\u00e1i ch\u1ebf. Gi\u1ea5y th\u1ea3i n\u00e9n ti\u1ebft ki\u1ec7m kh\u00f4ng gian v\u00e0 thu\u1eadn ti\u1ec7n cho vi\u1ec7c v\u1eadn chuy\u1ec3n \u0111\u1ec3 x\u1eed l\u00fd. Gi\u1ea5y th\u1ea3i c\u00f3 th\u1ec3 \u0111\u01b0\u1ee3c s\u1eed d\u1ee5ng \u0111\u1ec3 s\u1ea3n xu\u1ea5t c\u00e1c s\u1ea3n ph\u1ea9m gi\u1ea5y t\u00e1i ch\u1ebf. Theo c\u00e1c th\u00e0nh ph\u1ea7n s\u1ee3i kh\u00e1c nhau, vi\u1ec7c t\u00e1i ch\u1ebf t\u01b0\u01a1ng \u1ee9ng theo lo\u1ea1i gi\u1ea5y c\u00f3 th\u1ec3 ph\u00e1t huy h\u1ebft gi\u00e1 tr\u1ecb t\u00e0i nguy\u00ean. Ngo\u00e0i vi\u1ec7c s\u1ea3n xu\u1ea5t gi\u1ea5y t\u00e1i ch\u1ebf, gi\u1ea5y th\u1ea3i c\u00f2n c\u00f3 nh\u1eefng \u1ee9ng d\u1ee5ng t\u00e1i ch\u1ebf r\u1ed9ng r\u00e3i kh\u00e1c. V\u00ec v\u1eady, m\u00e1y \u0111\u00f3ng ki\u1ec7n gi\u1ea5y th\u1ea3i \u0111\u00f3ng m\u1ed9t vai tr\u00f2 trong ng\u00e0nh t\u00e1i ch\u1ebf.<\/p>   <div class=\"wp-block-image\"> <figure class=\"aligncenter size-full\"><img loading=\"lazy\" decoding=\"async\" width=\"720\" height=\"540\" src=\"https:\/\/www.baler-machines.com\/wp-content\/uploads\/2021\/12\/waste-paper-baler-machine-1.jpg\" alt=\"m\u00e1y \u0111\u00f3ng ki\u1ec7n gi\u1ea5y th\u1ea3i 1\" class=\"wp-image-1288\" title=\"\"><figcaption>m\u00e1y \u0111\u00f3ng ki\u1ec7n gi\u1ea5y th\u1ea3i <\/figcaption><\/figure> <\/div>   <h2 class=\"wp-block-heading\"><strong>C\u00e1c \u1ee9ng d\u1ee5ng c\u1ee7a m\u00e1y \u0111\u00f3ng ki\u1ec7n t\u00e1i ch\u1ebf l\u00e0 g\u00ec?<\/strong><\/h2>    <p>M\u00e1y \u00e9p ho\u00e0n to\u00e0n t\u1ef1 \u0111\u1ed9ng n\u00e0y kh\u00f4ng ch\u1ec9 c\u00f3 th\u1ec3 \u00e9p gi\u1ea5y th\u1ea3i m\u00e0 c\u00f2n \u00e9p th\u00f9ng carton, l\u1ed1p xe, lon nh\u00f4m, v.v. N\u1ebfu b\u1ea1n mu\u1ed1n mua m\u00e1y \u00e9p gi\u1ea5y th\u1ea3i ngay b\u00e2y gi\u1edd v\u00e0 kh\u00f4ng bi\u1ebft li\u1ec7u v\u1eadt li\u1ec7u c\u1ee7a b\u1ea1n c\u00f3 th\u1ec3 \u0111\u01b0\u1ee3c \u00e9p hay kh\u00f4ng, vui l\u00f2ng li\u00ean h\u1ec7 v\u1edbi ch\u00fang t\u00f4i ngay l\u1eadp t\u1ee9c. Nh\u00e2n vi\u00ean b\u00e1n h\u00e0ng c\u1ee7a ch\u00fang t\u00f4i s\u1ebd cung c\u1ea5p cho b\u1ea1n c\u00e2u tr\u1ea3 l\u1eddi chi ti\u1ebft theo y\u00eau c\u1ea7u c\u1ee7a b\u1ea1n.<\/p>   <div class=\"wp-block-image\"> <figure class=\"aligncenter size-full\"><img loading=\"lazy\" decoding=\"async\" width=\"540\" height=\"540\" src=\"https:\/\/www.baler-machines.com\/wp-content\/uploads\/2022\/08\/waste-paper-baling-machine-applications.webp\" alt=\"\u1ee9ng d\u1ee5ng m\u00e1y \u0111\u00f3ng ki\u1ec7n gi\u1ea5y th\u1ea3i\" class=\"wp-image-2625\" title=\"\"><figcaption>\u1ee9ng d\u1ee5ng m\u00e1y \u0111\u00f3ng ki\u1ec7n gi\u1ea5y th\u1ea3i<\/figcaption><\/figure> <\/div>   <h2 class=\"wp-block-heading\" id=\"h-advantages-of-the-fully-automatic-recycle-baler\"><strong>\u01afu \u0111i\u1ec3m c\u1ee7a m\u00e1y \u0111\u00f3ng ki\u1ec7n t\u00e1i ch\u1ebf ho\u00e0n to\u00e0n t\u1ef1 \u0111\u1ed9ng <\/strong><\/h2>    <ol class=\"wp-block-list\"><li>M\u00e1y \u00e9p ki\u1ec7n gi\u1ea5y th\u1ea3i s\u1eed d\u1ee5ng \u00e1p su\u1ea5t th\u1ee7y l\u1ef1c cao t\u1edbi 10 t\u1ea5n ho\u1eb7c h\u01a1n \u0111\u1ec3 n\u00e9n v\u1eadt li\u1ec7u.<\/li><li>M\u00e1y \u0111\u00f3ng ki\u1ec7n nh\u1ef1a th\u1ee7y l\u1ef1c c\u00f3 th\u1ec3 \u0111\u01b0\u1ee3c trang b\u1ecb b\u0103ng t\u1ea3i v\u00e0 m\u00e1y x\u00e2u ren \u0111\u1ec3 \u0111\u1ea1t m\u1ee9c \u0111\u1ed9 t\u1ef1 \u0111\u1ed9ng h\u00f3a cao.<\/li><li>Ho\u1ea1t \u0111\u1ed9ng d\u1ec5 d\u00e0ng. V\u1edbi m\u00e1y \u0111\u00f3ng ki\u1ec7n gi\u1ea5y v\u1ee5n, b\u1ea1n ch\u1ec9 c\u1ea7n v\u1ee9t gi\u1ea5y v\u1ee5n v\u00e0o c\u1ed5ng c\u1ea5p gi\u1ea5y cho \u0111\u1ebfn khi \u0111\u1ea7y, sau \u0111\u00f3 d\u00f9ng m\u00e1y n\u00e9n l\u1ea1i s\u1ebd \u0111\u01b0\u1ee3c m\u1ed9t b\u00f3 ki\u1ec7n gi\u1ea5y th\u00f4ng th\u01b0\u1eddng.<\/li><li>So v\u1edbi kh\u1ed1i l\u01b0\u1ee3ng ban \u0111\u1ea7u c\u1ee7a v\u1eadt li\u1ec7u, kh\u00f4ng gian chi\u1ebfm d\u1ee5ng gi\u1ea3m \u0111i 80%.<\/li><li>\u1ee8ng d\u1ee5ng r\u1ed9ng r\u00e3i. M\u00e1y \u0111\u00f3ng ki\u1ec7n gi\u1ea5y th\u1ea3i c\u00f3 th\u1ec3 \u0111\u01b0\u1ee3c s\u1eed d\u1ee5ng cho nhi\u1ec1u m\u1ee5c \u0111\u00edch, c\u00f3 kh\u1ea3 n\u0103ng x\u1eed l\u00fd nhi\u1ec1u v\u1eadt li\u1ec7u kh\u00e1c trong cu\u1ed9c s\u1ed1ng h\u00e0ng ng\u00e0y, nh\u01b0 l\u1ed1p xe, chai nh\u1ef1a, c\u1ecf kh\u00f4, th\u1ee9c \u0103n gia s\u00fac, b\u00f4ng, len, m\u00f9n c\u01b0a, qu\u1ea7n \u00e1o v\u00e0 t\u00fai d\u1ec7t.<\/li><\/ol>    <figure class=\"wp-block-gallery aligncenter has-nested-images columns-default is-cropped wp-block-gallery-2 is-layout-flex wp-block-gallery-is-layout-flex\"> <figure class=\"wp-block-image size-large\"><img loading=\"lazy\" decoding=\"async\" width=\"540\" height=\"540\" data-id=\"2630\" src=\"https:\/\/www.baler-machines.com\/wp-content\/uploads\/2022\/08\/hydraulic-push-pod-for-the-recycle-baler.webp\" alt=\"hydraulic-push-pod-for-the-recycle-baler\" class=\"wp-image-2630\" title=\"\"><figcaption>Pod \u0111\u1ea9y th\u1ee7y l\u1ef1c cho m\u00e1y \u0111\u00f3ng ki\u1ec7n t\u00e1i ch\u1ebf<\/figcaption><\/figure>    <figure class=\"wp-block-image size-large\"><img loading=\"lazy\" decoding=\"async\" width=\"540\" height=\"540\" data-id=\"2629\" src=\"https:\/\/www.baler-machines.com\/wp-content\/uploads\/2022\/08\/paper-baler-manufacturer.webp\" alt=\"nh\u00e0 s\u1ea3n xu\u1ea5t m\u00e1y \u00e9p gi\u1ea5y\" class=\"wp-image-2629\" title=\"\"><figcaption>Nh\u00e0 s\u1ea3n xu\u1ea5t m\u00e1y \u0111\u00f3ng ki\u1ec7n gi\u1ea5y<\/figcaption><\/figure> <\/figure>    <h2 class=\"wp-block-heading\" id=\"h-working-principle-of-automatic-paper-baler\"><strong>Nguy\u00ean l\u00fd ho\u1ea1t \u0111\u1ed9ng c\u1ee7a m\u00e1y \u0111\u00f3ng ki\u1ec7n gi\u1ea5y t\u1ef1 \u0111\u1ed9ng<\/strong><\/h2>    <p>M\u00e1y \u0111\u00f3ng ki\u1ec7n gi\u1ea5y th\u1ea3i n\u00e0y s\u1eed d\u1ee5ng xi lanh th\u1ee7y l\u1ef1c \u0111\u1ec3 n\u00e9n v\u1eadt li\u1ec7u. <\/p>    <p>Trong qu\u00e1 tr\u00ecnh v\u1eadn h\u00e0nh, chuy\u1ec3n \u0111\u1ed9ng quay c\u1ee7a \u0111\u1ed9ng c\u01a1 l\u00e0m cho b\u01a1m d\u1ea7u ho\u1ea1t \u0111\u1ed9ng, \u1ed1ng d\u1ea7u th\u1ee7y l\u1ef1c t\u1eeb th\u00f9ng d\u1ea7u \u0111\u01b0\u1ee3c v\u1eadn chuy\u1ec3n v\u00e0 truy\u1ec1n \u0111\u1ebfn t\u1eebng xi lanh th\u1ee7y l\u1ef1c. D\u1eabn \u0111\u1ed9ng c\u1ea7n piston c\u1ee7a xi lanh d\u1ea7u di chuy\u1ec3n ngang r\u1ed3i n\u00e9n c\u00e1c lo\u1ea1i b\u00eca c\u1ee9ng trong th\u00f9ng ph\u1ebf li\u1ec7u. Sau qu\u00e1 tr\u00ecnh x\u00e2u chu\u1ed7i, gi\u1ea5y th\u1ea3i ho\u1eb7c b\u00eca c\u1ee9ng \u0111\u01b0\u1ee3c \u0111\u1ea9y ra ngo\u00e0i qua xi lanh n\u00e9n.<\/p>   <div class=\"wp-block-image\"> <figure class=\"aligncenter size-full\"><img loading=\"lazy\" decoding=\"async\" width=\"720\" height=\"540\" src=\"https:\/\/www.baler-machines.com\/wp-content\/uploads\/2021\/12\/waste-paper-baling-machine-2.jpg\" alt=\"m\u00e1y \u00e9p gi\u1ea5y th\u1ea3i 2\" class=\"wp-image-1300\" title=\"\"><figcaption>c\u1ea3nh l\u00e0m vi\u1ec7c c\u1ee7a m\u00e1y \u0111\u00f3ng ki\u1ec7n gi\u1ea5y th\u1ea3i<\/figcaption><\/figure> <\/div>   <p>\u0110\u1ec3 bi\u1ebft th\u00eam chi ti\u1ebft v\u1ec1 m\u00e1y, vui l\u00f2ng cho ch\u00fang t\u00f4i bi\u1ebft y\u00eau c\u1ea7u c\u1ee5 th\u1ec3 c\u1ee7a b\u1ea1n.<\/p>    <h2 class=\"wp-block-heading\" id=\"h-technical-parameters-of-the-waste-paper-baling-machine\"><strong>Th\u00f4ng s\u1ed1 k\u1ef9 thu\u1eadt c\u1ee7a m\u00e1y \u0111\u00f3ng ki\u1ec7n gi\u1ea5y th\u1ea3i<\/strong><\/h2>    <figure class=\"wp-block-table\"><table><tbody><tr><td>Ng\u01b0\u1eddi m\u1eabu<\/td><td>SL13-20<\/td><td>SL10-14<\/td><\/tr><tr><td>K\u00edch th\u01b0\u1edbc ki\u1ec7n<br>(L\u00d7W\u00d7H)<\/td><td>1600\u00d71100\u00d71250mm<br>Chi\u1ec1u d\u00e0i c\u00f3 th\u1ec3 \u0111i\u1ec1u ch\u1ec9nh<\/td><td>1600\u00d71100\u00d7850mm<br>Chi\u1ec1u d\u00e0i c\u00f3 th\u1ec3 \u0111i\u1ec1u ch\u1ec9nh<\/td><\/tr><tr><td>Xi lanh<\/td><td>\u03a6280<\/td><td>\u03a6250<\/td><\/tr><tr><td>L\u1ef1c \u00e9p<\/td><td>1200KN<\/td><td>1000KN<\/td><\/tr><tr><td>Th\u1eddi gian chu k\u1ef3<\/td><td>24 gi\u00e2y<\/td><td>24 gi\u00e2y<\/td><\/tr><tr><td>T\u1ec9 tr\u1ecdng<\/td><td>450-500kg\/m\u00b3<\/td><td>500-550kg\/m\u00b3<\/td><\/tr><tr><td>Tr\u1ecdng l\u01b0\u1ee3ng ki\u1ec7n<\/td><td>900-1000kg\/ki\u1ec7n<\/td><td>750\u00b150kg\/ki\u1ec7n<\/td><\/tr><tr><td>Dung t\u00edch<\/td><td>13-20t\/gi\u1edd<\/td><td>10-14t\/gi\u1edd<\/td><\/tr><tr><td>M\u1edf ngu\u1ed3n c\u1ea5p d\u1eef li\u1ec7u<\/td><td>2000\u00d71100mm<\/td><td>2000\u00d71100mm<\/td><\/tr><tr><td>D\u00e2y \u0111i\u1ec7n<\/td><td>5 d\u00f2ng<\/td><td>4 d\u00f2ng<\/td><\/tr><tr><td>Quy\u1ec1n l\u1ef1c<\/td><td>45 \u00d7 2 b\u1ed9+5,5+7,5kW<\/td><td>37 \u00d7 2 b\u1ed9+5,5+7,5kW<br><\/td><\/tr><tr><td>Tr\u1ecdng l\u01b0\u1ee3ng m\u00e1y<\/td><td>28T<\/td><td>25T<\/td><\/tr><tr><td>Nguy\u00ean v\u1eadt li\u1ec7u<\/td><td>Gi\u1ea5y th\u1ea3i, b\u00eca c\u1ee9ng, b\u00e1o, t\u1ea1p ch\u00ed, kh\u0103n gi\u1ea5y, nh\u1ef1a, v.v.<br>&nbsp;<\/td><td>Gi\u1ea5y th\u1ea3i, b\u00eca c\u1ee9ng, b\u00e1o, t\u1ea1p ch\u00ed, kh\u0103n gi\u1ea5y, nh\u1ef1a, v.v.<\/td><\/tr><\/tbody><\/table><\/figure>","protected":false},"excerpt":{"rendered":"<p>M\u00e1y \u00e9p gi\u1ea5y ph\u1ebf li\u1ec7u c\u00f3 ch\u1ee9c n\u0103ng n\u00e9n t\u1ea5t c\u1ea3 c\u00e1c lo\u1ea1i gi\u1ea5y t\u00e1i ch\u1ebf t\u1eeb tr\u1ea1ng th\u00e1i l\u1ed9n x\u1ed9n v\u00e0 r\u1eddi r\u1ea1c th\u00e0nh tr\u1ea1ng th\u00e1i g\u1ecdn g\u00e0ng v\u00e0 ch\u1eafc ch\u1eafn. M\u00e1y \u00e9p gi\u1ea5y ph\u1ebf li\u1ec7u c\u00f3 th\u1ec3 ti\u1ebft ki\u1ec7m chi ph\u00ed l\u01b0u tr\u1eef v\u00e0 v\u1eadn chuy\u1ec3n trong vi\u1ec7c t\u00e1i ch\u1ebf r\u00e1c th\u1ea3i cho c\u00e1c doanh nghi\u1ec7p, bao g\u1ed3m c\u00e1c th\u00f9ng carton ph\u1ebf th\u1ea3i, b\u00e1o ph\u1ebf th\u1ea3i, gi\u1ea5y bao b\u00ec c\u00f4ng nghi\u1ec7p ph\u1ebf th\u1ea3i, v.v., \u0111i\u1ec1u n\u00e0y c\u00f3 l\u1ee3i cho vi\u1ec7c t\u00e1i ch\u1ebf t\u00e0i nguy\u00ean ph\u1ebf th\u1ea3i.\u00a0<\/p>","protected":false},"author":1,"featured_media":2639,"parent":0,"template":"","tags":[539,593,574,573,592],"product-type":[563],"class_list":["post-1279","product","type-product","status-publish","has-post-thumbnail","hentry","tag-horizontal-baler","tag-paper-baler","tag-recycle-baler","tag-recycling-baler","tag-waste-paper-baling-machine","product-type-baler-machine"],"_links":{"self":[{"href":"https:\/\/www.baler-machines.com\/vi\/wp-json\/wp\/v2\/product\/1279","targetHints":{"allow":["GET"]}}],"collection":[{"href":"https:\/\/www.baler-machines.com\/vi\/wp-json\/wp\/v2\/product"}],"about":[{"href":"https:\/\/www.baler-machines.com\/vi\/wp-json\/wp\/v2\/types\/product"}],"author":[{"embeddable":true,"href":"https:\/\/www.baler-machines.com\/vi\/wp-json\/wp\/v2\/users\/1"}],"wp:featuredmedia":[{"embeddable":true,"href":"https:\/\/www.baler-machines.com\/vi\/wp-json\/wp\/v2\/media\/2639"}],"wp:attachment":[{"href":"https:\/\/www.baler-machines.com\/vi\/wp-json\/wp\/v2\/media?parent=1279"}],"wp:term":[{"taxonomy":"post_tag","embeddable":true,"href":"https:\/\/www.baler-machines.com\/vi\/wp-json\/wp\/v2\/tags?post=1279"},{"taxonomy":"product-type","embeddable":true,"href":"https:\/\/www.baler-machines.com\/vi\/wp-json\/wp\/v2\/product-type?post=1279"}],"curies":[{"name":"wp","href":"https:\/\/api.w.org\/{rel}","templated":true}]}}