{"id":1089,"date":"2021-12-03T03:16:02","date_gmt":"2021-12-03T03:16:02","guid":{"rendered":"https:\/\/www.baler-machines.com\/?p=1089"},"modified":"2024-07-19T09:07:37","modified_gmt":"2024-07-19T01:07:37","slug":"metal-shear-machine","status":"publish","type":"product","link":"https:\/\/www.baler-machines.com\/vi\/metal-shear-machine\/","title":{"rendered":"M\u00e1y c\u1eaft kim lo\u1ea1i \u0111\u1ec3 c\u1eaft ph\u1ebf li\u1ec7u"},"content":{"rendered":"<p class=\"translation-block\">M\u00e1y c\u1eaft kim lo\u1ea1i Shuliy, c\u00f2n \u0111\u01b0\u1ee3c g\u1ecdi l\u00e0 \u201cm\u00e1y c\u1eaft \u0111\u1ea7u h\u1ed5\u201d, d\u00f9ng \u0111\u1ec3 c\u1eaft ph\u1ebf li\u1ec7u kim lo\u1ea1i nh\u01b0 v\u1eadt li\u1ec7u th\u00e9p nh\u1eb9, \u1ed1ng \u0111\u1ed3ng, t\u1ea5m s\u1eaft, v.v. th\u00e0nh k\u00edch th\u01b0\u1edbc y\u00eau c\u1ea7u. M\u00e1y c\u00f3 th\u1ec3 c\u1eaft ph\u1ebf li\u1ec7u kim lo\u1ea1i 5-8 l\u1ea7n m\u1ed7i ph\u00fat, c\u00f3 th\u1ec3 \u0111i\u1ec1u ch\u1ec9nh \u0111\u01b0\u1ee3c. <\/p>    <p>M\u00e1y c\u1eaft kim lo\u1ea1i th\u1ee7y l\u1ef1c c\u1ee7a ch\u00fang t\u00f4i c\u00f3 chi\u1ec1u r\u1ed9ng l\u00e0m vi\u1ec7c l\u00e0 1m v\u00e0 1,2m (k\u00edch th\u01b0\u1edbc l\u01b0\u1ee1i c\u1eaft). Ch\u00fang t\u00f4i c\u0169ng c\u00f3 th\u1ec3 t\u00f9y ch\u1ec9nh n\u00f3 \u0111\u1ec3 \u0111\u00e1p \u1ee9ng nhu c\u1ea7u c\u1ee7a b\u1ea1n. <\/p>    <p>M\u00e1y n\u00e0y c\u00f3 hai l\u01b0\u1ee1i dao, m\u1ed9t l\u01b0\u1ee1i \u0111\u1ec3 \u00e9p kim lo\u1ea1i ph\u1ebf li\u1ec7u v\u00e0 m\u1ed9t l\u01b0\u1ee1i kh\u00e1c \u0111\u1ec3 c\u1eaft ph\u1ebf li\u1ec7u. \u0110\u1ec3 c\u1eaft kim lo\u1ea1i thu\u1eadn ti\u1ec7n, b\u1ed9 c\u1ea5p x\u00edch l\u00e0 t\u00f9y ch\u1ecdn. <\/p>    <figure class=\"wp-block-gallery aligncenter has-nested-images columns-default is-cropped wp-block-gallery-2 is-layout-flex wp-block-gallery-is-layout-flex\"> <figure class=\"wp-block-image size-full\"><img loading=\"lazy\" decoding=\"async\" width=\"540\" height=\"540\" data-id=\"1114\" src=\"https:\/\/www.baler-machines.com\/wp-content\/uploads\/2021\/12\/Scrap-metal-shearing-machine.jpg\" alt=\"M\u00e1y c\u1eaft kim lo\u1ea1i ph\u1ebf li\u1ec7u\" class=\"wp-image-1114\" title=\"\" srcset=\"https:\/\/www.baler-machines.com\/wp-content\/uploads\/2021\/12\/Scrap-metal-shearing-machine.jpg 540w, https:\/\/www.baler-machines.com\/wp-content\/uploads\/2021\/12\/Scrap-metal-shearing-machine-120x120.jpg 120w\" sizes=\"auto, (max-width: 540px) 100vw, 540px\" \/><figcaption class=\"wp-element-caption\">M\u00e1y c\u1eaft kim lo\u1ea1i ph\u1ebf li\u1ec7u<\/figcaption><\/figure>    <figure class=\"wp-block-image size-full\"><img loading=\"lazy\" decoding=\"async\" width=\"540\" height=\"540\" data-id=\"1113\" src=\"https:\/\/www.baler-machines.com\/wp-content\/uploads\/2021\/12\/Sheet-metal-shearing-machine.jpg\" alt=\"M\u00e1y c\u1eaft kim lo\u1ea1i t\u1ea5m\" class=\"wp-image-1113\" title=\"\" srcset=\"https:\/\/www.baler-machines.com\/wp-content\/uploads\/2021\/12\/Sheet-metal-shearing-machine.jpg 540w, https:\/\/www.baler-machines.com\/wp-content\/uploads\/2021\/12\/Sheet-metal-shearing-machine-120x120.jpg 120w\" sizes=\"auto, (max-width: 540px) 100vw, 540px\" \/><figcaption class=\"wp-element-caption\">M\u00e1y c\u1eaft kim lo\u1ea1i t\u1ea5m<\/figcaption><\/figure>    <figure class=\"wp-block-image size-full\"><img loading=\"lazy\" decoding=\"async\" width=\"540\" height=\"540\" data-id=\"1112\" src=\"https:\/\/www.baler-machines.com\/wp-content\/uploads\/2021\/12\/Metal-shearing-machine.jpg\" alt=\"M\u00e1y c\u1eaft kim lo\u1ea1i\" class=\"wp-image-1112\" title=\"\" srcset=\"https:\/\/www.baler-machines.com\/wp-content\/uploads\/2021\/12\/Metal-shearing-machine.jpg 540w, https:\/\/www.baler-machines.com\/wp-content\/uploads\/2021\/12\/Metal-shearing-machine-120x120.jpg 120w\" sizes=\"auto, (max-width: 540px) 100vw, 540px\" \/><figcaption class=\"wp-element-caption\">M\u00e1y c\u1eaft kim lo\u1ea1i<\/figcaption><\/figure> <\/figure>    <p>M\u00e1y c\u1eaft kim lo\u1ea1i th\u1ee7y l\u1ef1c c\u1ee7a ch\u00fang t\u00f4i r\u1ea5t \u0111\u01b0\u1ee3c \u01b0a chu\u1ed9ng v\u00ec \u1ee9ng d\u1ee5ng c\u1eaft m\u1ea1nh m\u1ebd, v\u1eadn h\u00e0nh an to\u00e0n v\u00e0 \u0111\u01a1n gi\u1ea3n, c\u1eaft li\u00ean t\u1ee5c v\u00e0 hi\u1ec7u qu\u1ea3 s\u1ea3n xu\u1ea5t cao.<\/p>    <p>N\u1ebfu b\u1ea1n \u0111ang t\u00ecm ki\u1ebfm m\u1ed9t gi\u1ea3i ph\u00e1p cho ph\u1ebf li\u1ec7u nh\u01b0 \u1ed1ng th\u00e9p, m\u00e1y c\u1eaft kim lo\u1ea1i n\u00e0y l\u00e0 l\u1ef1a ch\u1ecdn l\u00fd t\u01b0\u1edfng c\u1ee7a b\u1ea1n.<\/p>    <figure class=\"wp-block-embed is-type-video is-provider-youtube wp-block-embed-youtube wp-embed-aspect-16-9 wp-has-aspect-ratio\"><div class=\"wp-block-embed__wrapper\"> <iframe loading=\"lazy\" title=\"M\u00e1y c\u1eaft kim lo\u1ea1i hi\u1ec7u qu\u1ea3 c\u00f3 th\u1ec3 c\u1eaft nh\u00f4m, t\u1ea5m s\u1eaft v\u00e0 \u1ed1ng \u0111\u1ed3ng! C\u1eaft ph\u1ebf li\u1ec7u\" width=\"500\" height=\"281\" src=\"https:\/\/www.youtube.com\/embed\/1-DmsYuy4vM?feature=oembed\" frameborder=\"0\" allow=\"accelerometer; autoplay; clipboard-write; encrypted-media; gyroscope; picture-in-picture; web-share\" referrerpolicy=\"strict-origin-when-cross-origin\" allowfullscreen><\/iframe> <\/div><figcaption class=\"wp-element-caption\">video c\u1eaft kim lo\u1ea1i th\u1ee7y l\u1ef1c \u0111\u1ec3 c\u1eaft ch\u1ea5t th\u1ea3i<\/figcaption><\/figure>    <h2 class=\"wp-block-heading\"><strong>Ph\u1ebf li\u1ec7u kim lo\u1ea1i c\u1ea7n c\u1eaft v\u00e0 \u1ee9ng d\u1ee5ng c\u1ee7a m\u00e1y c\u1eaft kim lo\u1ea1i<\/strong><\/h2>    <p>M\u00e1y c\u1eaft kim lo\u1ea1i c\u1ee7a ch\u00fang t\u00f4i c\u00f3 th\u1ec3 c\u1eaft \u0111\u01b0\u1ee3c nhi\u1ec1u lo\u1ea1i ph\u1ebf li\u1ec7u kim lo\u1ea1i kh\u00e1c nhau nh\u01b0:<\/p>    <p class=\"translation-block\"><strong>Th\u00e9p tr\u00f2n, th\u00e9p vu\u00f4ng, th\u00e9p k\u00eanh, th\u00e9p g\u00f3c, d\u1ea7m, t\u1ea5m, \u1ed1ng th\u00e9p, t\u1ea5m th\u00e9p, th\u00e9p h\u00ecnh ch\u1eef I,<\/strong> <strong>kh\u1ed1i nh\u00f4m, t\u1ea5m s\u1eaft, \u1ed1ng \u0111\u1ed3ng,<\/strong> v.v.<\/p>   <div class=\"wp-block-image\"> <figure class=\"aligncenter size-full\"><img loading=\"lazy\" decoding=\"async\" width=\"720\" height=\"540\" src=\"https:\/\/www.baler-machines.com\/wp-content\/uploads\/2021\/12\/applications-of-metal-shearing-machine.webp\" alt=\"\u1ee9ng d\u1ee5ng c\u1ee7a m\u00e1y c\u1eaft kim lo\u1ea1i\" class=\"wp-image-3681\" title=\"\" srcset=\"https:\/\/www.baler-machines.com\/wp-content\/uploads\/2021\/12\/applications-of-metal-shearing-machine.webp 720w, https:\/\/www.baler-machines.com\/wp-content\/uploads\/2021\/12\/applications-of-metal-shearing-machine-16x12.webp 16w\" sizes=\"auto, (max-width: 720px) 100vw, 720px\" \/><figcaption class=\"wp-element-caption\">\u1ee9ng d\u1ee5ng c\u1ee7a m\u00e1y c\u1eaft kim lo\u1ea1i<\/figcaption><\/figure> <\/div>   <p>Sau khi bi\u1ebft m\u00e1y c\u1eaft kim lo\u1ea1i th\u1ee7y l\u1ef1c \u0111\u1ea7u h\u1ed5 c\u00f3 th\u1ec3 c\u1eaft \u0111\u01b0\u1ee3c kim lo\u1ea1i n\u00e0o th\u00ec nh\u1eefng n\u01a1i, ng\u00e0nh n\u00e0o s\u1eed d\u1ee5ng?<\/p>    <p>Lo\u1ea1i m\u00e1y c\u1eaft kim lo\u1ea1i n\u00e0y \u0111\u01b0\u1ee3c s\u1eed d\u1ee5ng r\u1ed9ng r\u00e3i trong:<\/p>    <ul class=\"wp-block-list\"> <li>Tr\u1ea1m t\u00e1i ch\u1ebf v\u00e0 x\u1eed l\u00fd kim lo\u1ea1i ph\u1ebf li\u1ec7u<\/li>    <li>Nh\u00e0 m\u00e1y s\u1eaft th\u00e9p<\/li>    <li>C\u00f4ng nghi\u1ec7p luy\u1ec7n kim<\/li>    <li>Trung t\u00e2m t\u00e1i ch\u1ebf ph\u1ebf li\u1ec7u quy m\u00f4 l\u1edbn<\/li> <\/ul>    <h2 class=\"wp-block-heading\"><strong>\u01afu \u0111i\u1ec3m c\u1ee7a m\u00e1y c\u1eaft kim lo\u1ea1i th\u1ee7y l\u1ef1c<\/strong><\/h2>    <ul class=\"wp-block-list\"> <li><strong>C\u1eaft kim lo\u1ea1i th\u1ea3i v\u1edbi t\u1ed1c \u0111\u1ed9 5-8 l\u1ea7n m\u1ed7i ph\u00fat (c\u00f3 th\u1ec3 \u0111i\u1ec1u ch\u1ec9nh)<\/strong>. M\u00e1y c\u1eaft kim lo\u1ea1i c\u1ee7a ch\u00fang t\u00f4i c\u00f3 th\u1ec3 c\u1eaft kim lo\u1ea1i th\u1ea3i 5-8 l\u1ea7n trong v\u00f2ng m\u1ed9t ph\u00fat, r\u1ea5t hi\u1ec7u qu\u1ea3. V\u00e0 b\u1ea1n c\u00f3 th\u1ec3 \u0111i\u1ec1u ch\u1ec9nh th\u1eddi gian c\u1eaft. <\/li>    <li><strong>C\u1eaft th\u00e9p t\u1ea5m, \u1ed1ng th\u00e9p, s\u1eaft v\u1ee5n, th\u00e9p ph\u1ebf li\u1ec7u, nh\u00f4m, v.v.<\/strong>. M\u00e1y c\u1eaft kim lo\u1ea1i t\u1ea5m Shuliy c\u00f3 kh\u1ea3 n\u0103ng c\u1eaft \u0111\u01b0\u1ee3c nhi\u1ec1u lo\u1ea1i v\u1eadt li\u1ec7u kim lo\u1ea1i kh\u00e1c nhau. N\u00f3 c\u00f3 m\u1ed9t lo\u1ea1t c\u00e1c \u1ee9ng d\u1ee5ng. <\/li>    <li><strong>C\u1eaft li\u00ean t\u1ee5c b\u1eb1ng b\u1ed9 c\u1ea5p d\u00e2y x\u00edch<\/strong>. \u0110\u1ec3 c\u1eaft thu\u1eadn ti\u1ec7n v\u00e0 kh\u00f4ng b\u1ecb gi\u00e1n \u0111o\u1ea1n, k\u00e9o c\u1ee7a ch\u00fang t\u00f4i c\u00f3 th\u1ec3 th\u00eam b\u0103ng t\u1ea3i t\u1ea5m x\u00edch, thu\u1eadn ti\u1ec7n v\u00e0 nhanh ch\u00f3ng h\u01a1n.<\/li>    <li><strong>V\u1eadn h\u00e0nh d\u1ec5 d\u00e0ng<\/strong>. M\u00e1y c\u1eaft kim lo\u1ea1i ph\u1ebf li\u1ec7u \u0111\u01b0\u1ee3c thi\u1ebft k\u1ebf h\u1ee3p l\u00fd. Ng\u01b0\u1eddi lao \u0111\u1ed9ng c\u00f3 th\u1ec3 th\u00e0nh th\u1ea1o vi\u1ec7c s\u1eed d\u1ee5ng thi\u1ebft b\u1ecb sau m\u1ed9t th\u1eddi gian \u0111\u00e0o t\u1ea1o ng\u1eafn.<\/li> <\/ul>   <div class=\"wp-block-image\"> <figure class=\"aligncenter size-full\"><img loading=\"lazy\" decoding=\"async\" width=\"720\" height=\"540\" src=\"https:\/\/www.baler-machines.com\/wp-content\/uploads\/2019\/12\/scrap-metal-shearing-machine-for-sale.jpg\" alt=\"C\u1ea7n b\u00e1n m\u00e1y c\u1eaft kim lo\u1ea1i ph\u1ebf li\u1ec7u\" class=\"wp-image-698\" title=\"\"><figcaption class=\"wp-element-caption\">C\u1ea7n b\u00e1n m\u00e1y c\u1eaft kim lo\u1ea1i ph\u1ebf li\u1ec7u<\/figcaption><\/figure> <\/div>   <h2 class=\"wp-block-heading\"><strong>Th\u00f4ng s\u1ed1 k\u1ef9 thu\u1eadt c\u1ee7a m\u00e1y c\u1eaft kim lo\u1ea1i t\u1ea5m<\/strong> <strong>m\u00e1y m\u00f3c<\/strong><\/h2>    <figure class=\"wp-block-table\"><table class=\"has-fixed-layout\"><tbody><tr><td>Ng\u01b0\u1eddi m\u1eabu<\/td><td>SL-250<\/td><td>SL-300<\/td><\/tr><tr><td>T\u1ed1i \u0111a. l\u1ef1c c\u1eaft<\/td><td>2500KN<\/td><td>2500KN<\/td><\/tr><tr><td>H\u00e0nh tr\u00ecnh xi lanh c\u1eaft<\/td><td>450mm<\/td><td>\/<\/td><\/tr><tr><td>T\u1ed1i \u0111a. l\u1ef1c \u00e9p<\/td><td>2500KN<\/td><td>2500KN<\/td><\/tr><tr><td>H\u00e0nh tr\u00ecnh \u00e9p xi lanh<\/td><td>450mm<\/td><td>\/<\/td><\/tr><tr><td>Chi\u1ec1u cao b\u00e0n l\u00e0m vi\u1ec7c<\/td><td>800mm<\/td><td>800mm<\/td><\/tr><tr><td>Dung t\u00edch<\/td><td>5-8 l\u1ea7n m\u1ed7i ph\u00fat (c\u00f3 th\u1ec3 \u0111i\u1ec1u ch\u1ec9nh)<\/td><td>5-8 l\u1ea7n m\u1ed7i ph\u00fat (c\u00f3 th\u1ec3 \u0111i\u1ec1u ch\u1ec9nh)<\/td><\/tr><tr><td>Chi\u1ec1u d\u00e0i l\u00e0m vi\u1ec7c c\u1ee7a dao c\u1eaft<\/td><td>1000mm<\/td><td>1000mm<\/td><\/tr><tr><td>T\u1ed1i \u0111a. m\u1edf l\u01b0\u1ee1i dao t\u01b0\u01a1ng \u1ee9ng<\/td><td>550mm<\/td><td>\/<\/td><\/tr><tr><td>B\u01a1m th\u1ee7y l\u1ef1c<\/td><td>80YCY<\/td><td>\/<\/td><\/tr><tr><td>C\u00f4ng su\u1ea5t \u0111\u1ed9ng c\u01a1<\/td><td>22kw<\/td><td>22kw<\/td><\/tr><tr><td>K\u00edch th\u01b0\u1edbc c\u1ee7a m\u00e1y ch\u00ednh<\/td><td>2000*1200*1800mm<\/td><td>2000*1200*2100mm<\/td><\/tr><tr><td>K\u00edch th\u01b0\u1edbc tr\u1ea1m th\u1ee7y l\u1ef1c<\/td><td>1600*1200*1400mm<\/td><td>\/<\/td><\/tr><\/tbody><\/table><figcaption class=\"wp-element-caption\">th\u00f4ng s\u1ed1 k\u1ef9 thu\u1eadt c\u1ee7a m\u00e1y c\u1eaft kim lo\u1ea1i th\u1ee7y l\u1ef1c<\/figcaption><\/figure>    <p>C\u00e1c th\u00f4ng s\u1ed1 tr\u00ean mang t\u00ednh tham kh\u1ea3o \u0111\u1ec3 b\u1ea1n tham kh\u1ea3o khi l\u1ef1a ch\u1ecdn m\u00e1y c\u1eaft kim lo\u1ea1i. <\/p>    <p>Vui l\u00f2ng cho ch\u00fang t\u00f4i bi\u1ebft lo\u1ea1i v\u1eadt li\u1ec7u, \u0111\u1ed9 d\u00e0y, v.v. v\u00e0 ng\u01b0\u1eddi qu\u1ea3n l\u00fd b\u00e1n h\u00e0ng c\u1ee7a ch\u00fang t\u00f4i s\u1ebd \u0111\u1ec1 xu\u1ea5t m\u1eabu ph\u00f9 h\u1ee3p cho b\u1ea1n.<\/p>    <h2 class=\"wp-block-heading\"><strong>C\u1ea5u t\u1ea1o m\u00e1y c\u1eaft ph\u1ebf li\u1ec7u<\/strong><\/h2>    <p>M\u00e1y c\u1eaft kim lo\u1ea1i ph\u1ebf li\u1ec7u ch\u1ee7 y\u1ebfu ch\u1ee9a xi lanh d\u1ea7u c\u1eaft, dao c\u1eaft, dao \u00e9p kh\u1ed1i tr\u01b0\u1ee3t, gh\u1ebf dao d\u01b0\u1edbi, xi lanh d\u1ea7u \u00e9p, v.v.<\/p>    <p>B\u1ed9 ph\u1eadn ch\u00ednh v\u00e0 xi lanh th\u1ee7y l\u1ef1c t\u00e1ch bi\u1ec7t, \u0111\u1ea3m b\u1ea3o an to\u00e0n khi s\u1eed d\u1ee5ng.<\/p>   <div class=\"wp-block-image\"> <figure class=\"aligncenter size-full\"><img loading=\"lazy\" decoding=\"async\" width=\"720\" height=\"540\" src=\"https:\/\/www.baler-machines.com\/wp-content\/uploads\/2022\/08\/structure-of-the-metal-shear-machine.webp\" alt=\"\" class=\"wp-image-2545\" title=\"\"><figcaption class=\"wp-element-caption\">c\u1ea5u t\u1ea1o c\u1ee7a m\u00e1y c\u1eaft kim lo\u1ea1i<\/figcaption><\/figure> <\/div>   <h2 class=\"wp-block-heading\"><strong>Nguy\u00ean l\u00fd l\u00e0m vi\u1ec7c c\u1ee7a m\u00e1y c\u1eaft kim lo\u1ea1i c\u1eaft<\/strong><\/h2>    <p>Nguy\u00ean l\u00fd l\u00e0m vi\u1ec7c c\u1ee7a m\u00e1y c\u1eaft kim lo\u1ea1i \u0111\u1ea7u h\u1ed5 l\u00e0 s\u1eed d\u1ee5ng h\u1ec7 th\u1ed1ng th\u1ee7y l\u1ef1c \u0111\u1ec3 d\u1eabn \u0111\u1ed9ng \u0111\u1ea7u c\u1eaft.<\/p>    <p>\u0110\u1eb7t v\u1eadt li\u1ec7u kim lo\u1ea1i ph\u1ebf li\u1ec7u d\u01b0\u1edbi \u0111\u1ea7u m\u00e1y c\u1eaft v\u00e0 \u0111\u1ea7u m\u00e1y c\u1eaft \u0111\u01b0\u1ee3c th\u1ee7y l\u1ef1c \u00e9p xu\u1ed1ng \u0111\u1ec3 ho\u00e0n th\u00e0nh thao t\u00e1c c\u1eaft. <\/p>    <p>Kh\u1ed1i kim lo\u1ea1i c\u1eaft c\u00f3 th\u1ec3 \u0111\u01b0\u1ee3c \u0111i\u1ec1u ch\u1ec9nh theo k\u00edch th\u01b0\u1edbc y\u00eau c\u1ea7u \u0111\u1ec3 d\u1ec5 d\u00e0ng c\u1ea5t gi\u1eef v\u00e0 v\u1eadn chuy\u1ec3n.<\/p>    <figure class=\"wp-block-embed is-type-video is-provider-youtube wp-block-embed-youtube wp-embed-aspect-16-9 wp-has-aspect-ratio\"><div class=\"wp-block-embed__wrapper\"> <iframe loading=\"lazy\" title=\"M\u00e1y c\u1eaft kim lo\u1ea1i ph\u1ebf li\u1ec7u th\u1ee7y l\u1ef1c | M\u00e1y ch\u00e9m kim lo\u1ea1i t\u1ea5m | M\u00e1y c\u1eaft kim lo\u1ea1i th\u1ee7y l\u1ef1c\" width=\"500\" height=\"281\" src=\"https:\/\/www.youtube.com\/embed\/EoQyFYcVNUs?feature=oembed\" frameborder=\"0\" allow=\"accelerometer; autoplay; clipboard-write; encrypted-media; gyroscope; picture-in-picture; web-share\" referrerpolicy=\"strict-origin-when-cross-origin\" allowfullscreen><\/iframe> <\/div><figcaption class=\"wp-element-caption\">video ho\u1ea1t \u0111\u1ed9ng c\u1ee7a m\u00e1y c\u1eaft kim lo\u1ea1i<\/figcaption><\/figure>    <h2 class=\"wp-block-heading\"><strong>Thi\u1ebft b\u1ecb h\u1ed7 tr\u1ee3 cho m\u00e1y c\u1eaft kim lo\u1ea1i<\/strong><\/h2>    <p>M\u00e1y c\u1eaft kim lo\u1ea1i th\u1ee7y l\u1ef1c c\u00f3 th\u1ec3 \u0111\u01b0\u1ee3c k\u1ebft n\u1ed1i v\u1edbi b\u1ed9 c\u1ea5p li\u1ec7u b\u1eb1ng x\u00edch \u0111\u1ec3 c\u1ea5p li\u1ec7u t\u1ef1 \u0111\u1ed9ng. <\/p>    <p>B\u1ed9 c\u1ea5p li\u1ec7u d\u1ea1ng t\u1ea5m x\u00edch th\u1ef1c hi\u1ec7n vi\u1ec7c c\u1ea5p li\u1ec7u tr\u01a1n tru, tr\u00e1nh hi\u1ec7n t\u01b0\u1ee3ng ph\u1ed3ng v\u1eadt li\u1ec7u c\u1ee7a c\u01a1 ch\u1ebf v\u1eadn chuy\u1ec3n truy\u1ec1n th\u1ed1ng.<\/p>    <figure class=\"wp-block-gallery aligncenter has-nested-images columns-default is-cropped wp-block-gallery-3 is-layout-flex wp-block-gallery-is-layout-flex\"> <figure class=\"wp-block-image size-large\"><img loading=\"lazy\" decoding=\"async\" width=\"720\" height=\"500\" data-id=\"1130\" src=\"https:\/\/www.baler-machines.com\/wp-content\/uploads\/2021\/12\/sheet-metal-guillotine.jpg\" alt=\"m\u00e1y ch\u00e9m kim lo\u1ea1i t\u1ea5m\" class=\"wp-image-1130\" title=\"\"><figcaption class=\"wp-element-caption\">M\u00e1y ch\u00e9m kim lo\u1ea1i t\u1ea5m<\/figcaption><\/figure>    <figure class=\"wp-block-image size-large\"><img loading=\"lazy\" decoding=\"async\" width=\"540\" height=\"540\" data-id=\"1110\" src=\"https:\/\/www.baler-machines.com\/wp-content\/uploads\/2021\/12\/sheet-metal-guillotine-with-a-chainplate-feeder.jpg\" alt=\"m\u00e1y ch\u00e9m b\u1eb1ng kim lo\u1ea1i t\u1ea5m c\u00f3 b\u1ed9 n\u1ea1p b\u1eb1ng x\u00edch\" class=\"wp-image-1110\" title=\"\" srcset=\"https:\/\/www.baler-machines.com\/wp-content\/uploads\/2021\/12\/sheet-metal-guillotine-with-a-chainplate-feeder.jpg 540w, https:\/\/www.baler-machines.com\/wp-content\/uploads\/2021\/12\/sheet-metal-guillotine-with-a-chainplate-feeder-120x120.jpg 120w\" sizes=\"auto, (max-width: 540px) 100vw, 540px\" \/><figcaption class=\"wp-element-caption\">M\u00e1y ch\u00e9m kim lo\u1ea1i t\u1ea5m c\u00f3 b\u1ed9 n\u1ea1p x\u00edch<\/figcaption><\/figure> <\/figure>    <h2 class=\"wp-block-heading\"><strong>L\u1eddi khuy\u00ean khi ch\u1ecdn m\u00e1y c\u1eaft kim lo\u1ea1i<\/strong><\/h2>    <p>Khi mua m\u00e1y c\u1eaft kim lo\u1ea1i, \u0111i\u1ec1u quan tr\u1ecdng l\u00e0 ph\u1ea3i \u0111\u1ea3m b\u1ea3o r\u1eb1ng thi\u1ebft b\u1ecb c\u00f3 kh\u1ea3 n\u0103ng \u0111\u00e1p \u1ee9ng c\u00e1c y\u00eau c\u1ea7u x\u1eed l\u00fd. <\/p>    <p>\u0110\u1ec3 mua \u0111\u01b0\u1ee3c m\u1ed9t chi\u1ebfc m\u00e1y c\u1eaft kim lo\u1ea1i th\u1ee7y l\u1ef1c ti\u1ebft ki\u1ec7m v\u00e0 thi\u1ebft th\u1ef1c, b\u1ea1n n\u00ean ch\u00fa \u00fd nh\u1eefng \u0111i\u1ec3m sau:<\/p>    <ol class=\"wp-block-list\"> <li><strong>L\u00e0m r\u00f5 quy m\u00f4, ch\u1ea5t th\u1ea3i<\/strong>. \u0110i\u1ec1u n\u00e0y s\u1ebd gi\u00fap b\u1ea1n l\u1ef1a ch\u1ecdn \u0111\u01b0\u1ee3c tr\u1ecdng t\u1ea3i c\u1ee7a m\u00e1y ph\u00f9 h\u1ee3p \u0111\u1ec3 \u0111\u1ea3m b\u1ea3o hi\u1ec7u su\u1ea5t v\u00e0 hi\u1ec7u qu\u1ea3 c\u1eaft.<\/li>    <li><strong>Ch\u1ecdn l\u01b0\u1ee1i dao \u0111\u1eb7c bi\u1ec7t cho v\u1eadt li\u1ec7u \u0111\u1eb7c bi\u1ec7t<\/strong>. V\u1eadt li\u1ec7u \u0111\u1eb7c bi\u1ec7t ho\u1eb7c ch\u1ea5t th\u1ea3i c\u00f3 \u0111\u1ed9 c\u1ee9ng l\u1edbn. V\u00ec v\u1eady, b\u1ea1n c\u1ea7n nh\u1eefng l\u01b0\u1ee1i dao \u0111\u1eb7c bi\u1ec7t \u0111\u1ec3 gi\u1ea3m b\u1edbt r\u1eafc r\u1ed1i khi thay th\u1ebf.<\/li>    <li><strong>L\u1ef1a ch\u1ecdn thi\u1ebft b\u1ecb d\u1ec5 l\u1eafp \u0111\u1eb7t v\u00e0 v\u1eadn h\u00e0nh<\/strong>. Thi\u1ebft k\u1ebf t\u00edch h\u1ee3p c\u1ee7a thi\u1ebft b\u1ecb kh\u00f4ng y\u00eau c\u1ea7u l\u1eafp \u0111\u1eb7t ph\u1ee9c t\u1ea1p, d\u1ec5 v\u1eadn h\u00e0nh, gi\u00fap n\u00e2ng cao hi\u1ec7u qu\u1ea3 c\u00f4ng vi\u1ec7c.<\/li> <\/ol>    <figure class=\"wp-block-gallery has-nested-images columns-default is-cropped wp-block-gallery-4 is-layout-flex wp-block-gallery-is-layout-flex\"> <figure class=\"wp-block-image size-large\"><img loading=\"lazy\" decoding=\"async\" width=\"720\" height=\"540\" data-id=\"3701\" src=\"https:\/\/www.baler-machines.com\/wp-content\/uploads\/2021\/12\/hydrualic-metal-shear-machine-for-sale.webp\" alt=\"m\u00e1y c\u1eaft kim lo\u1ea1i th\u1ee7y l\u1ef1c b\u00e1n\" class=\"wp-image-3701\" title=\"\" srcset=\"https:\/\/www.baler-machines.com\/wp-content\/uploads\/2021\/12\/hydrualic-metal-shear-machine-for-sale.webp 720w, https:\/\/www.baler-machines.com\/wp-content\/uploads\/2021\/12\/hydrualic-metal-shear-machine-for-sale-16x12.webp 16w\" sizes=\"auto, (max-width: 720px) 100vw, 720px\" \/><figcaption class=\"wp-element-caption\">C\u1ea7n b\u00e1n m\u00e1y c\u1eaft kim lo\u1ea1i th\u1ee7y l\u1ef1c<\/figcaption><\/figure>    <figure class=\"wp-block-image size-large\"><img loading=\"lazy\" decoding=\"async\" width=\"720\" height=\"540\" data-id=\"3700\" src=\"https:\/\/www.baler-machines.com\/wp-content\/uploads\/2021\/12\/high-performance-metal-cutting-machine.webp\" alt=\"m\u00e1y c\u1eaft kim lo\u1ea1i hi\u1ec7u su\u1ea5t cao\" class=\"wp-image-3700\" title=\"\" srcset=\"https:\/\/www.baler-machines.com\/wp-content\/uploads\/2021\/12\/high-performance-metal-cutting-machine.webp 720w, https:\/\/www.baler-machines.com\/wp-content\/uploads\/2021\/12\/high-performance-metal-cutting-machine-16x12.webp 16w\" sizes=\"auto, (max-width: 720px) 100vw, 720px\" \/><figcaption class=\"wp-element-caption\">M\u00e1y c\u1eaft kim lo\u1ea1i hi\u1ec7u su\u1ea5t cao<\/figcaption><\/figure> <\/figure>    <h2 class=\"wp-block-heading\"><strong>Li\u00ean h\u1ec7 v\u1edbi ch\u00fang t\u00f4i ngay b\u00e2y gi\u1edd \u0111\u1ec3 bi\u1ebft th\u00eam chi ti\u1ebft!<\/strong><\/h2>    <p class=\"translation-block\">N\u1ebfu b\u1ea1n \u0111ang t\u00ecm ki\u1ebfm gi\u1ea3i ph\u00e1p cho vi\u1ec7c c\u1eaft kim lo\u1ea1i ph\u1ebf li\u1ec7u, h\u00e3y li\u00ean h\u1ec7 v\u1edbi ch\u00fang t\u00f4i!<\/p>    <p class=\"translation-block\">Ngo\u00e0i m\u00e1y c\u1eaft n\u00e0y, ch\u00fang t\u00f4i c\u00f2n c\u00f3 <a href=\"https:\/\/www.baler-machines.com\/vi\/hydraulic-metal-shears\/\">m\u00e1y c\u1eaft kim lo\u1ea1i th\u1ee7y l\u1ef1c<\/a> v\u00e0 <a href=\"https:\/\/www.baler-machines.com\/vi\/metal-shears-metal-shearing-machine\/\">m\u00e1y c\u1eaft kim lo\u1ea1i c\u1ed5ng<\/a>. B\u1ea5t k\u1ec3 lo\u1ea1i ph\u1ebf li\u1ec7u n\u00e0o, ch\u00fang t\u00f4i \u0111\u1ec1u c\u00f3 th\u1ec3 x\u1eed l\u00fd.<\/p>","protected":false},"excerpt":{"rendered":"<p>M\u00e1y c\u1eaft kim lo\u1ea1i Shuliy \u0111\u01b0\u1ee3c s\u1eed d\u1ee5ng \u0111\u1ec3 c\u1eaft ph\u1ebf li\u1ec7u kim lo\u1ea1i nh\u01b0 th\u00e9p nh\u1eb9, \u1ed1ng \u0111\u1ed3ng, t\u1ea5m s\u1eaft, v.v. th\u00e0nh c\u00e1c k\u00edch th\u01b0\u1edbc y\u00eau c\u1ea7u, v\u1edbi c\u00f4ng su\u1ea5t t\u1eeb 5-8 l\u1ea7n m\u1ed7i ph\u00fat, c\u00f3 th\u1ec3 \u0111i\u1ec1u ch\u1ec9nh. <\/p>","protected":false},"author":1,"featured_media":2536,"parent":0,"template":"","tags":[408,296,636],"product-type":[562],"class_list":["post-1089","product","type-product","status-publish","has-post-thumbnail","hentry","tag-metal","tag-metal-shear","tag-scrap-metal","product-type-metal-shears"],"_links":{"self":[{"href":"https:\/\/www.baler-machines.com\/vi\/wp-json\/wp\/v2\/product\/1089","targetHints":{"allow":["GET"]}}],"collection":[{"href":"https:\/\/www.baler-machines.com\/vi\/wp-json\/wp\/v2\/product"}],"about":[{"href":"https:\/\/www.baler-machines.com\/vi\/wp-json\/wp\/v2\/types\/product"}],"author":[{"embeddable":true,"href":"https:\/\/www.baler-machines.com\/vi\/wp-json\/wp\/v2\/users\/1"}],"wp:featuredmedia":[{"embeddable":true,"href":"https:\/\/www.baler-machines.com\/vi\/wp-json\/wp\/v2\/media\/2536"}],"wp:attachment":[{"href":"https:\/\/www.baler-machines.com\/vi\/wp-json\/wp\/v2\/media?parent=1089"}],"wp:term":[{"taxonomy":"post_tag","embeddable":true,"href":"https:\/\/www.baler-machines.com\/vi\/wp-json\/wp\/v2\/tags?post=1089"},{"taxonomy":"product-type","embeddable":true,"href":"https:\/\/www.baler-machines.com\/vi\/wp-json\/wp\/v2\/product-type?post=1089"}],"curies":[{"name":"wp","href":"https:\/\/api.w.org\/{rel}","templated":true}]}}