{"id":1043,"date":"2021-12-02T06:08:44","date_gmt":"2021-12-02T06:08:44","guid":{"rendered":"https:\/\/www.baler-machines.com\/?p=1043"},"modified":"2023-03-16T11:02:52","modified_gmt":"2023-03-16T03:02:52","slug":"automatic-horizontal-baler","status":"publish","type":"product","link":"https:\/\/www.baler-machines.com\/vi\/automatic-horizontal-baler\/","title":{"rendered":"Baler ngang b\u00e1n t\u1ef1 \u0111\u1ed9ng \u0111\u1ec3 t\u00e1i ch\u1ebf"},"content":{"rendered":"<p>M\u00e1y \u0111\u00f3ng ki\u1ec7n ngang n\u00e0y c\u1ee7a Shuliy Machinery \u0111\u01b0\u1ee3c thi\u1ebft k\u1ebf \u0111\u1ec3 \u0111\u1ef1ng gi\u1ea5y v\u1ee5n, th\u00f9ng carton, v.v. N\u00f3 c\u00f3 th\u1ec3 \u0111\u00f3ng ki\u1ec7n nhanh ch\u00f3ng v\u00e0 hi\u1ec7u qu\u1ea3 nhi\u1ec1u lo\u1ea1i v\u1eadt li\u1ec7u kh\u00e1c nhau, ti\u1ebft ki\u1ec7m kh\u00f4ng gian l\u01b0u tr\u1eef v\u00e0 t\u1ea1o \u0111i\u1ec1u ki\u1ec7n thu\u1eadn l\u1ee3i cho vi\u1ec7c v\u1eadn chuy\u1ec3n. M\u1ed7i ng\u00e0y, trong qu\u00e1 tr\u00ecnh s\u1ea3n xu\u1ea5t, m\u1ed9t s\u1ed1 l\u01b0\u1ee3ng l\u1edbn ch\u1ea5t th\u1ea3i nh\u01b0 gi\u1ea5y, nh\u1ef1a, v.v. \u0111\u01b0\u1ee3c t\u1ea1o ra. L\u00e0m th\u1ebf n\u00e0o ch\u00fang c\u00f3 th\u1ec3 \u0111\u01b0\u1ee3c x\u1eed l\u00fd nhanh ch\u00f3ng v\u00e0 hi\u1ec7u qu\u1ea3? V\u00ec v\u1eady, m\u00e1y \u0111\u00f3ng ki\u1ec7n th\u1ee7y l\u1ef1c c\u1ee7a ch\u00fang t\u00f4i \u0111\u00e3 ra \u0111\u1eddi. M\u00e1y c\u00f3 hi\u1ec7u su\u1ea5t r\u1ea5t \u1ed5n \u0111\u1ecbnh, ch\u1ea5t l\u01b0\u1ee3ng tuy\u1ec7t v\u1eddi v\u00e0 tu\u1ed5i th\u1ecd d\u00e0i. M\u00e1y n\u00e0y l\u00e0 m\u1ed9t trong nh\u1eefng m\u00e1y t\u00e1i ch\u1ebf quan tr\u1ecdng nh\u1ea5t. N\u1ebfu b\u1ea1n quan t\u00e2m, xin vui l\u00f2ng h\u1ecfi!<\/p>    <h2 class=\"wp-block-heading\"><strong>M\u00e1y \u0111\u00f3ng ki\u1ec7n ngang l\u00e0 g\u00ec<\/strong>?<\/h2>    <p class=\"translation-block\">M\u00e1y \u00e9p ki\u1ec7n ngang \u0111\u01b0\u1ee3c thi\u1ebft k\u1ebf \u0111\u1ec3 n\u00e9n v\u00e0 \u0111\u00f3ng g\u00f3i hi\u1ec7u qu\u1ea3 c\u00e1c lo\u1ea1i v\u1eadt li\u1ec7u r\u1eddi kh\u00e1c nhau th\u00e0nh c\u00e1c ki\u1ec7n d\u00e0y \u0111\u1eb7c, thu\u1eadn ti\u1ec7n cho vi\u1ec7c l\u01b0u tr\u1eef v\u00e0 v\u1eadn chuy\u1ec3n. M\u00e1y \u00e9p ki\u1ec7n ngang th\u1ee7y l\u1ef1c c\u00f3 t\u1ef7 l\u1ec7 n\u00e9n l\u1edbn, ki\u1ec7n nh\u1ecf g\u1ecdn, ngo\u1ea1i h\u00ecnh g\u1ecdn g\u00e0ng v\u00e0 \u0111\u1eb9p m\u1eaft, ph\u1ea1m vi \u1ee9ng d\u1ee5ng r\u1ed9ng r\u00e3i. M\u00e1y \u00e9p ki\u1ec7n r\u00e1c ngang ph\u00f9 h\u1ee3p \u0111\u1ec3 n\u00e9n v\u00e0 \u0111\u00f3ng g\u00f3i c\u00e1c v\u1eadt li\u1ec7u kh\u00e1c nhau nh\u01b0<strong> th\u00f9ng carton c\u0169, b\u00eca c\u1ee9ng, gi\u1ea5y, qu\u1ea7n \u00e1o c\u0169, nh\u1ef1a, l\u1ed1p xe, r\u01a1m, th\u1ee9c \u0103n gia s\u00fac, b\u00f4ng, <a href=\"https:\/\/en.wikipedia.org\/wiki\/Wool\" target=\"_blank\" rel=\"noreferrer noopener\">len<\/a>, m\u00f9n c\u01b0a v\u00e0 t\u00fai d\u1ec7t.<\/strong> H\u01a1n n\u1eefa, m\u00e1y c\u1ee7a ch\u00fang t\u00f4i c\u00f3 th\u1ec3 \u0111\u01b0\u1ee3c t\u00f9y ch\u1ec9nh \u0111\u1ec3 \u0111\u00e1p \u1ee9ng m\u1ecdi nhu c\u1ea7u h\u1ee3p l\u00fd c\u1ee7a kh\u00e1ch h\u00e0ng. Do \u0111\u00f3, n\u1ebfu b\u1ea1n \u0111ang ho\u1ea1t \u0111\u1ed9ng trong ng\u00e0nh li\u00ean quan v\u00e0 c\u1ea7n m\u00e1y \u00e9p ki\u1ec7n, b\u1ea1n \u0111\u01b0\u1ee3c ch\u00e0o \u0111\u00f3n li\u00ean h\u1ec7 v\u1edbi ch\u00fang t\u00f4i b\u1ea5t c\u1ee9 l\u00fac n\u00e0o!<\/p>    <figure class=\"wp-block-gallery aligncenter has-nested-images columns-default is-cropped wp-block-gallery-2 is-layout-flex wp-block-gallery-is-layout-flex\"> <figure class=\"wp-block-image size-large\"><img loading=\"lazy\" decoding=\"async\" width=\"720\" height=\"540\" data-id=\"2436\" src=\"https:\/\/www.baler-machines.com\/wp-content\/uploads\/2022\/08\/horizontal-baler-machine-.webp\" alt=\"may-ep-kien-ngang-\" class=\"wp-image-2436\" title=\"\"><figcaption class=\"wp-element-caption\">M\u00e1y \u0111\u00f3ng ki\u1ec7n ngang <\/figcaption><\/figure>    <figure class=\"wp-block-image size-large\"><img loading=\"lazy\" decoding=\"async\" width=\"720\" height=\"540\" data-id=\"2437\" src=\"https:\/\/www.baler-machines.com\/wp-content\/uploads\/2022\/08\/recycle-baler-in-stock.webp\" alt=\"m\u00e1y \u00e9p t\u00e1i ch\u1ebf c\u00f3 s\u1eb5n\" class=\"wp-image-2437\" title=\"\"><figcaption class=\"wp-element-caption\">T\u00e1i ch\u1ebf Baler trong kho<\/figcaption><\/figure> <\/figure>    <h2 class=\"wp-block-heading\"><strong>C\u1ea7n b\u00e1n m\u00e1y \u0111\u00f3ng ki\u1ec7n ngang t\u1ef1 \u0111\u1ed9ng<\/strong><\/h2>    <p class=\"translation-block\">M\u00e1y \u00e9p ki\u1ec7n ngang t\u1ef1 \u0111\u1ed9ng l\u00e0 m\u1ed9t m\u00e1y m\u1ea1nh m\u1ebd v\u00e0 \u0111a ch\u1ee9c n\u0103ng d\u00e0nh cho c\u00e1c khu v\u1ef1c tr\u1ed3ng b\u00f4ng, doanh nghi\u1ec7p d\u1ec7t may, nh\u00e0 m\u00e1y qu\u1ea7n \u00e1o, tr\u1ea1m t\u00e1i ch\u1ebf v\u1eadt li\u1ec7u ph\u1ebf th\u1ea3i v\u00e0 c\u00e1c doanh nghi\u1ec7p n\u00f4ng nghi\u1ec7p, c\u00f4ng nghi\u1ec7p kh\u00e1c. M\u00e1y \u00e9p ki\u1ec7n th\u1ee7y l\u1ef1c ch\u1ee7 y\u1ebfu \u0111\u01b0\u1ee3c chia th\u00e0nh lo\u1ea1i ngang v\u00e0 lo\u1ea1i d\u1ecdc. M\u00e1y \u00e9p ki\u1ec7n ngang th\u1ee7y l\u1ef1c c\u00f3 k\u00edch th\u01b0\u1edbc l\u1edbn, v\u1edbi l\u1ef1c \u00e9p v\u00e0 k\u00edch th\u01b0\u1edbc \u0111\u00f3ng g\u00f3i l\u1edbn h\u01a1n <a href=\"https:\/\/www.baler-machines.com\/vi\/vertical-metal-baler-hydraulic-metal-baling-machine\/\">m\u00e1y \u00e9p ki\u1ec7n kim lo\u1ea1i d\u1ecdc<\/a>, v\u00e0 n\u00f3 d\u1ec5 d\u00e0ng v\u1eadn h\u00e0nh t\u1ef1 \u0111\u1ed9ng, c\u00f3 th\u1ec3 c\u1ea3i thi\u1ec7n hi\u1ec7u qu\u1ea3 t\u1ed5ng th\u1ec3 c\u1ee7a vi\u1ec7c \u00e9p ki\u1ec7n.<\/p>    <h3 class=\"wp-block-heading\"><strong>M\u00e1y \u0111\u00f3ng ki\u1ec7n ngang b\u00e1n t\u1ef1 \u0111\u1ed9ng<\/strong><\/h3>    <p>Kh\u00f4ng c\u00f3 b\u0103ng t\u1ea3i t\u1ef1 \u0111\u1ed9ng n\u1ea1p, c\u1ea7n t\u00ecm c\u00e1ch \u0111\u01b0a r\u00e1c th\u1ea3i v\u00e0o th\u00f9ng. C\u00e1c ch\u1ee9c n\u0103ng kh\u00e1c v\u1eabn gi\u1eef nguy\u00ean.<\/p>   <div class=\"wp-block-image\"> <figure class=\"aligncenter size-full\"><img loading=\"lazy\" decoding=\"async\" width=\"720\" height=\"540\" src=\"https:\/\/www.baler-machines.com\/wp-content\/uploads\/2021\/12\/semi-automatic-horizontal-baler-machine.webp\" alt=\"m\u00e1y \u0111\u00f3ng ki\u1ec7n ngang b\u00e1n t\u1ef1 \u0111\u1ed9ng\" class=\"wp-image-2433\" title=\"\"><figcaption class=\"wp-element-caption\">m\u00e1y \u0111\u00f3ng ki\u1ec7n ngang b\u00e1n t\u1ef1 \u0111\u1ed9ng<\/figcaption><\/figure> <\/div>   <h3 class=\"wp-block-heading\" id=\"h-fully-automatic-horizontal-baling-press\"><strong>M\u00e1y \u00e9p ki\u1ec7n ngang ho\u00e0n to\u00e0n t\u1ef1 \u0111\u1ed9ng<\/strong><\/h3>    <p>\u0110\u01b0\u1ee3c trang b\u1ecb m\u00e1y t\u1ea3i t\u1ef1 \u0111\u1ed9ng, n\u00f3 c\u00f3 th\u1ec3 ti\u1ebft ki\u1ec7m \u0111\u00e1ng k\u1ec3 nh\u00e2n l\u1ef1c v\u00e0 l\u00e0m vi\u1ec7c nhanh ch\u00f3ng v\u00e0 hi\u1ec7u qu\u1ea3.<\/p>   <div class=\"wp-block-image\"> <figure class=\"aligncenter size-full\"><img loading=\"lazy\" decoding=\"async\" width=\"584\" height=\"448\" src=\"https:\/\/www.baler-machines.com\/wp-content\/uploads\/2021\/12\/Automatic-horizontal-baling-machine-with-conveyor-1.jpg\" alt=\"M\u00e1y \u0111\u00f3ng ki\u1ec7n ngang t\u1ef1 \u0111\u1ed9ng c\u00f3 b\u0103ng t\u1ea3i 1\" class=\"wp-image-1065\" title=\"\"><figcaption class=\"wp-element-caption\">M\u00e1y \u0111\u00f3ng ki\u1ec7n ngang t\u1ef1 \u0111\u1ed9ng c\u00f3 b\u0103ng t\u1ea3i <\/figcaption><\/figure> <\/div>   <h2 class=\"wp-block-heading\" id=\"h-scope-of-application-of-the-recycling-baler-machine\"><strong>Ph\u1ea1m vi \u1ee9ng d\u1ee5ng c\u1ee7a m\u00e1y \u0111\u00f3ng ki\u1ec7n t\u00e1i ch\u1ebf<\/strong><\/h2>    <p>M\u00e1y \u0111\u00f3ng ki\u1ec7n ngang ph\u00f9 h\u1ee3p v\u1edbi nhi\u1ec1u lo\u1ea1i v\u1eadt li\u1ec7u c\u00f3 th\u1ec3 t\u00e1i ch\u1ebf v\u00e0 c\u00f3 th\u1ec3 \u0111\u01b0\u1ee3c s\u1eed d\u1ee5ng v\u1edbi b\u0103ng t\u1ea3i v\u00e0 c\u00e1c thi\u1ebft b\u1ecb kh\u00e1c. R\u01a1m, c\u1ecf kh\u00f4, gi\u1ea5y th\u1ea3i, l\u1ed1p xe, b\u00f4ng, qu\u1ea7n \u00e1o c\u0169, r\u01a1m, nh\u1ef1a, len v\u00e0 r\u00e1c t\u00e1i ch\u1ebf \u0111\u1ec1u c\u00f3 th\u1ec3 \u0111\u01b0\u1ee3c n\u00e9n v\u00e0 \u0111\u00f3ng g\u00f3i b\u1eb1ng m\u00e1y \u0111\u00f3ng ki\u1ec7n th\u1ee7y l\u1ef1c. Th\u00f9ng gi\u1ea5y th\u1ea3i, b\u00eca gi\u1ea5y th\u1ea3i, s\u1ee3i, thu\u1ed1c l\u00e1, v\u1ea3i, t\u00fai d\u1ec7t, nhung d\u1ec7t kim, bao t\u1ea3i, b\u00f3ng len, l\u1ee5a, hoa bia v\u00e0 b\u1ea5t k\u1ef3 v\u1eadt li\u1ec7u r\u1eddi n\u00e0o kh\u00e1c c\u0169ng c\u00f3 th\u1ec3 \u0111\u01b0\u1ee3c s\u1eed d\u1ee5ng trong \u0111\u00f3. <\/p>   <div class=\"wp-block-image\"> <figure class=\"aligncenter size-full\"><img loading=\"lazy\" decoding=\"async\" width=\"670\" height=\"462\" src=\"https:\/\/www.baler-machines.com\/wp-content\/uploads\/2021\/12\/raw-materials.jpg\" alt=\"nguy\u00ean li\u1ec7u th\u00f4\" class=\"wp-image-1063\" title=\"\"><figcaption class=\"wp-element-caption\">nguy\u00ean li\u1ec7u th\u00f4<\/figcaption><\/figure> <\/div>   <p>N\u00f3 th\u01b0\u1eddng \u0111\u01b0\u1ee3c s\u1eed d\u1ee5ng trong c\u00e1c nh\u00e0 m\u00e1y \u0111\u00f3ng g\u00f3i, nh\u00e0 m\u00e1y carton, nh\u00e0 m\u00e1y in, tr\u1ea1m ph\u00e2n lo\u1ea1i v\u00e0 x\u1eed l\u00fd ch\u1ea5t th\u1ea3i, tr\u1ea1m t\u00e1i ch\u1ebf chuy\u00ean nghi\u1ec7p, khu s\u1ea3n xu\u1ea5t b\u00f4ng, doanh nghi\u1ec7p d\u1ec7t may, nh\u00e0 m\u00e1y may m\u1eb7c v\u00e0 nh\u1eefng n\u01a1i kh\u00e1c. M\u00e1y \u0111\u00f3ng ki\u1ec7n ngang c\u00f3 th\u1ec3 ph\u1ed1i h\u1ee3p v\u1edbi m\u00e1y x\u00e2u chu\u1ed7i \u0111\u1ec3 \u0111\u00f3ng ki\u1ec7n t\u1ef1 \u0111\u1ed9ng.<\/p>    <h2 class=\"wp-block-heading\" id=\"h-highlights-of-the-automatic-horizontal-baler\"><strong>\u0110i\u1ec3m n\u1ed5i b\u1eadt c\u1ee7a m\u00e1y \u0111\u00f3ng ki\u1ec7n ngang t\u1ef1 \u0111\u1ed9ng<\/strong><\/h2>    <p>M\u00e1y \u00e9p ki\u1ec7n gi\u1ea5y c\u00f3 \u01b0u \u0111i\u1ec3m l\u00e0 hi\u1ec7u qu\u1ea3 cao, c\u1ea5u tr\u00fac nh\u1ecf g\u1ecdn, v\u1eadn h\u00e0nh \u0111\u01a1n gi\u1ea3n, truy\u1ec1n \u0111\u1ed9ng \u1ed5n \u0111\u1ecbnh, di chuy\u1ec3n linh ho\u1ea1t v\u00e0 c\u00e1c \u01b0u \u0111i\u1ec3m kh\u00e1c.<\/p>    <ul class=\"wp-block-list\"> <li>C\u00f4ng ngh\u1ec7 th\u1ee7y l\u1ef1c, \u00e1p su\u1ea5t cao, ti\u1ebft ki\u1ec7m n\u0103ng l\u01b0\u1ee3ng v\u00e0 b\u1ea3o v\u1ec7 m\u00f4i tr\u01b0\u1eddng.<\/li>    <li>C\u1ea5u tr\u00fac m\u1edf gi\u00fap l\u1ea5y t\u00fai ra thu\u1eadn ti\u1ec7n v\u00e0 nhanh ch\u00f3ng, n\u00e2ng cao hi\u1ec7u qu\u1ea3.<\/li>    <li>N\u00f3 s\u1eed d\u1ee5ng ki\u1ec3u \u0111\u00f3ng ba b\u00ean v\u00e0 k\u00e9o ng\u01b0\u1ee3c, \u0111\u01b0\u1ee3c xi lanh d\u1ea7u t\u1ef1 \u0111\u1ed9ng si\u1ebft ch\u1eb7t v\u00e0 th\u01b0 gi\u00e3n.<\/li>    <li>Ch\u01b0\u01a1ng tr\u00ecnh PLC, \u0111i\u1ec1u khi\u1ec3n m\u00e0n h\u00ecnh c\u1ea3m \u1ee9ng, thao t\u00e1c \u0111\u01a1n gi\u1ea3n, n\u00e9n t\u1ef1 \u0111\u1ed9ng.<\/li>    <li>Thi\u1ebft b\u1ecb \u0111\u00f3ng ki\u1ec7n t\u1ef1 \u0111\u1ed9ng \u0111\u1ed9c \u0111\u00e1o c\u00f3 \u01b0u \u0111i\u1ec3m l\u00e0 t\u1ed1c \u0111\u1ed9 cao, c\u1ea5u tr\u00fac \u0111\u01a1n gi\u1ea3n, ho\u1ea1t \u0111\u1ed9ng \u1ed5n \u0111\u1ecbnh, t\u1ef7 l\u1ec7 h\u1ecfng h\u00f3c th\u1ea5p, d\u1ec5 d\u00e0ng v\u1ec7 sinh v\u00e0 b\u1ea3o tr\u00ec.<\/li>    <li>K\u00edch th\u01b0\u1edbc v\u00e0 \u0111i\u1ec7n \u00e1p g\u00f3i c\u00f3 th\u1ec3 \u0111\u01b0\u1ee3c t\u00f9y ch\u1ec9nh theo y\u00eau c\u1ea7u h\u1ee3p l\u00fd c\u1ee7a kh\u00e1ch h\u00e0ng. <\/li>    <li>N\u00f3 c\u00f3 th\u1ec3 \u0111\u01b0\u1ee3c trang b\u1ecb v\u1eadt li\u1ec7u d\u00e2y chuy\u1ec1n v\u00e0 m\u00e1y ren, v\u1edbi hi\u1ec7u qu\u1ea3 cao h\u01a1n.<\/li> <\/ul>   <div class=\"wp-block-image\"> <figure class=\"aligncenter size-full\"><img loading=\"lazy\" decoding=\"async\" width=\"720\" height=\"540\" src=\"https:\/\/www.baler-machines.com\/wp-content\/uploads\/2022\/08\/recycling-baler-manufacturer.webp\" alt=\"nh\u00e0 s\u1ea3n xu\u1ea5t baler t\u00e1i ch\u1ebf\" class=\"wp-image-2439\" title=\"\"><figcaption class=\"wp-element-caption\">nh\u00e0 s\u1ea3n xu\u1ea5t baler t\u00e1i ch\u1ebf<\/figcaption><\/figure> <\/div>   <h2 class=\"wp-block-heading\" id=\"h-how-does-the-horizontal-waste-baler-work\"><strong>M\u00e1y \u0111\u00f3ng ki\u1ec7n r\u00e1c ngang ho\u1ea1t \u0111\u1ed9ng nh\u01b0 th\u1ebf n\u00e0o?<\/strong><\/h2>    <p class=\"translation-block\">Lo\u1ea1t m\u00e1y \u00e9p ki\u1ec7n ngang n\u00e0y ch\u1ee7 y\u1ebfu bao g\u1ed3m h\u1ec7 th\u1ed1ng th\u1ee7y l\u1ef1c, h\u1ec7 th\u1ed1ng l\u01b0u tr\u1eef v\u1eadt li\u1ec7u, c\u01a1 c\u1ea5u n\u00e9n, c\u01a1 c\u1ea5u \u0111\u00f3ng g\u00f3i v\u00e0 h\u1ec7 th\u1ed1ng \u0111i\u1ec7n. Hi\u1ec7u su\u1ea5t s\u1ea3n xu\u1ea5t cao h\u01a1n 5-10 l\u1ea7n so v\u1edbi <a href=\"https:\/\/www.baler-machines.com\/vi\/vertical-baler-machine-for-waste-recycling\/\" target=\"_blank\" rel=\"noreferrer noopener\">m\u00e1y \u00e9p ki\u1ec7n \u0111\u1ee9ng th\u1ee7y l\u1ef1c<\/a> v\u00e0 ti\u00eau th\u1ee5 \u0111i\u1ec7n n\u0103ng th\u1ea5p h\u01a1n. \u00c1p su\u1ea5t th\u1ee7y l\u1ef1c c\u00f3 th\u1ec3 \u0111\u1ea1t tr\u00ean 100 t\u1ea5n. M\u00e1y \u00e9p ki\u1ec7n ngang t\u1ef1 \u0111\u1ed9ng bao g\u1ed3m c\u00e1c lo\u1ea1i ho\u00e0n to\u00e0n t\u1ef1 \u0111\u1ed9ng v\u00e0 b\u00e1n t\u1ef1 \u0111\u1ed9ng. M\u1eabu ho\u00e0n to\u00e0n t\u1ef1 \u0111\u1ed9ng c\u00f3 th\u1ec3 \u0111\u01b0\u1ee3c trang b\u1ecb m\u00e1y lu\u1ed3n d\u00e2y \u0111\u1ec3 r\u00e0ng bu\u1ed9c t\u1ef1 \u0111\u1ed9ng ki\u1ec7n \u0111\u00e3 n\u00e9n.<\/p>   <div class=\"wp-block-image\"> <figure class=\"aligncenter size-full\"><img loading=\"lazy\" decoding=\"async\" width=\"924\" height=\"686\" src=\"https:\/\/www.baler-machines.com\/wp-content\/uploads\/2021\/12\/hydraulic-horizontal-baler-structure.jpg\" alt=\"k\u1ebft c\u1ea5u baler ngang th\u1ee7y l\u1ef1c\" class=\"wp-image-1062\" title=\"\" srcset=\"https:\/\/www.baler-machines.com\/wp-content\/uploads\/2021\/12\/hydraulic-horizontal-baler-structure.jpg 924w, https:\/\/www.baler-machines.com\/wp-content\/uploads\/2021\/12\/hydraulic-horizontal-baler-structure-768x570.jpg 768w\" sizes=\"auto, (max-width: 924px) 100vw, 924px\" \/><figcaption class=\"wp-element-caption\">k\u1ebft c\u1ea5u baler ngang th\u1ee7y l\u1ef1c<\/figcaption><\/figure> <\/div>   <h2 class=\"wp-block-heading\"><strong>M\u00e1y \u0111\u00f3ng ki\u1ec7n ngang gi\u00e1 bao nhi\u00eau?<\/strong><\/h2>    <ol class=\"wp-block-list\"> <li>c\u00e1c <strong>m\u1ee9c \u0111\u1ed9 t\u1ef1 \u0111\u1ed9ng h\u00f3a<\/strong>. Gi\u00e1 c\u1ee7a m\u00e1y \u0111\u00f3ng ki\u1ec7n b\u00e1n t\u1ef1 \u0111\u1ed9ng v\u00e0 m\u00e1y \u0111\u00f3ng ki\u1ec7n ho\u00e0n to\u00e0n t\u1ef1 \u0111\u1ed9ng ho\u00e0n to\u00e0n kh\u00e1c nhau do s\u1ef1 kh\u00e1c bi\u1ec7t \u1edf h\u1ec7 th\u1ed1ng n\u1ea1p t\u1ef1 \u0111\u1ed9ng.<\/li>    <li><strong>Ph\u1ee5 ki\u1ec7n m\u00e1y<\/strong>. C\u00f9ng m\u1ed9t m\u00e1y, n\u1ebfu s\u1eed d\u1ee5ng c\u00e1c ph\u1ee5 ki\u1ec7n kh\u00e1c nhau th\u00ec gi\u00e1 th\u00e0nh c\u0169ng kh\u00e1c nhau. T\u1ea5t nhi\u00ean, tu\u1ed5i th\u1ecd v\u00e0 \u0111i\u1ec1u ki\u1ec7n s\u1eed d\u1ee5ng kh\u00f4ng gi\u1ed1ng nhau.<\/li>    <li><strong>\u0110\u00f3ng g\u00f3i v\u00e0 v\u1eadn chuy\u1ec3n m\u00e1y<\/strong>. Trong c\u00f9ng \u0111i\u1ec1u ki\u1ec7n v\u1eadn chuy\u1ec3n, kh\u00f4ng c\u00f3 bao b\u00ec v\u00e0 \u0111\u00f3ng g\u00f3i b\u1eb1ng h\u1ed9p g\u1ed7 n\u00ean t\u1ed5ng gi\u00e1 th\u00e0nh c\u1ee7a m\u00e1y l\u00e0 kh\u00f4ng gi\u1ed1ng nhau. T\u01b0\u01a1ng t\u1ef1, n\u1ebfu v\u1eadn chuy\u1ec3n m\u00e1y trong c\u00f9ng \u0111i\u1ec1u ki\u1ec7n \u0111\u00f3ng g\u00f3i th\u00ec gi\u00e1 c\u0169ng kh\u00e1c nhau.<\/li> <\/ol>    <h2 class=\"wp-block-heading\" id=\"h-horizontal-baler-operating-manual\"><strong>H\u01b0\u1edbng d\u1eabn v\u1eadn h\u00e0nh m\u00e1y \u0111\u00f3ng ki\u1ec7n ngang<\/strong><\/h2>    <ol class=\"wp-block-list\"> <li>Tr\u01b0\u1edbc khi m\u00e1y b\u1eaft \u0111\u1ea7u ho\u1ea1t \u0111\u1ed9ng, h\u00e3y \u0111\u1ea3m b\u1ea3o ki\u1ec3m tra xem t\u1eebng b\u1ed9 ph\u1eadn c\u1ee7a m\u00e1y c\u00f3 c\u00f2n nguy\u00ean v\u1eb9n hay kh\u00f4ng v\u00e0 d\u1ea7u th\u1ee7y l\u1ef1c c\u00f3 \u0111\u1ee7 hay kh\u00f4ng.<\/li>    <li>Khi v\u1eadn h\u00e0nh m\u00e1y, h\u00e3y ch\u00fa \u00fd \u0111\u1ebfn an to\u00e0n c\u00e1 nh\u00e2n, v\u00ec v\u1eady \u0111\u1ecba \u0111i\u1ec3m ph\u1ea3i \u0111\u1ea7y \u0111\u1ee7.<\/li>    <li>Khi m\u00e1y ho\u1ea1t \u0111\u1ed9ng ph\u1ea3i gi\u1eef kho\u1ea3ng c\u00e1ch an to\u00e0n nh\u1ea5t \u0111\u1ecbnh. B\u1edfi v\u00ec m\u00e1y c\u1ee7a ch\u00fang t\u00f4i s\u1eed d\u1ee5ng \u0111i\u1ec1u khi\u1ec3n PLC v\u00e0 c\u00f3 th\u1ec3 di chuy\u1ec3n v\u1ec1 ph\u00eda tr\u01b0\u1edbc theo th\u1eddi gian th\u1ef1c, t\u1eadn d\u1ee5ng t\u1ed1t \u0111i\u1ec1u n\u00e0y.<\/li>    <li>An to\u00e0n l\u00e0 h\u00e0ng \u0111\u1ea7u trong qu\u00e1 tr\u00ecnh s\u1eed d\u1ee5ng m\u00e1y. Th\u01b0\u1eddng xuy\u00ean ki\u1ec3m tra tr\u1ea1ng th\u00e1i v\u00e0 ch\u1ee9c n\u0103ng c\u1ee7a thi\u1ebft b\u1ecb kh\u00f3a li\u00ean \u0111\u1ed9ng an to\u00e0n v\u00e0 thi\u1ebft b\u1ecb d\u1eebng kh\u1ea9n c\u1ea5p.<\/li>    <li>Sau khi ho\u00e0n th\u00e0nh c\u00f4ng vi\u1ec7c, ki\u1ec3m tra m\u00e1y khi d\u1eebng h\u1eb3n \u0111\u1ec3 \u0111\u1ea3m b\u1ea3o m\u00e1y kh\u00f4ng c\u00f3 l\u1ed7i tr\u01b0\u1edbc khi nh\u00e2n s\u1ef1 ra v\u1ec1.<\/li> <\/ol>    <h2 class=\"wp-block-heading\" id=\"h-working-video-of-horizontal-baler\"><strong>Video ho\u1ea1t \u0111\u1ed9ng c\u1ee7a m\u00e1y \u0111\u00f3ng ki\u1ec7n ngang<\/strong><\/h2>    <figure class=\"wp-block-embed aligncenter is-type-video is-provider-youtube wp-block-embed-youtube wp-embed-aspect-16-9 wp-has-aspect-ratio\"><div class=\"wp-block-embed__wrapper\"> <iframe loading=\"lazy\" title=\"M\u00e1y \u0111\u00f3ng ki\u1ec7n ngang th\u1ee7y l\u1ef1c t\u1ef1 \u0111\u1ed9ng | M\u00e1y \u00e9p ki\u1ec7n th\u1ee7y l\u1ef1c cho l\u1ed1p nh\u1ef1a gi\u1ea5y th\u1ea3i\" width=\"500\" height=\"281\" src=\"https:\/\/www.youtube.com\/embed\/xsLypM133-g?feature=oembed\" frameborder=\"0\" allow=\"accelerometer; autoplay; clipboard-write; encrypted-media; gyroscope; picture-in-picture; web-share\" referrerpolicy=\"strict-origin-when-cross-origin\" allowfullscreen><\/iframe> <\/div><\/figure>    <figure class=\"wp-block-embed aligncenter is-type-video is-provider-youtube wp-block-embed-youtube wp-embed-aspect-16-9 wp-has-aspect-ratio\"><div class=\"wp-block-embed__wrapper\"> <iframe loading=\"lazy\" title=\"M\u00e1y \u00e9p ki\u1ec7n ngang th\u1ee7y l\u1ef1c | m\u00e1y \u0111\u00f3ng ki\u1ec7n c\u00e1c t\u00f4ng th\u1ea3i \u0111\u01b0\u1ee3c t\u1ea3i \u0111\u1ec3 giao h\u00e0ng\" width=\"500\" height=\"281\" src=\"https:\/\/www.youtube.com\/embed\/JJmSzdCuC-4?feature=oembed\" frameborder=\"0\" allow=\"accelerometer; autoplay; clipboard-write; encrypted-media; gyroscope; picture-in-picture; web-share\" referrerpolicy=\"strict-origin-when-cross-origin\" allowfullscreen><\/iframe> <\/div><\/figure>    <h2 class=\"wp-block-heading\" id=\"h-specification-of-semi-automatic-hydraulic-horizontal-baling-machine\"><strong>Th\u00f4ng s\u1ed1 k\u1ef9 thu\u1eadt m\u00e1y \u0111\u00f3ng ki\u1ec7n ngang th\u1ee7y l\u1ef1c b\u00e1n t\u1ef1 \u0111\u1ed9ng<\/strong><\/h2>    <figure class=\"wp-block-table\"><table><tbody><tr><td>Ng\u01b0\u1eddi m\u1eabu<\/td><td>SL-120<\/td><td>SL-160<\/td><td>SL-180<\/td><td>SL-200<\/td><\/tr><tr><td>H\u1ec7 th\u1ed1ng \u0111\u1ed9ng l\u1ef1c<\/td><td>h\u1ec7 th\u1ed1ng th\u1ee7y l\u1ef1c&nbsp;<\/td><td>h\u1ec7 th\u1ed1ng th\u1ee7y l\u1ef1c&nbsp;<\/td><td>h\u1ec7 th\u1ed1ng th\u1ee7y l\u1ef1c&nbsp;<\/td><td>h\u1ec7 th\u1ed1ng th\u1ee7y l\u1ef1c&nbsp;<\/td><\/tr><tr><td>Quy\u1ec1n l\u1ef1c<\/td><td>22kw, 3HP, 380V<\/td><td>30Kw+4Kw, 3HP, 380V<\/td><td>37Kw+4Kw, 3HP, 380V<\/td><td>45Kw+4Kw, 3HP, 380V <\/td><\/tr><tr><td>L\u1ef1c \u0111\u1ea9y danh ngh\u0129a ch\u00ednh<\/td><td>1200KN<\/td><td>1600KN<\/td><td>1800KN<\/td><td>2000KN<\/td><\/tr><tr><td>\u00c1p su\u1ea5t h\u1ec7 th\u1ed1ng<\/td><td>28MPa<\/td><td>31,5MPA<\/td><td>31,5MPa<\/td><td>31,5MPa&nbsp;<\/td><\/tr><tr><td>H\u1ec7 th\u1ed1ng \u0111i\u1ec1u khi\u1ec3n<\/td><td>\u0110i\u1ec1u khi\u1ec3n t\u1ef1 \u0111\u1ed9ng PLC<\/td><td>\u0110i\u1ec1u khi\u1ec3n t\u1ef1 \u0111\u1ed9ng PLC<\/td><td>\u0110i\u1ec1u khi\u1ec3n t\u1ef1 \u0111\u1ed9ng PLC<\/td><td>\u0110i\u1ec1u khi\u1ec3n t\u1ef1 \u0111\u1ed9ng PLC<\/td><\/tr><tr><td>K\u00edch th\u01b0\u1edbc cho \u0103n<\/td><td>1650mm * 1100mm<\/td><td>1650mm * 1100mm<\/td><td>2000*1100mm<\/td><td>2000mm * 1100mm<\/td><\/tr><tr><td>K\u00edch th\u01b0\u1edbc ki\u1ec7n<\/td><td>1100*900mm<\/td><td>1100mm*1250mm<\/td><td>1100*1300mm<\/td><td>1100mm * 1400mm<\/td><\/tr><tr><td>M\u1eadt \u0111\u1ed9 ki\u1ec7n<\/td><td>800Kg\/ki\u1ec7n, <br>400-450kg\/m\u00b3<\/td><td>1200kg\/ki\u1ec7n,<br>450kg\/m\u00b3<\/td><td>1300kg\/ki\u1ec7n, 500kg\/m\u00b3<\/td><td>1400Kg\/Bi\u1ec7n 520kg\/m\u00b3<\/td><\/tr><tr><td>Dung t\u00edch<\/td><td>4-7 ki\u1ec7n\/gi\u1edd<\/td><td>5-8 ki\u1ec7n\/gi\u1edd<\/td><td>6-9 ki\u1ec7n\/gi\u1edd<\/td><td>8-10 ki\u1ec7n\/gi\u1edd<\/td><\/tr><tr><td>G\u00f3i<\/td><td>3 chi\u1ebfc<\/td><td>4-5 chi\u1ebfc<\/td><td>4-5 chi\u1ebfc<\/td><td>4-5 chi\u1ebfc<\/td><\/tr><\/tbody><\/table><\/figure>    <p class=\"translation-block\">\u0110\u1ec3 bi\u1ebft th\u00eam chi ti\u1ebft v\u1ec1 m\u00e1y \u00e9p ki\u1ec7n ho\u1eb7c c\u00e1c y\u00eau c\u1ea7u \u0111\u1eb7c bi\u1ec7t, vui l\u00f2ng <a href=\"https:\/\/www.baler-machines.com\/vi\/contact-service\/\" target=\"_blank\" rel=\"noreferrer noopener\">li\u00ean h\u1ec7<\/a> v\u1edbi ch\u00fang t\u00f4i.<\/p>    <h2 class=\"wp-block-heading\" id=\"h-faq\"><strong>C\u00e2u h\u1ecfi th\u01b0\u1eddng g\u1eb7p<\/strong><\/h2>    <div class=\"schema-faq wp-block-yoast-faq-block\"><div class=\"schema-faq-section\" id=\"faq-question-1659427226038\"><strong class=\"schema-faq-question\">Q: B\u1ea1n l\u00e0 c\u00f4ng ty th\u01b0\u01a1ng m\u1ea1i hay nh\u00e0 s\u1ea3n xu\u1ea5t?<\/strong> <p class=\"schema-faq-answer\">Tr\u1ea3 l\u1eddi: Ch\u00fang t\u00f4i c\u00f3 th\u1ec3 t\u1ef1 s\u1ea3n xu\u1ea5t v\u00e0 b\u00e1n m\u00e1y m\u00f3c. Ch\u00fang t\u00f4i th\u01b0\u1eddng xuy\u00ean xu\u1ea5t kh\u1ea9u ra n\u01b0\u1edbc ngo\u00e0i, chi\u1ebfm kho\u1ea3ng 70%.<\/p> <\/div> <div class=\"schema-faq-section\" id=\"faq-question-1659427250002\"><strong class=\"schema-faq-question\">H\u1ecfi: M\u00e1y c\u1ee7a b\u1ea1n c\u00f3 th\u1eddi gian b\u1ea3o h\u00e0nh kh\u00f4ng?<\/strong> <p class=\"schema-faq-answer\">Tr\u1ea3 l\u1eddi: N\u00f3i chung, c\u00f4ng ty ch\u00fang t\u00f4i c\u00f3 b\u1ea3o h\u00e0nh m\u1ed9t n\u0103m cho m\u00e1y c\u1ee7a ch\u00fang t\u00f4i.<\/p> <\/div> <div class=\"schema-faq-section\" id=\"faq-question-1659427335441\"><strong class=\"schema-faq-question\">H\u1ecfi: L\u00e0m th\u1ebf n\u00e0o t\u00f4i c\u00f3 th\u1ec3 tin t\u01b0\u1edfng c\u00f4ng ty c\u1ee7a b\u1ea1n?<\/strong> <p class=\"schema-faq-answer\">Tr\u1ea3 l\u1eddi: C\u00f4ng ty ch\u00fang t\u00f4i \u0111\u00e3 d\u1eabn \u0111\u1ea7u trong ng\u00e0nh trong nhi\u1ec1u th\u1eadp k\u1ef7. Ngo\u00e0i ra c\u00f2n c\u00f3 c\u00e1c ch\u1ee9ng ch\u1ec9 ng\u00e0nh \u0111\u1ec3 b\u1ea1n ki\u1ec3m tra. Ngo\u00e0i ra, ch\u00fang t\u00f4i c\u0169ng c\u00f3 th\u1ec3 c\u00f9ng b\u1ea1n \u0111\u1ebfn th\u0103m nh\u00e0 m\u00e1y trong th\u1eddi gian th\u1ef1c (qua video).<\/p> <\/div> <\/div>","protected":false},"excerpt":{"rendered":"<p>M\u00e1y \u00e9p bales n\u1eb1m ngang \u0111\u01b0\u1ee3c thi\u1ebft k\u1ebf \u0111\u1ec3 n\u00e9n v\u00e0 \u0111\u00f3ng g\u00f3i hi\u1ec7u qu\u1ea3 c\u00e1c v\u1eadt li\u1ec7u r\u1eddi th\u00e0nh c\u00e1c g\u00f3i d\u00e0y \u0111\u1eb7c thu\u1eadn ti\u1ec7n cho vi\u1ec7c l\u01b0u tr\u1eef v\u00e0 v\u1eadn chuy\u1ec3n. M\u00e1y \u00e9p bales n\u1eb1m ngang th\u1ee7y l\u1ef1c c\u00f3 \u0111\u1eb7c \u0111i\u1ec3m l\u00e0 t\u1ef7 l\u1ec7 n\u00e9n l\u1edbn, g\u00f3i g\u1ecdn, h\u00ecnh th\u1ee9c g\u1ecdn g\u00e0ng v\u00e0 \u0111\u1eb9p m\u1eaft, v\u00e0 ph\u1ea1m vi \u1ee9ng d\u1ee5ng r\u1ed9ng. <\/p>","protected":false},"author":1,"featured_media":2446,"parent":0,"template":"","tags":[539,577,537,574,573,575],"product-type":[563],"class_list":["post-1043","product","type-product","status-publish","has-post-thumbnail","hentry","tag-horizontal-baler","tag-horizontal-baler-machine","tag-hydraulic-baler","tag-recycle-baler","tag-recycling-baler","tag-recycling-baler-machine","product-type-baler-machine"],"_links":{"self":[{"href":"https:\/\/www.baler-machines.com\/vi\/wp-json\/wp\/v2\/product\/1043","targetHints":{"allow":["GET"]}}],"collection":[{"href":"https:\/\/www.baler-machines.com\/vi\/wp-json\/wp\/v2\/product"}],"about":[{"href":"https:\/\/www.baler-machines.com\/vi\/wp-json\/wp\/v2\/types\/product"}],"author":[{"embeddable":true,"href":"https:\/\/www.baler-machines.com\/vi\/wp-json\/wp\/v2\/users\/1"}],"wp:featuredmedia":[{"embeddable":true,"href":"https:\/\/www.baler-machines.com\/vi\/wp-json\/wp\/v2\/media\/2446"}],"wp:attachment":[{"href":"https:\/\/www.baler-machines.com\/vi\/wp-json\/wp\/v2\/media?parent=1043"}],"wp:term":[{"taxonomy":"post_tag","embeddable":true,"href":"https:\/\/www.baler-machines.com\/vi\/wp-json\/wp\/v2\/tags?post=1043"},{"taxonomy":"product-type","embeddable":true,"href":"https:\/\/www.baler-machines.com\/vi\/wp-json\/wp\/v2\/product-type?post=1043"}],"curies":[{"name":"wp","href":"https:\/\/api.w.org\/{rel}","templated":true}]}}