{"id":980,"date":"2021-11-24T02:05:49","date_gmt":"2021-11-24T02:05:49","guid":{"rendered":"https:\/\/www.baler-machines.com\/?page_id=980"},"modified":"2022-08-05T08:51:50","modified_gmt":"2022-08-05T08:51:50","slug":"about-us","status":"publish","type":"page","link":"https:\/\/www.baler-machines.com\/vi\/about-us\/","title":{"rendered":"V\u1ec1 ch\u00fang t\u00f4i"},"content":{"rendered":"<h2 class=\"wp-block-heading\" id=\"h-company-profile\"><strong>H\u1ed3 s\u01a1 c\u00f4ng ty<\/strong><\/h2>    <div class=\"wp-block-media-text alignwide is-stacked-on-mobile\"><figure class=\"wp-block-media-text__media\"><img loading=\"lazy\" decoding=\"async\" width=\"750\" height=\"500\" src=\"https:\/\/www.baler-machines.com\/wp-content\/uploads\/2022\/08\/company-about-us-1.webp\" alt=\"\" class=\"wp-image-2693 size-full\" title=\"\"><\/figure><div class=\"wp-block-media-text__content\"> <p>Zhengzhou Shuliy\u00a0Machinery l\u00e0 m\u1ed9t doanh nghi\u1ec7p s\u1ea3n xu\u1ea5t t\u00edch h\u1ee3p ph\u00e1t tri\u1ec3n, thi\u1ebft k\u1ebf, s\u1ea3n xu\u1ea5t v\u00e0 b\u00e1n thi\u1ebft b\u1ecb c\u01a1 kh\u00ed. C\u00f4ng ty l\u1ea5y \u201ckhoa h\u1ecdc v\u00e0 c\u00f4ng ngh\u1ec7, m\u00f4i tr\u01b0\u1eddng, t\u00e0i nguy\u00ean\u201d l\u00e0m kh\u00e1i ni\u1ec7m c\u1ed1t l\u00f5i v\u00e0 cam k\u1ebft t\u1ea1o ra m\u1ed9t b\u1ed9 s\u01b0u t\u1eadp \u201cnghi\u00ean c\u1ee9u v\u00e0 ph\u00e1t tri\u1ec3n m\u00e1y m\u00f3c t\u00e1i ch\u1ebf m\u00f4i tr\u01b0\u1eddng\u201d, \u201ct\u00e1i ch\u1ebf v\u00e0 th\u00e1o d\u1ee1 ph\u1ebf li\u1ec7u kim lo\u1ea1i v\u00e0 \u00f4 t\u00f4 ph\u1ebf li\u1ec7u\u201d \u201cS\u1eed d\u1ee5ng ch\u1ea5t th\u1ea3i \u0111\u00f4 th\u1ecb v\u00e0 Ph\u00e1t tri\u1ec3n ch\u1ea5t th\u1ea3i sinh ho\u1ea1t nh\u01b0 t\u00e0i nguy\u00ean\u201d, \u201cT\u00e0i nguy\u00ean t\u00e1i t\u1ea1o\u201d v\u00e0 \u201cN\u0103ng l\u01b0\u1ee3ng xanh\u201d trong chu\u1ed7i c\u00f4ng nghi\u1ec7p n\u1ec1n kinh t\u1ebf tu\u1ea7n ho\u00e0n.<\/p> <\/div><\/div>    <p><\/p>    <p>Shuliy\u00a0c\u00f3 c\u00e1c trung t\u00e2m R&amp;D ti\u00ean ti\u1ebfn c\u00f9ng nhi\u1ec1u thi\u1ebft b\u1ecb x\u1eed l\u00fd v\u00e0 c\u01a1 s\u1edf th\u1eed nghi\u1ec7m kh\u00e1c nhau. C\u00f4ng ty c\u00f3 t\u1ed5ng c\u1ed9ng h\u01a1n 100 nh\u00e2n vi\u00ean, trong \u0111\u00f3 h\u01a1n 10 ng\u01b0\u1eddi l\u00e0 k\u1ef9 s\u01b0 ph\u1ee5 tr\u00e1ch ph\u00e1t tri\u1ec3n c\u00f4ng ngh\u1ec7. Gi\u1edd \u0111\u00e2y n\u00f3 \u0111\u00e3 tr\u1edf th\u00e0nh m\u1ed9t doanh nghi\u1ec7p hi\u1ec7n \u0111\u1ea1i t\u1eadp trung v\u00e0o \u201cc\u1eaft nh\u1ecf\u201d v\u00e0 \u201ct\u00e1i ch\u1ebf ch\u1ea5t th\u1ea3i r\u1eafn\u201d.<\/p>    <h2 class=\"wp-block-heading\" id=\"h-hot-products\"><strong>S\u1ea3n ph\u1ea9m hot<\/strong><\/h2>    <p class=\"translation-block\">Ph\u1ea1m vi kinh doanh c\u1ee7a Shuliy Machinery \u0111\u00e3 bao g\u1ed3m t\u00e1i ch\u1ebf, nghi\u1ec1n v\u00e0 ph\u00e2n lo\u1ea1i kim lo\u1ea1i ph\u1ebf li\u1ec7u, l\u1ed1p xe, nh\u1ef1a, g\u1ed7, th\u1ee7y tinh, s\u1ea3n ph\u1ea9m gi\u1ea5y, d\u00e2y v\u00e0 c\u00e1p, v\u00e0 v\u1ecf thi\u1ebft b\u1ecb gia d\u1ee5ng. C\u00e1c s\u1ea3n ph\u1ea9m \u0111\u1ed9c l\u1eadp ch\u1ee7 y\u1ebfu bao g\u1ed3m <strong><a href=\"https:\/\/www.baler-machines.com\/vi\/double-shaft-shredder\/\" target=\"_blank\" rel=\"noreferrer noopener\">m\u00e1y h\u1ee7y hai tr\u1ee5c<\/a>,<a href=\"https:\/\/www.baler-machines.com\/vi\/horizontal-metal-baler\/\" target=\"_blank\" rel=\"noreferrer noopener\"> m\u00e1y \u00e9p kim lo\u1ea1i<\/a>, <a href=\"https:\/\/www.baler-machines.com\/vi\/scrap-metal-chip-briquette-machine\/\" target=\"_blank\" rel=\"noreferrer noopener\">m\u00e1y \u00e9p m\u00f9n kim lo\u1ea1i<\/a>, <a href=\"https:\/\/www.baler-machines.com\/vi\/metal-shears\/\" target=\"_blank\" rel=\"noreferrer noopener\">m\u00e1y c\u1eaft kim lo\u1ea1i<\/a>, <\/strong>v.v. Trong s\u1ed1 c\u00e1c m\u00e1y n\u00e0y, m\u00e1y h\u1ee7y bao g\u1ed3m <a href=\"https:\/\/www.baler-machines.com\/vi\/double-shaft-waste-plastic-shredder-machine\/\" target=\"_blank\" rel=\"noreferrer noopener\">m\u00e1y h\u1ee7y nh\u1ef1a<\/a> v\u00e0 <a href=\"https:\/\/www.baler-machines.com\/vi\/scrap-metal-shredder-machine\/\" target=\"_blank\" rel=\"noreferrer noopener\">m\u00e1y h\u1ee7y th\u00e9p ph\u1ebf li\u1ec7u<\/a>. <\/p>    <div class=\"wp-block-columns is-layout-flex wp-container-core-columns-is-layout-9d6595d7 wp-block-columns-is-layout-flex\"> <div class=\"wp-block-column is-layout-flow wp-block-column-is-layout-flow\"> <figure class=\"wp-block-embed aligncenter is-type-wp-embed is-provider-metal-baler-machine-shuliy-group wp-block-embed-metal-baler-machine-shuliy-group\"><div class=\"wp-block-embed__wrapper\"> <blockquote class=\"wp-embedded-content\" data-secret=\"IRSERQRKM7\"><a href=\"https:\/\/www.baler-machines.com\/vi\/vertical-baler-machine-for-waste-recycling\/\">M\u00e1y \u00e9p d\u1ecdc th\u1ee7y l\u1ef1c cho m\u00e1y \u00e9p t\u00e1i ch\u1ebf ch\u1ea5t th\u1ea3i kh\u00e1c nhau<\/a><\/blockquote><iframe loading=\"lazy\" class=\"wp-embedded-content\" sandbox=\"allow-scripts\" security=\"restricted\" style=\"position: absolute; clip: rect(1px, 1px, 1px, 1px);\" title=\"\u201cM\u00e1y \u0111\u00f3ng ki\u1ec7n d\u1ecdc th\u1ee7y l\u1ef1c cho m\u00e1y \u00e9p t\u00e1i ch\u1ebf ch\u1ea5t th\u1ea3i kh\u00e1c nhau\u201d - M\u00e1y \u0111\u00f3ng ki\u1ec7n kim lo\u1ea1i | T\u1eadp \u0111o\u00e0n Shuliy\" src=\"https:\/\/www.baler-machines.com\/vertical-baler-machine-for-waste-recycling\/embed\/#?secret=ydCtlD8exN#?secret=IRSERQRKM7\" data-secret=\"IRSERQRKM7\" width=\"500\" height=\"282\" frameborder=\"0\" marginwidth=\"0\" marginheight=\"0\" scrolling=\"no\"><\/iframe> <\/div><\/figure> <\/div>    <div class=\"wp-block-column is-layout-flow wp-block-column-is-layout-flow\"> <figure class=\"wp-block-embed aligncenter is-type-wp-embed is-provider-metal-baler-machine-shuliy-group wp-block-embed-metal-baler-machine-shuliy-group\"><div class=\"wp-block-embed__wrapper\"> <blockquote class=\"wp-embedded-content\" data-secret=\"9LwWYJ5YEo\"><a href=\"https:\/\/www.baler-machines.com\/vi\/horizontal-metal-baler\/\">M\u00e1y \u0111\u00f3ng ki\u1ec7n kim lo\u1ea1i ph\u1ebf li\u1ec7u th\u1ee7y l\u1ef1c cho m\u00e1y \u00e9p ki\u1ec7n ch\u1ea5t th\u1ea3i<\/a><\/blockquote><iframe loading=\"lazy\" class=\"wp-embedded-content\" sandbox=\"allow-scripts\" security=\"restricted\" style=\"position: absolute; clip: rect(1px, 1px, 1px, 1px);\" title=\"\u201cM\u00e1y \u0111\u00f3ng ki\u1ec7n kim lo\u1ea1i ph\u1ebf li\u1ec7u th\u1ee7y l\u1ef1c cho m\u00e1y \u00e9p \u0111\u00f3ng ki\u1ec7n th\u1ea3i\u201d - M\u00e1y \u0111\u00f3ng ki\u1ec7n kim lo\u1ea1i | T\u1eadp \u0111o\u00e0n Shuliy\" src=\"https:\/\/www.baler-machines.com\/horizontal-metal-baler\/embed\/#?secret=HKaYa9kYNZ#?secret=9LwWYJ5YEo\" data-secret=\"9LwWYJ5YEo\" width=\"500\" height=\"282\" frameborder=\"0\" marginwidth=\"0\" marginheight=\"0\" scrolling=\"no\"><\/iframe> <\/div><\/figure> <\/div> <\/div>    <div class=\"wp-block-columns is-layout-flex wp-container-core-columns-is-layout-9d6595d7 wp-block-columns-is-layout-flex\"> <div class=\"wp-block-column is-layout-flow wp-block-column-is-layout-flow\"> <figure class=\"wp-block-embed\"><div class=\"wp-block-embed__wrapper\"> <blockquote class=\"wp-embedded-content\" data-secret=\"UvO7JXOTsR\"><a href=\"https:\/\/www.baler-machines.com\/vi\/double-shaft-shredder\/\">M\u00e1y h\u1ee7y tr\u1ee5c \u0111\u00f4i \u0111\u1ec3 b\u0103m nh\u1ecf m\u1ecdi ch\u1ea5t th\u1ea3i<\/a><\/blockquote><iframe loading=\"lazy\" class=\"wp-embedded-content\" sandbox=\"allow-scripts\" security=\"restricted\" style=\"position: absolute; clip: rect(1px, 1px, 1px, 1px);\" title=\"\u201cM\u00e1y h\u1ee7y tr\u1ee5c \u0111\u00f4i \u0111\u1ec3 b\u0103m nh\u1ecf m\u1ecdi ch\u1ea5t th\u1ea3i\u201d - M\u00e1y \u0111\u00f3ng ki\u1ec7n kim lo\u1ea1i | T\u1eadp \u0111o\u00e0n Shuliy\" src=\"https:\/\/www.baler-machines.com\/double-shaft-shredder\/embed\/#?secret=s8sqFAiQ5L#?secret=UvO7JXOTsR\" data-secret=\"UvO7JXOTsR\" width=\"500\" height=\"282\" frameborder=\"0\" marginwidth=\"0\" marginheight=\"0\" scrolling=\"no\"><\/iframe> <\/div><\/figure> <\/div>    <div class=\"wp-block-column is-layout-flow wp-block-column-is-layout-flow\"> <figure class=\"wp-block-embed aligncenter is-type-wp-embed is-provider-metal-baler-machine-shuliy-group wp-block-embed-metal-baler-machine-shuliy-group\"><div class=\"wp-block-embed__wrapper\"> <blockquote class=\"wp-embedded-content\" data-secret=\"n65mtnwAsA\"><a href=\"https:\/\/www.baler-machines.com\/vi\/metal-shears-metal-shearing-machine\/\">M\u00e1y c\u1eaft gi\u00e0n | C\u1eaft kim lo\u1ea1i th\u1ee7y l\u1ef1c<\/a><\/blockquote><iframe loading=\"lazy\" class=\"wp-embedded-content\" sandbox=\"allow-scripts\" security=\"restricted\" style=\"position: absolute; clip: rect(1px, 1px, 1px, 1px);\" title=\"\u201cC\u1eaft gi\u00e0n | M\u00e1y c\u1eaft kim lo\u1ea1i th\u1ee7y l\u1ef1c\u201d \u2014 M\u00e1y \u0111\u00f3ng ki\u1ec7n kim lo\u1ea1i | T\u1eadp \u0111o\u00e0n Shuliy\" src=\"https:\/\/www.baler-machines.com\/metal-shears-metal-shearing-machine\/embed\/#?secret=oa1rEyMTvZ#?secret=n65mtnwAsA\" data-secret=\"n65mtnwAsA\" width=\"500\" height=\"282\" frameborder=\"0\" marginwidth=\"0\" marginheight=\"0\" scrolling=\"no\"><\/iframe> <\/div><\/figure> <\/div> <\/div>    <p><\/p>    <p>S\u1ea3n ph\u1ea9m \u0111\u01b0\u1ee3c b\u00e1n kh\u1eafp c\u1ea3 n\u01b0\u1edbc v\u00e0 xu\u1ea5t kh\u1ea9u sang Nh\u1eadt B\u1ea3n, \u0110\u00f4ng Nam \u00c1, Indonesia, Mayasipan, Hoa K\u1ef3, Philippines, T\u00e2y Ban Nha v\u00e0 c\u00e1c n\u01b0\u1edbc kh\u00e1c. N\u00f3 \u0111\u00e3 c\u00f3 quy\u1ec1n s\u1ea3n xu\u1ea5t ri\u00eang c\u1ee7a m\u00ecnh trong 12 n\u0103m.<\/p>    <h2 class=\"wp-block-heading\"><strong>Ch\u1ee9ng ch\u1ec9<\/strong><\/h2>   <div class=\"wp-block-image\"> <figure class=\"aligncenter size-full\"><img loading=\"lazy\" decoding=\"async\" width=\"750\" height=\"934\" src=\"https:\/\/www.baler-machines.com\/wp-content\/uploads\/2022\/08\/certificates.webp\" alt=\"gi\u1ea5y ch\u1ee9ng nh\u1eadn\" class=\"wp-image-2709\" title=\"\"><figcaption>gi\u1ea5y ch\u1ee9ng nh\u1eadn<\/figcaption><\/figure> <\/div>   <h2 class=\"wp-block-heading\" id=\"h-aim-of-shuliy-machinery\"><strong>M\u1ee5c \u0111\u00edch c\u1ee7a m\u00e1y m\u00f3c Shuliy<\/strong><\/h2>    <p>\u0110\u1ed1i m\u1eb7t v\u1edbi c\u01a1 h\u1ed9i l\u1ecbch s\u1eed \u0111\u1ec3 \u201cph\u1ea5n \u0111\u1ea5u x\u00e2y d\u1ef1ng m\u1ed9t Trung Qu\u1ed1c t\u01b0\u01a1i \u0111\u1eb9p v\u00e0 hi\u1ec7n th\u1ef1c h\u00f3a s\u1ef1 ph\u00e1t tri\u1ec3n b\u1ec1n v\u1eefng c\u1ee7a \u0111\u1ea5t n\u01b0\u1edbc Trung Qu\u1ed1c\u201d, c\u00f4ng ty s\u1ebd quy\u1ebft t\u00e2m h\u01a1n n\u1eefa \u0111\u1ec3 \u0111\u1ea1t \u0111\u01b0\u1ee3c s\u1ef1 ph\u00e1t tri\u1ec3n nh\u1ea3y v\u1ecdt nh\u1edd \u0111\u1ed5i m\u1edbi v\u00e0 cam k\u1ebft x\u00e2y d\u1ef1ng m\u1ed9t doanh nghi\u1ec7p d\u1ecbch v\u1ee5 t\u00e0i nguy\u00ean v\u00e0 m\u00f4i tr\u01b0\u1eddng \u0111\u1ec3 x\u00e2y d\u1ef1ng m\u1ed9t x\u00e3 h\u1ed9i ti\u1ebft ki\u1ec7m t\u00e0i nguy\u00ean v\u00e0 th\u00e2n thi\u1ec7n v\u1edbi m\u00f4i tr\u01b0\u1eddng.<\/p>    <p>S\u1ef1 ph\u00e1t tri\u1ec3n b\u1ec1n v\u1eefng c\u1ee7a x\u00e3 h\u1ed9i lo\u00e0i ng\u01b0\u1eddi g\u00f3p ph\u1ea7n t\u1ea1o n\u00ean s\u1ee9c m\u1ea1nh l\u1edbn h\u01a1n. Ch\u00e0o m\u1eebng kh\u00e1ch h\u00e0ng m\u1edbi v\u00e0 c\u0169 t\u1eeb m\u1ecdi t\u1ea7ng l\u1edbp \u0111\u1ebfn \u0111\u00e0m ph\u00e1n kinh doanh!<\/p>","protected":false},"excerpt":{"rendered":"<p>Company profile Zhengzhou Shuliy\u00a0Machinery is a manufacturing enterprise integrating the development, design, manufacturing, and sales of mechanical equipment. The company takes &#8220;science and technology, environment, resources&#8221; as its core concept, and is committed to creating a collection of &#8220;environmental recycling machinery research and development&#8221;, &#8220;metal waste and scrap car recycling and dismantling&#8221; \u201cUtilization of Urban [&hellip;]<\/p>\n","protected":false},"author":1,"featured_media":0,"parent":0,"menu_order":0,"comment_status":"closed","ping_status":"closed","template":"","meta":{"footnotes":""},"class_list":["post-980","page","type-page","status-publish","hentry"],"_links":{"self":[{"href":"https:\/\/www.baler-machines.com\/vi\/wp-json\/wp\/v2\/pages\/980","targetHints":{"allow":["GET"]}}],"collection":[{"href":"https:\/\/www.baler-machines.com\/vi\/wp-json\/wp\/v2\/pages"}],"about":[{"href":"https:\/\/www.baler-machines.com\/vi\/wp-json\/wp\/v2\/types\/page"}],"author":[{"embeddable":true,"href":"https:\/\/www.baler-machines.com\/vi\/wp-json\/wp\/v2\/users\/1"}],"replies":[{"embeddable":true,"href":"https:\/\/www.baler-machines.com\/vi\/wp-json\/wp\/v2\/comments?post=980"}],"version-history":[{"count":0,"href":"https:\/\/www.baler-machines.com\/vi\/wp-json\/wp\/v2\/pages\/980\/revisions"}],"wp:attachment":[{"href":"https:\/\/www.baler-machines.com\/vi\/wp-json\/wp\/v2\/media?parent=980"}],"curies":[{"name":"wp","href":"https:\/\/api.w.org\/{rel}","templated":true}]}}