{"id":114,"date":"2019-12-04T03:28:48","date_gmt":"2019-12-04T03:28:48","guid":{"rendered":"http:\/\/test.yogurt-machine.com\/?page_id=114"},"modified":"2022-08-05T09:12:17","modified_gmt":"2022-08-05T09:12:17","slug":"contact-service","status":"publish","type":"page","link":"https:\/\/www.baler-machines.com\/vi\/contact-service\/","title":{"rendered":"Li\u00ean h\u1ec7 &amp; D\u1ecbch v\u1ee5"},"content":{"rendered":"<h2 class=\"wp-block-heading\" id=\"h-cooperation-and-win-win\"><strong>H\u1ee3p t\u00e1c v\u00e0 WIN-WIN<\/strong><\/h2>    <p>Cung c\u1ea5p \u0111\u1ea7y \u0111\u1ee7 c\u00e1c h\u1ed7 tr\u1ee3 k\u1ef9 thu\u1eadt v\u00e0 d\u1ecbch v\u1ee5 th\u00e2n m\u1eadt cho kh\u00e1ch h\u00e0ng \u0111\u1ec3 t\u1ea1o ra l\u1ee3i \u00edch kinh t\u1ebf l\u1edbn nh\u1ea5t!<\/p>    <div class=\"wp-block-columns is-layout-flex wp-container-core-columns-is-layout-9d6595d7 wp-block-columns-is-layout-flex\"> <div class=\"wp-block-column is-layout-flow wp-block-column-is-layout-flow\"> <figure class=\"wp-block-image\"><img decoding=\"async\" src=\"https:\/\/www.baler-machines.com\/wp-content\/uploads\/2019\/12\/Group-30-2.png\" alt=\"\" title=\"\"><\/figure>    <p class=\"translation-block\"><strong>Th\u00f4ng tin li\u00ean h\u1ec7<\/strong><\/p>    <p class=\"translation-block\">WhatsApp\/Wechat\/Tel\uff1a<br><strong><em> +86-13673689272<\/em><\/strong><br> \u0110\u1ecba ch\u1ec9 email:<br><strong><em> info@baler-machines.com<\/em><\/strong><\/p> <\/div>    <div class=\"wp-block-column is-layout-flow wp-block-column-is-layout-flow\"> <figure class=\"wp-block-image\"><img decoding=\"async\" src=\"https:\/\/www.baler-machines.com\/wp-content\/uploads\/2019\/12\/Group-34.png\" alt=\"\" title=\"\"><\/figure>    <p class=\"translation-block\"><strong>\u0110\u1ecba \u0111i\u1ec3m nh\u00e0 m\u00e1y<\/strong><\/p>    <p>\u0110\u01b0\u1eddng H\u1ea3i l\u00fd ph\u00eda \u0110\u00f4ng, Khu ph\u00e1t tri\u1ec3n kinh t\u1ebf Tr\u1ecbnh Ch\u00e2u, H\u00e0 Nam, Trung Qu\u1ed1c. Ch\u00e0o m\u1eebng \u0111\u1ebfn th\u0103m nh\u00e0 m\u00e1y c\u1ee7a ch\u00fang t\u00f4i!<\/p> <\/div>    <div class=\"wp-block-column is-layout-flow wp-block-column-is-layout-flow\"> <figure class=\"wp-block-image\"><img decoding=\"async\" src=\"https:\/\/www.baler-machines.com\/wp-content\/uploads\/2019\/12\/Group-35.png\" alt=\"\" title=\"\"><\/figure>    <p class=\"translation-block\"><strong>Ch\u1ee9ng ch\u1ec9 danh d\u1ef1<\/strong><\/p>    <p>C\u00f4ng ty Shuliy \u0111\u00e3 v\u01b0\u1ee3t qua m\u1ed9t lo\u1ea1t c\u00e1c ch\u1ee9ng ch\u1ec9, ch\u1eb3ng h\u1ea1n nh\u01b0 CE, SGS, ISO, T\u00dcV, BV, v.v., \u0111\u1ed3ng th\u1eddi c\u0169ng \u0111\u01b0\u1ee3c \u0111\u00e1nh gi\u00e1 l\u00e0 \u201cDoanh nghi\u1ec7p t\u00f4n tr\u1ecdng h\u1ee3p \u0111\u1ed3ng v\u00e0 gi\u1eef l\u1eddi h\u1ee9a\u201d.<\/p> <\/div> <\/div>    <h2 class=\"wp-block-heading\" id=\"h-customer-service\"><strong>D\u1ecbch v\u1ee5 kh\u00e1ch h\u00e0ng<\/strong><\/h2>    <h3 class=\"wp-block-heading\"><b>Tr\u01b0\u1edbc khi b\u00e1n<\/b><\/h3>    <ul class=\"wp-block-list\"><li>Gi\u00fap kh\u00e1ch h\u00e0ng l\u1ef1a ch\u1ecdn thi\u1ebft b\u1ecb ph\u00f9 h\u1ee3p.<\/li><li>H\u01b0\u1edbng d\u1eabn quy ho\u1ea1ch v\u00e0 l\u1ef1a ch\u1ecdn \u0111\u1ecba \u0111i\u1ec3m x\u01b0\u1edfng s\u1ea3n xu\u1ea5t.<\/li><li>Mi\u1ec5n ph\u00ed c\u1eed k\u1ef9 s\u01b0 \u0111\u1ebfn \u0111\u1ecba \u0111i\u1ec3m c\u1ee7a kh\u00e1ch h\u00e0ng \u0111\u1ec3 thi\u1ebft k\u1ebf k\u1ef9 thu\u1eadt v\u00e0 d\u1ef1 \u00e1n.<\/li><\/ul>    <h3 class=\"wp-block-heading\"><strong><b>\u0110ang b\u00e1n<\/b><\/strong><\/h3>    <ul class=\"wp-block-list\"><li>Cung c\u1ea5p m\u1ed9t lo\u1ea1t gi\u1ea5y ch\u1ee9ng nh\u1eadn ki\u1ec3m tra ch\u1ea5t l\u01b0\u1ee3ng v\u00e0 ki\u1ec3m tra nghi\u00eam ng\u1eb7t s\u1ea3n ph\u1ea9m tr\u01b0\u1edbc khi r\u1eddi kh\u1ecfi nh\u00e0 m\u00e1y.<\/li><li>Cung c\u1ea5p th\u00f4ng tin h\u1eadu c\u1ea7n mi\u1ec5n ph\u00ed v\u00e0 s\u1eafp x\u1ebfp giao h\u00e0ng \u0111\u00fang th\u1eddi gian.<\/li><\/ul>    <h3 class=\"wp-block-heading\"><strong>Sau b\u00e1n h\u00e0ng<\/strong><\/h3>    <ul class=\"wp-block-list\"><li>H\u01b0\u1edbng d\u1eabn s\u1ea3n xu\u1ea5t n\u1ec1n m\u00f3ng c\u00f4ng tr\u01b0\u1eddng mi\u1ec5n ph\u00ed.<\/li><li>Cung c\u1ea5p mi\u1ec5n ph\u00ed h\u01b0\u1edbng d\u1eabn c\u00e0i \u0111\u1eb7t v\u00e0 g\u1ee1 l\u1ed7i sau b\u00e1n h\u00e0ng v\u00e0 \u0111\u00e0o t\u1ea1o b\u1ea3o tr\u00ec thi\u1ebft b\u1ecb.<\/li><li>M\u00e1y gia c\u00f4ng kim lo\u1ea1i \u0111\u1eb9p, c\u1ea3m \u01a1n c\u00f4ng ty Shuliy!<\/li><\/ul>    <h2 class=\"wp-block-heading\" id=\"h-feedback\"><strong>Nh\u1eadn x\u00e9t<\/strong><\/h2>    <p>V\u00ec d\u1ecbch v\u1ee5 c\u1ee7a ch\u00fang t\u00f4i, ch\u00fang t\u00f4i \u0111\u00e3 nh\u1eadn \u0111\u01b0\u1ee3c ph\u1ea3n h\u1ed3i t\u1ed1t t\u1eeb kh\u00e1ch h\u00e0ng! V\u00ed d\u1ee5:<\/p>    <div class=\"wp-block-columns is-layout-flex wp-container-core-columns-is-layout-9d6595d7 wp-block-columns-is-layout-flex\"> <div class=\"wp-block-column is-layout-flow wp-block-column-is-layout-flow\"> <p><img decoding=\"async\" src=\"https:\/\/www.baler-machines.com\/wp-content\/uploads\/2019\/12\/shuliy-customer.jpg\" alt=\"Caio Luiz\" title=\"\"><\/p> <\/div>    <div class=\"wp-block-column is-vertically-aligned-center is-layout-flow wp-block-column-is-layout-flow\"> <p>M\u00e1y Shuliy t\u1ed1t! C\u1ea3m \u01a1n r\u1ea5t nhi\u1ec1u v\u00ec \u0111\u00e3 h\u1ed7 tr\u1ee3 ho\u1ea1t \u0111\u1ed9ng kinh doanh t\u00e1i ch\u1ebf v\u00e0 b\u00e1n ph\u1ebf li\u1ec7u kim lo\u1ea1i c\u1ee7a t\u00f4i.<\/p>    <p><\/p>    <p><\/p> <\/div> <\/div>","protected":false},"excerpt":{"rendered":"<p>Cooperation and WIN-WIN Provide a full range of technical support and intimate services for customers to create the greatest economic benefits! Contact Information WhatsApp\/Wechat\/Tel\uff1a +86-13673689272 Email Address: info@baler-machines.com Factory Location Nautical Road East, Zhengzhou Economic Development Zone, Henan, China. Welcome to visit our factory! Honorary Certificates Shuliy company has passed a series of certificates, such [&hellip;]<\/p>\n","protected":false},"author":1,"featured_media":0,"parent":0,"menu_order":0,"comment_status":"closed","ping_status":"closed","template":"","meta":{"footnotes":""},"class_list":["post-114","page","type-page","status-publish","hentry"],"_links":{"self":[{"href":"https:\/\/www.baler-machines.com\/vi\/wp-json\/wp\/v2\/pages\/114","targetHints":{"allow":["GET"]}}],"collection":[{"href":"https:\/\/www.baler-machines.com\/vi\/wp-json\/wp\/v2\/pages"}],"about":[{"href":"https:\/\/www.baler-machines.com\/vi\/wp-json\/wp\/v2\/types\/page"}],"author":[{"embeddable":true,"href":"https:\/\/www.baler-machines.com\/vi\/wp-json\/wp\/v2\/users\/1"}],"replies":[{"embeddable":true,"href":"https:\/\/www.baler-machines.com\/vi\/wp-json\/wp\/v2\/comments?post=114"}],"version-history":[{"count":0,"href":"https:\/\/www.baler-machines.com\/vi\/wp-json\/wp\/v2\/pages\/114\/revisions"}],"wp:attachment":[{"href":"https:\/\/www.baler-machines.com\/vi\/wp-json\/wp\/v2\/media?parent=114"}],"curies":[{"name":"wp","href":"https:\/\/api.w.org\/{rel}","templated":true}]}}