{"id":461,"date":"2019-12-20T03:54:07","date_gmt":"2019-12-20T03:54:07","guid":{"rendered":"https:\/\/www.baler-machines.com\/?p=461"},"modified":"2022-08-05T07:19:44","modified_gmt":"2022-08-05T07:19:44","slug":"waste-iron-baler-machine-iron-scraps-baling-machine","status":"publish","type":"product","link":"https:\/\/www.baler-machines.com\/tr\/waste-iron-baler-machine-iron-scraps-baling-machine\/","title":{"rendered":"At\u0131k Demir Balya Makinas\u0131 | Demir Hurdas\u0131 Balyalama Makinas\u0131"},"content":{"rendered":"<p class=\"translation-block\">At\u0131k demir balyalama makinesi (demir hurdas\u0131 balyalama makinesi), bir\u00e7ok metal i\u015fleme tesisi, \u00f6zellikle de demir ve \u00e7elik geri d\u00f6n\u00fc\u015f\u00fcm end\u00fcstrilerinin \u00e7o\u011fu i\u00e7in hidrolik tip bir <a href=\"https:\/\/www.baler-machines.com\/tr\/horizontal-metal-baler\/\" target=\"_blank\" rel=\"noreferrer noopener\">metal at\u0131k geri d\u00f6n\u00fc\u015f\u00fcm ekipman\u0131d\u0131r<\/a>. Bu demir hurdas\u0131 balyalama makinesi, makinenin hidrolik bas\u0131nc\u0131 alt\u0131nda her t\u00fcrl\u00fc demir sac\u0131, demir telleri ve demir hurdalar\u0131n\u0131 k\u00fcbik veya silindirik briketler halinde presleyebilir.<\/p>    <h2 class=\"wp-block-heading\" id=\"h-how-to-recycle-the-waste-iron-scraps-and-iron-wires\"><strong>At\u0131k demir art\u0131klar\u0131 ve demir telleri nas\u0131l geri d\u00f6n\u00fc\u015ft\u00fcr\u00fcl\u00fcr?<\/strong><strong><\/strong><\/h2>   <div class=\"wp-block-image\"> <figure class=\"aligncenter size-large is-resized\"><img loading=\"lazy\" decoding=\"async\" src=\"https:\/\/www.baler-machines.com\/wp-content\/uploads\/2019\/12\/horizontal-metal-baler-machine-for-sale.jpg\" alt=\"sat\u0131l\u0131k yatay metal balya makinesi\" class=\"wp-image-462\" width=\"597\" height=\"448\" title=\"\"><figcaption>sat\u0131l\u0131k yatay metal balya makinesi<\/figcaption><\/figure> <\/div>   <p>Demir, g\u00fcnl\u00fck ya\u015fam\u0131m\u0131zda ve end\u00fcstriyel alanlarda en \u00e7ok kullan\u0131lan metal olup, bak\u0131r ve al\u00fcminyum gibi di\u011fer metal t\u00fcrlerine g\u00f6re nispeten zengindir. Mevcut metal fabrikalar\u0131nda demir \u00fcr\u00fcnlerinin i\u015flenmesi s\u0131ras\u0131nda bir\u00e7ok at\u0131k ortaya \u00e7\u0131kaca\u011f\u0131ndan, bir\u00e7ok metal \u00fcreticisinin daha fazla kar elde edebilmesi i\u00e7in bu demir at\u0131klar\u0131n\u0131n yeniden kullan\u0131lmas\u0131 \u00e7ok \u00f6nemlidir. Sac balyalama makinesi, \u00e7e\u015fitli hurda demir at\u0131klar\u0131n\u0131n kolay depolanmas\u0131 ve ta\u015f\u0131nmas\u0131 i\u00e7in bloklar halinde balyalanmas\u0131 i\u00e7in \u00f6zel olarak tasarlanm\u0131\u015ft\u0131r.<\/p>    <h2 class=\"wp-block-heading\" id=\"h-waste-iron-baler-machine-description\"><strong>At\u0131k demir balya makinesi a\u00e7\u0131klamas\u0131<\/strong><strong><\/strong><\/h2>    <p>Hurda demir balya makinesi, hacmini b\u00fcy\u00fck \u00f6l\u00e7\u00fcde azaltmak, teslimat hacmini azaltmak, navlun tasarrufu sa\u011flamak ve \u015firketin ekonomik faydalar\u0131n\u0131 art\u0131rmak i\u00e7in normal ko\u015fullar alt\u0131nda her t\u00fcrl\u00fc hurda metali kat\u0131 bloklara veya s\u00fctunlara s\u0131k\u0131\u015ft\u0131rmak i\u00e7in kullan\u0131l\u0131r. <\/p>    <figure class=\"wp-block-gallery has-nested-images columns-default is-cropped wp-block-gallery-2 is-layout-flex wp-block-gallery-is-layout-flex\"> <figure class=\"wp-block-image size-large\"><img loading=\"lazy\" decoding=\"async\" width=\"405\" height=\"540\" data-id=\"463\" src=\"https:\/\/www.baler-machines.com\/wp-content\/uploads\/2019\/12\/metal-baling-machines-are-in-manufacturing.jpg\" alt=\"metal baling machines are in manufacturing\" class=\"wp-image-463\" title=\"\"><figcaption>Metal Balya Makinalar\u0131 \u0130malata Ba\u015fl\u0131yor<\/figcaption><\/figure>    <figure class=\"wp-block-image size-large\"><img loading=\"lazy\" decoding=\"async\" width=\"405\" height=\"540\" data-id=\"464\" src=\"https:\/\/www.baler-machines.com\/wp-content\/uploads\/2019\/12\/scrap-metal-baler-factory.jpg\" alt=\"scrap metal baler factory\" class=\"wp-image-464\" title=\"\"><figcaption>Hurda Metal Balya Fabrikas\u0131<\/figcaption><\/figure> <\/figure>    <p>Hurda demir sac balyalama makinesi, m\u00fckemmel sertlik ve g\u00fcvenilirlik, benzersiz tasar\u0131m, basit kullan\u0131m, uygun bak\u0131m, y\u00fcksek g\u00fcvenlik, \u00e7evre koruma ve enerji tasarrufu avantajlar\u0131na sahiptir. Metal paketleme makinesi, \u00e7e\u015fitli metal izabe tesislerinde, kullan\u0131lm\u0131\u015f malzeme geri d\u00f6n\u00fc\u015f\u00fcm istasyonlar\u0131nda ve di\u011fer i\u015fletmelerde yayg\u0131n olarak kullan\u0131labilir. <\/p>    <p>\u00c7e\u015fitli at\u0131k metal malzemelerin geri d\u00f6n\u00fc\u015f\u00fcm\u00fc i\u00e7in uygundur. Bu hidrolik metal balyalama makinesi, i\u015fg\u00fcc\u00fc verimlili\u011fini art\u0131rmak, emek yo\u011funlu\u011funu azaltmak, insan kaynaklar\u0131ndan tasarruf etmek ve nakliye maliyetlerini azaltmak i\u00e7in iyi bir ekipmand\u0131r.<\/p>    <h2 class=\"wp-block-heading\" id=\"h-main-features-of-the-iron-scraps-baling-machine\"><strong>Demir art\u0131klar\u0131 balyalama makinesinin ana \u00f6zellikleri<\/strong><strong><\/strong><\/h2>    <p>1. Demir art\u0131klar\u0131 balyalama makinesinin otomatik \u00fcretimi kolayd\u0131r. Di\u011fer end\u00fcstriyel ekipmanlarla kar\u015f\u0131la\u015ft\u0131r\u0131ld\u0131\u011f\u0131nda rahat \u00e7al\u0131\u015fma, enerji tasarrufu, kompakt yap\u0131 ve y\u00fcksek \u00e7al\u0131\u015fma verimlili\u011fi avantajlar\u0131na sahiptir.<\/p>    <p>2. Metal balyalama makinesinin hidrolik transmisyon sistemi, t\u00fcm paketleme s\u00fcrecinin daha verimli \u00e7al\u0131\u015fmas\u0131n\u0131 sa\u011flayabilen \u00fcst\u00fcn performansa sahip en yeni tasar\u0131m\u0131 benimser.<\/p>    <p>3. Makinenin kontrol sistemi, PLC otomatik kontrol\u00fc veya k\u00fclb\u00fct\u00f6r\u00fcn manuel \u00e7al\u0131\u015ft\u0131r\u0131lmas\u0131yla kontrol edilebilir ve m\u00fc\u015fteriler ihtiya\u00e7lar\u0131na g\u00f6re se\u00e7im yapabilir.<\/p>   <div class=\"wp-block-image\"> <figure class=\"aligncenter size-large is-resized\"><img loading=\"lazy\" decoding=\"async\" src=\"https:\/\/www.baler-machines.com\/wp-content\/uploads\/2019\/12\/waste-metal-scraps-are-baled-for-recycling.jpg\" alt=\"at\u0131k metal hurdalar\u0131 geri d\u00f6n\u00fc\u015f\u00fcm i\u00e7in balyalan\u0131yor\" class=\"wp-image-466\" width=\"597\" height=\"489\" title=\"\"><figcaption>at\u0131k metal hurdalar\u0131 geri d\u00f6n\u00fc\u015f\u00fcm i\u00e7in balyalan\u0131yor<\/figcaption><\/figure> <\/div>   <h2 class=\"wp-block-heading\" id=\"h-technical-data-of-the-iron-wires-baling-machine\"><strong>Demir tel balyalama makinesinin teknik verileri<\/strong><strong><\/strong><\/h2>    <figure class=\"wp-block-table\"><table><tbody><tr><td>Modeli<\/td><td>\u0130tme G\u00fcc\u00fc<\/td><td>S\u0131k\u0131\u015ft\u0131r\u0131lm\u0131\u015f depo (mm)<\/td><td>Balya boyutu<br>(mm)<\/td><td>Blok yo\u011funlu\u011fu(kg\/saat)<\/td><td>&nbsp;Verimlilik (kg\/saat)<\/td><td>Tek \u00e7evrim s\u00fcresi\/s\u00fcreleri<\/td><td>G\u00fc\u00e7(kW)<\/td><\/tr><tr><td>Y81-1250A<\/td><td>1250<\/td><td>1200*700*600<\/td><td>300*300<\/td><td>\u22652000<\/td><td>1200-1800<\/td><td>\u2264120<\/td><td>15<\/td><\/tr><tr><td>Y81-1250B<\/td><td>1250<\/td><td>1400*800*700<\/td><td>300*300<\/td><td>\u22652000<\/td><td>1600-2300<\/td><td>\u2264140<\/td><td>15<\/td><\/tr><tr><td>Y81-1350<\/td><td>1350<\/td><td>1400*600*600<\/td><td>600*240<\/td><td>\u22652000<\/td><td>1600-2500<\/td><td>\u2264100<\/td><td>18.5<\/td><\/tr><tr><td>Y81-1600A<\/td><td>1600<\/td><td>1600*1000*800<\/td><td>400*400<\/td><td>\u22652000<\/td><td>2000-3500<\/td><td>\u2264120<\/td><td>22<\/td><\/tr><tr><td>Y81-1600B<\/td><td>1600<\/td><td>1600*1200*800<\/td><td>400*400<\/td><td>\u22652000<\/td><td>2000-4000<\/td><td>\u2264130<\/td><td>30<\/td><\/tr><tr><td>Y81-2000A<\/td><td>2000<\/td><td>1600*1200*800<\/td><td>400*400<\/td><td>\u22652000<\/td><td>2500-4500<\/td><td>\u2264130<\/td><td>22\/15<\/td><\/tr><tr><td>Y81-2000B<\/td><td>2000<\/td><td>1800*1400*900<\/td><td>450*450<\/td><td>\u22652000<\/td><td>3000-5000<\/td><td>\u2264130<\/td><td>30\/37<\/td><\/tr><tr><td>Y81-2500A<\/td><td>2500<\/td><td>2000*1400*900<\/td><td>500*500<\/td><td>\u22652000<\/td><td>4000-6300<\/td><td>\u2264130<\/td><td>44\/60<\/td><\/tr><tr><td>Y81-2500B<\/td><td>2500<\/td><td>2000*1750*1000<\/td><td>500*500<\/td><td>\u22652000<\/td><td>5000-6300<\/td><td>\u2264150<\/td><td>44<\/td><\/tr><tr><td>Y81-2500C<\/td><td>2500<\/td><td>2000*1750*1200<\/td><td>600*600<\/td><td>\u22652000<\/td><td>5500-6500<\/td><td>\u2264150<\/td><td>60<\/td><\/tr><tr><td>Y81-2500D<\/td><td>2500<\/td><td>2500*2000*1200<\/td><td>600*600<\/td><td>\u22652000<\/td><td>5500-6500<\/td><td>\u2264150<\/td><td>60<\/td><\/tr><tr><td>Y81-3150A<\/td><td>3150<\/td><td>2000*1750*1000<\/td><td>500*500<\/td><td>\u22652000<\/td><td>4000-6500<\/td><td>\u2264150<\/td><td>60<\/td><\/tr><tr><td>Y81-3150B<\/td><td>3150<\/td><td>2000*1750*1200<\/td><td>600*600<\/td><td>\u22652000<\/td><td>5000-7000<\/td><td>\u2264150<\/td><td>60<\/td><\/tr><tr><td>Y81-3150C<\/td><td>3150<\/td><td>2500*2000*1200<\/td><td>600*600<\/td><td>\u22652000<\/td><td>6000-8000<\/td><td>\u2264150<\/td><td>90<\/td><\/tr><tr><td>Y81-3150D<\/td><td>3150<\/td><td>3000*2500*1200<\/td><td>600*600<\/td><td>\u22652000<\/td><td>6000-8000<\/td><td>\u2264160<\/td><td>90<\/td><\/tr><tr><td>Y81-4000A<\/td><td>4000<\/td><td>2500*2000*1200<\/td><td>600*600<\/td><td>\u22652000<\/td><td>5000-7500<\/td><td>\u2264160<\/td><td>90<\/td><\/tr><tr><td>Y81-4000B<\/td><td>4000<\/td><td>3000*2500*1200<\/td><td>600*600<\/td><td>\u22652000<\/td><td>8500-13000<\/td><td>\u2264160<\/td><td>90<\/td><\/tr><tr><td>Y81-4000C<\/td><td>4000<\/td><td>3500*3000*1200<\/td><td>600*600<\/td><td>\u22652000<\/td><td>9500-14000<\/td><td>\u2264160<\/td><td>90<\/td><\/tr><\/tbody><\/table><\/figure>","protected":false},"excerpt":{"rendered":"<p>Bu demir hurda pres makinesi, hidrolik bas\u0131n\u00e7 alt\u0131nda t\u00fcm demir levhalar\u0131, demir telleri ve demir hurdalar\u0131 k\u00fcbik veya silindirik briketler halinde presleyebilir.<\/p>","protected":false},"author":1,"featured_media":2675,"parent":0,"template":"","tags":[159,22,209,595],"product-type":[563],"class_list":["post-461","product","type-product","status-publish","has-post-thumbnail","hentry","tag-metal-baler","tag-metal-baling-machine","tag-scrap-metal-baling-machine","tag-waste-iron-baler-machine","product-type-baler-machine"],"_links":{"self":[{"href":"https:\/\/www.baler-machines.com\/tr\/wp-json\/wp\/v2\/product\/461","targetHints":{"allow":["GET"]}}],"collection":[{"href":"https:\/\/www.baler-machines.com\/tr\/wp-json\/wp\/v2\/product"}],"about":[{"href":"https:\/\/www.baler-machines.com\/tr\/wp-json\/wp\/v2\/types\/product"}],"author":[{"embeddable":true,"href":"https:\/\/www.baler-machines.com\/tr\/wp-json\/wp\/v2\/users\/1"}],"wp:featuredmedia":[{"embeddable":true,"href":"https:\/\/www.baler-machines.com\/tr\/wp-json\/wp\/v2\/media\/2675"}],"wp:attachment":[{"href":"https:\/\/www.baler-machines.com\/tr\/wp-json\/wp\/v2\/media?parent=461"}],"wp:term":[{"taxonomy":"post_tag","embeddable":true,"href":"https:\/\/www.baler-machines.com\/tr\/wp-json\/wp\/v2\/tags?post=461"},{"taxonomy":"product-type","embeddable":true,"href":"https:\/\/www.baler-machines.com\/tr\/wp-json\/wp\/v2\/product-type?post=461"}],"curies":[{"name":"wp","href":"https:\/\/api.w.org\/{rel}","templated":true}]}}