{"id":4339,"date":"2026-04-24T14:49:56","date_gmt":"2026-04-24T06:49:56","guid":{"rendered":"https:\/\/www.baler-machines.com\/?post_type=product&#038;p=4339"},"modified":"2026-04-24T17:56:08","modified_gmt":"2026-04-24T09:56:08","slug":"vertical-tyre-baler-for-sale","status":"publish","type":"product","link":"https:\/\/www.baler-machines.com\/tr\/vertical-tyre-baler-for-sale\/","title":{"rendered":"Sat\u0131\u015fta Dikey Lastik S\u0131k\u0131\u015ft\u0131r\u0131c\u0131"},"content":{"rendered":"<p class=\"translation-block\">Shuliy dikey <strong>lastik balyalama presi<\/strong>, at\u0131k lastiklerin geri d\u00f6n\u00fc\u015f\u00fcm\u00fc ve s\u0131k\u0131\u015ft\u0131r\u0131lmas\u0131 i\u00e7in tasarlanm\u0131\u015ft\u0131r. At\u0131k lastikleri y\u00fcksek yo\u011funluklu dikd\u00f6rtgen bloklara s\u0131k\u0131\u015ft\u0131r\u0131r, hacimlerini \u00f6nemli \u00f6l\u00e7\u00fcde azalt\u0131r, depolama ve ta\u015f\u0131ma kolayl\u0131\u011f\u0131 sa\u011flar, geri d\u00f6n\u00fc\u015f\u00fcm verimlili\u011fini ve lojistik y\u00f6netimini art\u0131r\u0131r.<\/p>    <p class=\"translation-block\">Balya boyutu <strong>1500 mm* 1000 mm*1200 mm (Uzunluk*Geni\u015flik*Y\u00fckseklik)<\/strong>, balya a\u011f\u0131rl\u0131\u011f\u0131 <strong>1.2 t<\/strong> ve kapasitesi <strong>3\u20134 balya\/saat.<\/strong> Balya yo\u011funlu\u011fu <strong>\u2265300-400kg\/m<sup>3<\/sup><\/strong>.<\/p>    <p>At\u0131k lastik geri d\u00f6n\u00fc\u015f\u00fcm merkezleri, at\u0131k i\u015fleme tesisleri, kau\u00e7uk geri d\u00f6n\u00fc\u015f\u00fcm \u015firketleri ve kentsel \u00e7evre koruma projelerinde yayg\u0131n olarak kullan\u0131l\u0131r.<\/p>    <figure class=\"wp-block-embed is-type-video is-provider-youtube wp-block-embed-youtube wp-embed-aspect-16-9 wp-has-aspect-ratio\"><div class=\"wp-block-embed__wrapper\"> <iframe loading=\"lazy\" title=\"Geri D\u00f6n\u00fc\u015f\u00fcm i\u00e7in Dikey Hidrolik Lastik S\u0131k\u0131\u015ft\u0131r\u0131c\u0131 | Y\u00fcksek Yo\u011funluklu At\u0131k Lastik S\u0131k\u0131\u015ft\u0131rma Makinesi #lastik\" width=\"500\" height=\"281\" src=\"https:\/\/www.youtube.com\/embed\/M0gsUKjVAxA?feature=oembed\" frameborder=\"0\" allow=\"accelerometer; autoplay; clipboard-write; encrypted-media; gyroscope; picture-in-picture; web-share\" referrerpolicy=\"strict-origin-when-cross-origin\" allowfullscreen><\/iframe> <\/div><figcaption class=\"wp-element-caption\">lastik s\u0131k\u0131\u015ft\u0131rma makinesi videosu<\/figcaption><\/figure>    <h2 class=\"wp-block-heading\"><strong>Dikey lastik s\u0131k\u0131\u015ft\u0131r\u0131c\u0131 makinesinin teknik parametreleri<\/strong><\/h2>    <p>Dikey balyalama genellikle 200T model lastik balyalama i\u00e7in kullan\u0131l\u0131r. Spesifik \u00f6zellikler a\u015fa\u011f\u0131daki tabloda g\u00f6sterilmi\u015ftir.<\/p>    <figure class=\"wp-block-table\"><table class=\"has-fixed-layout\"><tbody><tr><td colspan=\"2\">Modeli<\/td><td colspan=\"2\">Model 200 Dikey Lastik S\u0131k\u0131\u015ft\u0131r\u0131c\u0131<\/td><\/tr><tr><td colspan=\"2\">Hidrolik Vana<\/td><td colspan=\"2\">ZDL-L20-2W<\/td><\/tr><tr><td colspan=\"2\">Ya\u011f Pompas\u0131<\/td><td colspan=\"2\">HY80 De\u011fi\u015fken Y\u00fcksek Bas\u0131n\u00e7l\u0131 Piston Pompas\u0131<\/td><\/tr><tr><td colspan=\"2\">Ana Bas\u0131n\u00e7 Silindiri<\/td><td colspan=\"2\">D\u0131\u015f \u00c7ap: \u0424220mm-1500mm \u00d7 2<\/td><\/tr><tr><td colspan=\"2\">Kap\u0131 A\u00e7ma Silindiri<\/td><td colspan=\"2\">D\u0131\u015f \u00c7ap: \u0424114mm-400mm \u00d7 2<\/td><\/tr><tr><td colspan=\"2\" rowspan=\"2\">Motor<\/td><td>Ana Motor<\/td><td>Motor Markas\u0131<\/td><\/tr><tr><td>22KW<\/td><td>Hujiang Motor Fabrikas\u0131<\/td><\/tr><tr><td colspan=\"2\" rowspan=\"2\">Sistem \u00c7al\u0131\u015fma Parametreleri<\/td><td colspan=\"2\">\u00c7al\u0131\u015fma Bas\u0131nc\u0131: 20MPa<\/td><\/tr><tr><td colspan=\"2\">De\u011ferlendirilmi\u015f Bas\u0131n\u00e7: 31.5MPa<\/td><\/tr><tr><td colspan=\"2\">G\u00fc\u00e7 Kayna\u011f\u0131 \u00d6zellikleri<\/td><td colspan=\"2\">3 Faz, 380V<\/td><\/tr><tr><td colspan=\"2\">Kontrol Sistemi<\/td><td colspan=\"2\">Ba\u011f\u0131ms\u0131z Kontrol Kabini (S\u0131z\u0131nt\u0131 Korumas\u0131 ile)<\/td><\/tr><tr><td colspan=\"2\" rowspan=\"2\">Hidrolik Ya\u011f S\u0131n\u0131f\u0131<\/td><td colspan=\"2\">#46 A\u015f\u0131nmaya dayan\u0131kl\u0131 Hidrolik Ya\u011f<\/td><\/tr><tr><td colspan=\"2\">Ya\u011f Tank\u0131 Kapasitesi: 600L<\/td><\/tr><tr><td colspan=\"2\">Balyalama Sistemi<\/td><td colspan=\"2\">8 Tellilik Ba\u011flama (\u00c7elik Tel Ba\u011flar)<\/td><\/tr><tr><td rowspan=\"8\">Makine \u00d6zellikleri<\/td><td rowspan=\"2\">Ayak izi<\/td><td colspan=\"2\">(Uzunluk x Geni\u015flik x Y\u00fckseklik) 5300mm*5000mm*4500mm<\/td><\/tr><tr><td colspan=\"2\">Ana \u00dcnite   Hidrolik \u0130stasyon (Yatay D\u00fczen)<\/td><\/tr><tr><td>Besleme A\u00e7\u0131kl\u0131\u011f\u0131 Boyutu<\/td><td colspan=\"2\">(Uzunluk x Geni\u015flik) 1600mm*1000mm<\/td><\/tr><tr><td>Balya Boyutu<\/td><td colspan=\"2\">L 1500 mm * G 1000 mm * Y 1200 mm<\/td><\/tr><tr><td>Balya Yo\u011funlu\u011fu<\/td><td colspan=\"2\">\u2265300-400kg\/m<sup>3<\/sup><\/td><\/tr><tr><td>\u00c7\u0131k\u0131\u015f<\/td><td colspan=\"2\">3\u20134 balya\/saat<\/td><\/tr><tr><td>Balya A\u011f\u0131rl\u0131\u011f\u0131<\/td><td colspan=\"2\">1.2 ton<\/td><\/tr><tr><td>A\u011f\u0131rl\u0131k<\/td><td colspan=\"2\">Yakla\u015f\u0131k 6 ton<\/td><\/tr><\/tbody><\/table><figcaption class=\"wp-element-caption\">200T lastik balyalama makinesi parametreleri<\/figcaption><\/figure>    <h2 class=\"wp-block-heading\"><strong>Avantajlar <strong>hidrolik<\/strong><\/strong> <strong>lastik s\u0131k\u0131\u015ft\u0131r\u0131c\u0131 makinesi<\/strong><\/h2>    <ul class=\"wp-block-list\"> <li>Hidrolik \u00e7al\u0131\u015fma, kompakt tasar\u0131m ve <strong>k\u00fc\u00e7\u00fck alan<\/strong><\/li>    <li><strong>Ta\u015f\u0131nabilir kurulum<\/strong>, basit kullan\u0131m ve kolay bak\u0131m<\/li>    <li>G\u00fcvenilir s\u0131zd\u0131rmazl\u0131k, y\u00fcksek stabilite ve s\u00fcrekli \u00e7al\u0131\u015fma<\/li>    <li><strong>Esnek ayar<\/strong> ile <strong>br\u00fctim \u00f6zellikleri ve boyutlar\u0131<\/strong> Kolay ta\u015f\u0131maya ve depolamaya uygun<\/li>    <li><strong>Y\u00fcksek yo\u011funluklu s\u0131k\u0131\u015ft\u0131rma<\/strong>, i\u015f\u00e7ilik ve ta\u015f\u0131ma maliyetlerini azalt\u0131r<\/li>    <li><strong>Geni\u015f uygulama alanlar\u0131<\/strong> \u00e7e\u015fitli lastikler <ul class=\"wp-block-list\"> <li>Araba lastikleri<\/li>    <li>Kamyon lastikleri<\/li>    <li>Otr lastikleri<\/li> <\/ul> <\/li>    <li><strong>\u00d6zel<\/strong> Talep \u00fczerine mevcut konfig\u00fcrasyonlar <ul class=\"wp-block-list\"> <li>Makine rengi<\/li>    <li>Makine voltaj\u0131 ve g\u00fcc\u00fc<\/li>    <li>Balya boyutu<\/li> <\/ul> <\/li> <\/ul>    <h2 class=\"wp-block-heading\"><strong>Dikey ve yatay lastik balyalama kar\u015f\u0131la\u015ft\u0131rmas\u0131<\/strong><\/h2>    <p class=\"translation-block\">Lastik balyalama i\u00e7in iki tip lastik balyalama makinesi piyasaya s\u00fcrd\u00fck: <strong>Dikey Lastik Balyalama<\/strong> ve <strong><a href=\"https:\/\/www.baler-machines.com\/tr\/hydraulic-tyre-tire-baler-for-sale\/\">Yatay Lastik Balyalama<\/a><\/strong>.<\/p>    <p>\u0130ki balyalama makinesinin kar\u015f\u0131la\u015ft\u0131rmas\u0131:<\/p>    <figure class=\"wp-block-table\"><table><tbody><tr><td><strong>S\u0131k\u0131\u015ft\u0131r\u0131c\u0131 tipi<\/strong><\/td><td><strong>Dikey Lastik Balyalama<\/strong><\/td><td><strong>Yatay Lastik Presleme Makinesi<\/strong><\/td><\/tr><tr><td><strong>Uygulamalar<\/strong><\/td><td>At\u0131k lastik toplama istasyonlar\u0131 ve s\u0131n\u0131rl\u0131 alanl\u0131 k\u00fc\u00e7\u00fck geri d\u00f6n\u00fc\u015f\u00fcm tesisleri<\/td><td>B\u00fcy\u00fck at\u0131k i\u015fleme tesisleri, ihracat\u00e7\u0131lar<\/td><\/tr><tr><td><strong>Ana \u00d6zellikler<\/strong><\/td><td>Kompakt alan<br>Basit operasyon<br>Kolay bak\u0131m<\/td><td>Geni\u015f alan<br>Y\u00fcksek s\u0131k\u0131\u015ft\u0131rma kuvveti<br>Y\u00fcksek \u00e7\u0131kt\u0131<br>Y\u00fcksek s\u00fcrekli \u00e7al\u0131\u015fma verimlili\u011fi<\/td><\/tr><tr><td><strong>Besleme Y\u00f6ntemi<\/strong><\/td><td>Manuel veya vin\u00e7li y\u00fckleme<\/td><td>Kemerli\/kurtarma vinci ile otomatik y\u00fckleme<\/td><\/tr><tr><td><strong>Uygun \u00d6l\u00e7ek<\/strong><\/td><td>K\u00fc\u00e7\u00fck ila orta i\u015flem kapasitesi<\/td><td>B\u00fcy\u00fck \u00f6l\u00e7ekli s\u00fcrekli \u00fcretim hatlar\u0131<\/td><\/tr><\/tbody><\/table><figcaption class=\"wp-element-caption\">dikey lastik balyalama vs. yatay lastik balyalama<\/figcaption><\/figure>    <ul class=\"wp-block-list\"> <li>K\u00fc\u00e7\u00fck Geri D\u00f6n\u00fc\u015f\u00fcm Merkezleri veya KOB\u0130'ler i\u00e7in \u00f6nerilir: <strong>Dikey Lastik Balyalama<\/strong>\u2014M\u00fckemmel de\u011fer sa\u011flar, minimum alan gerektirir ve kullan\u0131m\u0131 kolayd\u0131r.<\/li>    <li>B\u00fcy\u00fck \u00d6l\u00e7ekli Geri D\u00f6n\u00fc\u015f\u00fcm Tesisleri veya \u0130hracat\u00e7\u0131lar i\u00e7in \u00f6nerilir: <strong>Yatay Lastik Presleme Makinesi<\/strong>\u2014S\u00fcrekli, y\u00fcksek hacimli operasyonlar ve y\u00fcksek \u00e7\u0131kt\u0131 gereksinimleri i\u00e7in idealdir; entegre, u\u00e7tan uca geri d\u00f6n\u00fc\u015f\u00fcm \u00e7\u00f6z\u00fcmlerini destekler.<\/li> <\/ul>    <figure class=\"wp-block-gallery has-nested-images columns-default is-cropped wp-block-gallery-2 is-layout-flex wp-block-gallery-is-layout-flex\"><div class=\"wp-block-image\"> <figure class=\"aligncenter size-large\"><img loading=\"lazy\" decoding=\"async\" width=\"720\" height=\"540\" data-id=\"4188\" src=\"https:\/\/www.baler-machines.com\/wp-content\/uploads\/2025\/05\/shuliy-tire-baling-machine.webp\" alt=\"Shuliy lastik balyalama makinesi\" class=\"wp-image-4188\" title=\"\" srcset=\"https:\/\/www.baler-machines.com\/wp-content\/uploads\/2025\/05\/shuliy-tire-baling-machine.webp 720w, https:\/\/www.baler-machines.com\/wp-content\/uploads\/2025\/05\/shuliy-tire-baling-machine-16x12.webp 16w\" sizes=\"auto, (max-width: 720px) 100vw, 720px\" \/><\/figure> <\/div><\/figure>    <h2 class=\"wp-block-heading\"><strong>Dikey lastik s\u0131k\u0131\u015ft\u0131r\u0131c\u0131 makinesinin benzersiz yap\u0131 tasar\u0131m\u0131<\/strong><\/h2>    <p class=\"translation-block\"><strong>dikey lastik balyalama pres makinesi<\/strong>, y\u00fcksek verimlilik, g\u00fcvenlik ve kullan\u0131m kolayl\u0131\u011f\u0131 sa\u011flayan <strong>benzersiz ve iyi d\u00fc\u015f\u00fcn\u00fclm\u00fc\u015f bir yap\u0131ya<\/strong> sahiptir.<\/p>    <ol class=\"wp-block-list\"> <li>Rebound \u00d6nleme Mekanizmas\u0131 <ul class=\"wp-block-list\"> <li><strong>G\u00fcvenlik sa\u011fla operat\u00f6rler i\u00e7in<\/strong>, hidrolik sistemi koruyun ve \u00fcretin <strong>birbirine e\u015fit, y\u00fcksek yo\u011funluklu lastik balyalar\u0131<\/strong><\/li> <\/ul> <\/li>    <li>Otomatik Balya Atma Sistemi <ul class=\"wp-block-list\"> <li><strong>Manuel i\u015f g\u00fcc\u00fcn\u00fc azalt\u0131n<\/strong>, \u00fcretim verimlili\u011fini art\u0131r\u0131r ve a\u011f\u0131r balyalar\u0131n elle ta\u015f\u0131nmas\u0131ndan kaynaklanan yaralanma riskini en aza indirir<\/li> <\/ul> <\/li>    <li>Kompakt Dikey Tasar\u0131m <ul class=\"wp-block-list\"> <li><strong>Zemin alan\u0131n\u0131 koruyun<\/strong>, kolay entegrasyon ile tutma besleyicileri veya konvey\u00f6r sistemleri<\/li> <\/ul> <\/li>    <li>Dayan\u0131kl\u0131 Hidrolik Sistem <ul class=\"wp-block-list\"> <li>Sa\u011flamla\u015ft\u0131r <strong>uzun \u00f6m\u00fcrl\u00fc, stabil \u00e7al\u0131\u015fma<\/strong> s\u00fcrekli a\u011f\u0131r \u00e7al\u0131\u015fma alt\u0131nda bile<\/li> <\/ul> <\/li> <\/ol>   <div class=\"wp-block-image\"> <figure class=\"aligncenter size-full\"><img loading=\"lazy\" decoding=\"async\" width=\"720\" height=\"540\" src=\"https:\/\/www.baler-machines.com\/wp-content\/uploads\/2026\/04\/design-of-waste-tyre-baler-machine.webp\" alt=\"at\u0131k lastik s\u0131k\u0131\u015ft\u0131r\u0131c\u0131 makinesi tasar\u0131m\u0131\" class=\"wp-image-4343\" title=\"\" srcset=\"https:\/\/www.baler-machines.com\/wp-content\/uploads\/2026\/04\/design-of-waste-tyre-baler-machine.webp 720w, https:\/\/www.baler-machines.com\/wp-content\/uploads\/2026\/04\/design-of-waste-tyre-baler-machine-16x12.webp 16w\" sizes=\"auto, (max-width: 720px) 100vw, 720px\" \/><figcaption class=\"wp-element-caption\">at\u0131k lastik s\u0131k\u0131\u015ft\u0131r\u0131c\u0131 makinesi tasar\u0131m\u0131<\/figcaption><\/figure> <\/div>   <p class=\"translation-block\"><strong>M\u00fc\u015fteriler i\u00e7in ama\u00e7lanan fayda:<\/strong><\/p>    <p class=\"translation-block\">Bu tasar\u0131m, geri d\u00f6n\u00fc\u015f\u00fcm i\u015fletmelerinin <strong>lastikleri g\u00fcvenli ve verimli bir \u015fekilde s\u0131k\u0131\u015ft\u0131rmas\u0131n\u0131<\/strong> sa\u011flar, depolama alan\u0131n\u0131 maksimize eder, i\u015f\u00e7ilik maliyetlerini azalt\u0131r ve tutarl\u0131 balya kalitesini korur, b\u00f6ylece operasyonlar\u0131 daha ak\u0131c\u0131 ve maliyet a\u00e7\u0131s\u0131ndan daha verimli hale getirir.<\/p>    <h2 class=\"wp-block-heading\"><strong>What&#8217;s the hydraulic tyre baler price?<\/strong><\/h2>    <p class=\"translation-block\">Bu dikey hidrolik lastik s\u0131k\u0131\u015ft\u0131r\u0131c\u0131 i\u00e7in fiyat <strong><em>$3,000-10,000 birim ba\u015f\u0131na<\/em><\/strong>.<\/p>    <p>Makine fiyat\u0131 \u015fu fakt\u00f6rlerden etkilenir:<\/p>    <ul class=\"wp-block-list\"> <li>Bas\u0131n\u00e7 (ton)<\/li>    <li>Fonksiyonel \u00f6zellikler<\/li>    <li>\u00d6zelle\u015ftirme gereksinimleri<\/li> <\/ul>    <p class=\"translation-block\">Bug\u00fcn bizimle ileti\u015fime ge\u00e7in, kesin fiyat teklifi ve \u00f6zelle\u015ftirilmi\u015f \u00e7\u00f6z\u00fcm  sizin \u00fcretim ihtiya\u00e7lar\u0131n\u0131za uygun!<\/p>    <h2 class=\"wp-block-heading\"><strong>Neden Shuliy lastik s\u0131k\u0131\u015ft\u0131r\u0131c\u0131 makinesini se\u00e7meliyim?<\/strong><\/h2>    <ul class=\"wp-block-list\"> <li>Geni\u015f deneyim <ul class=\"wp-block-list\"> <li>Lastik geri d\u00f6n\u00fc\u015f\u00fcm\u00fc ve hidrolik balyalama ekipmanlar\u0131 \u00fcretiminde y\u0131llar\u0131n uzmanl\u0131\u011f\u0131<\/li> <\/ul> <\/li>    <li>Geni\u015f se\u00e7im <ul class=\"wp-block-list\"> <li>\u00c7e\u015fitli m\u00fc\u015fteri ihtiya\u00e7lar\u0131n\u0131 kar\u015f\u0131lamak i\u00e7in \u00e7e\u015fitli dikey ve yatay modeller sunar<\/li> <\/ul> <\/li>    <li>Kararl\u0131 ve g\u00fcvenilir <ul class=\"wp-block-list\"> <li>Y\u00fcksek kaliteli hidrolik sistemler ve temel bile\u015fenler s\u00fcrekli \u00e7al\u0131\u015fma sa\u011flar<\/li> <\/ul> <\/li>    <li>\u00d6zelle\u015ftirilmi\u015f \u00e7\u00f6z\u00fcmler <ul class=\"wp-block-list\"> <li>M\u00fc\u015fterinin sahas\u0131na, at\u0131k t\u00fcr\u00fcne ve \u00fcretim hacmine g\u00f6re uyarlanm\u0131\u015ft\u0131r<\/li> <\/ul> <\/li>    <li>H\u0131zl\u0131 teslimat ve sat\u0131\u015f sonras\u0131 destek <ul class=\"wp-block-list\"> <li>Operat\u00f6r e\u011fitimi, kurulum rehberi ve bir y\u0131l garanti i\u00e7erir<\/li> <\/ul> <\/li> <\/ul>    <h2 class=\"wp-block-heading\"><strong>Dikey lastik s\u0131k\u0131\u015ft\u0131r\u0131c\u0131 makinesi SSS<\/strong><\/h2>   <div id=\"rank-math-faq\" class=\"rank-math-block\"> <div class=\"rank-math-list\"> <div id=\"faq-question-1777002513670\" class=\"rank-math-list-item\"> <h3 class=\"rank-math-question\">Hangi lastik t\u00fcrleri s\u0131k\u0131\u015ft\u0131r\u0131labilir?<\/h3> <div class=\"rank-math-answer\">  <p>Binek otomobil lastikleri, kamyon lastikleri, motosiklet lastikleri ve di\u011ferleri.<\/p>  <\/div> <\/div> <div id=\"faq-question-1777002519761\" class=\"rank-math-list-item\"> <h3 class=\"rank-math-question\">S\u0131k\u0131\u015ft\u0131r\u0131lm\u0131\u015f balyalar\u0131n boyutlar\u0131 ve yo\u011funlu\u011fu nedir?<\/h3> <div class=\"rank-math-answer\">  <p>Balya boyutlar\u0131 \u00f6zelle\u015ftirilebilir; standart boyut 1500 \u00d7 1000 \u00d7 1200 mm, yo\u011funlu\u011fu 300\u2013400 kg\/m\u00b3.<\/p>  <\/div> <\/div> <div id=\"faq-question-1777002530361\" class=\"rank-math-list-item\"> <h3 class=\"rank-math-question\">Voltaj \u00f6zelle\u015ftirilebilir mi?<\/h3> <div class=\"rank-math-answer\">  <p>380V\/50Hz \u00fc\u00e7 fazl\u0131 g\u00fcc\u00fc destekliyoruz; di\u011fer voltajlar talep \u00fczerine \u00f6zelle\u015ftirilebilir.<\/p>  <\/div> <\/div> <div id=\"faq-question-1777002539208\" class=\"rank-math-list-item\"> <h3 class=\"rank-math-question\">Sat\u0131\u015f sonras\u0131 hizmetleriniz nas\u0131l?<\/h3> <div class=\"rank-math-answer\">  <p>Bir y\u0131l garanti, uzaktan teknik destek ve operat\u00f6r e\u011fitimi sunuyoruz.<\/p>  <\/div> <\/div> <\/div> <\/div>   <h2 class=\"wp-block-heading\"><strong>\u015eimdi bir teklif i\u00e7in bizimle ileti\u015fime ge\u00e7in!<\/strong><\/h2>    <p>If you&#8217;re looking for a vertical tyre baler, Shuliy offers:<\/p>    <ul class=\"wp-block-list\"> <li>Y\u00fcksek s\u0131k\u0131\u015ft\u0131rma kuvveti ve otomatik kontrol<\/li>    <li>Geni\u015f tonaj ve \u00f6zelle\u015ftirilmi\u015f \u00e7\u00f6z\u00fcmler<\/li>    <li>H\u0131zl\u0131 teslimat ve profesyonel sat\u0131\u015f sonras\u0131 hizmet<\/li> <\/ul>    <p>En iyi fiyat teklifi ve \u00f6zelle\u015ftirilmi\u015f \u00e7\u00f6z\u00fcm i\u00e7in bug\u00fcn bizimle ileti\u015fime ge\u00e7in!<\/p>    <figure class=\"wp-block-embed is-type-video is-provider-youtube wp-block-embed-youtube wp-embed-aspect-16-9 wp-has-aspect-ratio\"><div class=\"wp-block-embed__wrapper\"> <iframe loading=\"lazy\" title=\"Otomobil Lastikleri, Kamyon Lastikleri, Kau\u00e7uk Lastikler vb. \u0130\u00e7in Hidrolik Dikey Balyalama Presi #recyclingbusiness\" width=\"500\" height=\"281\" src=\"https:\/\/www.youtube.com\/embed\/R5UJdLGn14A?start=4&#038;feature=oembed\" frameborder=\"0\" allow=\"accelerometer; autoplay; clipboard-write; encrypted-media; gyroscope; picture-in-picture; web-share\" referrerpolicy=\"strict-origin-when-cross-origin\" allowfullscreen><\/iframe> <\/div><figcaption class=\"wp-element-caption\">dikey lastik s\u0131k\u0131\u015ft\u0131r\u0131c\u0131 ekipman videosu<\/figcaption><\/figure>","protected":false},"excerpt":{"rendered":"<p>Shuliy vertical tyre baler is designed for the recycling and compaction of waste tires. It compresses waste tires into high-density rectangular blocks, significantly reducing their volume to facilitate storage and transportation, thereby improving recycling efficiency and logistics management. The bale size is 1500 mm* 1000 mm*1200 mm(L*W*H), with a bale weight of 1.2 t and [&hellip;]<\/p>\n","protected":false},"author":1,"featured_media":4340,"parent":0,"template":"","tags":[414,635],"product-type":[563],"class_list":["post-4339","product","type-product","status-publish","has-post-thumbnail","hentry","tag-baler","tag-tire","product-type-baler-machine"],"_links":{"self":[{"href":"https:\/\/www.baler-machines.com\/tr\/wp-json\/wp\/v2\/product\/4339","targetHints":{"allow":["GET"]}}],"collection":[{"href":"https:\/\/www.baler-machines.com\/tr\/wp-json\/wp\/v2\/product"}],"about":[{"href":"https:\/\/www.baler-machines.com\/tr\/wp-json\/wp\/v2\/types\/product"}],"author":[{"embeddable":true,"href":"https:\/\/www.baler-machines.com\/tr\/wp-json\/wp\/v2\/users\/1"}],"wp:featuredmedia":[{"embeddable":true,"href":"https:\/\/www.baler-machines.com\/tr\/wp-json\/wp\/v2\/media\/4340"}],"wp:attachment":[{"href":"https:\/\/www.baler-machines.com\/tr\/wp-json\/wp\/v2\/media?parent=4339"}],"wp:term":[{"taxonomy":"post_tag","embeddable":true,"href":"https:\/\/www.baler-machines.com\/tr\/wp-json\/wp\/v2\/tags?post=4339"},{"taxonomy":"product-type","embeddable":true,"href":"https:\/\/www.baler-machines.com\/tr\/wp-json\/wp\/v2\/product-type?post=4339"}],"curies":[{"name":"wp","href":"https:\/\/api.w.org\/{rel}","templated":true}]}}