{"id":4160,"date":"2025-03-19T16:22:01","date_gmt":"2025-03-19T08:22:01","guid":{"rendered":"https:\/\/www.baler-machines.com\/?post_type=product&#038;p=4160"},"modified":"2025-03-19T16:22:19","modified_gmt":"2025-03-19T08:22:19","slug":"h-i-beam-cold-bending-machine","status":"publish","type":"product","link":"https:\/\/www.baler-machines.com\/tr\/h-i-beam-cold-bending-machine\/","title":{"rendered":"H&amp;I-\u0131\u015f\u0131n so\u011fuk b\u00fckme makinesi"},"content":{"rendered":"<p class=\"translation-block\">Bu <strong>I-kiri\u015f so\u011fuk b\u00fckme makinesi<\/strong>, I-kiri\u015f, H-kiri\u015f, kanal \u00e7eli\u011fi, yuvarlak ve kare boru vb. b\u00fckmek i\u00e7in tasarlanm\u0131\u015f y\u00fcksek verimli bir ekipmand\u0131r ve in\u015faat, k\u00f6pr\u00fc ve \u00e7elik yap\u0131 imalat\u0131 alanlar\u0131nda yayg\u0131n olarak kullan\u0131lmaktad\u0131r.<\/p>    <p>Bu ekipman\u0131n kal\u0131plar\u0131, hidrolik y\u00fcksek g\u00fc\u00e7l\u00fc iletime olan talebe g\u00f6re \u00f6zelle\u015ftirilebilir.<\/p>    <p>\u00c7elik I kiri\u015fler i\u00e7in otomatik kemer b\u00fckme makinemiz, y\u00fcksek hassasiyetli, y\u00fcksek verimli i\u015fleme i\u00e7in m\u00fc\u015fteri talebini kar\u015f\u0131lamak i\u00e7in g\u00fc\u00e7l\u00fc b\u00fck\u00fclme kapasitesi ve hassas \u00e7al\u0131\u015fma performans\u0131 ile hidrolik olarak y\u00f6nlendirilmi\u015ftir.<\/p>    <figure class=\"wp-block-embed is-type-video is-provider-youtube wp-block-embed-youtube wp-embed-aspect-16-9 wp-has-aspect-ratio\"><div class=\"wp-block-embed__wrapper\"> <iframe loading=\"lazy\" title=\"I-BEAM &amp; H-BEAM So\u011fuk B\u00fckme Makinesi \u00c7al\u0131\u015fma Videosu\" width=\"500\" height=\"281\" src=\"https:\/\/www.youtube.com\/embed\/SxgJiCJH_DM?feature=oembed\" frameborder=\"0\" allow=\"accelerometer; autoplay; clipboard-write; encrypted-media; gyroscope; picture-in-picture; web-share\" referrerpolicy=\"strict-origin-when-cross-origin\" allowfullscreen><\/iframe> <\/div><figcaption class=\"wp-element-caption\">\u00c7elik I Kiri\u015fler i\u00e7in Otomatik So\u011fuk B\u00fckme Makinesi<\/figcaption><\/figure>    <h2 class=\"wp-block-heading\"><strong>Otomatik I-kiri\u015fli so\u011fuk b\u00fckme makinesinin son \u00fcr\u00fcnleri<\/strong><\/h2>    <p>H profil b\u00fckme makinemiz, her t\u00fcrl\u00fc e\u011fik, yuvarlak ve \u00f6zel \u015fekilli \u00e7elik yap\u0131lar\u0131 i\u015fleyebilir. Tamamlanan \u00fcr\u00fcnler, m\u00fc\u015fterilerin taleplerine g\u00f6re farkl\u0131l\u0131k g\u00f6stermekte olup, k\u00f6pr\u00fcler, t\u00fcneller, metro, otoyollar, bina \u00e7elik yap\u0131lar\u0131, fabrika kiri\u015fleri, reklam panolar\u0131 gibi projelerde yayg\u0131n olarak kullan\u0131lmaktad\u0131r. Farkl\u0131 \u00e7elik b\u00fckme \u015fekilleri ve hassasiyetleri g\u00f6sterilmektedir:<\/p>    <figure class=\"wp-block-gallery has-nested-images columns-default is-cropped wp-block-gallery-2 is-layout-flex wp-block-gallery-is-layout-flex\"> <figure class=\"wp-block-image size-large\"><img loading=\"lazy\" decoding=\"async\" width=\"720\" height=\"540\" data-id=\"4167\" src=\"https:\/\/www.baler-machines.com\/wp-content\/uploads\/2025\/03\/end-products-of-I-steel-H-beam-bending-machine.webp\" alt=\"I Steel H \u0131\u015f\u0131n b\u00fckme makinesinin son \u00fcr\u00fcnleri\" class=\"wp-image-4167\" title=\"\" srcset=\"https:\/\/www.baler-machines.com\/wp-content\/uploads\/2025\/03\/end-products-of-I-steel-H-beam-bending-machine.webp 720w, https:\/\/www.baler-machines.com\/wp-content\/uploads\/2025\/03\/end-products-of-I-steel-H-beam-bending-machine-16x12.webp 16w\" sizes=\"auto, (max-width: 720px) 100vw, 720px\" \/><figcaption class=\"wp-element-caption\">I Steel H \u0131\u015f\u0131n b\u00fckme makinesinin son \u00fcr\u00fcnleri<\/figcaption><\/figure>    <figure class=\"wp-block-image size-large\"><img loading=\"lazy\" decoding=\"async\" width=\"720\" height=\"540\" data-id=\"4166\" src=\"https:\/\/www.baler-machines.com\/wp-content\/uploads\/2025\/03\/applications-of-automatic-H-beam-hydraulic-arch-bending-machine.webp\" alt=\"Otomatik H \u0131\u015f\u0131n hidrolik kemer b\u00fckme makinesinin uygulamalar\u0131\" class=\"wp-image-4166\" title=\"\" srcset=\"https:\/\/www.baler-machines.com\/wp-content\/uploads\/2025\/03\/applications-of-automatic-H-beam-hydraulic-arch-bending-machine.webp 720w, https:\/\/www.baler-machines.com\/wp-content\/uploads\/2025\/03\/applications-of-automatic-H-beam-hydraulic-arch-bending-machine-16x12.webp 16w\" sizes=\"auto, (max-width: 720px) 100vw, 720px\" \/><figcaption class=\"wp-element-caption\">Otomatik H \u0131\u015f\u0131n hidrolik kemer b\u00fckme makinesinin uygulamalar\u0131<\/figcaption><\/figure> <\/figure>    <h2 class=\"wp-block-heading\"><strong>Hidrolik kemer b\u00fckme makinesinin avantajlar\u0131<\/strong><\/h2>    <p>G\u00fc\u00e7l\u00fc performans\u0131 ve verimli \u00e7al\u0131\u015fmas\u0131 ile I-kiri\u015fli so\u011fuk b\u00fckme makinesi, I-kiri\u015f b\u00fckme i\u015flemi i\u00e7in tercih edilen ekipman haline geldi, ana avantajlar\u0131 \u015funlar\u0131 i\u00e7erir:<\/p>    <ul class=\"wp-block-list\"> <li>Taraf\u0131ndan \u00e7al\u0131\u015f\u0131yor <strong>hidrolik s\u00fcr\u00fcc\u00fc<\/strong> g\u00fc\u00e7l\u00fc bir b\u00fckme yetene\u011fi ile.<\/li>    <li>Ak\u0131ll\u0131 bir kontrol sistemi ile donat\u0131lm\u0131\u015f I-\u0131\u015f\u0131n so\u011fuk b\u00fckme makinesi <strong>B\u00fckme a\u00e7\u0131lar\u0131nda y\u00fcksek hassasiyetli kontrol<\/strong>.<\/li>    <li>Bir <strong>2 m ayarlanabilir b\u00fckme yar\u0131\u00e7ap\u0131 aral\u0131\u011f\u0131<\/strong>.<\/li>    <li><strong>Y\u00fcksek kaliteli \u00e7elik ve hassas par\u00e7alar kullanma<\/strong>, ekipman yap\u0131s\u0131 sa\u011flam ve dayan\u0131kl\u0131d\u0131r, b\u00fcy\u00fck boyutlu ve y\u00fcksek mukavemetli profil i\u015fleme i\u00e7in uygundur.<\/li>    <li>Hidrolik sistem, <strong>d\u00fc\u015f\u00fck enerji t\u00fcketimi<\/strong>, bu da m\u00fc\u015fterilerin <strong>i\u015fletme maliyetlerini azalt\u0131n<\/strong>.<\/li>    <li>\u0130le <strong>insanla\u015ft\u0131r\u0131lm\u0131\u015f tasar\u0131m ve sezgisel bir operasyon aray\u00fcz\u00fc<\/strong>, acemi bile h\u0131zla ba\u015flayabilir.<\/li>    <li>Makine var <strong>Farkl\u0131 b\u00fck\u00fclme b\u00f6l\u00fcmleri (kal\u0131plar)<\/strong> Farkl\u0131 \u00e7elik b\u00fckme taleplerini kar\u015f\u0131lamak.<\/li> <\/ul>    <figure class=\"wp-block-gallery has-nested-images columns-default is-cropped wp-block-gallery-3 is-layout-flex wp-block-gallery-is-layout-flex\"> <figure class=\"wp-block-image size-large\"><img loading=\"lazy\" decoding=\"async\" width=\"720\" height=\"540\" data-id=\"4168\" src=\"https:\/\/www.baler-machines.com\/wp-content\/uploads\/2025\/03\/automatic-H-I-beam-arch-bending-machine.webp\" alt=\"Otomatik H&amp;I I\u015f\u0131n Kemeri B\u00fckme Makinesi\" class=\"wp-image-4168\" title=\"\" srcset=\"https:\/\/www.baler-machines.com\/wp-content\/uploads\/2025\/03\/automatic-H-I-beam-arch-bending-machine.webp 720w, https:\/\/www.baler-machines.com\/wp-content\/uploads\/2025\/03\/automatic-H-I-beam-arch-bending-machine-16x12.webp 16w\" sizes=\"auto, (max-width: 720px) 100vw, 720px\" \/><figcaption class=\"wp-element-caption\">Otomatik H &amp; I Kiri\u015f Yay B\u00fckme Makinesi<\/figcaption><\/figure>    <figure class=\"wp-block-image size-large\"><img loading=\"lazy\" decoding=\"async\" width=\"720\" height=\"540\" data-id=\"4169\" src=\"https:\/\/www.baler-machines.com\/wp-content\/uploads\/2025\/03\/moulds-of-I-beam-cold-bending-machine.webp\" alt=\"I-kiri\u015fli so\u011fuk b\u00fckme makinesinin kal\u0131plar\u0131\" class=\"wp-image-4169\" title=\"\" srcset=\"https:\/\/www.baler-machines.com\/wp-content\/uploads\/2025\/03\/moulds-of-I-beam-cold-bending-machine.webp 720w, https:\/\/www.baler-machines.com\/wp-content\/uploads\/2025\/03\/moulds-of-I-beam-cold-bending-machine-16x12.webp 16w\" sizes=\"auto, (max-width: 720px) 100vw, 720px\" \/><figcaption class=\"wp-element-caption\">I-kiri\u015fli so\u011fuk b\u00fckme makinesinin kal\u0131plar\u0131<\/figcaption><\/figure> <\/figure>    <h2 class=\"wp-block-heading\"><strong>H&amp;I-\u0131\u015f\u0131n so\u011fuk b\u00fckme makinesinin teknik parametreleri<\/strong><\/h2>    <p>Ekipman se\u00e7ti\u011finizde a\u015fa\u011f\u0131daki parametreler referans\u0131n\u0131z i\u00e7indir. Parametre bilgilerimiz uyarlanabilir malzemeler, g\u00fc\u00e7, makine boyutu, a\u011f\u0131rl\u0131k vb.<\/p>    <ul class=\"wp-block-list\"> <li><strong>\u0130\u015fleme aral\u0131\u011f\u0131<\/strong>: 25# I-BEAM, 140H \u00e7elik\/14 kanal \u00e7elik, 150 yuvarlak t\u00fcp\/150 kare t\u00fcp<\/li>    <li><strong>Toplam g\u00fc\u00e7<\/strong>: 3+3+3kw<\/li>    <li><strong>B\u00fckme yar\u0131\u00e7ap\u0131 aral\u0131\u011f\u0131<\/strong>: 2m<\/li>    <li><strong>Hidrolik sistem bas\u0131nc\u0131<\/strong>: 16MPA<\/li>    <li><strong>Ana S\u00fcr\u00fcc\u00fc Tekerlek H\u0131z\u0131<\/strong>: 7.7r\/dk<\/li>    <li><strong>Makine a\u011f\u0131rl\u0131\u011f\u0131<\/strong>: yakla\u015f\u0131k 1600kg<\/li>    <li><strong>Genel Boyutlar<\/strong>: 250*150*80cm<\/li> <\/ul>    <h2 class=\"wp-block-heading\"><strong>Shuliy i-\u0131\u015f\u0131n so\u011fuk b\u00fckme makinesi fiyat\u0131na ne dersiniz?<\/strong><\/h2>    <p>H\/I \u0131\u015f\u0131n b\u00fckme makinemizin fiyat\u0131 ekipman modeli, hidrolik sistem konfig\u00fcrasyonu, \u00f6zelle\u015ftirme gereksinimleri vb. <\/p>    <ul class=\"wp-block-list\"> <li><strong>Ekipman \u00f6zellikleri<\/strong>: \u0130\u015fleme aral\u0131\u011f\u0131 ne kadar b\u00fcy\u00fck ve ekipman ne kadar g\u00fc\u00e7l\u00fc olursa, fiyat o kadar y\u00fcksek olur.<\/li>    <li><strong>Yap\u0131land\u0131rma seviyesi<\/strong>: \u0130ster bir CNC say\u0131sal kontrol sistemi, hidrolik sistem seviyesi, vb.<\/li>    <li><strong>\u00d6zelle\u015ftirme ihtiya\u00e7lar\u0131<\/strong>M\u00fc\u015fterinin \u00f6zel ihtiya\u00e7lar\u0131na g\u00f6re \u00f6zelle\u015ftirilmi\u015f tasar\u0131m maliyeti art\u0131rabilir.<\/li> <\/ul>    <p>Shuliy her zaman y\u00fcksek maliyetli performans ilkesine ba\u011fl\u0131d\u0131r ve m\u00fc\u015fterilere y\u00fcksek kaliteli ekipman ve m\u00fckemmel hizmet sunar. Ayr\u0131nt\u0131l\u0131 bir teklife ihtiyac\u0131n\u0131z varsa, l\u00fctfen bizimle ileti\u015fime ge\u00e7in; ihtiya\u00e7lar\u0131n\u0131za g\u00f6re en uygun \u00e7\u00f6z\u00fcm\u00fc sa\u011flayaca\u011f\u0131z.<\/p>   <div class=\"wp-block-image\"> <figure class=\"aligncenter size-full\"><img loading=\"lazy\" decoding=\"async\" width=\"720\" height=\"540\" src=\"https:\/\/www.baler-machines.com\/wp-content\/uploads\/2025\/03\/special-equipment-for-tunnel-U-beam-arch-support.webp\" alt=\"T\u00fcnel U-\u0131\u015f\u0131n kemeri deste\u011fi i\u00e7in \u00f6zel ekipman\" class=\"wp-image-4172\" title=\"\" srcset=\"https:\/\/www.baler-machines.com\/wp-content\/uploads\/2025\/03\/special-equipment-for-tunnel-U-beam-arch-support.webp 720w, https:\/\/www.baler-machines.com\/wp-content\/uploads\/2025\/03\/special-equipment-for-tunnel-U-beam-arch-support-16x12.webp 16w\" sizes=\"auto, (max-width: 720px) 100vw, 720px\" \/><figcaption class=\"wp-element-caption\">T\u00fcnel U-\u0131\u015f\u0131n kemeri deste\u011fi i\u00e7in \u00f6zel ekipman<\/figcaption><\/figure> <\/div>   <h2 class=\"wp-block-heading\"><strong>Hidrolik I-\u0131\u015f\u0131n so\u011fuk b\u00fckme makinesi hakk\u0131nda hizmet<\/strong><\/h2>    <p>Sadece y\u00fcksek kaliteli H \u0131\u015f\u0131n\u0131 b\u00fckme makinesi sa\u011flamakla kalmaz, ayn\u0131 zamanda tam teknik destek ve sat\u0131\u015f sonras\u0131 hizmetin sa\u011flanmas\u0131n\u0131 da destekleriz. Ekipman\u0131n sat\u0131n al\u0131mdan kullan\u0131lmaya kadar her y\u00f6n\u00fcn\u00fcn sorunsuz ve endi\u015fesiz olmas\u0131n\u0131 sa\u011fl\u0131yoruz.<\/p>    <ul class=\"wp-block-list\"> <li><strong>Sat\u0131\u015f \u00d6ncesi Dan\u0131\u015fmanl\u0131k<\/strong>: M\u00fc\u015fteri ihtiya\u00e7lar\u0131na g\u00f6re do\u011fru ekipman modelini ve konfig\u00fcrasyonunu \u00f6nerin.<\/li>    <li><strong>Kurulum ve devreye alma<\/strong>: Fabrikadan ayr\u0131lmadan \u00f6nce, normal \u00e7al\u0131\u015fmay\u0131 sa\u011flamak i\u00e7in ekipman\u0131 tak\u0131n ve hata ay\u0131klay\u0131n.<\/li>    <li><strong>Operasyon e\u011fitimi<\/strong>: Operat\u00f6rlerin ekipman kullan\u0131m\u0131nda h\u0131zl\u0131 bir \u015fekilde ustala\u015fmas\u0131na yard\u0131mc\u0131 olmak i\u00e7in m\u00fc\u015fterilere ayr\u0131nt\u0131l\u0131 operasyon e\u011fitimi sa\u011flay\u0131n.<\/li>    <li><strong>Sat\u0131\u015f sonras\u0131 bak\u0131m\u0131<\/strong>: D\u00fczenli bak\u0131m, sorun giderme ve teknik y\u00fckseltme hizmetleri dahil olmak \u00fczere uzun vadeli sat\u0131\u015f sonras\u0131 deste\u011fi sa\u011flay\u0131n.<\/li>    <li><strong>Par\u00e7a Tedarik<\/strong>: Ekipman\u0131n servis \u00f6mr\u00fcn\u00fc uzatmak i\u00e7in orijinal par\u00e7alar\u0131n zaman\u0131nda tedarikini sa\u011flay\u0131n.<\/li> <\/ul>    <p>Servis ekibimiz, m\u00fc\u015fteriler i\u00e7in sorunlar\u0131 \u00e7\u00f6zmek ve ekipman\u0131n her zaman en iyi durumda olmas\u0131n\u0131 sa\u011flamak i\u00e7in g\u00fcnde 24 saat beklemede.<\/p>    <figure class=\"wp-block-gallery has-nested-images columns-default is-cropped wp-block-gallery-4 is-layout-flex wp-block-gallery-is-layout-flex\"> <figure class=\"wp-block-image size-large\"><img loading=\"lazy\" decoding=\"async\" width=\"720\" height=\"540\" data-id=\"4170\" src=\"https:\/\/www.baler-machines.com\/wp-content\/uploads\/2025\/03\/hydrualic-arch-bending-machine-for-I-H-beam.webp\" alt=\"I H \u0131\u015f\u0131n i\u00e7in hidrualik kemer b\u00fckme makinesi\" class=\"wp-image-4170\" title=\"\" srcset=\"https:\/\/www.baler-machines.com\/wp-content\/uploads\/2025\/03\/hydrualic-arch-bending-machine-for-I-H-beam.webp 720w, https:\/\/www.baler-machines.com\/wp-content\/uploads\/2025\/03\/hydrualic-arch-bending-machine-for-I-H-beam-16x12.webp 16w\" sizes=\"auto, (max-width: 720px) 100vw, 720px\" \/><figcaption class=\"wp-element-caption\">I H \u0131\u015f\u0131n i\u00e7in hidrualik kemer b\u00fckme makinesi<\/figcaption><\/figure>    <figure class=\"wp-block-image size-large\"><img loading=\"lazy\" decoding=\"async\" width=\"720\" height=\"540\" data-id=\"4171\" src=\"https:\/\/www.baler-machines.com\/wp-content\/uploads\/2025\/03\/I-steel-H-beam-bending-machine-from-Shuliy.webp\" alt=\"I shuliy&#039;den \u00e7elik h kiri\u015f b\u00fckme makinesi\" class=\"wp-image-4171\" title=\"\" srcset=\"https:\/\/www.baler-machines.com\/wp-content\/uploads\/2025\/03\/I-steel-H-beam-bending-machine-from-Shuliy.webp 720w, https:\/\/www.baler-machines.com\/wp-content\/uploads\/2025\/03\/I-steel-H-beam-bending-machine-from-Shuliy-16x12.webp 16w\" sizes=\"auto, (max-width: 720px) 100vw, 720px\" \/><figcaption class=\"wp-element-caption\">I shuliy'den \u00e7elik h kiri\u015f b\u00fckme makinesi<\/figcaption><\/figure> <\/figure>    <p class=\"translation-block\">Demir donat\u0131 i\u015fleme ekipmanlar\u0131n\u0131n profesyonel bir \u00fcreticisi olarak, ayr\u0131ca se\u00e7meniz i\u00e7in <a href=\"https:\/\/www.baler-machines.com\/tr\/rebar-straightening-machine\/\">demir donat\u0131 d\u00fczeltme makinemiz<\/a>, <a href=\"https:\/\/www.baler-machines.com\/tr\/cnc-tube-bending-machine\/\">boru b\u00fckme makinemiz<\/a> ve etriye b\u00fckme makinemiz bulunmaktad\u0131r. Daha fazla ayr\u0131nt\u0131 veya en son fiyat teklifini almak i\u00e7in, l\u00fctfen <a href=\"https:\/\/en.wikipedia.org\/wiki\/Rebar\" target=\"_blank\" rel=\"noopener\">demir donat\u0131<\/a> i\u015fleme i\u015finize fayda sa\u011flamak \u00fczere bizimle ileti\u015fime ge\u00e7mekten \u00e7ekinmeyin!<\/p>","protected":false},"excerpt":{"rendered":"<p>Bu I-kiri\u015f so\u011fuk b\u00fckme makinesi, hidrolik tahrik ile I-kiri\u015f, H-kiri\u015f, kanal \u00e7eli\u011fi, yuvarlak ve kare borular\u0131 vb. b\u00fckmek i\u00e7in tasarlanm\u0131\u015ft\u0131r.<\/p>","protected":false},"author":1,"featured_media":4163,"parent":0,"template":"","tags":[641,643],"product-type":[640],"class_list":["post-4160","product","type-product","status-publish","has-post-thumbnail","hentry","tag-rebar","tag-steel-bar","product-type-rebar-processing-equipment"],"_links":{"self":[{"href":"https:\/\/www.baler-machines.com\/tr\/wp-json\/wp\/v2\/product\/4160","targetHints":{"allow":["GET"]}}],"collection":[{"href":"https:\/\/www.baler-machines.com\/tr\/wp-json\/wp\/v2\/product"}],"about":[{"href":"https:\/\/www.baler-machines.com\/tr\/wp-json\/wp\/v2\/types\/product"}],"author":[{"embeddable":true,"href":"https:\/\/www.baler-machines.com\/tr\/wp-json\/wp\/v2\/users\/1"}],"wp:featuredmedia":[{"embeddable":true,"href":"https:\/\/www.baler-machines.com\/tr\/wp-json\/wp\/v2\/media\/4163"}],"wp:attachment":[{"href":"https:\/\/www.baler-machines.com\/tr\/wp-json\/wp\/v2\/media?parent=4160"}],"wp:term":[{"taxonomy":"post_tag","embeddable":true,"href":"https:\/\/www.baler-machines.com\/tr\/wp-json\/wp\/v2\/tags?post=4160"},{"taxonomy":"product-type","embeddable":true,"href":"https:\/\/www.baler-machines.com\/tr\/wp-json\/wp\/v2\/product-type?post=4160"}],"curies":[{"name":"wp","href":"https:\/\/api.w.org\/{rel}","templated":true}]}}