{"id":4131,"date":"2025-03-11T18:01:41","date_gmt":"2025-03-11T10:01:41","guid":{"rendered":"https:\/\/www.baler-machines.com\/?post_type=product&#038;p=4131"},"modified":"2025-03-12T14:03:14","modified_gmt":"2025-03-12T06:03:14","slug":"cnc-rebar-stirrup-bending-machine","status":"publish","type":"product","link":"https:\/\/www.baler-machines.com\/tr\/cnc-rebar-stirrup-bending-machine\/","title":{"rendered":"Tam Otomatik CNC Be\u015f K\u0131l\u0131\u00e7 \u0130n\u015fa \u00c7art\u0131 \u00dcz\u00fcnt\u00fc B\u00fckme Makinesi"},"content":{"rendered":"<p class=\"translation-block\">Shuliy <strong>in\u015faat demiri \u00e7iroz b\u00fckme makinesi<\/strong>, geli\u015fmi\u015f 5 kafal\u0131 tasar\u0131m\u0131yla saatte 1500-2000m \u00e7elik \u00e7ubuklar\u0131 istenen \u015fekillerde b\u00fckmektedir. Olu\u015fturma h\u0131z\u0131 5 saniyedir.<\/p>    <p>Bu levha \u00e7ubuk b\u00fckme makinesi, donat\u0131 \u00e7ubu\u011funun uzunlu\u011funu ve b\u00fckme a\u00e7\u0131s\u0131n\u0131 serbest\u00e7e ayarlamaya olanak tan\u0131yan bir CNC sistemine sahiptir. A\u00e7\u0131 hatas\u0131 \u00b1 1\u00b0'dir.<\/p>    <p>\u0130ster bir \u015fantiye, ister \u00e7elik i\u015fleme tesisi veya b\u00fcy\u00fck \u00f6l\u00e7ekli bir altyap\u0131 projesi olsun, bu makine in\u015faat demiri b\u00fckme i\u00e7in verimli ve hassas \u00e7\u00f6z\u00fcmler sa\u011flayabilir.<\/p>    <figure class=\"wp-block-embed is-type-video is-provider-youtube wp-block-embed-youtube wp-embed-aspect-16-9 wp-has-aspect-ratio\"><div class=\"wp-block-embed__wrapper\"> <iframe loading=\"lazy\" title=\"Tam otomatik be\u015f kafe \u00e7elik \u00e7ubuk b\u00fckme makinesi ile in\u015faat demiri nas\u0131l b\u00fck\u00fcl\u00fcr?\" width=\"500\" height=\"281\" src=\"https:\/\/www.youtube.com\/embed\/np-546qnCb0?feature=oembed\" frameborder=\"0\" allow=\"accelerometer; autoplay; clipboard-write; encrypted-media; gyroscope; picture-in-picture; web-share\" referrerpolicy=\"strict-origin-when-cross-origin\" allowfullscreen><\/iframe> <\/div><figcaption class=\"wp-element-caption\">CNC \u00fczengi b\u00fck\u00fcc\u00fc makinesi<\/figcaption><\/figure>    <h2 class=\"wp-block-heading\"><strong>Otomatik in\u015faat demiri \u00fczengi b\u00fckme makinesinin avantajlar\u0131<\/strong><\/h2>    <ul class=\"wp-block-list\"> <li><strong>5 ba\u015fl\u0131 tasar\u0131m<\/strong>: Bu tasar\u0131m, bir\u00e7ok levha \u00e7ubu\u011funu ayn\u0131 anda i\u015fleyebilir ve \u00fcretim verimlili\u011fini \u00f6nemli \u00f6l\u00e7\u00fcde art\u0131rabilir.<\/li>    <li><strong>CNC Sistemi<\/strong>: Bu geli\u015fmi\u015f sistem, b\u00fck\u00fclme boyutunu ve a\u00e7\u0131s\u0131n\u0131 tam olarak kontrol ederek her bir in\u015faat demiri i\u015fleme do\u011frulu\u011funu sa\u011flayabilir.<\/li>    <li><strong>\u00c7elik \u00e7ubuklar\u0131n \u00e7e\u015fitli taleplerine uyum<\/strong>: K\u0131sa ister uzun in\u015faat demiri olsun, ekipman farkl\u0131 projelerin i\u015fleme gereksinimlerini kar\u015f\u0131lamak i\u00e7in do\u011fru bir \u015fekilde i\u015fleyebilir ve ger\u00e7ekten \u201cm\u00fcmk\u00fcn oldu\u011funca uzun s\u00fcre b\u0131rak\u0131n, m\u00fcmk\u00fcn oldu\u011funca uzun s\u00fcre b\u00fck\u00fcn\u201d.<\/li>    <li><strong>\u00c7ok \u00e7e\u015fitli uygulama senaryolar\u0131<\/strong>: in\u015faat sahalar\u0131nda, donat\u0131 \u00e7eli\u011fi i\u015fleme tesislerinde ve b\u00fcy\u00fck altyap\u0131 projelerinde yayg\u0131n olarak kullan\u0131lmaktad\u0131r.<\/li>    <li><strong>\u0130stikrar ve dayan\u0131kl\u0131l\u0131k<\/strong>: \u0130ki motor kullanarak ve y\u00fcksek mukavemetli malzemelerden yap\u0131lm\u0131\u015f, uzun s\u00fcre istikrarl\u0131 bir \u015fekilde \u00e7al\u0131\u015fabilir, bak\u0131m maliyetlerini azaltabilir ve hizmet \u00f6mr\u00fcn\u00fc uzatabilir.<\/li> <\/ul>    <figure class=\"wp-block-gallery has-nested-images columns-default is-cropped wp-block-gallery-2 is-layout-flex wp-block-gallery-is-layout-flex\"> <figure class=\"wp-block-image size-large\"><img loading=\"lazy\" decoding=\"async\" width=\"720\" height=\"540\" data-id=\"4137\" src=\"https:\/\/www.baler-machines.com\/wp-content\/uploads\/2025\/03\/five-heads-for-slab-bar-bending-machine.webp\" alt=\"slab bar b\u00fckme makinesi i\u00e7in be\u015f kafa\" class=\"wp-image-4137\" title=\"\" srcset=\"https:\/\/www.baler-machines.com\/wp-content\/uploads\/2025\/03\/five-heads-for-slab-bar-bending-machine.webp 720w, https:\/\/www.baler-machines.com\/wp-content\/uploads\/2025\/03\/five-heads-for-slab-bar-bending-machine-16x12.webp 16w\" sizes=\"auto, (max-width: 720px) 100vw, 720px\" \/><figcaption class=\"wp-element-caption\">D\u00f6\u015feme \u00e7ubu\u011fu b\u00fckme makinesi i\u00e7in be\u015f kafa<\/figcaption><\/figure>    <figure class=\"wp-block-image size-large\"><img loading=\"lazy\" decoding=\"async\" width=\"720\" height=\"540\" data-id=\"4138\" src=\"https:\/\/www.baler-machines.com\/wp-content\/uploads\/2025\/03\/PLC-control-panel.webp\" alt=\"PLC kontrol paneli\" class=\"wp-image-4138\" title=\"\" srcset=\"https:\/\/www.baler-machines.com\/wp-content\/uploads\/2025\/03\/PLC-control-panel.webp 720w, https:\/\/www.baler-machines.com\/wp-content\/uploads\/2025\/03\/PLC-control-panel-16x12.webp 16w\" sizes=\"auto, (max-width: 720px) 100vw, 720px\" \/><figcaption class=\"wp-element-caption\">Plc Kontrol Paneli<\/figcaption><\/figure>    <figure class=\"wp-block-image size-large\"><img loading=\"lazy\" decoding=\"async\" width=\"720\" height=\"540\" data-id=\"4139\" src=\"https:\/\/www.baler-machines.com\/wp-content\/uploads\/2025\/03\/two-motors-for-rebar-stirrup-bender.webp\" alt=\"\u00e7elik donat\u0131 kanca b\u00fckme makinesi i\u00e7in iki motor\" class=\"wp-image-4139\" title=\"\" srcset=\"https:\/\/www.baler-machines.com\/wp-content\/uploads\/2025\/03\/two-motors-for-rebar-stirrup-bender.webp 720w, https:\/\/www.baler-machines.com\/wp-content\/uploads\/2025\/03\/two-motors-for-rebar-stirrup-bender-16x12.webp 16w\" sizes=\"auto, (max-width: 720px) 100vw, 720px\" \/><figcaption class=\"wp-element-caption\">\u0130nce Sarma Biter i\u00e7in \u0130ki Motor<\/figcaption><\/figure> <\/figure>    <figure class=\"wp-block-gallery has-nested-images columns-default is-cropped wp-block-gallery-3 is-layout-flex wp-block-gallery-is-layout-flex\"> <figure class=\"wp-block-image size-large\"><img loading=\"lazy\" decoding=\"async\" width=\"720\" height=\"540\" data-id=\"4140\" src=\"https:\/\/www.baler-machines.com\/wp-content\/uploads\/2025\/03\/automatic-stirrup-bending-machine-for-steel-bar.webp\" alt=\"\u00c7elik \u00e7ubuk i\u00e7in otomatik \u00fczengi b\u00fckme makinesi\" class=\"wp-image-4140\" title=\"\" srcset=\"https:\/\/www.baler-machines.com\/wp-content\/uploads\/2025\/03\/automatic-stirrup-bending-machine-for-steel-bar.webp 720w, https:\/\/www.baler-machines.com\/wp-content\/uploads\/2025\/03\/automatic-stirrup-bending-machine-for-steel-bar-16x12.webp 16w\" sizes=\"auto, (max-width: 720px) 100vw, 720px\" \/><figcaption class=\"wp-element-caption\">\u00c7elik \u00e7ubuk i\u00e7in otomatik \u00fczengi b\u00fckme makinesi<\/figcaption><\/figure>    <figure class=\"wp-block-image size-large\"><img loading=\"lazy\" decoding=\"async\" width=\"720\" height=\"540\" data-id=\"4141\" src=\"https:\/\/www.baler-machines.com\/wp-content\/uploads\/2025\/03\/CNC-rebar-stirrup-bending-machine-for-reinforcing-bar.webp\" alt=\"Takviye \u00e7ubu\u011fu i\u00e7in CNC in\u015faat demiri \u00fczengi b\u00fckme makinesi\" class=\"wp-image-4141\" title=\"\" srcset=\"https:\/\/www.baler-machines.com\/wp-content\/uploads\/2025\/03\/CNC-rebar-stirrup-bending-machine-for-reinforcing-bar.webp 720w, https:\/\/www.baler-machines.com\/wp-content\/uploads\/2025\/03\/CNC-rebar-stirrup-bending-machine-for-reinforcing-bar-16x12.webp 16w\" sizes=\"auto, (max-width: 720px) 100vw, 720px\" \/><figcaption class=\"wp-element-caption\">Takviye \u00e7ubu\u011fu i\u00e7in CNC in\u015faat demiri \u00fczengi b\u00fckme makinesi<\/figcaption><\/figure> <\/figure>    <h2 class=\"wp-block-heading\"><strong>CNC in\u015faat demiri \u00fczengi b\u00fckme makinesinin teknik parametreleri<\/strong><\/h2>    <p>CNC \u00fczengi b\u00fck\u00fcc\u00fc makinesinin teknik parametreleri, m\u00fc\u015fterilerin ekipman se\u00e7mesi i\u00e7in \u00f6nemli bir referans temeldir. A\u015fa\u011f\u0131daki verilerden, \u00f6zel ihtiya\u00e7lar\u0131 olan m\u00fc\u015fteriler i\u00e7in hidrualik bas\u0131nc\u0131n\u0131, h\u0131z\u0131n\u0131, melek hatas\u0131n\u0131 olu\u015fturmay\u0131 vb. Bilebilirsiniz.<\/p>    <ul class=\"wp-block-list\"> <li><strong>Hidrolik bas\u0131n\u00e7<\/strong>: 5-16MPA<\/li>    <li><strong>Boyutland\u0131rma y\u00f6ntemi<\/strong>: manuel\/otomatik<\/li>    <li><strong>Makine g\u00fcc\u00fc<\/strong>: 8kw<\/li>    <li><strong>Hava bas\u0131nc\u0131<\/strong>: 0.4-0.6mpa<\/li>    <li><strong>H\u0131z olu\u015fturma<\/strong>: 5 saniye<\/li>    <li><strong>\u0130\u015fleme kapasitesi<\/strong>: 1500-2000m\/saat<\/li>    <li><strong>Makine kafas\u0131 kilitleme<\/strong>: hidrolik kilitleme<\/li>    <li><strong>A\u00e7\u0131 hatas\u0131<\/strong>: \u00b1 1 \u00b0<\/li>    <li><strong>Makine a\u011f\u0131rl\u0131\u011f\u0131<\/strong>: 1200kg<\/li> <\/ul>   <div class=\"wp-block-image\"> <figure class=\"aligncenter size-full\"><img loading=\"lazy\" decoding=\"async\" width=\"720\" height=\"540\" src=\"https:\/\/www.baler-machines.com\/wp-content\/uploads\/2025\/03\/fully-automatic-CNC-five-head-steel-bar-bending-machine.webp\" alt=\"Tam otomatik CNC Be\u015f Ba\u015fl\u0131 \u00c7elik \u00c7ubuk B\u00fckme Makinesi\" class=\"wp-image-4136\" title=\"\" srcset=\"https:\/\/www.baler-machines.com\/wp-content\/uploads\/2025\/03\/fully-automatic-CNC-five-head-steel-bar-bending-machine.webp 720w, https:\/\/www.baler-machines.com\/wp-content\/uploads\/2025\/03\/fully-automatic-CNC-five-head-steel-bar-bending-machine-16x12.webp 16w\" sizes=\"auto, (max-width: 720px) 100vw, 720px\" \/><figcaption class=\"wp-element-caption\">Tam otomatik CNC Be\u015f Ba\u015fl\u0131 \u00c7elik \u00c7ubuk B\u00fckme Makinesi<\/figcaption><\/figure> <\/div>   <h2 class=\"wp-block-heading\"><strong>D\u00f6\u015feme \u00e7ubu\u011fu b\u00fckme makinesi nas\u0131l \u00e7al\u0131\u015f\u0131r\uff1f<\/strong><\/h2>    <p>Otomatik CNC \u0130n\u015faat \u00c7art\u0131 \u00fczengi b\u00fckme makinesinin \u00e7al\u0131\u015fma prensibi, \u00e7elik kal\u0131plamay\u0131 tamamlamak i\u00e7in B\u00fckme a\u00e7\u0131s\u0131n\u0131, uzunlu\u011funu ve \u015fekli CNC sistemi, otomatik konumland\u0131rma, sabit uzunluk ve kilitleme ile ayarlamakt\u0131r. \u00c7al\u0131\u015fma s\u00fcreci:<\/p>    <ul class=\"wp-block-list\"> <li><strong>Besleme<\/strong>: \u00c7elik \u00e7ubuk, i\u015fleme alan\u0131na besleme cihaz\u0131 arac\u0131l\u0131\u011f\u0131yla girer.<\/li>    <li><strong>Konumland\u0131rma<\/strong>: CNC sistemi, \u00f6nceden ayarlanm\u0131\u015f parametrelere g\u00f6re in\u015faat demerinin uzunlu\u011funu ve b\u00fck\u00fclme konumunu do\u011fru bir \u015fekilde bulur.<\/li>    <li><strong>B\u00fck\u00fclme<\/strong>: B\u00fckme kafas\u0131, a\u00e7\u0131n\u0131n ve \u015feklin gereksinimleri kar\u015f\u0131lad\u0131\u011f\u0131ndan emin olmak i\u00e7in talimatlara g\u00f6re b\u00fckme eylemini tamamlar.<\/li>    <li><strong>Bo\u015faltma<\/strong>: Bir sonraki i\u015flem turuna haz\u0131rlanmak i\u00e7in bitmi\u015f \u00e7elik \u00e7ubu\u011fun manuel olarak \u00e7\u0131kar\u0131lmas\u0131 gerekir.<\/li> <\/ul>    <h2 class=\"wp-block-heading\"><strong>Shuliy donat\u0131 stirup b\u00fckme makinesi fiyat\u0131 nedir?<\/strong><\/h2>    <p>Bir CNC \u00e7elik \u00e7ubuk b\u00fckme makinesinin fiyat\u0131, ekipman malzemeleri, i\u015fleme kapasitesi, otomasyon derecesi ve ek \u00f6zellikler dahil olmak \u00fczere bir dizi fakt\u00f6re ba\u011fl\u0131d\u0131r. K\u00fc\u00e7\u00fck, ekonomik b\u00fck\u00fclme makinelerinden y\u00fcksek performansl\u0131, \u00e7ok fonksiyonlu CNC b\u00fckme makinelerine kadar esnek fiyat aral\u0131klar\u0131nda \u00e7ok \u00e7e\u015fitli ekipman boyutlar\u0131 sunuyoruz.<\/p>    <p>Belirli fiyatlar, m\u00fc\u015fterinin i\u015fleme ihtiya\u00e7lar\u0131na, sipari\u015f miktar\u0131na ve \u00f6zelle\u015ftirme gereksinimlerine dayanmaktad\u0131r. E\u011fer belirli bir teklif almak istiyorsan\u0131z, \u00fcretim ihtiya\u00e7lar\u0131n\u0131z i\u00e7in en maliyet etkin makineyi \u00f6nermek \u00fczere bizimle ileti\u015fime ge\u00e7ebilirsiniz.<\/p>   <div class=\"wp-block-image\"> <figure class=\"aligncenter size-full\"><img loading=\"lazy\" decoding=\"async\" width=\"720\" height=\"540\" src=\"https:\/\/www.baler-machines.com\/wp-content\/uploads\/2025\/03\/automatic-rebar-stirrup-bending-machine.webp\" alt=\"otomatik in\u015faat demiri \u00fczengi b\u00fckme makinesi\" class=\"wp-image-4142\" title=\"\" srcset=\"https:\/\/www.baler-machines.com\/wp-content\/uploads\/2025\/03\/automatic-rebar-stirrup-bending-machine.webp 720w, https:\/\/www.baler-machines.com\/wp-content\/uploads\/2025\/03\/automatic-rebar-stirrup-bending-machine-16x12.webp 16w\" sizes=\"auto, (max-width: 720px) 100vw, 720px\" \/><figcaption class=\"wp-element-caption\">otomatik in\u015faat demiri \u00fczengi b\u00fckme makinesi<\/figcaption><\/figure> <\/div>   <h2 class=\"wp-block-heading\"><strong>Shuliy'den bir CNC \u00fczengi b\u00fck\u00fcc\u00fc nas\u0131l sipari\u015f edilir?<\/strong><\/h2>    <p>Bir in\u015faat demiri b\u00fckme b\u00fckme makinesi sipari\u015f etmek kolayd\u0131r! Genel s\u00fcre\u00e7:<\/p>    <ol class=\"wp-block-list\"> <li>\u00c7evrimi\u00e7i dan\u0131\u015fma, telefon veya e -posta yoluyla bizimle ileti\u015fime ge\u00e7ebilir ve i\u015fleme ihtiya\u00e7lar\u0131n\u0131z\u0131 bize s\u00f6yleyebilirsiniz.<\/li>    <li>Sizin i\u00e7in do\u011fru modeli tavsiye edece\u011fiz ve en uygun ekipman\u0131 se\u00e7menizi sa\u011flamak i\u00e7in size ayr\u0131nt\u0131l\u0131 parametreler, ekipman resimleri ve videolar sunaca\u011f\u0131z.<\/li>    <li>Sipari\u015fi onaylad\u0131ktan sonra, h\u0131zl\u0131 \u00fcretim, ambalaj ve k\u00fcresel sevkiyat ayarlayaca\u011f\u0131z.<\/li>    <li>Makineyi al\u0131rken, sorunsuz \u00fcretiminizi sa\u011flamak i\u00e7in kurulum rehberli\u011fi ve sat\u0131\u015f sonras\u0131 hizmet sunuyoruz.<\/li> <\/ol>    <figure class=\"wp-block-gallery has-nested-images columns-default is-cropped wp-block-gallery-4 is-layout-flex wp-block-gallery-is-layout-flex\"> <figure class=\"wp-block-image size-large\"><img loading=\"lazy\" decoding=\"async\" width=\"720\" height=\"540\" data-id=\"4145\" src=\"https:\/\/www.baler-machines.com\/wp-content\/uploads\/2025\/03\/automatic-stirrup-bender.webp\" alt=\"otomatik \u00fczengi b\u00fck\u00fcc\u00fc\" class=\"wp-image-4145\" title=\"\" srcset=\"https:\/\/www.baler-machines.com\/wp-content\/uploads\/2025\/03\/automatic-stirrup-bender.webp 720w, https:\/\/www.baler-machines.com\/wp-content\/uploads\/2025\/03\/automatic-stirrup-bender-16x12.webp 16w\" sizes=\"auto, (max-width: 720px) 100vw, 720px\" \/><figcaption class=\"wp-element-caption\">Otomatik \u00fczengi b\u00fck\u00fcc\u00fc<\/figcaption><\/figure>    <figure class=\"wp-block-image size-large\"><img loading=\"lazy\" decoding=\"async\" width=\"720\" height=\"540\" data-id=\"4146\" src=\"https:\/\/www.baler-machines.com\/wp-content\/uploads\/2025\/03\/stirrup-bar-bending-machine.webp\" alt=\"\u00fczengi \u00e7ubu\u011fu b\u00fckme makinesi\" class=\"wp-image-4146\" title=\"\" srcset=\"https:\/\/www.baler-machines.com\/wp-content\/uploads\/2025\/03\/stirrup-bar-bending-machine.webp 720w, https:\/\/www.baler-machines.com\/wp-content\/uploads\/2025\/03\/stirrup-bar-bending-machine-16x12.webp 16w\" sizes=\"auto, (max-width: 720px) 100vw, 720px\" \/><figcaption class=\"wp-element-caption\">\u00dczengi \u00e7ubu\u011fu b\u00fckme makinesi<\/figcaption><\/figure> <\/figure>    <p class=\"translation-block\">Bu ekipmana ek olarak, <a href=\"https:\/\/www.baler-machines.com\/tr\/rebar-straightening-machine\/\">in\u015faat demiri d\u00fczeltme makinesi<\/a>, in\u015faat demiri halka yapma makinesi, <a href=\"https:\/\/www.baler-machines.com\/tr\/cnc-tube-bending-machine\/\">boru b\u00fck\u00fcc\u00fc<\/a> gibi ba\u015fka in\u015faat demiri i\u015fleme ekipmanlar\u0131m\u0131z da bulunmaktad\u0131r.<\/p>    <p class=\"translation-block\">Detayl\u0131 fiyat teklifi ve <a href=\"https:\/\/en.wikipedia.org\/wiki\/Rebar\" target=\"_blank\" rel=\"noopener\">donat\u0131 \u00e7eli\u011fi<\/a> i\u015fleme deste\u011fi i\u00e7in bizimle ileti\u015fime ge\u00e7menizi rica ederiz!<\/p>","protected":false},"excerpt":{"rendered":"<p>Shuliy in\u015faat demiri \u00fczengi b\u00fckme makinesi, saatte 1500-2000m \u00e7elik \u00e7ubuklar\u0131 kullan\u0131m i\u00e7in istenen \u015fekillere b\u00fckmek i\u00e7in geli\u015fmi\u015f 5 kafal\u0131 tasar\u0131m\u0131 benimser.<\/p>","protected":false},"author":1,"featured_media":4134,"parent":0,"template":"","tags":[641,643],"product-type":[640],"class_list":["post-4131","product","type-product","status-publish","has-post-thumbnail","hentry","tag-rebar","tag-steel-bar","product-type-rebar-processing-equipment"],"_links":{"self":[{"href":"https:\/\/www.baler-machines.com\/tr\/wp-json\/wp\/v2\/product\/4131","targetHints":{"allow":["GET"]}}],"collection":[{"href":"https:\/\/www.baler-machines.com\/tr\/wp-json\/wp\/v2\/product"}],"about":[{"href":"https:\/\/www.baler-machines.com\/tr\/wp-json\/wp\/v2\/types\/product"}],"author":[{"embeddable":true,"href":"https:\/\/www.baler-machines.com\/tr\/wp-json\/wp\/v2\/users\/1"}],"wp:featuredmedia":[{"embeddable":true,"href":"https:\/\/www.baler-machines.com\/tr\/wp-json\/wp\/v2\/media\/4134"}],"wp:attachment":[{"href":"https:\/\/www.baler-machines.com\/tr\/wp-json\/wp\/v2\/media?parent=4131"}],"wp:term":[{"taxonomy":"post_tag","embeddable":true,"href":"https:\/\/www.baler-machines.com\/tr\/wp-json\/wp\/v2\/tags?post=4131"},{"taxonomy":"product-type","embeddable":true,"href":"https:\/\/www.baler-machines.com\/tr\/wp-json\/wp\/v2\/product-type?post=4131"}],"curies":[{"name":"wp","href":"https:\/\/api.w.org\/{rel}","templated":true}]}}