{"id":411,"date":"2019-12-13T10:51:22","date_gmt":"2019-12-13T10:51:22","guid":{"rendered":"https:\/\/www.baler-machines.com\/?p=411"},"modified":"2024-11-29T10:49:47","modified_gmt":"2024-11-29T02:49:47","slug":"horizontal-metal-chips-briquetting-machine","status":"publish","type":"product","link":"https:\/\/www.baler-machines.com\/tr\/horizontal-metal-chips-briquetting-machine\/","title":{"rendered":"Yatay Metal Cips Briketleme Makinesi"},"content":{"rendered":"<p class=\"translation-block\">Yatay metal tala\u015f\u0131 briketleme makinesi, \u00e7e\u015fitli metal briket \u00fcretim hatlar\u0131nda yayg\u0131n olarak kullan\u0131labilen ticari <a href=\"https:\/\/www.baler-machines.com\/tr\/scrap-metal-chip-briquette-machine\/\" target=\"_blank\" rel=\"noreferrer noopener\">hurda metal pres ekipman\u0131<\/a>'d\u0131r. Al\u00fcminyum tala\u015f\u0131, demir tozu, bak\u0131r tala\u015f\u0131 ve di\u011fer metal at\u0131klar gibi yayg\u0131n metal tala\u015flar\u0131, kolay ta\u015f\u0131nabilir y\u00fcksek yo\u011funlukta briketler haline getirilebilir.<\/p>    <h2 class=\"wp-block-heading\" id=\"h-brief-introduction-of-the-automatic-metal-chips-briquetting-machine\"><strong>Otomatik metal tala\u015f briketleme makinesinin k\u0131sa tan\u0131t\u0131m\u0131 <\/strong><\/h2>    <p>Bak\u0131r tala\u015f\u0131 kek briket makinesi yatay bir yap\u0131da tasarlanm\u0131\u015ft\u0131r. \u00c7e\u015fitli metal hurdalar\u0131n\u0131 yatay olarak s\u0131k\u0131\u015ft\u0131rabilir. Gran\u00fcl ve toz halindeki metal tala\u015flar\u0131n\u0131 2-8 kg'l\u0131k silindirik kekler halinde s\u0131k\u0131\u015ft\u0131rabilir.\u00a0Hurda metal kaynaklar\u0131n\u0131n geri d\u00f6n\u00fc\u015f\u00fcm\u00fc i\u00e7in y\u00fcksek \u00e7al\u0131\u015fma verimlili\u011fine sahip olan bu metal tala\u015f briket makinesi, \u00e7elik d\u00f6k\u00fcm tesislerinde, metal izabe tesislerinde, in\u015faat end\u00fcstrisinde, \u00e7evre kirlili\u011fini \u00f6nleme i\u015fletmelerinde ve makine i\u015fleme tesislerinde yayg\u0131n olarak kullan\u0131labilir.<\/p>   <div class=\"wp-block-image\"> <figure class=\"aligncenter size-full\"><img loading=\"lazy\" decoding=\"async\" width=\"742\" height=\"557\" src=\"https:\/\/www.baler-machines.com\/wp-content\/uploads\/2019\/12\/new-designed-metal-scraps-press-machine.png\" alt=\"yeni-tasarlanm\u0131\u015f-metal-hurdas\u0131-pres-makinesi\" class=\"wp-image-414\" title=\"\"><figcaption>yeni tasarlanm\u0131\u015f metal art\u0131klar\u0131 pres makinesi<\/figcaption><\/figure> <\/div>   <h2 class=\"wp-block-heading\" id=\"h-what-are-the-components-of-the-metal-chips-briquetting-machine\"><strong>Metal tala\u015f briketleme makinesinin bile\u015fenleri nelerdir?<\/strong><\/h2>    <p>Metal tala\u015f briketleyici esas olarak bir s\u0131k\u0131\u015ft\u0131rma ya\u011f\u0131 silindiri, bir s\u0131k\u0131\u015ft\u0131rma odas\u0131, bir hidrolik sistem, bir elektrik sistemi, bir g\u00fcvenlik kontrol sistemi ve bir otomatik torbalama sisteminden olu\u015fur. Makine, g\u00fc\u00e7 kayna\u011f\u0131n\u0131n zay\u0131f oldu\u011fu alanlar i\u00e7in uygun bir dizel jenerat\u00f6r tahrikiyle donat\u0131labilir.<\/p>   <div class=\"wp-block-image\"> <figure class=\"aligncenter size-full\"><img loading=\"lazy\" decoding=\"async\" width=\"750\" height=\"750\" src=\"https:\/\/www.baler-machines.com\/wp-content\/uploads\/2019\/12\/horizontal-metal-briquette-machines-for-sale.jpg\" alt=\"sat\u0131l\u0131k yatay metal briket makineleri\" class=\"wp-image-412\" title=\"\"><figcaption>sat\u0131l\u0131k yatay metal briket makineleri<\/figcaption><\/figure> <\/div>   <h2 class=\"wp-block-heading\" id=\"h-how-to-design-the-metal-chips-briquetting-machine\"><strong>Metal tala\u015f briketleme makinesi nas\u0131l tasarlan\u0131r?<\/strong><\/h2>    <h3 class=\"wp-block-heading\"><strong>\u00dc\u00e7 kiri\u015fli, alt\u0131 direkli bir yap\u0131<\/strong><\/h3>    <p>Metal tala\u015f briket makinesi bu tip yap\u0131y\u0131 kullan\u0131r. <\/p>    <p>Briketleme makinesinin \u00fcst kiri\u015fi ve tezgah\u0131, s\u00fctunlar, sabitleme somunlar\u0131 ve ayar somunlar\u0131 arac\u0131l\u0131\u011f\u0131yla sabit bir \u00e7er\u00e7eve halinde birle\u015ftirilir.<\/p>    <p>\u00c7er\u00e7evenin do\u011frulu\u011fu, iyi bir mukavemete, sa\u011flaml\u0131\u011fa ve do\u011fruluk korumas\u0131na sahip olan ayar somunu ile ayarlan\u0131r.<\/p>   <div class=\"wp-block-image\"> <figure class=\"aligncenter size-full\"><img loading=\"lazy\" decoding=\"async\" width=\"720\" height=\"540\" src=\"https:\/\/www.baler-machines.com\/wp-content\/uploads\/2022\/08\/machine-body-construction.webp\" alt=\"makine g\u00f6vde yap\u0131s\u0131\" class=\"wp-image-2607\" title=\"\"><figcaption>makine g\u00f6vde yap\u0131s\u0131<\/figcaption><\/figure> <\/div>   <h3 class=\"wp-block-heading\"><strong>Kaynakl\u0131 \u00e7elik levhalar<\/strong><\/h3>    <p>\u00dcst kiri\u015f, masa, kayd\u0131r\u0131c\u0131 ve di\u011fer b\u00fcy\u00fck par\u00e7alar bu tesisi kullan\u0131r. Bu par\u00e7alar bilgisayar taraf\u0131ndan optimize edilmi\u015f ve tasarlanm\u0131\u015ft\u0131r. G\u00fcc\u00fc, sertli\u011fi, yap\u0131s\u0131 ve deformasyon direnci, uluslararas\u0131 standartlar\u0131 ve kullan\u0131m gereksinimlerini ve geni\u015f g\u00fcvenlik fakt\u00f6r\u00fcn\u00fc kar\u015f\u0131lar. Toz metal pres, karbon dioksit gaz\u0131 korumal\u0131 kaynak ve manuel ark kayna\u011f\u0131 kullan\u0131r, b\u00f6ylece kaynak kalitesi \u00e7ok y\u00fcksektir ve ya\u015flanma titre\u015fimi i\u015flemi yoluyla deformasyon stresini ortadan kald\u0131rabilir.<\/p>    <h3 class=\"wp-block-heading\"><strong>Briketleme makinesinin kayd\u0131r\u0131c\u0131s\u0131<\/strong><\/h3>    <p>Asl\u0131nda, kutu yap\u0131l\u0131 kaynakl\u0131 bir \u00e7elik plakad\u0131r. D\u00f6rt kolonlu k\u0131lavuz deli\u011findeki k\u0131lavuz kovan\u0131n malzemesi, iyi a\u015f\u0131nma direncine ve hassasiyet tutma \u00f6zelli\u011fine sahip nano-molek\u00fcler kompozit malzemedir.<\/p>    <p>Kayd\u0131r\u0131c\u0131n\u0131n alt d\u00fczleminde kal\u0131p montaj\u0131 i\u00e7in T yuvalar\u0131 bulunmaktad\u0131r.<\/p>    <p>Uzun kiri\u015fte bir ana \u00e7al\u0131\u015fma ya\u011f\u0131 silindiri bulunur. Ana \u00e7al\u0131\u015fma silindiri \u00fczerinde s\u0131v\u0131 dolu ya\u011f deposu bulunmaktad\u0131r. Metal tala\u015f briketleme makinesinin tezgah\u0131 ayn\u0131 zamanda bir ana kiri\u015f olu\u015fturmak \u00fczere \u00fcst kiri\u015fe ve kayd\u0131r\u0131c\u0131ya bir s\u00fctun arac\u0131l\u0131\u011f\u0131yla ba\u011flanan \u00e7elik levha kaynakl\u0131 bir yap\u0131sal par\u00e7ad\u0131r.<\/p>   <div class=\"wp-block-image\"> <figure class=\"aligncenter size-full\"><img loading=\"lazy\" decoding=\"async\" width=\"720\" height=\"540\" src=\"https:\/\/www.baler-machines.com\/wp-content\/uploads\/2019\/12\/metal-chips-briquetting-machine-manufacturer.webp\" alt=\"metal tala\u015f briketleme makinesi \u00fcreticisi\" class=\"wp-image-2614\" title=\"\"><figcaption>metal tala\u015f briketleme makinesi \u00fcreticisi<\/figcaption><\/figure> <\/div>   <h3 class=\"wp-block-heading\"><strong>Bak\u0131r silindirin tasar\u0131m\u0131<\/strong><\/h3>    <p>Briket makinesinin bak\u0131r silindiri, \u00fcst kiri\u015f deli\u011fine yerle\u015ftirilmi\u015f ve \u00e7ift kanall\u0131 bir conta ile kapat\u0131lm\u0131\u015f be\u015f silindirli bir tasar\u0131m kullan\u0131r. K\u0131lavuz k\u0131sm\u0131, s\u0131zd\u0131rmaz hale getirilmi\u015f ve a\u015f\u0131nma direnci iyi olan bak\u0131r kaynakla i\u015flenir. Silindir g\u00f6vdesinin malzemesi 45 d\u00f6vme \u00e7eliktir. , D\u00f6vmeler 3. s\u0131n\u0131ft\u0131r (d\u00f6vmeler ultrasonik kusur tespiti ile nitelendirilir ve s\u00f6nd\u00fcr\u00fcl\u00fcr ve temperlenir).<\/p>   <div class=\"wp-block-image\"> <figure class=\"aligncenter size-large\"><img loading=\"lazy\" decoding=\"async\" width=\"750\" height=\"561\" src=\"https:\/\/www.baler-machines.com\/wp-content\/uploads\/2019\/12\/metal-briquettes-production-line-of-our-Korea-customer.jpg\" alt=\"\" class=\"wp-image-416\" title=\"\"><figcaption>Kore m\u00fc\u015fterimizin metal briket \u00fcretim hatt\u0131<\/figcaption><\/figure> <\/div>   <h2 class=\"wp-block-heading\" id=\"h-how-does-the-hydraulic-aluminum-chip-briquetter-work\"><strong>Hidrolik al\u00fcminyum tala\u015f briketleyici nas\u0131l \u00e7al\u0131\u015f\u0131r?<\/strong><\/h2>    <p>Bu metal tala\u015f briketleme makinesi, malzemeleri s\u0131k\u0131\u015ft\u0131rmak i\u00e7in hidrolik silindirler taraf\u0131ndan sa\u011flanan hidrolik bas\u0131nc\u0131 kullan\u0131r. <\/p>    <p>\u00c7al\u0131\u015fma s\u0131ras\u0131nda, motorun d\u00f6n\u00fc\u015f\u00fc, ya\u011f pompas\u0131n\u0131 \u00e7al\u0131\u015ft\u0131rabilir, ya\u011f deposundaki hidrolik ya\u011f\u0131 \u00e7\u0131karabilir, hidrolik ya\u011f borusundan ta\u015f\u0131yabilir ve ya\u011f silindirinin piston \u00e7ubu\u011funu tahrik etmek i\u00e7in her bir hidrolik ya\u011f silindirine aktarabilir. Malzeme deposundaki \u00e7e\u015fitli metal tala\u015flar\u0131n\u0131 uzunlamas\u0131na s\u0131k\u0131\u015ft\u0131rmak i\u00e7in.<\/p>   <div class=\"wp-block-image\"> <figure class=\"aligncenter size-large\"><img loading=\"lazy\" decoding=\"async\" width=\"747\" height=\"487\" src=\"https:\/\/www.baler-machines.com\/wp-content\/uploads\/2019\/12\/copper-shavings-briquettes.png\" alt=\"\" class=\"wp-image-417\" title=\"\"><figcaption>bak\u0131r tala\u015f\u0131 briket<\/figcaption><\/figure> <\/div>   <h2 class=\"wp-block-heading\" id=\"h-maintenance-tips-of-the-horizontal-metal-briquetting-machine\"><strong>M<\/strong><strong>bak\u0131m<\/strong><strong>&nbsp;yatay metal briketleme makinesinin u\u00e7lar\u0131<\/strong><strong><\/strong><\/h2>    <ol class=\"wp-block-list\"><li>Makine \u00e7al\u0131\u015f\u0131rken kullan\u0131lan hidrolik ya\u011f\u0131na 32 ve 46 a\u015f\u0131nma \u00f6nleyici hidrolik ya\u011f\u0131 kullan\u0131lmas\u0131 tavsiye edilir. Ya\u011f s\u0131cakl\u0131\u011f\u0131n\u0131 15 ila 60\u00b0C aral\u0131\u011f\u0131nda kullan\u0131n.<\/li><li>Hidrolik ya\u011f\u0131n tanka eklenmesine izin verilmeden \u00f6nce s\u0131k\u0131 bir \u015fekilde filtrelenir. \u00c7al\u0131\u015fma s\u0131v\u0131s\u0131 y\u0131lda bir kez de\u011fi\u015ftirilmeli ve de\u011fi\u015ftirme s\u00fcresi \u00fc\u00e7 ay\u0131 ge\u00e7memelidir.<\/li><li> Makine uzun s\u00fcre kullan\u0131lmayacaksa her par\u00e7an\u0131n y\u00fczeyi temizlenmeli ve pas \u00f6nleyici ya\u011f ile kaplanmal\u0131d\u0131r.<\/li><li>Metal briket makinesinin k\u0131za\u011f\u0131 s\u0131k s\u0131k ya\u011flama ya\u011f\u0131 ile doldurulmal\u0131, kolonun d\u0131\u015f y\u00fczeyi s\u0131k s\u0131k temiz tutulmal\u0131, her \u00e7al\u0131\u015fmadan \u00f6nce ya\u011f enjekte edilmelidir. Manometre alt\u0131 ayda bir kontrol edilmelidir.<\/li><\/ol>   <div class=\"wp-block-image\"> <figure class=\"aligncenter size-large\"><img loading=\"lazy\" decoding=\"async\" width=\"750\" height=\"563\" src=\"https:\/\/www.baler-machines.com\/wp-content\/uploads\/2019\/12\/bulks-of-iron-shaving-briquettes-made-by-this-metal-press-machine.jpg\" alt=\"\" class=\"wp-image-418\" title=\"\"><figcaption>Bu metal pres makinesi taraf\u0131ndan \u00fcretilen b\u00fcy\u00fck miktarlarda demir tra\u015flama briketleri<\/figcaption><\/figure> <\/div>   <h2 class=\"wp-block-heading\" id=\"h-technical-specifications-of-the-metal-briquette-press\"><strong>Metal briket presinin teknik \u00f6zellikleri<\/strong><\/h2>    <figure class=\"wp-block-table\"><table><tbody><tr><td>Modeli<\/td><td>Briket \u00e7ap\u0131 (mm)<\/td><td>H\u0131z (briket\/dak)<\/td><td>Motorlu (kW)<\/td><td>Briket yo\u011funlu\u011fu (ton\/m\u00b3)<\/td><\/tr><tr><td>SL-2000<\/td><td>60~90<\/td><td>2~3<\/td><td>18.5<\/td><td>Al\u00fcminyum\u22642.5<\/td><\/tr><tr><td>SL-2500<\/td><td>90~110<\/td><td>3~5<\/td><td>22<\/td><td>Al\u00fcminyum\u22642.5<\/td><\/tr><tr><td>SL-3150<\/td><td>100~110<\/td><td>3~5<\/td><td>30<\/td><td>\u00c7elik, d\u00f6kme demir\u22645,5<\/td><\/tr><tr><td>SL-3600<\/td><td>100~130<\/td><td>3~5<\/td><td>30<\/td><td>\u00c7elik, d\u00f6kme demir\u22645,5<\/td><\/tr><tr><td>SL-5000<\/td><td>120~160<\/td><td>3~5<\/td><td>22\u00d72<\/td><td>Pirin\u00e7, bak\u0131r\u22647.0<\/td><\/tr><tr><td>SL-6300<\/td><td>120~200<\/td><td>3~5<\/td><td>30\u00d72<\/td><td>Pirin\u00e7, bak\u0131r\u22647.0<\/td><\/tr><\/tbody><\/table><\/figure>","protected":false},"excerpt":{"rendered":"<p>Yatay tip metal tala\u015f briket makinesi (metal briketleme makinesi), ticari hurda metal pres ekipman\u0131d\u0131r ve \u00e7e\u015fitli metal briket \u00fcretim hatlar\u0131nda yayg\u0131n olarak kullan\u0131labilir. <\/p>","protected":false},"author":1,"featured_media":2598,"parent":0,"template":"","tags":[113,639,125,591,112],"product-type":[563],"class_list":["post-411","product","type-product","status-publish","has-post-thumbnail","hentry","tag-metal-briquette-machine","tag-metal-briquetting","tag-metal-chips-briquette-machine","tag-metal-chips-briquetting-machine","tag-scrap-metal-briquette-machine","product-type-baler-machine"],"_links":{"self":[{"href":"https:\/\/www.baler-machines.com\/tr\/wp-json\/wp\/v2\/product\/411","targetHints":{"allow":["GET"]}}],"collection":[{"href":"https:\/\/www.baler-machines.com\/tr\/wp-json\/wp\/v2\/product"}],"about":[{"href":"https:\/\/www.baler-machines.com\/tr\/wp-json\/wp\/v2\/types\/product"}],"author":[{"embeddable":true,"href":"https:\/\/www.baler-machines.com\/tr\/wp-json\/wp\/v2\/users\/1"}],"wp:featuredmedia":[{"embeddable":true,"href":"https:\/\/www.baler-machines.com\/tr\/wp-json\/wp\/v2\/media\/2598"}],"wp:attachment":[{"href":"https:\/\/www.baler-machines.com\/tr\/wp-json\/wp\/v2\/media?parent=411"}],"wp:term":[{"taxonomy":"post_tag","embeddable":true,"href":"https:\/\/www.baler-machines.com\/tr\/wp-json\/wp\/v2\/tags?post=411"},{"taxonomy":"product-type","embeddable":true,"href":"https:\/\/www.baler-machines.com\/tr\/wp-json\/wp\/v2\/product-type?post=411"}],"curies":[{"name":"wp","href":"https:\/\/api.w.org\/{rel}","templated":true}]}}