{"id":4102,"date":"2025-03-06T17:50:15","date_gmt":"2025-03-06T09:50:15","guid":{"rendered":"https:\/\/www.baler-machines.com\/?post_type=product&#038;p=4102"},"modified":"2025-03-06T17:53:23","modified_gmt":"2025-03-06T09:53:23","slug":"rebar-straightening-machine","status":"publish","type":"product","link":"https:\/\/www.baler-machines.com\/tr\/rebar-straightening-machine\/","title":{"rendered":"Sat\u0131l\u0131k Otomatik At\u0131k \u0130n\u015fa \u00c7art\u0131 D\u00fczle\u015ftirme Makinesi"},"content":{"rendered":"<p class=\"translation-block\">[Shuliy <strong>demir \u00e7ubuk d\u00fczle\u015ftirme makinesi<\/strong> b\u00fck\u00fclm\u00fc\u015f veya bi\u00e7imsiz hurda \u00e7elik \u00e7ubuklar\u0131 (\u00e7ap 6-25mm) yeniden kullan\u0131ma uygun hale getirmek i\u00e7in tasarlanm\u0131\u015ft\u0131r. D\u00fczle\u015ftirme i\u015fleminden sonra \u00e7elik demir \u00e7ubuk hacmi azal\u0131r, ta\u015f\u0131nmas\u0131 kolayd\u0131r.<\/p>    <p>D\u00fczle\u015ftirme uzunlu\u011fu 500-2000mm ve zaman ba\u015f\u0131na 20 kat d\u00fczle\u015ftirme s\u00fcresine sahiptir.<\/p>    <p>Bu at\u0131k \u00e7elik \u00e7ubuk geri d\u00f6n\u00fc\u015f\u00fcm makinesi, \u00e7elik \u00e7ubuklar\u0131n yeniden kullan\u0131m de\u011ferini art\u0131r\u0131r ve bina yap\u0131s\u0131, \u00e7elik i\u015fleme tesisleri, hurda metal geri d\u00f6n\u00fc\u015f\u00fcm istasyonlar\u0131nda ve di\u011fer alanlarda yayg\u0131n olarak kullan\u0131lan at\u0131klar\u0131 azalt\u0131r. \u0130lgileniyorsan\u0131z, daha fazla ayr\u0131nt\u0131 i\u00e7in bizimle ileti\u015fime ge\u00e7meye ho\u015f geldiniz!<\/p>    <figure class=\"wp-block-embed is-type-video is-provider-youtube wp-block-embed-youtube wp-embed-aspect-16-9 wp-has-aspect-ratio\"><div class=\"wp-block-embed__wrapper\"> <iframe loading=\"lazy\" title=\"Yuvarlak \u00e7ubuk hurdas\u0131 i\u00e7in verimli at\u0131k \u00e7elik \u00e7ubuk d\u00fczle\u015ftirme makinesi, in\u015faat demiri d\u00fczeltme geri d\u00f6n\u00fc\u015f\u00fcm\u00fc\" width=\"500\" height=\"281\" src=\"https:\/\/www.youtube.com\/embed\/2trV77C-QWQ?feature=oembed\" frameborder=\"0\" allow=\"accelerometer; autoplay; clipboard-write; encrypted-media; gyroscope; picture-in-picture; web-share\" referrerpolicy=\"strict-origin-when-cross-origin\" allowfullscreen><\/iframe> <\/div><\/figure>    <h2 class=\"wp-block-heading\"><strong>Hurda in\u015faat demiri d\u00fczle\u015ftirme makinesinin avantajlar\u0131<\/strong><\/h2>    <ul class=\"wp-block-list\"> <li>Bu olabilir <strong>B\u00fck\u00fclm\u00fc\u015f veya deforme olmu\u015f \u00e7ubuklar (6-25mm), zaman ba\u015f\u0131na 20 kez \u00e7\u0131k\u0131\u015fla,<\/strong> bu etkilidir.<\/li>    <li>Bu hurda \u00e7elik \u00e7ubuk d\u00fczle\u015ftirici makinesi <strong>T-\u015fekilli beslemeli 5 delik veya 6 delik<\/strong>, beslenmesi kolay ve dayan\u0131kl\u0131.<\/li>    <li>The <strong>Di\u015fli kal\u0131nla\u015fm\u0131\u015f malzemelerden yap\u0131lm\u0131\u015ft\u0131r<\/strong>, a\u015f\u0131nmaya dayan\u0131kl\u0131, uzun bir hizmet \u00f6mr\u00fcne sahip.<\/li>    <li>The <strong>Y\u00fcksek s\u0131cakl\u0131k s\u00f6nd\u00fcrme bas\u0131n\u00e7 silindiri 40 demir malzemeyi benimser<\/strong>, Reebr'in iyi bir d\u00fczle\u015ftirici etkisi vard\u0131r.<\/li> <\/ul>    <figure class=\"wp-block-gallery has-nested-images columns-default is-cropped wp-block-gallery-2 is-layout-flex wp-block-gallery-is-layout-flex\"> <figure class=\"wp-block-image size-large\"><img loading=\"lazy\" decoding=\"async\" width=\"720\" height=\"540\" data-id=\"4105\" src=\"https:\/\/www.baler-machines.com\/wp-content\/uploads\/2025\/03\/scrap-steel-bar-rebar-rod-straightening-machine-for-sale.webp\" alt=\"\u00a0Sat\u0131l\u0131k hurda \u00e7elik \u00e7ubuk in\u015faat \u00e7ubu\u011fu d\u00fczle\u015ftirme makinesi\" class=\"wp-image-4105\" title=\"\" srcset=\"https:\/\/www.baler-machines.com\/wp-content\/uploads\/2025\/03\/scrap-steel-bar-rebar-rod-straightening-machine-for-sale.webp 720w, https:\/\/www.baler-machines.com\/wp-content\/uploads\/2025\/03\/scrap-steel-bar-rebar-rod-straightening-machine-for-sale-16x12.webp 16w\" sizes=\"auto, (max-width: 720px) 100vw, 720px\" \/><figcaption class=\"wp-element-caption\">\u00a0Sat\u0131l\u0131k hurda \u00e7elik \u00e7ubuk in\u015faat \u00e7ubu\u011fu d\u00fczle\u015ftirme makinesi<\/figcaption><\/figure>    <figure class=\"wp-block-image size-large\"><img loading=\"lazy\" decoding=\"async\" width=\"720\" height=\"540\" data-id=\"4106\" src=\"https:\/\/www.baler-machines.com\/wp-content\/uploads\/2025\/03\/feeding-holes-of-scrap-rebar-straightener-machine.webp\" alt=\"Hurda demir d\u00fczeltme makinesinin besleme delikleri\" class=\"wp-image-4106\" title=\"\" srcset=\"https:\/\/www.baler-machines.com\/wp-content\/uploads\/2025\/03\/feeding-holes-of-scrap-rebar-straightener-machine.webp 720w, https:\/\/www.baler-machines.com\/wp-content\/uploads\/2025\/03\/feeding-holes-of-scrap-rebar-straightener-machine-16x12.webp 16w\" sizes=\"auto, (max-width: 720px) 100vw, 720px\" \/><figcaption class=\"wp-element-caption\">Hurda D\u00fczeltme D\u00fczeltme D\u00fczeltici Makinesi Besleme<\/figcaption><\/figure> <\/figure>    <h2 class=\"wp-block-heading\"><strong>\u00c7elik \u00e7ubuk d\u00fczle\u015ftirme makinesinin teknik parametreleri<\/strong><\/h2>    <figure class=\"wp-block-table\"><table><tbody><tr><td>Modeli<\/td><td>6-10<\/td><td>6-14<\/td><td>8-16<\/td><td>14-25<\/td><\/tr><tr><td>D\u00fczle\u015ftirme \u00e7ubu\u011fu \u00e7ap\u0131<\/td><td>6-10mm<\/td><td>6-14mm<\/td><td>8-16mm<\/td><td>14-25mm<\/td><\/tr><tr><td>D\u00fczle\u015ftirme s\u00fcreleri<\/td><td>5 delik, 20 kez\/saat<\/td><td>5 delik, 20 kez\/saat<\/td><td>5 delik, 20 kez\/saat<\/td><td>6 delik, 20 kez\/saat<\/td><\/tr><tr><td>D\u00fczle\u015ftirme uzunlu\u011fu<\/td><td>500-2000mm<\/td><td>500-2000mm<\/td><td>500-2000mm<\/td><td>500-2000mm<\/td><\/tr><tr><td>Motor g\u00fcc\u00fc<\/td><td>4kw<\/td><td>5kw<\/td><td>5kw<\/td><td>15kw<\/td><\/tr><tr><td>Makine a\u011f\u0131rl\u0131\u011f\u0131<\/td><td>570kg<\/td><td>730kg<\/td><td>750kg<\/td><td>980kg<\/td><\/tr><tr><td>Makine boyutu<\/td><td>1100*720*1150mm<\/td><td>1200*7890*1220mm<\/td><td>1250*820*1300mm<\/td><td>1550*890*1600mm<\/td><\/tr><\/tbody><\/table><figcaption class=\"wp-element-caption\">\u00c7elik \u00e7ubuk d\u00fczle\u015ftirici makinesinin \u00f6zellikleri<\/figcaption><\/figure>   <div class=\"wp-block-image\"> <figure class=\"aligncenter size-full\"><img loading=\"lazy\" decoding=\"async\" width=\"720\" height=\"540\" src=\"https:\/\/www.baler-machines.com\/wp-content\/uploads\/2025\/03\/waste-rebar-straightening-machine-for-sale-in-stock.webp\" alt=\"Stokta Sat\u0131l\u0131k At\u0131k \u0130n\u015fa \u00c7ubuk D\u00fczle\u015ftirme Makinesi\" class=\"wp-image-4107\" title=\"\" srcset=\"https:\/\/www.baler-machines.com\/wp-content\/uploads\/2025\/03\/waste-rebar-straightening-machine-for-sale-in-stock.webp 720w, https:\/\/www.baler-machines.com\/wp-content\/uploads\/2025\/03\/waste-rebar-straightening-machine-for-sale-in-stock-16x12.webp 16w\" sizes=\"auto, (max-width: 720px) 100vw, 720px\" \/><figcaption class=\"wp-element-caption\">Stokta Sat\u0131l\u0131k At\u0131k \u0130n\u015fa \u00c7ubuk D\u00fczle\u015ftirme Makinesi<\/figcaption><\/figure> <\/div>   <h2 class=\"wp-block-heading\"><strong>At\u0131k \u0130n\u015faf D\u00fczle\u015ftirme Makinesinin Uygulamalar\u0131<\/strong><\/h2>    <p>Hurda in\u015faat demiri d\u00fczle\u015ftirme makinemiz, in\u015faat, k\u00f6pr\u00fc, yol yap\u0131m\u0131, hurda metal geri d\u00f6n\u00fc\u015f\u00fcm\u00fc vb. Gibi bir\u00e7ok sekt\u00f6rde yayg\u0131n olarak kullan\u0131lmaktad\u0131r. Ana uygulamalar\u0131 \u015funlar\u0131 i\u00e7erir:<\/p>    <ul class=\"wp-block-list\"> <li><strong>\u0130n\u015faat sekt\u00f6r\u00fc<\/strong>: At\u0131klar\u0131 azaltmak i\u00e7in d\u00fczle\u015ftirme makinesi taraf\u0131ndan tedavi edildikten sonra in\u015faat alan\u0131ndaki at\u0131lan \u00e7elik \u00e7ubuklar in\u015faat i\u00e7in yeniden kullan\u0131labilir.<\/li>    <li><strong>\u00c7elik \u00e7ubuk i\u015fleme tesisi<\/strong>: \u00c7elik \u00e7ubuklar\u0131n yeniden kullan\u0131m de\u011ferini iyile\u015ftirmek i\u00e7in kesilmeden ve kaynak yapmadan \u00f6nce geri d\u00f6n\u00fc\u015ft\u00fcr\u00fclm\u00fc\u015f at\u0131k \u00e7elik \u00e7ubuklar\u0131 d\u00fczeltmek i\u00e7in kullan\u0131l\u0131r.<\/li>    <li><strong>Hurda metal geri d\u00f6n\u00fc\u015f\u00fcm istasyonu<\/strong>: Hurda in\u015faat demerini verimli bir \u015fekilde i\u015flemek ve geri d\u00f6n\u00fc\u015ft\u00fcr\u00fclm\u00fc\u015f metalin ekonomik faydas\u0131n\u0131 art\u0131rmak i\u00e7in geri d\u00f6n\u00fc\u015f\u00fcm istasyonuna yard\u0131mc\u0131 olun.<\/li>    <li><strong>K\u00f6pr\u00fc in\u015faat\u0131<\/strong>: Hurda \u00e7elik \u00e7ubuklar\u0131n\u0131n baz\u0131lar\u0131, d\u00fczeltme ve i\u015fleme i\u015fleminden sonra k\u00f6pr\u00fc yap\u0131s\u0131nda yeniden kullan\u0131labilir ve in\u015faat maliyetlerini azalt\u0131r.<\/li> <\/ul>    <figure class=\"wp-block-gallery has-nested-images columns-default is-cropped wp-block-gallery-3 is-layout-flex wp-block-gallery-is-layout-flex\"> <figure class=\"wp-block-image size-large\"><img loading=\"lazy\" decoding=\"async\" width=\"725\" height=\"435\" data-id=\"4110\" src=\"https:\/\/www.baler-machines.com\/wp-content\/uploads\/2025\/03\/bent-or-deformed-steel-bars.webp\" alt=\"b\u00fck\u00fclm\u00fc\u015f veya deforme olmu\u015f \u00e7elik \u00e7ubuklar\" class=\"wp-image-4110\" title=\"\" srcset=\"https:\/\/www.baler-machines.com\/wp-content\/uploads\/2025\/03\/bent-or-deformed-steel-bars.webp 725w, https:\/\/www.baler-machines.com\/wp-content\/uploads\/2025\/03\/bent-or-deformed-steel-bars-18x12.webp 18w\" sizes=\"auto, (max-width: 725px) 100vw, 725px\" \/><figcaption class=\"wp-element-caption\">B\u00fck\u00fclm\u00fc\u015f veya deforme olmu\u015f \u00e7elik \u00e7ubuklar<\/figcaption><\/figure>    <figure class=\"wp-block-image size-large\"><img loading=\"lazy\" decoding=\"async\" width=\"727\" height=\"439\" data-id=\"4111\" src=\"https:\/\/www.baler-machines.com\/wp-content\/uploads\/2025\/03\/straightened-rebars.webp\" alt=\"d\u00fczeltilmi\u015f demirler\" class=\"wp-image-4111\" title=\"\" srcset=\"https:\/\/www.baler-machines.com\/wp-content\/uploads\/2025\/03\/straightened-rebars.webp 727w, https:\/\/www.baler-machines.com\/wp-content\/uploads\/2025\/03\/straightened-rebars-18x12.webp 18w\" sizes=\"auto, (max-width: 727px) 100vw, 727px\" \/><figcaption class=\"wp-element-caption\">D\u00fczle\u015ftirilmi\u015f Lavan \u00c7izimleri<\/figcaption><\/figure> <\/figure>    <h2 class=\"wp-block-heading\"><strong>Shuliy \u00e7elik \u00e7ubuk d\u00fczle\u015ftirici nas\u0131l \u00e7al\u0131\u015f\u0131r?<\/strong><\/h2>    <p>Yuvarlak \u00e7ubuk d\u00fczle\u015ftirme makinesi esas olarak d\u00fczle\u015ftirme \u00e7al\u0131\u015fmas\u0131n\u0131 d\u00fczle\u015ftirme mekanizmas\u0131 ve \u00e7eki\u015f sistemi ile tamamlar ve temel i\u015f ak\u0131\u015f\u0131 a\u015fa\u011f\u0131daki gibidir:<\/p>    <ol class=\"wp-block-list\"> <li><strong>Besleme<\/strong>: B\u00fck\u00fclm\u00fc\u015f veya deforme olmu\u015f \u00e7elik \u00e7ubuk, makineye besleme ba\u011flant\u0131 noktas\u0131ndan girer.<\/li>    <li><strong>D\u00fczle\u015ftirme<\/strong>: \u00c7ubuk, kademeli olarak d\u00fczeltmek i\u00e7in mekanik gerginli\u011fe dayanarak birka\u00e7 d\u00fczle\u015ftirici tekerlekten ge\u00e7er.<\/li>    <li><strong>Bitmi\u015f \u00fcr\u00fcn \u00e7\u0131kt\u0131s\u0131<\/strong>: Son olarak in\u015faat veya geri d\u00f6n\u00fc\u015f\u00fcm i\u00e7in kullan\u0131labilen y\u00fcksek d\u00fczl\u00fck ile in\u015faat demiri al\u0131n.<\/li> <\/ol>   <div class=\"wp-block-image\"> <figure class=\"aligncenter size-full\"><img loading=\"lazy\" decoding=\"async\" width=\"720\" height=\"540\" src=\"https:\/\/www.baler-machines.com\/wp-content\/uploads\/2025\/03\/automatic-steel-rod-straightening-machine.webp\" alt=\"otomatik \u00e7elik \u00e7ubuk d\u00fczle\u015ftirme makinesi\" class=\"wp-image-4112\" title=\"\" srcset=\"https:\/\/www.baler-machines.com\/wp-content\/uploads\/2025\/03\/automatic-steel-rod-straightening-machine.webp 720w, https:\/\/www.baler-machines.com\/wp-content\/uploads\/2025\/03\/automatic-steel-rod-straightening-machine-16x12.webp 16w\" sizes=\"auto, (max-width: 720px) 100vw, 720px\" \/><figcaption class=\"wp-element-caption\">otomatik \u00e7elik \u00e7ubuk d\u00fczle\u015ftirme makinesi<\/figcaption><\/figure> <\/div>   <h2 class=\"wp-block-heading\"><strong>Demir d\u00fczeltme makinesinin fiyat\u0131 nedir?<\/strong><\/h2>    <p>Yuvarlak \u00e7ubuk d\u00fczle\u015ftirme makinesinin fiyat\u0131, ekipman\u0131n modeli, spesifikasyonu ve malzemesi dahil olmak \u00fczere \u00e7e\u015fitli fakt\u00f6rlerden etkilenir. Farkl\u0131 ekipman modelleri, uygulaman\u0131n kapsam\u0131n\u0131 etkileyen farkl\u0131 \u00f6zellik boyutlar\u0131na sahiptir. Malzeme se\u00e7imi, ekipman\u0131n dayan\u0131kl\u0131l\u0131\u011f\u0131 ve hizmet \u00f6mr\u00fc ile ilgilidir. Bu fakt\u00f6rler birlikte ekipman\u0131n nihai fiyat\u0131n\u0131 belirler.<\/p>    <p>Belirli bir teklif almak ister misiniz? Bizimle ileti\u015fime ge\u00e7mekten \u00e7ekinmeyin!<\/p>   <div class=\"wp-block-image\"> <figure class=\"aligncenter size-full\"><img loading=\"lazy\" decoding=\"async\" width=\"720\" height=\"540\" src=\"https:\/\/www.baler-machines.com\/wp-content\/uploads\/2025\/03\/scrap-steel-bar-straightener-machine.webp\" alt=\"Hurda \u00e7elik \u00e7ubuk d\u00fczle\u015ftirici makinesi\" class=\"wp-image-4113\" title=\"\" srcset=\"https:\/\/www.baler-machines.com\/wp-content\/uploads\/2025\/03\/scrap-steel-bar-straightener-machine.webp 720w, https:\/\/www.baler-machines.com\/wp-content\/uploads\/2025\/03\/scrap-steel-bar-straightener-machine-16x12.webp 16w\" sizes=\"auto, (max-width: 720px) 100vw, 720px\" \/><figcaption class=\"wp-element-caption\">6-25mm hurda \u00e7elik \u00e7ubuk d\u00fczle\u015ftirici makinesi<\/figcaption><\/figure> <\/div>   <h2 class=\"wp-block-heading\"><strong>Shuliy: Profesyonel in\u015faat demiri d\u00fczle\u015ftirici makinesi \u00fcreticisi ve tedarik\u00e7isi<\/strong><\/h2>    <p>Shuliy, zengin \u00fcretim deneyimi ve olgun teknolojiye sahip hurda \u00e7elik \u00e7ubuk d\u00fczle\u015ftirme makinelerinin profesyonel bir \u00fcreticisidir. \u00dcr\u00fcnlerimiz, t\u00fcm d\u00fcnyadaki m\u00fc\u015fteriler taraf\u0131ndan g\u00fcvenilen y\u00fcksek kaliteli, y\u00fcksek verimlilik ve d\u00fc\u015f\u00fck enerji t\u00fcketimi ile \u00fcnl\u00fcd\u00fcr. Sunuyoruz:<\/p>    <ul class=\"wp-block-list\"> <li>Farkl\u0131 ihtiya\u00e7lar i\u00e7in tam at\u0131k \u00e7elik \u00e7ubuk d\u00fczle\u015ftirici ekipman<\/li>    <li>Ekipman\u0131n sorunsuz kullan\u0131m\u0131n\u0131 sa\u011flamak i\u00e7in teknik destek ve e\u011fitim<\/li>    <li>Ekipman\u0131n uzun s\u00fcreli kararl\u0131 \u00e7al\u0131\u015fmas\u0131n\u0131 sa\u011flamak i\u00e7in h\u0131zl\u0131 sat\u0131\u015f sonras\u0131 hizmet<\/li> <\/ul>    <p>Y\u00fcksek verimli bir in\u015faat demiri d\u00fczle\u015ftirici makinesine ihtiyac\u0131n\u0131z varsa, Shuliy en iyi se\u00e7imdir!<\/p>    <figure class=\"wp-block-gallery aligncenter has-nested-images columns-default is-cropped wp-block-gallery-4 is-layout-flex wp-block-gallery-is-layout-flex\"> <figure class=\"wp-block-image size-full\"><img loading=\"lazy\" decoding=\"async\" width=\"720\" height=\"540\" data-id=\"4109\" src=\"https:\/\/www.baler-machines.com\/wp-content\/uploads\/2025\/03\/steel-wire-straightening-machine-in-the-factory.webp\" alt=\"Fabrikada \u00e7elik tel d\u00fczle\u015ftirme makinesi\" class=\"wp-image-4109\" title=\"\" srcset=\"https:\/\/www.baler-machines.com\/wp-content\/uploads\/2025\/03\/steel-wire-straightening-machine-in-the-factory.webp 720w, https:\/\/www.baler-machines.com\/wp-content\/uploads\/2025\/03\/steel-wire-straightening-machine-in-the-factory-16x12.webp 16w\" sizes=\"auto, (max-width: 720px) 100vw, 720px\" \/><figcaption class=\"wp-element-caption\">Fabrikada \u00e7elik tel d\u00fczle\u015ftirme makinesi<\/figcaption><\/figure>    <figure class=\"wp-block-image size-full\"><img loading=\"lazy\" decoding=\"async\" width=\"720\" height=\"540\" data-id=\"4108\" src=\"https:\/\/www.baler-machines.com\/wp-content\/uploads\/2025\/03\/round-bar-straightening-machine-manufacturer.webp\" alt=\"Yuvarlak \u00e7ubuk d\u00fczle\u015ftirme makinesi \u00fcreticisi\" class=\"wp-image-4108\" title=\"\" srcset=\"https:\/\/www.baler-machines.com\/wp-content\/uploads\/2025\/03\/round-bar-straightening-machine-manufacturer.webp 720w, https:\/\/www.baler-machines.com\/wp-content\/uploads\/2025\/03\/round-bar-straightening-machine-manufacturer-16x12.webp 16w\" sizes=\"auto, (max-width: 720px) 100vw, 720px\" \/><figcaption class=\"wp-element-caption\">Yuvarlak \u00e7ubuk d\u00fczle\u015ftirme makinesi \u00fcreticisi<\/figcaption><\/figure> <\/figure>    <h2 class=\"wp-block-heading\"><strong>Shuliy'den bir at\u0131k \u00e7elik \u00e7ubuk geri d\u00f6n\u00fc\u015f\u00fcm makinesi nas\u0131l?<\/strong><\/h2>    <p>Sipari\u015f s\u00fcreci h\u0131zl\u0131 ve kolayd\u0131r, a\u015fa\u011f\u0131daki ad\u0131mlar\u0131 izleyebilirsiniz:<\/p>    <ol class=\"wp-block-list\"> <li><strong>Bize Ula\u015f\u0131n<\/strong>: Web sayfas\u0131n\u0131n sa\u011f taraf\u0131ndaki \u00e7evrimi\u00e7i ileti\u015fim bilgileri arac\u0131l\u0131\u011f\u0131yla bize ula\u015f\u0131n.<\/li>    <li><strong>Taleplerinizi belirtin<\/strong>: in\u015faat demiri \u00e7ap\u0131, d\u00fczle\u015ftirme uzunlu\u011fu, i\u015fleme kapasitesi vb. Gibi \u00f6zel ihtiya\u00e7lar\u0131n\u0131z\u0131 sa\u011flay\u0131n.<\/li>    <li><strong>Ekipman\u0131 se\u00e7in<\/strong>\u0130htiya\u00e7lar\u0131n\u0131za g\u00f6re do\u011fru modeli \u00f6nerece\u011fiz ve detayl\u0131 parametreler ve fiyat teklifleri sunaca\u011f\u0131z.<\/li>    <li><strong>Sipari\u015fi onaylay\u0131n<\/strong>: Her \u015fey onayland\u0131, hem s\u00f6zle\u015fmeyi imzalay\u0131n hem de depozito \u00f6deyin.<\/li>    <li><strong>\u00dcretim ve test<\/strong>\u00dcretimi belirtilen s\u00fcre i\u00e7inde tamamlayacak ve makinenin kalitesini sa\u011flamak i\u00e7in test edece\u011fiz.<\/li>    <li><strong>Sevkiyat<\/strong>: \u00c7elik \u00e7ubuk d\u00fczle\u015ftirme ekipman\u0131 deniz taraf\u0131ndan (genellikle) teslim edilecek ve hedefe zaman\u0131nda var\u0131lacakt\u0131r.<\/li> <\/ol>   <div class=\"wp-block-image\"> <figure class=\"aligncenter size-full\"><img loading=\"lazy\" decoding=\"async\" width=\"720\" height=\"540\" src=\"https:\/\/www.baler-machines.com\/wp-content\/uploads\/2025\/03\/waste-steel-bar-recycling-machine-for-rebar-straightening.webp\" alt=\"At\u0131k \u00e7elik \u00e7ubuk geri d\u00f6n\u00fc\u015f\u00fcm makinesi in\u015faat demiri d\u00fczle\u015ftirme i\u00e7in\" class=\"wp-image-4114\" title=\"\" srcset=\"https:\/\/www.baler-machines.com\/wp-content\/uploads\/2025\/03\/waste-steel-bar-recycling-machine-for-rebar-straightening.webp 720w, https:\/\/www.baler-machines.com\/wp-content\/uploads\/2025\/03\/waste-steel-bar-recycling-machine-for-rebar-straightening-16x12.webp 16w\" sizes=\"auto, (max-width: 720px) 100vw, 720px\" \/><figcaption class=\"wp-element-caption\">At\u0131k \u00e7elik \u00e7ubuk geri d\u00f6n\u00fc\u015f\u00fcm makinesi in\u015faat demiri d\u00fczle\u015ftirme i\u00e7in<\/figcaption><\/figure> <\/div>   <h2 class=\"wp-block-heading\"><strong>Daha fazla ayr\u0131nt\u0131 i\u00e7in hemen bizimle ileti\u015fime ge\u00e7in!<\/strong><\/h2>    <p class=\"translation-block\"><a href=\"https:\/\/www.baler-machines.com\/tr\/cnc-spiral-rebar-bending-machine\/\">demir \u00e7ubuk halkas\u0131 yapma makinesi<\/a>, sabit par\u00e7a b\u00fckme makinesi, boru b\u00fckme makinesi gibi \u00e7e\u015fitli \u00e7elik \u00e7ubuk i\u015fleme ekipmanlar\u0131 da sa\u011fl\u0131yoruz. <\/p>    <p class=\"translation-block\">\u0130lgileniyorsan\u0131z veya belirli model, fiyat ve di\u011fer bilgileri \u00f6\u011frenmek istiyorsan\u0131z, istedi\u011finiz zaman bizimle ileti\u015fime ge\u00e7in. Sizin <a href=\"https:\/\/en.wikipedia.org\/wiki\/Steel_bar\" target=\"_blank\" rel=\"noopener\">\u00e7elik \u00e7ubuk<\/a> i\u015fleme i\u015finiz i\u00e7in en uygun \u00e7\u00f6z\u00fcm\u00fc ve ayr\u0131nt\u0131lar\u0131 sa\u011flayaca\u011f\u0131z.<\/p>","protected":false},"excerpt":{"rendered":"<p>Shuliy in\u015faat demiri d\u00fczle\u015ftirme makinesi, 500-2000mm'lik bir d\u00fcz uzunlukla yeniden kullan\u0131m i\u00e7in b\u00fck\u00fclm\u00fc\u015f veya deforme olmu\u015f hurda \u00e7elik \u00e7ubuklar\u0131n\u0131 (6-25mm \u00e7ap\u0131nda) d\u00fczeltmek i\u00e7in tasarlanm\u0131\u015ft\u0131r.<\/p>","protected":false},"author":1,"featured_media":4104,"parent":0,"template":"","tags":[641,643],"product-type":[640],"class_list":["post-4102","product","type-product","status-publish","has-post-thumbnail","hentry","tag-rebar","tag-steel-bar","product-type-rebar-processing-equipment"],"_links":{"self":[{"href":"https:\/\/www.baler-machines.com\/tr\/wp-json\/wp\/v2\/product\/4102","targetHints":{"allow":["GET"]}}],"collection":[{"href":"https:\/\/www.baler-machines.com\/tr\/wp-json\/wp\/v2\/product"}],"about":[{"href":"https:\/\/www.baler-machines.com\/tr\/wp-json\/wp\/v2\/types\/product"}],"author":[{"embeddable":true,"href":"https:\/\/www.baler-machines.com\/tr\/wp-json\/wp\/v2\/users\/1"}],"wp:featuredmedia":[{"embeddable":true,"href":"https:\/\/www.baler-machines.com\/tr\/wp-json\/wp\/v2\/media\/4104"}],"wp:attachment":[{"href":"https:\/\/www.baler-machines.com\/tr\/wp-json\/wp\/v2\/media?parent=4102"}],"wp:term":[{"taxonomy":"post_tag","embeddable":true,"href":"https:\/\/www.baler-machines.com\/tr\/wp-json\/wp\/v2\/tags?post=4102"},{"taxonomy":"product-type","embeddable":true,"href":"https:\/\/www.baler-machines.com\/tr\/wp-json\/wp\/v2\/product-type?post=4102"}],"curies":[{"name":"wp","href":"https:\/\/api.w.org\/{rel}","templated":true}]}}