{"id":4074,"date":"2025-03-04T18:06:14","date_gmt":"2025-03-04T10:06:14","guid":{"rendered":"https:\/\/www.baler-machines.com\/?post_type=product&#038;p=4074"},"modified":"2025-04-11T11:28:47","modified_gmt":"2025-04-11T03:28:47","slug":"cnc-spiral-rebar-bending-machine","status":"publish","type":"product","link":"https:\/\/www.baler-machines.com\/tr\/cnc-spiral-rebar-bending-machine\/","title":{"rendered":"\u00c7ubuk Y\u00fcz\u00fck \u00c7ember Yap\u0131m\u0131 i\u00e7in CNC Spiral \u0130n\u015fa \u00c7art\u0131 B\u00fckme Makinesi"},"content":{"rendered":"<p class=\"translation-block\">Shuliy <strong>spiral donat\u0131 b\u00fckme makinesi<\/strong>, 3-25 mm \u00e7elik \u00e7ubuklar\u0131 h\u0131zl\u0131 ve do\u011fru bir \u015fekilde 50-1000 mm \u00e7ap\u0131nda yuvarlak halkalara i\u015fleyebilir. Ba\u015fl\u0131ca olarak y\u00fcksek h\u0131zl\u0131 tren, metro, fotovoltaik enerji ve di\u011fer projelerde kullan\u0131lan zemin kaz\u0131k ankrajlar\u0131 \u00fcretir.<\/p>    <p>Bu demir \u00e7ubuk halka yapma makinesi taraf\u0131ndan \u00fcretilen daireler, esasen m\u00fc\u015fterinin talebine ba\u011fl\u0131 olarak bir veya ba\u011fl\u0131 olabilir. \u0130lgileniyorsan\u0131z, daha fazla bilgi i\u00e7in bizimle ileti\u015fime ge\u00e7mekten \u00e7ekinmeyin!<\/p>    <figure class=\"wp-block-embed is-type-video is-provider-youtube wp-block-embed-youtube wp-embed-aspect-16-9 wp-has-aspect-ratio\"><div class=\"wp-block-embed__wrapper\"> <iframe loading=\"lazy\" title=\"CNC spiral in\u015faat demiri y\u00fcz\u00fck makinesi | Otomatik \u0130n\u015fa \u00c7ember Yap\u0131m Makinesi \u00dcz\u00fcnt\u00fc Tel Bender\" width=\"500\" height=\"281\" src=\"https:\/\/www.youtube.com\/embed\/q6EycUH_dS4?feature=oembed\" frameborder=\"0\" allow=\"accelerometer; autoplay; clipboard-write; encrypted-media; gyroscope; picture-in-picture; web-share\" referrerpolicy=\"strict-origin-when-cross-origin\" allowfullscreen><\/iframe> <\/div><figcaption class=\"wp-element-caption\">Spiral Hooping Yuvarlak Yap\u0131m Makinesi<\/figcaption><\/figure>    <h2 class=\"wp-block-heading\"><strong>Bitmi\u015f \u00fcr\u00fcnler ve spiral in\u015faat demiri b\u00fckme makinesinin uygulamalar\u0131<\/strong><\/h2>    <p>Spiral in\u015faat demiri \u015fekillendirme makinesi esas olarak y\u00fcksek h\u0131zl\u0131 ray, metro, k\u00f6pr\u00fc, fotovoltaik elektrik istasyonunda, in\u015faat m\u00fchendisli\u011fi ve di\u011fer alanlarda yayg\u0131n olarak kullan\u0131lan farkl\u0131 \u00e7aplara (a\u015fa\u011f\u0131da g\u00f6sterilmi\u015ftir) \u00e7e\u015fitli spiral ve yuvarlak in\u015faat demiri \u00f6zelliklerini i\u015flemek i\u00e7in kullan\u0131l\u0131r.<\/p>    <ul class=\"wp-block-list\"> <li><strong>Zemin y\u0131\u011f\u0131n\u0131 demirleme<\/strong>: Y\u00fcksek h\u0131zl\u0131 demiryolu, metro ve di\u011fer projelerde temellerin takviyesi ve desteklenmesi i\u00e7in kullan\u0131l\u0131r.<\/li>    <li><strong>Yap\u0131 Binas\u0131<\/strong>N: \u00c7e\u015fitli bina yap\u0131lar\u0131 i\u00e7in yuvarlak \u00e7elik \u00e7ubuk bile\u015fenleri \u00fcretiminde kullan\u0131l\u0131r.<\/li>    <li><strong>Fotovoltaik elektrik santrali<\/strong>: Kurulum stabilitesini art\u0131rmak i\u00e7in fotovoltaik montajlar\u0131n temel takviyesi i\u00e7in kullan\u0131l\u0131r.<\/li>    <li><strong>K\u00f6pr\u00fc in\u015faat\u0131<\/strong>: K\u00f6pr\u00fc stabilitesini artt\u0131rmak i\u00e7in k\u00f6pr\u00fc yap\u0131lar\u0131 i\u00e7in spiral \u00e7elik \u00e7ubuklar\u0131n i\u015flenmesi i\u00e7in.<\/li> <\/ul>   <div class=\"wp-block-image\"> <figure class=\"aligncenter size-full\"><img loading=\"lazy\" decoding=\"async\" width=\"720\" height=\"540\" src=\"https:\/\/www.baler-machines.com\/wp-content\/uploads\/2025\/03\/end-products-and-applications-of-spiral-rebar-bender-machine.webp\" alt=\"Spiral \u0130n\u015faat \u00c7art\u0131 Bender Makinesinin Son \u00dcr\u00fcnleri ve Uygulamalar\u0131\" class=\"wp-image-4077\" title=\"\" srcset=\"https:\/\/www.baler-machines.com\/wp-content\/uploads\/2025\/03\/end-products-and-applications-of-spiral-rebar-bender-machine.webp 720w, https:\/\/www.baler-machines.com\/wp-content\/uploads\/2025\/03\/end-products-and-applications-of-spiral-rebar-bender-machine-16x12.webp 16w\" sizes=\"auto, (max-width: 720px) 100vw, 720px\" \/><figcaption class=\"wp-element-caption\">Spiral \u0130n\u015faat \u00c7art\u0131 Bender Makinesinin Son \u00dcr\u00fcnleri ve Uygulamalar\u0131<\/figcaption><\/figure> <\/div>   <h2 class=\"wp-block-heading\"><strong>Shuliy cnc spiral in\u015faat demiri \u015fekillendirme makinesinin avantajlar\u0131<\/strong><\/h2>    <ul class=\"wp-block-list\"> <li>Makinemiz i\u015fleyebilir <strong>3-25 mm \u00e7ap\u0131nda in\u015faat demiri<\/strong> ve yap <strong>50-3000 mm \u00e7ap\u0131nda daireler<\/strong>.<\/li>    <li>Shuliy CNC Tam otomatik in\u015faat demiri yuvarlama makinesinin bir <strong>16-30m\/dakika \u00e7al\u0131\u015fma h\u0131z\u0131<\/strong> Ve bir <strong>\u00b1 0.2 mm \u00e7al\u0131\u015fma hatas\u0131<\/strong>.<\/li>    <li>Bir benimser <strong>PLC kontrol sistemi<\/strong>, son derece verimli olan tam otomatik \u00e7al\u0131\u015fman\u0131n ger\u00e7ekle\u015ftirilmesi.<\/li>    <li>Bu spiral \u00e7emberlik yuvarlak b\u00fckme makinesi <strong>sa\u011flam yap\u0131<\/strong>, kararl\u0131 \u00e7al\u0131\u015fma, b\u00fcy\u00fck hacimli i\u015fleme i\u00e7in uygun.<\/li>    <li>The <strong>sezgisel aray\u00fcz<\/strong> operat\u00f6rlerin ba\u015flamas\u0131 basit ve kolayd\u0131r.<\/li> <\/ul>    <figure class=\"wp-block-gallery has-nested-images columns-default is-cropped wp-block-gallery-2 is-layout-flex wp-block-gallery-is-layout-flex\"> <figure class=\"wp-block-image size-full\"><img loading=\"lazy\" decoding=\"async\" width=\"720\" height=\"540\" data-id=\"4089\" src=\"https:\/\/www.baler-machines.com\/wp-content\/uploads\/2025\/03\/3-6mm-spiral-hooping-round-bending-machine.webp\" alt=\"3-6mm spiral \u00e7ember yuvarlak b\u00fckme makinesi\" class=\"wp-image-4089\" title=\"\" srcset=\"https:\/\/www.baler-machines.com\/wp-content\/uploads\/2025\/03\/3-6mm-spiral-hooping-round-bending-machine.webp 720w, https:\/\/www.baler-machines.com\/wp-content\/uploads\/2025\/03\/3-6mm-spiral-hooping-round-bending-machine-16x12.webp 16w\" sizes=\"auto, (max-width: 720px) 100vw, 720px\" \/><figcaption class=\"wp-element-caption\">3-6mm spiral \u00e7ember yuvarlak b\u00fckme makinesi<\/figcaption><\/figure>    <figure class=\"wp-block-image size-full\"><img loading=\"lazy\" decoding=\"async\" width=\"720\" height=\"540\" data-id=\"4090\" src=\"https:\/\/www.baler-machines.com\/wp-content\/uploads\/2025\/03\/8-12mm-spiral-steel-bar-bending-machine.webp\" alt=\"8-12mm spiral \u00e7elik \u00e7ubuk b\u00fckme makinesi\" class=\"wp-image-4090\" title=\"\" srcset=\"https:\/\/www.baler-machines.com\/wp-content\/uploads\/2025\/03\/8-12mm-spiral-steel-bar-bending-machine.webp 720w, https:\/\/www.baler-machines.com\/wp-content\/uploads\/2025\/03\/8-12mm-spiral-steel-bar-bending-machine-16x12.webp 16w\" sizes=\"auto, (max-width: 720px) 100vw, 720px\" \/><figcaption class=\"wp-element-caption\">8-12mm spiral \u00e7elik \u00e7ubuk b\u00fckme makinesi<\/figcaption><\/figure> <\/figure>    <h2 class=\"wp-block-heading\"><strong>Otomatik spiral in\u015faat demiri b\u00fckme makinesinin teknik parametreleri<\/strong><\/h2>    <figure class=\"wp-block-table\"><table><tbody><tr><td>Modeli<\/td><td>3-6<\/td><td>6-10<\/td><td>8-12<\/td><td>10-14<\/td><td>16-20<\/td><td>22-25<\/td><\/tr><tr><td>Uygulanabilir \u00e7elik \u00e7ubuk \u00e7ap\u0131<\/td><td>3-6mm<\/td><td>6-10mm<\/td><td>8-12mm<\/td><td>10-14mm<\/td><td>16-20mm<\/td><td>22-25mm<\/td><\/tr><tr><td>Toplam Motor G\u00fcc\u00fc<\/td><td>4kw<\/td><td>5.5kw<\/td><td>7kw<\/td><td>7kw<\/td><td>11kw<\/td><td>15kw<\/td><\/tr><tr><td>Bitmi\u015f \u00e7elik \u00e7ubuk y\u00fcz\u00fck \u00e7ap\u0131<\/td><td>50-1000mm<\/td><td>50-800mm<\/td><td>50-1500mm<\/td><td>50-1800mm<\/td><td>50-2200mm<\/td><td>50-3000mm<\/td><\/tr><tr><td>Seyahat h\u0131z\u0131<\/td><td>16-25m\/dakika<\/td><td>16-25m\/dakika<\/td><td>16-25m\/dakika<\/td><td>16-25m\/dakika<\/td><td>16-30m\/dakika<\/td><td>16-30m\/dakika<\/td><\/tr><tr><td>\u00c7al\u0131\u015fma hatas\u0131<\/td><td>\u00b1 0.2 mm<\/td><td>\u00b1 0.2 mm<\/td><td>\u00b1 0.2 mm<\/td><td>\u00b1 0.2 mm<\/td><td>\u00b1 0.2 mm<\/td><td>\u00b1 0.2 mm<\/td><\/tr><tr><td>Genel Boyutlar<\/td><td>1.45*0.8*1.2m<\/td><td>1.55*0.8*1.3m<\/td><td>1.55*0.8*1.3m<\/td><td>1.6*0.8*1.35m<\/td><td>2.1*0.9*1.5m<\/td><td>2.3*0.9*1.7m<\/td><\/tr><tr><td>Makine a\u011f\u0131rl\u0131\u011f\u0131<\/td><td>480kg<\/td><td>560kg<\/td><td>640kg<\/td><td>690kg<\/td><td>1150kg<\/td><td>1350kg<\/td><\/tr><\/tbody><\/table><figcaption class=\"wp-element-caption\">CNC Spiral \u0130n\u015fa \u00c7art\u0131 Y\u00fcz\u00fck \u00c7ember Yap\u0131m Makinesi \u00d6zellikleri<\/figcaption><\/figure>    <figure class=\"wp-block-embed is-type-video is-provider-youtube wp-block-embed-youtube wp-embed-aspect-16-9 wp-has-aspect-ratio\"><div class=\"wp-block-embed__wrapper\"> <iframe loading=\"lazy\" title=\"Tam Otomatik \u00c7elik \u00c7ubuk Y\u00fcz\u00fck Makinesi | \u00c7ember \u00e7emberleri i\u00e7in spiral in\u015faat demiri b\u00fckme makinesi\" width=\"500\" height=\"281\" src=\"https:\/\/www.youtube.com\/embed\/T6Bkz3QYDrA?feature=oembed\" frameborder=\"0\" allow=\"accelerometer; autoplay; clipboard-write; encrypted-media; gyroscope; picture-in-picture; web-share\" referrerpolicy=\"strict-origin-when-cross-origin\" allowfullscreen><\/iframe> <\/div><figcaption class=\"wp-element-caption\">\u00c7elik \u00e7ubuk halka yapma makinesinin videosu<\/figcaption><\/figure>    <h2 class=\"wp-block-heading\"><strong>Spiral in\u015faat demiri b\u00fckme makinesinin yap\u0131s\u0131<\/strong><\/h2>    <p>Bu yay bobin makinesi motor, hidrolik bile\u015fenler (ya\u011f pompas\u0131, hidrolik motor, solenoid valf, ya\u011f tank\u0131, ya\u011f borusu, vb.), \u00d6nceden ayarlama tekerle\u011fi, d\u00fczle\u015ftirme \u015fanz\u0131man, yuvarlama bile\u015feni, kesme bile\u015feni, CNC elektrik kontrol sistemi vb.<\/p>   <div class=\"wp-block-image\"> <figure class=\"aligncenter size-full\"><img loading=\"lazy\" decoding=\"async\" width=\"720\" height=\"540\" src=\"https:\/\/www.baler-machines.com\/wp-content\/uploads\/2025\/03\/structure-of-3-25mm-steel-wire-coil-stirrup-bender.webp\" alt=\"3-25mm \u00e7elik tel bobin \u00fczengi b\u00fck\u00fcc\u00fc yap\u0131s\u0131\" class=\"wp-image-4078\" title=\"\" srcset=\"https:\/\/www.baler-machines.com\/wp-content\/uploads\/2025\/03\/structure-of-3-25mm-steel-wire-coil-stirrup-bender.webp 720w, https:\/\/www.baler-machines.com\/wp-content\/uploads\/2025\/03\/structure-of-3-25mm-steel-wire-coil-stirrup-bender-16x12.webp 16w\" sizes=\"auto, (max-width: 720px) 100vw, 720px\" \/><figcaption class=\"wp-element-caption\">3-25mm \u00e7elik tel bobin \u00fczengi b\u00fck\u00fcc\u00fc yap\u0131s\u0131<\/figcaption><\/figure> <\/div>   <h2 class=\"wp-block-heading\"><strong>\u0130n\u015fa \u00e7ubuk halka yapma makinesi nas\u0131l \u00e7al\u0131\u015f\u0131r?<\/strong><\/h2>    <p>Spiral in\u015faat demiri b\u00fckme makinemiz, ya\u011f pompas\u0131n\u0131 s\u00fcrmek i\u00e7in kontrol motorunu ba\u015flatmak i\u00e7in bir PLC ana kart\u0131 taraf\u0131ndan tahrik edilir. Do\u011frulama \u015fanz\u0131man\u0131n\u0131 \u00e7al\u0131\u015ft\u0131rmak i\u00e7in hidrolik bile\u015fenleri ba\u015flat\u0131n, ard\u0131ndan malzemeyi ilerlemek i\u00e7in s\u00fcr\u00fcn ve yuvarlama kal\u0131plamay\u0131 tamamlamak i\u00e7in yuvarlama d\u00fczene\u011fine ge\u00e7in. Son olarak, i\u015flemi tamamlamak i\u00e7in malzemeyi yukar\u0131 do\u011fru kesmek i\u00e7in ya\u011f silindirini kesin.<\/p>    <ol class=\"wp-block-list\"> <li><strong>\u00c7elik \u00e7ubuk besleme<\/strong>: \u00c7elik \u00e7ubuk in\u015faat demiri halka yap\u0131m makinesine girer ve d\u00fczle\u015ftirme sistemi d\u00fczl\u00fck sa\u011flar.<\/li>    <li><strong>B\u00fckme ve \u015fekillendirme<\/strong>: Spiral yuvarlak i\u015fleme i\u00e7in in\u015faat demiri b\u00fck\u00fclme kal\u0131b\u0131ndan ge\u00e7er.<\/li>    <li><strong>Kesme<\/strong>: Kesme mekanizmas\u0131 kal\u0131planm\u0131\u015f \u00e7ubu\u011fu keser ve t\u00fcm i\u015f ak\u0131\u015f\u0131n\u0131 tamamlar.<\/li> <\/ol>   <div class=\"wp-block-image\"> <figure class=\"aligncenter size-full\"><img loading=\"lazy\" decoding=\"async\" width=\"720\" height=\"540\" src=\"https:\/\/www.baler-machines.com\/wp-content\/uploads\/2025\/03\/10-14mm-spiral-rebar-bending-machine.webp\" alt=\"10-14mm spiral in\u015faat demiri b\u00fckme makinesi\" class=\"wp-image-4093\" title=\"\" srcset=\"https:\/\/www.baler-machines.com\/wp-content\/uploads\/2025\/03\/10-14mm-spiral-rebar-bending-machine.webp 720w, https:\/\/www.baler-machines.com\/wp-content\/uploads\/2025\/03\/10-14mm-spiral-rebar-bending-machine-16x12.webp 16w\" sizes=\"auto, (max-width: 720px) 100vw, 720px\" \/><figcaption class=\"wp-element-caption\">10-14mm spiral in\u015faat demiri b\u00fckme makinesi<\/figcaption><\/figure> <\/div>   <h2 class=\"wp-block-heading\"><strong>Bahar yay makinesi fiyat\u0131 nedir?<\/strong><\/h2>    <p>Spiral in\u015faat demiri b\u00fckme makinesinin fiyat\u0131, a\u015fa\u011f\u0131dakiler dahil olmak \u00fczere bir\u00e7ok fakt\u00f6rden etkilenir:<\/p>    <ul class=\"wp-block-list\"> <li><strong>Ekipman \u00f6zellikleri<\/strong>: Farkl\u0131 in\u015faat \u00e7eri yap\u0131m makineleri modelleri farkl\u0131 fiyatlarla farkl\u0131 i\u015fleme in\u015faat demiri vard\u0131r.<\/li>    <li><strong>\u0130\u015fleme kapasitesi<\/strong>: Y\u00fcksek g\u00fc\u00e7l\u00fc, y\u00fcksek verimli ekipman nispeten pahal\u0131d\u0131r.<\/li>    <li><strong>Yap\u0131land\u0131rma Gereksinimleri<\/strong>: \u00d6zelle\u015ftirilmi\u015f yap\u0131land\u0131rma, in\u015faat demiri halka yapma makinesi fiyat\u0131n\u0131 etkileyebilir.<\/li>    <li><strong>Piyasa ko\u015fullar\u0131<\/strong>: Hammadde, arz ve talebin maliyeti son al\u0131nt\u0131y\u0131 etkileyecektir.<\/li> <\/ul>    <p>Rebop spiral b\u00fckme makinesi hakk\u0131nda en son teklifi bilmek istiyorsan\u0131z, ayr\u0131nt\u0131l\u0131 bilgi i\u00e7in do\u011frudan bizimle ileti\u015fime ge\u00e7ebilirsiniz.<\/p>   <div class=\"wp-block-image\"> <figure class=\"aligncenter size-full\"><img loading=\"lazy\" decoding=\"async\" width=\"720\" height=\"540\" src=\"https:\/\/www.baler-machines.com\/wp-content\/uploads\/2025\/03\/12-16mm-spiral-rebar-forming-machine.webp\" alt=\"12-16mm spiral in\u015faat demiri \u015fekillendirme makinesi\" class=\"wp-image-4095\" title=\"\" srcset=\"https:\/\/www.baler-machines.com\/wp-content\/uploads\/2025\/03\/12-16mm-spiral-rebar-forming-machine.webp 720w, https:\/\/www.baler-machines.com\/wp-content\/uploads\/2025\/03\/12-16mm-spiral-rebar-forming-machine-16x12.webp 16w\" sizes=\"auto, (max-width: 720px) 100vw, 720px\" \/><figcaption class=\"wp-element-caption\">12-16mm spiral in\u015faat demiri \u015fekillendirme makinesi<\/figcaption><\/figure> <\/div>   <h2 class=\"wp-block-heading\"><strong>Neden shuliy spiral in\u015faat demiri b\u00fckme makinesi sat\u0131n almal\u0131s\u0131n\u0131z?<\/strong><\/h2>    <p>Shuliy, y\u00fcksek kaliteli, y\u00fcksek performansl\u0131 \u00e7elik i\u015fleme ekipman\u0131 sa\u011flamaya kararl\u0131d\u0131r, Shuliy spiral \u00e7elik b\u00fckme makinesini se\u00e7menin nedenleri \u015funlar\u0131 i\u00e7erir:<\/p>    <ul class=\"wp-block-list\"> <li><strong>Kalite g\u00fcvencesi<\/strong>: Dayan\u0131kl\u0131 ve istikrarl\u0131 \u00e7elik \u00e7ubuk halka \u00fcretim ekipman\u0131 \u00fcretmek i\u00e7in y\u00fcksek kaliteli malzemeler kullan\u0131yoruz.<\/li>    <li><strong>\u0130leri teknoloji<\/strong>: Makinemiz, y\u00fcksek derecede otomasyona sahip olan PLC ak\u0131ll\u0131 kontrol\u00fcn\u00fc benimser.<\/li>    <li><strong>Uygun fiyat<\/strong>: Makineyi \u00fcretiyoruz ve do\u011frudan piyasada rekabet\u00e7i bir fiyata sahip olan fabrikam\u0131zdan sat\u0131yoruz.<\/li>    <li><strong>Endi\u015felenmez sat\u0131\u015f sonras\u0131 hizmet<\/strong>: Shuliy, uzun vadeli operasyonun istikrar\u0131n\u0131 sa\u011flamak i\u00e7in teknik destek ve ekipman bak\u0131m\u0131 sa\u011flar.<\/li> <\/ul>   <div class=\"wp-block-image\"> <figure class=\"aligncenter size-full\"><img loading=\"lazy\" decoding=\"async\" width=\"720\" height=\"540\" src=\"https:\/\/www.baler-machines.com\/wp-content\/uploads\/2025\/03\/16-20mm-automatic-spring-coiling-machine.webp\" alt=\"16-20mm otomatik yay sarma makinesi\" class=\"wp-image-4092\" title=\"\" srcset=\"https:\/\/www.baler-machines.com\/wp-content\/uploads\/2025\/03\/16-20mm-automatic-spring-coiling-machine.webp 720w, https:\/\/www.baler-machines.com\/wp-content\/uploads\/2025\/03\/16-20mm-automatic-spring-coiling-machine-16x12.webp 16w\" sizes=\"auto, (max-width: 720px) 100vw, 720px\" \/><figcaption class=\"wp-element-caption\">16-20mm otomatik yay sarma makinesi<\/figcaption><\/figure> <\/div>   <h2 class=\"wp-block-heading\"><strong>\u015eimdi bir teklif i\u00e7in bizimle ileti\u015fime ge\u00e7in!<\/strong><\/h2>    <p class=\"translation-block\">Profesyonel bir \u00e7elik i\u015fleme ekipman\u0131 \u00fcreticisi ve tedarik\u00e7isi olarak, <a href=\"https:\/\/www.baler-machines.com\/tr\/rebar-straightening-machine\/\">donat\u0131 d\u00fczle\u015ftirme makinesi<\/a>, etriye b\u00fckme makinesi, <a href=\"https:\/\/www.baler-machines.com\/tr\/cnc-tube-bending-machine\/\">boru b\u00fckme makinesi<\/a> gibi farkl\u0131 donat\u0131 i\u015fleme makinelerimiz bulunmaktad\u0131r.<\/p>    <p class=\"translation-block\">Spiral donat\u0131 b\u00fckme makinemiz veya <a href=\"https:\/\/en.wikipedia.org\/wiki\/Steel_bar\" target=\"_blank\" rel=\"noopener\">\u00e7elik \u00e7ubuk<\/a> i\u015fleme i\u00e7in di\u011fer ekipmanlar\u0131m\u0131zla ilgileniyorsan\u0131z, l\u00fctfen WhatsApp, WeChat, telefon veya e-posta yoluyla bizimle ileti\u015fime ge\u00e7mekten \u00e7ekinmeyin! Detayl\u0131 fiyat bilgisi sunaca\u011f\u0131z!<\/p>   <div class=\"wp-block-image\"> <figure class=\"aligncenter size-full\"><img loading=\"lazy\" decoding=\"async\" width=\"720\" height=\"540\" src=\"https:\/\/www.baler-machines.com\/wp-content\/uploads\/2025\/03\/20-25mm-spiral-hooping-round-bending-machine.webp\" alt=\"20-25mm Spiral Hooping Yuvarlak B\u00fckme Makinesi\" class=\"wp-image-4094\" title=\"\" srcset=\"https:\/\/www.baler-machines.com\/wp-content\/uploads\/2025\/03\/20-25mm-spiral-hooping-round-bending-machine.webp 720w, https:\/\/www.baler-machines.com\/wp-content\/uploads\/2025\/03\/20-25mm-spiral-hooping-round-bending-machine-16x12.webp 16w\" sizes=\"auto, (max-width: 720px) 100vw, 720px\" \/><figcaption class=\"wp-element-caption\">20-25mm Spiral Hooping Yuvarlak B\u00fckme Makinesi<\/figcaption><\/figure> <\/div>","protected":false},"excerpt":{"rendered":"<p>Shuliy spiral in\u015faat demiri b\u00fckme makinesi, 3-25mm \u00e7elik \u00e7ubuklar\u0131 50-1000mm \u00e7ap\u0131nda yuvarlak \u00e7elik \u00e7ubuk halkalar\u0131na h\u0131zl\u0131 ve do\u011fru bir \u015fekilde i\u015fleyebilir.<\/p>","protected":false},"author":1,"featured_media":4076,"parent":0,"template":"","tags":[641,643],"product-type":[640],"class_list":["post-4074","product","type-product","status-publish","has-post-thumbnail","hentry","tag-rebar","tag-steel-bar","product-type-rebar-processing-equipment"],"_links":{"self":[{"href":"https:\/\/www.baler-machines.com\/tr\/wp-json\/wp\/v2\/product\/4074","targetHints":{"allow":["GET"]}}],"collection":[{"href":"https:\/\/www.baler-machines.com\/tr\/wp-json\/wp\/v2\/product"}],"about":[{"href":"https:\/\/www.baler-machines.com\/tr\/wp-json\/wp\/v2\/types\/product"}],"author":[{"embeddable":true,"href":"https:\/\/www.baler-machines.com\/tr\/wp-json\/wp\/v2\/users\/1"}],"wp:featuredmedia":[{"embeddable":true,"href":"https:\/\/www.baler-machines.com\/tr\/wp-json\/wp\/v2\/media\/4076"}],"wp:attachment":[{"href":"https:\/\/www.baler-machines.com\/tr\/wp-json\/wp\/v2\/media?parent=4074"}],"wp:term":[{"taxonomy":"post_tag","embeddable":true,"href":"https:\/\/www.baler-machines.com\/tr\/wp-json\/wp\/v2\/tags?post=4074"},{"taxonomy":"product-type","embeddable":true,"href":"https:\/\/www.baler-machines.com\/tr\/wp-json\/wp\/v2\/product-type?post=4074"}],"curies":[{"name":"wp","href":"https:\/\/api.w.org\/{rel}","templated":true}]}}