{"id":4013,"date":"2024-11-29T16:05:06","date_gmt":"2024-11-29T08:05:06","guid":{"rendered":"https:\/\/www.baler-machines.com\/?post_type=product&#038;p=4013"},"modified":"2025-04-16T13:27:56","modified_gmt":"2025-04-16T05:27:56","slug":"metal-briquetting-press","status":"publish","type":"product","link":"https:\/\/www.baler-machines.com\/tr\/metal-briquetting-press\/","title":{"rendered":"Tala\u015f Geri D\u00f6n\u00fc\u015f\u00fcm\u00fc i\u00e7in Hidrolik Metal Briketleme Presi"},"content":{"rendered":"<p class=\"translation-block\">Shuliy <strong>metal briket presi<\/strong>, her t\u00fcrl\u00fc metal tozunu, bak\u0131r tala\u015f\u0131n\u0131, al\u00fcminyum tala\u015f\u0131n\u0131, demir tala\u015f\u0131n\u0131, odun tala\u015f\u0131n\u0131 ve di\u011fer metal hammaddelerini yuvarlak kek \u015fekillerine s\u0131k\u0131\u015ft\u0131rabilir. Briketleme sonras\u0131 depolama, nakliye ve tekrar f\u0131r\u0131na verme i\u00e7in uygundur.<\/p>    <p>Bu al\u00fcminyum tala\u015f briketleyici vida besleme ve hidrolik balyalama y\u00f6ntemini benimser. Besleme a\u00e7\u0131kl\u0131\u011f\u0131n\u0131n boyutu 600-600 mm ve 800-800 mm'dir. Son kek \u00e7ap\u0131 80-160 mm'dir (\u00f6zelle\u015ftirilmi\u015f). Bir briket kekinin tamamlanmas\u0131 yakla\u015f\u0131k 20-25 saniyeye ihtiya\u00e7 duyar.<\/p>    <p>Ba\u015fl\u0131ca geri d\u00f6n\u00fc\u015f\u00fcm ve i\u015fleme end\u00fcstrisinde ve metal eritme end\u00fcstrisinde kullan\u0131lmaktad\u0131r. Metal hurdalar\u0131n\u0131n verimli bir \u015fekilde i\u015flenmesi ve yeniden kullan\u0131m\u0131 i\u00e7in idealdir.<\/p>    <figure class=\"wp-block-embed is-type-video is-provider-youtube wp-block-embed-youtube wp-embed-aspect-16-9 wp-has-aspect-ratio\"><div class=\"wp-block-embed__wrapper\"> <iframe loading=\"lazy\" title=\"Metal tala\u015f briketleme makinesi: Hurdalar\u0131 kat\u0131 briketlere d\u00f6n\u00fc\u015ft\u00fcr\u00fcyor! Al\u00fcminyum cips briket presi\" width=\"500\" height=\"281\" src=\"https:\/\/www.youtube.com\/embed\/Ao1HeE5RT4E?feature=oembed\" frameborder=\"0\" allow=\"accelerometer; autoplay; clipboard-write; encrypted-media; gyroscope; picture-in-picture; web-share\" referrerpolicy=\"strict-origin-when-cross-origin\" allowfullscreen><\/iframe> <\/div><figcaption class=\"wp-element-caption\">al\u00fcminyum tala\u015f briketleme pres makinesinin videosu<\/figcaption><\/figure>    <h2 class=\"wp-block-heading\"><strong>Metal tala\u015f s\u0131k\u0131\u015ft\u0131r\u0131c\u0131n\u0131n uygulamalar\u0131<\/strong><\/h2>    <p>Metal briketleme premiz, a\u015fa\u011f\u0131dakiler gibi bir\u00e7ok metal tala\u015f\u0131n\u0131n preslenmesi ve kal\u0131planmas\u0131 i\u00e7in uygundur:<\/p>    <p class=\"translation-block\"><strong>Al\u00fcminyum tala\u015f\u0131, demir tala\u015f\u0131, bak\u0131r tala\u015f\u0131, paslanmaz \u00e7elik tala\u015f\u0131, magnezyum tala\u015f\u0131, \u00e7inko tala\u015f\u0131, kar\u0131\u015f\u0131k metal tala\u015f\u0131<\/strong>, <strong>odun tala\u015f\u0131<\/strong> vb.<\/p>   <div class=\"wp-block-image\"> <figure class=\"aligncenter size-full\"><img loading=\"lazy\" decoding=\"async\" width=\"720\" height=\"540\" src=\"https:\/\/www.baler-machines.com\/wp-content\/uploads\/2024\/11\/final-products-of-metal-briquetting-press.webp\" alt=\"metal briketleme presinin son \u00fcr\u00fcnleri\" class=\"wp-image-4022\" title=\"\" srcset=\"https:\/\/www.baler-machines.com\/wp-content\/uploads\/2024\/11\/final-products-of-metal-briquetting-press.webp 720w, https:\/\/www.baler-machines.com\/wp-content\/uploads\/2024\/11\/final-products-of-metal-briquetting-press-16x12.webp 16w\" sizes=\"auto, (max-width: 720px) 100vw, 720px\" \/><figcaption class=\"wp-element-caption\">metal briketleme presinin son \u00fcr\u00fcnleri<\/figcaption><\/figure> <\/div>   <p>Metal tala\u015f i\u015fleme ekipman\u0131 a\u015fa\u011f\u0131daki senaryolarda kullan\u0131labilir:<\/p>    <ul class=\"wp-block-list\"> <li>K\u00fc\u00e7\u00fck metal i\u015fleme at\u00f6lyesi<\/li>    <li>Hurda geri d\u00f6n\u00fc\u015f\u00fcm istasyonu<\/li>    <li>Donan\u0131m fabrikas\u0131 ve d\u00f6k\u00fcmhane<\/li>    <li>Metal hurdalar\u0131n s\u0131k\u0131\u015ft\u0131r\u0131l\u0131p ta\u015f\u0131nmas\u0131 gereken yerler<\/li> <\/ul>    <h2 class=\"wp-block-heading\"><strong>Metal tala\u015flar i\u00e7in metal briketleme presinin avantajlar\u0131<\/strong><\/h2>    <ul class=\"wp-block-list\"> <li>Metal al\u00fcminyum tala\u015f briketleyici, gev\u015fek metal tala\u015flar\u0131n\u0131 y\u00fcksek yo\u011funluklu bloklara s\u0131k\u0131\u015ft\u0131rabilir, <strong>ses d\u00fczeyini 90%'den daha fazla azaltmak<\/strong>Ta\u015f\u0131ma ve depolama i\u00e7in uygun olan.<\/li>    <li>Bir benimser <strong>G\u00fc\u00e7l\u00fc g\u00fcce sahip hidrolik sistem<\/strong>yo\u011fun bir pres keki ve iyi bir briketleme etkisi sa\u011flar.<\/li>    <li><strong>\u00c7e\u015fitli malzemelerle uyumlu<\/strong>Shuliy metal tala\u015f kompakt\u00f6r\u00fc hurda metal tala\u015flar\u0131n\u0131, al\u00fcminyum tala\u015flar\u0131n\u0131, a\u011fa\u00e7 tala\u015flar\u0131n\u0131 vb. i\u015fleyebilir.<\/li>    <li>Ekipman <strong>k\u00fc\u00e7\u00fck bir alan\u0131 kapl\u0131yor<\/strong>K\u00fc\u00e7\u00fck i\u015fletmeler ve s\u0131n\u0131rl\u0131 alana sahip at\u00f6lyeler i\u00e7in uygundur.<\/li>    <li>Bu makine <strong>metal tala\u015flar\u0131n\u0131n ekonomik de\u011ferini art\u0131r\u0131r<\/strong>. Preslenmi\u015f metal bloklar\u0131n sat\u0131\u015f\u0131 kolayd\u0131r ve hurdan\u0131n katma de\u011ferini artt\u0131r\u0131r.<\/li> <\/ul>    <figure class=\"wp-block-gallery has-nested-images columns-default is-cropped wp-block-gallery-2 is-layout-flex wp-block-gallery-is-layout-flex\"> <figure class=\"wp-block-image size-large\"><img loading=\"lazy\" decoding=\"async\" width=\"720\" height=\"540\" data-id=\"4023\" src=\"https:\/\/www.baler-machines.com\/wp-content\/uploads\/2024\/11\/briquette-machine-for-scrap-metal.webp\" alt=\"hurda metal i\u00e7in briket makinesi\" class=\"wp-image-4023\" title=\"\" srcset=\"https:\/\/www.baler-machines.com\/wp-content\/uploads\/2024\/11\/briquette-machine-for-scrap-metal.webp 720w, https:\/\/www.baler-machines.com\/wp-content\/uploads\/2024\/11\/briquette-machine-for-scrap-metal-16x12.webp 16w\" sizes=\"auto, (max-width: 720px) 100vw, 720px\" \/><figcaption class=\"wp-element-caption\">Hurda Metal Briket Makinas\u0131<\/figcaption><\/figure>    <figure class=\"wp-block-image size-large\"><img loading=\"lazy\" decoding=\"async\" width=\"720\" height=\"540\" data-id=\"4024\" src=\"https:\/\/www.baler-machines.com\/wp-content\/uploads\/2024\/11\/metal-chips-briquetting-press-machine.webp\" alt=\"metal tala\u015f briketleme pres makinesi\" class=\"wp-image-4024\" title=\"\" srcset=\"https:\/\/www.baler-machines.com\/wp-content\/uploads\/2024\/11\/metal-chips-briquetting-press-machine.webp 720w, https:\/\/www.baler-machines.com\/wp-content\/uploads\/2024\/11\/metal-chips-briquetting-press-machine-16x12.webp 16w\" sizes=\"auto, (max-width: 720px) 100vw, 720px\" \/><figcaption class=\"wp-element-caption\">Metal Cips Briketleme Pres Makinas\u0131<\/figcaption><\/figure> <\/figure>    <h2 class=\"wp-block-heading\"><strong>Metal briketleme pres makinesinin teknik parametreleri<\/strong><\/h2>    <figure class=\"wp-block-table\"><table><tbody><tr><td>Modeli<\/td><td>SL-70T<\/td><td>SL-200T<\/td><\/tr><tr><td>Ekipman bas\u0131nc\u0131<\/td><td>700 kn<\/td><td>2000kn<\/td><\/tr><tr><td>Kek \u00e7ap\u0131<\/td><td>80mm<\/td><td>100-160mm, farkl\u0131 malzemelere g\u00f6re \u00f6zelle\u015ftirilmi\u015f<\/td><\/tr><tr><td>Besleme a\u00e7\u0131kl\u0131\u011f\u0131n\u0131n boyutu<\/td><td>600mm-600mm<\/td><td>800mm-800mm<\/td><\/tr><tr><td>Hidrolik ya\u011f pompas\u0131<\/td><td>F525 di\u015fli pompa<\/td><td>Pistonlu pompa-63 tipi<\/td><\/tr><tr><td>Ekipman g\u00fcc\u00fc<\/td><td>5.5kw ulusal standart saf bak\u0131r<\/td><td>15kw saf bak\u0131r<\/td><\/tr><tr><td>Sistem kontrol\u00fc<\/td><td>PLC'li otomatik kontrol<\/td><td>PLC'li otomatik kontrol<\/td><\/tr><tr><td>So\u011futma y\u00f6ntemi<\/td><td>Hava so\u011futma<\/td><td>Hava so\u011futma<\/td><\/tr><tr><td>Kal\u0131plama s\u00fcresi<\/td><td>Yakla\u015f\u0131k 20-25 saniye\/pc<\/td><td>Yakla\u015f\u0131k. 25 saniye\/adet<\/td><\/tr><tr><td>Besleme y\u00f6ntemi<\/td><td>Vidal\u0131 kantitatif besleme<\/td><td>Vidal\u0131 kantitatif besleme<\/td><\/tr><tr><td>\u00c7al\u0131\u015fma modu<\/td><td>Manuel+otomatik<\/td><td>Manuel+otomatik<\/td><\/tr><tr><td>Yak\u0131t deposu kapasitesi<\/td><td>100L<\/td><td>400L<\/td><\/tr><tr><td>Boyut<\/td><td>1200*1100*1100mm<\/td><td>2100*1400*1400mm<\/td><\/tr><\/tbody><\/table><figcaption class=\"wp-element-caption\">metal tala\u015f kompakt\u00f6r\u00fcn\u00fcn \u00f6zellikleri<\/figcaption><\/figure>    <h2 class=\"wp-block-heading\"><strong>Al\u00fcminyum tala\u015f briketleyicinin yap\u0131s\u0131<\/strong><\/h2>    <p>Makine giri\u015f, \u00e7\u0131k\u0131\u015f, PLC ekran\u0131, vida vb. par\u00e7alardan olu\u015fur. Yap\u0131 basit, anla\u015f\u0131lmas\u0131 kolay ve kullan\u0131m\u0131 \u00e7ok uygundur.<\/p>    <figure class=\"wp-block-gallery has-nested-images columns-default is-cropped wp-block-gallery-3 is-layout-flex wp-block-gallery-is-layout-flex\"> <figure class=\"wp-block-image size-large\"><img loading=\"lazy\" decoding=\"async\" width=\"720\" height=\"540\" data-id=\"3448\" src=\"https:\/\/www.baler-machines.com\/wp-content\/uploads\/2023\/11\/aluminum-chip-briquetting-machine.webp\" alt=\"al\u00fcminyum tala\u015f briketleme makinesi\" class=\"wp-image-3448\" title=\"\"><figcaption class=\"wp-element-caption\">Al\u00fcminyum Tala\u015f Briket Makinas\u0131<\/figcaption><\/figure>    <figure class=\"wp-block-image size-full\"><img loading=\"lazy\" decoding=\"async\" width=\"720\" height=\"540\" data-id=\"4027\" src=\"https:\/\/www.baler-machines.com\/wp-content\/uploads\/2024\/11\/back-side-of-metal-swarf-compactor-machine.webp\" alt=\"metal tala\u015f s\u0131k\u0131\u015ft\u0131rma makinesinin arka taraf\u0131\" class=\"wp-image-4027\" title=\"\" srcset=\"https:\/\/www.baler-machines.com\/wp-content\/uploads\/2024\/11\/back-side-of-metal-swarf-compactor-machine.webp 720w, https:\/\/www.baler-machines.com\/wp-content\/uploads\/2024\/11\/back-side-of-metal-swarf-compactor-machine-16x12.webp 16w\" sizes=\"auto, (max-width: 720px) 100vw, 720px\" \/><figcaption class=\"wp-element-caption\">Metal Tala\u015f\u0131 S\u0131k\u0131\u015ft\u0131rma Makinas\u0131n\u0131n Arka Y\u00fcz\u00fc<\/figcaption><\/figure> <\/figure>    <figure class=\"wp-block-gallery has-nested-images columns-default is-cropped wp-block-gallery-4 is-layout-flex wp-block-gallery-is-layout-flex\"> <figure class=\"wp-block-image size-large\"><img loading=\"lazy\" decoding=\"async\" width=\"720\" height=\"540\" data-id=\"4025\" src=\"https:\/\/www.baler-machines.com\/wp-content\/uploads\/2024\/11\/PLC-control-panel.webp\" alt=\"PLC kontrol paneli\" class=\"wp-image-4025\" title=\"\" srcset=\"https:\/\/www.baler-machines.com\/wp-content\/uploads\/2024\/11\/PLC-control-panel.webp 720w, https:\/\/www.baler-machines.com\/wp-content\/uploads\/2024\/11\/PLC-control-panel-16x12.webp 16w\" sizes=\"auto, (max-width: 720px) 100vw, 720px\" \/><figcaption class=\"wp-element-caption\">Plc Kontrol Paneli<\/figcaption><\/figure>    <figure class=\"wp-block-image size-large\"><img loading=\"lazy\" decoding=\"async\" width=\"720\" height=\"540\" data-id=\"4026\" src=\"https:\/\/www.baler-machines.com\/wp-content\/uploads\/2024\/11\/screw-quantitative-feeding.webp\" alt=\"vida kantitatif besleme\" class=\"wp-image-4026\" title=\"\" srcset=\"https:\/\/www.baler-machines.com\/wp-content\/uploads\/2024\/11\/screw-quantitative-feeding.webp 720w, https:\/\/www.baler-machines.com\/wp-content\/uploads\/2024\/11\/screw-quantitative-feeding-16x12.webp 16w\" sizes=\"auto, (max-width: 720px) 100vw, 720px\" \/><figcaption class=\"wp-element-caption\">Vida Kantitatif Besleme<\/figcaption><\/figure> <\/figure>    <h2 class=\"wp-block-heading\"><strong>Metal tala\u015f i\u00e7in briketleme presi nas\u0131l \u00e7al\u0131\u015f\u0131r?<\/strong><\/h2>    <p>Metal briketleme presi, gev\u015fek metal tala\u015flar\u0131n\u0131 hidrolik sistem arac\u0131l\u0131\u011f\u0131yla y\u00fcksek yo\u011funluklu bloklar halinde s\u0131k\u0131\u015ft\u0131r\u0131r ve \u00e7al\u0131\u015fma prensibi a\u015fa\u011f\u0131daki gibidir:<\/p>    <ul class=\"wp-block-list\"> <li><strong>Besleme<\/strong>: metal tala\u015flar, vidal\u0131 kantitatif besleme cihaz\u0131 vas\u0131tas\u0131yla metal briketleme makinesinin briketleme odas\u0131na beslenir.<\/li>    <li><strong>Hidrolik bas\u0131n\u00e7<\/strong>: Hidrolik sistem, metal tala\u015flar\u0131n\u0131 y\u00fcksek yo\u011funluklu bloklar halinde s\u0131k\u0131\u015ft\u0131rmak i\u00e7in y\u00fcksek bas\u0131n\u00e7 sa\u011flar.<\/li>    <li><strong>\u015eekillendirme<\/strong>: Hurda metal tala\u015flar\u0131 gerekti\u011fi gibi yuvarlak kek \u015fekillerine bast\u0131r\u0131l\u0131r.<\/li>    <li><strong>Bo\u015faltma<\/strong>: Nihai \u00fcr\u00fcnler \u00e7\u0131k\u0131\u015ftan bo\u015falt\u0131l\u0131r.<\/li> <\/ul>    <figure class=\"wp-block-embed is-type-video is-provider-youtube wp-block-embed-youtube wp-embed-aspect-16-9 wp-has-aspect-ratio\"><div class=\"wp-block-embed__wrapper\"> <iframe loading=\"lazy\" title=\"Al\u00fcminyum yongalar i\u00e7in metal briquetting makinesi briketleme i\u015flemi | G\u00fc\u00e7l\u00fc al\u00fcminyum briket pres\" width=\"500\" height=\"281\" src=\"https:\/\/www.youtube.com\/embed\/r9arEui4RBQ?feature=oembed\" frameborder=\"0\" allow=\"accelerometer; autoplay; clipboard-write; encrypted-media; gyroscope; picture-in-picture; web-share\" referrerpolicy=\"strict-origin-when-cross-origin\" allowfullscreen><\/iframe> <\/div><figcaption class=\"wp-element-caption\">al\u00fcminyum cips briquetting pres<\/figcaption><\/figure>    <h2 class=\"wp-block-heading\"><strong>Al\u00fcminyum tala\u015f\u0131 briketleme makinesi fiyat\u0131 nedir?<\/strong><\/h2>    <p>Shuliy metal briketleme makinesinin fiyat\u0131 modele, performansa ve konfig\u00fcrasyona g\u00f6re de\u011fi\u015fmektedir. Ba\u015fl\u0131ca etkileyen fakt\u00f6rler \u015funlard\u0131r:<\/p>    <ul class=\"wp-block-list\"> <li><strong>Bas\u0131n\u00e7 boyutu<\/strong>: Bas\u0131n\u00e7 ne kadar y\u00fcksek olursa, i\u015fleme kapasitesi de o kadar y\u00fcksek olur ve fiyat da o kadar y\u00fcksek olur.<\/li>    <li><strong>Ekipman boyutu<\/strong>: Ekipman ne kadar b\u00fcy\u00fck olursa fiyat da o kadar y\u00fcksek olur.<\/li>    <li><strong>\u00d6zelle\u015ftirme ihtiya\u00e7lar\u0131<\/strong>: M\u00fc\u015fteri ihtiya\u00e7lar\u0131na g\u00f6re \u00f6zelle\u015ftirilmi\u015f makinelerde fiyat daha y\u00fcksektir.<\/li>    <li><strong>Marka ve teknik destek<\/strong>: Tan\u0131nm\u0131\u015f markalar ve m\u00fckemmel sat\u0131\u015f sonras\u0131 servis fiyat\u0131 etkileyecektir.<\/li> <\/ul>    <p>\u00d6zel fiyat i\u00e7in ihtiya\u00e7lar\u0131n\u0131za uygun al\u00fcminyum tala\u015f briketleyici teklifini almak i\u00e7in l\u00fctfen bizimle ileti\u015fime ge\u00e7in.<\/p>    <figure class=\"wp-block-gallery has-nested-images columns-default is-cropped wp-block-gallery-5 is-layout-flex wp-block-gallery-is-layout-flex\"> <figure class=\"wp-block-image size-large\"><img loading=\"lazy\" decoding=\"async\" width=\"720\" height=\"720\" data-id=\"4028\" src=\"https:\/\/www.baler-machines.com\/wp-content\/uploads\/2024\/11\/metal-chip-briquetter-factory.webp\" alt=\"metal par\u00e7a briketleme fabrikas\u0131\" class=\"wp-image-4028\" title=\"\" srcset=\"https:\/\/www.baler-machines.com\/wp-content\/uploads\/2024\/11\/metal-chip-briquetter-factory.webp 720w, https:\/\/www.baler-machines.com\/wp-content\/uploads\/2024\/11\/metal-chip-briquetter-factory-12x12.webp 12w\" sizes=\"auto, (max-width: 720px) 100vw, 720px\" \/><figcaption class=\"wp-element-caption\">Metal Tala\u015f Briketleme Fabrikas\u0131<\/figcaption><\/figure>    <figure class=\"wp-block-image size-large\"><img loading=\"lazy\" decoding=\"async\" width=\"720\" height=\"720\" data-id=\"4029\" src=\"https:\/\/www.baler-machines.com\/wp-content\/uploads\/2024\/11\/scrap-metal-chips-briquette-machine-manufacturer.webp\" alt=\"hurda metal tala\u015f briket makinesi \u00fcreticisi\" class=\"wp-image-4029\" title=\"\" srcset=\"https:\/\/www.baler-machines.com\/wp-content\/uploads\/2024\/11\/scrap-metal-chips-briquette-machine-manufacturer.webp 720w, https:\/\/www.baler-machines.com\/wp-content\/uploads\/2024\/11\/scrap-metal-chips-briquette-machine-manufacturer-12x12.webp 12w\" sizes=\"auto, (max-width: 720px) 100vw, 720px\" \/><figcaption class=\"wp-element-caption\">Hurda Metal Cips Briket Makinas\u0131 \u00dcreticisi<\/figcaption><\/figure> <\/figure>    <h2 class=\"wp-block-heading\"><strong>Neden bu tip metal briketleme presini se\u00e7melisiniz?<\/strong><\/h2>    <p class=\"translation-block\">Profesyonel bir metal geri d\u00f6n\u00fc\u015f\u00fcm makinesi \u00fcreticisi ve tedarik\u00e7isi olarak, <a href=\"https:\/\/www.baler-machines.com\/tr\/scrap-metal-chip-briquette-machine\/\">dikey metal tala\u015f\u0131 briket presi<\/a> gibi farkl\u0131 al\u00fcminyum tala\u015f\u0131 briketleme makinelerimiz bulunmaktad\u0131r. Bu hurda metal briket presini se\u00e7me nedenleri \u015funlard\u0131r:<\/p>    <ul class=\"wp-block-list\"> <li><strong>Basit operasyon<\/strong>: Ak\u0131ll\u0131 kontrol sistemi, otomatik \u00e7al\u0131\u015fmay\u0131 destekler, kullan\u0131m\u0131 kolayd\u0131r.<\/li>    <li><strong>Uygun fiyat<\/strong>: Ayn\u0131 hammadde kullan\u0131ld\u0131\u011f\u0131nda bu makinenin fiyat\u0131 daha d\u00fc\u015f\u00fckt\u00fcr.<\/li>    <li><strong>Rahat ula\u015f\u0131m<\/strong>: Bu metal tala\u015f kompakt\u00f6r makinesi boyut olarak daha k\u00fc\u00e7\u00fck, kalitesi daha hafif, y\u00fcklemesi ve bo\u015faltmas\u0131 kolay ve nakliye i\u00e7in sar\u0131labilir.<\/li> <\/ul>    <h2 class=\"wp-block-heading\"><strong>\u0130lgili e\u015fle\u015fen cihazlar<\/strong><\/h2>    <div class=\"wp-block-columns is-layout-flex wp-container-core-columns-is-layout-9d6595d7 wp-block-columns-is-layout-flex\"> <div class=\"wp-block-column is-layout-flow wp-block-column-is-layout-flow\"> <figure class=\"wp-block-image size-full\"><img loading=\"lazy\" decoding=\"async\" width=\"720\" height=\"720\" src=\"https:\/\/www.baler-machines.com\/wp-content\/uploads\/2024\/11\/aluminum-chip-briquette-press-machine-with-elevator.webp\" alt=\"asans\u00f6rl\u00fc al\u00fcminyum tala\u015f briket pres makinesi\" class=\"wp-image-4020\" title=\"\" srcset=\"https:\/\/www.baler-machines.com\/wp-content\/uploads\/2024\/11\/aluminum-chip-briquette-press-machine-with-elevator.webp 720w, https:\/\/www.baler-machines.com\/wp-content\/uploads\/2024\/11\/aluminum-chip-briquette-press-machine-with-elevator-12x12.webp 12w\" sizes=\"auto, (max-width: 720px) 100vw, 720px\" \/><figcaption class=\"wp-element-caption\">Asans\u00f6rl\u00fc Al\u00fcminyum Tala\u015f Briket Pres Makinas\u0131<\/figcaption><\/figure> <\/div>    <div class=\"wp-block-column is-vertically-aligned-center is-layout-flow wp-block-column-is-layout-flow\"> <p class=\"has-text-align-center translation-block\"><strong>Elevat\u00f6rl\u00fc metal briket presi<\/strong><\/p>    <p>Konvey\u00f6r, metal tala\u015flar\u0131n\u0131 do\u011frudan briketleme makinesinin besleme a\u00e7\u0131kl\u0131\u011f\u0131na ta\u015f\u0131yarak i\u015f\u00e7ilikten tasarruf sa\u011flar.<\/p>    <p>Bu s\u0131ralama, metal tala\u015flar\u0131n\u0131n otomatik olarak beslenmesini ger\u00e7ekle\u015ftirir ve \u00fcretim verimlili\u011fini art\u0131r\u0131r.<\/p>    <p>Uygun konvey\u00f6r se\u00e7imi, se\u00e7ti\u011finiz ekipman\u0131n boyutuna ba\u011fl\u0131d\u0131r.<\/p>    <p>Ayr\u0131nt\u0131l\u0131 bilgileri bilmek istiyorsan\u0131z, bizimle ileti\u015fime ge\u00e7mekten memnuniyet duyar\u0131z!<\/p> <\/div> <\/div>    <div class=\"wp-block-columns is-layout-flex wp-container-core-columns-is-layout-9d6595d7 wp-block-columns-is-layout-flex\"> <div class=\"wp-block-column is-layout-flow wp-block-column-is-layout-flow\"> <figure class=\"wp-block-image size-full\"><img loading=\"lazy\" decoding=\"async\" width=\"720\" height=\"540\" src=\"https:\/\/www.baler-machines.com\/wp-content\/uploads\/2024\/11\/small-metal-shredder.webp\" alt=\"k\u00fc\u00e7\u00fck metal par\u00e7alama makinesi\" class=\"wp-image-4021\" title=\"\" srcset=\"https:\/\/www.baler-machines.com\/wp-content\/uploads\/2024\/11\/small-metal-shredder.webp 720w, https:\/\/www.baler-machines.com\/wp-content\/uploads\/2024\/11\/small-metal-shredder-16x12.webp 16w\" sizes=\"auto, (max-width: 720px) 100vw, 720px\" \/><figcaption class=\"wp-element-caption\">K\u00fc\u00e7\u00fck Metal Par\u00e7alay\u0131c\u0131<\/figcaption><\/figure> <\/div>    <div class=\"wp-block-column is-vertically-aligned-center is-layout-flow wp-block-column-is-layout-flow\"> <p class=\"has-text-align-center translation-block\"><strong>Metal par\u00e7alay\u0131c\u0131<\/strong><\/p>    <p>Bu \u00e7ift \u015faftl\u0131 \u00f6\u011f\u00fct\u00fcc\u00fc, daha b\u00fcy\u00fck metal hurdalar\u0131n\u0131 i\u015flenmesi daha kolay olan daha ince tala\u015flara ufalayacak.<\/p>    <p>Tam otomatik metal tala\u015f briketleme makinesi hatt\u0131 olu\u015fturmak i\u00e7in metal tala\u015f s\u0131k\u0131\u015ft\u0131r\u0131c\u0131 ile birlikte \u00e7al\u0131\u015f\u0131r.<\/p> <\/div> <\/div>    <p class=\"translation-block\"><strong>hurda tala\u015flar\u0131<\/strong> i\u00e7in metal i\u015fleme ekipman\u0131 m\u0131 ar\u0131yorsunuz? Evet ise, \u015fimdi bize ula\u015f\u0131n ve geri d\u00f6n\u00fc\u015f\u00fcm taleplerinizi kar\u015f\u0131lamak i\u00e7in en uygun \u00e7\u00f6z\u00fcm\u00fc sa\u011flayaca\u011f\u0131z.<\/p>    <figure class=\"wp-block-embed is-type-video is-provider-youtube wp-block-embed-youtube wp-embed-aspect-16-9 wp-has-aspect-ratio\"><div class=\"wp-block-embed__wrapper\"> <iframe loading=\"lazy\" title=\"Metal cipsleri briketlere nas\u0131l bast\u0131r\u0131l\u0131r? Metal fhredder ve al\u00fcminyum briketleme makinesi geri d\u00f6n\u00fc\u015f\u00fcm\u00fc\" width=\"500\" height=\"281\" src=\"https:\/\/www.youtube.com\/embed\/2tKM0zjwBpQ?feature=oembed\" frameborder=\"0\" allow=\"accelerometer; autoplay; clipboard-write; encrypted-media; gyroscope; picture-in-picture; web-share\" referrerpolicy=\"strict-origin-when-cross-origin\" allowfullscreen><\/iframe> <\/div><figcaption class=\"wp-element-caption\">Metal Briquette Makinesi ve K\u0131r\u0131c\u0131 Videosu<\/figcaption><\/figure>","protected":false},"excerpt":{"rendered":"<p>Shuliy metal briketleme presi her t\u00fcrl\u00fc metal tozunu, bak\u0131r tala\u015f\u0131n\u0131, al\u00fcminyum tala\u015f\u0131n\u0131, demir tala\u015f\u0131n\u0131, a\u011fa\u00e7 tala\u015f\u0131n\u0131 vb. yuvarlak kek \u015fekillerine s\u0131k\u0131\u015ft\u0131rabilir.<\/p>","protected":false},"author":1,"featured_media":4019,"parent":0,"template":"","tags":[414,639],"product-type":[563],"class_list":["post-4013","product","type-product","status-publish","has-post-thumbnail","hentry","tag-baler","tag-metal-briquetting","product-type-baler-machine"],"_links":{"self":[{"href":"https:\/\/www.baler-machines.com\/tr\/wp-json\/wp\/v2\/product\/4013","targetHints":{"allow":["GET"]}}],"collection":[{"href":"https:\/\/www.baler-machines.com\/tr\/wp-json\/wp\/v2\/product"}],"about":[{"href":"https:\/\/www.baler-machines.com\/tr\/wp-json\/wp\/v2\/types\/product"}],"author":[{"embeddable":true,"href":"https:\/\/www.baler-machines.com\/tr\/wp-json\/wp\/v2\/users\/1"}],"wp:featuredmedia":[{"embeddable":true,"href":"https:\/\/www.baler-machines.com\/tr\/wp-json\/wp\/v2\/media\/4019"}],"wp:attachment":[{"href":"https:\/\/www.baler-machines.com\/tr\/wp-json\/wp\/v2\/media?parent=4013"}],"wp:term":[{"taxonomy":"post_tag","embeddable":true,"href":"https:\/\/www.baler-machines.com\/tr\/wp-json\/wp\/v2\/tags?post=4013"},{"taxonomy":"product-type","embeddable":true,"href":"https:\/\/www.baler-machines.com\/tr\/wp-json\/wp\/v2\/product-type?post=4013"}],"curies":[{"name":"wp","href":"https:\/\/api.w.org\/{rel}","templated":true}]}}