{"id":391,"date":"2019-12-13T08:37:01","date_gmt":"2019-12-13T08:37:01","guid":{"rendered":"https:\/\/www.baler-machines.com\/?p=391"},"modified":"2024-11-29T10:49:26","modified_gmt":"2024-11-29T02:49:26","slug":"scrap-metal-chip-briquette-machine","status":"publish","type":"product","link":"https:\/\/www.baler-machines.com\/tr\/scrap-metal-chip-briquette-machine\/","title":{"rendered":"Metal Tala\u015f Briket Makinas\u0131 | Al\u00fcminyum Tala\u015f Briketleyici"},"content":{"rendered":"<p class=\"translation-block\">Metal tala\u015f briketleme makinesi, \u00e7e\u015fitli metal hurdalar\u0131n\u0131 geri d\u00f6n\u00fc\u015ft\u00fcrmek i\u00e7in bir t\u00fcr geri d\u00f6n\u00fc\u015f\u00fcm makinesidir. \u00c7e\u015fitli \u00e7elik fabrikalar\u0131nda her g\u00fcn \u00e7ok miktarda metal hurda ve hurda metal tala\u015f\u0131 oldu\u011fundan, \u00e7e\u015fitli hurdalar\u0131 i\u015flemek ve geri d\u00f6n\u00fc\u015ft\u00fcrmek i\u00e7in bir metal briketleme makinesi bulunmaktad\u0131r. Sadece bu makineye de\u011fil, ayn\u0131 zamanda metal balya makinesine, <a href=\"https:\/\/www.baler-machines.com\/tr\/metal-shears\/\" target=\"_blank\" rel=\"noreferrer noopener\">makasl\u0131 kesme makinesine<\/a>, <a href=\"https:\/\/www.baler-machines.com\/tr\/industrial-shredder\/\" target=\"_blank\" rel=\"noreferrer noopener\">\u00f6\u011f\u00fct\u00fcc\u00fcye<\/a> vb. de sahibiz, bunlar\u0131n hepsi metal ve metal hurda makinelerini i\u015fleyebilir. \u0130lgileniyorsan\u0131z, bizimle ileti\u015fime ge\u00e7ebilirsiniz.<\/p>    <h2 class=\"wp-block-heading\"><strong>Metal briketleme makinesi nedir?<\/strong><\/h2>    <p>Otomatik hurda metal tala\u015f briketleme makinesi (dikey metal briketleyici, hidrolik metal tozu pres makinesi), demir hurdalar\u0131, demir ve al\u00fcminyum tala\u015flar\u0131, bak\u0131r ve \u00e7elik tala\u015flar\u0131 gibi \u00e7e\u015fitli metal tala\u015flar\u0131 ve metal tozlar\u0131n\u0131 briketlemek i\u00e7in \u00f6nemli at\u0131k metal kaynaklar\u0131 geri d\u00f6n\u00fc\u015f\u00fcm ekipman\u0131d\u0131r. ve benzeri. Bu metal tala\u015f briketleyici, kolay ta\u015f\u0131ma ve f\u0131r\u0131n i\u015fletimi i\u00e7in \u00e7e\u015fitli toz veya gran\u00fcler metal hurdalar\u0131n\u0131 do\u011frudan 3-15 kg'l\u0131k silindirik keklere so\u011fuk presleyebilir. Briketleme i\u015fleminin tamam\u0131 y\u00fcksek s\u0131cakl\u0131klar, katk\u0131 maddeleri veya ba\u015fka i\u015flemler gerektirmez. Briketleme sonras\u0131 \u00e7elik hurdas\u0131n\u0131n yo\u011funlu\u011fu 5-6 ton T\/m\u00b3'e ula\u015fabilir.<\/p>    <figure class=\"wp-block-gallery aligncenter has-nested-images columns-default is-cropped wp-block-gallery-2 is-layout-flex wp-block-gallery-is-layout-flex\"> <figure class=\"wp-block-image size-large\"><img loading=\"lazy\" decoding=\"async\" width=\"720\" height=\"540\" data-id=\"392\" src=\"https:\/\/www.baler-machines.com\/wp-content\/uploads\/2019\/12\/Shuliy-scrap-metal-briquetting-machine-for-sale.jpg\" alt=\"Sat\u0131l\u0131k Shuliy hurda metal briketleme makinesi\" class=\"wp-image-392\" title=\"\"><figcaption>Sat\u0131l\u0131k Shuliy Hurda Metal Briket Makinas\u0131<\/figcaption><\/figure>    <figure class=\"wp-block-image size-large\"><img loading=\"lazy\" decoding=\"async\" width=\"720\" height=\"540\" data-id=\"402\" src=\"https:\/\/www.baler-machines.com\/wp-content\/uploads\/2019\/12\/Aluminum-scrap-Briquettes-2.jpg\" alt=\"Al\u00fcminyum hurdas\u0131 briketleri\" class=\"wp-image-402\" title=\"\"><figcaption>Al\u00fcminyum Hurda Briketler<\/figcaption><\/figure> <\/figure>    <h2 class=\"wp-block-heading\" id=\"h-why-use-the-metal-chip-briquetter\"><strong>Neden metal tala\u015f briketleyiciyi kullan\u0131yorsunuz?<\/strong><\/h2>    <p>\u015eu anda \u00e7o\u011fu metal i\u015fleme tesisi ve \u00e7elik d\u00f6k\u00fcmhanesi, metal hurdalar\u0131n\u0131n ve tala\u015flar\u0131n\u0131n i\u015flenmesine yeterince dikkat etmemektedir. Metal hurdalar\u0131n \u00e7o\u011fu rastgele istifleniyor ve bu durum yaln\u0131zca kaynak israf\u0131na neden olmakla kalm\u0131yor, ayn\u0131 zamanda ciddi \u00e7evre kirlili\u011fine de neden oluyor. <\/p>    <figure class=\"wp-block-gallery aligncenter has-nested-images columns-default is-cropped wp-block-gallery-3 is-layout-flex wp-block-gallery-is-layout-flex\"> <figure class=\"wp-block-image size-large\"><img loading=\"lazy\" decoding=\"async\" width=\"405\" height=\"540\" data-id=\"394\" src=\"https:\/\/www.baler-machines.com\/wp-content\/uploads\/2019\/12\/vertical-metal-briquette-machine-manufacturing.jpg\" alt=\"dikey metal tala\u015f briket makinesi \u00fcretimi\" class=\"wp-image-394\" title=\"\"><figcaption>Dikey-Metal-Briket-Makine-\u0130malat\u0131<\/figcaption><\/figure>    <figure class=\"wp-block-image size-large\"><img loading=\"lazy\" decoding=\"async\" width=\"405\" height=\"540\" data-id=\"395\" src=\"https:\/\/www.baler-machines.com\/wp-content\/uploads\/2019\/12\/hydraulic-metal-chip-briquette-machine-for-sale.jpg\" alt=\"sat\u0131l\u0131k hidrolik metal tala\u015f briket makinesi\" class=\"wp-image-395\" title=\"\"><figcaption>Sat\u0131l\u0131k Hidrolik Metal Tala\u015f Briket Makinas\u0131<\/figcaption><\/figure> <\/figure>    <p>\u00d6zellikle baz\u0131 b\u00fcy\u00fck \u00f6l\u00e7ekli a\u00e7\u0131k hava metal tala\u015f istiflerinde, \u00e7o\u011fu metal tala\u015f\u0131 torbalar veya demir kutular i\u00e7erisinde ta\u015f\u0131nmakta ve daha sonra metal tala\u015flar\u0131n\u0131 ta\u015f\u0131yan arabalarla ba\u015fka yerlere g\u00f6nderilmektedir. T\u00fcm s\u00fcre\u00e7 boyunca metal tala\u015flar\u0131 \u00e7e\u015fitli yerlere d\u00fc\u015ferek toprak kirlili\u011fine ve kaynak israf\u0131na neden olacakt\u0131r. Metal tala\u015f briketleme makinesi, hurda metal malzemelerin \u00e7o\u011funu bir silindire ve \u00e7e\u015fitli boyutlardaki bloklara s\u0131k\u0131\u015ft\u0131rabilir, bu da metal kaynaklar\u0131n\u0131n israf\u0131n\u0131 etkili bir \u015fekilde azaltabilir ve nakliye maliyetlerini azaltabilir.<\/p>    <h2 class=\"wp-block-heading\"><strong>Sat\u0131l\u0131k metal briketleme makinesinin uygulamalar\u0131<\/strong><\/h2>    <p>Al\u00fcminyum tala\u015flar\u0131n\u0131, \u00e7elik tala\u015flar\u0131n\u0131, demir tozunu, bak\u0131r tala\u015flar\u0131n\u0131 ve di\u011fer briketleri f\u0131r\u0131na geri d\u00f6nd\u00fcrebilir. T\u00fckenmi\u015fli\u011fi azaltmak i\u00e7in hurda \u00e7eli\u011fi, demir tala\u015flar\u0131n\u0131, al\u00fcminyum k\u00fcl\u00e7eleri ve hurda bak\u0131r\u0131 hammadde olarak de\u011fi\u015ftirin. Bu hidrolik metal briketleme makinesi, bu metal art\u0131klar\u0131n\u0131 farkl\u0131 ayarlanabilir \u00e7ap ve uzunluklara sahip silindirik bir \u015fekle briketleyebilir.<\/p>   <div class=\"wp-block-image\"> <figure class=\"aligncenter size-full\"><img loading=\"lazy\" decoding=\"async\" width=\"720\" height=\"325\" src=\"https:\/\/www.baler-machines.com\/wp-content\/uploads\/2022\/08\/scrap-metal-to-be-briquetted.webp\" alt=\"briketlenecek hurda metal\" class=\"wp-image-2577\" title=\"\"><figcaption>briketlenecek hurda metal<\/figcaption><\/figure> <\/div>   <p>Bu dikey hurda metal tala\u015f briketleme makinesi, al\u00fcminyum ala\u015f\u0131ml\u0131 profil tesislerinde, \u00e7elik d\u00f6k\u00fcm tesislerinde, al\u00fcminyum d\u00f6k\u00fcm tesislerinde, bak\u0131r d\u00f6k\u00fcm tesislerinde ve \u00e7o\u011fu at\u0131k metal kayna\u011f\u0131 geri d\u00f6n\u00fc\u015f\u00fcm istasyonunda yayg\u0131n olarak kullan\u0131lmaktad\u0131r.<\/p>   <div class=\"wp-block-image\"> <figure class=\"aligncenter size-full\"><img loading=\"lazy\" decoding=\"async\" width=\"720\" height=\"540\" src=\"https:\/\/www.baler-machines.com\/wp-content\/uploads\/2022\/08\/final-products-of-the-metal-chip-briquetter.webp\" alt=\"\" class=\"wp-image-2578\" title=\"\"><figcaption>metal tala\u015f briketleyicinin son \u00fcr\u00fcnleri<\/figcaption><\/figure> <\/div>   <h2 class=\"wp-block-heading\" id=\"h-what-composes-the-aluminum-chip-briquetter\"><strong>Al\u00fcminyum tala\u015f briketleyiciyi ne olu\u015fturur?<\/strong><\/h2>    <p>Tam otomatik metal tala\u015f briketleme makinesi, ana bile\u015fenleri olan ak\u0131ll\u0131 bir PLC kontrol program\u0131n\u0131 benimser: ana \u00e7er\u00e7eve, dayan\u0131kl\u0131 ve asla deforme olmayan d\u00f6kme \u00e7elik \u00fcst ve alt kiri\u015f yap\u0131s\u0131ndan yap\u0131lm\u0131\u015ft\u0131r. <\/p>    <p>D\u00f6rt hidrolik s\u00fctun, g\u00fczel ve zarif, g\u00fcvenli ve g\u00fcvenilir olan geli\u015fmi\u015f krom kaplama teknolojisini benimser. Hidrolik ya\u011f deposu \u00e7al\u0131\u015fma ortam\u0131n\u0131 depolamak i\u00e7in kullan\u0131l\u0131r. Hidrolik ya\u011f\u0131 46 # a\u015f\u0131nma \u00f6nleyici hidrolik ya\u011f\u0131d\u0131r. <\/p>   <div class=\"wp-block-image\"> <figure class=\"aligncenter size-full\"><img loading=\"lazy\" decoding=\"async\" width=\"720\" height=\"540\" src=\"https:\/\/www.baler-machines.com\/wp-content\/uploads\/2022\/08\/structure-of-the-metal-chip-briquetting-machine.webp\" alt=\"metal tala\u015f briketleme makinesinin yap\u0131s\u0131\" class=\"wp-image-2574\" title=\"\"><figcaption>metal tala\u015f briketleme makinesinin yap\u0131s\u0131<\/figcaption><\/figure> <\/div>   <p>Al\u00fcminyum briket makinesinin elektrik kontrol sistemi, her bir silindirin hareketini kontrol etmek i\u00e7in kullan\u0131l\u0131r. Metal tala\u015f pres makinesinin hidrolik valf grubu, b\u00fcy\u00fck bir ak\u0131\u015f h\u0131z\u0131na ve y\u00fcksek h\u0131za sahip, y\u00fcksek yo\u011funluklu, geni\u015f \u00e7apl\u0131 bir ya\u011f devresi kullan\u0131r. <\/p>    <p>Makinenin g\u00fc\u00e7 sistemi, y\u00fcksek kalite, istikrarl\u0131 \u00e7al\u0131\u015fma, d\u00fc\u015f\u00fck ar\u0131za oran\u0131 ve g\u00fc\u00e7l\u00fc s\u00fcrekli \u00e7al\u0131\u015fma kabiliyetine sahip bir motor ve bir ya\u011f pompas\u0131ndan olu\u015fur.<\/p>    <h2 class=\"wp-block-heading\"><strong>Metal briketleme makinesi nas\u0131l \u00e7al\u0131\u015f\u0131r?<\/strong><\/h2>    <p>Asl\u0131nda bu makine, i\u015flenecek hurday\u0131 s\u0131kmak i\u00e7in esas olarak hidrolik bas\u0131n\u00e7 temelinde \u00e7al\u0131\u015f\u0131r ve g\u00fc\u00e7, elektrik i\u00e7in kullan\u0131l\u0131r.<\/p>    <p>\u0130lk olarak metal hurdalar depolama kutusuna konur.<\/p>    <p>\u0130kinci olarak, hurda \u015fekillendirme de\u011firmenine girer ve hidrolik silindirin s\u00fcrekli ekstr\u00fczyonu alt\u0131nda yava\u015f yava\u015f olu\u015fturulur.<\/p>    <p>Son olarak hurdaya \u015fekil verilerek t\u00fcm s\u00fcre\u00e7 tamamlan\u0131r ve dakikada yakla\u015f\u0131k 4 veya 5 adet \u00fcretim yap\u0131l\u0131r. Daha sonra i\u015flem tekrar tekrarlan\u0131r.<\/p>   <div class=\"wp-block-image\"> <figure class=\"aligncenter size-full\"><img loading=\"lazy\" decoding=\"async\" width=\"540\" height=\"540\" src=\"https:\/\/www.baler-machines.com\/wp-content\/uploads\/2019\/12\/aluminum-briquettes-production-line.jpg\" alt=\"al\u00fcminyum briket \u00fcretim hatt\u0131\" class=\"wp-image-396\" title=\"\"><figcaption>al\u00fcminyum briket \u00fcretim hatt\u0131<\/figcaption><\/figure> <\/div>   <h2 class=\"wp-block-heading\" id=\"h-spotlights-of-recycle-waste-metal-chip-briquetting-machine\"><strong><strong>Geri d\u00f6n\u00fc\u015f\u00fcm at\u0131k metal tala\u015f briketleme makinesinin spot \u0131\u015f\u0131klar\u0131<\/strong><\/strong><\/h2>    <ol class=\"wp-block-list\"><li><strong>Tam otomatik metal tala\u015f briket \u00fcretim hatt\u0131<\/strong>. Al\u00fcminyum tala\u015f briket makinesi otomatik ta\u015f\u0131ma ekipmanlar\u0131yla birlikte kullan\u0131labilir. Metal tala\u015f briket \u00fcretim hatt\u0131nda b\u00fcy\u00fck \u00e7elik tala\u015f depolama silolar\u0131, konvey\u00f6rler, hava kompres\u00f6rleri, \u00e7elik tala\u015f k\u0131r\u0131c\u0131lar ve di\u011fer yard\u0131mc\u0131 ekipmanlar bulunur. Gibi <a href=\"https:\/\/www.baler-machines.com\/tr\/\" target=\"_blank\" rel=\"noreferrer noopener\">profesyonel bir metal geri d\u00f6n\u00fc\u015f\u00fcm ekipman\u0131 \u00fcreticisi<\/a>, our machines can meet customers&#8217; needs for highly automated production and reduce labor costs.<\/li><li><strong>Farkl\u0131 modeller ve \u00fcretim kapasiteleri<\/strong>. Al\u00fcminyum briket makinesinin geni\u015f aral\u0131klar\u0131 vard\u0131r. M\u00fc\u015fterilerin \u00f6zel ihtiya\u00e7lar\u0131na g\u00f6re \u00e7elik briketleme makinelerinin modelini ve \u00f6zelliklerini se\u00e7ebiliyoruz. <\/li><li><strong>\u00d6zelle\u015ftirme<\/strong>. Ayr\u0131ca m\u00fc\u015fterilerin nihai \u00fcr\u00fcnlerin \u015fekil ve boyutlar\u0131n\u0131 \u00f6zelle\u015ftirmelerine de yard\u0131mc\u0131 olabiliriz. Metal tala\u015f briket makinesi, ba\u011f\u0131ms\u0131z olarak tasarlad\u0131\u011f\u0131m\u0131z ve \u00fcretti\u011fimiz, kullan\u0131m\u0131 kolay, y\u00fcksek verimlilik ve istikrarl\u0131 \u00fcr\u00fcn performans\u0131na sahip bir \u00fcr\u00fcnd\u00fcr.<\/li><li>Otomasyon, d\u00fc\u015f\u00fck ar\u0131za oran\u0131, kolay bak\u0131m.<\/li><li>Maliyet tasarrufu, rahat ula\u015f\u0131m ve tekrar kar elde edebilirsiniz.<\/li><li>Kompakt yap\u0131, d\u00fczg\u00fcn \u00e7al\u0131\u015fma ve uzun servis \u00f6mr\u00fc.<\/li><\/ol>    <figure class=\"wp-block-gallery aligncenter has-nested-images columns-default is-cropped wp-block-gallery-4 is-layout-flex wp-block-gallery-is-layout-flex\"> <figure class=\"wp-block-image size-large\"><img loading=\"lazy\" decoding=\"async\" width=\"552\" height=\"540\" data-id=\"399\" src=\"https:\/\/www.baler-machines.com\/wp-content\/uploads\/2019\/12\/Waste-metal-briquettes-1.jpg\" alt=\"At\u0131k metal briketler\" class=\"wp-image-399\" title=\"\"><figcaption>At\u0131k Metal Briketler<\/figcaption><\/figure>    <figure class=\"wp-block-image size-full\"><img loading=\"lazy\" decoding=\"async\" width=\"540\" height=\"540\" data-id=\"400\" src=\"https:\/\/www.baler-machines.com\/wp-content\/uploads\/2019\/12\/Production-site-of-our-Philippines-customer.jpg\" alt=\"Filipinler&#039;deki m\u00fc\u015fterimizin \u00fcretim sahas\u0131\" class=\"wp-image-400\" title=\"\"><figcaption>Filipinler M\u00fc\u015fterimizin \u00dcretim Sahas\u0131<\/figcaption><\/figure> <\/figure>    <h2 class=\"wp-block-heading\"><strong>Al\u00fcminyum tala\u015f briketleyici g\u00fcvenli bir \u015fekilde nas\u0131l kullan\u0131l\u0131r?<\/strong><\/h2>    <ol class=\"wp-block-list\"><li>L\u00fctfen makinenin kulland\u0131\u011f\u0131 g\u00fc\u00e7 kayna\u011f\u0131n\u0131 kontrol edin ve yanl\u0131\u015f g\u00fc\u00e7 kayna\u011f\u0131n\u0131 takmay\u0131n.<\/li><li>Metal briketleme makinesini kullanmad\u0131\u011f\u0131n\u0131z zamanlarda g\u00fc\u00e7 kayna\u011f\u0131n\u0131n fi\u015fini \u00e7ekmeyi unutmay\u0131n.<\/li><li>Makine \u00fczerindeki par\u00e7alar\u0131 diledi\u011finiz gibi de\u011fi\u015ftirmeyin.<\/li><li>\u00c7al\u0131\u015f\u0131rken aksamalar\u0131 \u00f6nlemek i\u00e7in hidrolik ya\u011f\u0131 kullan\u0131m\u0131n\u0131 zaman\u0131nda kontrol etmek.<\/li><li>Kullan\u0131mdan sonra makineyi kontrol edin ve do\u011frulu\u011funu onaylad\u0131ktan sonra \u00e7e\u015fitli kay\u0131tlar yap\u0131n.<\/li><\/ol>    <h2 class=\"wp-block-heading\" id=\"h-working-video-of-the-metal-chip-briquetting-machine\"><strong>Metal tala\u015f briketleme makinesinin \u00e7al\u0131\u015fma videosu<\/strong><\/h2>    <figure class=\"wp-block-embed is-type-video is-provider-youtube wp-block-embed-youtube wp-embed-aspect-16-9 wp-has-aspect-ratio\"><div class=\"wp-block-embed__wrapper\"> <iframe loading=\"lazy\" title=\"Hidrolik metal briketleme makinesi |  Hurda Metal Tala\u015f Briketleyici | metal tozu pres makinesi\" width=\"500\" height=\"281\" src=\"https:\/\/www.youtube.com\/embed\/07kcFZtIdy4?feature=oembed\" frameborder=\"0\" allow=\"accelerometer; autoplay; clipboard-write; encrypted-media; gyroscope; picture-in-picture; web-share\" referrerpolicy=\"strict-origin-when-cross-origin\" allowfullscreen><\/iframe> <\/div><\/figure>    <figure class=\"wp-block-embed is-type-video is-provider-youtube wp-block-embed-youtube wp-embed-aspect-4-3 wp-has-aspect-ratio\"><div class=\"wp-block-embed__wrapper\"> <iframe loading=\"lazy\" title=\"Hurda Metal At\u0131k Geri D\u00f6n\u00fc\u015f\u00fcm Makinas\u0131 \u00dcreticisi | Metal Tala\u015f Tozu Briket Makinas\u0131\" width=\"500\" height=\"375\" src=\"https:\/\/www.youtube.com\/embed\/keuAYiSAQrg?feature=oembed\" frameborder=\"0\" allow=\"accelerometer; autoplay; clipboard-write; encrypted-media; gyroscope; picture-in-picture; web-share\" referrerpolicy=\"strict-origin-when-cross-origin\" allowfullscreen><\/iframe> <\/div><\/figure>    <p>Metal tozu briket makinesi ayn\u0131 zamanda hindistan cevizi kabu\u011fu tozunun preslenmesi i\u00e7in de uygundur. A\u015fa\u011f\u0131da her seferinde 4 tu\u011fla \u00fcreten hindistan cevizi kabu\u011fu tozunu s\u0131kma videosu yer almaktad\u0131r.<\/p>    <figure class=\"wp-block-embed is-type-video is-provider-youtube wp-block-embed-youtube wp-embed-aspect-16-9 wp-has-aspect-ratio\"><div class=\"wp-block-embed__wrapper\"> <iframe loading=\"lazy\" title=\"Y\u00fcksek Yo\u011funluklu Hindistan Cevizi Kabu\u011fu Toz Tu\u011flalar\u0131 Nas\u0131l Yap\u0131l\u0131r? Hidrolik Hindistan Cevizi Tozu Tu\u011fla Presini Kontrol Edin\" width=\"500\" height=\"281\" src=\"https:\/\/www.youtube.com\/embed\/rbja9FX1p7E?feature=oembed\" frameborder=\"0\" allow=\"accelerometer; autoplay; clipboard-write; encrypted-media; gyroscope; picture-in-picture; web-share\" referrerpolicy=\"strict-origin-when-cross-origin\" allowfullscreen><\/iframe> <\/div><\/figure>    <p>Hindistan cevizi lifi tozu briketleme makinesi, her seferinde 1 i\u00e7i bo\u015f tu\u011fla yapar.<\/p>    <figure class=\"wp-block-embed is-type-video is-provider-youtube wp-block-embed-youtube wp-embed-aspect-16-9 wp-has-aspect-ratio\"><div class=\"wp-block-embed__wrapper\"> <iframe loading=\"lazy\" title=\"Art\u0131k hindistan cevizi lifi tozu briketleme makinesini kullanarak hindistancevizi i\u00e7i bo\u015f tu\u011flalar\u0131 kolayca yapabilirsiniz!\" width=\"500\" height=\"281\" src=\"https:\/\/www.youtube.com\/embed\/CVkJwZkr-GI?feature=oembed\" frameborder=\"0\" allow=\"accelerometer; autoplay; clipboard-write; encrypted-media; gyroscope; picture-in-picture; web-share\" referrerpolicy=\"strict-origin-when-cross-origin\" allowfullscreen><\/iframe> <\/div><\/figure>    <h2 class=\"wp-block-heading\" id=\"h-technical-parameters-of-the-metal-powder-press-machine\"><strong>Metal tozu pres makinesinin teknik parametreleri<\/strong><\/h2>    <figure class=\"wp-block-table\"><table><tbody><tr><td>Modeli<\/td><td>Kapasite<\/td><td>Yo\u011funluk<\/td><td>Kontrol sistemi<\/td><\/tr><tr><td>SL-315T<\/td><td>300-500kg\/saat<\/td><td>2400kg\/m\u00b3<\/td><td>PLC'li otomatik kontrol<strong><\/strong><\/td><\/tr><\/tbody><\/table><\/figure>    <p><\/p>    <h2 class=\"wp-block-heading\"><strong>Ba\u015far\u0131l\u0131 durum: <a href=\"https:\/\/www.baler-machines.com\/tr\/shipping-300t-metal-chip-briquette-machine-to-italy\/\" target=\"_blank\" rel=\"noreferrer noopener\">\u0130talya'ya ihra\u00e7 edilen metal tala\u015f briketleme makinesi<\/a><\/strong><\/h2>    <p>Bu \u0130talyan m\u00fc\u015fterinin, her g\u00fcn \u00e7ok miktarda \u00e7elik \u00e7ubuk ve \u00e7ok miktarda hurda \u00fcreten bir \u00e7elik fabrikas\u0131 var. Bu nedenle fabrikan\u0131n durumuna g\u00f6re bu hurdalardan tekrar gelir elde etmek i\u00e7in makine almaya karar verdi. <\/p>    <p>Web sitemizi inceledikten sonra \u00e7ok uygun buldu ve bizimle ileti\u015fime ge\u00e7ti. Sat\u0131\u015f m\u00fcd\u00fcr\u00fcm\u00fcz, ihtiyac\u0131na g\u00f6re bu metal briketleme makinesini kendisine tavsiye etti. Makinenin yap\u0131land\u0131rmas\u0131, makine parametreleri, makine \u00e7al\u0131\u015fma videosu gibi makine hakk\u0131nda bilgileri kontrol ettikten sonra \u0130talyan m\u00fc\u015fteri \u00e7ok memnun kald\u0131 ve hemen bizimle s\u00f6zle\u015fme imzalad\u0131. Makine haz\u0131r oldu\u011funda, nakliyeyi hemen m\u00fc\u015fterinin var\u0131\u015f noktas\u0131na ayarlad\u0131k. Makineyi ald\u0131ktan sonra m\u00fc\u015fteri \u00e7ok memnun kald\u0131. Ayr\u0131ca f\u0131rsat olursa tekrar i\u015fbirli\u011fi yapabilece\u011fimizi s\u00f6yledi.<\/p>    <figure class=\"wp-block-gallery aligncenter has-nested-images columns-default is-cropped wp-block-gallery-5 is-layout-flex wp-block-gallery-is-layout-flex\"> <figure class=\"wp-block-image size-large\"><img loading=\"lazy\" decoding=\"async\" width=\"540\" height=\"720\" data-id=\"2595\" src=\"https:\/\/www.baler-machines.com\/wp-content\/uploads\/2022\/08\/loading-the-metal-chip-briquetter-to-the-container.webp\" alt=\"metal tala\u015f briket makinesini konteynere y\u00fckleme\" class=\"wp-image-2595\" title=\"\"><figcaption>Metal Tala\u015f Briketleyicinin Konteynere Y\u00fcklenmesi<\/figcaption><\/figure> <\/figure>","protected":false},"excerpt":{"rendered":"<p>Hidrolik metal tala\u015f briketleme makinesi (dikey metal briketleme makinesi), \u00e7e\u015fitli toz veya gran\u00fcl metal hurdalar\u0131n\u0131 do\u011frudan 3-15 kg silindirik kekler halinde so\u011fuk presleyerek nakliye ve f\u0131r\u0131n operasyonunu kolayla\u015ft\u0131ran \u00f6nemli bir at\u0131k metal kaynaklar\u0131 geri d\u00f6n\u00fc\u015f\u00fcm ekipman\u0131d\u0131r.<\/p>","protected":false},"author":1,"featured_media":2593,"parent":0,"template":"","tags":[113,639,590,114,589,112],"product-type":[563],"class_list":["post-391","product","type-product","status-publish","has-post-thumbnail","hentry","tag-metal-briquette-machine","tag-metal-briquetting","tag-metal-briqutting-machine","tag-metal-chip-briquetting-machine","tag-metal-powder-press-machine","tag-scrap-metal-briquette-machine","product-type-baler-machine"],"_links":{"self":[{"href":"https:\/\/www.baler-machines.com\/tr\/wp-json\/wp\/v2\/product\/391","targetHints":{"allow":["GET"]}}],"collection":[{"href":"https:\/\/www.baler-machines.com\/tr\/wp-json\/wp\/v2\/product"}],"about":[{"href":"https:\/\/www.baler-machines.com\/tr\/wp-json\/wp\/v2\/types\/product"}],"author":[{"embeddable":true,"href":"https:\/\/www.baler-machines.com\/tr\/wp-json\/wp\/v2\/users\/1"}],"wp:featuredmedia":[{"embeddable":true,"href":"https:\/\/www.baler-machines.com\/tr\/wp-json\/wp\/v2\/media\/2593"}],"wp:attachment":[{"href":"https:\/\/www.baler-machines.com\/tr\/wp-json\/wp\/v2\/media?parent=391"}],"wp:term":[{"taxonomy":"post_tag","embeddable":true,"href":"https:\/\/www.baler-machines.com\/tr\/wp-json\/wp\/v2\/tags?post=391"},{"taxonomy":"product-type","embeddable":true,"href":"https:\/\/www.baler-machines.com\/tr\/wp-json\/wp\/v2\/product-type?post=391"}],"curies":[{"name":"wp","href":"https:\/\/api.w.org\/{rel}","templated":true}]}}