{"id":3406,"date":"2023-08-25T17:10:45","date_gmt":"2023-08-25T09:10:45","guid":{"rendered":"https:\/\/www.baler-machines.com\/?post_type=product&#038;p=3406"},"modified":"2026-02-13T11:45:02","modified_gmt":"2026-02-13T03:45:02","slug":"vertical-baling-press","status":"publish","type":"product","link":"https:\/\/www.baler-machines.com\/tr\/vertical-baling-press\/","title":{"rendered":"At\u0131k Ka\u011f\u0131t i\u00e7in Hidrolik Balya Makinas\u0131"},"content":{"rendered":"<p class=\"translation-block\">Shuliy <strong>dikey balya presi<\/strong>, g\u00fc\u00e7l\u00fc hidrolik sistemi sayesinde at\u0131k ka\u011f\u0131t gibi malzemeleri verimli bir \u015fekilde s\u0131k\u0131\u015ft\u0131rmak \u00fczere tasarlanm\u0131\u015ft\u0131r. Bu hidrolik balya presi makinesini kullanarak, sadece depolama alan\u0131 optimize edilmekle kalmaz, ayn\u0131 zamanda geri d\u00f6n\u00fc\u015f\u00fcm tesislerine ta\u015f\u0131mada da kolayl\u0131k sa\u011flan\u0131r. Makinelerimiz, farkl\u0131 ihtiya\u00e7lar\u0131n\u0131z\u0131 kar\u015f\u0131lamak \u00fczere 30T, 40T, 50T, 60T, 80T, 100T vb. \u00e7e\u015fitli modellerde mevcuttur.<\/p>    <figure class=\"wp-block-gallery aligncenter has-nested-images columns-default is-cropped wp-block-gallery-2 is-layout-flex wp-block-gallery-is-layout-flex\"> <figure class=\"wp-block-image size-large\"><img loading=\"lazy\" decoding=\"async\" width=\"720\" height=\"540\" data-id=\"3404\" src=\"https:\/\/www.baler-machines.com\/wp-content\/uploads\/2023\/08\/vertical-waste-baler.webp\" alt=\"dikey at\u0131k balya makinesi\" class=\"wp-image-3404\" title=\"\"><figcaption class=\"wp-element-caption\">Dikey At\u0131k Balya Makinesi<\/figcaption><\/figure>    <figure class=\"wp-block-image size-large\"><img loading=\"lazy\" decoding=\"async\" width=\"540\" height=\"720\" data-id=\"2982\" src=\"https:\/\/www.baler-machines.com\/wp-content\/uploads\/2023\/02\/vertical-cardboard-baler-for-sale.webp\" alt=\"sat\u0131l\u0131k dikey karton balya makinesi\" class=\"wp-image-2982\" title=\"\"><figcaption class=\"wp-element-caption\">Sat\u0131l\u0131k Dikey Karton Balya Makinesi<\/figcaption><\/figure>    <figure class=\"wp-block-image size-large\"><img loading=\"lazy\" decoding=\"async\" width=\"720\" height=\"540\" data-id=\"2840\" src=\"https:\/\/www.baler-machines.com\/wp-content\/uploads\/2022\/12\/vertical-waste-oil-drum-compactor.webp\" alt=\"dikey-at\u0131k-ya\u011f-drum-s\u0131k\u0131\u015ft\u0131r\u0131c\u0131\" class=\"wp-image-2840\" title=\"\"><figcaption class=\"wp-element-caption\">Dikey At\u0131k Ya\u011f Varil Kompakt\u00f6r\u00fc<\/figcaption><\/figure> <\/figure>    <p class=\"translation-block\">Ayr\u0131ca, dikey balyalay\u0131c\u0131m\u0131z <strong>Tayland, Vietnam, Gabon, Cezayir<\/strong> gibi d\u00fcnyan\u0131n d\u00f6rt bir yan\u0131ndaki m\u00fc\u015fteriler aras\u0131nda performans\u0131 sayesinde pop\u00fclerdir. Daha fazla ayr\u0131nt\u0131 i\u00e7in bizimle ileti\u015fime ge\u00e7ebilirsiniz!<\/p>    <h2 class=\"wp-block-heading\"><strong>Geri d\u00f6n\u00fc\u015f\u00fcm i\u00e7in neden dikey balyalama presini kullanmal\u0131s\u0131n\u0131z?<\/strong><\/h2>    <p>Geri d\u00f6n\u00fc\u015f\u00fcm i\u00e7in dikey balya makinesinin kullan\u0131lmas\u0131, geri d\u00f6n\u00fc\u015ft\u00fcr\u00fclebilir malzemeleri y\u00f6netmek i\u00e7in kompakt ve etkili bir \u00e7\u00f6z\u00fcm sunar. Bu ekipman, ka\u011f\u0131t, karton ve plastik gibi malzemeleri yo\u011fun balyalar halinde s\u0131k\u0131\u015ft\u0131rarak depolama ve nakliyeyi optimize eder. Hidrolik mekanizmas\u0131 sayesinde at\u0131k y\u00f6netimini basitle\u015ftirir, lojistik maliyetlerini azalt\u0131r ve s\u00fcrd\u00fcr\u00fclebilir at\u0131k y\u00f6netimi uygulamalar\u0131n\u0131 te\u015fvik eder.<\/p>    <h2 class=\"wp-block-heading\"><strong>Hidrolik balyalama presinin bile\u015fenleri<\/strong><\/h2>   <div class=\"wp-block-image\"> <figure class=\"aligncenter size-full\"><img loading=\"lazy\" decoding=\"async\" width=\"712\" height=\"540\" src=\"https:\/\/www.baler-machines.com\/wp-content\/uploads\/2023\/08\/structure-of-hydraulic-baling-press-for-sale.webp\" alt=\"Sat\u0131l\u0131k Hidrolik Balya Presi Yap\u0131s\u0131\" class=\"wp-image-4293\" title=\"\" srcset=\"https:\/\/www.baler-machines.com\/wp-content\/uploads\/2023\/08\/structure-of-hydraulic-baling-press-for-sale.webp 712w, https:\/\/www.baler-machines.com\/wp-content\/uploads\/2023\/08\/structure-of-hydraulic-baling-press-for-sale-16x12.webp 16w\" sizes=\"auto, (max-width: 712px) 100vw, 712px\" \/><figcaption class=\"wp-element-caption\">Sat\u0131l\u0131k Hidrolik Balya Presi Yap\u0131s\u0131<\/figcaption><\/figure> <\/div>   <p>Dikey balya pres makinemiz hidrolik silindirler, s\u0131\u00e7rama \u00f6nleyici cihaz, g\u00fc\u00e7 sistemi ve s\u0131k\u0131\u015ft\u0131rma odas\u0131ndan olu\u015fmaktad\u0131r. Asl\u0131nda dikey balya makinesinin yap\u0131s\u0131n\u0131 anlamak basittir ve makineyi \u00e7ok kolay \u00e7al\u0131\u015ft\u0131rabilirsiniz.<\/p>    <h2 class=\"wp-block-heading\"><strong>Dikey balyalama pres kompakt\u00f6r\u00fcn\u00fcn geni\u015f uygulamalar\u0131<\/strong><\/h2>   <div class=\"wp-block-image\"> <figure class=\"aligncenter size-full\"><img loading=\"lazy\" decoding=\"async\" width=\"634\" height=\"810\" src=\"https:\/\/www.baler-machines.com\/wp-content\/uploads\/2023\/08\/wide-applications-of-hydraulic-vertical-abler.webp\" alt=\"Hidrolik dikey balyalama makinelerinin geni\u015f uygulamalar\u0131\" class=\"wp-image-4297\" title=\"\" srcset=\"https:\/\/www.baler-machines.com\/wp-content\/uploads\/2023\/08\/wide-applications-of-hydraulic-vertical-abler.webp 634w, https:\/\/www.baler-machines.com\/wp-content\/uploads\/2023\/08\/wide-applications-of-hydraulic-vertical-abler-9x12.webp 9w\" sizes=\"auto, (max-width: 634px) 100vw, 634px\" \/><figcaption class=\"wp-element-caption\">Hidrolik dikey balyalama makinelerinin geni\u015f uygulamalar\u0131<\/figcaption><\/figure> <\/div>   <p class=\"translation-block\">Bu dikey balya presi, ka\u011f\u0131d\u0131n yan\u0131 s\u0131ra bir\u00e7ok at\u0131k malzemeyi balyalayabilir ve s\u0131k\u0131\u015ft\u0131rabilir. \u00d6rne\u011fin, <strong>al\u00fcminyum kutular, karton, k\u0131yafetler, lifler, tala\u015f, y\u00fcn, pamuk, saman, straw, plastik \u015fi\u015feler, hindistan cevizi kabuklar\u0131, tar\u0131msal at\u0131klar, ya\u011f kutular\u0131, \u00e7\u00f6p kutular\u0131<\/strong> ve daha fazlas\u0131.<\/p>    <figure class=\"wp-block-gallery aligncenter has-nested-images columns-default is-cropped wp-block-gallery-3 is-layout-flex wp-block-gallery-is-layout-flex\"> <figure class=\"wp-block-image size-full\"><img loading=\"lazy\" decoding=\"async\" width=\"720\" height=\"540\" data-id=\"3410\" src=\"https:\/\/www.baler-machines.com\/wp-content\/uploads\/2023\/08\/applications-of-vertical-baling-press-1.webp\" alt=\"dikey balyalama presi uygulamalar\u0131\" class=\"wp-image-3410\" title=\"\"><figcaption class=\"wp-element-caption\">Dikey Balya Presi Uygulamalar\u0131<\/figcaption><\/figure>    <figure class=\"wp-block-image size-full\"><img loading=\"lazy\" decoding=\"async\" width=\"589\" height=\"540\" data-id=\"4296\" src=\"https:\/\/www.baler-machines.com\/wp-content\/uploads\/2023\/08\/applicable-materials-of-vertical-baling-machine.webp\" alt=\"applicable materials of vertical baling machine\" class=\"wp-image-4296\" title=\"\" srcset=\"https:\/\/www.baler-machines.com\/wp-content\/uploads\/2023\/08\/applicable-materials-of-vertical-baling-machine.webp 589w, https:\/\/www.baler-machines.com\/wp-content\/uploads\/2023\/08\/applicable-materials-of-vertical-baling-machine-13x12.webp 13w\" sizes=\"auto, (max-width: 589px) 100vw, 589px\" \/><figcaption class=\"wp-element-caption\">Dikey Balya Makinesinin Uygulanabilir Malzemeleri<\/figcaption><\/figure> <\/figure>    <h2 class=\"wp-block-heading\"><strong>Dikey balya makinesinin \u00f6zellikleri<\/strong><\/h2>    <ul class=\"wp-block-list\"> <li><strong>Kompakt tasar\u0131m<\/strong>: Dikey balya makinesi minimum zemin alan\u0131 kaplayacak \u015fekilde tasarlanm\u0131\u015ft\u0131r; bu da onu i\u015fletmeler, depolar ve geri d\u00f6n\u00fc\u015f\u00fcm merkezleri dahil olmak \u00fczere \u00e7e\u015fitli ortamlara uygun hale getirir.<\/li>    <li><strong>\u00c7ok fonksiyonlu<\/strong>: Hidrolik balyalama presi, karton, ka\u011f\u0131t, plastik, tekstil ve daha fazlas\u0131 gibi \u00e7ok \u00e7e\u015fitli geri d\u00f6n\u00fc\u015ft\u00fcr\u00fclebilir malzemeleri i\u015fleyebilir, bu da onu \u00e7e\u015fitli at\u0131k geri d\u00f6n\u00fc\u015f\u00fcm\u00fcne uygun hale getirir.<\/li>    <li><strong>\u00d6zelle\u015ftirilebilir balya boyutlar\u0131<\/strong>: Dikey balyalama premiz, balya boyutlar\u0131n\u0131n farkl\u0131 geri d\u00f6n\u00fc\u015f\u00fcm ihtiya\u00e7lar\u0131n\u0131 kar\u015f\u0131layacak ve ta\u015f\u0131ma verimlili\u011fini optimize edecek \u015fekilde ayarlanmas\u0131na olanak tan\u0131r.<\/li>    <li><strong>Dayan\u0131kl\u0131l\u0131k<\/strong>: Y\u00fcksek kaliteli yap\u0131 ve bile\u015fenler, a\u011f\u0131r kullan\u0131m ko\u015fullar\u0131nda bile dikey balya makinesinin uzun \u00f6m\u00fcrl\u00fcl\u00fc\u011f\u00fcn\u00fc ve g\u00fcvenilirli\u011fini sa\u011flar.<\/li>    <li><strong>Maliyet tasarrufu<\/strong>: At\u0131k hacmini azaltarak ve nakliyeyi optimize ederek, hidrolik balyalama presi at\u0131k y\u00f6netimi maliyetlerinde \u00f6nemli tasarruflar sa\u011flayabilir.<\/li> <\/ul>    <h2 class=\"wp-block-heading\"><strong>At\u0131k ka\u011f\u0131t geri d\u00f6n\u00fc\u015f\u00fcm\u00fc i\u00e7in di\u011fer balyalama ekipmanlar\u0131<\/strong><\/h2>    <p class=\"translation-block\">Dikey balyalay\u0131c\u0131lara ek olarak, at\u0131k ka\u011f\u0131t geri d\u00f6n\u00fc\u015f\u00fcm\u00fc i\u00e7in bir di\u011fer \u00f6nemli balyalama ekipman\u0131 t\u00fcr\u00fc, <a href=\"https:\/\/www.baler-machines.com\/tr\/horizontal-waste-paper-baling-machine\/\">yatay at\u0131k ka\u011f\u0131t balyalama makinesi<\/a> olarak da bilinen yatay balyalay\u0131c\u0131d\u0131r.<\/p>    <figure class=\"wp-block-gallery aligncenter has-nested-images columns-default is-cropped wp-block-gallery-4 is-layout-flex wp-block-gallery-is-layout-flex\"> <figure class=\"wp-block-image size-full\"><img loading=\"lazy\" decoding=\"async\" width=\"720\" height=\"540\" data-id=\"3218\" src=\"https:\/\/www.baler-machines.com\/wp-content\/uploads\/2023\/04\/hydraulic-horizontal-baler.webp\" alt=\"hidrolik yatay balya makinesi\" class=\"wp-image-3218\" title=\"\"><figcaption class=\"wp-element-caption\">Hidrolik Yatay Balya Makinas\u0131<\/figcaption><\/figure>    <figure class=\"wp-block-image size-full\"><img loading=\"lazy\" decoding=\"async\" width=\"540\" height=\"540\" data-id=\"2629\" src=\"https:\/\/www.baler-machines.com\/wp-content\/uploads\/2022\/08\/paper-baler-manufacturer.webp\" alt=\"ka\u011f\u0131t-baler-\u00fcreticisi\" class=\"wp-image-2629\" title=\"\"><figcaption class=\"wp-element-caption\">Ka\u011f\u0131t Balya Makinesi \u00dcreticisi<\/figcaption><\/figure> <\/figure>    <p class=\"translation-block\">Yatay balyalay\u0131c\u0131, dikey balyalama presinden farkl\u0131 \u00e7al\u0131\u015f\u0131r. Bu balyalay\u0131c\u0131, malzemeyi dikey olarak s\u0131k\u0131\u015ft\u0131rmak yerine, at\u0131\u011f\u0131 yatay olarak s\u0131k\u0131\u015ft\u0131rarak daha b\u00fcy\u00fck, daha yo\u011fun balyalar olu\u015fturur. Bu tasar\u0131m, \u00f6zellikle b\u00fcy\u00fck miktarlarda at\u0131k malzeme ile u\u011fra\u015f\u0131rken kullan\u0131\u015fl\u0131d\u0131r. Yatay balyalay\u0131c\u0131lar tipik olarak ka\u011f\u0131t fabrikalar\u0131, matbaa ve paketleme, s\u00fcpermarketler ve da\u011f\u0131t\u0131m merkezleri, oluklu mukavva kutu \u00fcreticileri ve b\u00fcy\u00fck geri d\u00f6n\u00fc\u015f\u00fcm tesisleri gibi b\u00fcy\u00fck miktarlarda ka\u011f\u0131t, karton ve di\u011fer geri d\u00f6n\u00fc\u015ft\u00fcr\u00fclebilir malzemeleri verimli bir \u015fekilde i\u015fleme ihtiyac\u0131 duyan end\u00fcstrilerde kullan\u0131l\u0131r.<\/p>    <h2 class=\"wp-block-heading\"><strong>Sat\u0131l\u0131k dikey balyalama pres makinesinin teknik parametreleri<\/strong><\/h2>    <figure class=\"wp-block-table\"><table><tbody><tr><td>Modeli<\/td><td>Elektrik g\u00fcc\u00fc(kw)<\/td><td>Silindir<\/td><td>Boyut(mm)<\/td><td>Ambalaj boyutu (mm)<\/td><td>Ya\u011f pompas\u0131<\/td><\/tr><tr><td>SL-30<\/td><td>11<\/td><td>115<\/td><td>1650*850*2700<\/td><td>1000*600*800<\/td><td>532<\/td><\/tr><tr><td>SL-60<\/td><td>15<\/td><td>160<\/td><td>1200*800*1000<\/td><td>1200*800*1000<\/td><td>563<\/td><\/tr><tr><td>SL-80<\/td><td>18.5<\/td><td>180<\/td><td>1700*2100*3300<\/td><td>1200*800*1000<\/td><td>563<\/td><\/tr><\/tbody><\/table><figcaption class=\"wp-element-caption\">\u00e7ok satan dikey balya makinesi parametreleri<\/figcaption><\/figure>","protected":false},"excerpt":{"rendered":"<p>Shuliy vertical baling press is designed to efficiently compact materials such as waste paper into bales through its powerful hydraulic system. By using this hydraulic baling press machine, not only is storage space optimized, but transportation to recycling facilities is also facilitated. Our machines are available in a variety of models, 30T, 40T, 50T, 60T, [&hellip;]<\/p>\n","protected":false},"author":1,"featured_media":3407,"parent":0,"template":"","tags":[625],"product-type":[563],"class_list":["post-3406","product","type-product","status-publish","has-post-thumbnail","hentry","tag-waste-paper-bales","product-type-baler-machine"],"_links":{"self":[{"href":"https:\/\/www.baler-machines.com\/tr\/wp-json\/wp\/v2\/product\/3406","targetHints":{"allow":["GET"]}}],"collection":[{"href":"https:\/\/www.baler-machines.com\/tr\/wp-json\/wp\/v2\/product"}],"about":[{"href":"https:\/\/www.baler-machines.com\/tr\/wp-json\/wp\/v2\/types\/product"}],"author":[{"embeddable":true,"href":"https:\/\/www.baler-machines.com\/tr\/wp-json\/wp\/v2\/users\/1"}],"wp:featuredmedia":[{"embeddable":true,"href":"https:\/\/www.baler-machines.com\/tr\/wp-json\/wp\/v2\/media\/3407"}],"wp:attachment":[{"href":"https:\/\/www.baler-machines.com\/tr\/wp-json\/wp\/v2\/media?parent=3406"}],"wp:term":[{"taxonomy":"post_tag","embeddable":true,"href":"https:\/\/www.baler-machines.com\/tr\/wp-json\/wp\/v2\/tags?post=3406"},{"taxonomy":"product-type","embeddable":true,"href":"https:\/\/www.baler-machines.com\/tr\/wp-json\/wp\/v2\/product-type?post=3406"}],"curies":[{"name":"wp","href":"https:\/\/api.w.org\/{rel}","templated":true}]}}