{"id":3319,"date":"2023-06-30T17:27:11","date_gmt":"2023-06-30T09:27:11","guid":{"rendered":"https:\/\/www.baler-machines.com\/?post_type=product&#038;p=3319"},"modified":"2026-02-13T13:31:21","modified_gmt":"2026-02-13T05:31:21","slug":"vertical-cardboard-baler-machine","status":"publish","type":"product","link":"https:\/\/www.baler-machines.com\/tr\/vertical-cardboard-baler-machine\/","title":{"rendered":"Sat\u0131l\u0131k Dikey Karton Balya Makinas\u0131"},"content":{"rendered":"<p>Dikey karton balyalama makinesi, at\u0131k kartonun geri d\u00f6n\u00fc\u015f\u00fcm\u00fc i\u00e7in tasarlanm\u0131\u015f y\u00fcksek verimli bir makinedir. Esnek boyut uyarlanabilirli\u011fi, ekonomik balyalama fiyat\u0131 ve g\u00fcvenilir sat\u0131\u015f sonras\u0131 hizmetiyle hidrolik balyalama presi, m\u00fc\u015fteriler i\u00e7in ideal \u00e7\u00f6z\u00fcm\u00fc sa\u011flar.<\/p>    <h2 class=\"wp-block-heading\"><strong>Karton balya geri d\u00f6n\u00fc\u015f\u00fcm\u00fc: karl\u0131 karton balya fiyat\u0131<\/strong><\/h2>    <p>Karton ambalaj geri d\u00f6n\u00fc\u015f\u00fcm\u00fc karl\u0131 bir i\u015f haline geldi. At\u0131k kartonlar\u0131n kompakt kareler halinde balyalanmas\u0131yla hem kolayca depolan\u0131p ta\u015f\u0131nabilir hem de \u00f6nemli bir sat\u0131\u015f de\u011feri elde edilebilir.<\/p>    <figure class=\"wp-block-gallery aligncenter has-nested-images columns-default is-cropped wp-block-gallery-2 is-layout-flex wp-block-gallery-is-layout-flex\"> <figure class=\"wp-block-image size-large\"><img loading=\"lazy\" decoding=\"async\" width=\"650\" height=\"450\" data-id=\"2880\" src=\"https:\/\/www.baler-machines.com\/wp-content\/uploads\/2022\/12\/cardboard-boxes.webp\" alt=\"karton kutular\" class=\"wp-image-2880\" title=\"\"><figcaption class=\"wp-element-caption\">Karton Kutular<\/figcaption><\/figure>    <figure class=\"wp-block-image size-large\"><img loading=\"lazy\" decoding=\"async\" width=\"540\" height=\"540\" data-id=\"2941\" src=\"https:\/\/www.baler-machines.com\/wp-content\/uploads\/2023\/01\/waste-cardboard.webp\" alt=\"at\u0131k karton\" class=\"wp-image-2941\" title=\"\"><figcaption class=\"wp-element-caption\">At\u0131k Karton<\/figcaption><\/figure> <\/figure>    <p>Genel olarak karton balya fiyat\u0131 piyasadaki arz ve talebe ve kartonun kalitesine ba\u011fl\u0131d\u0131r. Pazar talebi y\u00fcksek oldu\u011funda ve kartonun kalitesi iyi oldu\u011funda fiyatlar daha y\u00fcksek olma e\u011filimindedir. Geri d\u00f6n\u00fc\u015f\u00fcm \u015firketleri genellikle kartonlar\u0131n\u0131 a\u011f\u0131rl\u0131\u011fa g\u00f6re fiyatland\u0131r\u0131r ve fiyatland\u0131rmalar\u0131n\u0131 karton kalitesine, temizli\u011fine ve geri d\u00f6n\u00fc\u015f\u00fcm pazar\u0131na g\u00f6re belirler.<\/p>    <h2 class=\"wp-block-heading\"><strong>Karton balya makinesi olarak hangi ekipmanlar kullan\u0131labilir?<\/strong><\/h2>    <p>Profesyonel bir balya makinesi \u00fcreticisi olarak, \u015fimdi hidrolik dikey karton balya makinesini ciddi bir \u015fekilde tan\u0131t\u0131yoruz. Balyalama verimlili\u011fi ve kalitesi, s\u0131k\u0131\u015ft\u0131rma ve di\u011fer i\u015flemlerle geli\u015ftirilebilir, b\u00f6ylece karton karelerin de\u011feri artar. Bu sadece geri d\u00f6n\u00fc\u015f\u00fcm kar\u0131n\u0131 artt\u0131rmakla kalmaz, ayn\u0131 zamanda \u00e7evrenin korunmas\u0131na ve kaynak geri d\u00f6n\u00fc\u015f\u00fcm\u00fcne de katk\u0131da bulunur.<\/p>   <div class=\"wp-block-image\"> <figure class=\"aligncenter size-full\"><img loading=\"lazy\" decoding=\"async\" width=\"907\" height=\"920\" src=\"https:\/\/www.baler-machines.com\/wp-content\/uploads\/2023\/06\/industrial-vertical-cardboard-baler-for-recycling.webp\" alt=\"Geri d\u00f6n\u00fc\u015f\u00fcm i\u00e7in end\u00fcstriyel dikey karton presi\" class=\"wp-image-4300\" title=\"\" srcset=\"https:\/\/www.baler-machines.com\/wp-content\/uploads\/2023\/06\/industrial-vertical-cardboard-baler-for-recycling.webp 907w, https:\/\/www.baler-machines.com\/wp-content\/uploads\/2023\/06\/industrial-vertical-cardboard-baler-for-recycling-768x779.webp 768w, https:\/\/www.baler-machines.com\/wp-content\/uploads\/2023\/06\/industrial-vertical-cardboard-baler-for-recycling-12x12.webp 12w\" sizes=\"auto, (max-width: 907px) 100vw, 907px\" \/><figcaption class=\"wp-element-caption\">Geri d\u00f6n\u00fc\u015f\u00fcm i\u00e7in end\u00fcstriyel dikey karton presi<\/figcaption><\/figure> <\/div>   <p class=\"translation-block\">Tabii ki, balyalama ihtiya\u00e7lar\u0131n\u0131za, b\u00fct\u00e7enize vb. g\u00f6re sat\u0131n al\u0131nacak en uygun balya makinesi olan <a href=\"https:\/\/www.baler-machines.com\/tr\/hydraulic-cardboard-baler-for-sale\/\" target=\"_blank\" rel=\"noreferrer noopener\">yatay hidrolik balya makinemiz<\/a> de var.<\/p>    <h2 class=\"wp-block-heading\"><strong>Shuliy hidrolik karton balya makinesi talimatlar\u0131<\/strong><\/h2>    <ol class=\"wp-block-list\"> <li>Haz\u0131rl\u0131k \u00e7al\u0131\u015fmas\u0131 <ul class=\"wp-block-list\"> <li>Kartonu toplay\u0131n, y\u00fczeyin temiz oldu\u011fundan emin olun ve fazla eklentileri \u00e7\u0131kar\u0131n.<\/li>    <li>G\u00fcvenli\u011fi sa\u011flamak i\u00e7in karton balyalama makinesinin g\u00fc\u00e7 kayna\u011f\u0131n\u0131n ve hidrolik sisteminin d\u00fczg\u00fcn \u00e7al\u0131\u015ft\u0131\u011f\u0131n\u0131 kontrol edin.<\/li> <\/ul> <\/li>    <li>Dikey karton balya makinesinin \u00e7al\u0131\u015fmas\u0131  <ul class=\"wp-block-list\"> <li>At\u0131k kartonu, at\u0131k karton pres makinesinin besleyicisine yerle\u015ftirin.<\/li>    <li>Ba\u015flat d\u00fc\u011fmesine bast\u0131\u011f\u0131n\u0131zda balya makinesi \u00e7al\u0131\u015fmaya ba\u015flar.<\/li>    <li>Balya makinesi kartonu otomatik olarak s\u0131k\u0131\u015ft\u0131racak ve kompakt karelere d\u00f6n\u00fc\u015ft\u00fcrecektir.<\/li>    <li>Balyalama tamamland\u0131\u011f\u0131nda dikey karton balyalama makinesini durdurun.<\/li> <\/ul> <\/li>    <li>Karton balyas\u0131n\u0131 kontrol edin <ul class=\"wp-block-list\"> <li>Balyalanm\u0131\u015f karton karelerin kompakt ve sa\u011flam olduklar\u0131ndan emin olmak i\u00e7in kontrol edin.<\/li>    <li>Gerekirse daha iyi balyalama sonu\u00e7lar\u0131 elde etmek i\u00e7in balya makinesinin parametrelerini ayarlay\u0131n.<\/li> <\/ul> <\/li>    <li>Bak\u0131m <ul class=\"wp-block-list\"> <li>Balya makinesinin i\u00e7indeki ve d\u0131\u015f\u0131ndaki toz ve kal\u0131nt\u0131lar\u0131 d\u00fczenli olarak temizleyin.<\/li>    <li>Yeterli ve temiz oldu\u011fundan emin olmak i\u00e7in hidrolik sistem s\u0131v\u0131s\u0131n\u0131 kontrol edin.<\/li>    <li>Dikey karton balya makinesinin civatalar\u0131n\u0131 ve ba\u011flant\u0131 par\u00e7alar\u0131n\u0131 d\u00fczenli olarak kontrol edip s\u0131k\u0131n.<\/li> <\/ul> <\/li> <\/ol>   <div class=\"wp-block-image\"> <figure class=\"aligncenter size-full\"><img loading=\"lazy\" decoding=\"async\" width=\"875\" height=\"760\" src=\"https:\/\/www.baler-machines.com\/wp-content\/uploads\/2023\/06\/hydraulic-cardboard-baling-machine.webp\" alt=\"hidrolik karton s\u0131k\u0131\u015ft\u0131rma makinesi\" class=\"wp-image-4301\" title=\"\" srcset=\"https:\/\/www.baler-machines.com\/wp-content\/uploads\/2023\/06\/hydraulic-cardboard-baling-machine.webp 875w, https:\/\/www.baler-machines.com\/wp-content\/uploads\/2023\/06\/hydraulic-cardboard-baling-machine-768x667.webp 768w, https:\/\/www.baler-machines.com\/wp-content\/uploads\/2023\/06\/hydraulic-cardboard-baling-machine-14x12.webp 14w\" sizes=\"auto, (max-width: 875px) 100vw, 875px\" \/><figcaption class=\"wp-element-caption\">hidrolik karton s\u0131k\u0131\u015ft\u0131rma makinesi<\/figcaption><\/figure> <\/div>   <h2 class=\"wp-block-heading\"><strong>Dikey karton balya makinesinde sorun gidermeye ne dersiniz?<\/strong><\/h2>    <figure class=\"wp-block-table\"><table><tbody><tr><td>Dikey karton balya makinesi sorunlar\u0131<\/td><td>sorun giderme<\/td><\/tr><tr><td>Balya makinesi \u00e7al\u0131\u015fm\u0131yor<\/td><td>1. G\u00fc\u00e7 kayna\u011f\u0131n\u0131n d\u00fczg\u00fcn ba\u011fland\u0131\u011f\u0131n\u0131 kontrol edin ve fi\u015fin s\u0131k\u0131ca tak\u0131ld\u0131\u011f\u0131ndan emin olun.<br>2. G\u00fc\u00e7 anahtar\u0131n\u0131n a\u00e7\u0131k olup olmad\u0131\u011f\u0131n\u0131 kontrol edin.<br>3. D\u00fczg\u00fcn \u00e7al\u0131\u015ft\u0131klar\u0131ndan emin olmak i\u00e7in g\u00fc\u00e7 hatlar\u0131n\u0131 ve sigortalar\u0131 kontrol edin.<\/td><\/tr><tr><td>Balya makinesi yava\u015f veya bas\u0131n\u00e7 alt\u0131nda \u00e7al\u0131\u015f\u0131yor<\/td><td>1. Hidrolik ya\u011f\u0131 seviyesini kontrol edin ve gerekiyorsa hidrolik ya\u011f\u0131 ekleyin veya de\u011fi\u015ftirin.<br>2. Hidrolik sistemde s\u0131z\u0131nt\u0131 olup olmad\u0131\u011f\u0131n\u0131 kontrol edin ve gerekiyorsa s\u0131z\u0131nt\u0131lar\u0131 onar\u0131n.<br>3. Hidrolik silindirin d\u00fczg\u00fcn \u00e7al\u0131\u015f\u0131p \u00e7al\u0131\u015fmad\u0131\u011f\u0131n\u0131 kontrol edin ve gerekiyorsa bak\u0131m\u0131n\u0131 yap\u0131n veya de\u011fi\u015ftirin.<\/td><\/tr><tr><td>Tatmin edici olmayan balyalama sonu\u00e7lar\u0131<\/td><td>1. Pres b\u00fck\u00fcc\u00fcs\u00fcn\u00fcn bas\u0131n\u00e7 reg\u00fclat\u00f6r\u00fcn\u00fc kontrol edin, bas\u0131nc\u0131n do\u011fru ayarland\u0131\u011f\u0131ndan emin olun.<br>2. Balya makinesinin paketleme s\u00fcresi ayar\u0131n\u0131 kontrol edip kartonun kalitesine ve kal\u0131nl\u0131\u011f\u0131na g\u00f6re ayarlay\u0131n.<br>3. Uygun s\u0131k\u0131l\u0131k sa\u011flamak i\u00e7in paketleme band\u0131n\u0131n gerginlik ayar\u0131n\u0131 kontrol edin.<\/td><\/tr><tr><td>Anormal balya makinesi g\u00fcr\u00fclt\u00fcs\u00fc<\/td><td>1. Balya makinesinin c\u0131vatalar\u0131n\u0131 ve ba\u011flant\u0131 elemanlar\u0131n\u0131 kontrol ederek sa\u011flam olduklar\u0131ndan emin olun.<br>2. Pres b\u00fck\u00fcc\u00fcs\u00fcn\u00fcn pistonlar\u0131n\u0131 ve hidrolik silindirlerini kontrol edin, d\u00fczg\u00fcn \u00e7al\u0131\u015ft\u0131klar\u0131ndan emin olun.<br>3. Gerekirse, presin hareketli par\u00e7alar\u0131n\u0131 ya\u011flay\u0131n.<\/td><\/tr><\/tbody><\/table><figcaption class=\"wp-element-caption\">olas\u0131 dikey karton balya makinesi sorunlar\u0131<\/figcaption><\/figure>    <figure class=\"wp-block-gallery has-nested-images columns-default is-cropped wp-block-gallery-3 is-layout-flex wp-block-gallery-is-layout-flex\"> <figure class=\"wp-block-image size-large\"><img loading=\"lazy\" decoding=\"async\" width=\"720\" height=\"540\" data-id=\"3274\" src=\"https:\/\/www.baler-machines.com\/wp-content\/uploads\/2023\/05\/vertical-cardboard-baler-for-sale.webp\" alt=\"sat\u0131l\u0131k dikey karton balya makinesi\" class=\"wp-image-3274\" title=\"\"><figcaption class=\"wp-element-caption\">Sat\u0131l\u0131k Dikey Karton Balya Makinesi<\/figcaption><\/figure>    <figure class=\"wp-block-image size-large\"><img loading=\"lazy\" decoding=\"async\" width=\"720\" height=\"540\" data-id=\"2997\" src=\"https:\/\/www.baler-machines.com\/wp-content\/uploads\/2023\/02\/vertical-cardboard-compactor-for-sale.webp\" alt=\"sat\u0131l\u0131k dikey karton s\u0131k\u0131\u015ft\u0131r\u0131c\u0131\" class=\"wp-image-2997\" title=\"\"><figcaption class=\"wp-element-caption\">Sat\u0131l\u0131k Dikey Karton Kompakt\u00f6r<\/figcaption><\/figure> <\/figure>    <h2 class=\"wp-block-heading\"><strong>G\u00fcvenilir end\u00fcstriyel karton balya makinesi \u00fcreticileri nas\u0131l se\u00e7ilir?<\/strong><\/h2>    <div class=\"wp-block-columns is-layout-flex wp-container-core-columns-is-layout-9d6595d7 wp-block-columns-is-layout-flex\"> <div class=\"wp-block-column is-layout-flow wp-block-column-is-layout-flow\"> <p class=\"translation-block\"><strong>Nitelikler ve deneyim<\/strong><\/p> <\/div>    <div class=\"wp-block-column is-layout-flow wp-block-column-is-layout-flow\"> <p class=\"translation-block\"><strong>\u00dcr\u00fcn kalitesi <\/strong>&amp;<strong> performans<\/strong><\/p> <\/div>    <div class=\"wp-block-column is-layout-flow wp-block-column-is-layout-flow\"> <p class=\"translation-block\"><strong>Sat\u0131\u015f sonras\u0131 hizmet<\/strong><\/p> <\/div> <\/div>    <div class=\"wp-block-columns is-layout-flex wp-container-core-columns-is-layout-9d6595d7 wp-block-columns-is-layout-flex\"> <div class=\"wp-block-column is-layout-flow wp-block-column-is-layout-flow\"> <p class=\"translation-block\"><strong>Makul balya fiyat\u0131<\/strong><\/p> <\/div>    <div class=\"wp-block-column is-layout-flow wp-block-column-is-layout-flow\"> <p class=\"translation-block\"><strong>Teslimat s\u00fcresi<\/strong><\/p> <\/div>    <div class=\"wp-block-column is-layout-flow wp-block-column-is-layout-flow\"> <p class=\"translation-block\"><strong>D\u00fcnya piyasas\u0131 itibar\u0131<\/strong><\/p> <\/div> <\/div>    <p>Genel olarak konu\u015fursak, yukar\u0131daki hususlar dikkate al\u0131nmal\u0131d\u0131r, ancak yaln\u0131zca yukar\u0131dakiler dikkate al\u0131nmamal\u0131d\u0131r. Do\u011fru at\u0131k karton balyalama makinesini se\u00e7mek istiyorsan\u0131z bizimle ileti\u015fime ge\u00e7ebilirsiniz; sat\u0131\u015f y\u00f6neticimiz ihtiya\u00e7lar\u0131n\u0131za g\u00f6re profesyonel tavsiyelerde bulunacakt\u0131r.<\/p>","protected":false},"excerpt":{"rendered":"<p>The vertical cardboard baler machine is a highly efficient machine designed for the recycling of waste cardboard. With flexible size adaptability, economical baling price and reliable after-sales service, the hydrualic baling press provides the ideal solution for customers. Cardboard bale recycling: profitable cardboard bale price Cardboard packaging recycling has become a profitable business. By baling [&hellip;]<\/p>\n","protected":false},"author":1,"featured_media":3320,"parent":0,"template":"","tags":[616,570],"product-type":[563],"class_list":["post-3319","product","type-product","status-publish","has-post-thumbnail","hentry","tag-cardboard-baler-machine","tag-hydraulic-baling-press","product-type-baler-machine"],"_links":{"self":[{"href":"https:\/\/www.baler-machines.com\/tr\/wp-json\/wp\/v2\/product\/3319","targetHints":{"allow":["GET"]}}],"collection":[{"href":"https:\/\/www.baler-machines.com\/tr\/wp-json\/wp\/v2\/product"}],"about":[{"href":"https:\/\/www.baler-machines.com\/tr\/wp-json\/wp\/v2\/types\/product"}],"author":[{"embeddable":true,"href":"https:\/\/www.baler-machines.com\/tr\/wp-json\/wp\/v2\/users\/1"}],"wp:featuredmedia":[{"embeddable":true,"href":"https:\/\/www.baler-machines.com\/tr\/wp-json\/wp\/v2\/media\/3320"}],"wp:attachment":[{"href":"https:\/\/www.baler-machines.com\/tr\/wp-json\/wp\/v2\/media?parent=3319"}],"wp:term":[{"taxonomy":"post_tag","embeddable":true,"href":"https:\/\/www.baler-machines.com\/tr\/wp-json\/wp\/v2\/tags?post=3319"},{"taxonomy":"product-type","embeddable":true,"href":"https:\/\/www.baler-machines.com\/tr\/wp-json\/wp\/v2\/product-type?post=3319"}],"curies":[{"name":"wp","href":"https:\/\/api.w.org\/{rel}","templated":true}]}}