{"id":321,"date":"2019-12-12T05:33:59","date_gmt":"2019-12-12T05:33:59","guid":{"rendered":"https:\/\/www.baler-machines.com\/?p=321"},"modified":"2024-08-01T17:58:33","modified_gmt":"2024-08-01T09:58:33","slug":"hydraulic-metal-shears","status":"publish","type":"product","link":"https:\/\/www.baler-machines.com\/tr\/hydraulic-metal-shears\/","title":{"rendered":"Hidrolik Metal Kesme Makinas\u0131 | Timsah Makas\u0131"},"content":{"rendered":"<p class=\"translation-block\">Shuliy <strong>hidrolik metal kesme makinesi<\/strong>, geri d\u00f6n\u00fc\u015f\u00fcm i\u00e7in \u00e7e\u015fitli hurda metal levhalar\u0131, hurda \u00e7elik borular\u0131, hurda \u00e7elik plakalar\u0131 vb. par\u00e7alara ay\u0131rmak i\u00e7in kullan\u0131l\u0131r. Hurda malzemeleri dakikada 8-12 kez kesebilir. <\/p>    <p>Bu timsah tipi makas, konvey\u00f6r\u00fc at\u0131k metal beslemesi i\u00e7in donatabilir. Manuel ve otomatik kontrol tipleri bulunmaktad\u0131r. Hurda metali kesmek i\u00e7in bu metal hurda kesme makinesini kullan\u0131rken kesme uzunlu\u011fu serbest\u00e7e ayarlanabilir.<\/p>    <figure class=\"wp-block-gallery has-nested-images columns-2 is-cropped wp-block-gallery-2 is-layout-flex wp-block-gallery-is-layout-flex\"> <figure class=\"wp-block-image size-large\"><img loading=\"lazy\" decoding=\"async\" width=\"720\" height=\"540\" data-id=\"695\" src=\"https:\/\/www.baler-machines.com\/wp-content\/uploads\/2019\/12\/industrial-metal-shear-machine-for-sale.jpg\" alt=\"sat\u0131l\u0131k end\u00fcstriyel metal kesme makinesi\" class=\"wp-image-695\" title=\"\"><figcaption class=\"wp-element-caption\">Sat\u0131l\u0131k End\u00fcstriyel Metal Kesme Makinas\u0131<\/figcaption><\/figure>    <figure class=\"wp-block-image size-full\"><img loading=\"lazy\" decoding=\"async\" width=\"720\" height=\"540\" data-id=\"2524\" src=\"https:\/\/www.baler-machines.com\/wp-content\/uploads\/2022\/08\/scrap-metal-cutting-machine.webp\" alt=\"hurda metal kesme makinas\u0131\" class=\"wp-image-2524\" title=\"\"><figcaption class=\"wp-element-caption\">Hurda Metal Kesme Makinas\u0131<\/figcaption><\/figure>    <figure class=\"wp-block-image size-full\"><img loading=\"lazy\" decoding=\"async\" width=\"720\" height=\"540\" data-id=\"2526\" src=\"https:\/\/www.baler-machines.com\/wp-content\/uploads\/2019\/12\/hydraulic-metal-shear-with-the-conveyor.webp\" alt=\"konvey\u00f6rl\u00fc hidrolik metal kesme\" class=\"wp-image-2526\" title=\"\"><figcaption class=\"wp-element-caption\">Konvey\u00f6rl\u00fc Hidrolik Metal Kesme<\/figcaption><\/figure>    <figure class=\"wp-block-image size-large\"><img loading=\"lazy\" decoding=\"async\" width=\"720\" height=\"539\" data-id=\"517\" src=\"https:\/\/www.baler-machines.com\/wp-content\/uploads\/2020\/01\/metal-cutter-for-shearing-steel-sheets.jpg\" alt=\"\u00e7elik saclar\u0131 kesmek i\u00e7in metal kesici\" class=\"wp-image-517\" title=\"\"><figcaption class=\"wp-element-caption\">\u00c7elik Saclar\u0131n Kesilmesi \u0130\u00e7in Metal Kesici<\/figcaption><\/figure> <\/figure>    <p>Ba\u015fl\u0131ca at\u0131k malzeme geri d\u00f6n\u00fc\u015f\u00fcm ve i\u015fleme end\u00fcstrisinde, ayr\u0131ca k\u00fc\u00e7\u00fck ve orta \u00f6l\u00e7ekli \u00e7elik fabrikalar\u0131nda kullan\u0131lmaktad\u0131r. E\u011fer bir at\u0131k metal \u00e7\u00f6z\u00fcm\u00fc ar\u0131yorsan\u0131z, bu makine ideal bir se\u00e7imdir.<\/p>    <figure class=\"wp-block-embed is-type-video is-provider-youtube wp-block-embed-youtube wp-embed-aspect-16-9 wp-has-aspect-ratio\"><div class=\"wp-block-embed__wrapper\"> <iframe loading=\"lazy\" title=\"Timsah makas\u0131 metal hurdas\u0131n\u0131 kesiyor: \u00c7in&#039;den sat\u0131l\u0131k g\u00fc\u00e7l\u00fc hidrolik metal kesme makinesi\" width=\"500\" height=\"281\" src=\"https:\/\/www.youtube.com\/embed\/HQ4qlQGTFXw?feature=oembed\" frameborder=\"0\" allow=\"accelerometer; autoplay; clipboard-write; encrypted-media; gyroscope; picture-in-picture; web-share\" referrerpolicy=\"strict-origin-when-cross-origin\" allowfullscreen><\/iframe> <\/div><figcaption class=\"wp-element-caption\">Timsah makas\u0131n\u0131n \u00e7al\u0131\u015fma videosu<\/figcaption><\/figure>    <h2 class=\"wp-block-heading\"><strong>Hangi metal at\u0131klar kesilebilir?<\/strong><\/h2>    <p>Bu \u00e7ene tipi hurda metal kesme makinesi, a\u015fa\u011f\u0131dakiler gibi \u00e7e\u015fitli metal at\u0131k kesimi i\u00e7in uygundur:<\/p>    <p class=\"translation-block\"><strong>Kanal \u00e7eli\u011fi, hurda demir, kare \u00e7elik, hurda in\u015faat \u00e7eli\u011fi, in\u015faat demiri, lama \u00e7eli\u011fi, I-kiri\u015f, \u00e7elik boru<\/strong>, <strong>demir levhalar, d\u00f6kme demir, \u00e7elik plakalar, renkli \u00e7elik kiremitler, metal hurdalar, al\u00fcminyum ala\u015f\u0131ml\u0131 plakalar, bak\u0131r plakalar, hurda metal plakalar, al\u00fcminyum kutular, hurda \u00e7elik \u00e7ubuklar, al\u00fcminyum plakalar, demir plakalar, yuvarlak \u00e7elik, hurda araba kabuklar\u0131, al\u00fcminyum tanklar, benzin tanklar\u0131, boya tanklar\u0131, do\u011fal gaz tanklar\u0131<\/strong> ve benzerleri<strong>.<\/strong><\/p>   <div class=\"wp-block-image\"> <figure class=\"aligncenter size-full\"><img loading=\"lazy\" decoding=\"async\" width=\"720\" height=\"540\" src=\"https:\/\/www.baler-machines.com\/wp-content\/uploads\/2019\/12\/all-kinds-of-metal-sheets-for-cutting.jpg\" alt=\"kesim i\u00e7in her t\u00fcrl\u00fc metal sac\" class=\"wp-image-697\" title=\"\"><figcaption class=\"wp-element-caption\">kesim i\u00e7in her t\u00fcrl\u00fc metal sac<\/figcaption><\/figure> <\/div>   <h2 class=\"wp-block-heading\"><strong>Hidrolik timsah makas\u0131 uygulamalar\u0131<\/strong><\/h2>    <p>Hurda metal kesiminin nerelerde kullan\u0131labilece\u011fini \u00f6\u011frendikten sonra, \u015fimdi bu ekipman\u0131n nerelerde kullan\u0131labilece\u011fine bakal\u0131m.<\/p>    <p>Bu hidrolik metal kesme makinesi esas olarak a\u015fa\u011f\u0131daki alanlarda kullan\u0131l\u0131r:<\/p>    <ul class=\"wp-block-list\"> <li>\u00c7elik fabrikalar\u0131<\/li>    <li>At\u0131k \u00e7elik i\u015fleme \u015firketleri<\/li>    <li>Metal at\u0131k geri d\u00f6n\u00fc\u015f\u00fcm i\u015fleme tesisleri <\/li>    <li>Hurda otomobil s\u00f6k\u00fcm tesisleri<\/li>    <li>\u00c7elik eritme ve d\u00f6k\u00fcm end\u00fcstrileri<\/li> <\/ul>    <h2 class=\"wp-block-heading\" id=\"h-hydraulic-metal-shear-machine-features\"><strong>Hidrolik metal kesme makinesinin \u00f6zellikleri<\/strong><\/h2>    <ul class=\"wp-block-list\"> <li><strong>400mm, 600mm, 700mm, 800mm, 1000mm ve 1200mm kesme b\u0131\u00e7a\u011f\u0131 uzunluklar\u0131<\/strong>. Bu timsah makas\u0131, m\u00fc\u015fterilere daha fazla se\u00e7enek sunan \u00e7e\u015fitli kesme b\u0131\u00e7a\u011f\u0131 \u00f6zelliklerine sahiptir. <ul class=\"wp-block-list\"> <li>700 mm'den fazla kesme b\u0131\u00e7a\u011f\u0131 uzunlu\u011funa sahip hidrolik metal kesme makinesi, hurdaya \u00e7\u0131km\u0131\u015f otomobillerin kesilmesi i\u00e7in \u00f6zellikle uygundur.<\/li> <\/ul> <\/li>    <li><strong>Kesim i\u00e7in hammaddelere ili\u015fkin \u00e7ok az s\u0131n\u0131rlama<\/strong>. Kesme y\u00f6ntemi, at\u0131k metal malzemelerin besleme boyutuna s\u0131k\u0131 s\u0131k\u0131ya ba\u011fl\u0131 de\u011fildir. Bu nedenle daha az k\u0131s\u0131tlama vard\u0131r.<\/li>    <li> <strong>8 s\u0131n\u0131fta 63 tondan 400 tona kadar kesme kuvveti<\/strong>. Shuliy timsah tipi kesme makinesinin, m\u00fc\u015fteriler i\u00e7in geni\u015f bir se\u00e7enek yelpazesi olan \u00e7e\u015fitli tipleri mevcuttur.<\/li>    <li><strong>\u00c7oklu g\u00fc\u00e7 sistemi se\u00e7enekleri<\/strong>. Bu makine, g\u00fc\u00e7 sistemi olarak bir elektrik motoru veya dizel motor kullanabilir. G\u00fc\u00e7 kayna\u011f\u0131n\u0131n olmad\u0131\u011f\u0131 yerlerde dizel motor g\u00fc\u00e7 olarak kullan\u0131labilir.<\/li> <\/ul>   <div class=\"wp-block-image\"> <figure class=\"aligncenter size-full\"><img loading=\"lazy\" decoding=\"async\" width=\"720\" height=\"540\" src=\"https:\/\/www.baler-machines.com\/wp-content\/uploads\/2019\/12\/metal-shearing-machine-supplier.jpg\" alt=\"metal kesme makinesi tedarik\u00e7isi\" class=\"wp-image-696\" title=\"\"><figcaption class=\"wp-element-caption\">metal kesme makinesi tedarik\u00e7isi<\/figcaption><\/figure> <\/div>   <h2 class=\"wp-block-heading\"><strong>Hidrolik metal kesme makinesinin parametreleri<\/strong><\/h2>    <figure class=\"wp-block-table is-style-stripes\"><table><tbody><tr><td>Modeli<\/td><td>SL-1200<\/td><\/tr><tr><td>Standart kesme kuvveti<\/td><td>250 ton<\/td><\/tr><tr><td>Motor<\/td><td>4-22kw<\/td><\/tr><tr><td>Gerilim<\/td><td>380V\/50Hz<\/td><\/tr><tr><td>Ya\u011f pompas\u0131<\/td><td>80*1<\/td><\/tr><tr><td>Kesme b\u0131\u00e7a\u011f\u0131 uzunlu\u011fu<\/td><td>1200mm<\/td><\/tr><tr><td>Kontrol etmenin yolu<\/td><td>Otomatik\/manuel \u00e7al\u0131\u015fma<\/td><\/tr><tr><td>Dakikada kesme say\u0131s\u0131<\/td><td>8-12 kez<\/td><\/tr><\/tbody><\/table><figcaption class=\"wp-element-caption\">timsah makas\u0131n\u0131n \u00f6zellikleri<\/figcaption><\/figure>    <p>Bu SL-1200 hidrolik metal kesme makinesi, her t\u00fcrl\u00fc hurda metal malzemenin kesme i\u015flemine uygun, g\u00fc\u00e7l\u00fc bir kesme kapasitesine sahiptir.<\/p>    <p>Voltaj\u0131, b\u0131\u00e7ak uzunlu\u011funu, bas\u0131nc\u0131 vb. \u00f6zelle\u015ftirebiliriz. Shuliy bunlar\u0131 taleplerinizi kar\u015f\u0131layacak \u015fekilde tasarlayabilir.<\/p>    <p>Metal at\u0131k geri d\u00f6n\u00fc\u015f\u00fcm\u00fc ile ilgileniyorsan\u0131z, daha fazla bilgi i\u00e7in bizimle ileti\u015fime ge\u00e7mekten \u00e7ekinmeyin!<\/p>   <div class=\"wp-block-image\"> <figure class=\"aligncenter size-full\"><img loading=\"lazy\" decoding=\"async\" width=\"720\" height=\"540\" src=\"https:\/\/www.baler-machines.com\/wp-content\/uploads\/2019\/12\/quality-hydraulic-metal-shearing-machine-for-sale.webp\" alt=\"kaliteli hidrolik metal kesme makinesi sat\u0131l\u0131k\" class=\"wp-image-3737\" title=\"\" srcset=\"https:\/\/www.baler-machines.com\/wp-content\/uploads\/2019\/12\/quality-hydraulic-metal-shearing-machine-for-sale.webp 720w, https:\/\/www.baler-machines.com\/wp-content\/uploads\/2019\/12\/quality-hydraulic-metal-shearing-machine-for-sale-16x12.webp 16w\" sizes=\"auto, (max-width: 720px) 100vw, 720px\" \/><figcaption class=\"wp-element-caption\">kaliteli hidrolik metal kesme makinesi sat\u0131l\u0131k<\/figcaption><\/figure> <\/div>   <h2 class=\"wp-block-heading\" id=\"h-structural-of-the-scrap-metal-cutting-machine\"><strong>Hurda metal kesme makinesinin yap\u0131s\u0131<\/strong><\/h2>    <p>Hidrolik metal kesme makinesinin yap\u0131s\u0131 esas olarak \u00e7er\u00e7eveyi, kesme kafas\u0131n\u0131, presleme pen\u00e7esini, kesme kafas\u0131 hareket silindirini, presleme pen\u00e7esi hareket silindirini ve hidrolik ya\u011f besleme cihaz\u0131n\u0131 i\u00e7erir.<\/p>   <div class=\"wp-block-image\"> <figure class=\"aligncenter size-full\"><img loading=\"lazy\" decoding=\"async\" width=\"720\" height=\"540\" src=\"https:\/\/www.baler-machines.com\/wp-content\/uploads\/2022\/08\/structure-of-the-metal-shears.webp\" alt=\"metal makaslar\u0131n yap\u0131s\u0131\" class=\"wp-image-2527\" title=\"\"><figcaption class=\"wp-element-caption\">metal makaslar\u0131n yap\u0131s\u0131<\/figcaption><\/figure> <\/div>   <p>Tasar\u0131m\u0131ndan, bu hidrolik metal kesicinin pratik ve basit bir i\u015fletmeye sahip oldu\u011fu a\u00e7\u0131kt\u0131r.<\/p>    <p>Kesme a\u011fz\u0131, \u00e7al\u0131\u015fma i\u015flemi s\u0131ras\u0131nda herhangi bir pozisyonda kesebilir ve durabilir. Malzemenin boyutuna g\u00f6re, kesme a\u011fz\u0131n\u0131n boyutu keyfi olarak kontrol edilir. Bu, y\u00fcksek \u00e7al\u0131\u015fma verimlili\u011fi sa\u011flayabilir.<\/p>    <h2 class=\"wp-block-heading\"><strong>Timsah tipi timsah makas\u0131n\u0131n \u00e7al\u0131\u015fma prensibi<\/strong><\/h2>    <p>Bu makine hidrolik sistemle \u00e7al\u0131\u015fmaktad\u0131r. <\/p>    <p>Kesme i\u015flemi devam ederken, hidrolik pompa istasyonu (g\u00fc\u00e7 \u00e7\u0131k\u0131\u015f kayna\u011f\u0131), kayd\u0131r\u0131c\u0131 pres b\u0131\u00e7a\u011f\u0131n\u0131 alt b\u0131\u00e7ak yuvas\u0131na itmek i\u00e7in pres silindirine ya\u011f sa\u011flar. Malzeme sabitlenir ve s\u0131k\u0131\u015ft\u0131r\u0131l\u0131r.<\/p>    <p>Daha sonra hidrolik pompa istasyonu, kesme ad\u0131m\u0131n\u0131 tamamlamak \u00fczere kesme b\u0131\u00e7a\u011f\u0131n\u0131n a\u015fa\u011f\u0131 do\u011fru hareket etmesini sa\u011flamak i\u00e7in kesme silindirine ya\u011f sa\u011flar. <\/p>    <p>Kesme i\u015flemi tamamland\u0131ktan sonra, hidrolik pompa istasyonu, kesme silindirinin ve presleme silindirinin hidrolik ya\u011f\u0131n\u0131n geri ak\u0131\u015f\u0131yla tahrik edilen geri d\u00f6n\u00fc\u015f strokunu tamamlar.<\/p>    <figure class=\"wp-block-embed is-type-video is-provider-youtube wp-block-embed-youtube wp-embed-aspect-16-9 wp-has-aspect-ratio\"><div class=\"wp-block-embed__wrapper\"> <iframe loading=\"lazy\" title=\"Hidrolik Timsah Makaslar\u0131n\u0131n Ne Kadar Keskin Oldu\u011funu Tahmin Edebilir misiniz? \u0130\u015fte Geri D\u00f6n\u00fc\u015f\u00fcm \u0130\u00e7in Hurda Metali Nas\u0131l Kesiyorlar\" width=\"500\" height=\"281\" src=\"https:\/\/www.youtube.com\/embed\/X0rK1Pm20sY?feature=oembed\" frameborder=\"0\" allow=\"accelerometer; autoplay; clipboard-write; encrypted-media; gyroscope; picture-in-picture; web-share\" referrerpolicy=\"strict-origin-when-cross-origin\" allowfullscreen><\/iframe> <\/div><figcaption class=\"wp-element-caption\">hidrolik metal hurda kesme makinesi videosu<\/figcaption><\/figure>    <h2 class=\"wp-block-heading\"><strong>Hidrolik metal kesme fiyat\u0131 nas\u0131l?<\/strong><\/h2>    <p>Shuliy hidrolik metal makas fiyat\u0131, ekipman\u0131n modeli, kesme kuvveti, konfig\u00fcrasyonu, markas\u0131 ve sat\u0131\u015f sonras\u0131 servis gibi \u00e7e\u015fitli fakt\u00f6rlere ba\u011fl\u0131 olarak de\u011fi\u015fmektedir.<\/p>    <ul class=\"wp-block-list\"> <li>Genel olarak konu\u015fursak, kesme kuvveti ne kadar b\u00fcy\u00fck olursa, hidrolik kesmenin konfig\u00fcrasyonu da o kadar y\u00fcksek olur ve buna ba\u011fl\u0131 olarak fiyat\u0131 da artar.<\/li>    <li>Hidrolik metal makas sat\u0131n al\u0131rken fiyata odaklanman\u0131n yan\u0131 s\u0131ra ekipman\u0131n kalitesini ve performans\u0131n\u0131 da g\u00f6z \u00f6n\u00fcnde bulundurman\u0131z gerekir. <\/li>    <li>Shuliy gibi iyi bir itibara ve sat\u0131\u015f sonras\u0131 hizmet garantisine sahip bir markay\u0131 se\u00e7mek, ekipman\u0131n kullan\u0131m s\u00fcrecinde daha g\u00fcvenilir ve verimli olmas\u0131n\u0131 sa\u011flayabilir.<\/li> <\/ul>    <p>\u00d6zel hidrolik metal makas fiyat\u0131n\u0131 \u00f6\u011frenmek istiyorsan\u0131z sat\u0131\u015f ekibimizle ileti\u015fime ge\u00e7erek detayl\u0131 fiyat teklifi alabilirsiniz. Size uygun bir model \u00f6nerece\u011fiz ve \u00f6zel ihtiya\u00e7lar\u0131n\u0131za g\u00f6re en iyi fiyat plan\u0131n\u0131 sunaca\u011f\u0131z.<\/p>   <div class=\"wp-block-image\"> <figure class=\"aligncenter size-full\"><img loading=\"lazy\" decoding=\"async\" width=\"720\" height=\"540\" src=\"https:\/\/www.baler-machines.com\/wp-content\/uploads\/2019\/12\/alligator-shear-manufacturer.webp\" alt=\"timsah makas\u0131 \u00fcreticisi\" class=\"wp-image-3736\" title=\"\" srcset=\"https:\/\/www.baler-machines.com\/wp-content\/uploads\/2019\/12\/alligator-shear-manufacturer.webp 720w, https:\/\/www.baler-machines.com\/wp-content\/uploads\/2019\/12\/alligator-shear-manufacturer-16x12.webp 16w\" sizes=\"auto, (max-width: 720px) 100vw, 720px\" \/><figcaption class=\"wp-element-caption\">timsah makas\u0131 \u00fcreticisi<\/figcaption><\/figure> <\/div>   <h2 class=\"wp-block-heading\" id=\"h-safe-operation-guides-for-the-hydraulic-metal-shears\"><strong>Hidrolik metal kesme makinesi i\u00e7in g\u00fcvenli kullan\u0131m k\u0131lavuzlar\u0131<\/strong><\/h2>    <ul class=\"wp-block-list\"> <li>Metal kesme ekipman\u0131 \u00f6zel personel taraf\u0131ndan \u00e7al\u0131\u015ft\u0131r\u0131lacakt\u0131r.<\/li>    <li>Bu timsah makas\u0131n\u0131 kullanmadan \u00f6nce makinenin t\u00fcm par\u00e7alar\u0131n\u0131n normal olup olmad\u0131\u011f\u0131n\u0131 ve ba\u011flant\u0131 elemanlar\u0131n\u0131n sa\u011flam olup olmad\u0131\u011f\u0131n\u0131 dikkatlice kontrol edin.<\/li>    <li>Metal kesme makinesinin a\u015fa\u011f\u0131dakileri kesmesi yasakt\u0131r: <ul class=\"wp-block-list\"> <li>Tavlanmam\u0131\u015f \u00e7elik par\u00e7alar, d\u00f6kme demir par\u00e7alar, yumu\u015fak metal par\u00e7alar, ince metal malzemeler, uzunlu\u011fu 100 mm'den az olan malzemeler ve makas uzunlu\u011funu a\u015fan metal at\u0131klar.<\/li> <\/ul> <\/li> <\/ul>   <div class=\"wp-block-image\"> <figure class=\"aligncenter size-full\"><img loading=\"lazy\" decoding=\"async\" width=\"720\" height=\"540\" src=\"https:\/\/www.baler-machines.com\/wp-content\/uploads\/2019\/12\/hydraulic-metal-shear-machine-working-scene.webp\" alt=\"hidrolik metal kesme makinesi \u00e7al\u0131\u015fma sahnesi\" class=\"wp-image-3734\" title=\"\" srcset=\"https:\/\/www.baler-machines.com\/wp-content\/uploads\/2019\/12\/hydraulic-metal-shear-machine-working-scene.webp 720w, https:\/\/www.baler-machines.com\/wp-content\/uploads\/2019\/12\/hydraulic-metal-shear-machine-working-scene-16x12.webp 16w\" sizes=\"auto, (max-width: 720px) 100vw, 720px\" \/><figcaption class=\"wp-element-caption\">hidrolik metal kesme makinesi \u00e7al\u0131\u015fma sahnesi<\/figcaption><\/figure> <\/div>   <ul class=\"wp-block-list\"> <li>Operasyon s\u0131ras\u0131nda insan v\u00fccudunun \u015fanz\u0131man k\u0131sm\u0131na ve ekipman\u0131n b\u0131\u00e7ak ucuna yakla\u015fmas\u0131na izin verilmez.  <ul class=\"wp-block-list\"> <li>Malzemenin \u00e7arp\u0131lmamas\u0131 ve insanlara zarar vermemesi i\u00e7in \u00e7evredeki personelin g\u00fcvenli\u011fine dikkat edilecektir. <\/li>    <li>Kesim yaparken malzemeyi b\u0131\u00e7a\u011f\u0131n i\u00e7 k\u0131sm\u0131na yak\u0131n kesmeye \u00e7al\u0131\u015f\u0131n. <\/li>    <li>K\u0131sa malzemeleri keserken, malzemeleri beslemek i\u00e7in elle tutulan i\u015f par\u00e7alar\u0131n\u0131n kullan\u0131lmas\u0131na izin verilmez. Malzemeleri kelep\u00e7eyle besleyebilirsiniz.<\/li> <\/ul> <\/li>    <li>Ekipman \u00e7al\u0131\u015f\u0131rken operat\u00f6r izinsiz g\u00f6rev yerini terk etmeyecektir.  <ul class=\"wp-block-list\"> <li>\u0130\u015f tamamland\u0131\u011f\u0131nda veya ge\u00e7ici olarak b\u0131rak\u0131ld\u0131\u011f\u0131nda elektrik beslemesi kesilecektir. <\/li>    <li>Ayn\u0131 zamanda makine \u00e7al\u0131\u015f\u0131rken tamir yap\u0131lmas\u0131na veya hareketli par\u00e7alara elle dokunulmas\u0131na izin verilmez. Malzeme kutusundaki malzemelere el veya ayakla basmak kesinlikle yasakt\u0131r.<\/li> <\/ul> <\/li>    <li>Makinenin ya\u011flama par\u00e7alar\u0131, gerekti\u011finde her vardiyada en az bir kez ya\u011flama ya\u011f\u0131 ile doldurulacakt\u0131r.<\/li> <\/ul>    <h2 class=\"wp-block-heading\"><strong>Yeni tip k\u00fc\u00e7\u00fck hidrolik timsah kesme makinesi<\/strong><\/h2>    <p>Bu yeni tip hidrolik metal kesme makinesi fabrikam\u0131z taraf\u0131ndan yeni tasarlanm\u0131\u015ft\u0131r. Bu hurda metal makas\u0131, plastik gibi \u00e7ok kal\u0131n kesilemeyen malzemeler i\u00e7in uygundur.<\/p>    <figure class=\"wp-block-gallery has-nested-images columns-default is-cropped wp-block-gallery-3 is-layout-flex wp-block-gallery-is-layout-flex\"> <figure class=\"wp-block-image size-large\"><img loading=\"lazy\" decoding=\"async\" width=\"720\" height=\"540\" data-id=\"3740\" src=\"https:\/\/www.baler-machines.com\/wp-content\/uploads\/2019\/12\/hydraulic-alligator-shear.webp\" alt=\"hidrolik timsah kesici\" class=\"wp-image-3740\" title=\"\" srcset=\"https:\/\/www.baler-machines.com\/wp-content\/uploads\/2019\/12\/hydraulic-alligator-shear.webp 720w, https:\/\/www.baler-machines.com\/wp-content\/uploads\/2019\/12\/hydraulic-alligator-shear-16x12.webp 16w\" sizes=\"auto, (max-width: 720px) 100vw, 720px\" \/><figcaption class=\"wp-element-caption\">Hidrolik Timsah Makas\u0131<\/figcaption><\/figure>    <figure class=\"wp-block-image size-large\"><img loading=\"lazy\" decoding=\"async\" width=\"720\" height=\"540\" data-id=\"3741\" src=\"https:\/\/www.baler-machines.com\/wp-content\/uploads\/2019\/12\/small-metal-shearing-machine.webp\" alt=\"k\u00fc\u00e7\u00fck metal kesme makinesi\" class=\"wp-image-3741\" title=\"\" srcset=\"https:\/\/www.baler-machines.com\/wp-content\/uploads\/2019\/12\/small-metal-shearing-machine.webp 720w, https:\/\/www.baler-machines.com\/wp-content\/uploads\/2019\/12\/small-metal-shearing-machine-16x12.webp 16w\" sizes=\"auto, (max-width: 720px) 100vw, 720px\" \/><figcaption class=\"wp-element-caption\"><br><br>k\u00fc\u00e7\u00fck metal kesme makinesi<\/figcaption><\/figure> <\/figure>    <p>K\u00fc\u00e7\u00fck timsah tipi kesme makinesi maliyet etkinli\u011fi, hafifli\u011fi, kolay hareket edebilmesi ve k\u00fc\u00e7\u00fck yer kaplamas\u0131 gibi avantajlara sahiptir. K\u00fc\u00e7\u00fck veya yeni ba\u015flayan i\u015fletmeler i\u00e7in idealdir.<\/p>    <h2 class=\"wp-block-heading\"><strong>Daha fazla makine detay\u0131 i\u00e7in bizimle ileti\u015fime ge\u00e7in!<\/strong><\/h2>    <p class=\"translation-block\">Profesyonel bir metal ekipman geri d\u00f6n\u00fc\u015f\u00fcm \u00fcreticisi olarak, farkl\u0131 ihtiya\u00e7lar\u0131n\u0131z\u0131 kar\u015f\u0131layabilecek <a href=\"https:\/\/www.baler-machines.com\/tr\/metal-shear-machine\/\">kaplan a\u011f\u0131zl\u0131 metal kesme makinesi<\/a>, <a href=\"https:\/\/www.baler-machines.com\/tr\/metal-shears-metal-shearing-machine\/\">portal kesme makinesi<\/a> ve benzerlerimiz de bulunmaktad\u0131r.<\/p>    <p class=\"translation-block\">\u0130\u00e7in verimli \u00e7\u00f6z\u00fcmler ar\u0131yorsan\u0131z <a href=\"https:\/\/en.wikipedia.org\/wiki\/Scrap\" target=\"_blank\" rel=\"noopener\">metal hurdas\u0131<\/a> geri d\u00f6n\u00fc\u015f\u00fcm\u00fc, \u015fimdi bize ula\u015f\u0131n. Sat\u0131\u015f ekibimiz ihtiya\u00e7lar\u0131n\u0131za g\u00f6re size en iyi \u00e7\u00f6z\u00fcm\u00fc sunacakt\u0131r.<\/p>    <figure class=\"wp-block-embed is-type-video is-provider-youtube wp-block-embed-youtube wp-embed-aspect-16-9 wp-has-aspect-ratio\"><div class=\"wp-block-embed__wrapper\"> <iframe loading=\"lazy\" title=\"Metal Kesme Makinas\u0131 | Timsah makas\u0131 | At\u0131k Metal Geri D\u00f6n\u00fc\u015f\u00fcm Tesisi i\u00e7in Hurda Metal Kesme Makinesi\" width=\"500\" height=\"281\" src=\"https:\/\/www.youtube.com\/embed\/ZvCyF9NsxDs?feature=oembed\" frameborder=\"0\" allow=\"accelerometer; autoplay; clipboard-write; encrypted-media; gyroscope; picture-in-picture; web-share\" referrerpolicy=\"strict-origin-when-cross-origin\" allowfullscreen><\/iframe> <\/div><figcaption class=\"wp-element-caption\">Metal Kesme Makinas\u0131<\/figcaption><\/figure>","protected":false},"excerpt":{"rendered":"<p>Shuliy hidrolik metal kesme makinesi esas olarak geri d\u00f6n\u00fc\u015f\u00fcm i\u00e7in \u00e7e\u015fitli at\u0131k metal levhalar\u0131, at\u0131k \u00e7elik borular\u0131, hurda \u00e7elik levhalar\u0131 vb. kesmek i\u00e7in kullan\u0131l\u0131r.<\/p>","protected":false},"author":1,"featured_media":694,"parent":0,"template":"","tags":[585,583,296,584],"product-type":[562],"class_list":["post-321","product","type-product","status-publish","has-post-thumbnail","hentry","tag-hydraulic-metal-shear-machine","tag-hydraulic-metal-shears","tag-metal-shear","tag-scrap-metal-cutting-machine","product-type-metal-shears"],"_links":{"self":[{"href":"https:\/\/www.baler-machines.com\/tr\/wp-json\/wp\/v2\/product\/321","targetHints":{"allow":["GET"]}}],"collection":[{"href":"https:\/\/www.baler-machines.com\/tr\/wp-json\/wp\/v2\/product"}],"about":[{"href":"https:\/\/www.baler-machines.com\/tr\/wp-json\/wp\/v2\/types\/product"}],"author":[{"embeddable":true,"href":"https:\/\/www.baler-machines.com\/tr\/wp-json\/wp\/v2\/users\/1"}],"wp:featuredmedia":[{"embeddable":true,"href":"https:\/\/www.baler-machines.com\/tr\/wp-json\/wp\/v2\/media\/694"}],"wp:attachment":[{"href":"https:\/\/www.baler-machines.com\/tr\/wp-json\/wp\/v2\/media?parent=321"}],"wp:term":[{"taxonomy":"post_tag","embeddable":true,"href":"https:\/\/www.baler-machines.com\/tr\/wp-json\/wp\/v2\/tags?post=321"},{"taxonomy":"product-type","embeddable":true,"href":"https:\/\/www.baler-machines.com\/tr\/wp-json\/wp\/v2\/product-type?post=321"}],"curies":[{"name":"wp","href":"https:\/\/api.w.org\/{rel}","templated":true}]}}