{"id":3166,"date":"2023-03-29T10:44:02","date_gmt":"2023-03-29T02:44:02","guid":{"rendered":"https:\/\/www.baler-machines.com\/?post_type=product&#038;p=3166"},"modified":"2023-03-29T15:08:16","modified_gmt":"2023-03-29T07:08:16","slug":"waste-wire-cable-shredder-for-recycling","status":"publish","type":"product","link":"https:\/\/www.baler-machines.com\/tr\/waste-wire-cable-shredder-for-recycling\/","title":{"rendered":"Hurda Geri D\u00f6n\u00fc\u015f\u00fcm\u00fc i\u00e7in At\u0131k Tel\/Kablo Par\u00e7alay\u0131c\u0131"},"content":{"rendered":"<p class=\"translation-block\">Kablo \u00f6\u011f\u00fct\u00fcc\u00fc, bu at\u0131klar\u0131 par\u00e7alamak ve geri d\u00f6n\u00fc\u015ft\u00fcrmek i\u00e7in at\u0131k kablolar\u0131\/telleri\/elektrik plakalar\u0131n\u0131 k\u00fc\u00e7\u00fck par\u00e7alara ay\u0131rmak \u00fczere tasarlanm\u0131\u015ft\u0131r. Son zamanlarda, elektronik end\u00fcstrisindeki verimlili\u011fi ve at\u0131k azaltma yetene\u011fi nedeniyle, bu t\u00fcr <a href=\"https:\/\/www.baler-machines.com\/tr\/industrial-shredder\/\" target=\"_blank\" rel=\"noreferrer noopener\">\u00e7ift \u015faftl\u0131 \u00f6\u011f\u00fct\u00fcc\u00fc makinesi<\/a> giderek daha pop\u00fcler hale gelmi\u015ftir.<\/p>    <figure class=\"wp-block-gallery aligncenter has-nested-images columns-default is-cropped wp-block-gallery-2 is-layout-flex wp-block-gallery-is-layout-flex\"> <figure class=\"wp-block-image size-large\"><img loading=\"lazy\" decoding=\"async\" width=\"301\" height=\"167\" data-id=\"3179\" src=\"https:\/\/www.baler-machines.com\/wp-content\/uploads\/2023\/03\/electric-cables.webp\" alt=\"elektrik kablolar\u0131\" class=\"wp-image-3179\" title=\"\"><figcaption class=\"wp-element-caption\">Elektrik Kablolar\u0131<\/figcaption><\/figure>    <figure class=\"wp-block-image size-large\"><a href=\"https:\/\/en.wikipedia.org\/wiki\/Electronic_circuit\" target=\"_blank\" rel=\"noopener\"><img loading=\"lazy\" decoding=\"async\" width=\"286\" height=\"176\" data-id=\"3180\" src=\"https:\/\/www.baler-machines.com\/wp-content\/uploads\/2023\/03\/electric-circuit-boards.webp\" alt=\"elektrik devre kartlar\u0131\" class=\"wp-image-3180\" title=\"\"><\/a><figcaption class=\"wp-element-caption\">Elektrik Devre Kartlar\u0131<\/figcaption><\/figure>    <figure class=\"wp-block-image size-large\"><img loading=\"lazy\" decoding=\"async\" width=\"733\" height=\"524\" data-id=\"3181\" src=\"https:\/\/www.baler-machines.com\/wp-content\/uploads\/2023\/03\/electric-wires.webp\" alt=\"elektrik telleri\" class=\"wp-image-3181\" title=\"\"><figcaption class=\"wp-element-caption\">Elektrik Telleri<\/figcaption><\/figure> <\/figure>    <p>Bu bak\u0131r tel par\u00e7alay\u0131c\u0131 yaln\u0131zca teller\/kablolar\/devreler i\u00e7in de\u011fil ayn\u0131 zamanda metaller ve plastikler, \u00e7\u00f6p, ah\u015fap vb. i\u00e7in de \u00e7ok g\u00fc\u00e7l\u00fcd\u00fcr. <\/p>    <h2 class=\"wp-block-heading\"><strong>Tel\/kablo par\u00e7alama i\u00e7in neden bak\u0131r kablo par\u00e7alama makinesini kullanmal\u0131s\u0131n\u0131z?<\/strong><\/h2>    <div class=\"wp-block-columns is-layout-flex wp-container-core-columns-is-layout-9d6595d7 wp-block-columns-is-layout-flex\"> <div class=\"wp-block-column is-layout-flow wp-block-column-is-layout-flow\"> <p class=\"has-text-align-center translation-block\"><strong>Y\u00fcksek geri d\u00f6n\u00fc\u015f\u00fcm de\u011feri<\/strong><\/p>    <p class=\"has-cyan-bluish-gray-background-color has-background\">Teller ve kablolar, bak\u0131r ve al\u00fcminyum gibi geri d\u00f6n\u00fc\u015ft\u00fcr\u00fclebilen ve di\u011fer metal \u00fcr\u00fcnlere d\u00f6n\u00fc\u015ft\u00fcr\u00fclebilen bir\u00e7ok metal i\u00e7erir. Tel ve kablonun geri d\u00f6n\u00fc\u015ft\u00fcr\u00fclmesi \u00f6nemli ekonomik faydalar sa\u011flayabilir.<\/p> <\/div>    <div class=\"wp-block-column is-layout-flow wp-block-column-is-layout-flow\"> <p class=\"has-text-align-center translation-block\"><strong>Kaynaklar\u0131 koruyun<\/strong><\/p>    <p class=\"has-cyan-bluish-gray-background-color has-background\">Tel ve kablonun geri d\u00f6n\u00fc\u015ft\u00fcr\u00fclmesi, do\u011fal kaynaklar\u0131n korunmas\u0131na yard\u0131mc\u0131 olabilir \u00e7\u00fcnk\u00fc bunlar \u00e7\u00f6pl\u00fcklere at\u0131lmak veya yak\u0131lmak yerine yeniden kullan\u0131labilir. Bu \u00e7evrenin korunmas\u0131 a\u00e7\u0131s\u0131ndan \u00e7ok \u00f6nemlidir.<\/p> <\/div> <\/div>    <div class=\"wp-block-columns is-layout-flex wp-container-core-columns-is-layout-9d6595d7 wp-block-columns-is-layout-flex\"> <div class=\"wp-block-column is-layout-flow wp-block-column-is-layout-flow\"> <p class=\"has-text-align-center translation-block\"><strong>Yasal gereklilikleri kar\u015f\u0131lama<\/strong><\/p>    <p class=\"has-cyan-bluish-gray-background-color has-background\">Bir\u00e7ok \u00fclke ve b\u00f6lgede, at\u0131k tel ve kablolar\u0131n imhas\u0131na ili\u015fkin kat\u0131 d\u00fczenleyici gereklilikler bulunmaktad\u0131r. Tel ve kablo i\u00e7in par\u00e7alay\u0131c\u0131n\u0131n kullan\u0131lmas\u0131 mevzuat gerekliliklerini kar\u015f\u0131layabilir ve b\u00f6ylece para cezalar\u0131ndan ve yasal risklerden ka\u00e7\u0131n\u0131labilir.<\/p> <\/div>    <div class=\"wp-block-column is-layout-flow wp-block-column-is-layout-flow\"> <p class=\"has-text-align-center translation-block\"><strong>Riskli at\u0131klar\u0131n azalt\u0131lmas\u0131<\/strong><\/p>    <p class=\"has-cyan-bluish-gray-background-color has-background\">Tel ve kablo bir\u00e7ok tehlikeli kimyasal madde i\u00e7erir. Serbest bir \u015fekilde bertaraf edildikleri takdirde \u00e7evre ve insan sa\u011fl\u0131\u011f\u0131 \u00fczerinde ciddi etkilere neden olabilirler. At\u0131k kablo par\u00e7alay\u0131c\u0131 bunlar\u0131n nedensel olarak ele al\u0131nmas\u0131n\u0131 \u00f6nlemek i\u00e7in kullan\u0131l\u0131r.<\/p> <\/div> <\/div>    <h2 class=\"wp-block-heading\"><strong>Shuliy kablo k\u0131rma makinesinin yap\u0131s\u0131<\/strong><\/h2>   <div class=\"wp-block-image\"> <figure class=\"aligncenter size-full\"><img loading=\"lazy\" decoding=\"async\" width=\"720\" height=\"540\" src=\"https:\/\/www.baler-machines.com\/wp-content\/uploads\/2023\/03\/structure-of-waste-cable-crusher.webp\" alt=\"at\u0131k kablo k\u0131r\u0131c\u0131n\u0131n yap\u0131s\u0131\" class=\"wp-image-3186\" title=\"\"><figcaption class=\"wp-element-caption\">at\u0131k kablo k\u0131r\u0131c\u0131n\u0131n yap\u0131s\u0131<\/figcaption><\/figure> <\/div>   <p class=\"translation-block\"><a href=\"https:\/\/www.baler-machines.com\/tr\/\" target=\"_blank\" rel=\"noreferrer noopener\">Profesyonel bir \u00f6\u011f\u00fct\u00fcc\u00fc \u00fcreticisi ve tedarik\u00e7isi<\/a> olarak, \u00f6\u011f\u00fct\u00fcc\u00fcm\u00fcz\u00fcn yap\u0131s\u0131 s\u00fcrekli olarak optimize edilmi\u015f ve y\u00fckseltilmi\u015ftir, bu da m\u00fc\u015fterilerin ihtiya\u00e7lar\u0131na \u00e7ok uygundur.<\/p>    <p>Yukar\u0131daki resme g\u00f6re par\u00e7alay\u0131c\u0131m\u0131z red\u00fckt\u00f6r, motor, besleme portu ve bo\u015faltma portundan olu\u015fmaktad\u0131r. Asl\u0131nda \u00e7ok basit ve anla\u015f\u0131l\u0131r. Daha fazla bilgi edinmek istiyorsan\u0131z, l\u00fctfen bizimle ileti\u015fime ge\u00e7in ve fabrikam\u0131z\u0131 ziyarete ho\u015f geldiniz!<\/p>    <h2 class=\"wp-block-heading\"><strong>Hurda kablo par\u00e7alay\u0131c\u0131y\u0131 kullanman\u0131n avantajlar\u0131<\/strong><\/h2>    <ol class=\"wp-block-list\"> <li>Y\u00fcksek verimlilik: Manuel tel \u00e7\u0131karma veya di\u011fer geleneksel y\u00f6ntemlerle kar\u015f\u0131la\u015ft\u0131r\u0131ld\u0131\u011f\u0131nda, kablo par\u00e7alay\u0131c\u0131n\u0131n kullan\u0131lmas\u0131 i\u015fleme verimlili\u011fini ve dolay\u0131s\u0131yla \u00fcretkenli\u011fi \u00f6nemli \u00f6l\u00e7\u00fcde art\u0131rabilir.<\/li>    <li>B\u00fcy\u00fck hassasiyet: Kablo k\u0131rma makinesi, telleri ve kablolar\u0131 geri d\u00f6n\u00fc\u015f\u00fcme uygun k\u00fc\u00e7\u00fck par\u00e7ac\u0131klara hassas bir \u015fekilde par\u00e7alayabilir ve bu k\u00fc\u00e7\u00fck par\u00e7ac\u0131klar daha kolay bir \u015fekilde yeniden i\u015flenebilir.<\/li>    <li>B\u00fcy\u00fck g\u00fcvenlik: Kablo par\u00e7alama makinesi \u00e7al\u0131\u015f\u0131rken otomatik olarak kontrol edilebilir, b\u00f6ylece manuel m\u00fcdahale riski azal\u0131r.<\/li>    <li>\u00c7evrenin korunmas\u0131: Tel ve kabloda zararl\u0131 maddeler bulunmaktad\u0131r ve kablo par\u00e7alay\u0131c\u0131 kullan\u0131larak bu tehlikeli maddeler etkili bir \u015fekilde bertaraf edilebilir.<\/li>    <li>D\u00fc\u015f\u00fck maliyet: Uzun vadeli faydalar a\u00e7\u0131s\u0131ndan, tel ve kablo geri d\u00f6n\u00fc\u015f\u00fcm\u00fc i\u00e7in tel par\u00e7alay\u0131c\u0131n\u0131n kullan\u0131lmas\u0131, i\u015f\u00e7ilik maliyetlerini \u00f6nemli \u00f6l\u00e7\u00fcde azaltabilir.<\/li> <\/ol>    <h2 class=\"wp-block-heading\"><strong>Hurda kablo par\u00e7alay\u0131c\u0131 fiyat\u0131 nas\u0131l?<\/strong><\/h2>    <p>M\u00fc\u015fteriler i\u00e7in makine sat\u0131n al\u0131rken dikkate al\u0131nmas\u0131 gereken \u00f6nemli fakt\u00f6rlerden biri fiyatt\u0131r. Elbette bak\u0131r kablo par\u00e7alama makinesini sat\u0131n alacak m\u00fc\u015fteriler de ayn\u0131.<\/p>    <p class=\"translation-block\">Sat\u0131n al\u0131rken <a href=\"https:\/\/www.baler-machines.com\/tr\/industrial-shredder\/\" target=\"_blank\" rel=\"noreferrer noopener\">\u00e7e\u015fitli at\u0131klar i\u00e7in \u00f6\u011f\u00fct\u00fcc\u00fc makinesi<\/a>, i\u015flemek istedi\u011finiz \u00e7\u0131kt\u0131, b\u00fct\u00e7eniz, \u00fcreticiniz vb. g\u00f6z \u00f6n\u00fcnde bulundurabilirsiniz. Bunlar yaln\u0131zca referans ama\u00e7l\u0131d\u0131r. Ayr\u0131ca bize ihtiya\u00e7lar\u0131n\u0131z\u0131 vb. s\u00f6yleyebilirsiniz, biz de sizin i\u00e7in en iyi \u00e7\u00f6z\u00fcm\u00fc tasarlar\u0131z.<\/p>    <h2 class=\"wp-block-heading\"><strong>Sat\u0131l\u0131k bak\u0131r kablo par\u00e7alay\u0131c\u0131n\u0131n \u00e7al\u0131\u015fma videosu<\/strong><\/h2>    <figure class=\"wp-block-embed is-type-video is-provider-youtube wp-block-embed-youtube wp-embed-aspect-16-9 wp-has-aspect-ratio\"><div class=\"wp-block-embed__wrapper\"> <iframe loading=\"lazy\" title=\"Hurda Geri D\u00f6n\u00fc\u015f\u00fcm\u00fc i\u00e7in At\u0131k Elektrik Telleri\/Kablolar\u0131\/Plakalar\u0131 i\u00e7in \u0130nan\u0131lmaz Par\u00e7alay\u0131c\u0131 ve K\u0131r\u0131c\u0131 Makinesi\" width=\"500\" height=\"281\" src=\"https:\/\/www.youtube.com\/embed\/hHcx_l1vlpk?start=3&#038;feature=oembed\" frameborder=\"0\" allow=\"accelerometer; autoplay; clipboard-write; encrypted-media; gyroscope; picture-in-picture; web-share\" referrerpolicy=\"strict-origin-when-cross-origin\" allowfullscreen><\/iframe> <\/div><\/figure>","protected":false},"excerpt":{"rendered":"<p>The cable shredder is designed to dispose of waste wire\/cables\/electric plates into small pieces to break down and recycle this waste. Recently, due to its efficiency and ability to reduce waste in the electronic industry, this kind of double-shaft shredder machine has become increasingly popular. This copper wire shredder is very powerful, not only for [&hellip;]<\/p>\n","protected":false},"author":1,"featured_media":3178,"parent":0,"template":"","tags":[608],"product-type":[561],"class_list":["post-3166","product","type-product","status-publish","has-post-thumbnail","hentry","tag-cable-shredder","product-type-industrial-shredder"],"_links":{"self":[{"href":"https:\/\/www.baler-machines.com\/tr\/wp-json\/wp\/v2\/product\/3166","targetHints":{"allow":["GET"]}}],"collection":[{"href":"https:\/\/www.baler-machines.com\/tr\/wp-json\/wp\/v2\/product"}],"about":[{"href":"https:\/\/www.baler-machines.com\/tr\/wp-json\/wp\/v2\/types\/product"}],"author":[{"embeddable":true,"href":"https:\/\/www.baler-machines.com\/tr\/wp-json\/wp\/v2\/users\/1"}],"wp:featuredmedia":[{"embeddable":true,"href":"https:\/\/www.baler-machines.com\/tr\/wp-json\/wp\/v2\/media\/3178"}],"wp:attachment":[{"href":"https:\/\/www.baler-machines.com\/tr\/wp-json\/wp\/v2\/media?parent=3166"}],"wp:term":[{"taxonomy":"post_tag","embeddable":true,"href":"https:\/\/www.baler-machines.com\/tr\/wp-json\/wp\/v2\/tags?post=3166"},{"taxonomy":"product-type","embeddable":true,"href":"https:\/\/www.baler-machines.com\/tr\/wp-json\/wp\/v2\/product-type?post=3166"}],"curies":[{"name":"wp","href":"https:\/\/api.w.org\/{rel}","templated":true}]}}