{"id":3116,"date":"2023-03-23T11:14:20","date_gmt":"2023-03-23T03:14:20","guid":{"rendered":"https:\/\/www.baler-machines.com\/?post_type=product&#038;p=3116"},"modified":"2026-02-13T13:55:45","modified_gmt":"2026-02-13T05:55:45","slug":"metal-compactor-for-recycling","status":"publish","type":"product","link":"https:\/\/www.baler-machines.com\/tr\/metal-compactor-for-recycling\/","title":{"rendered":"Hurda \u00c7elik\/Bak\u0131r Geri D\u00f6n\u00fc\u015f\u00fcm\u00fc i\u00e7in Hidrolik Metal Kompakt\u00f6r"},"content":{"rendered":"<p class=\"translation-block\">End\u00fcstriyel metal s\u0131k\u0131\u015ft\u0131r\u0131c\u0131, hurda metalin daha kolay depolanmas\u0131, ta\u015f\u0131nmas\u0131 ve geri d\u00f6n\u00fc\u015f\u00fcm i\u00e7in s\u0131k\u0131\u015ft\u0131r\u0131lm\u0131\u015f bir \u015fekle getirilmesini sa\u011flayan bir makinedir. <a href=\"https:\/\/www.baler-machines.com\/tr\/horizontal-metal-baler\/\" target=\"_blank\" rel=\"noreferrer noopener\">yatay metal balyalama makinesi<\/a> farkl\u0131 boyut ve t\u00fcrlerde gelir, \u00f6rne\u011fin manuel ve otomatik balyalama makinesi, \u015firketin \u00f6zel ihtiya\u00e7lar\u0131na g\u00f6re.<\/p>    <figure class=\"wp-block-gallery aligncenter has-nested-images columns-default is-cropped wp-block-gallery-2 is-layout-flex wp-block-gallery-is-layout-flex\"> <figure class=\"wp-block-image size-large\"><img loading=\"lazy\" decoding=\"async\" width=\"720\" height=\"540\" data-id=\"3136\" src=\"https:\/\/www.baler-machines.com\/wp-content\/uploads\/2023\/03\/cylindrical-scrap-metal-bales.webp\" alt=\"silindirik hurda metal balyalar\u0131\" class=\"wp-image-3136\" title=\"\"><figcaption class=\"wp-element-caption\">Silindirik Hurda Metal Balyalar\u0131<\/figcaption><\/figure>    <figure class=\"wp-block-image size-large\"><img loading=\"lazy\" decoding=\"async\" width=\"720\" height=\"540\" data-id=\"3137\" src=\"https:\/\/www.baler-machines.com\/wp-content\/uploads\/2023\/03\/rectangular-waste-metal.webp\" alt=\"dikd\u00f6rtgen at\u0131k metal\" class=\"wp-image-3137\" title=\"\"><figcaption class=\"wp-element-caption\">Dikd\u00f6rtgen At\u0131k Metal<\/figcaption><\/figure>    <figure class=\"wp-block-image size-large\"><img loading=\"lazy\" decoding=\"async\" width=\"720\" height=\"540\" data-id=\"3138\" src=\"https:\/\/www.baler-machines.com\/wp-content\/uploads\/2023\/03\/shatted-bales.webp\" alt=\"par\u00e7alanm\u0131\u015f balyalar\" class=\"wp-image-3138\" title=\"\"><figcaption class=\"wp-element-caption\">Par\u00e7alanm\u0131\u015f Balyalar<\/figcaption><\/figure> <\/figure>    <figure class=\"wp-block-gallery has-nested-images columns-default is-cropped wp-block-gallery-3 is-layout-flex wp-block-gallery-is-layout-flex\"> <figure class=\"wp-block-image size-large\"><img loading=\"lazy\" decoding=\"async\" width=\"720\" height=\"540\" data-id=\"4305\" src=\"https:\/\/www.baler-machines.com\/wp-content\/uploads\/2023\/03\/scrap-metal-compactor.webp\" alt=\"scrap metal compactor\" class=\"wp-image-4305\" title=\"\" srcset=\"https:\/\/www.baler-machines.com\/wp-content\/uploads\/2023\/03\/scrap-metal-compactor.webp 720w, https:\/\/www.baler-machines.com\/wp-content\/uploads\/2023\/03\/scrap-metal-compactor-16x12.webp 16w\" sizes=\"auto, (max-width: 720px) 100vw, 720px\" \/><figcaption class=\"wp-element-caption\">Hurda Metal S\u0131k\u0131\u015ft\u0131r\u0131c\u0131<\/figcaption><\/figure>    <figure class=\"wp-block-image size-large\"><img loading=\"lazy\" decoding=\"async\" width=\"720\" height=\"540\" data-id=\"4304\" src=\"https:\/\/www.baler-machines.com\/wp-content\/uploads\/2023\/03\/hydraulic-metal-compactor.webp\" alt=\"hydraulic metal compactor\" class=\"wp-image-4304\" title=\"\" srcset=\"https:\/\/www.baler-machines.com\/wp-content\/uploads\/2023\/03\/hydraulic-metal-compactor.webp 720w, https:\/\/www.baler-machines.com\/wp-content\/uploads\/2023\/03\/hydraulic-metal-compactor-16x12.webp 16w\" sizes=\"auto, (max-width: 720px) 100vw, 720px\" \/><figcaption class=\"wp-element-caption\">Hidrolik Metal S\u0131k\u0131\u015ft\u0131r\u0131c\u0131<\/figcaption><\/figure>    <figure class=\"wp-block-image size-large\"><img loading=\"lazy\" decoding=\"async\" width=\"720\" height=\"540\" data-id=\"4306\" src=\"https:\/\/www.baler-machines.com\/wp-content\/uploads\/2023\/03\/different-shapes-of-baled-scrap-metal.webp\" alt=\"different shapes of baled scrap metal\" class=\"wp-image-4306\" title=\"\" srcset=\"https:\/\/www.baler-machines.com\/wp-content\/uploads\/2023\/03\/different-shapes-of-baled-scrap-metal.webp 720w, https:\/\/www.baler-machines.com\/wp-content\/uploads\/2023\/03\/different-shapes-of-baled-scrap-metal-16x12.webp 16w\" sizes=\"auto, (max-width: 720px) 100vw, 720px\" \/><figcaption class=\"wp-element-caption\">Farkl\u0131 \u015eekillerde Balyalanm\u0131\u015f Hurda Metal<\/figcaption><\/figure> <\/figure>    <h2 class=\"wp-block-heading\"><strong>Hurda metal kompakt\u00f6r\u00fcn\u00fcn potansiyel m\u00fc\u015fterileri kimlerdir?<\/strong><\/h2>    <p class=\"translation-block\"><strong>Metal imalat\u0131<\/strong>: hurda metal balya makinesi, \u00fcretim s\u00fcreci s\u0131ras\u0131nda olu\u015fan metal hurdas\u0131n\u0131 s\u0131k\u0131\u015ft\u0131rmak i\u00e7in kullan\u0131l\u0131r.<\/p>    <p class=\"translation-block\"><strong>Otomotiv end\u00fcstrisi<\/strong>: metal balya makinesi, otomobil \u00fcretimi s\u0131ras\u0131nda olu\u015fan metal hurdas\u0131n\u0131 preslemek ve balyalamak i\u00e7in kullan\u0131l\u0131r.<\/p>    <p class=\"translation-block\"><strong>\u0130n\u015faat end\u00fcstrisi<\/strong>: metal geri d\u00f6n\u00fc\u015f\u00fcm balyas\u0131, y\u0131k\u0131m ve in\u015faat faaliyetleri s\u0131ras\u0131nda olu\u015fan metal at\u0131\u011f\u0131n\u0131 preslemek i\u00e7in kullan\u0131l\u0131r.<\/p>    <p class=\"translation-block\"><strong>Geri d\u00f6n\u00fc\u015f\u00fcm end\u00fcstrisi<\/strong>: hurda metal s\u0131k\u0131\u015ft\u0131r\u0131c\u0131 makinesi, geri d\u00f6n\u00fc\u015f\u00fcm i\u00e7in metal hurdas\u0131n\u0131 s\u0131k\u0131\u015ft\u0131rmak i\u00e7in kullan\u0131l\u0131r.<\/p>   <div class=\"wp-block-image\"> <figure class=\"aligncenter size-full\"><img loading=\"lazy\" decoding=\"async\" width=\"727\" height=\"324\" src=\"https:\/\/www.baler-machines.com\/wp-content\/uploads\/2023\/03\/scrap-recycling-by-metal-compaction-machine.webp\" alt=\"Metal s\u0131k\u0131\u015ft\u0131rma makinesi ile hurda geri d\u00f6n\u00fc\u015f\u00fcm\u00fc\" class=\"wp-image-4308\" title=\"\" srcset=\"https:\/\/www.baler-machines.com\/wp-content\/uploads\/2023\/03\/scrap-recycling-by-metal-compaction-machine.webp 727w, https:\/\/www.baler-machines.com\/wp-content\/uploads\/2023\/03\/scrap-recycling-by-metal-compaction-machine-18x8.webp 18w\" sizes=\"auto, (max-width: 727px) 100vw, 727px\" \/><figcaption class=\"wp-element-caption\">Metal s\u0131k\u0131\u015ft\u0131rma makinesi ile hurda geri d\u00f6n\u00fc\u015f\u00fcm\u00fc<\/figcaption><\/figure> <\/div>  <div class=\"wp-block-image\"> <figure class=\"aligncenter size-full\"><img loading=\"lazy\" decoding=\"async\" width=\"727\" height=\"330\" src=\"https:\/\/www.baler-machines.com\/wp-content\/uploads\/2023\/03\/metal-bales-of-metal-compression-machine.webp\" alt=\"Metal s\u0131k\u0131\u015ft\u0131rma makinesi ile metal balyalar\u0131\" class=\"wp-image-4307\" title=\"\" srcset=\"https:\/\/www.baler-machines.com\/wp-content\/uploads\/2023\/03\/metal-bales-of-metal-compression-machine.webp 727w, https:\/\/www.baler-machines.com\/wp-content\/uploads\/2023\/03\/metal-bales-of-metal-compression-machine-18x8.webp 18w\" sizes=\"auto, (max-width: 727px) 100vw, 727px\" \/><figcaption class=\"wp-element-caption\">Metal s\u0131k\u0131\u015ft\u0131rma makinesi ile metal balyalar\u0131<\/figcaption><\/figure> <\/div>   <h2 class=\"wp-block-heading\"><strong>At\u0131k metal i\u00e7in yatay balya makinesinin yap\u0131s\u0131<\/strong><\/h2>    <p>Bir metal s\u0131k\u0131\u015ft\u0131r\u0131c\u0131n\u0131n yap\u0131s\u0131 tipik olarak, gev\u015fek metal \u015feritleri veya hurdalar\u0131 s\u0131k\u0131\u015ft\u0131rma odas\u0131na depolamak ve beslemek i\u00e7in kullan\u0131lan bir hazne veya bir besleme silosundan olu\u015fur.<\/p>    <p>Hidrolik veya mekanik kuvvetle \u00e7al\u0131\u015fan silindir, at\u0131k metali s\u0131k\u0131\u015ft\u0131rma odas\u0131 i\u00e7inde presler ve balyalar.<\/p>   <div class=\"wp-block-image\"> <figure class=\"aligncenter size-full\"><img loading=\"lazy\" decoding=\"async\" width=\"720\" height=\"540\" src=\"https:\/\/www.baler-machines.com\/wp-content\/uploads\/2023\/03\/structure-of-horizontal-baler-machine.webp\" alt=\"yatay metal kompakt\u00f6r balya makinesinin yap\u0131s\u0131\" class=\"wp-image-3129\" title=\"\"><figcaption class=\"wp-element-caption\">yatay metal kompakt\u00f6r balya makinesinin yap\u0131s\u0131<\/figcaption><\/figure> <\/div>   <h2 class=\"wp-block-heading\"><strong>Sat\u0131l\u0131k Shuliy metal kompakt\u00f6r makinesini kullanman\u0131n avantajlar\u0131<\/strong><\/h2>    <div class=\"wp-block-columns is-layout-flex wp-container-core-columns-is-layout-9d6595d7 wp-block-columns-is-layout-flex\"> <div class=\"wp-block-column is-layout-flow wp-block-column-is-layout-flow\"> <p class=\"has-text-align-center translation-block\"><strong>Verimli at\u0131k y\u00f6netimi<\/strong><\/p> <\/div>    <div class=\"wp-block-column is-layout-flow wp-block-column-is-layout-flow\"> <p class=\"has-text-align-center translation-block\"><strong>Maliyet tasarrufu<\/strong><\/p> <\/div> <\/div>    <div class=\"wp-block-columns is-layout-flex wp-container-core-columns-is-layout-9d6595d7 wp-block-columns-is-layout-flex\"> <div class=\"wp-block-column is-layout-flow wp-block-column-is-layout-flow\"> <p class=\"has-cyan-bluish-gray-background-color has-background translation-block\">A\u011f\u0131r hizmet tipi metal balya makinesi, <strong>al\u00fcminyum, bak\u0131r, \u00e7elik ve demir<\/strong> dahil olmak \u00fczere \u00e7ok \u00e7e\u015fitli <strong>metal hurdalar\u0131n\u0131<\/strong> i\u015flemek i\u00e7in tasarlanm\u0131\u015ft\u0131r. S\u0131k\u0131\u015ft\u0131rma i\u015flemi, at\u0131k hacmini 'a kadar azalt\u0131r, bu da daha az alana daha fazla at\u0131k s\u0131\u011fabilece\u011fi anlam\u0131na gelir.<\/p> <\/div>    <div class=\"wp-block-column is-layout-flow wp-block-column-is-layout-flow\"> <p class=\"has-cyan-bluish-gray-background-color has-background\">Depolama gibi geleneksel at\u0131k bertaraf y\u00f6ntemleri pahal\u0131 olabilir. Makine, at\u0131k hacmini azaltarak, depolama ve ta\u015f\u0131ma i\u00e7in daha az alan sa\u011flayarak uygun maliyetli bir \u00e7\u00f6z\u00fcm sunar. Bu, uzun vadede \u00f6nemli maliyet tasarruflar\u0131na yol a\u00e7abilir.<\/p> <\/div> <\/div>    <div class=\"wp-block-columns is-layout-flex wp-container-core-columns-is-layout-9d6595d7 wp-block-columns-is-layout-flex\"> <div class=\"wp-block-column is-layout-flow wp-block-column-is-layout-flow\"> <p class=\"has-text-align-center translation-block\"><strong>\u00c7evresel faydalar<\/strong><\/p> <\/div>    <div class=\"wp-block-column is-layout-flow wp-block-column-is-layout-flow\"> <p class=\"has-text-align-center translation-block\"><strong>Geli\u015fmi\u015f \u00fcretkenlik<\/strong><\/p> <\/div> <\/div>    <div class=\"wp-block-columns is-layout-flex wp-container-core-columns-is-layout-9d6595d7 wp-block-columns-is-layout-flex\"> <div class=\"wp-block-column is-layout-flow wp-block-column-is-layout-flow\"> <p class=\"has-cyan-bluish-gray-background-color has-background\">Hidrolik metal kompakt\u00f6r makinesi at\u0131k y\u00f6netimi i\u00e7in \u00e7evre dostu bir \u00e7\u00f6z\u00fcmd\u00fcr. Ayr\u0131ca s\u0131k\u0131\u015ft\u0131r\u0131lm\u0131\u015f metal hurdas\u0131 geri d\u00f6n\u00fc\u015ft\u00fcr\u00fclebilir, b\u00f6ylece yeni hammaddelere olan talep azalt\u0131l\u0131r ve do\u011fal kaynaklar korunur.<\/p> <\/div>    <div class=\"wp-block-column is-layout-flow wp-block-column-is-layout-flow\"> <p class=\"has-cyan-bluish-gray-background-color has-background\">At\u0131klar\u0131 y\u00f6netmek zaman al\u0131c\u0131 bir s\u00fcre\u00e7 olabilir. End\u00fcstriyel metal s\u0131k\u0131\u015ft\u0131r\u0131c\u0131, at\u0131k y\u00f6netiminin daha h\u0131zl\u0131 ve daha verimli bir yolunu sunarak kurulu\u015flar\u0131n temel i\u015f faaliyetlerine odaklanmas\u0131na olanak tan\u0131r.<\/p> <\/div> <\/div>    <h2 class=\"wp-block-heading\"><strong>Shuliy Makina \u2013 akredite bir metal s\u0131k\u0131\u015ft\u0131rma makinesi \u00fcreticisi ve tedarik\u00e7isi<\/strong><\/h2>    <p class=\"translation-block\"><strong>\u00c7e\u015fitli makine t\u00fcrleri<\/strong><\/p>    <p>Shuliy Makine, at\u0131k demir s\u0131k\u0131\u015ft\u0131r\u0131c\u0131 ve ilgili ekipmanlar\u0131n tasar\u0131m\u0131, \u00fcretimi ve tedariki konusunda uzmanla\u015fm\u0131\u015ft\u0131r. M\u00fc\u015fterilerinin \u00f6zel ihtiya\u00e7 ve gereksinimlerini kar\u015f\u0131lamak i\u00e7in \u00e7e\u015fitli metal s\u0131k\u0131\u015ft\u0131r\u0131c\u0131 modelleri ve boyutlar\u0131 sunar.<\/p>    <figure class=\"wp-block-gallery aligncenter has-nested-images columns-2 is-cropped wp-block-gallery-4 is-layout-flex wp-block-gallery-is-layout-flex\"> <figure class=\"wp-block-image size-large\"><img loading=\"lazy\" decoding=\"async\" width=\"720\" height=\"540\" data-id=\"2653\" src=\"https:\/\/www.baler-machines.com\/wp-content\/uploads\/2022\/08\/new-designed-scrap-metal-baler.webp\" alt=\"yeni tasar\u0131ml\u0131 hurda metal balya makinesi\" class=\"wp-image-2653\" title=\"\"><figcaption class=\"wp-element-caption\">Yeni Tasar\u0131ml\u0131 Hurda Metal Balya Makinesi<\/figcaption><\/figure>    <figure class=\"wp-block-image size-large\"><img loading=\"lazy\" decoding=\"async\" width=\"720\" height=\"540\" data-id=\"2652\" src=\"https:\/\/www.baler-machines.com\/wp-content\/uploads\/2022\/08\/scrap-metal-baler-manufacturer.webp\" alt=\"hurda metal balya makinesi \u00fcreticisi\" class=\"wp-image-2652\" title=\"\"><figcaption class=\"wp-element-caption\">Hurda Metal Balya Makinesi \u00dcreticisi<\/figcaption><\/figure>    <figure class=\"wp-block-image size-large\"><img loading=\"lazy\" decoding=\"async\" width=\"720\" height=\"540\" data-id=\"2651\" src=\"https:\/\/www.baler-machines.com\/wp-content\/uploads\/2022\/08\/industrial-scrap-baler.webp\" alt=\"end\u00fcstriyel hurda balyalay\u0131c\u0131\" class=\"wp-image-2651\" title=\"\"><figcaption class=\"wp-element-caption\">End\u00fcstriyel Hurda Balya Makinesi<\/figcaption><\/figure>    <figure class=\"wp-block-image size-large\"><img loading=\"lazy\" decoding=\"async\" width=\"720\" height=\"540\" data-id=\"2654\" src=\"https:\/\/www.baler-machines.com\/wp-content\/uploads\/2022\/08\/hydraulic-metal-baler-with-single-cylinder.webp\" alt=\"tek silindirli hidrolik metal balyalay\u0131c\u0131\" class=\"wp-image-2654\" title=\"\"><figcaption class=\"wp-element-caption\">Tek Silindirli Hidrolik Metal Balya Makinesi<\/figcaption><\/figure> <\/figure>    <p class=\"translation-block\"><strong>Hidrolik balya makinesine hizmetler<\/strong><\/p>    <p>Shuliy olarak \u00fcr\u00fcnlerimizin montaj, bak\u0131m ve onar\u0131m hizmetlerini vermekteyiz. Ayr\u0131ca m\u00fc\u015fterilerimizin benzersiz ihtiya\u00e7lar\u0131na ve gereksinimlerine g\u00f6re \u00f6zel olarak tasarlanm\u0131\u015f makineler sunuyoruz.<\/p>    <p class=\"translation-block\"><strong>\u0130yi makine kalitesi<\/strong><\/p>    <p>Makinenin kalitesini ve g\u00fcvenilirli\u011fini sa\u011flamak i\u00e7in, sertifikasyon s\u00fcre\u00e7lerinden ge\u00e7iyor ve end\u00fcstri standartlar\u0131na ve d\u00fczenlemelerine uyuyoruz.<\/p>    <h2 class=\"wp-block-heading\"><strong>At\u0131k\/hurda \u00e7elik, bak\u0131r, al\u00fcminyum vb. balyalamak i\u00e7in Shuliy metal s\u0131k\u0131\u015ft\u0131r\u0131c\u0131n\u0131n videosu<\/strong><\/h2>    <figure class=\"wp-block-embed is-type-video is-provider-youtube wp-block-embed-youtube wp-embed-aspect-16-9 wp-has-aspect-ratio\"><div class=\"wp-block-embed__wrapper\"> <iframe loading=\"lazy\" title=\"Hurda, At\u0131k, Demir, \u00c7elik, Tala\u015f i\u00e7in Otomatik Yatay Metal Balya Makinesi - Balyalama Presi\" width=\"500\" height=\"281\" src=\"https:\/\/www.youtube.com\/embed\/q1kQ8112Hiw?feature=oembed\" frameborder=\"0\" allow=\"accelerometer; autoplay; clipboard-write; encrypted-media; gyroscope; picture-in-picture; web-share\" referrerpolicy=\"strict-origin-when-cross-origin\" allowfullscreen><\/iframe> <\/div><\/figure>","protected":false},"excerpt":{"rendered":"<p>An industrial metal compactor is a machine that compresses scrap metal into a compact shape for easier storage, transportation, and recycling. The horizontal metal baling machine comes in different sizes and types, such as the manual and automatic baling machine, depending on the specific needs of the company. Who are the potential clients for the [&hellip;]<\/p>\n","protected":false},"author":1,"featured_media":3117,"parent":0,"template":"","tags":[606],"product-type":[563],"class_list":["post-3116","product","type-product","status-publish","has-post-thumbnail","hentry","tag-metal-compactor","product-type-baler-machine"],"_links":{"self":[{"href":"https:\/\/www.baler-machines.com\/tr\/wp-json\/wp\/v2\/product\/3116","targetHints":{"allow":["GET"]}}],"collection":[{"href":"https:\/\/www.baler-machines.com\/tr\/wp-json\/wp\/v2\/product"}],"about":[{"href":"https:\/\/www.baler-machines.com\/tr\/wp-json\/wp\/v2\/types\/product"}],"author":[{"embeddable":true,"href":"https:\/\/www.baler-machines.com\/tr\/wp-json\/wp\/v2\/users\/1"}],"wp:featuredmedia":[{"embeddable":true,"href":"https:\/\/www.baler-machines.com\/tr\/wp-json\/wp\/v2\/media\/3117"}],"wp:attachment":[{"href":"https:\/\/www.baler-machines.com\/tr\/wp-json\/wp\/v2\/media?parent=3116"}],"wp:term":[{"taxonomy":"post_tag","embeddable":true,"href":"https:\/\/www.baler-machines.com\/tr\/wp-json\/wp\/v2\/tags?post=3116"},{"taxonomy":"product-type","embeddable":true,"href":"https:\/\/www.baler-machines.com\/tr\/wp-json\/wp\/v2\/product-type?post=3116"}],"curies":[{"name":"wp","href":"https:\/\/api.w.org\/{rel}","templated":true}]}}