{"id":3095,"date":"2023-03-17T16:29:40","date_gmt":"2023-03-17T08:29:40","guid":{"rendered":"https:\/\/www.baler-machines.com\/?post_type=product&#038;p=3095"},"modified":"2026-02-13T14:33:40","modified_gmt":"2026-02-13T06:33:40","slug":"hydraulic-alfalfa-baler-machine-for-hay-straw-press","status":"publish","type":"product","link":"https:\/\/www.baler-machines.com\/tr\/hydraulic-alfalfa-baler-machine-for-hay-straw-press\/","title":{"rendered":"Saman\/Saman Presi i\u00e7in Hidrolik Yonca Balya Makinesi"},"content":{"rendered":"<p>Hidrolik presli yonca balya makinesi \u00f6zellikle saman, saman vb. s\u0131k\u0131\u015ft\u0131rmaya y\u00f6neliktir. Yonca balyalama presi m\u00fckemmel performans, geni\u015f uygulama ve maliyet performans\u0131 \u00f6zelliklerine sahiptir.<\/p>    <figure class=\"wp-block-gallery aligncenter has-nested-images columns-default is-cropped wp-block-gallery-2 is-layout-flex wp-block-gallery-is-layout-flex\"> <figure class=\"wp-block-image size-large\"><img loading=\"lazy\" decoding=\"async\" width=\"720\" height=\"540\" data-id=\"3098\" src=\"https:\/\/www.baler-machines.com\/wp-content\/uploads\/2023\/03\/alfalfa-compactor-machine.webp\" alt=\"\u015falgam kompres\u00f6r makinesi\" class=\"wp-image-3098\" title=\"\"><figcaption class=\"wp-element-caption\">Yonca Kompakt\u00f6r Makinas\u0131<\/figcaption><\/figure>    <figure class=\"wp-block-image size-large\"><img loading=\"lazy\" decoding=\"async\" width=\"720\" height=\"540\" data-id=\"3099\" src=\"https:\/\/www.baler-machines.com\/wp-content\/uploads\/2023\/03\/hydraulic-baling-machine-for-alfalfa.webp\" alt=\"\u015falgam i\u00e7in hidrolik balyalama makinesi\" class=\"wp-image-3099\" title=\"\"><figcaption class=\"wp-element-caption\">Yonca \u0130\u00e7in Hidrolik Balyalama Makinas\u0131<\/figcaption><\/figure>    <figure class=\"wp-block-image size-large\"><img loading=\"lazy\" decoding=\"async\" width=\"720\" height=\"540\" data-id=\"3100\" src=\"https:\/\/www.baler-machines.com\/wp-content\/uploads\/2023\/03\/hydraulic-baling-press-for-alfalfa.webp\" alt=\"\u015falgam i\u00e7in hidrolik balyalama presi\" class=\"wp-image-3100\" title=\"\"><figcaption class=\"wp-element-caption\">Yonca \u0130\u00e7in Hidrolik Balyalama Presi<\/figcaption><\/figure> <\/figure>    <p class=\"translation-block\">Shuliy'den sat\u0131l\u0131k yonca balyalama makinesinin d\u00fcnyada iyi bir itibar\u0131 vard\u0131r, m\u00fc\u015fterilerin hedeflerine ula\u015fmak i\u00e7in hammaddeleri kare balyalara balyalayabilir ve presleyebilir. Bu t\u00fcr <a href=\"https:\/\/www.baler-machines.com\/tr\/baler-machine\/\" target=\"_blank\" rel=\"noreferrer noopener\">hidrolik balyalama makinesi<\/a>, lastikler, PET\/plastik \u015fi\u015feler, giysiler, s\u00fcngerler, tala\u015f vb. di\u011fer malzemeler i\u00e7in de kullan\u0131labilir.<\/p>    <p>Bu t\u00fcr bir hidrolik yonca balya makinesiyle ilgileniyorsan\u0131z, hemen benimle ileti\u015fime ge\u00e7in ve ayr\u0131ca \u00fcretim fabrikam\u0131z\u0131 ziyaret edebilirsiniz!<\/p>    <h2 class=\"wp-block-heading\"><strong>Neden Shuliy yonca balya makinesini kullanarak saman\/samanlar\u0131 s\u0131k\u0131\u015ft\u0131rmal\u0131s\u0131n\u0131z?<\/strong><\/h2>    <p>\u00d6ncelikle yonca, saman\/saman\u0131n ne oldu\u011funu a\u00e7\u0131k\u00e7a bilmek \u00f6nemlidir.<\/p>    <figure class=\"wp-block-gallery aligncenter has-nested-images columns-default is-cropped wp-block-gallery-3 is-layout-flex wp-block-gallery-is-layout-flex\"> <figure class=\"wp-block-image size-full\"><img loading=\"lazy\" decoding=\"async\" width=\"603\" height=\"403\" data-id=\"3102\" src=\"https:\/\/www.baler-machines.com\/wp-content\/uploads\/2023\/03\/alfalfa.webp\" alt=\"\u015falgam\" class=\"wp-image-3102\" title=\"\"><figcaption class=\"wp-element-caption\">Yonca<\/figcaption><\/figure>    <figure class=\"wp-block-image size-full\"><img loading=\"lazy\" decoding=\"async\" width=\"757\" height=\"561\" data-id=\"3103\" src=\"https:\/\/www.baler-machines.com\/wp-content\/uploads\/2023\/03\/hay-and-straw.webp\" alt=\"saman ve ot\" class=\"wp-image-3103\" title=\"\"><figcaption class=\"wp-element-caption\">Saman ve Saman<\/figcaption><\/figure> <\/figure>    <p class=\"translation-block\"><a href=\"https:\/\/en.wikipedia.org\/wiki\/Alfalfa\" target=\"_blank\" rel=\"noreferrer noopener\">Alfalfa<\/a> tedarik edilebilen ve silaj yem veya di\u011fer ama\u00e7lar i\u00e7in balyalanabilen bir ot t\u00fcr\u00fcd\u00fcr. Ve yon\/adak otlar\u0131, hasat edilen \u00fcr\u00fcnlerden kalan malzemelerdir. Ortak nokta, bunlar yeniden geri d\u00f6n\u00fc\u015ft\u00fcr\u00fclebilir; aksi halde bunlar\u0131n yak\u0131lmas\u0131 \u00e7evreye kirlilik verebilir. <\/p>    <p>Bu nedenle yonca otu balyalama makinesi, malzemelerin rahat kullan\u0131m amac\u0131yla s\u0131k\u0131\u015ft\u0131r\u0131lmas\u0131 ve preslenmesinde \u00f6nemli bir rol oynamaktad\u0131r.<\/p>    <h2 class=\"wp-block-heading\"><strong>Yonca balyalama i\u00e7in iki \u00e7e\u015fit hidrolik makine <\/strong><\/h2>    <p>G\u00fcvenilir ve \u00fcnl\u00fc bir hidrolik balyalama presi \u00fcreticisi ve sat\u0131c\u0131s\u0131 olarak, yonca\/saman\/saman i\u00e7in hidrolik balyalama makinesinde iki tip makine mevcuttur. Makinalar\u0131 yatay ve dikey balyalama preslerine ay\u0131r\u0131yoruz. <\/p>    <figure class=\"wp-block-gallery aligncenter has-nested-images columns-default is-cropped wp-block-gallery-4 is-layout-flex wp-block-gallery-is-layout-flex\"> <figure class=\"wp-block-image size-full\"><img loading=\"lazy\" decoding=\"async\" width=\"646\" height=\"720\" data-id=\"4310\" src=\"https:\/\/www.baler-machines.com\/wp-content\/uploads\/2023\/03\/vertical-alfalfa-hay-baler-Machine.webp\" alt=\"vertical alfalfa hay baler Machine\" class=\"wp-image-4310\" title=\"\" srcset=\"https:\/\/www.baler-machines.com\/wp-content\/uploads\/2023\/03\/vertical-alfalfa-hay-baler-Machine.webp 646w, https:\/\/www.baler-machines.com\/wp-content\/uploads\/2023\/03\/vertical-alfalfa-hay-baler-Machine-11x12.webp 11w\" sizes=\"auto, (max-width: 646px) 100vw, 646px\" \/><figcaption class=\"wp-element-caption\">Dikey Yonca Ot Balya Makinesi<\/figcaption><\/figure>    <figure class=\"wp-block-image size-full\"><img loading=\"lazy\" decoding=\"async\" width=\"720\" height=\"720\" data-id=\"4309\" src=\"https:\/\/www.baler-machines.com\/wp-content\/uploads\/2023\/03\/automatic-horizontal-baler-for-alfalfa-hay-bale-with-conveyor.webp\" alt=\"automatic horizontal baler for alfalfa hay bale with conveyor\" class=\"wp-image-4309\" title=\"\" srcset=\"https:\/\/www.baler-machines.com\/wp-content\/uploads\/2023\/03\/automatic-horizontal-baler-for-alfalfa-hay-bale-with-conveyor.webp 720w, https:\/\/www.baler-machines.com\/wp-content\/uploads\/2023\/03\/automatic-horizontal-baler-for-alfalfa-hay-bale-with-conveyor-12x12.webp 12w\" sizes=\"auto, (max-width: 720px) 100vw, 720px\" \/><figcaption class=\"wp-element-caption\">Konvey\u00f6rl\u00fc Otomatik Yatay Balya Makinesi<\/figcaption><\/figure> <\/figure>    <p>Bu iki t\u00fcr hidrolik presin asl\u0131nda ayn\u0131 i\u015flevi vard\u0131r, yaln\u0131zca makinenin yap\u0131sal tasar\u0131m\u0131 ve makinenin fiyat\u0131 farkl\u0131d\u0131r. Bu esasen m\u00fc\u015fterinin tercihlerine ba\u011fl\u0131d\u0131r.<\/p>    <h2 class=\"wp-block-heading\"><strong>Shuliy Makina \u2013 g\u00fcvenilir yonca saman balya makinesi \u00fcreticisi ve tedarik\u00e7isi<\/strong><\/h2>    <p>Asl\u0131nda Shuliy Machinery'nin geri d\u00f6n\u00fc\u015f\u00fcm sekt\u00f6r\u00fcnde onlarca y\u0131ll\u0131k deneyimi var. Yonca balyalama makinesinin \u00fcretimi veya m\u00fc\u015fterilere hizmet i\u00e7in olsun, Shuliy Machinery g\u00fcvenilir bir \u00fcreticidir.<\/p>    <div class=\"wp-block-columns is-layout-flex wp-container-core-columns-is-layout-9d6595d7 wp-block-columns-is-layout-flex\"> <div class=\"wp-block-column is-layout-flow wp-block-column-is-layout-flow\"> <p class=\"translation-block\"><strong>Profesyonel \u00dcretim Ekibi<\/strong><\/p> <\/div>    <div class=\"wp-block-column is-layout-flow wp-block-column-is-layout-flow\"> <p class=\"translation-block\"><strong>Rekabet\u00e7i Makine Fiyat\u0131<\/strong><\/p> <\/div>    <div class=\"wp-block-column is-layout-flow wp-block-column-is-layout-flow\"> <p class=\"translation-block\"><strong>D\u00fc\u015f\u00fcnceli Sat\u0131\u015f Sonras\u0131 Hizmet<\/strong><\/p> <\/div> <\/div>    <div class=\"wp-block-columns is-layout-flex wp-container-core-columns-is-layout-9d6595d7 wp-block-columns-is-layout-flex\"> <div class=\"wp-block-column is-layout-flow wp-block-column-is-layout-flow\"> <p class=\"has-cyan-bluish-gray-background-color has-background\">\u00dcretim teknisyenlerimiz, hidrolik balyalama presini s\u00fcper kalite haline getiren bu sekt\u00f6r\u00fcn en iyileri aras\u0131ndad\u0131r.<\/p> <\/div>    <div class=\"wp-block-column is-layout-flow wp-block-column-is-layout-flow\"> <p class=\"has-cyan-bluish-gray-background-color has-background\">\u00dcretim ve ticaretin birle\u015fimi oldu\u011fumuz i\u00e7in sat\u0131\u015f fiyat\u0131 fabrika fiyat\u0131d\u0131r, bu da \u00e7ok avantajl\u0131d\u0131r.<\/p> <\/div>    <div class=\"wp-block-column is-layout-flow wp-block-column-is-layout-flow\"> <p class=\"has-cyan-bluish-gray-background-color has-background\">Sat\u0131\u015f sonras\u0131 hizmetimiz de birinci s\u0131n\u0131f. Makineyi satt\u0131ktan sonra, sat\u0131\u015f sonras\u0131 personelimiz m\u00fc\u015fterinin kullan\u0131m\u0131n\u0131 takip edecektir.<\/p> <\/div> <\/div>    <h2 class=\"wp-block-heading\"><strong>Uygun hidrolik yonca balyalama presi nas\u0131l se\u00e7ilir?<\/strong><\/h2>    <p>Piyasada yonca balyalama makinesinin sat\u0131l\u0131k bir\u00e7ok \u00fcreticisi bulunmaktad\u0131r. Zengin deneyimimize g\u00f6re, uygun hidrolik yonca balyalama makinesini se\u00e7me konusunda birka\u00e7 ipucu var.<\/p>    <ol class=\"wp-block-list\"> <li>M\u00fc\u015fterilerin hangi malzemeleri basmak istedi\u011fini temizleyin.<\/li>    <li>Bitmi\u015f \u00fcr\u00fcnlerin boyutunu belirleyin.<\/li>    <li>M\u00fc\u015fterinin tercih etti\u011fi makine tipini \u00f6nerin. <\/li> <\/ol>    <p>Yukar\u0131dakiler yaln\u0131zca yonca balyalama makinesini se\u00e7erken referans olmas\u0131 amac\u0131yla verilen tavsiyelerdir. Spesifikin ayr\u0131ca profesyonel kadroyla ileti\u015fim kurmas\u0131 gerekiyor. \u0130\u015fletmenize fayda sa\u011flayacak en uygun \u00e7\u00f6z\u00fcm\u00fc sunacaklar.<\/p>   <div class=\"wp-block-image\"> <figure class=\"aligncenter size-full\"><img loading=\"lazy\" decoding=\"async\" width=\"1267\" height=\"584\" src=\"https:\/\/www.baler-machines.com\/wp-content\/uploads\/2023\/03\/square-press-baling-machine-for-alfalfa-hay.webp\" alt=\"Kare pres makinesi ile yonca balyas\u0131\" class=\"wp-image-4312\" title=\"\" srcset=\"https:\/\/www.baler-machines.com\/wp-content\/uploads\/2023\/03\/square-press-baling-machine-for-alfalfa-hay.webp 1267w, https:\/\/www.baler-machines.com\/wp-content\/uploads\/2023\/03\/square-press-baling-machine-for-alfalfa-hay-768x354.webp 768w, https:\/\/www.baler-machines.com\/wp-content\/uploads\/2023\/03\/square-press-baling-machine-for-alfalfa-hay-18x8.webp 18w\" sizes=\"auto, (max-width: 1267px) 100vw, 1267px\" \/><figcaption class=\"wp-element-caption\">Kare pres makinesi ile yonca balyas\u0131<\/figcaption><\/figure> <\/div>   <h2 class=\"wp-block-heading\"><strong>Yabanc\u0131 m\u00fc\u015fterilerin makine \u00e7al\u0131\u015fmas\u0131n\u0131 izlemek i\u00e7in yonca balya makinesi fabrikas\u0131n\u0131 ziyaret etti\u011fini g\u00f6steren video<\/strong><\/h2>    <figure class=\"wp-block-embed is-type-video is-provider-youtube wp-block-embed-youtube wp-embed-aspect-16-9 wp-has-aspect-ratio\"><div class=\"wp-block-embed__wrapper\"> <iframe loading=\"lazy\" title=\"Hidrolik Yatay Saman\/Saman Balyalama Presi - \u00c7eltik\/Pirin\u00e7\/Bu\u011fday Saman\u0131 i\u00e7in Otomatik Kompakt\u00f6r Makinesi\" width=\"500\" height=\"281\" src=\"https:\/\/www.youtube.com\/embed\/vq3zZfKK3xc?start=47&#038;feature=oembed\" frameborder=\"0\" allow=\"accelerometer; autoplay; clipboard-write; encrypted-media; gyroscope; picture-in-picture; web-share\" referrerpolicy=\"strict-origin-when-cross-origin\" allowfullscreen><\/iframe> <\/div><\/figure>","protected":false},"excerpt":{"rendered":"<p>The hydraulic press alfalfa baler machine is especially for hay, straw, etc. compaction. The alfalfa baling press has the features of great performance, wide applications, and cost performance. The alfalfa baler for sale from Shuliy has a good reputation in the world, it can bale and press the raw materials into square bales to achieve [&hellip;]<\/p>\n","protected":false},"author":1,"featured_media":3106,"parent":0,"template":"","tags":[605],"product-type":[563],"class_list":["post-3095","product","type-product","status-publish","has-post-thumbnail","hentry","tag-alfalfa-baler-machine","product-type-baler-machine"],"_links":{"self":[{"href":"https:\/\/www.baler-machines.com\/tr\/wp-json\/wp\/v2\/product\/3095","targetHints":{"allow":["GET"]}}],"collection":[{"href":"https:\/\/www.baler-machines.com\/tr\/wp-json\/wp\/v2\/product"}],"about":[{"href":"https:\/\/www.baler-machines.com\/tr\/wp-json\/wp\/v2\/types\/product"}],"author":[{"embeddable":true,"href":"https:\/\/www.baler-machines.com\/tr\/wp-json\/wp\/v2\/users\/1"}],"wp:featuredmedia":[{"embeddable":true,"href":"https:\/\/www.baler-machines.com\/tr\/wp-json\/wp\/v2\/media\/3106"}],"wp:attachment":[{"href":"https:\/\/www.baler-machines.com\/tr\/wp-json\/wp\/v2\/media?parent=3095"}],"wp:term":[{"taxonomy":"post_tag","embeddable":true,"href":"https:\/\/www.baler-machines.com\/tr\/wp-json\/wp\/v2\/tags?post=3095"},{"taxonomy":"product-type","embeddable":true,"href":"https:\/\/www.baler-machines.com\/tr\/wp-json\/wp\/v2\/product-type?post=3095"}],"curies":[{"name":"wp","href":"https:\/\/api.w.org\/{rel}","templated":true}]}}