{"id":3044,"date":"2023-02-28T17:00:27","date_gmt":"2023-02-28T09:00:27","guid":{"rendered":"https:\/\/www.baler-machines.com\/?post_type=product&#038;p=3044"},"modified":"2023-03-01T10:48:52","modified_gmt":"2023-03-01T02:48:52","slug":"sawdust-baler-for-sale","status":"publish","type":"product","link":"https:\/\/www.baler-machines.com\/tr\/sawdust-baler-for-sale\/","title":{"rendered":"Sat\u0131l\u0131k Tam Otomatik Tala\u015f Balya Makinesi"},"content":{"rendered":"<p class=\"translation-block\">Bu tala\u015f balya makinesi asl\u0131nda bir t\u00fcr <a href=\"https:\/\/www.baler-machines.com\/tr\/automatic-horizontal-baler\/\" target=\"_blank\" rel=\"noreferrer noopener\">yatay pres balya makinesi<\/a> olup, tala\u015f ve di\u011fer ah\u015fap at\u0131klar\u0131n\u0131 s\u0131k\u0131\u015ft\u0131rmak ve balyalamak i\u00e7in \u00f6zel olarak kullan\u0131l\u0131r. Ana ama\u00e7 nakliye ve depolamay\u0131 kolayla\u015ft\u0131rmakt\u0131r.<\/p>    <figure class=\"wp-block-gallery aligncenter has-nested-images columns-default is-cropped wp-block-gallery-2 is-layout-flex wp-block-gallery-is-layout-flex\"> <figure class=\"wp-block-image size-full\"><img loading=\"lazy\" decoding=\"async\" width=\"320\" height=\"250\" data-id=\"3047\" src=\"https:\/\/www.baler-machines.com\/wp-content\/uploads\/2023\/02\/sawdust.webp\" alt=\"tala\u015f\" class=\"wp-image-3047\" title=\"\"><figcaption class=\"wp-element-caption\">Tala\u015f<\/figcaption><\/figure>    <figure class=\"wp-block-image size-full\"><img loading=\"lazy\" decoding=\"async\" width=\"320\" height=\"250\" data-id=\"3049\" src=\"https:\/\/www.baler-machines.com\/wp-content\/uploads\/2023\/02\/sawdust-bale.webp\" alt=\"tala\u015f balyas\u0131-1\" class=\"wp-image-3049\" title=\"\"><figcaption class=\"wp-element-caption\">Tala\u015f Balyas\u0131-1<\/figcaption><\/figure>    <figure class=\"wp-block-image size-full\"><img loading=\"lazy\" decoding=\"async\" width=\"320\" height=\"250\" data-id=\"3048\" src=\"https:\/\/www.baler-machines.com\/wp-content\/uploads\/2023\/02\/sawdust-bale-.webp\" alt=\"tala\u015f balyas\u0131-2\" class=\"wp-image-3048\" title=\"\"><figcaption class=\"wp-element-caption\">Tala\u015f Balyas\u0131-2<\/figcaption><\/figure> <\/figure>    <p>Yat\u0131r\u0131mc\u0131lar i\u00e7in hidrolik tala\u015f presine yat\u0131r\u0131m yapmak, m\u00fc\u015fterilerin kaynaklar\u0131n entegrasyonunu ve rasyonel planlamay\u0131 en \u00fcst d\u00fczeye \u00e7\u0131karmas\u0131na yard\u0131mc\u0131 olabilir.<\/p>    <h2 class=\"wp-block-heading\"><strong>Shuliy tala\u015f balyalama makinesi ile ne t\u00fcr malzemeler balyalanabilir?<\/strong><\/h2>    <p class=\"translation-block\">Genel olarak konu\u015fursak, <a href=\"https:\/\/en.wikipedia.org\/wiki\/Sawdust\" target=\"_blank\" rel=\"noreferrer noopener\">tala\u015f<\/a>, ah\u015fap tala\u015f\u0131, ah\u015fap yongalar\u0131, ah\u015fap tipi at\u0131klar vb. s\u0131k\u0131\u015ft\u0131r\u0131l\u0131p balyalanabilir.<\/p>    <figure class=\"wp-block-gallery aligncenter has-nested-images columns-default is-cropped wp-block-gallery-3 is-layout-flex wp-block-gallery-is-layout-flex\"> <figure class=\"wp-block-image size-large\"><img loading=\"lazy\" decoding=\"async\" width=\"720\" height=\"500\" data-id=\"2667\" src=\"https:\/\/www.baler-machines.com\/wp-content\/uploads\/2022\/08\/applications-of-the-hydraulic-vertical-baler.webp\" alt=\"hidrolik dikey balya makinesinin uygulamalar\u0131\" class=\"wp-image-2667\" title=\"\"><figcaption class=\"wp-element-caption\">Hidrolik Dikey Balya Makinas\u0131n\u0131n Uygulamalar\u0131<\/figcaption><\/figure>    <figure class=\"wp-block-image size-large\"><img loading=\"lazy\" decoding=\"async\" width=\"540\" height=\"540\" data-id=\"2625\" src=\"https:\/\/www.baler-machines.com\/wp-content\/uploads\/2022\/08\/waste-paper-baling-machine-applications.webp\" alt=\"at\u0131k ka\u011f\u0131t balyalama makinesi uygulamalar\u0131\" class=\"wp-image-2625\" title=\"\"><figcaption class=\"wp-element-caption\">At\u0131k Ka\u011f\u0131t Balyalama Makinesi Uygulamalar\u0131<\/figcaption><\/figure> <\/figure>    <p class=\"translation-block\">Ayr\u0131ca, bu tala\u015f balya makinesi bir t\u00fcr <a href=\"https:\/\/www.baler-machines.com\/tr\/baler-machine\/\" target=\"_blank\" rel=\"noreferrer noopener\">hidrolik balya presi<\/a> oldu\u011fundan, hidrolik balya makinesi ile balyalayabilen lastikler, evcil hayvan plastik \u015fi\u015feleri, at\u0131k giysiler, at\u0131k kartonlar, at\u0131k ka\u011f\u0131tlar vb. malzemeler de bu makine i\u00e7in ge\u00e7erlidir.<\/p>    <h2 class=\"wp-block-heading\"><strong>Ah\u015fap tala\u015f\u0131n\u0131 neden geri d\u00f6n\u00fc\u015ft\u00fcrmeliyiz? \u2013 Tala\u015f\u0131n Uygulamalar\u0131  <\/strong><\/h2>    <ol class=\"wp-block-list\"> <li>Tala\u015f, d\u00fc\u015f\u00fck yat\u0131r\u0131m ve h\u0131zl\u0131 etki ile ideal bir \u00fcr\u00fcn olan \u00e7ubuk yapma makinesinin y\u00fcksek s\u0131cakl\u0131k ve y\u00fcksek bas\u0131nc\u0131 ile mekanik k\u00f6m\u00fcr\u00fcn yar\u0131 mamul hammaddesine d\u00f6n\u00fc\u015ft\u00fcr\u00fcl\u00fcr.<\/li>    <li>Odun tala\u015f\u0131, t\u00fcts\u00fclenmi\u015f yiyecekler i\u00e7in yak\u0131t olarak da kullan\u0131labilir.<\/li>    <li>Tala\u015f, a\u00e7elya, kamkat, kamelya, osmanthus ve di\u011fer \u00e7i\u00e7ekli a\u011fa\u00e7lar\u0131n y\u00fcksek dal preslemeleri i\u00e7in sarma altl\u0131\u011f\u0131 olarak kullan\u0131labilir. Malzeme beslenme a\u00e7\u0131s\u0131ndan kapsaml\u0131d\u0131r, gev\u015fek dokuya sahiptir, su tutma ve hava ge\u00e7irgenli\u011fine sahiptir, temiz ve hijyeniktir.<\/li> <\/ol>    <h2 class=\"wp-block-heading\"><strong>G\u00fcvenilir bir tala\u015f balya makinesi \u00fcreticisi ve tedarik\u00e7isi nas\u0131l se\u00e7ilir?<\/strong><\/h2>    <p>Bu bir geri d\u00f6n\u00fc\u015f\u00fcm makinesi oldu\u011fundan, piyasada tala\u015f briket presinin \u00e7e\u015fitli \u00fcreticileri ve tedarik\u00e7ileri bulunmaktad\u0131r. Bu kadar \u00e7ok \u00fcretici aras\u0131ndan en uygun olan\u0131 nas\u0131l bulunur? Deneyimlerimize g\u00f6re tala\u015f balya makinesini sat\u0131n al\u0131rken a\u015fa\u011f\u0131daki \u00f6neriler verilmektedir.<\/p>    <p>Tala\u015f briket pres \u00fcreticisi ve tedarik\u00e7isinin teknolojisi<\/p>    <p>Tala\u015f balya makinesi \u00fcreticileri ve tedarik\u00e7ilerinin sat\u0131\u015f sonras\u0131 hizmetleri<\/p>    <p>Sat\u0131l\u0131k ah\u015fap tala\u015f balyalama makinesinin ihracat deneyimi<\/p>    <figure class=\"wp-block-gallery aligncenter has-nested-images columns-default is-cropped wp-block-gallery-4 is-layout-flex wp-block-gallery-is-layout-flex\"> <figure class=\"wp-block-image size-large\"><img loading=\"lazy\" decoding=\"async\" width=\"720\" height=\"540\" data-id=\"3052\" src=\"https:\/\/www.baler-machines.com\/wp-content\/uploads\/2023\/02\/automatic-baling-press-for-export.webp\" alt=\"ihracat i\u00e7in otomatik balyalama presi\" class=\"wp-image-3052\" title=\"\"><figcaption class=\"wp-element-caption\">\u0130hracat \u0130\u00e7in Otomatik Balyalama Presi<\/figcaption><\/figure>    <figure class=\"wp-block-image size-large\"><img loading=\"lazy\" decoding=\"async\" width=\"720\" height=\"540\" data-id=\"3053\" src=\"https:\/\/www.baler-machines.com\/wp-content\/uploads\/2023\/02\/horizontal-baling-press-loading.webp\" alt=\"yatay balya presi y\u00fckleme\" class=\"wp-image-3053\" title=\"\"><figcaption class=\"wp-element-caption\">Yatay Balyalama Presi Y\u00fckleme<\/figcaption><\/figure> <\/figure>    <h2 class=\"wp-block-heading\"><strong>Sat\u0131l\u0131k yatay tala\u015f kompakt\u00f6r makinesi videolar\u0131<\/strong><\/h2>    <figure class=\"wp-block-embed is-type-video is-provider-youtube wp-block-embed-youtube wp-embed-aspect-16-9 wp-has-aspect-ratio\"><div class=\"wp-block-embed__wrapper\"> <iframe loading=\"lazy\" title=\"2023 Hidrolik Tala\u015f Presi - \u00c7in&#039;de En \u0130yi Fiyata Tala\u015f \/ Tala\u015f Balyalama Makinesi\" width=\"500\" height=\"281\" src=\"https:\/\/www.youtube.com\/embed\/97yv1wZ274M?feature=oembed\" frameborder=\"0\" allow=\"accelerometer; autoplay; clipboard-write; encrypted-media; gyroscope; picture-in-picture; web-share\" referrerpolicy=\"strict-origin-when-cross-origin\" allowfullscreen><\/iframe> <\/div><\/figure>    <figure class=\"wp-block-embed is-type-video is-provider-youtube wp-block-embed-youtube wp-embed-aspect-16-9 wp-has-aspect-ratio\"><div class=\"wp-block-embed__wrapper\"> <iframe loading=\"lazy\" title=\"Tala\u015f i\u00e7in \u00c7ok Fonksiyonlu Dikey Balya Makinesi | Shuliy Machinery&#039;den End\u00fcstriyel Balya Makinalar\u0131#shorts\" width=\"500\" height=\"281\" src=\"https:\/\/www.youtube.com\/embed\/tIpD5S7gwKk?feature=oembed\" frameborder=\"0\" allow=\"accelerometer; autoplay; clipboard-write; encrypted-media; gyroscope; picture-in-picture; web-share\" referrerpolicy=\"strict-origin-when-cross-origin\" allowfullscreen><\/iframe> <\/div><\/figure>    <p> <\/p>","protected":false},"excerpt":{"rendered":"<p>This sawdust baler actually belongs to a kind of horizontal press baler, which is specially used for compressing and baling sawdust and other wood waste. The main purpose is to facilitate transportation and storage. For investors, investing in a hydraulic sawdust press can help customers to maximize the integration of resources and rational planning. What [&hellip;]<\/p>\n","protected":false},"author":1,"featured_media":3046,"parent":0,"template":"","tags":[602],"product-type":[563],"class_list":["post-3044","product","type-product","status-publish","has-post-thumbnail","hentry","tag-sawdust-baler","product-type-baler-machine"],"_links":{"self":[{"href":"https:\/\/www.baler-machines.com\/tr\/wp-json\/wp\/v2\/product\/3044","targetHints":{"allow":["GET"]}}],"collection":[{"href":"https:\/\/www.baler-machines.com\/tr\/wp-json\/wp\/v2\/product"}],"about":[{"href":"https:\/\/www.baler-machines.com\/tr\/wp-json\/wp\/v2\/types\/product"}],"author":[{"embeddable":true,"href":"https:\/\/www.baler-machines.com\/tr\/wp-json\/wp\/v2\/users\/1"}],"wp:featuredmedia":[{"embeddable":true,"href":"https:\/\/www.baler-machines.com\/tr\/wp-json\/wp\/v2\/media\/3046"}],"wp:attachment":[{"href":"https:\/\/www.baler-machines.com\/tr\/wp-json\/wp\/v2\/media?parent=3044"}],"wp:term":[{"taxonomy":"post_tag","embeddable":true,"href":"https:\/\/www.baler-machines.com\/tr\/wp-json\/wp\/v2\/tags?post=3044"},{"taxonomy":"product-type","embeddable":true,"href":"https:\/\/www.baler-machines.com\/tr\/wp-json\/wp\/v2\/product-type?post=3044"}],"curies":[{"name":"wp","href":"https:\/\/api.w.org\/{rel}","templated":true}]}}