{"id":299,"date":"2019-12-11T07:28:45","date_gmt":"2019-12-11T07:28:45","guid":{"rendered":"https:\/\/www.baler-machines.com\/?p=299"},"modified":"2025-07-18T18:31:03","modified_gmt":"2025-07-18T10:31:03","slug":"horizontal-metal-baler","status":"publish","type":"product","link":"https:\/\/www.baler-machines.com\/tr\/horizontal-metal-baler\/","title":{"rendered":"At\u0131k Balyalama Presi i\u00e7in Hidrolik Hurda Metal Balya Makinesi"},"content":{"rendered":"<p class=\"translation-block\">Yatay <strong>hurda metal baleri<\/strong> (at\u0131k demir baleri, teneke s\u0131k\u0131\u015ft\u0131rma makinesi, at\u0131k \u00e7elik s\u0131k\u0131\u015ft\u0131rma makinesi ve al\u00fcminyum teneke baleri olarak da bilinir) \u00e7e\u015fitli metal at\u0131klar\u0131n\u0131, \u00e7elik tala\u015flar\u0131n\u0131, hurda \u00e7eli\u011fi, hurda al\u00fcminyumu, hurda bak\u0131r\u0131 vb. yo\u011fun hurda metal baleleri haline s\u0131k\u0131\u015ft\u0131rmak i\u00e7in kullan\u0131lmaktad\u0131r. geri d\u00f6n\u00fc\u015f\u00fcm ve k\u00e2r elde etmek i\u00e7in.<\/p>    <p>Son \u00fcr\u00fcn\u00fcn \u015fekli silindirik, dikd\u00f6rtgen, k\u00fcp, alt\u0131gen ve di\u011fer \u00e7ok prizmatik \u015fekillerde olabilir. Blok boyutlar\u0131 \u00e7e\u015fitli olup, 30*30cm, 35*35cm, 40*40cm gibi boyutlar mevcuttur.<\/p>    <p>Bu metal s\u0131k\u0131\u015ft\u0131r\u0131c\u0131, elektrik motoru veya dizel motoru g\u00fc\u00e7 kayna\u011f\u0131 olarak kullanabilir ve hidrolik sistemle \u00e7al\u0131\u015f\u0131r. Hidrolik bas\u0131nc\u0131, belirli bir malzemenin balyalama gereksinimlerine g\u00f6re ayarlanabilir.<\/p>    <p>Y\u00fcksek verimlili\u011fi, \u00f6zelle\u015ftirilebilirli\u011fi ve az bak\u0131m gerektirmesi nedeniyle, metal balyalama makinemiz yurtd\u0131\u015f\u0131nda, Malezya, Kuveyt, Filipinler, Afganistan gibi \u00fclkelerde \u00e7ok sat\u0131lmaktad\u0131r. \u0130lginiz varsa, her zaman bizimle ileti\u015fime ge\u00e7mekten \u00e7ekinmeyin!<\/p>    <figure class=\"wp-block-embed is-type-video is-provider-youtube wp-block-embed-youtube wp-embed-aspect-16-9 wp-has-aspect-ratio\"><div class=\"wp-block-embed__wrapper\"> <iframe loading=\"lazy\" title=\"Top 3 Hidrolik At\u0131k Hurda Metal Balyalama Presi - Shuliy Metal Balya Makinesi \u00dcreticisi ve Tedarik\u00e7isi\" width=\"500\" height=\"281\" src=\"https:\/\/www.youtube.com\/embed\/S6Zx6ofeN14?start=27&#038;feature=oembed\" frameborder=\"0\" allow=\"accelerometer; autoplay; clipboard-write; encrypted-media; gyroscope; picture-in-picture; web-share\" referrerpolicy=\"strict-origin-when-cross-origin\" allowfullscreen><\/iframe> <\/div><figcaption class=\"wp-element-caption\">metal geri d\u00f6n\u00fc\u015f\u00fcm\u00fc i\u00e7in hidrolik balyalama presinin \u00e7al\u0131\u015fma videosu <\/figcaption><\/figure>    <h2 class=\"wp-block-heading\" id=\"h-what-is-a-scrap-metal-baler\"><strong>Hurda metal balya makinesi nedir?<\/strong><\/h2>    <p>Bu hurda metal s\u0131k\u0131\u015ft\u0131r\u0131c\u0131, orta \u00f6l\u00e7ekli veya b\u00fcy\u00fck metal kaynaklar\u0131 geri d\u00f6n\u00fc\u015f\u00fcm tesislerinde ve metal \u00fcr\u00fcnleri imalat fabrikalar\u0131nda yayg\u0131n olarak kullan\u0131labilir. <\/p>    <p>Hidrolik hurda balyalama pres makinesi, d\u00fczensiz \u015fekil ve boyutlardaki metal at\u0131klar\u0131n\u0131 kompakt s\u00fctunlara preslemek i\u00e7in hidrolik sisteminden gelen \u00e7oklu g\u00fcc\u00fc kullan\u0131r. Balyalama sonras\u0131nda bu hurda metal balyalar\u0131n\u0131n ta\u015f\u0131nmas\u0131 ve silolarda saklanmas\u0131 kolayd\u0131r ve ayr\u0131ca kaplanan alandan da tasarruf edilir.<\/p>    <figure class=\"wp-block-gallery aligncenter has-nested-images columns-default is-cropped wp-block-gallery-2 is-layout-flex wp-block-gallery-is-layout-flex\"> <figure class=\"wp-block-image size-large\"><img loading=\"lazy\" decoding=\"async\" width=\"720\" height=\"540\" data-id=\"2653\" src=\"https:\/\/www.baler-machines.com\/wp-content\/uploads\/2022\/08\/new-designed-scrap-metal-baler.webp\" alt=\"yeni tasar\u0131ml\u0131 hurda metal balya makinesi\" class=\"wp-image-2653\" title=\"\"><figcaption class=\"wp-element-caption\">Yeni Tasar\u0131ml\u0131 Hurda Metal Balya Makinesi<\/figcaption><\/figure>    <figure class=\"wp-block-image size-large\"><img loading=\"lazy\" decoding=\"async\" width=\"720\" height=\"540\" data-id=\"2651\" src=\"https:\/\/www.baler-machines.com\/wp-content\/uploads\/2022\/08\/industrial-scrap-baler.webp\" alt=\"end\u00fcstriyel hurda balyalay\u0131c\u0131\" class=\"wp-image-2651\" title=\"\"><figcaption class=\"wp-element-caption\">End\u00fcstriyel Hurda Balya Makinesi<\/figcaption><\/figure> <\/figure>    <figure class=\"wp-block-gallery aligncenter has-nested-images columns-default is-cropped wp-block-gallery-3 is-layout-flex wp-block-gallery-is-layout-flex\"> <figure class=\"wp-block-image size-full\"><img loading=\"lazy\" decoding=\"async\" width=\"720\" height=\"540\" data-id=\"2652\" src=\"https:\/\/www.baler-machines.com\/wp-content\/uploads\/2022\/08\/scrap-metal-baler-manufacturer.webp\" alt=\"hurda metal balya makinesi \u00fcreticisi\" class=\"wp-image-2652\" title=\"\"><figcaption class=\"wp-element-caption\">Hurda Metal Balya Makinesi \u00dcreticisi<\/figcaption><\/figure>    <figure class=\"wp-block-image size-full\"><img loading=\"lazy\" decoding=\"async\" width=\"720\" height=\"540\" data-id=\"2654\" src=\"https:\/\/www.baler-machines.com\/wp-content\/uploads\/2022\/08\/hydraulic-metal-baler-with-single-cylinder.webp\" alt=\"tek silindirli hidrolik metal balyalay\u0131c\u0131\" class=\"wp-image-2654\" title=\"\"><figcaption class=\"wp-element-caption\">Tek Silindirli Hidrolik Metal Balya Makinesi<\/figcaption><\/figure> <\/figure>    <h2 class=\"wp-block-heading\" id=\"h-technical-parameters-of-the-hydraulic-metal-baler\"><strong>Sat\u0131l\u0131k hurda metal balya makinesinin teknik parametreleri<\/strong><\/h2>    <figure class=\"wp-block-table\"><table><tbody><tr><td>Ekipman modeli<\/td><td>&nbsp;Bas\u0131n\u00e7(ton)<\/td><td>Pres kutusu boyutu (mm)<\/td><td>Balya boyutu (cm)<\/td><td>Bas\u0131n s\u00fcresi(sn)&nbsp;<\/td><td>G\u00fc\u00e7 (kW)<\/td><\/tr><tr><td>SL-Y81-125<\/td><td>125<\/td><td>1200*800*500<\/td><td>30*30<\/td><td>100<\/td><td>15<\/td><\/tr><tr><td>SL-Y81-135<\/td><td>135<\/td><td>1200*1000*600<\/td><td>30*30<\/td><td>110<\/td><td>18.5<\/td><\/tr><tr><td>SL-Y81-160<\/td><td>160<\/td><td>1200*1000*600<\/td><td>35*35<\/td><td>110<\/td><td>18.5<\/td><\/tr><tr><td>SL-Y81-180<\/td><td>180<\/td><td>1600*1200*800<\/td><td>40*40<\/td><td>130<\/td><td>22<\/td><\/tr><tr><td>SL-Y81-200<\/td><td>200<\/td><td>1600*1200*800<\/td><td>50*50<\/td><td>140<\/td><td>22+15<\/td><\/tr><tr><td>SL-Y81-250<\/td><td>250<\/td><td>2000*1750*1000<\/td><td>50*50<\/td><td>150<\/td><td>44<\/td><\/tr><tr><td>SL-Y81-315<\/td><td>315<\/td><td>2500*2000*1200<\/td><td>60*60<\/td><td>160<\/td><td>60<\/td><\/tr><tr><td>SL-Y81-400<\/td><td>100<\/td><td>3000*2500*1200<\/td><td>60*60<\/td><td>170<\/td><td>90<\/td><\/tr><\/tbody><\/table><figcaption class=\"wp-element-caption\">metal hurda balyalama presinin teknik parametreleri<\/figcaption><\/figure>    <h2 class=\"wp-block-heading\" id=\"h-what-waste-material-can-be-baled\"><strong>Hidrolik hurda balyalama presinin uygulamalar\u0131<\/strong><\/h2>    <p>Hurda demir balyalay\u0131c\u0131, normal ko\u015fullar alt\u0131nda \u00e7e\u015fitli at\u0131k metal \u00fcr\u00fcnlerini presleyebilir. Malzemeler \u015funlard\u0131r:<\/p>    <ul class=\"wp-block-list\"> <li>Demirli metal hurdas\u0131 <ul class=\"wp-block-list\"> <li>Hurda demir ve hurda \u00e7elik<\/li>    <li>Demir levhalar ve hafif\/ince demir malzemeler<\/li>    <li>S\u0131v\u0131 demir bloklar\u0131<\/li>    <li>Ara\u00e7 g\u00f6vdeleri ve otomobil \u015fasileri<\/li>    <li>Demir variller ve kullan\u0131lm\u0131\u015f bisikletler<\/li> <\/ul> <\/li>    <li>Demir d\u0131\u015f\u0131 metal hurdas\u0131 <ul class=\"wp-block-list\"> <li>Hurda bak\u0131r bloklar<\/li>    <li>Hurda al\u00fcminyum pullar\u0131<\/li>    <li>Al\u00fcminyum ala\u015f\u0131m profilleri<\/li> <\/ul> <\/li>    <li>Boya kovalar\u0131 ve al\u00fcminyum kutular <ul class=\"wp-block-list\"> <li>Boya kovalar\u0131<\/li>    <li>Bira kutular\u0131 ve i\u00e7ecek kutular\u0131<\/li>    <li>Teneke kutular<\/li> <\/ul> <\/li>    <li>Hafif in\u015faat at\u0131klar\u0131 <ul class=\"wp-block-list\"> <li>Renkli \u00e7elik karolar<\/li>    <li>\u0130nce demir levhalar<\/li> <\/ul> <\/li> <\/ul>    <figure class=\"wp-block-gallery aligncenter has-nested-images columns-default is-cropped wp-block-gallery-4 is-layout-flex wp-block-gallery-is-layout-flex\"> <figure class=\"wp-block-image size-full\"><img loading=\"lazy\" decoding=\"async\" width=\"720\" height=\"540\" data-id=\"2657\" src=\"https:\/\/www.baler-machines.com\/wp-content\/uploads\/2022\/08\/matrials-to-be-baled.webp\" alt=\"paketlenmesi gereken malzemeler\" class=\"wp-image-2657\" title=\"\"><figcaption class=\"wp-element-caption\">Balyalanacak Malzemeler<\/figcaption><\/figure>    <figure class=\"wp-block-image size-full\"><img loading=\"lazy\" decoding=\"async\" width=\"720\" height=\"540\" data-id=\"2656\" src=\"https:\/\/www.baler-machines.com\/wp-content\/uploads\/2022\/08\/final-products.webp\" alt=\"son \u00fcr\u00fcnler\" class=\"wp-image-2656\" title=\"\"><figcaption class=\"wp-element-caption\">Nihai \u00dcr\u00fcnler<\/figcaption><\/figure> <\/figure>    <p class=\"translation-block\">Hurda metal baleri, \u00e7e\u015fitli b\u00fcy\u00fck, orta ve k\u00fc\u00e7\u00fck \u00e7elik fabrikalar\u0131, at\u0131k metal geri d\u00f6n\u00fc\u015f\u00fcm i\u015fleme sanayi ve demir d\u0131\u015f\u0131 metal eritme sanayisi i\u00e7in uygundur. Nihai \u00fcr\u00fcn \u015fekli <strong>k\u00fcp, silindir, sekizgen, dikd\u00f6rtgen, alt\u0131gen<\/strong> vb. olabilir.<\/p>    <figure class=\"wp-block-gallery aligncenter has-nested-images columns-default is-cropped wp-block-gallery-5 is-layout-flex wp-block-gallery-is-layout-flex\"> <figure class=\"wp-block-image size-large\"><img loading=\"lazy\" decoding=\"async\" width=\"540\" height=\"540\" data-id=\"365\" src=\"https:\/\/www.baler-machines.com\/wp-content\/uploads\/2019\/12\/baled-steel-plates.jpg\" alt=\"paketlenmi\u015f \u00e7elik levhalar\" class=\"wp-image-365\" title=\"\"><figcaption class=\"wp-element-caption\">Balyalanm\u0131\u015f \u00c7elik Levhalar<\/figcaption><\/figure>    <figure class=\"wp-block-image size-large\"><img loading=\"lazy\" decoding=\"async\" width=\"540\" height=\"540\" data-id=\"372\" src=\"https:\/\/www.baler-machines.com\/wp-content\/uploads\/2019\/12\/waste-metal-baling-with-eight-prism-shape.jpg\" alt=\"sekiz prizma \u015fekilli at\u0131k metal balyalama\" class=\"wp-image-372\" title=\"\"><figcaption class=\"wp-element-caption\">Sekiz Prizma \u015eeklinde At\u0131k Metal Balyalama<\/figcaption><\/figure>    <figure class=\"wp-block-image size-large\"><img loading=\"lazy\" decoding=\"async\" width=\"540\" height=\"540\" data-id=\"364\" src=\"https:\/\/www.baler-machines.com\/wp-content\/uploads\/2019\/12\/baled-aluminum-sheets-briquettes.jpg\" alt=\"paketlenmi\u015f al\u00fcminyum levhalar briketleri\" class=\"wp-image-364\" title=\"\"><figcaption class=\"wp-element-caption\">Balyalanm\u0131\u015f Al\u00fcminyum Levha Briketler<\/figcaption><\/figure> <\/figure>    <h2 class=\"wp-block-heading\" id=\"h-advantages-of-the-hydraulic-scrap-metal-baler\"><strong>Hidrolik hurda metal balya makinesinin avantajlar\u0131<\/strong><\/h2>    <ol class=\"wp-block-list\"> <li>B\u00fcy\u00fck hurda metal balya makinesi tasar\u0131m\u0131, yerden tasarruf sa\u011flayan ve daha rahat ula\u015f\u0131m.<\/li>    <li>Balyalama i\u015fleminden sonra metal hurda daha yo\u011fun hale gelir ve daha y\u00fcksek bir fiyata sat\u0131labilir.<\/li>    <li>Metal hurda balyalama presimiz hurda i\u00e7in kullan\u0131labilir, bu da fabrikaya tekrar gelir getirebilir.<\/li>    <li>Biri tam otomatik, di\u011feri manuel olmak \u00fczere iki \u00e7e\u015fit i\u015fletim sistemi vard\u0131r (\u00e7al\u0131\u015fma elle kumanda kolu ile yap\u0131l\u0131r).<\/li>    <li>Makinenin a\u015f\u0131nmaya daha dayan\u0131kl\u0131, daha uzun servis \u00f6mr\u00fcne sahip olmas\u0131 i\u00e7in orijinaline g\u00f6re makineye plaka eklenebilir.<\/li>    <li>Ayr\u0131ca b\u0131\u00e7aklar\u0131 da ekleyebilirsiniz, b\u00f6ylece b\u00fcy\u00fck malzemeleri paketlemek daha kolay olur.<\/li> <\/ol>    <h2 class=\"wp-block-heading\" id=\"h-how-does-the-hydraulic-scrap-press-machine-work\"><strong>Metal hurda balyalama presi nas\u0131l \u00e7al\u0131\u015f\u0131r?<\/strong><\/h2>    <p>Metal malzemeler plastik deformasyon \u00f6zelli\u011fine sahiptir. Yatay metal balya makinesinin hidrolik bas\u0131nc\u0131, metal malzemelere toplanabilecek ve kal\u0131c\u0131 deformasyon \u00fcretebilecek yeterli d\u0131\u015f kuvveti verebilir, b\u00f6ylece kompakt bir kat\u0131 blok olu\u015fturabilir. <\/p>    <p class=\"translation-block\"><a href=\"https:\/\/www.baler-machines.com\/tr\/waste-iron-baler-machine-iron-scraps-baling-machine\/\" target=\"_blank\" rel=\"noreferrer noopener\">Hidrolik hurda balyalama presi<\/a> \u00e7al\u0131\u015f\u0131rken, paketlenecek malzemeleri paketin kutusuna yerle\u015ftirmek i\u00e7in al\u0131c\u0131 makineyi kullanabiliriz. Sonra, makinenin hidrolik silindir kontrol vanas\u0131n\u0131 a\u00e7\u0131n. Hidrolik metal presi, birbirine biriken \u00fc\u00e7 hidrolik bas\u0131nca sahiptir, bu da metal malzemeleri h\u0131zl\u0131 bir \u015fekilde s\u00fctunlar halinde s\u0131k\u0131\u015ft\u0131rabilir.<\/p>    <figure class=\"wp-block-gallery has-nested-images columns-default is-cropped wp-block-gallery-6 is-layout-flex wp-block-gallery-is-layout-flex\"> <figure class=\"wp-block-image size-large\"><img loading=\"lazy\" decoding=\"async\" width=\"720\" height=\"540\" data-id=\"370\" src=\"https:\/\/www.baler-machines.com\/wp-content\/uploads\/2019\/12\/customer-using-of-the-hydraulic-metal-baler.jpg\" alt=\"hidrolik metal balya makinesini kullanan m\u00fc\u015fteri\" class=\"wp-image-370\" title=\"\"><figcaption class=\"wp-element-caption\">Hidrolik Metal Balya Makinesinin M\u00fc\u015fteri Kullan\u0131m\u0131<\/figcaption><\/figure>    <figure class=\"wp-block-image size-large\"><img loading=\"lazy\" decoding=\"async\" width=\"400\" height=\"400\" data-id=\"371\" src=\"https:\/\/www.baler-machines.com\/wp-content\/uploads\/2019\/12\/waste-cans-baling-process.jpg\" alt=\"at\u0131k kutular\u0131 balyalama i\u015flemi\" class=\"wp-image-371\" title=\"\"><figcaption class=\"wp-element-caption\">At\u0131k Kutular\u0131 Balyalama \u0130\u015flemi<\/figcaption><\/figure> <\/figure>    <h2 class=\"wp-block-heading\" id=\"h-maintenance-tips-of-the-scrap-metal-baler\"><strong>Hurda metal balya makinesinin bak\u0131m ipu\u00e7lar\u0131<\/strong><\/h2>    <ul class=\"wp-block-list\"> <li>Her hafta metal balya makinesinin haznesindeki art\u0131klar\u0131 veya kiri temizleyin.<\/li>    <li>Ayda bir kez s\u00fcrg\u00fcy\u00fc, orta b\u0131\u00e7a\u011f\u0131 ve \u00f6n ejekt\u00f6r\u00fc temizleyip ya\u011flay\u0131n.<\/li>    <li>Her \u00fc\u00e7 ayda bir makinenin t\u00fcm yataklar\u0131na ya\u011flay\u0131c\u0131 ekleyin.<\/li>    <li>Metal balya makinesinin ya\u011f deposundaki hidrolik ya\u011f\u0131n\u0131 iki y\u0131lda bir d\u00fczenli olarak yenileyin.<\/li>    <li>Hidrolik ya\u011f\u0131 her ekledi\u011finizde uygun olmal\u0131d\u0131r. Mikro \u015falterin ya\u011fa bat\u0131r\u0131lmas\u0131 nedeniyle ar\u0131zalanmas\u0131n\u0131 \u00f6nlemek i\u00e7in \u00e7ok fazla eklememeyi unutmay\u0131n.<\/li> <\/ul>   <div class=\"wp-block-image\"> <figure class=\"aligncenter size-full\"><img loading=\"lazy\" decoding=\"async\" width=\"540\" height=\"540\" src=\"https:\/\/www.baler-machines.com\/wp-content\/uploads\/2019\/12\/commercial-metal-baler.jpg\" alt=\"ticari metal balya makinesi\" class=\"wp-image-177\" title=\"\"><figcaption class=\"wp-element-caption\">ticari metal balya makinesi<\/figcaption><\/figure> <\/div>   <h2 class=\"wp-block-heading\"><strong>T\u00fcm d\u00fcnyada sat\u0131\u015fa sunulan ba\u015far\u0131l\u0131 hurda metal balya makineleri vakalar\u0131<\/strong><\/h2>    <p class=\"translation-block\"><strong>Ba\u015far\u0131l\u0131 vaka: Irak'a ihra\u00e7 edilen yatay metal baler<\/strong><\/p>    <p>Irakl\u0131 m\u00fc\u015fteri b\u00fcy\u00fck miktarda metal hurda birikimine sahipti ve bu malzemeyi tercihen ikincil gelir sa\u011flayacak \u015fekilde verimli bir \u015fekilde elden \u00e7\u0131karmak istiyordu. Bu nedenle bu m\u00fc\u015fterimiz metal balya makinesi aramaya ba\u015flad\u0131 ve makinelerimizi g\u00f6rd\u00fckten sonra bizimle ileti\u015fime ge\u00e7ti. Makinelerimizi \u00f6\u011frendikten sonra \u00e7ok memnun kald\u0131 ve istedi\u011fi makinenin bu oldu\u011funu hissetti. Bu nedenle s\u00f6zle\u015fme hemen imzaland\u0131. \u0130\u015fte limana teslimat\u0131m\u0131z\u0131n bir resmi.<\/p>    <figure class=\"wp-block-gallery aligncenter has-nested-images columns-default is-cropped wp-block-gallery-7 is-layout-flex wp-block-gallery-is-layout-flex\"> <figure class=\"wp-block-image size-large\"><img loading=\"lazy\" decoding=\"async\" width=\"540\" height=\"540\" data-id=\"368\" src=\"https:\/\/www.baler-machines.com\/wp-content\/uploads\/2019\/12\/large-tonnage-metal-baler-for-shipping.jpg\" alt=\"nakliye i\u00e7in b\u00fcy\u00fck tonajl\u0131 metal pres\" class=\"wp-image-368\" title=\"\"><figcaption class=\"wp-element-caption\">Nakliye \u0130\u00e7in B\u00fcy\u00fck Tonajl\u0131 Metal Balya Makinesi<\/figcaption><\/figure>    <figure class=\"wp-block-image size-large\"><img loading=\"lazy\" decoding=\"async\" width=\"540\" height=\"540\" data-id=\"369\" src=\"https:\/\/www.baler-machines.com\/wp-content\/uploads\/2019\/12\/Shuliy-metal-baling-machine-for-sale.jpg\" alt=\"Sat\u0131l\u0131k Shuliy metal balyalama makinesi\" class=\"wp-image-369\" title=\"\"><figcaption class=\"wp-element-caption\">Sat\u0131l\u0131k Shuliy Metal Balyalama Makinas\u0131<\/figcaption><\/figure> <\/figure>    <p class=\"translation-block\"><strong>Afganistan'a sat\u0131lan SL-125 hidrolik hurda metal baleri<\/strong><\/p>    <p>Metal s\u0131k\u0131\u015ft\u0131r\u0131c\u0131m\u0131z Afganistan'daki b\u00fcy\u00fck bir hurda metal geri d\u00f6n\u00fc\u015f\u00fcm \u015firketine ba\u015far\u0131yla sat\u0131ld\u0131. M\u00fckemmel stabilite ve dayan\u0131kl\u0131l\u0131k nedeniyle \u015firket her t\u00fcrl\u00fc hurda metali h\u0131zl\u0131 bir \u015fekilde i\u015fleyebilmektedir. \u015eirket, hurda metal i\u015fleme verimlili\u011fini \u00f6nemli \u00f6l\u00e7\u00fcde art\u0131rd\u0131, nakliye maliyetlerini d\u00fc\u015f\u00fcrd\u00fc ve kaynak geri kazan\u0131m\u0131n\u0131n etkinli\u011fini art\u0131rd\u0131.<\/p>    <figure class=\"wp-block-gallery aligncenter has-nested-images columns-default is-cropped wp-block-gallery-8 is-layout-flex wp-block-gallery-is-layout-flex\"> <figure class=\"wp-block-image size-large\"><img loading=\"lazy\" decoding=\"async\" width=\"720\" height=\"540\" data-id=\"3458\" src=\"https:\/\/www.baler-machines.com\/wp-content\/uploads\/2023\/12\/hydraulic-metal-baler.webp\" alt=\"hidrolik metal balya makinesi\" class=\"wp-image-3458\" title=\"\"><figcaption class=\"wp-element-caption\">Hidrolik Metal Balya Makinesi<\/figcaption><\/figure>    <figure class=\"wp-block-image size-large\"><img loading=\"lazy\" decoding=\"async\" width=\"720\" height=\"540\" data-id=\"3459\" src=\"https:\/\/www.baler-machines.com\/wp-content\/uploads\/2023\/12\/metal-scrap-baler-machine-for-sale.webp\" alt=\"metal hurda balyalama makinesi sat\u0131l\u0131k\" class=\"wp-image-3459\" title=\"\"><figcaption class=\"wp-element-caption\">Sat\u0131l\u0131k Metal Hurda Balya Makinas\u0131<\/figcaption><\/figure> <\/figure>    <p class=\"translation-block\"><strong>Malezya'ya teslim edilen SL-125 metal s\u0131k\u0131\u015ft\u0131r\u0131c\u0131<\/strong><\/p>    <p>Malezya'da metal geri d\u00f6n\u00fc\u015f\u00fcm\u00fcnde uzmanla\u015fm\u0131\u015f bir \u015firket i\u00e7in hurda metal balya makinesi \u00e7\u00f6z\u00fcm\u00fc sa\u011flad\u0131k. 15 kW g\u00fcc\u00fcnde ve 30*30 cm balya boyutunda metal balya makinesini yandan itmeli balya y\u00f6ntemiyle Malezya i\u00e7in \u00f6zelle\u015ftirdik.<\/p>    <figure class=\"wp-block-gallery aligncenter has-nested-images columns-default is-cropped wp-block-gallery-9 is-layout-flex wp-block-gallery-is-layout-flex\"> <figure class=\"wp-block-image size-large\"><img loading=\"lazy\" decoding=\"async\" width=\"720\" height=\"540\" data-id=\"3461\" src=\"https:\/\/www.baler-machines.com\/wp-content\/uploads\/2023\/12\/iron-scrap-baling-press.webp\" alt=\"demir hurda balyalama presi\" class=\"wp-image-3461\" title=\"\"><figcaption class=\"wp-element-caption\">Demir Hurda Balyalama Presi<\/figcaption><\/figure>    <figure class=\"wp-block-image size-large\"><img loading=\"lazy\" decoding=\"async\" width=\"720\" height=\"540\" data-id=\"3465\" src=\"https:\/\/www.baler-machines.com\/wp-content\/uploads\/2023\/12\/motor-for-125T-metal-baler.webp\" alt=\"125T metal balya makinesi i\u00e7in motor\" class=\"wp-image-3465\" title=\"\"><figcaption class=\"wp-element-caption\">125T Metal Balya Makinesi \u0130\u00e7in Motor<\/figcaption><\/figure> <\/figure>    <h2 class=\"wp-block-heading\"><strong>Teklif i\u00e7in bizimle ileti\u015fime ge\u00e7in!<\/strong><\/h2>    <p class=\"translation-block\"><a href=\"https:\/\/en.wikipedia.org\/wiki\/Scrap\" target=\"_blank\" rel=\"noopener\">Hurda metal<\/a> geri d\u00f6n\u00fc\u015f\u00fcm\u00fcn\u00fc ne kadar h\u0131zl\u0131 yapabilece\u011finizi merak m\u0131 ediyorsunuz? E\u011fer \u00f6yleyse, bizimle ileti\u015fime ge\u00e7in! \u0130htiya\u00e7lar\u0131n\u0131za g\u00f6re size en uygun \u00e7\u00f6z\u00fcm\u00fc ve en iyi teklifi sa\u011flayaca\u011f\u0131z.<\/p>","protected":false},"excerpt":{"rendered":"<p>Yatay metal baler ayr\u0131ca at\u0131k demir baler\u0131, kutu s\u0131k\u0131\u015ft\u0131rma makinesi olarak da adland\u0131r\u0131labilir, at\u0131k \u00e7elik s\u0131k\u0131\u015ft\u0131rma makinesi ve al\u00fcminyum kutu baleridir. Bu t\u00fcr metal geri d\u00f6n\u00fc\u015f\u00fcm ekipman\u0131, silindirik, dikd\u00f6rtgen, k\u00fcp, alt\u0131gen ve di\u011fer \u00e7ok prizma \u015fekillerine sahip her t\u00fcr metal at\u0131k ve di\u011fer kat\u0131 at\u0131klar\u0131n s\u0131k\u0131\u015ft\u0131r\u0131lmas\u0131na \u00e7ok geni\u015f uygulamalar sa\u011flar.<\/p>","protected":false},"author":1,"featured_media":2665,"parent":0,"template":"","tags":[414,20,408,22,594,21],"product-type":[563],"class_list":["post-299","product","type-product","status-publish","has-post-thumbnail","hentry","tag-baler","tag-horizontal-metal-baler","tag-metal","tag-metal-baling-machine","tag-scrap-metal-baler","tag-waste-metal-baler","product-type-baler-machine"],"_links":{"self":[{"href":"https:\/\/www.baler-machines.com\/tr\/wp-json\/wp\/v2\/product\/299","targetHints":{"allow":["GET"]}}],"collection":[{"href":"https:\/\/www.baler-machines.com\/tr\/wp-json\/wp\/v2\/product"}],"about":[{"href":"https:\/\/www.baler-machines.com\/tr\/wp-json\/wp\/v2\/types\/product"}],"author":[{"embeddable":true,"href":"https:\/\/www.baler-machines.com\/tr\/wp-json\/wp\/v2\/users\/1"}],"wp:featuredmedia":[{"embeddable":true,"href":"https:\/\/www.baler-machines.com\/tr\/wp-json\/wp\/v2\/media\/2665"}],"wp:attachment":[{"href":"https:\/\/www.baler-machines.com\/tr\/wp-json\/wp\/v2\/media?parent=299"}],"wp:term":[{"taxonomy":"post_tag","embeddable":true,"href":"https:\/\/www.baler-machines.com\/tr\/wp-json\/wp\/v2\/tags?post=299"},{"taxonomy":"product-type","embeddable":true,"href":"https:\/\/www.baler-machines.com\/tr\/wp-json\/wp\/v2\/product-type?post=299"}],"curies":[{"name":"wp","href":"https:\/\/api.w.org\/{rel}","templated":true}]}}