{"id":291,"date":"2019-12-11T03:13:48","date_gmt":"2019-12-11T03:13:48","guid":{"rendered":"https:\/\/www.baler-machines.com\/?p=291"},"modified":"2024-08-01T18:03:32","modified_gmt":"2024-08-01T10:03:32","slug":"gantry-shear-hydraulic-metal-shearing-machine","status":"publish","type":"product","link":"https:\/\/www.baler-machines.com\/tr\/metal-shears-metal-shearing-machine\/","title":{"rendered":"Metal Kesim i\u00e7in Hidrolik Portal Makas\u0131"},"content":{"rendered":"<p class=\"translation-block\">Shuliy <strong>gantry makas\u0131<\/strong> (hidrolik metal kesme makinesi veya sac metal makas\u0131) esas olarak b\u00fcy\u00fck veya uzun hurda metal malzemeleri kesmek i\u00e7in kullan\u0131l\u0131r. Hurda metali kesmek i\u00e7in dakikada 4-6 kez kapasiteye sahiptir.<\/p>    <p>Bu metal kesme makas\u0131, so\u011fuk kesmeyi benimser, hurda metali 20-30 cm'ye kadar keser ve \u00e7\u0131kt\u0131 saatte 2,5-30 ton aras\u0131nda de\u011fi\u015fir. <\/p>    <figure class=\"wp-block-gallery aligncenter has-nested-images columns-default is-cropped wp-block-gallery-2 is-layout-flex wp-block-gallery-is-layout-flex\"> <figure class=\"wp-block-image size-full\"><img loading=\"lazy\" decoding=\"async\" width=\"720\" height=\"540\" data-id=\"2497\" src=\"https:\/\/www.baler-machines.com\/wp-content\/uploads\/2022\/08\/scrap-metal-shear.webp\" alt=\"hurda metal kesme\" class=\"wp-image-2497\" title=\"\"><figcaption class=\"wp-element-caption\">Hurda Metal Makas<\/figcaption><\/figure>    <figure class=\"wp-block-image size-large\"><img loading=\"lazy\" decoding=\"async\" width=\"720\" height=\"540\" data-id=\"2494\" src=\"https:\/\/www.baler-machines.com\/wp-content\/uploads\/2022\/08\/materials-feeder.webp\" alt=\"malzeme besleyici\" class=\"wp-image-2494\" title=\"\"><figcaption class=\"wp-element-caption\">Malzeme Besleyici<\/figcaption><\/figure> <\/figure>    <figure class=\"wp-block-gallery aligncenter has-nested-images columns-default is-cropped wp-block-gallery-3 is-layout-flex wp-block-gallery-is-layout-flex\"> <figure class=\"wp-block-image size-large\"><img loading=\"lazy\" decoding=\"async\" width=\"720\" height=\"540\" data-id=\"2495\" src=\"https:\/\/www.baler-machines.com\/wp-content\/uploads\/2022\/08\/gantry-shear.webp\" alt=\"gantry-kesme\" class=\"wp-image-2495\" title=\"\"><figcaption class=\"wp-element-caption\">Portal Makas\u0131<\/figcaption><\/figure>    <figure class=\"wp-block-image size-full\"><img loading=\"lazy\" decoding=\"async\" width=\"720\" height=\"540\" data-id=\"3772\" src=\"https:\/\/www.baler-machines.com\/wp-content\/uploads\/2019\/12\/heavy-duty-metal-shearing-machine-with-conveyor.webp\" alt=\"konvey\u00f6rl\u00fc a\u011f\u0131r metal kesme makinesi\" class=\"wp-image-3772\" title=\"\" srcset=\"https:\/\/www.baler-machines.com\/wp-content\/uploads\/2019\/12\/heavy-duty-metal-shearing-machine-with-conveyor.webp 720w, https:\/\/www.baler-machines.com\/wp-content\/uploads\/2019\/12\/heavy-duty-metal-shearing-machine-with-conveyor-16x12.webp 16w\" sizes=\"auto, (max-width: 720px) 100vw, 720px\" \/><figcaption class=\"wp-element-caption\">Konvey\u00f6rl\u00fc A\u011f\u0131r Hizmet Metal Kesme Makinesi<\/figcaption><\/figure> <\/figure>    <p> Hidrolik metal kesici her zaman hurda metal beslemesi i\u00e7in bir konvey\u00f6r ile donat\u0131lm\u0131\u015ft\u0131r. \u00c7e\u015fitli \u015fekillerdeki hurda \u00e7elik, hurda demir, y\u0131k\u0131k benzin varilleri ve \u00e7e\u015fitli metal yap\u0131sal par\u00e7alar i\u00e7in uygundur.<\/p>    <p>Ayr\u0131ca b\u00fcy\u00fck miktarlarda hurday\u0131 i\u015fleyebilir ve ayn\u0131 zamanda \u00e7evre dostudur.<\/p>    <p>Bu nedenle, hurda metal makas\u0131 \u00e7e\u015fitli metal geri d\u00f6n\u00fc\u015f\u00fcm i\u015fleme tesislerinde, hurda araba s\u00f6k\u00fcm tesislerinde, eritme ve d\u00f6k\u00fcm end\u00fcstrilerinde vb. yayg\u0131n olarak kullan\u0131lmaktad\u0131r. \u0130lgileniyorsan\u0131z, daha fazla ayr\u0131nt\u0131 i\u00e7in bizimle ileti\u015fime ge\u00e7ebilirsiniz!<\/p>    <figure class=\"wp-block-embed is-type-video is-provider-youtube wp-block-embed-youtube wp-embed-aspect-16-9 wp-has-aspect-ratio\"><div class=\"wp-block-embed__wrapper\"> <iframe loading=\"lazy\" title=\"End\u00fcstriyel Portal Makas\u0131 | A\u011f\u0131r Hizmet Tipi Metal Hurda Kesme Makinas\u0131 | Metal Kesme Makinas\u0131 #metal #shear\" width=\"500\" height=\"281\" src=\"https:\/\/www.youtube.com\/embed\/9a8ZnWGbRG8?feature=oembed\" frameborder=\"0\" allow=\"accelerometer; autoplay; clipboard-write; encrypted-media; gyroscope; picture-in-picture; web-share\" referrerpolicy=\"strict-origin-when-cross-origin\" allowfullscreen><\/iframe> <\/div><figcaption class=\"wp-element-caption\">hurda metal kesme makinas\u0131 videosu<\/figcaption><\/figure>    <h2 class=\"wp-block-heading\"><strong>Hidrolik portal makas\u0131n\u0131n avantajlar\u0131<\/strong><\/h2>    <ul class=\"wp-block-list\"> <li>Bu makine, \u00e7al\u0131\u015fma, d\u00fc\u015f\u00fck g\u00fcr\u00fclt\u00fc, istikrarl\u0131 \u00e7al\u0131\u015fma ve uzun servis \u00f6mr\u00fc i\u00e7in hidrolik bas\u0131nc\u0131 benimser.<\/li>    <li>Shuliy metal kesme makinesi, kullan\u0131m\u0131 kolay ve g\u00fcvenli olan elektrik kontrol\u00fcn\u00fc benimser.<\/li>    <li>Makine, Shuliy'in a\u011f\u0131r hizmet tipi metal hurdalar\u0131n\u0131 kald\u0131rabilen en g\u00fc\u00e7l\u00fc kesme kuvvetine sahiptir. Kapasitesi de olduk\u00e7a g\u00fc\u00e7l\u00fcd\u00fcr.<\/li>    <li>\u0130n\u015faat demiri, hurda araba kabuklar\u0131 gibi geni\u015f bir metal hurda i\u015fleme yelpazesine sahiptir. \u00c7ok g\u00fc\u00e7l\u00fc bir pratikli\u011fe sahiptir.<\/li>    <li>\u00c7e\u015fitli makine modelleri mevcuttur ve \u00e7\u0131kt\u0131lar 3 ila 250 ton aras\u0131nda de\u011fi\u015fmektedir.<\/li>    <li>Bitmi\u015f \u00fcr\u00fcnlerin boyutu ayarlanabilir. Genel olarak konu\u015fursak, bitmi\u015f \u00fcr\u00fcn\u00fcn boyutu 20-30 cm'dir.<\/li> <\/ul>    <figure class=\"wp-block-gallery has-nested-images columns-default is-cropped wp-block-gallery-4 is-layout-flex wp-block-gallery-is-layout-flex\"> <figure class=\"wp-block-image size-large\"><img loading=\"lazy\" decoding=\"async\" width=\"720\" height=\"540\" data-id=\"3779\" src=\"https:\/\/www.baler-machines.com\/wp-content\/uploads\/2019\/12\/Shuliy-big-metal-cutting-machine.webp\" alt=\"Shuliy b\u00fcy\u00fck metal kesme makinas\u0131\" class=\"wp-image-3779\" title=\"\" srcset=\"https:\/\/www.baler-machines.com\/wp-content\/uploads\/2019\/12\/Shuliy-big-metal-cutting-machine.webp 720w, https:\/\/www.baler-machines.com\/wp-content\/uploads\/2019\/12\/Shuliy-big-metal-cutting-machine-16x12.webp 16w\" sizes=\"auto, (max-width: 720px) 100vw, 720px\" \/><figcaption class=\"wp-element-caption\">Shuliy B\u00fcy\u00fck Metal Kesme Makinas\u0131<\/figcaption><\/figure>    <figure class=\"wp-block-image size-large\"><img loading=\"lazy\" decoding=\"async\" width=\"720\" height=\"540\" data-id=\"3780\" src=\"https:\/\/www.baler-machines.com\/wp-content\/uploads\/2019\/12\/hydraulic-gantry-shear-machine-for-sale.webp\" alt=\"Sat\u0131l\u0131k Hidrolik Gantry Kesme Makinesi\" class=\"wp-image-3780\" title=\"\" srcset=\"https:\/\/www.baler-machines.com\/wp-content\/uploads\/2019\/12\/hydraulic-gantry-shear-machine-for-sale.webp 720w, https:\/\/www.baler-machines.com\/wp-content\/uploads\/2019\/12\/hydraulic-gantry-shear-machine-for-sale-16x12.webp 16w\" sizes=\"auto, (max-width: 720px) 100vw, 720px\" \/><figcaption class=\"wp-element-caption\">Sat\u0131l\u0131k Hidrolik Portal Kesme Makinas\u0131<\/figcaption><\/figure> <\/figure>    <h2 class=\"wp-block-heading\" id=\"h-technical-parameters-of-the-heavy-duty-metal-shear\"><strong>A\u011f\u0131r metal kesmenin teknik parametreleri<\/strong><\/h2>    <figure class=\"wp-block-table\"><table><tbody><tr><td>Modeli<\/td><td>SLY-200T<\/td><td>SLY-400T<\/td><td>SLY-600T<\/td><td>SLY-800T<\/td><td>SLY-1000T<\/td><td>SLY-1250T<\/td><\/tr><tr><td>Maks. kesme kuvveti(t)<\/td><td>200<\/td><td>400<\/td><td>600<\/td><td>800<\/td><td>1000<\/td><td>1250<\/td><\/tr><tr><td>Sistem bas\u0131nc\u0131(Mpa)<\/td><td>\u226425<\/td><td>\u226425<\/td><td>\u226425<\/td><td>\u226425<\/td><td>\u226425<\/td><td>\u226425<\/td><\/tr><tr><td>Kutu boyutu (mm)<\/td><td>700*1600*2300<\/td><td>5000*1300*500<\/td><td>5500*1500*700<\/td><td>6000*1700*800<\/td><td>6000*1900*1000<\/td><td>8000*2100*1500<\/td><\/tr><tr><td>B\u0131\u00e7ak uzunlu\u011fu (mm)<\/td><td>1200<\/td><td>1400<\/td><td>1600<\/td><td>1800<\/td><td>2000<\/td><td>2200<\/td><\/tr><tr><td>Kapasite(ton\/saat)<\/td><td>2.5-3<\/td><td>4-5<\/td><td>8-10<\/td><td>15-20<\/td><td>20-25<\/td><td>25-30<\/td><\/tr><tr><td>Kesme kuvveti (kez\/dak)<\/td><td>4-6<\/td><td>4-6<\/td><td>4-6<\/td><td>4-6<\/td><td>4-6<\/td><td>4-6<\/td><\/tr><tr><td>G\u00fc\u00e7(kW)<\/td><td>2*18.5<\/td><td>2*45<\/td><td>3*45<\/td><td>4*45<\/td><td>5*45<\/td><td>6*45<\/td><\/tr><tr><td>A\u011f\u0131rl\u0131k(t)<\/td><td>11<\/td><td>19<\/td><td>30<\/td><td>38<\/td><td>60<\/td><td>88<\/td><\/tr><\/tbody><\/table><figcaption class=\"wp-element-caption\">dikey portal makas\u0131n\u0131n \u00f6zellikleri<\/figcaption><\/figure>    <p>Sat\u0131\u015fta \u00e7e\u015fitli tipte hidrolik metal kesme makineleri bulunmaktad\u0131r ve kapasitesi saatte 2.5-30 ton aras\u0131ndad\u0131r. E\u011fer metal at\u0131k geri d\u00f6n\u00fc\u015f\u00fcm \u00e7\u00f6z\u00fcm\u00fc ar\u0131yorsan\u0131z, l\u00fctfen bizimle ileti\u015fime ge\u00e7in. Size en iyi \u00f6nerileri sunaca\u011f\u0131z. <\/p>    <p>\u00d6rne\u011fin saatte 4-10 ton kapasiteyle in\u015faat \u00e7eli\u011fi at\u0131klar\u0131n\u0131 kesmek istiyorsan\u0131z. Ayr\u0131ca b\u00fct\u00e7eniz de yeterli. O halde SLY-800T portal makas\u0131 sizin i\u00e7in en iyi se\u00e7im olacakt\u0131r. <\/p>    <p>Ayr\u0131nt\u0131l\u0131 bir \u00e7\u00f6z\u00fcm istiyorsan\u0131z, daha fazlas\u0131 i\u00e7in istedi\u011finiz zaman bizimle ileti\u015fime ge\u00e7ebilirsiniz!<\/p>    <h2 class=\"wp-block-heading\" id=\"h-applications-of-the-hydraulic-metal-shear\"><strong>Uygulanabilir hammaddeler ve hidrolik portal makas uygulamalar\u0131<\/strong><\/h2>    <p>Bu sac kesme makinesi esas olarak a\u015fa\u011f\u0131dakiler gibi \u00e7e\u015fitli metal hurdalar\u0131n kesilmesi i\u00e7in uygundur:<\/p>    <p class=\"translation-block\"><strong>Kat\u0131 hurda demir, hafif ve ince hurda \u00e7elik, hurda araba kabuklar\u0131, \u00e7elikten yap\u0131lm\u0131\u015f d\u00f6kme hafif metal yap\u0131lar, \u00fcretim ve ya\u015fam i\u00e7in hurda \u00e7elik, \u00e7e\u015fitli plastik demir d\u0131\u015f\u0131 metaller (paslanmaz \u00e7elik, al\u00fcminyum ala\u015f\u0131mlar\u0131, bak\u0131r malzemeleri), in\u015faat hurda \u00e7eli\u011fi, b\u00fcy\u00fck d\u00fczensiz \u00e7elik yap\u0131lar, \u00e7elik borular, \u00e7elik levhalar, kanal \u00e7eli\u011fi, I-kiri\u015fler, \u00e7elik \u00e7ubuklar,<\/strong> vb. <\/p>   <div class=\"wp-block-image\"> <figure class=\"aligncenter size-full\"><img loading=\"lazy\" decoding=\"async\" width=\"720\" height=\"540\" src=\"https:\/\/www.baler-machines.com\/wp-content\/uploads\/2022\/08\/wide-applications-of-hydraulic-gantry-shear.webp\" alt=\"hidrolik portal makas\u0131n\u0131n geni\u015f uygulamalar\u0131\" class=\"wp-image-2504\" title=\"\"><figcaption class=\"wp-element-caption\">hidrolik portal makas\u0131n\u0131n geni\u015f uygulamalar\u0131<\/figcaption><\/figure> <\/div>   <p>K\u0131rpma i\u015fleminden sonra, kolay ta\u015f\u0131nabilirlik i\u00e7in ve ocak y\u00fck\u00fc i\u00e7in s\u0131k\u0131\u015ft\u0131rma balyas\u0131 yap\u0131lmas\u0131na uygundur.<\/p>    <p>Shuliy elektrikli metal makas\u0131 a\u015fa\u011f\u0131dakiler i\u00e7in ideal i\u015fleme ekipman\u0131d\u0131r:<\/p>    <ul class=\"wp-block-list\"> <li>\u00c7elik tesisleri<\/li>    <li>Demir d\u0131\u015f\u0131 metal eritme end\u00fcstrisi<\/li>    <li>Hassas d\u00f6k\u00fcm end\u00fcstrisi<\/li>    <li>Hammadde \u00fcreticileri<\/li> <\/ul>    <h2 class=\"wp-block-heading\" id=\"h-structure-of-the-heavy-duty-metal-gantry-shear\"><strong>A\u011f\u0131r hizmet tipi metal portal makas\u0131n\u0131n yap\u0131s\u0131<\/strong><\/h2>    <p>Bu makine kutu, kafa ve kesiciden yap\u0131lm\u0131\u015ft\u0131r.<\/p>    <ul class=\"wp-block-list\"> <li><strong>\u00c7\u00f6p kutusu<\/strong>: Her t\u00fcrl\u00fc metal hurday\u0131 depolay\u0131n. Bazen hurda metali rahat ve h\u0131zl\u0131 bir \u015fekilde y\u00fcklemek i\u00e7in y\u00fckleyiciye ihtiya\u00e7 duyars\u0131n\u0131z.<\/li>    <li><strong>Makine kafas\u0131<\/strong>: \u00c7al\u0131\u015f\u0131rken a\u015fa\u011f\u0131 bast\u0131r\u0131lan, \u00fcst\u00fcnde hidrolik kolu bulunan dikey bir \u00e7er\u00e7eve.<\/li>    <li><strong>B\u0131\u00e7ak<\/strong>: Metal hurdalar\u0131n\u0131 kesmek i\u00e7in \u00f6nemli bir alet.  <ul class=\"wp-block-list\"> <li>Farkl\u0131 makine modellerinin farkl\u0131 b\u0131\u00e7aklar\u0131 vard\u0131r. <\/li>    <li>B\u0131\u00e7aklar, birka\u00e7 setle daha uygun \u015fekilde donat\u0131labilen a\u015f\u0131nan par\u00e7alara aittir.<\/li> <\/ul> <\/li> <\/ul>   <div class=\"wp-block-image\"> <figure class=\"aligncenter size-full\"><img loading=\"lazy\" decoding=\"async\" width=\"720\" height=\"540\" src=\"https:\/\/www.baler-machines.com\/wp-content\/uploads\/2022\/08\/gantry-shear-structure.webp\" alt=\"gantry-kesme-yap\u0131s\u0131\" class=\"wp-image-2493\" title=\"\"><figcaption class=\"wp-element-caption\">portal kesme yap\u0131s\u0131<\/figcaption><\/figure> <\/div>   <h2 class=\"wp-block-heading\" id=\"h-how-does-the-gantry-shear-work\"><strong>Shuliy metal kesme makinesi nas\u0131l \u00e7al\u0131\u015f\u0131r?<\/strong><\/h2>    <p>Makinenin i\u015f ak\u0131\u015f\u0131 basit olarak tan\u0131mlanabilir.<\/p>    <ul class=\"wp-block-list\"> <li>\u00d6ncelikle malzemeyi y\u00fcklemek i\u00e7in y\u00fckleyici makineyi kullan\u0131n. <ul class=\"wp-block-list\"> <li>Metal hurdas\u0131 belirli bir miktara ula\u015ft\u0131\u011f\u0131nda y\u00fckleme durdurulabilir ve silo kap\u0131s\u0131 kapat\u0131labilir.<\/li> <\/ul> <\/li>    <li>Daha sonra hidrolik \u00e7ubuk \u00e7al\u0131\u015fmaya ba\u015flar.  <ul class=\"wp-block-list\"> <li>\u00c7\u00f6p kutusunun arkas\u0131nda metal hurday\u0131 ileri do\u011fru iten bir hidrolik kol bulunmaktad\u0131r.<\/li>    <li>Malzemenin preslenmesinden makinenin ba\u015f\u0131ndaki hidrolik kol sorumludur.<\/li> <\/ul> <\/li>    <li>Son olarak kesici hurday\u0131 kesmek \u00fczere d\u00fc\u015fer ve t\u00fcm s\u00fcre\u00e7 tamamlan\u0131r. Daha sonra t\u00fcm s\u00fcreci tekrarlay\u0131n.<\/li> <\/ul>   <div class=\"wp-block-image is-resized\"> <figure class=\"aligncenter size-full\"><img loading=\"lazy\" decoding=\"async\" width=\"540\" height=\"540\" src=\"https:\/\/www.baler-machines.com\/wp-content\/uploads\/2019\/12\/application-scenes-of-metal-shearing-machine.webp\" alt=\"metal kesme makinesinin uygulama sahneleri\" class=\"wp-image-3777\" title=\"\" srcset=\"https:\/\/www.baler-machines.com\/wp-content\/uploads\/2019\/12\/application-scenes-of-metal-shearing-machine.webp 540w, https:\/\/www.baler-machines.com\/wp-content\/uploads\/2019\/12\/application-scenes-of-metal-shearing-machine-12x12.webp 12w\" sizes=\"auto, (max-width: 540px) 100vw, 540px\" \/><figcaption class=\"wp-element-caption\">metal kesme makinesinin uygulama sahneleri<\/figcaption><\/figure> <\/div>   <h2 class=\"wp-block-heading\" id=\"h-advanatges-of-shearing-scrap-metal\"><strong>Neden hurda metali geri d\u00f6n\u00fc\u015f\u00fcm i\u00e7in kesmeli?<\/strong><\/h2>    <ol class=\"wp-block-list\"> <li><strong>Daha y\u00fcksek sat\u0131\u015f fiyat\u0131<\/strong>. Kesildikten sonra paketlenebilir ve ta\u015f\u0131nmas\u0131 kolayd\u0131r. Sat\u0131ld\u0131\u011f\u0131nda yo\u011funluk daha fazla ve fiyat\u0131 daha y\u00fcksek olacakt\u0131r.<\/li>    <li><strong>Daha fazla i\u015flem ve kullan\u0131m<\/strong>. K\u0131rpma i\u015fleminden sonra, \u00e7e\u015fitli metal at\u0131klar\u0131 metal i\u015fleme tesislerine, eritme ocaklar\u0131na vb. konulabilir. Bu, daha fazla k\u00e2r elde etmek i\u00e7in daha ileri i\u015fleme i\u00e7indir.<\/li>    <li><strong>Hurdalar\u0131n uygun \u015fekilde geri d\u00f6n\u00fc\u015ft\u00fcr\u00fclmesi<\/strong>. At\u0131klar kesilmedi\u011fi takdirde i\u015flenmesi ve geri d\u00f6n\u00fc\u015ft\u00fcr\u00fclmesi zorla\u015facakt\u0131r. Kesmek sadece bu sorunu \u00e7\u00f6zer.<\/li> <\/ol>   <div class=\"wp-block-image is-resized\"> <figure class=\"aligncenter size-full\"><img loading=\"lazy\" decoding=\"async\" width=\"720\" height=\"495\" src=\"https:\/\/www.baler-machines.com\/wp-content\/uploads\/2019\/12\/large-metal-shear-machine-used-in-recycling-plant.webp\" alt=\"geri d\u00f6n\u00fc\u015f\u00fcm tesisinde kullan\u0131lan b\u00fcy\u00fck metal kesme makinesi\" class=\"wp-image-3775\" title=\"\" srcset=\"https:\/\/www.baler-machines.com\/wp-content\/uploads\/2019\/12\/large-metal-shear-machine-used-in-recycling-plant.webp 720w, https:\/\/www.baler-machines.com\/wp-content\/uploads\/2019\/12\/large-metal-shear-machine-used-in-recycling-plant-18x12.webp 18w\" sizes=\"auto, (max-width: 720px) 100vw, 720px\" \/><figcaption class=\"wp-element-caption\">geri d\u00f6n\u00fc\u015f\u00fcm tesisinde kullan\u0131lan b\u00fcy\u00fck metal kesme makinesi<\/figcaption><\/figure> <\/div>   <h2 class=\"wp-block-heading\" id=\"h-precautions-in-operation-and-blade-replacement\"><strong>\u00c7al\u0131\u015ft\u0131rma ve b\u0131\u00e7a\u011f\u0131n de\u011fi\u015ftirilmesiyle ilgili \u00f6nlemler<\/strong><\/h2>    <p class=\"translation-block\">Daha fazla ayr\u0131nt\u0131 \u00f6\u011frenmek i\u00e7in bu makaleyi inceleyin: <a href=\"https:\/\/www.baler-machines.com\/tr\/how-to-use-and-change-blades-of-scrap-metal-guillotine-shear\/\">Hurda Metal Giyotin Makas\u0131n Nas\u0131l Kullan\u0131l\u0131r ve B\u0131\u00e7aklar\u0131 Nas\u0131l De\u011fi\u015ftirilir?<\/a><\/p>   <div class=\"wp-block-image\"> <figure class=\"aligncenter size-full\"><img loading=\"lazy\" decoding=\"async\" width=\"720\" height=\"540\" src=\"https:\/\/www.baler-machines.com\/wp-content\/uploads\/2022\/08\/hydraulic-gantry-shear.webp\" alt=\"hidrolik-gantry-kesici\" class=\"wp-image-2496\" title=\"\"><figcaption class=\"wp-element-caption\">hidrolik portal makas\u0131<\/figcaption><\/figure> <\/div>   <h2 class=\"wp-block-heading\"><strong>A\u011f\u0131r hizmet tipi portal kesme fiyat\u0131na ne dersiniz?<\/strong><\/h2>    <p>Makine fiyat\u0131 dikkate al\u0131nmas\u0131 gereken en \u00f6nemli hususlardan biridir ve temel olarak a\u015fa\u011f\u0131dakilerden etkilenir:<\/p>    <ul class=\"wp-block-list\"> <li><strong>Kesme kuvveti ve kesme kapasitesi<\/strong>. Kesme kuvveti ne kadar y\u00fcksek olursa, ekipman o kadar fazla t\u00fcrde ve boyutta metal hurday\u0131 kald\u0131rabilir. Buna g\u00f6re fiyat daha y\u00fcksek olacakt\u0131r.<\/li>    <li><strong>Hidrolik sistem ve motor g\u00fcc\u00fc<\/strong>. Daha y\u00fcksek g\u00fc\u00e7l\u00fc hidrolik sistemler ve motorlar, daha fazla kesme kuvveti ve daha y\u00fcksek verimlilik sa\u011flar, ancak ayn\u0131 zamanda ekipman maliyetlerini de art\u0131r\u0131r.<\/li>    <li><strong>B\u0131\u00e7ak kalitesi ve \u00f6mr\u00fc<\/strong>. B\u0131\u00e7aklardan yap\u0131lm\u0131\u015f y\u00fcksek sertlikte, a\u015f\u0131nmaya kar\u015f\u0131 y\u00fcksek diren\u00e7li malzemelerin kullan\u0131lmas\u0131 daha maliyetlidir. Ancak ekipman\u0131n servis \u00f6mr\u00fcn\u00fc \u00f6nemli \u00f6l\u00e7\u00fcde uzatabilir ve bak\u0131m maliyetlerini azaltabilir.<\/li>    <li><strong>Marka ve sat\u0131\u015f sonras\u0131 servis<\/strong>. \u00dcnl\u00fc markalar\u0131n portal makaslar\u0131 genellikle garantili kalite ve m\u00fckemmel sat\u0131\u015f sonras\u0131 hizmete sahiptir, bu nedenle fiyat nispeten y\u00fcksektir.<\/li>    <li><strong>\u00d6zelle\u015ftirilmi\u015f talep<\/strong>. Makineyi \u00f6zelle\u015ftirmek istiyorsan\u0131z (\u00f6zel boyut, ekstra \u00f6zellikler veya geli\u015ftirilmi\u015f dayan\u0131kl\u0131l\u0131k gibi), makinenin fiyat\u0131 standart modelden daha y\u00fcksek olacakt\u0131r.<\/li> <\/ul>    <figure class=\"wp-block-gallery has-nested-images columns-default is-cropped wp-block-gallery-5 is-layout-flex wp-block-gallery-is-layout-flex\"> <figure class=\"wp-block-image size-large\"><img loading=\"lazy\" decoding=\"async\" width=\"540\" height=\"720\" data-id=\"3788\" src=\"https:\/\/www.baler-machines.com\/wp-content\/uploads\/2019\/12\/scrap-metal-shear-machine-for-sale.webp\" alt=\"sat\u0131l\u0131k hurda metal kesme makinesi\" class=\"wp-image-3788\" title=\"\" srcset=\"https:\/\/www.baler-machines.com\/wp-content\/uploads\/2019\/12\/scrap-metal-shear-machine-for-sale.webp 540w, https:\/\/www.baler-machines.com\/wp-content\/uploads\/2019\/12\/scrap-metal-shear-machine-for-sale-9x12.webp 9w\" sizes=\"auto, (max-width: 540px) 100vw, 540px\" \/><figcaption class=\"wp-element-caption\">Sat\u0131l\u0131k Hurda Metal Kesme Makinas\u0131<\/figcaption><\/figure>    <figure class=\"wp-block-image size-large\"><img loading=\"lazy\" decoding=\"async\" width=\"540\" height=\"720\" data-id=\"3790\" src=\"https:\/\/www.baler-machines.com\/wp-content\/uploads\/2019\/12\/good-sheet-metal-sheaing-machine.webp\" alt=\"iyi levha metal kesme makinesi\" class=\"wp-image-3790\" title=\"\" srcset=\"https:\/\/www.baler-machines.com\/wp-content\/uploads\/2019\/12\/good-sheet-metal-sheaing-machine.webp 540w, https:\/\/www.baler-machines.com\/wp-content\/uploads\/2019\/12\/good-sheet-metal-sheaing-machine-9x12.webp 9w\" sizes=\"auto, (max-width: 540px) 100vw, 540px\" \/><figcaption class=\"wp-element-caption\">\u0130yi Sac Kaplama Makinas\u0131<\/figcaption><\/figure> <\/figure>    <h2 class=\"wp-block-heading\"><strong>Ba\u015far\u0131l\u0131 \u00f6rnek: Bahreyn'e sat\u0131l\u0131k hidrolik metal makas<\/strong><\/h2>    <p>Bu y\u0131l\u0131n temmuz ay\u0131nda Bahreyn'den bir m\u00fc\u015fterimiz bizden makaslarla ilgili bilgi istedi. \u0130ste\u011fi \u00fczerine sat\u0131\u015f m\u00fcd\u00fcr\u00fcm\u00fcz kendisine bu portal makas\u0131n\u0131 tavsiye etti. <\/p>    <p>Yaln\u0131zca b\u00fcy\u00fck miktardaki metal hurday\u0131 ta\u015f\u0131makla kalmaz, ayn\u0131 zamanda kesme kuvveti de i\u015flenebilecek en g\u00fc\u00e7l\u00fc kuvvettir. Makine stabildir ve ayr\u0131ca uzun s\u00fcre kullan\u0131labilir. <\/p>    <p>Bahreynli m\u00fc\u015fterimiz makineyi anlad\u0131ktan sonra \u00e7ok mutlu oldu ve bir anla\u015fma imzalad\u0131k. Makinenin deniz yoluyla onun yerine g\u00f6nderilmesi konusunu da konu\u015ftuk.<\/p>    <figure class=\"wp-block-gallery has-nested-images columns-default is-cropped wp-block-gallery-6 is-layout-flex wp-block-gallery-is-layout-flex\"> <figure class=\"wp-block-image size-full\"><img loading=\"lazy\" decoding=\"async\" width=\"720\" height=\"540\" data-id=\"3783\" src=\"https:\/\/www.baler-machines.com\/wp-content\/uploads\/2019\/12\/manufacturing-gantry-shearing-machine-in-the-factory.webp\" alt=\"Fabrikada gantry kesme makinesi \u00fcretimi\" class=\"wp-image-3783\" title=\"\" srcset=\"https:\/\/www.baler-machines.com\/wp-content\/uploads\/2019\/12\/manufacturing-gantry-shearing-machine-in-the-factory.webp 720w, https:\/\/www.baler-machines.com\/wp-content\/uploads\/2019\/12\/manufacturing-gantry-shearing-machine-in-the-factory-16x12.webp 16w\" sizes=\"auto, (max-width: 720px) 100vw, 720px\" \/><figcaption class=\"wp-element-caption\">Fabrikada Portal Kesme Makinesi \u0130malat\u0131<\/figcaption><\/figure>    <figure class=\"wp-block-image size-full\"><img loading=\"lazy\" decoding=\"async\" width=\"720\" height=\"540\" data-id=\"3782\" src=\"https:\/\/www.baler-machines.com\/wp-content\/uploads\/2019\/12\/hydraulic-metal-shear-before-painting.webp\" alt=\"boyamadan \u00f6nce hidrolik metal kesme makinesi\" class=\"wp-image-3782\" title=\"\" srcset=\"https:\/\/www.baler-machines.com\/wp-content\/uploads\/2019\/12\/hydraulic-metal-shear-before-painting.webp 720w, https:\/\/www.baler-machines.com\/wp-content\/uploads\/2019\/12\/hydraulic-metal-shear-before-painting-16x12.webp 16w\" sizes=\"auto, (max-width: 720px) 100vw, 720px\" \/><figcaption class=\"wp-element-caption\">Boyama \u00d6ncesi Hidrolik Metal Kesme<\/figcaption><\/figure> <\/figure>    <h2 class=\"wp-block-heading\"><strong>Daha fazla metal at\u0131k geri d\u00f6n\u00fc\u015f\u00fcm \u00e7\u00f6z\u00fcm\u00fc<\/strong><\/h2>    <p class=\"translation-block\">Kestikten sonra, <a href=\"https:\/\/en.wikipedia.org\/wiki\/Scrap\" target=\"_blank\" rel=\"noopener\">hurda<\/a> at\u0131klar\u0131 <a href=\"https:\/\/www.baler-machines.com\/tr\/horizontal-metal-baler\/\">metal balya makinesi<\/a> ile hurda metal k\u00fcplerine daha ileri \u015fekilde balyalayabilirsiniz.<\/p>   <div class=\"wp-block-image\"> <figure class=\"aligncenter size-full\"><img loading=\"lazy\" decoding=\"async\" width=\"720\" height=\"200\" src=\"https:\/\/www.baler-machines.com\/wp-content\/uploads\/2022\/08\/scrap-process.webp\" alt=\"hurda s\u00fcreci\" class=\"wp-image-2491\" title=\"\"><figcaption class=\"wp-element-caption\">hurda s\u00fcreci<\/figcaption><\/figure> <\/div>   <p>Verimli bir metal geri d\u00f6n\u00fc\u015f\u00fcm \u00e7\u00f6z\u00fcm\u00fc m\u00fc ar\u0131yorsunuz? E\u011fer \u00f6yleyse, hemen bizimle ileti\u015fime ge\u00e7in, i\u015finize fayda sa\u011flayacak en iyi \u00e7\u00f6z\u00fcm\u00fc sunal\u0131m. <\/p>","protected":false},"excerpt":{"rendered":"<p>Shuliy portal makas\u0131 (hidrolik metal kesme makinesi), esas olarak 2,5-30 ton \/ saat aras\u0131nda de\u011fi\u015fen \u00e7e\u015fitli b\u00fcy\u00fck veya uzun hurda metal malzemeleri kesmek i\u00e7in kullan\u0131l\u0131r. <\/p>","protected":false},"author":1,"featured_media":2515,"parent":0,"template":"","tags":[582,38,296],"product-type":[562],"class_list":["post-291","product","type-product","status-publish","has-post-thumbnail","hentry","tag-gantry-shear","tag-hydraulic-metal-shear","tag-metal-shear","product-type-metal-shears"],"_links":{"self":[{"href":"https:\/\/www.baler-machines.com\/tr\/wp-json\/wp\/v2\/product\/291","targetHints":{"allow":["GET"]}}],"collection":[{"href":"https:\/\/www.baler-machines.com\/tr\/wp-json\/wp\/v2\/product"}],"about":[{"href":"https:\/\/www.baler-machines.com\/tr\/wp-json\/wp\/v2\/types\/product"}],"author":[{"embeddable":true,"href":"https:\/\/www.baler-machines.com\/tr\/wp-json\/wp\/v2\/users\/1"}],"wp:featuredmedia":[{"embeddable":true,"href":"https:\/\/www.baler-machines.com\/tr\/wp-json\/wp\/v2\/media\/2515"}],"wp:attachment":[{"href":"https:\/\/www.baler-machines.com\/tr\/wp-json\/wp\/v2\/media?parent=291"}],"wp:term":[{"taxonomy":"post_tag","embeddable":true,"href":"https:\/\/www.baler-machines.com\/tr\/wp-json\/wp\/v2\/tags?post=291"},{"taxonomy":"product-type","embeddable":true,"href":"https:\/\/www.baler-machines.com\/tr\/wp-json\/wp\/v2\/product-type?post=291"}],"curies":[{"name":"wp","href":"https:\/\/api.w.org\/{rel}","templated":true}]}}