{"id":2830,"date":"2022-12-02T14:17:06","date_gmt":"2022-12-02T06:17:06","guid":{"rendered":"https:\/\/www.baler-machines.com\/?post_type=product&#038;p=2830"},"modified":"2023-01-13T09:44:49","modified_gmt":"2023-01-13T01:44:49","slug":"waste-oil-drum-baler-machine","status":"publish","type":"product","link":"https:\/\/www.baler-machines.com\/tr\/waste-oil-drum-baler-machine\/","title":{"rendered":"At\u0131k Ya\u011f Varil Balya Makinas\u0131 | Balyalama Pres Makinas\u0131"},"content":{"rendered":"<p class=\"translation-block\">Hidrolik dikey balya makinesi olarak da bilinen bu at\u0131k ya\u011f varil balya makinesi, at\u0131k ya\u011f tanklar\u0131, lifler, dokuma torbalar, hurda demir, hurda \u00e7elik vb. her t\u00fcrl\u00fc at\u0131\u011f\u0131 balyalama i\u00e7in tasarlanm\u0131\u015ft\u0131r. Bu, iyi performansa sahip kaliteli bir pres makinesidir ve at\u0131k geri d\u00f6n\u00fc\u015f\u00fcm\u00fc i\u00e7in iyi bir makine yard\u0131mc\u0131s\u0131d\u0131r.<\/p>    <h2 class=\"wp-block-heading\"><strong>At\u0131k ya\u011f varillerini neden geri d\u00f6n\u00fc\u015ft\u00fcrmeliyiz? <\/strong><\/h2>    <ol class=\"wp-block-list\"> <li>Alan\u0131 azaltmak ve zararl\u0131 kokular\u0131 gidermek. Kullan\u0131lm\u0131\u015f ya\u011f varilleri bir\u00e7ok kullan\u0131mdan sonra kullan\u0131lamaz hale gelir. Bunlar\u0131 kald\u0131rmak sadece \u00e7ok fazla yer kaplamakla kalmaz, ayn\u0131 zamanda ho\u015f olmayan kokular\u0131n da yay\u0131lmas\u0131na neden olur. Ve bu t\u00fcr alanlarda uzun s\u00fcre \u00e7al\u0131\u015fmak insanlara belirli zararlar verebiliyor. Ya\u011f varili i\u00e7in hidrolik dikey balyalama makinesi ile geri d\u00f6n\u00fc\u015f\u00fcm yap\u0131ld\u0131\u011f\u0131nda bu durum ortaya \u00e7\u0131kmaz.<\/li>    <li>Tekrar gelir elde etmek. At\u0131k ya\u011f varilleri, Shuliy at\u0131k ya\u011f varili balya makinesi taraf\u0131ndan s\u0131k\u0131\u015ft\u0131r\u0131l\u0131p paketlendikten sonra, ikincil kullan\u0131m i\u00e7in bir hurdal\u0131\u011fa veya bir geri d\u00f6n\u00fc\u015f\u00fcm tesisine kolayca sat\u0131labilir.<\/li> <\/ol>   <div class=\"wp-block-image\"> <figure class=\"aligncenter size-full\"><img loading=\"lazy\" decoding=\"async\" width=\"716\" height=\"444\" src=\"https:\/\/www.baler-machines.com\/wp-content\/uploads\/2022\/12\/waste-oil-drums.webp\" alt=\"at\u0131k ya\u011f varilleri\" class=\"wp-image-2836\" title=\"\"><figcaption class=\"wp-element-caption\">at\u0131k ya\u011f varilleri<\/figcaption><\/figure> <\/div>   <h2 class=\"wp-block-heading\"><strong>Shuliy at\u0131k ya\u011f davul balya makinesi uygulamalar\u0131 <\/strong><\/h2>    <p>Bu hidrolik ya\u011f varili balyalama makinesi sadece at\u0131k ya\u011f varilleri i\u00e7in de\u011fil ayn\u0131 zamanda at\u0131k elyaflar, giysiler, m\u0131s\u0131r samanlar\u0131, hurda metaller, teneke kutular, PET \u015fi\u015feler, karton, at\u0131k ka\u011f\u0131t, lastikler vb. \u0130\u00e7in de uygundur. Geri d\u00f6n\u00fc\u015ft\u00fcrmek istedi\u011finiz her t\u00fcrl\u00fc \u00fcr\u00fcn Bu hidrolik balyalama presi ile elde edilebilir. Balyalanmas\u0131n\u0131 istedi\u011finiz malzemeleriniz varsa bizimle ileti\u015fime ge\u00e7ebilir, ihtiya\u00e7lar\u0131n\u0131z do\u011frultusunda sorununuzu \u00e7\u00f6zmenize yard\u0131mc\u0131 olabiliriz.<\/p>   <div class=\"wp-block-image\"> <figure class=\"aligncenter size-full\"><img loading=\"lazy\" decoding=\"async\" width=\"540\" height=\"540\" src=\"https:\/\/www.baler-machines.com\/wp-content\/uploads\/2022\/12\/hydraulic-waste-oil-drum-baler-machine.webp\" alt=\"hidrolik at\u0131k ya\u011f davul balya makinesi\" class=\"wp-image-2838\" title=\"\"><figcaption class=\"wp-element-caption\">hidrolik at\u0131k ya\u011f davul balya makinesi<\/figcaption><\/figure> <\/div>   <h2 class=\"wp-block-heading\"><strong>Alternative for baling waste oil drums &#8211; hydraulic waste oil drum baler machine<\/strong><\/h2>    <p class=\"translation-block\">Shuliy Machinery, as <a href=\"https:\/\/www.baler-machines.com\/tr\/\" target=\"_blank\" rel=\"noreferrer noopener\">geni\u015f bir baler yelpazesinin profesyonel bir \u00fcreticisi ve tedarik\u00e7isi<\/a>, sadece dikey balerler de\u011fil ayn\u0131 zamanda m\u00fc\u015fterinin i\u015flemesi gereken malzemeye g\u00f6re esnek\u00e7e se\u00e7ilebilen yatay balerler de sunuyoruz. Teoride, yatay hidrolik presleme makinemiz at\u0131k ya\u011f varillerini preslemek i\u00e7in de kullan\u0131labilir, ancak se\u00e7im m\u00fc\u015fterinin ger\u00e7ek ihtiya\u00e7lar\u0131na g\u00f6re yap\u0131l\u0131r. E\u011fer bir ihtiyac\u0131n\u0131z varsa bizimle ileti\u015fime ge\u00e7ebilirsiniz ve sat\u0131\u015f m\u00fcd\u00fcr\u00fcm\u00fcz ya\u011f varilleri i\u00e7in hidrolik presleme makinesi konusunda en iyi se\u00e7enekleri sunacakt\u0131r.<\/p>    <figure class=\"wp-block-gallery aligncenter has-nested-images columns-default is-cropped wp-block-gallery-2 is-layout-flex wp-block-gallery-is-layout-flex\"> <figure class=\"wp-block-image size-full\"><img loading=\"lazy\" decoding=\"async\" width=\"720\" height=\"540\" data-id=\"2840\" src=\"https:\/\/www.baler-machines.com\/wp-content\/uploads\/2022\/12\/vertical-waste-oil-drum-compactor.webp\" alt=\"dikey-at\u0131k-ya\u011f-drum-s\u0131k\u0131\u015ft\u0131r\u0131c\u0131\" class=\"wp-image-2840\" title=\"\"><figcaption class=\"wp-element-caption\">Dikey At\u0131k Ya\u011f Varil Kompakt\u00f6r\u00fc<\/figcaption><\/figure>    <figure class=\"wp-block-image size-full\"><img loading=\"lazy\" decoding=\"async\" width=\"720\" height=\"540\" data-id=\"2839\" src=\"https:\/\/www.baler-machines.com\/wp-content\/uploads\/2022\/12\/horizontal-waste-oil-barrel-baler.webp\" alt=\"yatay at\u0131k ya\u011f varili presleyici\" class=\"wp-image-2839\" title=\"\"><figcaption class=\"wp-element-caption\">Yatay At\u0131k Ya\u011f Varil Balya Makinesi<\/figcaption><\/figure> <\/figure>    <h2 class=\"wp-block-heading\"><strong>At\u0131k ya\u011f varili balya makinesi i\u00e7in ba\u015far\u0131l\u0131 projeler<\/strong><\/h2>    <p>Shuliy\u2019in at\u0131k ya\u011f varili presleyicisi geri d\u00f6n\u00fc\u015f\u00fcm d\u00fcnyas\u0131nda nadir bir yere sahiptir. Bu hidrolik balerin y\u00fcksek maliyet performans\u0131 nedeniyle genellikle Endonezya, Gabon vb. \u00fclkelere ihra\u00e7 edilmektedir. Bu y\u0131l\u0131n Kas\u0131m ay\u0131nda Gabonlu bir m\u00fc\u015fteri, at\u0131k ya\u011f varillerini preslemek i\u00e7in kulland\u0131\u011f\u0131 hidrolik pres balerimizi tekrar sat\u0131n ald\u0131. Presleme balerimizle ilgileniyorsan\u0131z l\u00fctfen bizimle ileti\u015fime ge\u00e7in!<\/p>    <h2 class=\"wp-block-heading\"><strong>Sat\u0131l\u0131k Shuliy at\u0131k ya\u011f varil balya makinesinin teknik parametreleri<\/strong><\/h2>    <figure class=\"wp-block-table\"><table><tbody><tr><td>Modeli<\/td><td>SL-100T<\/td><\/tr><tr><td>Bas\u0131n\u00e7<\/td><td>100 ton<\/td><\/tr><tr><td>Gerilim<\/td><td>380v 50hz 3 fazl\u0131<\/td><\/tr><\/tbody><\/table><\/figure>    <h2 class=\"wp-block-heading\"><strong>Video of the waste oil drum baler &#8211; how to press the oil drums?<\/strong><\/h2>    <figure class=\"wp-block-embed is-type-video is-provider-youtube wp-block-embed-youtube wp-embed-aspect-16-9 wp-has-aspect-ratio\"><div class=\"wp-block-embed__wrapper\"> <iframe loading=\"lazy\" title=\"Ya\u011f Varil i\u00e7in Hidrolik Dikey Balyalama Presi #baler #hidrolikpress\" width=\"500\" height=\"281\" src=\"https:\/\/www.youtube.com\/embed\/ASbF3uvGpe8?feature=oembed\" frameborder=\"0\" allow=\"accelerometer; autoplay; clipboard-write; encrypted-media; gyroscope; picture-in-picture; web-share\" referrerpolicy=\"strict-origin-when-cross-origin\" allowfullscreen><\/iframe> <\/div><\/figure>","protected":false},"excerpt":{"rendered":"<p>This waste oil drum baler machine, also known as a hydraulic vertical baler, is designed for baling all kinds of waste such as waste oil tanks, fibers, woven bags, scrap iron, scrap steel, etc. This is a good quality baling press machine with good performance and is a good machine helper for waste recycling. Why [&hellip;]<\/p>\n","protected":false},"author":1,"featured_media":2844,"parent":0,"template":"","tags":[572,596],"product-type":[563],"class_list":["post-2830","product","type-product","status-publish","has-post-thumbnail","hentry","tag-hydraulic-baler-machine","tag-waste-oil-drum-baler-machine","product-type-baler-machine"],"_links":{"self":[{"href":"https:\/\/www.baler-machines.com\/tr\/wp-json\/wp\/v2\/product\/2830","targetHints":{"allow":["GET"]}}],"collection":[{"href":"https:\/\/www.baler-machines.com\/tr\/wp-json\/wp\/v2\/product"}],"about":[{"href":"https:\/\/www.baler-machines.com\/tr\/wp-json\/wp\/v2\/types\/product"}],"author":[{"embeddable":true,"href":"https:\/\/www.baler-machines.com\/tr\/wp-json\/wp\/v2\/users\/1"}],"wp:featuredmedia":[{"embeddable":true,"href":"https:\/\/www.baler-machines.com\/tr\/wp-json\/wp\/v2\/media\/2844"}],"wp:attachment":[{"href":"https:\/\/www.baler-machines.com\/tr\/wp-json\/wp\/v2\/media?parent=2830"}],"wp:term":[{"taxonomy":"post_tag","embeddable":true,"href":"https:\/\/www.baler-machines.com\/tr\/wp-json\/wp\/v2\/tags?post=2830"},{"taxonomy":"product-type","embeddable":true,"href":"https:\/\/www.baler-machines.com\/tr\/wp-json\/wp\/v2\/product-type?post=2830"}],"curies":[{"name":"wp","href":"https:\/\/api.w.org\/{rel}","templated":true}]}}