{"id":2448,"date":"2022-08-02T08:26:41","date_gmt":"2022-08-02T08:26:41","guid":{"rendered":"https:\/\/www.baler-machines.com\/?post_type=product&#038;p=2448"},"modified":"2025-10-24T16:30:09","modified_gmt":"2025-10-24T08:30:09","slug":"double-shaft-shredder","status":"publish","type":"product","link":"https:\/\/www.baler-machines.com\/tr\/double-shaft-shredder\/","title":{"rendered":"T\u00fcm At\u0131klar\u0131n Par\u00e7alanmas\u0131 \u0130\u00e7in \u00c7ift \u015eaftl\u0131 Par\u00e7alay\u0131c\u0131"},"content":{"rendered":"<p class=\"translation-block\">Bu <strong>\u00e7ift milli par\u00e7alay\u0131c\u0131<\/strong> (ikiz milli par\u00e7alay\u0131c\u0131 olarak da adland\u0131r\u0131l\u0131r) metal, plastik, evsel \u00e7\u00f6p, ah\u015fap vb. \u00e7e\u015fitli malzemeleri geri d\u00f6n\u00fc\u015f\u00fcm i\u00e7in k\u00fc\u00e7\u00fck par\u00e7alara ay\u0131rmada uzmanla\u015fm\u0131\u015ft\u0131r. Saatte 0,5-25 ton at\u0131\u011f\u0131 i\u015fleyebilir. <\/p>    <p>Shuliy \u00e7ift \u015faftl\u0131 kesme \u00f6\u011f\u00fct\u00fcc\u00fc geni\u015f uygulamalara, g\u00fc\u00e7l\u00fc par\u00e7alama g\u00fcc\u00fcne ve maliyet etkinli\u011fine sahiptir. At\u0131k geri d\u00f6n\u00fc\u015f\u00fcm end\u00fcstrisinde \u00e7ok pop\u00fclerdir.<\/p>    <p>2 millimiz Malezya, \u0130talya, Endonezya, \u0130ran, \u00d6zbekistan, Romanya, ABD, Avustralya, Peru, Rusya ve daha bir\u00e7ok yere ihra\u00e7 edilmi\u015ftir. \u0130lginizi \u00e7ekiyorsa, daha fazla makine bilgisi i\u00e7in bizimle ileti\u015fime ge\u00e7in.<\/p>    <figure class=\"wp-block-embed is-type-video is-provider-youtube wp-block-embed-youtube wp-embed-aspect-16-9 wp-has-aspect-ratio\"><div class=\"wp-block-embed__wrapper\"> <iframe loading=\"lazy\" title=\"G\u00fc\u00e7l\u00fc \u00c7ift \u015eaftl\u0131 Par\u00e7alay\u0131c\u0131: Sert ve Yumu\u015fak Malzemeleri Par\u00e7alar! Plastik, K\u00f6p\u00fck, Metal K\u0131r\u0131c\u0131\" width=\"500\" height=\"281\" src=\"https:\/\/www.youtube.com\/embed\/Tw78p96ALVw?feature=oembed\" frameborder=\"0\" allow=\"accelerometer; autoplay; clipboard-write; encrypted-media; gyroscope; picture-in-picture; web-share\" referrerpolicy=\"strict-origin-when-cross-origin\" allowfullscreen><\/iframe> <\/div><figcaption class=\"wp-element-caption\">at\u0131k k\u0131rma i\u00e7in iki \u015faftl\u0131 par\u00e7alay\u0131c\u0131n\u0131n \u00e7al\u0131\u015fma videosu<\/figcaption><\/figure>    <h2 class=\"wp-block-heading\"><strong>Shuliy end\u00fcstriyel par\u00e7alay\u0131c\u0131 taraf\u0131ndan neler ezilebilir?<\/strong><\/h2>    <p>\u00c7ift \u015faftl\u0131 par\u00e7alay\u0131c\u0131m\u0131z \u00e7ok ama\u00e7l\u0131d\u0131r ve her t\u00fcrl\u00fc at\u0131\u011f\u0131 par\u00e7alayabilir. \u015eimdi hangi at\u0131klar\u0131n par\u00e7alanabilece\u011fini anlataca\u011f\u0131m.  <\/p>    <ul class=\"wp-block-list\"> <li><strong>Kuma\u015f<\/strong>: Her t\u00fcrl\u00fc tekstil, pa\u00e7avra, elbise, \u00e7ar\u015faf ve \u00f6rt\u00fc.<\/li>    <li><strong>Hurda metal<\/strong>: demir tel, araba kabuklar\u0131, al\u00fcminyum hurdas\u0131, demir hurdas\u0131, kur\u015fun levha, in\u015faat demiri vb.<\/li>    <li><strong>Plastik at\u0131k<\/strong>: plastik PET \u015fi\u015feler, plastik filmler, plastik paletler vb. <\/li>    <li><strong>\u0130n\u015faat hurdas\u0131<\/strong>: \u00e7elik borular, \u00e7elik, boru ba\u011flant\u0131 par\u00e7alar\u0131 ve \u00e7er\u00e7eve.<\/li>    <li><strong>Hurda lastikler<\/strong>: lastik lastikler, araba lastikleri, kamyon lastikleri, bisiklet lastikleri ve ara\u00e7 lastikleri.<\/li>    <li><strong>At\u0131k cihazlar<\/strong>: Televizyonlar, \u00e7ama\u015f\u0131r makineleri, buzdolab\u0131 b\u00f6lmeleri, dondurucu b\u00f6lmeler ve gazl\u0131 ocaklar.<\/li>    <li><strong>Elektronik at\u0131k<\/strong>: cep telefonlar\u0131, devre kartlar\u0131, kablolar, bak\u0131r teller vb.<\/li>    <li><strong>\u00c7e\u015fitli kaplar<\/strong>: plastik kutular, plastik variller, demir variller, ambalaj kutular\u0131, variller, al\u00fcminyum kutular vb.<\/li>    <li><strong>Ah\u015fap kategorisi<\/strong>: ah\u015fap paletler, forklift destekleri ve di\u011fer at\u0131k ah\u015faplar.<\/li>    <li><strong>Di\u011ferleri<\/strong>: motosikletler, mutfak at\u0131klar\u0131, evsel at\u0131klar, hayvan le\u015fleri, RDF t\u00fcrevleri, t\u0131bbi at\u0131klar, biyolojik saman, bah\u00e7e at\u0131klar\u0131, kau\u00e7uk kafa at\u0131klar\u0131, ka\u011f\u0131t fabrikas\u0131 b\u00fck\u00fcml\u00fc halat vb.<\/li> <\/ul>   <div class=\"wp-block-image\"> <figure class=\"aligncenter size-full\"><img loading=\"lazy\" decoding=\"async\" width=\"720\" height=\"300\" src=\"https:\/\/www.baler-machines.com\/wp-content\/uploads\/2022\/08\/double-shaft-shredder-applications.webp\" alt=\"\u00e7ift \u200b\u200b\u015faftl\u0131 par\u00e7alay\u0131c\u0131 uygulamalar\u0131\" class=\"wp-image-2467\" title=\"\"><figcaption class=\"wp-element-caption\">\u00e7ift \u200b\u200b\u015faftl\u0131 par\u00e7alay\u0131c\u0131 uygulamalar\u0131<\/figcaption><\/figure> <\/div>   <p>At\u0131klar\u0131 par\u00e7alamak istedi\u011finiz s\u00fcrece par\u00e7alay\u0131c\u0131m\u0131z bunu yapman\u0131za yard\u0131mc\u0131 olabilir.<\/p>    <h2 class=\"wp-block-heading\"><strong>\u00c7ift \u015faftl\u0131 par\u00e7alay\u0131c\u0131n\u0131n \u00f6zellikleri<\/strong><\/h2>    <ul class=\"wp-block-list\"> <li><strong>0,5-25 ton\/saat \u00e7\u0131k\u0131\u015f<\/strong>. End\u00fcstriyel par\u00e7alay\u0131c\u0131m\u0131z, verimli bir geri d\u00f6n\u00fc\u015f\u00fcm olan 0,5-25 ton\/saat aral\u0131\u011f\u0131ndaki at\u0131klar\u0131 i\u015fleyebilir. <\/li>    <li><strong>Geni\u015f bir uygulama yelpazesi<\/strong>. Shuliy \u00e7ift \u015faftl\u0131 par\u00e7alay\u0131c\u0131 hurda metal, plastik, elektrik, ah\u015fap malzemeler, ev \u00e7\u00f6pleri vb. par\u00e7alayabilir.<\/li>    <li><strong>\u0130ki m\u00fckemmel motor<\/strong>. \u00c7ift \u015faftl\u0131 t\u0131bbi at\u0131k par\u00e7alay\u0131c\u0131, makinenin istikrarl\u0131 bir \u015fekilde \u00e7al\u0131\u015fmas\u0131n\u0131 sa\u011flamak i\u00e7in verimli g\u00fc\u00e7 sa\u011flayabilir.<\/li>    <li><strong>\u0130\u00e7 ve d\u0131\u015f mekanlarda \u00e7al\u0131\u015fmaya uygundur<\/strong>. Shuliy dijital par\u00e7alay\u0131c\u0131n\u0131n g\u00fcr\u00fclt\u00fcs\u00fc d\u00fc\u015f\u00fckt\u00fcr ve hem i\u00e7 hem de d\u0131\u015f mekanlarda \u00e7al\u0131\u015fabilir.<\/li>    <li><strong>\u00c7\u0131kar\u0131labilir b\u0131\u00e7aklar<\/strong>. \u00c7ift \u015faft \u00fczerindeki b\u0131\u00e7aklar kolay bak\u0131m i\u00e7in s\u00f6k\u00fclebilir, bu da bak\u0131m s\u00fcresini b\u00fcy\u00fck \u00f6l\u00e7\u00fcde k\u0131salt\u0131r.<\/li>    <li><strong>\u0130ste\u011fe ba\u011fl\u0131 b\u0131\u00e7ak numaras\u0131 ve malzemesi<\/strong>. Farkl\u0131 malzemelerin par\u00e7alanmas\u0131 konusunda en iyi \u00e7\u00f6z\u00fcm\u00fc sunan at\u0131k geri d\u00f6n\u00fc\u015f\u00fcm\u00fc i\u00e7in uygun b\u0131\u00e7ak numaras\u0131n\u0131 ve malzemelerini se\u00e7ebilirsiniz. <ul class=\"wp-block-list\"> <li>No.lu b\u0131\u00e7ak i\u00e7in, e\u011fer k\u00fc\u00e7\u00fck bir kapasite (900kg\/saat gibi) istiyorsan\u0131z, 20 adet b\u0131\u00e7akla donat\u0131lm\u0131\u015f makine yeterlidir.<\/li>    <li>B\u0131\u00e7ak malzemeleri i\u00e7in 55SiCr ah\u015fap ve plastik par\u00e7alamak i\u00e7in iyidir, 9CrSi kau\u00e7uk ve metali k\u0131rmak i\u00e7in iyidir ve H13 metal par\u00e7alamak i\u00e7in daha iyidir. <\/li> <\/ul> <\/li> <\/ul>   <div class=\"wp-block-image\"> <figure class=\"aligncenter size-full\"><img loading=\"lazy\" decoding=\"async\" width=\"750\" height=\"563\" src=\"https:\/\/www.baler-machines.com\/wp-content\/uploads\/2022\/08\/shredder-blades.webp\" alt=\"par\u00e7alay\u0131c\u0131 b\u0131\u00e7aklar\" class=\"wp-image-2473\" title=\"\"><figcaption class=\"wp-element-caption\">par\u00e7alay\u0131c\u0131 b\u0131\u00e7aklar<\/figcaption><\/figure> <\/div>   <ul class=\"wp-block-list\"> <li><strong>De\u015farj portunda ekrans\u0131z tasar\u0131m<\/strong>. Bu \u00e7ift \u015faftl\u0131 par\u00e7alay\u0131c\u0131 tasar\u0131m\u0131, par\u00e7alama verimlili\u011fini b\u00fcy\u00fck \u00f6l\u00e7\u00fcde art\u0131r\u0131r.<\/li>    <li><strong>Ba\u011f\u0131ms\u0131z PLC kontrol sistemi<\/strong>Lastik geri d\u00f6n\u00fc\u015f\u00fcm par\u00e7alama makinesi kullan\u0131rken, g\u00fcvenli ve kullan\u0131\u015fl\u0131d\u0131r.<\/li>    <li><strong>\u0130ste\u011fe ba\u011fl\u0131 g\u00fc\u00e7 sistemi<\/strong>Toplu par\u00e7alama makinesi, b\u00f6lgenizin ihtiya\u00e7lar\u0131na g\u00f6re motor veya dizel motor kullanabilir, esnek bir se\u00e7imdir.<\/li>    <li><strong>\u00d6zelle\u015ftirme<\/strong>. \u0130htiya\u00e7lar\u0131n\u0131za g\u00f6re voltaj\u0131, g\u00fcc\u00fc, ta\u015f\u0131ma band\u0131n\u0131, sehpay\u0131, perdeyi vb. \u00f6zelle\u015ftirebiliriz. <ul class=\"wp-block-list\"> <li>B\u00fcy\u00fck kapasiteli \u00f6\u011f\u00fct\u00fcc\u00fcler i\u00e7in ta\u015f\u0131ma band\u0131 ve sehpalar donat\u0131lm\u0131\u015ft\u0131r.<\/li>    <li>D\u00fczensiz malzemeler i\u00e7in ekran donat\u0131lm\u0131\u015ft\u0131r. <\/li> <\/ul> <\/li> <\/ul>    <figure class=\"wp-block-gallery aligncenter has-nested-images columns-default is-cropped wp-block-gallery-2 is-layout-flex wp-block-gallery-is-layout-flex\"> <figure class=\"wp-block-image size-large\"><img loading=\"lazy\" decoding=\"async\" width=\"720\" height=\"540\" data-id=\"2470\" src=\"https:\/\/www.baler-machines.com\/wp-content\/uploads\/2022\/08\/double-shaft-shredder-with-the-conveyor.webp\" alt=\"\u00e7ift \u200b\u200b\u015faftl\u0131-konvey\u00f6rl\u00fc-par\u00e7alay\u0131c\u0131\" class=\"wp-image-2470\" title=\"\"><figcaption class=\"wp-element-caption\">\u00c7ift \u015eaftl\u0131 Konvey\u00f6rl\u00fc Par\u00e7alay\u0131c\u0131<\/figcaption><\/figure>    <figure class=\"wp-block-image size-large\"><img loading=\"lazy\" decoding=\"async\" width=\"720\" height=\"540\" data-id=\"2471\" src=\"https:\/\/www.baler-machines.com\/wp-content\/uploads\/2022\/08\/heavy-duty-crusher-.webp\" alt=\"a\u011f\u0131r hizmet tipi k\u0131r\u0131c\u0131-\" class=\"wp-image-2471\" title=\"\"><figcaption class=\"wp-element-caption\">A\u011f\u0131r Hizmet K\u0131r\u0131c\u0131 <\/figcaption><\/figure> <\/figure>    <h2 class=\"wp-block-heading\" id=\"h-industrial-dual-shaft-shredder-for-sale\"><strong>Sat\u0131l\u0131k end\u00fcstriyel \u00e7ift \u015faftl\u0131 par\u00e7alay\u0131c\u0131n\u0131n teknik parametreleri<\/strong><\/h2>    <p>Shuliy end\u00fcstriyel par\u00e7alay\u0131c\u0131 bir\u00e7ok modelde gelir, \u00e7\u0131k\u0131\u015f kapasitesi k\u00fc\u00e7\u00fckten b\u00fcy\u00fc\u011fe kadar de\u011fi\u015fir. Bu, farkl\u0131 par\u00e7alama taleplerinizi kar\u015f\u0131lamak i\u00e7indir. A\u015fa\u011f\u0131daki farkl\u0131 modeller sizin i\u00e7in referans niteli\u011findedir.<\/p>    <figure class=\"wp-block-table\"><table><tbody><tr><td>Modeli<\/td><td>G\u00fc\u00e7 (kW)<\/td><td>\u00c7\u0131k\u0131\u015f (t\/saat)<\/td><td>B\u0131\u00e7ak miktar\u0131 (adet)<\/td><\/tr><tr><td>SL-400<\/td><td>7.5*2<\/td><td>0.5-1<\/td><td>20<\/td><\/tr><tr><td>SL-600<\/td><td>11*2<\/td><td>1.5-2<\/td><td>30<\/td><\/tr><tr><td>SL-800<\/td><td>18.5*2<\/td><td>2-3<\/td><td>40<\/td><\/tr><tr><td>SL-1000<\/td><td>22*2<\/td><td>4-5<\/td><td>50<\/td><\/tr><tr><td>SL-1200<\/td><td>37*2<\/td><td>5-7<\/td><td>30<\/td><\/tr><tr><td>SL-1400<\/td><td>45*2<\/td><td>8-10<\/td><td>40<\/td><\/tr><tr><td>SL-1600<\/td><td>75*2<\/td><td>12-15<\/td><td>20<\/td><\/tr><tr><td>SL-1800<\/td><td>75*2<\/td><td>15-18<\/td><td>18<\/td><\/tr><tr><td>SL-2000<\/td><td>90*2<\/td><td>20-25<\/td><td>20<\/td><\/tr><\/tbody><\/table><figcaption class=\"wp-element-caption\">farkl\u0131 \u00e7ift \u015faftl\u0131 par\u00e7alay\u0131c\u0131 t\u00fcrleri <\/figcaption><\/figure>    <p class=\"translation-block\"><strong>\u0130ki millli par\u00e7alay\u0131c\u0131ya ili\u015fkin notlar<\/strong>:<\/p>    <ul class=\"wp-block-list\"> <li>Garanti s\u00fcresi: 2 y\u0131l<\/li>    <li>\u0130ste\u011fe ba\u011fl\u0131 s\u0131ralama: elek ve ta\u015f\u0131ma band\u0131<\/li> <\/ul>    <figure class=\"wp-block-gallery aligncenter has-nested-images columns-default is-cropped wp-block-gallery-3 is-layout-flex wp-block-gallery-is-layout-flex\"> <figure class=\"wp-block-image size-large\"><img loading=\"lazy\" decoding=\"async\" width=\"720\" height=\"540\" data-id=\"2468\" src=\"https:\/\/www.baler-machines.com\/wp-content\/uploads\/2022\/08\/industrial-shredder.webp\" alt=\"end\u00fcstriyel par\u00e7alay\u0131c\u0131\" class=\"wp-image-2468\" title=\"\"><figcaption class=\"wp-element-caption\">End\u00fcstriyel Par\u00e7alay\u0131c\u0131<\/figcaption><\/figure>    <figure class=\"wp-block-image size-large\"><img loading=\"lazy\" decoding=\"async\" width=\"720\" height=\"540\" data-id=\"2469\" src=\"https:\/\/www.baler-machines.com\/wp-content\/uploads\/2022\/08\/rubber-tire-recycling-equipment.webp\" alt=\"kau\u00e7uk-lastik-geri d\u00f6n\u00fc\u015f\u00fcm-ekipmanlar\u0131\" class=\"wp-image-2469\" title=\"\"><figcaption class=\"wp-element-caption\">Kau\u00e7uk Lastik Geri D\u00f6n\u00fc\u015f\u00fcm Ekipmanlar\u0131<\/figcaption><\/figure> <\/figure>    <h2 class=\"wp-block-heading\"><strong>Benzersiz \u00e7ift \u015faftl\u0131 par\u00e7alay\u0131c\u0131 tasar\u0131m\u0131<\/strong><\/h2>    <p>\u0130kiz mil par\u00e7alama makinemizin tasar\u0131m\u0131, m\u00fc\u015fterinin kullan\u0131m al\u0131\u015fkanl\u0131klar\u0131yla uyumludur ve kullan\u0131m\u0131 \u00e7ok rahatt\u0131r.<\/p>    <p>Motor (veya dizel motor), red\u00fckt\u00f6r, hazne, bo\u015faltma portu ve kanatl\u0131 \u00e7ift \u015fafttan olu\u015fur. <\/p>   <div class=\"wp-block-image\"> <figure class=\"aligncenter size-full\"><img loading=\"lazy\" decoding=\"async\" width=\"720\" height=\"540\" src=\"https:\/\/www.baler-machines.com\/wp-content\/uploads\/2022\/08\/plastic-shredder-machine-structure.webp\" alt=\"plastik par\u00e7alay\u0131c\u0131 makine yap\u0131s\u0131\" class=\"wp-image-2477\" title=\"\"><figcaption class=\"wp-element-caption\">plastik par\u00e7alay\u0131c\u0131 makine yap\u0131s\u0131<\/figcaption><\/figure> <\/div>   <p>Ayr\u0131ca, sizin i\u00e7in uygun kullan\u0131m amac\u0131yla konvey\u00f6r band\u0131, stant veya ekran da sa\u011flayabiliriz. Ger\u00e7ek durumunuza ba\u011fl\u0131 olarak, uygun yap\u0131land\u0131rmay\u0131 yapaca\u011f\u0131z.<\/p>    <figure class=\"wp-block-gallery aligncenter has-nested-images columns-default is-cropped wp-block-gallery-4 is-layout-flex wp-block-gallery-is-layout-flex\"> <figure class=\"wp-block-image size-large\"><img loading=\"lazy\" decoding=\"async\" width=\"720\" height=\"540\" data-id=\"3550\" src=\"https:\/\/www.baler-machines.com\/wp-content\/uploads\/2022\/08\/heavy-duty-two-shaft-shredder-with-stand.webp\" alt=\"a\u011f\u0131r hizmet tipi iki \u015faftl\u0131 par\u00e7alay\u0131c\u0131 standl\u0131\" class=\"wp-image-3550\" title=\"\"><figcaption class=\"wp-element-caption\">A\u011f\u0131r Hizmet Standl\u0131 \u0130ki \u015eaftl\u0131 Par\u00e7alay\u0131c\u0131<\/figcaption><\/figure>    <figure class=\"wp-block-image size-large\"><img loading=\"lazy\" decoding=\"async\" width=\"720\" height=\"540\" data-id=\"3551\" src=\"https:\/\/www.baler-machines.com\/wp-content\/uploads\/2022\/08\/industrial-shredder-for-sale.webp\" alt=\"sat\u0131l\u0131k end\u00fcstriyel par\u00e7alama makinesi\" class=\"wp-image-3551\" title=\"\"><figcaption class=\"wp-element-caption\">Sat\u0131l\u0131k End\u00fcstriyel Par\u00e7alay\u0131c\u0131<\/figcaption><\/figure> <\/figure>    <h2 class=\"wp-block-heading\"><strong>End\u00fcstriyel par\u00e7alay\u0131c\u0131 nas\u0131l \u00e7al\u0131\u015f\u0131r?<\/strong><\/h2>    <p>Bu \u00e7ift \u015faftl\u0131 par\u00e7alay\u0131c\u0131, keskin b\u0131\u00e7akl\u0131 iki \u00e7ift \u015fafta dayanarak \u00e7al\u0131\u015f\u0131r.<\/p>    <figure class=\"wp-block-gallery aligncenter has-nested-images columns-default is-cropped wp-block-gallery-5 is-layout-flex wp-block-gallery-is-layout-flex\"> <figure class=\"wp-block-image size-large\"><img loading=\"lazy\" decoding=\"async\" width=\"720\" height=\"540\" data-id=\"2474\" src=\"https:\/\/www.baler-machines.com\/wp-content\/uploads\/2022\/08\/drums-with-the-blades.webp\" alt=\"b\u0131\u00e7aklarla-drumlar\" class=\"wp-image-2474\" title=\"\"><figcaption class=\"wp-element-caption\">B\u0131\u00e7akl\u0131 Davullar<\/figcaption><\/figure>    <figure class=\"wp-block-image size-large\"><img loading=\"lazy\" decoding=\"async\" width=\"720\" height=\"540\" data-id=\"2475\" src=\"https:\/\/www.baler-machines.com\/wp-content\/uploads\/2022\/08\/quality-blades.webp\" alt=\"kalite-b\u0131\u00e7aklar\" class=\"wp-image-2475\" title=\"\"><figcaption class=\"wp-element-caption\">Kaliteli B\u0131\u00e7aklar<\/figcaption><\/figure> <\/figure>    <p>\u0130kiz \u015faftl\u0131 par\u00e7alay\u0131c\u0131 makineye girdikten sonra, malzeme kesiciler taraf\u0131ndan kayd\u0131rmal\u0131 bir d\u00f6ng\u00fc ile y\u0131rt\u0131l\u0131r ve kesilir. Ard\u0131ndan, daha k\u00fc\u00e7\u00fck boyutlara ayr\u0131l\u0131r ve sonras\u0131nda d\u0131\u015far\u0131 at\u0131l\u0131r.<\/p>    <h2 class=\"wp-block-heading\"><strong>\u00c7ift \u015faftl\u0131 par\u00e7alay\u0131c\u0131 makine fiyat\u0131 nas\u0131l?<\/strong><\/h2>    <p>\u00c7ift \u015faftl\u0131 par\u00e7alay\u0131c\u0131n\u0131n fiyat\u0131 \u00e7e\u015fitli y\u00f6nlerden etkilenir. Makinenin kendisi s\u00f6z konusu oldu\u011funda, esas olarak red\u00fckt\u00f6r\u00fcn ve b\u0131\u00e7a\u011f\u0131n makine konfig\u00fcrasyonu s\u00f6z konusudur.<\/p>    <ul class=\"wp-block-list\"> <li><strong>Red\u00fckt\u00f6r<\/strong> <ul class=\"wp-block-list\"> <li>Rol\u00fc, \u00e7\u0131k\u0131\u015f torkunu artt\u0131r\u0131rken h\u0131z\u0131 azaltmak, ayn\u0131 zamanda y\u00fck ataletini de azaltmakt\u0131r. <\/li>    <li>Red\u00fckt\u00f6r\u00fcn s\u0131radan modelleri ve \u00f6zelle\u015ftirilebilir modelleri vard\u0131r. Ki\u015fiselle\u015ftirilebilir modeller kesinlikle s\u0131radan modellere g\u00f6re daha pahal\u0131d\u0131r.<\/li> <\/ul> <\/li>    <li><strong>Par\u00e7alay\u0131c\u0131 b\u0131\u00e7aklar\u0131<\/strong> <ul class=\"wp-block-list\"> <li>Malzeme par\u00e7alama s\u00fcrecinde, b\u0131\u00e7ak en \u00f6nemli unsurdur. Bu nedenle, b\u0131\u00e7aklar\u0131n kal\u0131nl\u0131\u011f\u0131, say\u0131s\u0131 ve kalitesi makinenin fiyat\u0131n\u0131 etkiler.<\/li>    <li>Genel olarak b\u0131\u00e7aklar ne kadar kal\u0131nsa ve miktar\u0131 ne kadar b\u00fcy\u00fckse makine o kadar pahal\u0131 olur.<\/li> <\/ul> <\/li> <\/ul>    <h2 class=\"wp-block-heading\"><strong>Neden Shuliy iki \u015faftl\u0131 par\u00e7alay\u0131c\u0131y\u0131 en iyi se\u00e7enek olarak se\u00e7melisiniz?<\/strong><\/h2>    <ul class=\"wp-block-list\"> <li><strong>Y\u00fcksek kaliteli ve dayan\u0131kl\u0131 ekipman kalitesi<\/strong> <ul class=\"wp-block-list\"> <li>Shuliy \u00e7ift \u015faftl\u0131 par\u00e7alay\u0131c\u0131, y\u00fcksek mukavemetli \u00e7elikten yap\u0131lm\u0131\u015ft\u0131r ve a\u015f\u0131nmaya ve korozyona dayan\u0131kl\u0131 b\u0131\u00e7aklarla donat\u0131lm\u0131\u015ft\u0131r.<\/li>    <li>Ekipman, m\u00fckemmel stabilite ve uzun hizmet \u00f6mr\u00fc ile \u00e7e\u015fitli malzemeleri (hurda metal, lastik vb.) i\u015fleyebilir.<\/li> <\/ul> <\/li>    <li><strong>Y\u00fcksek verimli par\u00e7alama teknolojisi<\/strong> <ul class=\"wp-block-list\"> <li>\u00c7ift \u015faftl\u0131 par\u00e7alay\u0131c\u0131m\u0131z, \u00e7e\u015fitli par\u00e7alanmas\u0131 zor malzemelerle etkili bir \u015fekilde ba\u015fa \u00e7\u0131kabilen, geli\u015fmi\u015f yava\u015f h\u0131zl\u0131 ve y\u00fcksek torklu bir tasar\u0131m\u0131 benimser. <\/li>    <li>Sadece y\u00fcksek \u00e7al\u0131\u015fma verimlili\u011fine sahip olmakla kalm\u0131yor, ayn\u0131 zamanda kaynak geri kazan\u0131m\u0131n\u0131 ve at\u0131k bertaraf\u0131n\u0131 b\u00fcy\u00fck \u00f6l\u00e7\u00fcde art\u0131ran d\u00fc\u015f\u00fck enerji t\u00fcketimine de sahip.<\/li> <\/ul> <\/li>    <li><strong>Profesyonel tek elden hizmetler<\/strong> <ul class=\"wp-block-list\"> <li>Shuliy, sat\u0131\u015f \u00f6ncesi dan\u0131\u015fmanl\u0131ktan sat\u0131\u015f sonras\u0131 bak\u0131ma kadar tek elden hizmet sunmaktad\u0131r. <\/li>    <li>Par\u00e7alay\u0131c\u0131 \u00e7\u00f6z\u00fcmlerini b\u0131\u00e7ak numaras\u0131, b\u0131\u00e7ak malzemesi, voltaj vb. gibi \u00f6zel \u00fcretim ihtiya\u00e7lar\u0131n\u0131za g\u00f6re \u00f6zelle\u015ftirebiliriz.<\/li> <\/ul> <\/li>    <li><strong>Sat\u0131\u015f sonras\u0131 servis sistemini tamamlay\u0131n<\/strong> <ul class=\"wp-block-list\"> <li>Kurulum ve devreye alma rehberli\u011fi, \u00e7al\u0131\u015ft\u0131rma e\u011fitimi, par\u00e7a temini ve ar\u0131za onar\u0131m\u0131 vb. dahil olmak \u00fczere zaman\u0131nda ve d\u00fc\u015f\u00fcnceli sat\u0131\u015f sonras\u0131 hizmetler.<\/li> <\/ul> <\/li> <\/ul>    <figure class=\"wp-block-gallery aligncenter has-nested-images columns-default is-cropped wp-block-gallery-6 is-layout-flex wp-block-gallery-is-layout-flex\"> <figure class=\"wp-block-image size-full\"><img loading=\"lazy\" decoding=\"async\" width=\"720\" height=\"540\" data-id=\"3556\" src=\"https:\/\/www.baler-machines.com\/wp-content\/uploads\/2024\/01\/double-shaft-shredder-machine-in-stock.webp\" alt=\"stokta \u00e7ift mil par\u00e7alama makinesi\" class=\"wp-image-3556\" title=\"\"><figcaption class=\"wp-element-caption\">\u00c7ift \u015eaftl\u0131 Par\u00e7alama Makinesi Stoklar\u0131m\u0131zda<\/figcaption><\/figure>    <figure class=\"wp-block-image size-large\"><img loading=\"lazy\" decoding=\"async\" width=\"720\" height=\"540\" data-id=\"3555\" src=\"https:\/\/www.baler-machines.com\/wp-content\/uploads\/2022\/08\/twin-shaft-shredder-manufacturer.webp\" alt=\"ikiz mil par\u00e7alama makinesi \u00fcreticisi\" class=\"wp-image-3555\" title=\"\"><figcaption class=\"wp-element-caption\">\u00c7ift \u015eaftl\u0131 Par\u00e7alay\u0131c\u0131 \u00dcreticisi<\/figcaption><\/figure> <\/figure>    <h2 class=\"wp-block-heading\"><strong>At\u0131k geri d\u00f6n\u00fc\u015f\u00fcm i\u015finize ba\u015flamak i\u00e7in bizimle ileti\u015fime ge\u00e7in!<\/strong><\/h2>    <p>At\u0131k geri d\u00f6n\u00fc\u015f\u00fcm i\u015finize Shuliy ile ba\u015flay\u0131n! <\/p>    <p class=\"translation-block\">\u00c7ift millli par\u00e7alay\u0131c\u0131, <a href=\"https:\/\/www.baler-machines.com\/tr\/horizontal-metal-baler\/\">metal balya makinesi<\/a>, metal giyotin vb. gibi at\u0131k i\u015fleme ekipmanlar\u0131 i\u00e7in tek durak \u00e7\u00f6z\u00fcm sunuyoruz.<\/p>    <p class=\"translation-block\">Hurda metalden kau\u00e7uk lastiklere kadar at\u0131klar\u0131 de\u011ferli kaynaklara verimli bir \u015fekilde d\u00f6n\u00fc\u015ft\u00fcrmenize yard\u0131mc\u0131 olabiliriz. Daha ye\u015fil bir i\u015f yapma \u015fekli i\u00e7in bug\u00fcn bize ula\u015f\u0131n!<\/p>","protected":false},"excerpt":{"rendered":"<p>\u00c7ift \u015faftl\u0131 par\u00e7alay\u0131c\u0131 (\u00e7ift \u015faftl\u0131 par\u00e7alay\u0131c\u0131), metal, plastik vb. \u00e7e\u015fitli malzemelerin geri d\u00f6n\u00fc\u015f\u00fcm i\u00e7in k\u00fc\u00e7\u00fck par\u00e7ac\u0131klara par\u00e7alanmas\u0131 konusunda uzmanla\u015fm\u0131\u015ft\u0131r.<\/p>","protected":false},"author":1,"featured_media":2476,"parent":0,"template":"","tags":[578,581,579,580,632],"product-type":[561],"class_list":["post-2448","product","type-product","status-publish","has-post-thumbnail","hentry","tag-double-shaft-shredder","tag-dual-shaft-shredder","tag-scrap-metal-crusher","tag-scrap-metal-shredder","tag-shredder","product-type-industrial-shredder"],"_links":{"self":[{"href":"https:\/\/www.baler-machines.com\/tr\/wp-json\/wp\/v2\/product\/2448","targetHints":{"allow":["GET"]}}],"collection":[{"href":"https:\/\/www.baler-machines.com\/tr\/wp-json\/wp\/v2\/product"}],"about":[{"href":"https:\/\/www.baler-machines.com\/tr\/wp-json\/wp\/v2\/types\/product"}],"author":[{"embeddable":true,"href":"https:\/\/www.baler-machines.com\/tr\/wp-json\/wp\/v2\/users\/1"}],"wp:featuredmedia":[{"embeddable":true,"href":"https:\/\/www.baler-machines.com\/tr\/wp-json\/wp\/v2\/media\/2476"}],"wp:attachment":[{"href":"https:\/\/www.baler-machines.com\/tr\/wp-json\/wp\/v2\/media?parent=2448"}],"wp:term":[{"taxonomy":"post_tag","embeddable":true,"href":"https:\/\/www.baler-machines.com\/tr\/wp-json\/wp\/v2\/tags?post=2448"},{"taxonomy":"product-type","embeddable":true,"href":"https:\/\/www.baler-machines.com\/tr\/wp-json\/wp\/v2\/product-type?post=2448"}],"curies":[{"name":"wp","href":"https:\/\/api.w.org\/{rel}","templated":true}]}}