{"id":223,"date":"2019-12-10T07:52:25","date_gmt":"2019-12-10T07:52:25","guid":{"rendered":"http:\/\/test.yogurt-machine.com\/?p=223"},"modified":"2024-08-02T15:24:54","modified_gmt":"2024-08-02T07:24:54","slug":"vertical-metal-baler-hydraulic-metal-baling-machine","status":"publish","type":"product","link":"https:\/\/www.baler-machines.com\/tr\/vertical-metal-baler-hydraulic-metal-baling-machine\/","title":{"rendered":"Dikey Metal Balya Makinas\u0131 | Hidrolik Balyalama Presi"},"content":{"rendered":"<p class=\"translation-block\">Shuliy <strong>dikey metal balya makinesi<\/strong>, her t\u00fcrl\u00fc metal at\u0131\u011f\u0131n\u0131 (hurda \u00e7elik, hurda al\u00fcminyum, hurda bak\u0131r vb.) y\u00fcksek bas\u0131n\u00e7la bloklara s\u0131k\u0131\u015ft\u0131rmak i\u00e7indir. Presleme sonras\u0131, balyalanm\u0131\u015f metal balyalar depolama, nakliye ve geri d\u00f6n\u00fc\u015f\u00fcm i\u00e7in uygundur.<\/p>    <p>Makine dakikada 6-10 balya aras\u0131nda de\u011fi\u015fen balyalama h\u0131z\u0131na sahiptir. 800*400*800mm, 800*400*600mm, 1150*750*1000mm vb. boyutlarda balyalar\u0131 presleyebilir. Taleplerinizi kar\u015f\u0131lamak i\u00e7in balya boyutunu \u00f6zelle\u015ftirebiliriz.<\/p>   <div class=\"wp-block-image\"> <figure class=\"aligncenter size-full\"><img loading=\"lazy\" decoding=\"async\" width=\"720\" height=\"540\" src=\"https:\/\/www.baler-machines.com\/wp-content\/uploads\/2019\/12\/vertical-metal-baler-manufacturer.webp\" alt=\"dikey metal balya makinesi \u00fcreticisi\" class=\"wp-image-3951\" title=\"\" srcset=\"https:\/\/www.baler-machines.com\/wp-content\/uploads\/2019\/12\/vertical-metal-baler-manufacturer.webp 720w, https:\/\/www.baler-machines.com\/wp-content\/uploads\/2019\/12\/vertical-metal-baler-manufacturer-16x12.webp 16w\" sizes=\"auto, (max-width: 720px) 100vw, 720px\" \/><figcaption class=\"wp-element-caption\">dikey metal balya makinesi \u00fcreticisi<\/figcaption><\/figure> <\/div>   <p>Bu hidrolik balyalama presi, basit kullan\u0131m, geni\u015f uygulama ve maliyet etkinli\u011fi avantajlar\u0131na sahiptir. <\/p>    <p>Dikey balya makinemiz karton, kuma\u015f, plastik \u015fi\u015fe ve benzeri malzemeleri balyalamak i\u00e7in de kullan\u0131labilir. \u0130lgileniyorsan\u0131z, l\u00fctfen bizimle ileti\u015fime ge\u00e7mekten \u00e7ekinmeyin. <\/p>    <figure class=\"wp-block-embed is-type-video is-provider-youtube wp-block-embed-youtube wp-embed-aspect-16-9 wp-has-aspect-ratio\"><div class=\"wp-block-embed__wrapper\"> <iframe loading=\"lazy\" title=\"Metal hurda, karton, ya\u011f varilleri vb. s\u0131k\u0131\u015ft\u0131rmak i\u00e7in Shuliy dikey balya makinesi\" width=\"500\" height=\"281\" src=\"https:\/\/www.youtube.com\/embed\/f14rdDsu4WI?feature=oembed\" frameborder=\"0\" allow=\"accelerometer; autoplay; clipboard-write; encrypted-media; gyroscope; picture-in-picture; web-share\" referrerpolicy=\"strict-origin-when-cross-origin\" allowfullscreen><\/iframe> <\/div><figcaption class=\"wp-element-caption\">hidrolik dikey balya makinesi videosu<\/figcaption><\/figure>    <h2 class=\"wp-block-heading\"><strong>Shuliy hidrolik balyalama presinin avantajlar\u0131<\/strong><\/h2>    <ul class=\"wp-block-list\"> <li><strong>Dakikada 6-10 balya kapasitesi<\/strong>. Balya makinemiz, 6-10 balyan\u0131n at\u0131klar\u0131n\u0131 bir dakikada preslemek i\u00e7in g\u00fc\u00e7l\u00fc bir hidrolik sistem kullan\u0131r ve bu da verimlidir.<\/li>    <li><strong>Ak\u0131ll\u0131 kontrol paneli ve sezgisel kullan\u0131c\u0131 aray\u00fcz\u00fc<\/strong>. This design is user-friendly. Even if you&#8217;re a new person can get started quickly.<\/li>    <li><strong>Bir\u00e7ok \u00e7e\u015fit metal malzemenin balyalanmas\u0131<\/strong>. Bu dikey metal balya makinesi, hurda \u00e7elik, hurda al\u00fcminyum, hurda bak\u0131r vb. gibi bir\u00e7ok metal at\u0131k t\u00fcr\u00fc i\u00e7in uygundur. <\/li>    <li><strong>Maliyet etkinli\u011fi<\/strong>. We&#8217;re factory direct sales. With upgraded technology, we can produce balers in batches, ensuring the quality while reducing the price, which is cost-effective.<\/li>    <li><strong>D\u00fc\u015f\u00fck bak\u0131m maliyeti<\/strong>. Ekipman yap\u0131s\u0131 basit ve anla\u015f\u0131lmas\u0131 kolayd\u0131r. G\u00fcnl\u00fck bak\u0131m olduk\u00e7a basit ve ucuzdur.<\/li>    <li><strong>\u00d6zelle\u015ftirilebilir s\u0131k\u0131\u015ft\u0131rma kuvveti, s\u0131k\u0131\u015ft\u0131r\u0131lm\u0131\u015f blok boyutu ve di\u011ferleri<\/strong>. \u0130htiya\u00e7lar\u0131n\u0131za g\u00f6re bunlar\u0131 \u00f6zelle\u015ftirebiliriz. Ayr\u0131ca voltaj\u0131, g\u00fcc\u00fc vb. \u00f6zelle\u015ftirebiliriz. <\/li> <\/ul>   <div class=\"wp-block-image\"> <figure class=\"aligncenter size-full\"><img loading=\"lazy\" decoding=\"async\" width=\"720\" height=\"540\" src=\"https:\/\/www.baler-machines.com\/wp-content\/uploads\/2019\/12\/Shuliy-hydraulic-baling-press-in-the-factory.webp\" alt=\"Fabrikada Shuliy hidrolik balyalama presi\" class=\"wp-image-3949\" title=\"\" srcset=\"https:\/\/www.baler-machines.com\/wp-content\/uploads\/2019\/12\/Shuliy-hydraulic-baling-press-in-the-factory.webp 720w, https:\/\/www.baler-machines.com\/wp-content\/uploads\/2019\/12\/Shuliy-hydraulic-baling-press-in-the-factory-16x12.webp 16w\" sizes=\"auto, (max-width: 720px) 100vw, 720px\" \/><figcaption class=\"wp-element-caption\">Fabrikada Shuliy hidrolik balyalama presi<\/figcaption><\/figure> <\/div>   <h2 class=\"wp-block-heading\"><strong>Hidrolik dikey metal balya makinesinin teknik parametreleri<\/strong><\/h2>    <figure class=\"wp-block-table\"><table><tbody><tr><td>Modeli<\/td><td>SL-10T<\/td><td>SL-20T<\/td><td>SL-30T<\/td><td>SL-60T<\/td><td>SL-80T<\/td><\/tr><tr><td>G\u00fc\u00e7<\/td><td>5.5kW<\/td><td>7,5kW<\/td><td>11kW<\/td><td>15kW<\/td><td>17kW<\/td><\/tr><tr><td>Balya boyutu<\/td><td>800*400*800mm<\/td><td>800*400*800mm<\/td><td>800*400*600mm<\/td><td>1150*750*1000mm<\/td><td>1150*750*1000mm<\/td><\/tr><tr><td>Bas\u0131n\u00e7<\/td><td>10 ton<\/td><td>20 ton<\/td><td>30 ton<\/td><td>60 ton<\/td><td>80 ton<\/td><\/tr><tr><td>Boyut<\/td><td>1400*700*2900mm<\/td><td>1400*700*2950mm<\/td><td>1450*800*2950mm<\/td><td>1700*1000*3200mm<\/td><td>1800*1000*3200mm<\/td><\/tr><tr><td>Ya\u011f silindiri<\/td><td>\u03c6125<\/td><td>\u03c6160<\/td><td>\u03c6160<\/td><td>\u03c6160<\/td><td>\u03c6180<\/td><\/tr><tr><td>Balyalama h\u0131z\u0131<\/td><td>8-10balya\/dak<\/td><td>8-10balya\/dak<\/td><td>8-10balya\/dak<\/td><td>6-10balya\/dak<\/td><td>6-10balya\/dak<\/td><\/tr><tr><td>A\u011f\u0131rl\u0131k<\/td><td>400kg<\/td><td>850kg<\/td><td>950kg<\/td><td>1600kg<\/td><td>2000kg<\/td><\/tr><\/tbody><\/table><figcaption class=\"wp-element-caption\">dikey balyalama presinin \u00f6zellikleri<\/figcaption><\/figure>    <p>Hidrolik balyalama presimiz sat\u0131\u015f i\u00e7in \u00e7e\u015fitli modellere sahiptir: SL-10T, SL-20T, SL-30T, SL-60T, SL-80T vb. \u0130lgileniyorsan\u0131z, daha fazla ayr\u0131nt\u0131 i\u00e7in bizimle ileti\u015fime ge\u00e7menizi bekliyoruz!<\/p>    <figure class=\"wp-block-gallery aligncenter has-nested-images columns-default is-cropped wp-block-gallery-2 is-layout-flex wp-block-gallery-is-layout-flex\"> <figure class=\"wp-block-image size-full\"><img loading=\"lazy\" decoding=\"async\" width=\"720\" height=\"540\" data-id=\"3947\" src=\"https:\/\/www.baler-machines.com\/wp-content\/uploads\/2019\/12\/vertical-baler-for-sale.webp\" alt=\"sat\u0131l\u0131k dikey balya makinesi\" class=\"wp-image-3947\" title=\"\" srcset=\"https:\/\/www.baler-machines.com\/wp-content\/uploads\/2019\/12\/vertical-baler-for-sale.webp 720w, https:\/\/www.baler-machines.com\/wp-content\/uploads\/2019\/12\/vertical-baler-for-sale-16x12.webp 16w\" sizes=\"auto, (max-width: 720px) 100vw, 720px\" \/><figcaption class=\"wp-element-caption\">Sat\u0131l\u0131k Dikey Balya Makinas\u0131<\/figcaption><\/figure>    <figure class=\"wp-block-image size-full\"><img loading=\"lazy\" decoding=\"async\" width=\"720\" height=\"540\" data-id=\"3953\" src=\"https:\/\/www.baler-machines.com\/wp-content\/uploads\/2019\/12\/small-and-big-vertical-baler-in-stock.webp\" alt=\"stokta k\u00fc\u00e7\u00fck ve b\u00fcy\u00fck dikey balya makineleri\" class=\"wp-image-3953\" title=\"\" srcset=\"https:\/\/www.baler-machines.com\/wp-content\/uploads\/2019\/12\/small-and-big-vertical-baler-in-stock.webp 720w, https:\/\/www.baler-machines.com\/wp-content\/uploads\/2019\/12\/small-and-big-vertical-baler-in-stock-16x12.webp 16w\" sizes=\"auto, (max-width: 720px) 100vw, 720px\" \/><figcaption class=\"wp-element-caption\">K\u00fc\u00e7\u00fck ve B\u00fcy\u00fck Dikey Balya Makinalar\u0131 Stokta<\/figcaption><\/figure> <\/figure>    <h2 class=\"wp-block-heading\" id=\"h-main-applications-of-the-vertical-metal-baler\"><strong>Balyalanacak metal at\u0131klar ve di\u011fer hurdalar<\/strong><\/h2>    <p>Dikey balya makinemiz \u00e7ok fonksiyonlu olup her t\u00fcrl\u00fc at\u0131k malzeme preslemeye uygundur. \u015eimdi balyalanabilen hurda malzemeleri tan\u0131taca\u011f\u0131m.<\/p>    <figure class=\"wp-block-gallery has-nested-images columns-default is-cropped wp-block-gallery-3 is-layout-flex wp-block-gallery-is-layout-flex\"> <figure class=\"wp-block-image size-full\"><img loading=\"lazy\" decoding=\"async\" width=\"720\" height=\"440\" data-id=\"456\" src=\"https:\/\/www.baler-machines.com\/wp-content\/uploads\/2019\/12\/waste-aluminium-sheets-baling.jpg\" alt=\"at\u0131k al\u00fcminyum levhalar\u0131n balyalanmas\u0131\" class=\"wp-image-456\" title=\"\"><figcaption class=\"wp-element-caption\">At\u0131k Al\u00fcminyum Levha Balyalama<\/figcaption><\/figure>    <figure class=\"wp-block-image size-large\"><img loading=\"lazy\" decoding=\"async\" width=\"720\" height=\"411\" data-id=\"357\" src=\"https:\/\/www.baler-machines.com\/wp-content\/uploads\/2019\/12\/Car-shells-recycling-1.jpg\" alt=\"Araba kabuklar\u0131 geri d\u00f6n\u00fc\u015f\u00fcm\u00fc\" class=\"wp-image-357\" title=\"\"><figcaption class=\"wp-element-caption\">Araba Kabuklar\u0131n\u0131n Geri D\u00f6n\u00fc\u015f\u00fcm\u00fc<\/figcaption><\/figure> <\/figure>    <ul class=\"wp-block-list\"> <li><strong>Hurda \u00e7elik<\/strong> <ul class=\"wp-block-list\"> <li>\u00c7e\u015fitli \u015fekillerde at\u0131k \u00e7elik, \u00e7elik levha, \u00e7elik boru, \u00e7elik \u00e7ubuk ve di\u011fer hurda malzemeler.<\/li> <\/ul> <\/li>    <li><strong>Al\u00fcminyum hurda<\/strong> <ul class=\"wp-block-list\"> <li>Al\u00fcminyum kutular\u0131, al\u00fcminyum levhalar\u0131, al\u00fcminyum t\u00fcpleri, al\u00fcminyum folyoyu ve di\u011fer al\u00fcminyum malzeme t\u00fcrlerini hurdaya \u00e7\u0131kar\u0131n.<\/li> <\/ul> <\/li>    <li><strong>Bak\u0131r hurdas\u0131<\/strong> <ul class=\"wp-block-list\"> <li>At\u0131k bak\u0131r teller, bak\u0131r borular, bak\u0131r levhalar, bak\u0131r tala\u015flar\u0131 vb.<\/li> <\/ul> <\/li>    <li><strong>Hurda demir<\/strong> <ul class=\"wp-block-list\"> <li>Hurda demir, demir hurdas\u0131, demir tel, demir levha vb. gibi \u00e7e\u015fitli demir malzemeleri.<\/li> <\/ul> <\/li>    <li><strong>Paslanmaz \u00e7elik hurdas\u0131<\/strong> <ul class=\"wp-block-list\"> <li>At\u0131k paslanmaz \u00e7elik aletler, paslanmaz \u00e7elik levha, paslanmaz \u00e7elik boru ve di\u011fer paslanmaz \u00e7elik malzeme t\u00fcrleri.<\/li> <\/ul> <\/li>    <li><strong>Hurda kur\u015fun<\/strong> <ul class=\"wp-block-list\"> <li>At\u0131k kur\u015fun levha, kur\u015fun boru, kur\u015fun blok ve di\u011fer kur\u015fun malzemeleri.<\/li> <\/ul> <\/li>    <li><strong>\u00c7inko hurdas\u0131<\/strong> <ul class=\"wp-block-list\"> <li>\u00c7inko levha, \u00e7inko boru, \u00e7inko blok ve di\u011fer at\u0131k \u00e7inko malzemeleri.<\/li> <\/ul> <\/li>    <li><strong>Ala\u015f\u0131m at\u0131\u011f\u0131<\/strong> <ul class=\"wp-block-list\"> <li>Bak\u0131r ala\u015f\u0131m\u0131, al\u00fcminyum ala\u015f\u0131m\u0131, nikel ala\u015f\u0131m\u0131 vb. gibi her t\u00fcrl\u00fc at\u0131k metal ala\u015f\u0131ml\u0131 malzeme.<\/li> <\/ul> <\/li>    <li><strong>Elektronik hurda<\/strong> <ul class=\"wp-block-list\"> <li>At\u0131k elektronik \u00fcr\u00fcnlerdeki metal par\u00e7alar, \u00f6rne\u011fin teller ve metal bile\u015fenlerdeki devre kartlar\u0131.<\/li> <\/ul> <\/li>    <li><strong>Di\u011ferleri<\/strong>: at\u0131k lastik, giysi, at\u0131k karton, boru, plastik \u015fi\u015fe, teneke kutu, k\u00f6p\u00fck, s\u00fcnger vb.<\/li> <\/ul>   <div class=\"wp-block-image\"> <figure class=\"aligncenter size-full\"><img loading=\"lazy\" decoding=\"async\" width=\"720\" height=\"500\" src=\"https:\/\/www.baler-machines.com\/wp-content\/uploads\/2022\/08\/applications-of-the-hydraulic-vertical-baler.webp\" alt=\"hidrolik dikey balya makinesinin uygulamalar\u0131\" class=\"wp-image-2667\" title=\"\"><figcaption class=\"wp-element-caption\">hidrolik dikey balya makinesinin uygulamalar\u0131<\/figcaption><\/figure> <\/div>   <h2 class=\"wp-block-heading\"><strong>Shuliy dikey balya makinesi uygulamalar\u0131<\/strong><\/h2>    <p>Balyalanacak hurda malzemeleri \u00f6\u011frendikten sonra, \u015fimdi uygulamalar\u0131na bakal\u0131m.<\/p>    <ul class=\"wp-block-list\"> <li><strong>Hurda metal geri d\u00f6n\u00fc\u015f\u00fcm istasyonu<\/strong> <ul class=\"wp-block-list\"> <li>Kolay ta\u015f\u0131ma ve yeniden kullan\u0131m i\u00e7in \u00e7e\u015fitli metal art\u0131klar\u0131n\u0131 bloklara s\u0131k\u0131\u015ft\u0131rmak i\u00e7in kullan\u0131l\u0131r.<\/li> <\/ul> <\/li>    <li><strong>Metal i\u015fleme tesisi<\/strong> <ul class=\"wp-block-list\"> <li>\u00dcretim s\u00fcrecinde olu\u015fan kompakt metal hurdalar\u0131n bloklara d\u00f6n\u00fc\u015ft\u00fcr\u00fclmesi. Bu, depolama alan\u0131n\u0131 azaltabilir ve kaynak kullan\u0131m\u0131n\u0131 iyile\u015ftirebilir.<\/li> <\/ul> <\/li>    <li><strong>Hurda toplama istasyonlar\u0131<\/strong> <ul class=\"wp-block-list\"> <li>Sat\u0131n al\u0131nan \u00e7e\u015fitli metal art\u0131klar\u0131n\u0131 bloklar halinde s\u0131k\u0131\u015ft\u0131r\u0131n. Bu, ta\u015f\u0131ma verimlili\u011fini art\u0131r\u0131r ve maliyetleri azalt\u0131r.<\/li> <\/ul> <\/li> <\/ul>   <div class=\"wp-block-image is-resized\"> <figure class=\"aligncenter size-large\"><img loading=\"lazy\" decoding=\"async\" width=\"720\" height=\"411\" src=\"https:\/\/www.baler-machines.com\/wp-content\/uploads\/2019\/12\/vertical-metal-scraps-baler-applications.jpg\" alt=\"dikey metal hurda balya makinesi uygulamalar\u0131\" class=\"wp-image-240\" title=\"\"><figcaption class=\"wp-element-caption\">dikey metal hurda balyalama uygulamalar\u0131<\/figcaption><\/figure> <\/div>   <h2 class=\"wp-block-heading\"><strong>Hidrolik dikey balya makinesinin yap\u0131s\u0131<\/strong><\/h2>    <p>Yap\u0131s\u0131 hidrolik silindir (\u00e7ift), malzeme haznesi, h\u0131zl\u0131 a\u00e7ma, el anahtar\u0131, ya\u011f deposu, di\u015fli pompa ve motordan olu\u015fur. <\/p>   <div class=\"wp-block-image\"> <figure class=\"aligncenter size-large\"><img loading=\"lazy\" decoding=\"async\" width=\"720\" height=\"540\" src=\"https:\/\/www.baler-machines.com\/wp-content\/uploads\/2019\/12\/vertical-baling-machine-structure.jpg\" alt=\"\" class=\"wp-image-294\" title=\"\"><figcaption class=\"wp-element-caption\">dikey balyalama makinesi yap\u0131s\u0131<\/figcaption><\/figure> <\/div>   <p>Yatay tip balya makinesiyle kar\u015f\u0131la\u015ft\u0131r\u0131ld\u0131\u011f\u0131nda, bu dikey balya makinesi en k\u00fc\u00e7\u00fck ve en yayg\u0131n kullan\u0131lan\u0131d\u0131r. Genellikle k\u00fc\u00e7\u00fck ve orta \u00f6l\u00e7ekli at\u0131k geri d\u00f6n\u00fc\u015f\u00fcm tesisleri i\u00e7in kullan\u0131l\u0131r. \u0130lgileniyorsan\u0131z, daha fazla ayr\u0131nt\u0131 i\u00e7in bizimle ileti\u015fime ge\u00e7menizi bekliyoruz!<\/p>    <h2 class=\"wp-block-heading\"><strong>Dikey balyalama makinesinin \u00e7al\u0131\u015fma s\u00fcreci<\/strong><\/h2>   <div id=\"rank-math-howto\" class=\"rank-math-block\" > <div class=\"rank-math-howto-description\">  <\/div>  <div class=\"rank-math-steps\"> <div id=\"howto-step-1722246807953\" class=\"rank-math-step\"> <h3 class=\"rank-math-step-title\"><strong>Y\u00fckleniyor<\/strong><\/h3> <div class=\"rank-math-step-content\"><p>Metal hurday\u0131 dikey metal balya makinesinin s\u0131k\u0131\u015ft\u0131rma b\u00f6lmesine koyun.<\/p> <\/div> <\/div> <div id=\"howto-step-1722246821681\" class=\"rank-math-step\"> <h3 class=\"rank-math-step-title\"><strong>S\u0131k\u0131\u015ft\u0131rma<\/strong><\/h3> <div class=\"rank-math-step-content\"><p>Hidrolik sistemi etkinle\u015ftirdi\u011finizde s\u0131k\u0131\u015ft\u0131rma plakas\u0131 metal hurday\u0131 bloklar halinde s\u0131k\u0131\u015ft\u0131rmak i\u00e7in a\u015fa\u011f\u0131 do\u011fru hareket edecektir. <br \/>G\u00fc\u00e7l\u00fc hidrolik bas\u0131n\u00e7, hurdan\u0131n minimum hacme s\u0131k\u0131\u015ft\u0131r\u0131lmas\u0131n\u0131 sa\u011flar.<\/p> <\/div> <\/div> <div id=\"howto-step-1722246838296\" class=\"rank-math-step\"> <h3 class=\"rank-math-step-title\"><strong>\u00c7emberleme<\/strong><\/h3> <div class=\"rank-math-step-content\"><p>S\u0131k\u0131\u015ft\u0131rma tamamland\u0131ktan sonra makine, s\u0131k\u0131\u015ft\u0131r\u0131lm\u0131\u015f bloklar\u0131 otomatik\/manuel olarak paketler. Bu, kolay kullan\u0131m ve depolama i\u00e7in onlar\u0131 s\u0131k\u0131 tutar.<\/p> <\/div> <\/div> <div id=\"howto-step-1722246850904\" class=\"rank-math-step\"> <h3 class=\"rank-math-step-title\"><strong>Bo\u015faltma<\/strong><\/h3> <div class=\"rank-math-step-content\"><p>S\u0131k\u0131\u015ft\u0131rma ve \u00e7emberleme sonras\u0131nda makine, s\u0131k\u0131\u015ft\u0131r\u0131lm\u0131\u015f metal bloklar\u0131 otomatik olarak d\u0131\u015far\u0131 iter. Daha sonra makine s\u0131k\u0131\u015ft\u0131r\u0131lacak bir sonraki hurda partisine haz\u0131r hale gelir.<\/p> <\/div> <\/div> <\/div> <\/div>       <h2 class=\"wp-block-heading\" id=\"h-precautions-for-use-of-hydraulic-metal-baler-machine\"><strong>Hidrolik metal balya makinesinin kullan\u0131m\u0131na ili\u015fkin \u00f6nlemler<\/strong><\/h2>    <p>Bu dikey metal balya makinesini do\u011fru \u015fekilde kullanmak i\u00e7in makinenin yap\u0131s\u0131na ve \u00e7al\u0131\u015fma prosed\u00fcrlerine hakim olmal\u0131s\u0131n\u0131z. Ayr\u0131ca dikkat etmeniz gereken baz\u0131 noktalar var.<\/p>    <figure class=\"wp-block-gallery aligncenter has-nested-images columns-default is-cropped wp-block-gallery-4 is-layout-flex wp-block-gallery-is-layout-flex\"> <figure class=\"wp-block-image size-large\"><img loading=\"lazy\" decoding=\"async\" width=\"405\" height=\"540\" data-id=\"232\" src=\"https:\/\/www.baler-machines.com\/wp-content\/uploads\/2019\/12\/vertical-metal-balers-are-in-stock.jpg\" alt=\"dikey metal balya makineleri stokta\" class=\"wp-image-232\" title=\"\"><figcaption class=\"wp-element-caption\">Dikey Metal Balya Makinalar\u0131 Stoklar\u0131m\u0131zda<\/figcaption><\/figure>    <figure class=\"wp-block-image size-large\"><img loading=\"lazy\" decoding=\"async\" width=\"405\" height=\"540\" data-id=\"230\" src=\"https:\/\/www.baler-machines.com\/wp-content\/uploads\/2019\/12\/various-metal-balers.jpg\" alt=\"\u00e7e\u015fitli metal balya makineleri\" class=\"wp-image-230\" title=\"\"><figcaption class=\"wp-element-caption\">\u00c7e\u015fitli Metal Balya Makinalar\u0131<\/figcaption><\/figure> <\/figure>    <ul class=\"wp-block-list\"> <li>Ya\u011f deposuna hidrolik ya\u011f\u0131 eklemek i\u00e7in kesinlikle y\u00fcksek kaliteli a\u015f\u0131nma \u00f6nleyici hidrolik ya\u011f\u0131 kullan\u0131lmal\u0131d\u0131r.    <ul class=\"wp-block-list\"> <li>Hidrolik ya\u011f\u0131 s\u0131k\u0131 bir \u015fekilde filtreleyin ve d\u00fczenli olarak yeterli ya\u011f hacmini koruyun. <\/li>    <li>Ya\u011f yetersiz kald\u0131\u011f\u0131nda hemen doldurun.<\/li> <\/ul> <\/li>    <li>Dikey metal balya makinesinin ya\u011f tank\u0131n\u0131 temizleyin ve her yar\u0131m y\u0131lda bir yeni ya\u011f ile de\u011fi\u015ftirin.  <ul class=\"wp-block-list\"> <li>\u0130lk temizlik ve ya\u011f filtrasyonu bir ay\u0131 ge\u00e7memelidir. <\/li>    <li>Bir kez kullan\u0131lm\u0131\u015f yeni ya\u011f ancak s\u0131k\u0131 bir filtrelemeden sonra tekrar kullan\u0131labilir.<\/li> <\/ul> <\/li> <\/ul>    <ul class=\"wp-block-list\"> <li>Bu dikey balya makinesinin ya\u011flama par\u00e7alar\u0131, gerekti\u011finde vardiya ba\u015f\u0131na en az bir kez ya\u011flama ya\u011f\u0131 ile doldurulmal\u0131d\u0131r.<\/li>    <li>Malzeme kutusundaki \u00e7e\u015fitli e\u015fyalar\u0131 zaman\u0131nda temizleyin.<\/li>    <li>Yap\u0131s\u0131n\u0131, performans\u0131n\u0131 ve \u00e7al\u0131\u015fma prosed\u00fcrlerini \u00f6\u011frenmeden ve anlamadan makineyi \u00e7al\u0131\u015ft\u0131rmay\u0131n.<\/li>    <li>\u00c7al\u0131\u015fma s\u0131ras\u0131nda ciddi ya\u011f s\u0131z\u0131nt\u0131s\u0131 veya anormal olaylar olmas\u0131 durumunda makineyi derhal durdurun. <ul class=\"wp-block-list\"> <li>Sebepleri analiz edin ve hatalar\u0131 ortadan kald\u0131r\u0131n.<\/li>    <li>Ar\u0131zal\u0131 zorunlu \u00e7al\u0131\u015fmaya izin verilmez.<\/li> <\/ul> <\/li> <\/ul>   <div class=\"wp-block-image\"> <figure class=\"aligncenter size-full\"><img loading=\"lazy\" decoding=\"async\" width=\"720\" height=\"540\" src=\"https:\/\/www.baler-machines.com\/wp-content\/uploads\/2019\/12\/quality-hydraulic-vertical-baler.webp\" alt=\"kaliteli hidrolik dikey balya makinesi\" class=\"wp-image-3955\" title=\"\" srcset=\"https:\/\/www.baler-machines.com\/wp-content\/uploads\/2019\/12\/quality-hydraulic-vertical-baler.webp 720w, https:\/\/www.baler-machines.com\/wp-content\/uploads\/2019\/12\/quality-hydraulic-vertical-baler-16x12.webp 16w\" sizes=\"auto, (max-width: 720px) 100vw, 720px\" \/><figcaption class=\"wp-element-caption\">kaliteli hidrolik dikey balya makinesi<\/figcaption><\/figure> <\/div>   <ul class=\"wp-block-list\"> <li>Hidrolik dikey metal balya makinesinin \u00e7al\u0131\u015fmas\u0131 s\u0131ras\u0131nda a\u015fa\u011f\u0131dakilere izin verilmez: <ul class=\"wp-block-list\"> <li>Hareketli par\u00e7alar\u0131 onar\u0131n veya temasa ge\u00e7in. <\/li>    <li>Malzeme kutusundaki malzemeleri elleriniz veya ayaklar\u0131n\u0131zla bast\u0131r\u0131n.<\/li> <\/ul> <\/li>    <li>Pompa, vana ve manometre ayarlar\u0131 yap\u0131l\u0131rken deneyimli teknisyenler taraf\u0131ndan yap\u0131lmal\u0131d\u0131r.  <ul class=\"wp-block-list\"> <li>Bir bas\u0131n\u00e7 g\u00f6stergesinin ar\u0131zal\u0131 oldu\u011fu tespit edilirse derhal kontrol edilmeli veya de\u011fi\u015ftirilmelidir.<\/li> <\/ul> <\/li>    <li>\u00d6zel duruma g\u00f6re ayr\u0131nt\u0131l\u0131 bak\u0131m ve g\u00fcvenli \u00e7al\u0131\u015fma prosed\u00fcrlerini form\u00fcle etmelisiniz.<\/li> <\/ul>    <h2 class=\"wp-block-heading\"><strong>At\u0131k geri d\u00f6n\u00fc\u015f\u00fcm \u00e7\u00f6z\u00fcmleri i\u00e7in bizimle ileti\u015fime ge\u00e7in!<\/strong><\/h2>    <p class=\"translation-block\">Maliyet etkin \u00e7\u00f6z\u00fcmler mi ar\u0131yorsunuz <a href=\"https:\/\/en.wikipedia.org\/wiki\/Scrap\" target=\"_blank\" rel=\"noopener\">hurda metal<\/a> geri d\u00f6n\u00fc\u015f\u00fcm\u00fc i\u00e7in? \u0130\u015fletmenize fayda sa\u011flayacak dikey metal balya makinemiz ve <a href=\"https:\/\/www.baler-machines.com\/tr\/horizontal-metal-baler\/\">yatay metal balya makinemiz<\/a> var. <\/p>   <div class=\"wp-block-image\"> <figure class=\"aligncenter size-large\"><img loading=\"lazy\" decoding=\"async\" width=\"540\" height=\"540\" src=\"https:\/\/www.baler-machines.com\/wp-content\/uploads\/2019\/12\/Cans-baling-and-recycling-2.jpg\" alt=\"Kutu balyalama ve geri d\u00f6n\u00fc\u015f\u00fcm\" class=\"wp-image-358\" title=\"\"><figcaption class=\"wp-element-caption\">Kutular\u0131n balyalanmas\u0131 ve geri d\u00f6n\u00fc\u015ft\u00fcr\u00fclmesi<\/figcaption><\/figure> <\/div>   <p>\u0130lgileniyorsan\u0131z, \u015fimdi bize ula\u015f\u0131n, size en iyi \u00e7\u00f6z\u00fcm\u00fc sunaca\u011f\u0131z!<\/p>","protected":false},"excerpt":{"rendered":"<p>Shuliy dikey metal balya makinesi, metal at\u0131klar\u0131n (hurda \u00e7elik, hurda al\u00fcminyum, hurda bak\u0131r vb.) y\u00fcksek bas\u0131n\u00e7la bloklar halinde s\u0131k\u0131\u015ft\u0131r\u0131lmas\u0131d\u0131r.<\/p>","protected":false},"author":1,"featured_media":2669,"parent":0,"template":"","tags":[414,537,12],"product-type":[563],"class_list":["post-223","product","type-product","status-publish","has-post-thumbnail","hentry","tag-baler","tag-hydraulic-baler","tag-vertical-metal-baler","product-type-baler-machine"],"_links":{"self":[{"href":"https:\/\/www.baler-machines.com\/tr\/wp-json\/wp\/v2\/product\/223","targetHints":{"allow":["GET"]}}],"collection":[{"href":"https:\/\/www.baler-machines.com\/tr\/wp-json\/wp\/v2\/product"}],"about":[{"href":"https:\/\/www.baler-machines.com\/tr\/wp-json\/wp\/v2\/types\/product"}],"author":[{"embeddable":true,"href":"https:\/\/www.baler-machines.com\/tr\/wp-json\/wp\/v2\/users\/1"}],"wp:featuredmedia":[{"embeddable":true,"href":"https:\/\/www.baler-machines.com\/tr\/wp-json\/wp\/v2\/media\/2669"}],"wp:attachment":[{"href":"https:\/\/www.baler-machines.com\/tr\/wp-json\/wp\/v2\/media?parent=223"}],"wp:term":[{"taxonomy":"post_tag","embeddable":true,"href":"https:\/\/www.baler-machines.com\/tr\/wp-json\/wp\/v2\/tags?post=223"},{"taxonomy":"product-type","embeddable":true,"href":"https:\/\/www.baler-machines.com\/tr\/wp-json\/wp\/v2\/product-type?post=223"}],"curies":[{"name":"wp","href":"https:\/\/api.w.org\/{rel}","templated":true}]}}