{"id":1305,"date":"2021-12-28T08:30:22","date_gmt":"2021-12-28T08:30:22","guid":{"rendered":"https:\/\/www.baler-machines.com\/?p=1305"},"modified":"2023-01-17T09:51:33","modified_gmt":"2023-01-17T01:51:33","slug":"vertical-baler-machine-for-waste-recycling","status":"publish","type":"product","link":"https:\/\/www.baler-machines.com\/tr\/vertical-baler-machine-for-waste-recycling\/","title":{"rendered":"\u00c7e\u015fitli At\u0131k Geri D\u00f6n\u00fc\u015f\u00fcm Presi i\u00e7in Hidrolik Dikey Balya Makinesi"},"content":{"rendered":"<p>Bu dikey balya makinesi, \u00e7e\u015fitli kartonlar\u0131, plastikleri ve di\u011fer malzemeleri balyalamak ve s\u0131k\u0131\u015ft\u0131rmak i\u00e7in tasarlanm\u0131\u015ft\u0131r. Makine iyi tasarlanm\u0131\u015ft\u0131r ve kutular, m\u00fc\u015fterinin ihtiya\u00e7lar\u0131na g\u00f6re bitmi\u015f \u00fcr\u00fcne uyacak \u015fekilde tasarlanabilir. Ayr\u0131ca, geri d\u00f6n\u00fc\u015f\u00fcm tesisleri, \u00e7ift\u00e7iler vb. gibi geni\u015f bir uygulama yelpazesinde kullan\u0131labilecek \u00e7ok pratik bir makinedir. Bunun yan\u0131 s\u0131ra, geri d\u00f6n\u00fc\u015f\u00fcm balya makinemiz \u0130talya, Irak, Endonezya, Malezya, Cezayir, \u00d6zbekistan vb. \u00fclkelere ihra\u00e7 edilmektedir.<\/p>    <p class=\"translation-block\">Shuliy Makina, geri d\u00f6n\u00fc\u015ft\u00fcr\u00fclen makinelerin \u00fcretim teknolojisinde olduk\u00e7a olgunla\u015fm\u0131\u015ft\u0131r ve m\u00fc\u015fterilerin \u00e7\u0131karlar\u0131n\u0131 tamamen dikkate alabilir. \u015eirketimiz ayr\u0131ca <a href=\"https:\/\/www.baler-machines.com\/tr\/horizontal-metal-baler\/\">hurda metal baler <\/a>ve <a href=\"https:\/\/www.baler-machines.com\/tr\/automatic-horizontal-baler\/\">yatay baler<\/a> tedarik etmektedir.<\/p>    <h2 class=\"wp-block-heading\"><strong>Dikey balya makinesi nedir?<\/strong><\/h2>    <p>Dikey balya makinesi, at\u0131k plastik torbalar\u0131, plastik \u015fi\u015feleri, at\u0131k kartonlar\u0131 ve di\u011fer malzemeleri s\u0131k\u0131\u015ft\u0131r\u0131p paketleyen bir ekipmand\u0131r. Paketi kompakt, d\u00fczenli ve g\u00fczel olup nakliye maliyetlerini b\u00fcy\u00fck \u00f6l\u00e7\u00fcde azaltabilir. Geri d\u00f6n\u00fc\u015f\u00fcm balya makinesi taraf\u0131ndan i\u015flenen malzemeler, y\u00fcksek yo\u011funluk ve kolay saklama ve d\u00fczenli \u015fekillerde ta\u015f\u0131nma \u00f6zelliklerine sahiptir. \u00d6zellikle b\u00fcy\u00fck perakende ma\u011fazalar\u0131, pamuk \u00fcretim alanlar\u0131, tekstil \u015firketleri, oteller, haz\u0131r giyim fabrikalar\u0131, at\u0131k geri d\u00f6n\u00fc\u015f\u00fcm istasyonlar\u0131 ve di\u011fer \u00e7e\u015fitli hafif sanayi i\u015fletmeleri i\u00e7in uygundur.<\/p>    <figure class=\"wp-block-gallery aligncenter has-nested-images columns-default is-cropped wp-block-gallery-2 is-layout-flex wp-block-gallery-is-layout-flex\"> <figure class=\"wp-block-image size-large\"><img loading=\"lazy\" decoding=\"async\" width=\"720\" height=\"540\" data-id=\"2415\" src=\"https:\/\/www.baler-machines.com\/wp-content\/uploads\/2022\/08\/hydraulic-vertical-baler.webp\" alt=\"hidrolik-dikey-balya makinesi\" class=\"wp-image-2415\" title=\"\"><figcaption class=\"wp-element-caption\">Hidrolik Dikey Balya Makinas\u0131<\/figcaption><\/figure>    <figure class=\"wp-block-image size-large\"><img loading=\"lazy\" decoding=\"async\" width=\"720\" height=\"540\" data-id=\"2416\" src=\"https:\/\/www.baler-machines.com\/wp-content\/uploads\/2022\/08\/recycle-baler-manufacturer.webp\" alt=\"geri-donusum-balya-ureticisi\" class=\"wp-image-2416\" title=\"\"><figcaption class=\"wp-element-caption\">Geri D\u00f6n\u00fc\u015f\u00fcm Balya Makinesi \u00dcreticisi<\/figcaption><\/figure> <\/figure>    <h2 class=\"wp-block-heading\" id=\"h-application-scope-of-hydraulic-vertical-baler\"><strong>Hidrolik dikey balya makinesinin uygulama kapsam\u0131<\/strong><\/h2>    <p>B\u00fcy\u00fck ticari alanlarda her g\u00fcn a\u00e7\u0131lan say\u0131s\u0131z paket vard\u0131r ve bunlar\u0131n boyutlar\u0131 farkl\u0131l\u0131k g\u00f6sterir ve \u00e7ok yer kaplar. D\u00fczg\u00fcn bir \u015fekilde ele al\u0131nmazlarsa, \u00e7\u00f6p imha maliyetini art\u0131racak ve \u00e7ok fazla insan g\u00fcc\u00fc ve alan t\u00fcketeceklerdir.<\/p>    <p class=\"translation-block\">Dikey balyalama pres makinesi, geri d\u00f6n\u00fc\u015ft\u00fcr\u00fclebilir malzemeleri <a href=\"https:\/\/en.wikipedia.org\/wiki\/Cuboid\" target=\"_blank\" rel=\"noreferrer noopener\">k\u00fcbik<\/a>, k\u00fcp gibi d\u00fczenli \u015fekillerde s\u0131k\u0131\u015ft\u0131rma y\u00f6ntemidir. Hidrolik kompakt\u00f6r, at\u0131k ka\u011f\u0131t, pamuk, kullan\u0131lm\u0131\u015f giysi, saman, ot, plastik \u015fi\u015fe, y\u00fcn ve geri d\u00f6n\u00fc\u015ft\u00fcr\u00fclebilir \u00e7\u00f6p\u00fc s\u0131k\u0131\u015ft\u0131rmak ve paketlemek i\u00e7in uygundur. Ayr\u0131ca at\u0131k karton, at\u0131k mukavva, at\u0131k ka\u011f\u0131t, lastik, iplik, t\u00fct\u00fcn, kuma\u015f, dokuma torba, \u00f6rme kadife, y\u00fcn topu ve di\u011fer t\u00fcm gev\u015fek malzemeler i\u00e7in de kullan\u0131labilir.<\/p>    <p>Kullan\u0131c\u0131lar, presledikten sonra malzemeleri demir tel veya plastik bantla paketleyebilir ve depolama, ta\u015f\u0131ma ve geri d\u00f6n\u00fc\u015f\u00fcm i\u00e7in d\u0131\u015far\u0131 \u00e7\u0131karabilir.<\/p>   <div class=\"wp-block-image\"> <figure class=\"aligncenter size-full\"><img loading=\"lazy\" decoding=\"async\" width=\"720\" height=\"540\" src=\"https:\/\/www.baler-machines.com\/wp-content\/uploads\/2021\/12\/raw-materials-and-final-products.jpg\" alt=\"hammaddeler ve nihai \u00fcr\u00fcnler\" class=\"wp-image-1308\" title=\"\"><figcaption class=\"wp-element-caption\">hammaddeler ve nihai \u00fcr\u00fcnler<\/figcaption><\/figure> <\/div>   <h2 class=\"wp-block-heading\" id=\"h-what-industries-are-suitable-to-buy-this-vertical-baler\"><strong>Bu dikey balya makinesini sat\u0131n almak i\u00e7in hangi end\u00fcstriler uygundur?<\/strong><\/h2>    <p>Bu balya makinesi esas olarak b\u00fcy\u00fck miktarlarda at\u0131k ka\u011f\u0131t, plastik, karton, al\u00fcminyum kutu, pamuk vb. \u00fcretebilen end\u00fcstrilerde kullan\u0131l\u0131r.<\/p>    <p>Ambalaj end\u00fcstrisi, karton end\u00fcstrisi, matbaa end\u00fcstrisi, ka\u011f\u0131t end\u00fcstrisi, g\u0131da end\u00fcstrisi, \u00e7\u00f6p toplama end\u00fcstrisi, d\u00f6k\u00fcmhaneler, \u00e7iftlikler, giysi geri d\u00f6n\u00fc\u015f\u00fcm kurulu\u015flar\u0131, at\u0131k geri d\u00f6n\u00fc\u015f\u00fcm tesisleri, karton \u00fcretim merkezleri, s\u00fcpermarketler, b\u00fcy\u00fck ma\u011fazalar, bakkallar ve yaz\u0131c\u0131lar, ikincil geri d\u00f6n\u00fc\u015f\u00fcm gibi kurulu\u015flar.<\/p>    <p>\u00c7\u00fcnk\u00fc onlar i\u00e7in bu, daha az at\u0131k depolama alan\u0131, genel at\u0131k i\u015fleme operasyonlar\u0131n\u0131n basitle\u015ftirilmesi ve nakliye ve i\u015f\u00e7ilik maliyetlerinden tasarruf anlam\u0131na gelecektir.<\/p>    <h2 class=\"wp-block-heading\" id=\"h-structure-of-the-heavy-duty-vertical-baler\"><strong>A\u011f\u0131r hizmet tipi dikey balya makinesinin yap\u0131s\u0131<\/strong><\/h2>    <p>Hurda balyalama presi esas olarak hidrolik silindir, motor ve ya\u011f deposu, bask\u0131 plakas\u0131, kutu ve taban, \u00fcst kap\u0131, alt kap\u0131, kap\u0131 mandal\u0131, kay\u0131\u015f deste\u011fi, demir destek vb. olu\u015fur.&nbsp;<\/p>    <p>Hidrolik sistemin rol\u00fc bas\u0131nc\u0131 de\u011fi\u015ftirerek kuvveti artt\u0131rmakt\u0131r. Eksiksiz bir hidrolik sistem, g\u00fc\u00e7 bile\u015fenleri, y\u00fcr\u00fctme bile\u015fenleri, kontrol bile\u015fenleri, yard\u0131mc\u0131 bile\u015fenler ve hidrolik ya\u011f\u0131 olmak \u00fczere be\u015f par\u00e7adan olu\u015fur. Hidrolik sistemler iki kategoriye ayr\u0131labilir: hidrolik tahrik sistemleri ve hidrolik kontrol sistemleri. Hidrolik iletim sisteminin ana i\u015flevi g\u00fc\u00e7 ve hareketi iletmektir. Genel olarak konu\u015fursak, hidrolik sistem esas olarak hidrolik iletim sistemini ifade eder.<\/p>    <p>Hidromekanik iletim g\u00fcc\u00fc b\u00fcy\u00fckt\u00fcr ve ince borular ve esnek hortumlarla iletilir, dolay\u0131s\u0131yla g\u00fc\u00e7 yo\u011funlu\u011fu y\u00fcksektir. Ayr\u0131ca g\u00fc\u00e7le uygulanabilen akt\u00fcat\u00f6r geni\u015f ve esnektir ve kuvveti art\u0131rmak i\u00e7in bas\u0131n\u00e7 alan\u0131 uygun \u015fekilde de\u011fi\u015ftirilir.<\/p>   <div class=\"wp-block-image\"> <figure class=\"aligncenter size-full\"><img loading=\"lazy\" decoding=\"async\" width=\"720\" height=\"540\" src=\"https:\/\/www.baler-machines.com\/wp-content\/uploads\/2021\/12\/vertical-baling-press-compactor-structure.jpg\" alt=\"dikey balyalama presi kompakt\u00f6r yap\u0131s\u0131\" class=\"wp-image-1311\" title=\"\"><figcaption class=\"wp-element-caption\">dikey balyalama presi kompakt\u00f6r yap\u0131s\u0131<\/figcaption><\/figure> <\/div>   <h2 class=\"wp-block-heading\" id=\"h-advantages-of-vertical-baler-machine-for-sale\"><strong>Sat\u0131l\u0131k dikey balya makinesinin avantajlar\u0131<\/strong><\/h2>    <ol class=\"wp-block-list\" type=\"1\"> <li>Y\u00fcksek bas\u0131n\u00e7 ve s\u0131k\u0131\u015ft\u0131rma oran\u0131. S\u0131k\u0131\u015ft\u0131rma oran\u0131 5:1'e ula\u015fabilir.<\/li>    <li>A\u011f\u0131r y\u00fck do\u011frudan tahrikine uygun b\u00fcy\u00fck bir itici g\u00fc\u00e7;<\/li>    <li>Y\u00fcksek hassasiyet ve h\u0131zl\u0131 yan\u0131t;<\/li>    <li>Az yer kaplayan ve hafif;<\/li>    <li>Geni\u015f yelpazede h\u0131z d\u00fczenlemesi ve \u00e7e\u015fitli h\u0131z kontrol y\u00f6ntemleri;<\/li>    <li>S\u0131k\u0131\u015ft\u0131rma etkisini korumak i\u00e7in geri tepmeyi \u00f6nleyen diken.<\/li>    <li>Bask\u0131 plakas\u0131 otomatik olarak geri d\u00f6ner.<\/li> <\/ol>   <div class=\"wp-block-image\"> <figure class=\"aligncenter size-full\"><img loading=\"lazy\" decoding=\"async\" width=\"720\" height=\"540\" src=\"https:\/\/www.baler-machines.com\/wp-content\/uploads\/2021\/12\/baling-press-machine-working-show.jpg\" alt=\"balyalama pres makinesi \u00e7al\u0131\u015fma g\u00f6sterisi\" class=\"wp-image-1312\" title=\"\"><figcaption class=\"wp-element-caption\">balyalama pres makinesi \u00e7al\u0131\u015fma g\u00f6sterisi<\/figcaption><\/figure> <\/div>   <h2 class=\"wp-block-heading\" id=\"h-specification-of-the-vertical-bale-press\"><strong>Dikey balya presinin \u00f6zellikleri<\/strong><\/h2>    <figure class=\"wp-block-table\"><table><tbody><tr><td>Modeli<\/td><td>Bas\u0131n\u00e7<\/td><td>Motor<\/td><td>\u0130\u00e7 kutunun hacmi<\/td><td>Nihai \u00fcr\u00fcn boyutu<\/td><td>Kapasite<\/td><td>A\u011f\u0131rl\u0131k<\/td><\/tr><tr><td>SL-HZ-15T<\/td><td>15 ton<\/td><td>5.5KW<\/td><td>850*600*1300MM<\/td><td>890*610*500MM<\/td><td>1-1.5T\/saat<\/td><td>1T<\/td><\/tr><tr><td>SL-HZ-30T<\/td><td>30T<\/td><td>7.5KW<\/td><td>800*400*1300MM<\/td><td>890*610*500MM<\/td><td>1,5-2T\/saat<\/td><td>1,5 ton<\/td><\/tr><tr><td>SL-HZ-60T<\/td><td>60 ton<\/td><td>7.5KW<\/td><td>900*600*1300MM<\/td><td>900*610*500MM<\/td><td>2-2,5T\/saat<\/td><td>2T<\/td><\/tr><tr><td>SL-HZ-80T<\/td><td>80 ton<\/td><td>7.5KW<\/td><td>1200*800*1500MM<\/td><td>1200*810*500MM<\/td><td>3-3.5T\/saat<\/td><td>3T<\/td><\/tr><tr><td>SL-HZ-100T<\/td><td>100 ton<\/td><td>15KW<\/td><td>1100*900*1500MM<\/td><td>1100*910*500MM<\/td><td>3,5-4T\/saat<\/td><td>3,5 ton<\/td><\/tr><tr><td>SL-HZ-120T<\/td><td>120 ton<\/td><td>18.5KW<\/td><td>1200*100*1500MM<\/td><td>1200*100*500MM<\/td><td>4-5T\/saat<\/td><td>4T<\/td><\/tr><\/tbody><\/table><\/figure>    <h2 class=\"wp-block-heading\" id=\"h-how-much-does-a-vertical-baler-cost\"><strong><strong>Dikey balya makinesinin maliyeti ne kadard\u0131r?<\/strong><\/strong><\/h2>    <ol class=\"wp-block-list\"> <li><strong>\u00c7\u0131k\u0131\u015f<\/strong>. Makinenin \u00e7\u0131kt\u0131s\u0131 \u00e7ok oldu\u011fundan, daha fazla \u00e7\u0131kt\u0131 istedi\u011finizde, makinenin kesinlikle daha pahal\u0131 olmas\u0131 gerekir.<\/li>    <li><strong>Makine konfig\u00fcrasyonu<\/strong>. Makinam\u0131z\u0131n hidrolik \u00e7ubu\u011fu tekli ve \u00e7iftli konfig\u00fcrasyona sahiptir, fiyat\u0131 kesinlikle farkl\u0131d\u0131r.<\/li>    <li><strong>\u00d6zelle\u015ftirme. <\/strong>Bir makineyi ki\u015fiselle\u015ftirmek istiyorsan\u0131z makinenin fiyat\u0131 kesinlikle geleneksel olandan farkl\u0131d\u0131r.<\/li> <\/ol>    <h2 class=\"wp-block-heading\" id=\"h-how-to-make-money-with-industrial-baler\"><strong>End\u00fcstriyel balya makinesiyle nas\u0131l para kazan\u0131l\u0131r?<\/strong><\/h2>    <p>End\u00fcstriyel balya makinesinde dikey balya makinesi ve yatay balya makinesi bulunur. Tam otomatik balya makinesi ve yar\u0131 otomatik balya makinesine ayr\u0131lm\u0131\u015ft\u0131r. At\u0131klar\u0131 ve geri d\u00f6n\u00fc\u015ft\u00fcr\u00fclm\u00fc\u015f maddeleri s\u0131k\u0131\u015ft\u0131rmak i\u00e7in kullan\u0131l\u0131r. At\u0131k malzemenin hidrolik balya makinesinde i\u015flendikten sonra kaplad\u0131\u011f\u0131 alan do\u011frudan 80% kadar azalt\u0131l\u0131r, ayn\u0131 zamanda ta\u015f\u0131ma say\u0131s\u0131 ve maliyet azal\u0131r. Balya makinesine yat\u0131r\u0131m yapmak isteyen m\u00fc\u015fteriler \u00f6ncelikle az yer kaplayan ve k\u00fc\u00e7\u00fck alanlarda kullan\u0131ma olduk\u00e7a uygun olan dikey balyalama pres makinesine yat\u0131r\u0131m yapabilirler.<\/p>   <div class=\"wp-block-image\"> <figure class=\"aligncenter size-full\"><img loading=\"lazy\" decoding=\"async\" width=\"720\" height=\"540\" src=\"https:\/\/www.baler-machines.com\/wp-content\/uploads\/2021\/12\/vertical-baler-machines.jpg\" alt=\"dikey balya makineleri\" class=\"wp-image-1309\" title=\"\"><figcaption class=\"wp-element-caption\">dikey balya makineleri<\/figcaption><\/figure> <\/div>   <h2 class=\"wp-block-heading\" id=\"h-company-advantages-of-buying-this-hydraulic-baler-machine\"><strong>Bu hidrolik balya makinesini sat\u0131n alman\u0131n \u015firket avantajlar\u0131<\/strong><\/h2>    <ol class=\"wp-block-list\"> <li><a href=\"https:\/\/www.baler-machines.com\/tr\/\" target=\"_blank\" rel=\"noreferrer noopener\">Shuliy Makina<\/a> kaliteli, gen\u00e7 ve yenilik\u00e7i bir ara\u015ft\u0131rma ekibine sahiptir. Ekibimiz m\u00fc\u015fterilerin pazar talebine g\u00f6re en uygun \u00fcr\u00fcnleri tasarlayacakt\u0131r.<\/li>    <li>Balya makinelerimiz y\u00fcksek bir pazar kapsam\u0131na sahiptir ve yaln\u0131zca \u00c7in'de pop\u00fcler olmakla kalmay\u0131p ayn\u0131 zamanda Avrupa, G\u00fcneydo\u011fu Asya, Amerika ve di\u011fer \u00fclke ve b\u00f6lgelere de ihra\u00e7 edilmektedir.<\/li>    <li>Profesyonel bir sat\u0131\u015f ekibimiz var ve ayr\u0131ca sat\u0131\u015f sonras\u0131 hizmet de sa\u011fl\u0131yoruz. Mesleki bilgi esast\u0131r ve makine sat\u0131ld\u0131ktan sonra personelimiz m\u00fc\u015fterilerimize ihtiya\u00e7 duymalar\u0131 durumunda 24 saat \u00f6zenli hizmet sunacakt\u0131r.<\/li> <\/ol>    <h2 class=\"wp-block-heading\"><strong>Dikey balyalama makinesi nas\u0131l paketlenir?<\/strong><\/h2>    <div class=\"wp-block-media-text alignwide is-stacked-on-mobile\"><figure class=\"wp-block-media-text__media\"><img loading=\"lazy\" decoding=\"async\" width=\"540\" height=\"720\" src=\"https:\/\/www.baler-machines.com\/wp-content\/uploads\/2022\/08\/packing-and-shipping-for-vertical-baler.webp\" alt=\"dikey balya makinesi i\u00e7in paketleme ve sevkiyat\" class=\"wp-image-2425 size-full\" title=\"\"><\/figure><div class=\"wp-block-media-text__content\"> <p>Hidrolik hurda balyalama presinin ta\u015f\u0131nmas\u0131 s\u0131ras\u0131nda (genellikle deniz yoluyla), \u015fiddetli r\u00fczgar, dalga gibi hava ko\u015fullar\u0131 ile kar\u015f\u0131la\u015fabilir. <\/p>    <p>Bu nedenle, m\u00fc\u015fterilerimizin mallar\u0131n\u0131n g\u00fcvenli\u011fini korumak i\u00e7in profesyonel, \u00e7evre dostu, kullan\u0131\u015fl\u0131 ve verimli paketleme hizmetleri sunaca\u011f\u0131z. <\/p>    <p>Makineler hem neme hem de \u00e7arp\u0131\u015fmaya dayan\u0131kl\u0131 ah\u015fap kutular ve standlarla paketlenecek.<\/p> <\/div><\/div>    <h2 class=\"wp-block-heading\"><strong>Sunulan hizmetler nelerdir?<\/strong><\/h2>    <ul class=\"wp-block-list\"> <li>Bir y\u0131l garanti ve \u00f6m\u00fcr boyu bak\u0131m.<\/li>    <li>Yedek par\u00e7alar: Bir tak\u0131m yedek par\u00e7a, alet kutusu ve kullan\u0131m k\u0131lavuzu \u00fccretsiz olarak sa\u011flanacakt\u0131r.<\/li>    <li>Herhangi bir sorun olmas\u0131 durumunda bizi do\u011frudan arayabilirsiniz.<\/li>    <li>Sat\u0131\u015f sonras\u0131 hizmet konusunda, sat\u0131\u015f sonras\u0131 herhangi bir sorun ya\u015faman\u0131z durumunda diledi\u011finiz zaman bizimle ileti\u015fime ge\u00e7ebilirsiniz.<\/li> <\/ul>    <h2 class=\"wp-block-heading\" id=\"h-conclusion\"><strong>\u00c7\u00f6z\u00fcm<\/strong><\/h2>    <p>Firmam\u0131z\u0131n \u00fcretti\u011fi dikey balya makinesi tam \u00f6zelliklere sahip olup, \u00fcr\u00fcn\u00fcn ambalaj hacmi ayarlanabilmektedir. \u00dcretti\u011fimiz \u00fcr\u00fcnler s\u0131k\u0131 bir \u015fekilde test edilmi\u015f ve uygun fiyatl\u0131d\u0131r. Dikey balyalama pres makinemiz ilginizi \u00e7ekiyorsa \u00fccretsiz dan\u0131\u015fmanl\u0131k hizmeti alabilirsiniz. Tercihli fiyatlar sa\u011flamak i\u00e7in zaman\u0131nda bizimle ileti\u015fime ge\u00e7ebilirsiniz.<\/p>    <p>\u00dcretti\u011fimiz dikey balya makineleri yerden tasarruf sa\u011flayan, kullan\u0131m\u0131 kolay, dayan\u0131kl\u0131 olup bir\u00e7ok m\u00fc\u015fterinin ihtiyac\u0131n\u0131 kar\u015f\u0131lamaktad\u0131r. Geri d\u00f6n\u00fc\u015f\u00fcm ekipmanlar\u0131 \u00fcretiminde uzun y\u0131llara dayanan deneyime sahibiz ve m\u00fc\u015fteri gereksinimlerine b\u00fcy\u00fck \u00f6nem veriyoruz. Ayr\u0131ca garantili sat\u0131\u015f sonras\u0131 bak\u0131m, teknik e\u011fitim ve ayr\u0131nt\u0131l\u0131 \u00fcr\u00fcn \u00e7al\u0131\u015ft\u0131rma talimatlar\u0131 da sa\u011fl\u0131yoruz. Sizinle i\u015fbirli\u011fi yapmay\u0131 umuyoruz ve m\u00fcmk\u00fcn olan en k\u0131sa s\u00fcrede yan\u0131t almay\u0131 umuyoruz.<\/p>","protected":false},"excerpt":{"rendered":"<p>Dikey pres, at\u0131k plastik torbalar\u0131, plastik \u015fi\u015feleri, at\u0131k kartonlar\u0131 ve di\u011fer malzemeleri s\u0131k\u0131\u015ft\u0131r\u0131p paketleyen bir ekipmand\u0131r. Paketi kompakt, d\u00fczenli ve g\u00fczeldir, bu da ta\u015f\u0131ma maliyetlerini b\u00fcy\u00fck \u00f6l\u00e7\u00fcde azaltabilir.<\/p>","protected":false},"author":1,"featured_media":2428,"parent":0,"template":"","tags":[537,572,570,11,571],"product-type":[563],"class_list":["post-1305","product","type-product","status-publish","has-post-thumbnail","hentry","tag-hydraulic-baler","tag-hydraulic-baler-machine","tag-hydraulic-baling-press","tag-vertical-baler","tag-vertical-baler-machine","product-type-baler-machine"],"_links":{"self":[{"href":"https:\/\/www.baler-machines.com\/tr\/wp-json\/wp\/v2\/product\/1305","targetHints":{"allow":["GET"]}}],"collection":[{"href":"https:\/\/www.baler-machines.com\/tr\/wp-json\/wp\/v2\/product"}],"about":[{"href":"https:\/\/www.baler-machines.com\/tr\/wp-json\/wp\/v2\/types\/product"}],"author":[{"embeddable":true,"href":"https:\/\/www.baler-machines.com\/tr\/wp-json\/wp\/v2\/users\/1"}],"wp:featuredmedia":[{"embeddable":true,"href":"https:\/\/www.baler-machines.com\/tr\/wp-json\/wp\/v2\/media\/2428"}],"wp:attachment":[{"href":"https:\/\/www.baler-machines.com\/tr\/wp-json\/wp\/v2\/media?parent=1305"}],"wp:term":[{"taxonomy":"post_tag","embeddable":true,"href":"https:\/\/www.baler-machines.com\/tr\/wp-json\/wp\/v2\/tags?post=1305"},{"taxonomy":"product-type","embeddable":true,"href":"https:\/\/www.baler-machines.com\/tr\/wp-json\/wp\/v2\/product-type?post=1305"}],"curies":[{"name":"wp","href":"https:\/\/api.w.org\/{rel}","templated":true}]}}