{"id":1279,"date":"2021-12-28T05:56:30","date_gmt":"2021-12-28T05:56:30","guid":{"rendered":"https:\/\/www.baler-machines.com\/?p=1279"},"modified":"2022-09-28T11:02:12","modified_gmt":"2022-09-28T03:02:12","slug":"horizontal-waste-paper-baling-machine","status":"publish","type":"product","link":"https:\/\/www.baler-machines.com\/tr\/horizontal-waste-paper-baling-machine\/","title":{"rendered":"At\u0131k Ka\u011f\u0131t Balyalama Makinas\u0131 | Geri D\u00f6n\u00fc\u015f\u00fcm Balya Makinesi"},"content":{"rendered":"<p>At\u0131k ka\u011f\u0131t balyalama makinesi, her t\u00fcrl\u00fc geri d\u00f6n\u00fc\u015ft\u00fcr\u00fclebilir ka\u011f\u0131d\u0131 da\u011f\u0131n\u0131k ve gev\u015fek bir durumdan d\u00fczenli ve kompakt bir duruma s\u0131k\u0131\u015ft\u0131rmakt\u0131r. Geri d\u00f6n\u00fc\u015f\u00fcm balya makinesi, at\u0131k kaynaklar\u0131n\u0131n geri d\u00f6n\u00fc\u015f\u00fcm\u00fcne yard\u0131mc\u0131 olan at\u0131k kartonlar, at\u0131k gazeteler, at\u0131k end\u00fcstriyel ambalaj ka\u011f\u0131tlar\u0131 vb. dahil olmak \u00fczere i\u015fletmeler i\u00e7in \u00e7\u00f6p geri d\u00f6n\u00fc\u015f\u00fcm\u00fcnde depolama ve ta\u015f\u0131ma maliyetlerinden tasarruf sa\u011flayabilir.\u00a0<\/p>    <p class=\"translation-block\">Yatay ka\u011f\u0131t balya makinesi, <a href=\"https:\/\/www.baler-machines.com\/tr\/automatic-horizontal-baler\/\">yatay balyalama makinesi<\/a> olarak da bilinir, \u00e7oklu fonksiyon, b\u00fcy\u00fck \u00e7\u0131kt\u0131, y\u00fcksek verimlilik ve g\u00fcvenlik \u00f6zelliklerine sahiptir. \u0130lgileniyorsan\u0131z, bizimle ileti\u015fime ge\u00e7ebilirsiniz. <\/p>    <h2 class=\"wp-block-heading\" id=\"h-why-do-you-need-a-waste-paper-baling-machine\">Neden at\u0131k ka\u011f\u0131t balyalama makinesine ihtiyac\u0131n\u0131z var?<\/h2>    <p class=\"translation-block\">Al\u0131\u015fveri\u015fin y\u00fckseli\u015fi, mal ve hizmetlere olan arz ve talebi b\u00fcy\u00fck \u00f6l\u00e7\u00fcde art\u0131rd\u0131. Bu durum, b\u00fcy\u00fck i\u015fletmeler i\u00e7in k\u00f6p\u00fck karton ve eski koliler gibi k\u00fc\u00e7\u00fck ve b\u00fcy\u00fck malzeme ta\u015f\u0131ma sorunlar\u0131 konusunda ba\u015f a\u011fr\u0131s\u0131na neden oluyor. Ayn\u0131 zamanda, <a href=\"https:\/\/en.wikipedia.org\/wiki\/Recycling\" target=\"_blank\" rel=\"noreferrer noopener\">geri d\u00f6n\u00fc\u015f\u00fcm<\/a> ile u\u011fra\u015fan baz\u0131 i\u015fadamlar\u0131 f\u0131rsatlar\u0131 g\u00f6rd\u00fc. <\/p>    <h3 class=\"wp-block-heading\"><strong>At\u0131klar\u0131n neden oldu\u011fu bir\u00e7ok \u00f6nemli sorun<\/strong><\/h3>    <ol class=\"wp-block-list\" type=\"1\"><li>At\u0131k ka\u011f\u0131tlar \u00e7ok yer kapl\u0131yor<\/li><li>\u0130stiflenmi\u015f kartonlar\u0131n veya plastik \u015fi\u015felerin ta\u015f\u0131nmas\u0131 emek yo\u011fun ve zaman al\u0131c\u0131d\u0131r<\/li><li>Pahal\u0131 at\u0131k bertaraf \u00fccretleri<\/li><\/ol>    <h3 class=\"wp-block-heading\"><strong>Sat\u0131l\u0131k karton balya makinesini kullanman\u0131n faydalar\u0131<\/strong><\/h3>    <p>Ancak at\u0131k ka\u011f\u0131t geri d\u00f6n\u00fc\u015ft\u00fcr\u00fcld\u00fc\u011f\u00fc takdirde fayda sa\u011flayabilir. S\u0131k\u0131\u015ft\u0131r\u0131lm\u0131\u015f at\u0131k ka\u011f\u0131t yerden tasarruf sa\u011flar ve i\u015flenmek \u00fczere ta\u015f\u0131nmas\u0131 uygundur. At\u0131k ka\u011f\u0131t, geri d\u00f6n\u00fc\u015ft\u00fcr\u00fclm\u00fc\u015f ka\u011f\u0131t \u00fcr\u00fcnleri \u00fcretmek i\u00e7in kullan\u0131labilir. Farkl\u0131 lif bile\u015fimlerine g\u00f6re, ka\u011f\u0131t t\u00fcr\u00fcne g\u00f6re kar\u015f\u0131l\u0131k gelen geri d\u00f6n\u00fc\u015f\u00fcm, kaynak de\u011ferine tam anlam\u0131yla katk\u0131 sa\u011flayabilir. Geri d\u00f6n\u00fc\u015ft\u00fcr\u00fclm\u00fc\u015f ka\u011f\u0131t \u00fcretimine ek olarak at\u0131k ka\u011f\u0131d\u0131n ba\u015fka kapsaml\u0131 geri d\u00f6n\u00fc\u015f\u00fcm kullan\u0131mlar\u0131 da vard\u0131r. Bu nedenle at\u0131k ka\u011f\u0131t balyalama makinesi geri d\u00f6n\u00fc\u015f\u00fcm sekt\u00f6r\u00fcnde rol oynamaktad\u0131r.<\/p>   <div class=\"wp-block-image\"> <figure class=\"aligncenter size-full\"><img loading=\"lazy\" decoding=\"async\" width=\"720\" height=\"540\" src=\"https:\/\/www.baler-machines.com\/wp-content\/uploads\/2021\/12\/waste-paper-baler-machine-1.jpg\" alt=\"at\u0131k ka\u011f\u0131t balya makinesi 1\" class=\"wp-image-1288\" title=\"\"><figcaption>at\u0131k ka\u011f\u0131t balya makinesi <\/figcaption><\/figure> <\/div>   <h2 class=\"wp-block-heading\"><strong>Geri d\u00f6n\u00fc\u015f\u00fcm balya makinesinin uygulamalar\u0131 nelerdir?<\/strong><\/h2>    <p>Bu tam otomatik balyalama makinesi, at\u0131k ka\u011f\u0131tlar\u0131n yan\u0131 s\u0131ra at\u0131k kartonlar\u0131, lastikleri, al\u00fcminyum kutular\u0131 vb. balyalayabilir. \u015eimdi bir at\u0131k ka\u011f\u0131t balyalama makinesi sat\u0131n almak istiyorsan\u0131z ve malzemenizin balyalan\u0131p balyalanamayaca\u011f\u0131n\u0131 bilmiyorsan\u0131z, l\u00fctfen hemen bizimle ileti\u015fime ge\u00e7in. Sat\u0131\u015f personelimiz taleplerinize g\u00f6re size ayr\u0131nt\u0131l\u0131 bir cevap verecektir.<\/p>   <div class=\"wp-block-image\"> <figure class=\"aligncenter size-full\"><img loading=\"lazy\" decoding=\"async\" width=\"540\" height=\"540\" src=\"https:\/\/www.baler-machines.com\/wp-content\/uploads\/2022\/08\/waste-paper-baling-machine-applications.webp\" alt=\"at\u0131k ka\u011f\u0131t balyalama makinesi uygulamalar\u0131\" class=\"wp-image-2625\" title=\"\"><figcaption>at\u0131k ka\u011f\u0131t balyalama makinesi uygulamalar\u0131<\/figcaption><\/figure> <\/div>   <h2 class=\"wp-block-heading\" id=\"h-advantages-of-the-fully-automatic-recycle-baler\"><strong>Tam otomatik geri d\u00f6n\u00fc\u015f\u00fcm balya makinesinin avantajlar\u0131 <\/strong><\/h2>    <ol class=\"wp-block-list\"><li>At\u0131k ka\u011f\u0131t balyalama pres makinesi, malzemeleri s\u0131k\u0131\u015ft\u0131rmak i\u00e7in 10 ton veya daha fazla hidrolik bas\u0131nc\u0131 kullan\u0131r.<\/li><li>Hidrolik plastik balyalama makinesi, y\u00fcksek d\u00fczeyde otomasyona ula\u015fmak i\u00e7in bir konvey\u00f6r ve di\u015f a\u00e7ma makinesiyle donat\u0131labilir.<\/li><li>Kolay kullan\u0131m. At\u0131k ka\u011f\u0131t balyalama makinesinde, at\u0131k ka\u011f\u0131d\u0131n doluncaya kadar besleme portuna at\u0131lmas\u0131 ve ard\u0131ndan normal ka\u011f\u0131t balyalar\u0131ndan olu\u015fan bir demet elde etmek i\u00e7in makine ile s\u0131k\u0131\u015ft\u0131r\u0131lmas\u0131 yeterlidir.<\/li><li>Malzemenin orijinal hacmiyle kar\u015f\u0131la\u015ft\u0131r\u0131ld\u0131\u011f\u0131nda kaplanan alan 80% kadar azal\u0131r.<\/li><li>Geni\u015f uygulamalar. At\u0131k ka\u011f\u0131t balya makinesi, lastikler, plastik \u015fi\u015feler, saman, yem, pamuk, y\u00fcn, tala\u015f, giysiler ve dokuma \u00e7antalar gibi g\u00fcnl\u00fck hayattaki di\u011fer bir\u00e7ok malzemeyi i\u015fleyebilen \u00e7ok ama\u00e7l\u0131 olarak kullan\u0131labilir.<\/li><\/ol>    <figure class=\"wp-block-gallery aligncenter has-nested-images columns-default is-cropped wp-block-gallery-2 is-layout-flex wp-block-gallery-is-layout-flex\"> <figure class=\"wp-block-image size-large\"><img loading=\"lazy\" decoding=\"async\" width=\"540\" height=\"540\" data-id=\"2630\" src=\"https:\/\/www.baler-machines.com\/wp-content\/uploads\/2022\/08\/hydraulic-push-pod-for-the-recycle-baler.webp\" alt=\"geri d\u00f6n\u00fc\u015f\u00fcm balyalama makinesi i\u00e7in hidrolik itme haznesi\" class=\"wp-image-2630\" title=\"\"><figcaption>Geri D\u00f6n\u00fc\u015f\u00fcm Balya Makinesi \u0130\u00e7in Hidrolik \u0130tme Pod'u<\/figcaption><\/figure>    <figure class=\"wp-block-image size-large\"><img loading=\"lazy\" decoding=\"async\" width=\"540\" height=\"540\" data-id=\"2629\" src=\"https:\/\/www.baler-machines.com\/wp-content\/uploads\/2022\/08\/paper-baler-manufacturer.webp\" alt=\"ka\u011f\u0131t-baler-\u00fcreticisi\" class=\"wp-image-2629\" title=\"\"><figcaption>Ka\u011f\u0131t Balya Makinesi \u00dcreticisi<\/figcaption><\/figure> <\/figure>    <h2 class=\"wp-block-heading\" id=\"h-working-principle-of-automatic-paper-baler\"><strong>Otomatik ka\u011f\u0131t balya makinesinin \u00e7al\u0131\u015fma prensibi<\/strong><\/h2>    <p>Bu at\u0131k ka\u011f\u0131t balyalama makinesi, malzemeleri s\u0131k\u0131\u015ft\u0131rmak i\u00e7in bir hidrolik silindir kullan\u0131r. <\/p>    <p>\u00c7al\u0131\u015fma s\u0131ras\u0131nda, motorun d\u00f6n\u00fc\u015f\u00fc ya\u011f pompas\u0131n\u0131 \u00e7al\u0131\u015fmaya y\u00f6nlendirir ve ya\u011f deposundan gelen hidrolik ya\u011f borusu ta\u015f\u0131narak her bir hidrolik silindire iletilir. Ya\u011f silindirinin piston \u00e7ubu\u011funu yana do\u011fru hareket ettirin ve ard\u0131ndan hurda kutusundaki her t\u00fcrl\u00fc kartonu s\u0131k\u0131\u015ft\u0131r\u0131n. \u0130plik ge\u00e7irme i\u015fleminden sonra at\u0131k ka\u011f\u0131t veya karton s\u0131k\u0131\u015ft\u0131rma silindirinden d\u0131\u015far\u0131 itilir.<\/p>   <div class=\"wp-block-image\"> <figure class=\"aligncenter size-full\"><img loading=\"lazy\" decoding=\"async\" width=\"720\" height=\"540\" src=\"https:\/\/www.baler-machines.com\/wp-content\/uploads\/2021\/12\/waste-paper-baling-machine-2.jpg\" alt=\"at\u0131k ka\u011f\u0131t balyalama makinesi 2\" class=\"wp-image-1300\" title=\"\"><figcaption>at\u0131k ka\u011f\u0131t balyalama makinesinin \u00e7al\u0131\u015fma sahnesi<\/figcaption><\/figure> <\/div>   <p>Daha fazla makine detay\u0131 i\u00e7in \u00f6zel gereksinimlerinizi bize bildirebilirsiniz.<\/p>    <h2 class=\"wp-block-heading\" id=\"h-technical-parameters-of-the-waste-paper-baling-machine\"><strong>At\u0131k ka\u011f\u0131t balyalama makinesinin teknik parametreleri<\/strong><\/h2>    <figure class=\"wp-block-table\"><table><tbody><tr><td>Modeli<\/td><td>SL13-20<\/td><td>SL10-14<\/td><\/tr><tr><td>Balya boyutu<br>(U\u00d7G\u00d7Y)<\/td><td>1600\u00d71100\u00d71250mm<br>Uzunluk ayarlanabilir<\/td><td>1600\u00d71100\u00d7850mm<br>Uzunluk ayarlanabilir<\/td><\/tr><tr><td>Silindir<\/td><td>\u03a6280<\/td><td>\u03a6250<\/td><\/tr><tr><td>Basma Kuvveti<\/td><td>1200KN<\/td><td>1000KN<\/td><\/tr><tr><td>D\u00f6ng\u00fc S\u00fcresi<\/td><td>24'l\u00fc ya\u015flar<\/td><td>24'l\u00fc ya\u015flar<\/td><\/tr><tr><td>Yo\u011funluk<\/td><td>450-500kg\/m\u00b3<\/td><td>500-550kg\/m\u00b3<\/td><\/tr><tr><td>Balya A\u011f\u0131rl\u0131\u011f\u0131<\/td><td>900-1000kg\/balya<\/td><td>750\u00b150kg\/balya<\/td><\/tr><tr><td>Kapasite<\/td><td>13-20 ton\/saat<\/td><td>10-14 ton\/saat<\/td><\/tr><tr><td>Yem A\u00e7ma<\/td><td>2000\u00d71100mm<\/td><td>2000\u00d71100mm<\/td><\/tr><tr><td>Tel<\/td><td>5 sat\u0131r<\/td><td>4 sat\u0131r<\/td><\/tr><tr><td>G\u00fc\u00e7<\/td><td>45\u00d72 tak\u0131m+5,5+7,5kW<\/td><td>37\u00d72 tak\u0131m+5,5+7,5kW<br><\/td><\/tr><tr><td>Makine A\u011f\u0131rl\u0131\u011f\u0131<\/td><td>28T<\/td><td>25 ton<\/td><\/tr><tr><td>Malzemeler<\/td><td>At\u0131k ka\u011f\u0131t, Karton, Gazete, Dergi, Ka\u011f\u0131t Mendil, Plastik vb.<br>&nbsp;<\/td><td>At\u0131k ka\u011f\u0131t, Karton, Gazete, Dergi, Ka\u011f\u0131t Mendil, Plastik vb.<\/td><\/tr><\/tbody><\/table><\/figure>","protected":false},"excerpt":{"rendered":"<p>At\u0131k ka\u011f\u0131t balyalama makinesi, her t\u00fcrl\u00fc geri d\u00f6n\u00fc\u015ft\u00fcr\u00fclebilir ka\u011f\u0131d\u0131 da\u011f\u0131n\u0131k ve gev\u015fek bir durumdan d\u00fczenli ve kompakt bir duruma s\u0131k\u0131\u015ft\u0131rmak i\u00e7in kullan\u0131l\u0131r. At\u0131k ka\u011f\u0131t balyalay\u0131c\u0131, i\u015fletmeler i\u00e7in at\u0131k geri d\u00f6n\u00fc\u015f\u00fcm\u00fcnde depolama ve ta\u015f\u0131ma maliyetlerini azaltabilir; bu, at\u0131k kartonlar, at\u0131k gazeteler, at\u0131k end\u00fcstriyel ambalaj ka\u011f\u0131tlar\u0131 vb. gibi at\u0131klar\u0131n geri d\u00f6n\u00fc\u015f\u00fcm\u00fcn\u00fc te\u015fvik eder.\u00a0<\/p>","protected":false},"author":1,"featured_media":2639,"parent":0,"template":"","tags":[539,593,574,573,592],"product-type":[563],"class_list":["post-1279","product","type-product","status-publish","has-post-thumbnail","hentry","tag-horizontal-baler","tag-paper-baler","tag-recycle-baler","tag-recycling-baler","tag-waste-paper-baling-machine","product-type-baler-machine"],"_links":{"self":[{"href":"https:\/\/www.baler-machines.com\/tr\/wp-json\/wp\/v2\/product\/1279","targetHints":{"allow":["GET"]}}],"collection":[{"href":"https:\/\/www.baler-machines.com\/tr\/wp-json\/wp\/v2\/product"}],"about":[{"href":"https:\/\/www.baler-machines.com\/tr\/wp-json\/wp\/v2\/types\/product"}],"author":[{"embeddable":true,"href":"https:\/\/www.baler-machines.com\/tr\/wp-json\/wp\/v2\/users\/1"}],"wp:featuredmedia":[{"embeddable":true,"href":"https:\/\/www.baler-machines.com\/tr\/wp-json\/wp\/v2\/media\/2639"}],"wp:attachment":[{"href":"https:\/\/www.baler-machines.com\/tr\/wp-json\/wp\/v2\/media?parent=1279"}],"wp:term":[{"taxonomy":"post_tag","embeddable":true,"href":"https:\/\/www.baler-machines.com\/tr\/wp-json\/wp\/v2\/tags?post=1279"},{"taxonomy":"product-type","embeddable":true,"href":"https:\/\/www.baler-machines.com\/tr\/wp-json\/wp\/v2\/product-type?post=1279"}],"curies":[{"name":"wp","href":"https:\/\/api.w.org\/{rel}","templated":true}]}}