{"id":1043,"date":"2021-12-02T06:08:44","date_gmt":"2021-12-02T06:08:44","guid":{"rendered":"https:\/\/www.baler-machines.com\/?p=1043"},"modified":"2023-03-16T11:02:52","modified_gmt":"2023-03-16T03:02:52","slug":"automatic-horizontal-baler","status":"publish","type":"product","link":"https:\/\/www.baler-machines.com\/tr\/automatic-horizontal-baler\/","title":{"rendered":"Geri D\u00f6n\u00fc\u015f\u00fcm i\u00e7in Yar\u0131 Otomatik Yatay Balya Makinesi"},"content":{"rendered":"<p>Shuliy Machinery'nin bu yatay balya makinesi at\u0131k ka\u011f\u0131t, karton vb. i\u00e7in tasarlanm\u0131\u015ft\u0131r. \u00c7e\u015fitli malzemeleri h\u0131zl\u0131 ve etkili bir \u015fekilde balyalayabilir, depolama alan\u0131ndan tasarruf sa\u011flar ve nakliyeyi kolayla\u015ft\u0131r\u0131r. Her g\u00fcn \u00fcretim ilerledik\u00e7e ka\u011f\u0131t, plastik vb. gibi \u00e7ok say\u0131da at\u0131k malzeme ortaya \u00e7\u0131k\u0131yor. H\u0131zl\u0131 ve etkili bir \u015fekilde nas\u0131l i\u015flenebilirler? B\u00f6ylece hidrolik balya makinemiz ortaya \u00e7\u0131kt\u0131. Makine \u00e7ok istikrarl\u0131 bir performansa, m\u00fckemmel kaliteye ve uzun hizmet \u00f6mr\u00fcne sahiptir. Bu makine en \u00f6nemli geri d\u00f6n\u00fc\u015f\u00fcm makinelerinden biridir. E\u011fer ilgileniyorsan\u0131z, l\u00fctfen sormaya \u00e7ekinmeyin!<\/p>    <h2 class=\"wp-block-heading\"><strong>Yatay balya makinesi nedir<\/strong>?<\/h2>    <p class=\"translation-block\">Yatay balya makinesi, \u00e7e\u015fitli gev\u015fek malzemeleri depolama ve nakliye i\u00e7in uygun, yo\u011fun paketlere verimli bir \u015fekilde s\u0131k\u0131\u015ft\u0131rmak ve paketlemek \u00fczere tasarlanm\u0131\u015ft\u0131r. Hidrolik yatay balya makinesi, y\u00fcksek s\u0131k\u0131\u015ft\u0131rma oran\u0131, kompakt paket, temiz ve g\u00fczel g\u00f6r\u00fcn\u00fcm ve geni\u015f uygulama alan\u0131 ile karakterize edilir. Yatay at\u0131k balya makinesi, <strong>at\u0131k kartonlar, mukavvalar, ka\u011f\u0131t, eski giysiler, plastikler, lastikler, saman, yem, pamuk, <a href=\"https:\/\/en.wikipedia.org\/wiki\/Wool\" target=\"_blank\" rel=\"noreferrer noopener\">y\u00fcn<\/a>, tala\u015f ve dokuma torbalar<\/strong> gibi \u00e7e\u015fitli malzemeleri s\u0131k\u0131\u015ft\u0131rmak ve paketlemek i\u00e7in uygundur. Dahas\u0131, makinelerimiz m\u00fc\u015fterilerimizin t\u00fcm makul ihtiya\u00e7lar\u0131n\u0131 kar\u015f\u0131lamak \u00fczere \u00f6zelle\u015ftirilebilir. Bu nedenle, ilgili bir sekt\u00f6rdeyseniz ve bir balya makinesine ihtiyac\u0131n\u0131z varsa, herhangi bir zamanda bizimle ileti\u015fime ge\u00e7ebilirsiniz!<\/p>    <figure class=\"wp-block-gallery aligncenter has-nested-images columns-default is-cropped wp-block-gallery-2 is-layout-flex wp-block-gallery-is-layout-flex\"> <figure class=\"wp-block-image size-large\"><img loading=\"lazy\" decoding=\"async\" width=\"720\" height=\"540\" data-id=\"2436\" src=\"https:\/\/www.baler-machines.com\/wp-content\/uploads\/2022\/08\/horizontal-baler-machine-.webp\" alt=\"yatay-balya-makinesi-\" class=\"wp-image-2436\" title=\"\"><figcaption class=\"wp-element-caption\">Yatay Balya Makinas\u0131 <\/figcaption><\/figure>    <figure class=\"wp-block-image size-large\"><img loading=\"lazy\" decoding=\"async\" width=\"720\" height=\"540\" data-id=\"2437\" src=\"https:\/\/www.baler-machines.com\/wp-content\/uploads\/2022\/08\/recycle-baler-in-stock.webp\" alt=\"stokta geri d\u00f6n\u00fc\u015f\u00fcm baler\" class=\"wp-image-2437\" title=\"\"><figcaption class=\"wp-element-caption\">Geri D\u00f6n\u00fc\u015f\u00fcm Balya Makinesi Stokta Var<\/figcaption><\/figure> <\/figure>    <h2 class=\"wp-block-heading\"><strong>Sat\u0131l\u0131k otomatik yatay balya makinesi<\/strong><\/h2>    <p class=\"translation-block\">Otomatik yatay balya makinesi, pamuk yeti\u015ftirme alanlar\u0131, tekstil i\u015fletmeleri, konfeksiyon fabrikalar\u0131, at\u0131k malzeme geri d\u00f6n\u00fc\u015f\u00fcm istasyonlar\u0131 ve di\u011fer tar\u0131m ve sanayi i\u015fletmeleri i\u00e7in g\u00fc\u00e7l\u00fc ve \u00e7ok i\u015flevli bir makinedir. Hidrolik balya pres makinesi esas olarak yatay ve dikey tiplere ayr\u0131l\u0131r. Hidrolik yatay balya presi b\u00fcy\u00fck bir \u015fekle sahiptir, <strong>dikey metal balya makinesi<\/strong>nden daha b\u00fcy\u00fck bir s\u0131k\u0131\u015ft\u0131rma kuvvetine ve paketleme boyutuna sahiptir ve otomatik olarak \u00e7al\u0131\u015ft\u0131r\u0131lmas\u0131 kolayd\u0131r, bu da balyalama verimlili\u011fini art\u0131rabilir.<\/p>    <h3 class=\"wp-block-heading\"><strong>Yar\u0131 otomatik yatay balya makinesi<\/strong><\/h3>    <p>Otomatik konvey\u00f6r y\u00fcklemesi yok, at\u0131k malzemeyi \u00e7\u00f6p kutusuna koyman\u0131n bir yolunu bulman\u0131z gerekiyor. Di\u011fer i\u015flevler ayn\u0131 kal\u0131r.<\/p>   <div class=\"wp-block-image\"> <figure class=\"aligncenter size-full\"><img loading=\"lazy\" decoding=\"async\" width=\"720\" height=\"540\" src=\"https:\/\/www.baler-machines.com\/wp-content\/uploads\/2021\/12\/semi-automatic-horizontal-baler-machine.webp\" alt=\"yar\u0131 otomatik yatay balya makinesi\" class=\"wp-image-2433\" title=\"\"><figcaption class=\"wp-element-caption\">yar\u0131 otomatik yatay balya makinesi<\/figcaption><\/figure> <\/div>   <h3 class=\"wp-block-heading\" id=\"h-fully-automatic-horizontal-baling-press\"><strong>Tam otomatik yatay balyalama presi<\/strong><\/h3>    <p>Otomatik y\u00fckleme makinesiyle donat\u0131lm\u0131\u015f olup, insan g\u00fcc\u00fcnden b\u00fcy\u00fck oranda tasarruf sa\u011flayabilir ve h\u0131zl\u0131 ve verimli bir \u015fekilde \u00e7al\u0131\u015fabilir.<\/p>   <div class=\"wp-block-image\"> <figure class=\"aligncenter size-full\"><img loading=\"lazy\" decoding=\"async\" width=\"584\" height=\"448\" src=\"https:\/\/www.baler-machines.com\/wp-content\/uploads\/2021\/12\/Automatic-horizontal-baling-machine-with-conveyor-1.jpg\" alt=\"Konvey\u00f6rl\u00fc otomatik yatay balyalama makinesi 1\" class=\"wp-image-1065\" title=\"\"><figcaption class=\"wp-element-caption\">Konvey\u00f6rl\u00fc otomatik yatay balyalama makinesi <\/figcaption><\/figure> <\/div>   <h2 class=\"wp-block-heading\" id=\"h-scope-of-application-of-the-recycling-baler-machine\"><strong>Geri d\u00f6n\u00fc\u015f\u00fcm balya makinesinin uygulama kapsam\u0131<\/strong><\/h2>    <p>Yatay balyalama makinesi \u00e7ok \u00e7e\u015fitli geri d\u00f6n\u00fc\u015ft\u00fcr\u00fclebilir malzemeler i\u00e7in uygundur ve bir konvey\u00f6r ve di\u011fer ekipmanlarla birlikte kullan\u0131labilir. Saman, saman, at\u0131k ka\u011f\u0131t, lastik, pamuk, eski giysiler, saman, plastik, y\u00fcn ve geri d\u00f6n\u00fc\u015ft\u00fcr\u00fclebilir \u00e7\u00f6plerin t\u00fcm\u00fc hidrolik balya makinesi kullan\u0131larak s\u0131k\u0131\u015ft\u0131r\u0131labilir ve paketlenebilir. At\u0131k karton, at\u0131k karton, iplik, t\u00fct\u00fcn, kuma\u015f, dokuma \u00e7anta, \u00f6rme kadife, \u00e7uval, y\u00fcn yuma\u011f\u0131, ipek, \u015ferbet\u00e7iotu ve di\u011fer gev\u015fek malzemeler de kullan\u0131labilir. <\/p>   <div class=\"wp-block-image\"> <figure class=\"aligncenter size-full\"><img loading=\"lazy\" decoding=\"async\" width=\"670\" height=\"462\" src=\"https:\/\/www.baler-machines.com\/wp-content\/uploads\/2021\/12\/raw-materials.jpg\" alt=\"\u0130\u015flenmemi\u015f i\u00e7erikler\" class=\"wp-image-1063\" title=\"\"><figcaption class=\"wp-element-caption\">\u0130\u015flenmemi\u015f i\u00e7erikler<\/figcaption><\/figure> <\/div>   <p>Paketleme fabrikalar\u0131nda, karton fabrikalar\u0131nda, matbaa fabrikalar\u0131nda, at\u0131k s\u0131n\u0131fland\u0131rma ve ar\u0131tma istasyonlar\u0131nda, profesyonel geri d\u00f6n\u00fc\u015f\u00fcm istasyonlar\u0131nda, pamuk \u00fcretim alanlar\u0131nda, tekstil i\u015fletmelerinde, haz\u0131r giyim fabrikalar\u0131nda ve di\u011fer yerlerde s\u0131kl\u0131kla kullan\u0131l\u0131r. Yatay balya makinesi, otomatik balyalama i\u00e7in di\u015f a\u00e7ma makinesiyle birlikte \u00e7al\u0131\u015fabilir.<\/p>    <h2 class=\"wp-block-heading\" id=\"h-highlights-of-the-automatic-horizontal-baler\"><strong>Otomatik yatay balya makinesinin \u00f6ne \u00e7\u0131kan \u00f6zellikleri<\/strong><\/h2>    <p>Ka\u011f\u0131t balyalama presi, y\u00fcksek verimlilik, kompakt yap\u0131, basit kullan\u0131m, istikrarl\u0131 iletim, esnek hareketlilik ve di\u011fer avantajlara sahiptir.<\/p>    <ul class=\"wp-block-list\"> <li>Hidrolik teknolojisi, y\u00fcksek bas\u0131n\u00e7, enerji tasarrufu ve \u00e7evre koruma.<\/li>    <li>A\u00e7\u0131k yap\u0131, torban\u0131n \u00e7\u0131kar\u0131lmas\u0131n\u0131 ve verimlili\u011fi art\u0131rmay\u0131 kolay ve h\u0131zl\u0131 hale getirir.<\/li>    <li>Ya\u011f silindiri taraf\u0131ndan otomatik olarak s\u0131k\u0131lan ve gev\u015fetilen \u00fc\u00e7 taraf\u0131 kapatma ve ters \u00e7ekme tipini benimser.<\/li>    <li>PLC program\u0131, dokunmatik ekran kontrol\u00fc, basit kullan\u0131m, otomatik s\u0131k\u0131\u015ft\u0131rma.<\/li>    <li>E\u015fsiz otomatik balyalama cihaz\u0131, y\u00fcksek h\u0131z, basit yap\u0131, kararl\u0131 hareket, d\u00fc\u015f\u00fck ar\u0131za oran\u0131 ve kolay temizlik ve bak\u0131m avantajlar\u0131na sahiptir.<\/li>    <li>Paket boyutu ve voltaj\u0131, m\u00fc\u015fterilerin makul gereksinimlerine g\u00f6re \u00f6zelle\u015ftirilebilir. <\/li>    <li>Daha y\u00fcksek verimlili\u011fe sahip ta\u015f\u0131ma hatt\u0131 malzemesi ve di\u015f a\u00e7ma makinesi ile donat\u0131labilir.<\/li> <\/ul>   <div class=\"wp-block-image\"> <figure class=\"aligncenter size-full\"><img loading=\"lazy\" decoding=\"async\" width=\"720\" height=\"540\" src=\"https:\/\/www.baler-machines.com\/wp-content\/uploads\/2022\/08\/recycling-baler-manufacturer.webp\" alt=\"geri d\u00f6n\u00fc\u015f\u00fcm balya \u00fcreticisi\" class=\"wp-image-2439\" title=\"\"><figcaption class=\"wp-element-caption\">geri d\u00f6n\u00fc\u015f\u00fcm balya \u00fcreticisi<\/figcaption><\/figure> <\/div>   <h2 class=\"wp-block-heading\" id=\"h-how-does-the-horizontal-waste-baler-work\"><strong>Yatay at\u0131k balya makinesi nas\u0131l \u00e7al\u0131\u015f\u0131r?<\/strong><\/h2>    <p class=\"translation-block\">Bu seri yatay balya makinesi esas olarak hidrolik sistem, malzeme depolama sistemi, s\u0131k\u0131\u015ft\u0131rma mekanizmas\u0131, torbalama mekanizmas\u0131 ve elektrik sisteminden olu\u015fur. \u00dcretim verimlili\u011fi, <strong>hidrolik dikey balya makinesinden<\/strong> 5-10 kat daha y\u00fcksektir ve g\u00fc\u00e7 t\u00fcketimi daha d\u00fc\u015f\u00fckt\u00fcr. Hidrolik bas\u0131n\u00e7 100 tonu a\u015fabilir. Otomatik yatay balya makinesi, tam otomatik ve yar\u0131 otomatik tipleri i\u00e7erir. Tam otomatik model, s\u0131k\u0131\u015ft\u0131r\u0131lm\u0131\u015f paketi otomatik olarak ba\u011flamak i\u00e7in bir iplik makinesi ile donat\u0131labilir.<\/p>   <div class=\"wp-block-image\"> <figure class=\"aligncenter size-full\"><img loading=\"lazy\" decoding=\"async\" width=\"924\" height=\"686\" src=\"https:\/\/www.baler-machines.com\/wp-content\/uploads\/2021\/12\/hydraulic-horizontal-baler-structure.jpg\" alt=\"hidrolik yatay balya makinesi yap\u0131s\u0131\" class=\"wp-image-1062\" title=\"\" srcset=\"https:\/\/www.baler-machines.com\/wp-content\/uploads\/2021\/12\/hydraulic-horizontal-baler-structure.jpg 924w, https:\/\/www.baler-machines.com\/wp-content\/uploads\/2021\/12\/hydraulic-horizontal-baler-structure-768x570.jpg 768w\" sizes=\"auto, (max-width: 924px) 100vw, 924px\" \/><figcaption class=\"wp-element-caption\">hidrolik yatay balya makinesi yap\u0131s\u0131<\/figcaption><\/figure> <\/div>   <h2 class=\"wp-block-heading\"><strong>Yatay balya makinesinin maliyeti ne kadard\u0131r?<\/strong><\/h2>    <ol class=\"wp-block-list\"> <li>The <strong>otomasyon derecesi<\/strong>. Yar\u0131 otomatik balya makinesi ile tam otomatik balya makinesinin fiyat\u0131, otomatik y\u00fckleme sistemindeki farkl\u0131l\u0131ktan dolay\u0131 tamamen farkl\u0131d\u0131r.<\/li>    <li><strong>Makine aksesuarlar\u0131<\/strong>. Ayn\u0131 makine i\u00e7in farkl\u0131 aksesuarlar\u0131n kullan\u0131lmas\u0131 durumunda fiyat da farkl\u0131 olacakt\u0131r. Elbette kullan\u0131m \u00f6mr\u00fc ve kullan\u0131m ko\u015fullar\u0131 ayn\u0131 de\u011fildir.<\/li>    <li><strong>Makine paketleme ve ta\u015f\u0131ma<\/strong>. Ayn\u0131 ta\u015f\u0131ma ko\u015fullar\u0131nda, ambalajs\u0131z ve ah\u015fap kutu ambalaj\u0131nda \u200b\u200bmakinenin toplam fiyat\u0131 ayn\u0131 de\u011fildir. Benzer \u015fekilde makinenin ayn\u0131 ambalaj ko\u015fullar\u0131nda ta\u015f\u0131nmas\u0131 durumunda fiyat da farkl\u0131 olacakt\u0131r.<\/li> <\/ol>    <h2 class=\"wp-block-heading\" id=\"h-horizontal-baler-operating-manual\"><strong>Yatay balya makinesi kullan\u0131m k\u0131lavuzu<\/strong><\/h2>    <ol class=\"wp-block-list\"> <li>Makine \u00e7al\u0131\u015fmaya ba\u015flamadan \u00f6nce her makine par\u00e7as\u0131n\u0131n sa\u011flam olup olmad\u0131\u011f\u0131n\u0131 ve hidrolik ya\u011f\u0131n\u0131n yeterli olup olmad\u0131\u011f\u0131n\u0131 kontrol etti\u011finizden emin olun.<\/li>    <li>Makineyi \u00e7al\u0131\u015ft\u0131r\u0131rken ki\u015fisel g\u00fcvenli\u011fe dikkat edin, bu nedenle \u015fantiyenin yeterli olmas\u0131 gerekir.<\/li>    <li>Makine \u00e7al\u0131\u015f\u0131rken belirli bir g\u00fcvenlik mesafesini koruyun. \u00c7\u00fcnk\u00fc makinemiz PLC kontrol\u00fcn\u00fc benimsiyor ve ger\u00e7ek zamanl\u0131 olarak ilerleyerek bundan en iyi \u015fekilde yararlanabiliyor.<\/li>    <li>Makinenin kullan\u0131m\u0131 s\u0131ras\u0131nda \u00f6nce g\u00fcvenlik. G\u00fcvenlik kilitleme cihaz\u0131n\u0131n ve acil durdurma cihaz\u0131n\u0131n durumunu ve i\u015flevini s\u00fcrekli kontrol edin.<\/li>    <li>\u00c7al\u0131\u015fmay\u0131 tamamlad\u0131ktan sonra, personel ayr\u0131lmadan \u00f6nce makinenin hatas\u0131z oldu\u011fundan emin olmak i\u00e7in makine tamamen durdu\u011funda kontrol edin.<\/li> <\/ol>    <h2 class=\"wp-block-heading\" id=\"h-working-video-of-horizontal-baler\"><strong>Yatay balya makinesinin \u00e7al\u0131\u015fma videosu<\/strong><\/h2>    <figure class=\"wp-block-embed aligncenter is-type-video is-provider-youtube wp-block-embed-youtube wp-embed-aspect-16-9 wp-has-aspect-ratio\"><div class=\"wp-block-embed__wrapper\"> <iframe loading=\"lazy\" title=\"Otomatik Hidrolik Yatay Balya Makinas\u0131 | At\u0131k Ka\u011f\u0131t Plastik Lastikler \u0130\u00e7in Hidrolik Balyalama Pres Makinas\u0131\" width=\"500\" height=\"281\" src=\"https:\/\/www.youtube.com\/embed\/xsLypM133-g?feature=oembed\" frameborder=\"0\" allow=\"accelerometer; autoplay; clipboard-write; encrypted-media; gyroscope; picture-in-picture; web-share\" referrerpolicy=\"strict-origin-when-cross-origin\" allowfullscreen><\/iframe> <\/div><\/figure>    <figure class=\"wp-block-embed aligncenter is-type-video is-provider-youtube wp-block-embed-youtube wp-embed-aspect-16-9 wp-has-aspect-ratio\"><div class=\"wp-block-embed__wrapper\"> <iframe loading=\"lazy\" title=\"Hidrolik yatay balyalama pres makinas\u0131 | Teslimat i\u00e7in y\u00fcklenen at\u0131k karton balyalama makinesi\" width=\"500\" height=\"281\" src=\"https:\/\/www.youtube.com\/embed\/JJmSzdCuC-4?feature=oembed\" frameborder=\"0\" allow=\"accelerometer; autoplay; clipboard-write; encrypted-media; gyroscope; picture-in-picture; web-share\" referrerpolicy=\"strict-origin-when-cross-origin\" allowfullscreen><\/iframe> <\/div><\/figure>    <h2 class=\"wp-block-heading\" id=\"h-specification-of-semi-automatic-hydraulic-horizontal-baling-machine\"><strong>Yar\u0131 otomatik hidrolik yatay balyalama makinesinin \u00f6zellikleri<\/strong><\/h2>    <figure class=\"wp-block-table\"><table><tbody><tr><td>Modeli<\/td><td>SL-120<\/td><td>SL-160<\/td><td>SL-180<\/td><td>SL-200<\/td><\/tr><tr><td>Dinamik sistem<\/td><td>hidrolik sistem&nbsp;<\/td><td>hidrolik sistem&nbsp;<\/td><td>hidrolik sistem&nbsp;<\/td><td>hidrolik sistem&nbsp;<\/td><\/tr><tr><td>G\u00fc\u00e7<\/td><td>22kw, 3HP, 380V<\/td><td>30Kw+4Kw, 3HP, 380V<\/td><td>37Kw+4Kw, 3HP, 380V<\/td><td>45Kw+4Kw, 3HP, 380V <\/td><\/tr><tr><td>Ana Nominal itme kuvveti<\/td><td>1200KN<\/td><td>1600KN<\/td><td>1800KN<\/td><td>2000KN<\/td><\/tr><tr><td>Sistem bas\u0131nc\u0131<\/td><td>28 MPa<\/td><td>31,5MPA<\/td><td>31,5 MPa<\/td><td>31,5 MPa&nbsp;<\/td><\/tr><tr><td>Kontrol sistemi<\/td><td>PLC'li otomatik kontrol<\/td><td>PLC'li otomatik kontrol<\/td><td>PLC'li otomatik kontrol<\/td><td>PLC'li otomatik kontrol<\/td><\/tr><tr><td>Besleme boyutu<\/td><td>1650mm*1100mm<\/td><td>1650mm*1100mm<\/td><td>2000*1100mm<\/td><td>2000mm*1100mm<\/td><\/tr><tr><td>Balya boyutu<\/td><td>1100*900mm<\/td><td>1100mm*1250mm<\/td><td>1100*1300mm<\/td><td>1100mm*1400mm<\/td><\/tr><tr><td>Balya yo\u011funlu\u011fu<\/td><td>800Kg\/Balya, <br>400-450kg\/m\u00b3<\/td><td>1200kg \/ Balya,<br>450kg\/m\u00b3<\/td><td>1300kg\/balya, 500kg\/m\u00b3<\/td><td>1400Kg\/Balya 520kg\/m\u00b3<\/td><\/tr><tr><td>Kapasite<\/td><td>4-7 balya\/saat<\/td><td>5-8 balya\/saat<\/td><td>6-9 balya\/saat<\/td><td>8-10 balya\/saat<\/td><\/tr><tr><td>Paketleme<\/td><td>3 adet<\/td><td>4-5 adet<\/td><td>4-5 adet<\/td><td>4-5 adet<\/td><\/tr><\/tbody><\/table><\/figure>    <p class=\"translation-block\">Balya makinesi veya \u00f6zel gereksinimler hakk\u0131nda daha fazla bilgi i\u00e7in bizimle ileti\u015fime ge\u00e7ebilirsiniz.<\/p>    <h2 class=\"wp-block-heading\" id=\"h-faq\"><strong>SSS<\/strong><\/h2>    <div class=\"schema-faq wp-block-yoast-faq-block\"><div class=\"schema-faq-section\" id=\"faq-question-1659427226038\"><strong class=\"schema-faq-question\">S: Bir ticaret \u015firketi misiniz yoksa \u00fcretici misiniz?<\/strong> <p class=\"schema-faq-answer\">C: Makineleri kendimiz \u00fcretebilir ve satabiliriz. Genellikle yakla\u015f\u0131k 70%'ye kar\u015f\u0131l\u0131k gelen yabanc\u0131 \u00fclkelere ihracat yap\u0131yoruz.<\/p> <\/div> <div class=\"schema-faq-section\" id=\"faq-question-1659427250002\"><strong class=\"schema-faq-question\">S: Makinelerinizin garanti s\u00fcresi var m\u0131?<\/strong> <p class=\"schema-faq-answer\">C: Genel olarak firmam\u0131z\u0131n makinelerimizde bir y\u0131ll\u0131k garantisi vard\u0131r.<\/p> <\/div> <div class=\"schema-faq-section\" id=\"faq-question-1659427335441\"><strong class=\"schema-faq-question\">S: \u015eirketinize nas\u0131l g\u00fcvenebilirim?<\/strong> <p class=\"schema-faq-answer\">C: \u015eirketimiz onlarca y\u0131ld\u0131r sekt\u00f6rde lider konumdad\u0131r. Ayr\u0131ca kontrol etmeniz gereken end\u00fcstri sertifikalar\u0131 da vard\u0131r. Buna ek olarak sizinle birlikte ger\u00e7ek zamanl\u0131 (video arac\u0131l\u0131\u011f\u0131yla) fabrika ziyareti de yapabiliriz.<\/p> <\/div> <\/div>","protected":false},"excerpt":{"rendered":"<p>Yatay balya makinesi, gev\u015fek malzemeleri depolama ve ta\u015f\u0131ma i\u00e7in uygun yo\u011fun paketler haline verimli bir \u015fekilde s\u0131k\u0131\u015ft\u0131rmak ve paketlemek i\u00e7in tasarlanm\u0131\u015ft\u0131r. Hidrolik yatay balya makinesi, b\u00fcy\u00fck bir s\u0131k\u0131\u015ft\u0131rma oran\u0131, kompakt paket, d\u00fczenli ve g\u00fczel g\u00f6r\u00fcn\u00fcm ve geni\u015f uygulama yelpazesi ile karakterizedir. <\/p>","protected":false},"author":1,"featured_media":2446,"parent":0,"template":"","tags":[539,577,537,574,573,575],"product-type":[563],"class_list":["post-1043","product","type-product","status-publish","has-post-thumbnail","hentry","tag-horizontal-baler","tag-horizontal-baler-machine","tag-hydraulic-baler","tag-recycle-baler","tag-recycling-baler","tag-recycling-baler-machine","product-type-baler-machine"],"_links":{"self":[{"href":"https:\/\/www.baler-machines.com\/tr\/wp-json\/wp\/v2\/product\/1043","targetHints":{"allow":["GET"]}}],"collection":[{"href":"https:\/\/www.baler-machines.com\/tr\/wp-json\/wp\/v2\/product"}],"about":[{"href":"https:\/\/www.baler-machines.com\/tr\/wp-json\/wp\/v2\/types\/product"}],"author":[{"embeddable":true,"href":"https:\/\/www.baler-machines.com\/tr\/wp-json\/wp\/v2\/users\/1"}],"wp:featuredmedia":[{"embeddable":true,"href":"https:\/\/www.baler-machines.com\/tr\/wp-json\/wp\/v2\/media\/2446"}],"wp:attachment":[{"href":"https:\/\/www.baler-machines.com\/tr\/wp-json\/wp\/v2\/media?parent=1043"}],"wp:term":[{"taxonomy":"post_tag","embeddable":true,"href":"https:\/\/www.baler-machines.com\/tr\/wp-json\/wp\/v2\/tags?post=1043"},{"taxonomy":"product-type","embeddable":true,"href":"https:\/\/www.baler-machines.com\/tr\/wp-json\/wp\/v2\/product-type?post=1043"}],"curies":[{"name":"wp","href":"https:\/\/api.w.org\/{rel}","templated":true}]}}