{"id":980,"date":"2021-11-24T02:05:49","date_gmt":"2021-11-24T02:05:49","guid":{"rendered":"https:\/\/www.baler-machines.com\/?page_id=980"},"modified":"2022-08-05T08:51:50","modified_gmt":"2022-08-05T08:51:50","slug":"about-us","status":"publish","type":"page","link":"https:\/\/www.baler-machines.com\/tr\/about-us\/","title":{"rendered":"Hakk\u0131m\u0131zda"},"content":{"rendered":"<h2 class=\"wp-block-heading\" id=\"h-company-profile\"><strong>\u015eirket Profili<\/strong><\/h2>    <div class=\"wp-block-media-text alignwide is-stacked-on-mobile\"><figure class=\"wp-block-media-text__media\"><img loading=\"lazy\" decoding=\"async\" width=\"750\" height=\"500\" src=\"https:\/\/www.baler-machines.com\/wp-content\/uploads\/2022\/08\/company-about-us-1.webp\" alt=\"\" class=\"wp-image-2693 size-full\" title=\"\"><\/figure><div class=\"wp-block-media-text__content\"> <p>Zhengzhou Shuliy Machinery, mekanik ekipmanlar\u0131n geli\u015ftirilmesini, tasar\u0131m\u0131n\u0131, \u00fcretimini ve sat\u0131\u015f\u0131n\u0131 entegre eden bir \u00fcretim kurulu\u015fudur. \u015eirket, temel konsepti olarak \u201cbilim ve teknoloji, \u00e7evre, kaynaklar\u201d\u0131 benimser ve \u201c\u00e7evresel geri d\u00f6n\u00fc\u015f\u00fcm makineleri ara\u015ft\u0131rma ve geli\u015ftirmesi\u201d, \u201cmetal at\u0131k ve hurda araba geri d\u00f6n\u00fc\u015f\u00fcm\u00fc ve s\u00f6k\u00fclmesi\u201d \u201cKentsel At\u0131klar\u0131n Kullan\u0131m\u0131 ve D\u00f6ng\u00fcsel ekonomi sanayi zincirinde Kaynak Olarak Evsel At\u0131k\u201d, \u201cYenilenebilir Kaynaklar\u201d ve \u201cYe\u015fil Enerji\u201dnin geli\u015ftirilmesi.<\/p> <\/div><\/div>    <p><\/p>    <p>Shuliy, geli\u015fmi\u015f Ar-Ge merkezlerine ve \u00e7e\u015fitli i\u015fleme ekipmanlar\u0131na ve test tesislerine sahiptir. \u015eirketin 10'dan fazlas\u0131 teknoloji geli\u015ftirmeden sorumlu m\u00fchendis olmak \u00fczere toplam 100'den fazla \u00e7al\u0131\u015fan\u0131 bulunmaktad\u0131r. Art\u0131k \u201cpar\u00e7alama\u201d ve \u201ckat\u0131 at\u0131k geri d\u00f6n\u00fc\u015f\u00fcm\u00fc\u201d konular\u0131na odaklanan modern bir i\u015fletme haline geldi.<\/p>    <h2 class=\"wp-block-heading\" id=\"h-hot-products\"><strong>S\u0131cak \u00fcr\u00fcnler<\/strong><\/h2>    <p class=\"translation-block\">Shuliy Machinery'nin i\u015f kapsam\u0131 hurda metal, lastik, plastik, ah\u015fap, cam, ka\u011f\u0131t \u00fcr\u00fcnleri, kablolar ve ev aletleri kasalar\u0131n\u0131n geri d\u00f6n\u00fc\u015f\u00fcm\u00fcn\u00fc, ezilmesini ve ayr\u0131lmas\u0131n\u0131 kapsamaktad\u0131r. Tekil \u00fcr\u00fcnler aras\u0131nda ana olarak <strong><a href=\"https:\/\/www.baler-machines.com\/tr\/double-shaft-shredder\/\" target=\"_blank\" rel=\"noreferrer noopener\">\u00e7ift \u015faftl\u0131 \u00f6\u011f\u00fct\u00fcc\u00fc<\/a>,<a href=\"https:\/\/www.baler-machines.com\/tr\/horizontal-metal-baler\/\" target=\"_blank\" rel=\"noreferrer noopener\"> metal balya makinesi<\/a>, <a href=\"https:\/\/www.baler-machines.com\/tr\/scrap-metal-chip-briquette-machine\/\" target=\"_blank\" rel=\"noreferrer noopener\">hurda metal briket makinesi<\/a>, <a href=\"https:\/\/www.baler-machines.com\/tr\/metal-shears\/\" target=\"_blank\" rel=\"noreferrer noopener\">metal makas\u0131<\/a>, <\/strong> vb. bulunmaktad\u0131r. Bu makineler aras\u0131nda \u00f6\u011f\u00fct\u00fcc\u00fc, <a href=\"https:\/\/www.baler-machines.com\/tr\/double-shaft-waste-plastic-shredder-machine\/\" target=\"_blank\" rel=\"noreferrer noopener\">plastik \u00f6\u011f\u00fct\u00fcc\u00fc<\/a> ve <a href=\"https:\/\/www.baler-machines.com\/tr\/scrap-metal-shredder-machine\/\" target=\"_blank\" rel=\"noreferrer noopener\">hurda \u00e7elik \u00f6\u011f\u00fct\u00fcc\u00fc<\/a> i\u00e7ermektedir. <\/p>    <div class=\"wp-block-columns is-layout-flex wp-container-core-columns-is-layout-9d6595d7 wp-block-columns-is-layout-flex\"> <div class=\"wp-block-column is-layout-flow wp-block-column-is-layout-flow\"> <figure class=\"wp-block-embed aligncenter is-type-wp-embed is-provider-metal-baler-machine-shuliy-group wp-block-embed-metal-baler-machine-shuliy-group\"><div class=\"wp-block-embed__wrapper\"> <blockquote class=\"wp-embedded-content\" data-secret=\"IRSERQRKM7\"><a href=\"https:\/\/www.baler-machines.com\/tr\/vertical-baler-machine-for-waste-recycling\/\">\u00c7e\u015fitli At\u0131k Geri D\u00f6n\u00fc\u015f\u00fcm Presi i\u00e7in Hidrolik Dikey Balya Makinesi<\/a><\/blockquote><iframe loading=\"lazy\" class=\"wp-embedded-content\" sandbox=\"allow-scripts\" security=\"restricted\" style=\"position: absolute; clip: rect(1px, 1px, 1px, 1px);\" title=\"\u201c\u00c7e\u015fitli At\u0131k Geri D\u00f6n\u00fc\u015f\u00fcm Presi i\u00e7in Hidrolik Dikey Balya Makinesi\u201d \u2014 Metal Balya Makinesi | Shuliy Grubu\" src=\"https:\/\/www.baler-machines.com\/vertical-baler-machine-for-waste-recycling\/embed\/#?secret=ydCtlD8exN#?secret=IRSERQRKM7\" data-secret=\"IRSERQRKM7\" width=\"500\" height=\"282\" frameborder=\"0\" marginwidth=\"0\" marginheight=\"0\" scrolling=\"no\"><\/iframe> <\/div><\/figure> <\/div>    <div class=\"wp-block-column is-layout-flow wp-block-column-is-layout-flow\"> <figure class=\"wp-block-embed aligncenter is-type-wp-embed is-provider-metal-baler-machine-shuliy-group wp-block-embed-metal-baler-machine-shuliy-group\"><div class=\"wp-block-embed__wrapper\"> <blockquote class=\"wp-embedded-content\" data-secret=\"9LwWYJ5YEo\"><a href=\"https:\/\/www.baler-machines.com\/tr\/horizontal-metal-baler\/\">At\u0131k Balyalama Presi i\u00e7in Hidrolik Hurda Metal Balya Makinesi<\/a><\/blockquote><iframe loading=\"lazy\" class=\"wp-embedded-content\" sandbox=\"allow-scripts\" security=\"restricted\" style=\"position: absolute; clip: rect(1px, 1px, 1px, 1px);\" title=\"\u201cAt\u0131k Balyalama Presi i\u00e7in Hidrolik Hurda Metal Balya Makinesi\u201d \u2014 Metal Balya Makinas\u0131 | Shuliy Grubu\" src=\"https:\/\/www.baler-machines.com\/horizontal-metal-baler\/embed\/#?secret=HKaYa9kYNZ#?secret=9LwWYJ5YEo\" data-secret=\"9LwWYJ5YEo\" width=\"500\" height=\"282\" frameborder=\"0\" marginwidth=\"0\" marginheight=\"0\" scrolling=\"no\"><\/iframe> <\/div><\/figure> <\/div> <\/div>    <div class=\"wp-block-columns is-layout-flex wp-container-core-columns-is-layout-9d6595d7 wp-block-columns-is-layout-flex\"> <div class=\"wp-block-column is-layout-flow wp-block-column-is-layout-flow\"> <figure class=\"wp-block-embed\"><div class=\"wp-block-embed__wrapper\"> <blockquote class=\"wp-embedded-content\" data-secret=\"UvO7JXOTsR\"><a href=\"https:\/\/www.baler-machines.com\/tr\/double-shaft-shredder\/\">T\u00fcm At\u0131klar\u0131n Par\u00e7alanmas\u0131 \u0130\u00e7in \u00c7ift \u015eaftl\u0131 Par\u00e7alay\u0131c\u0131<\/a><\/blockquote><iframe loading=\"lazy\" class=\"wp-embedded-content\" sandbox=\"allow-scripts\" security=\"restricted\" style=\"position: absolute; clip: rect(1px, 1px, 1px, 1px);\" title=\"\u201cT\u00fcm At\u0131klar\u0131n Par\u00e7alanmas\u0131 \u0130\u00e7in \u00c7ift \u015eaftl\u0131 Par\u00e7alay\u0131c\u0131\u201d \u2014 Metal Balya Makinas\u0131 | Shuliy Grubu\" src=\"https:\/\/www.baler-machines.com\/double-shaft-shredder\/embed\/#?secret=s8sqFAiQ5L#?secret=UvO7JXOTsR\" data-secret=\"UvO7JXOTsR\" width=\"500\" height=\"282\" frameborder=\"0\" marginwidth=\"0\" marginheight=\"0\" scrolling=\"no\"><\/iframe> <\/div><\/figure> <\/div>    <div class=\"wp-block-column is-layout-flow wp-block-column-is-layout-flow\"> <figure class=\"wp-block-embed aligncenter is-type-wp-embed is-provider-metal-baler-machine-shuliy-group wp-block-embed-metal-baler-machine-shuliy-group\"><div class=\"wp-block-embed__wrapper\"> <blockquote class=\"wp-embedded-content\" data-secret=\"n65mtnwAsA\"><a href=\"https:\/\/www.baler-machines.com\/tr\/metal-shears-metal-shearing-machine\/\">Portal Makas\u0131 | Hidrolik Metal Kesme<\/a><\/blockquote><iframe loading=\"lazy\" class=\"wp-embedded-content\" sandbox=\"allow-scripts\" security=\"restricted\" style=\"position: absolute; clip: rect(1px, 1px, 1px, 1px);\" title=\"\u201cPortal Makas\u0131 | Hidrolik Metal Kesme\u201d \u2014 Metal Balya Makinas\u0131 | Shuliy Grubu\" src=\"https:\/\/www.baler-machines.com\/metal-shears-metal-shearing-machine\/embed\/#?secret=oa1rEyMTvZ#?secret=n65mtnwAsA\" data-secret=\"n65mtnwAsA\" width=\"500\" height=\"282\" frameborder=\"0\" marginwidth=\"0\" marginheight=\"0\" scrolling=\"no\"><\/iframe> <\/div><\/figure> <\/div> <\/div>    <p><\/p>    <p>\u00dcr\u00fcnler \u00fclkenin her yerinde sat\u0131lmakta ve Japonya, G\u00fcneydo\u011fu Asya, Endonezya, Mayasipan, Amerika Birle\u015fik Devletleri, Filipinler, \u0130spanya ve di\u011fer \u00fclkelere ihra\u00e7 edilmektedir. 12 y\u0131ld\u0131r kendi \u00fcretim haklar\u0131n\u0131 i\u015fletmektedir.<\/p>    <h2 class=\"wp-block-heading\"><strong>Sertifikalar<\/strong><\/h2>   <div class=\"wp-block-image\"> <figure class=\"aligncenter size-full\"><img loading=\"lazy\" decoding=\"async\" width=\"750\" height=\"934\" src=\"https:\/\/www.baler-machines.com\/wp-content\/uploads\/2022\/08\/certificates.webp\" alt=\"sertifikalar\" class=\"wp-image-2709\" title=\"\"><figcaption>sertifikalar<\/figcaption><\/figure> <\/div>   <h2 class=\"wp-block-heading\" id=\"h-aim-of-shuliy-machinery\"><strong>Shuliy Machinery'nin Amac\u0131<\/strong><\/h2>    <p>\"G\u00fczel bir \u00c7in in\u015fa etmek ve \u00c7in ulusunun s\u00fcrd\u00fcr\u00fclebilir kalk\u0131nmas\u0131n\u0131 ger\u00e7ekle\u015ftirmek i\u00e7in \u00e7abalamak\" gibi tarihi bir f\u0131rsatla kar\u015f\u0131 kar\u015f\u0131ya kalan \u015firket, yenilik\u00e7ili\u011fin y\u00f6nlendirdi\u011fi h\u0131zl\u0131 bir geli\u015fme elde etme konusunda daha kararl\u0131 olacak ve bunu ba\u015farmak i\u00e7in bir kaynak ve \u00e7evresel hizmet kurulu\u015fu olu\u015fturmaya kararl\u0131 olacakt\u0131r. Kaynak tasarrufu sa\u011flayan ve \u00e7evre dostu bir toplum.<\/p>    <p>\u0130nsan toplumunun s\u00fcrd\u00fcr\u00fclebilir geli\u015fimi daha fazla g\u00fcce katk\u0131da bulunur. \u0130\u015f g\u00f6r\u00fc\u015fmesi yapmak i\u00e7in hayat\u0131n her kesiminden yeni ve eski m\u00fc\u015fterilere ho\u015f geldiniz!<\/p>","protected":false},"excerpt":{"rendered":"<p>Company profile Zhengzhou Shuliy\u00a0Machinery is a manufacturing enterprise integrating the development, design, manufacturing, and sales of mechanical equipment. The company takes &#8220;science and technology, environment, resources&#8221; as its core concept, and is committed to creating a collection of &#8220;environmental recycling machinery research and development&#8221;, &#8220;metal waste and scrap car recycling and dismantling&#8221; \u201cUtilization of Urban [&hellip;]<\/p>\n","protected":false},"author":1,"featured_media":0,"parent":0,"menu_order":0,"comment_status":"closed","ping_status":"closed","template":"","meta":{"footnotes":""},"class_list":["post-980","page","type-page","status-publish","hentry"],"_links":{"self":[{"href":"https:\/\/www.baler-machines.com\/tr\/wp-json\/wp\/v2\/pages\/980","targetHints":{"allow":["GET"]}}],"collection":[{"href":"https:\/\/www.baler-machines.com\/tr\/wp-json\/wp\/v2\/pages"}],"about":[{"href":"https:\/\/www.baler-machines.com\/tr\/wp-json\/wp\/v2\/types\/page"}],"author":[{"embeddable":true,"href":"https:\/\/www.baler-machines.com\/tr\/wp-json\/wp\/v2\/users\/1"}],"replies":[{"embeddable":true,"href":"https:\/\/www.baler-machines.com\/tr\/wp-json\/wp\/v2\/comments?post=980"}],"version-history":[{"count":0,"href":"https:\/\/www.baler-machines.com\/tr\/wp-json\/wp\/v2\/pages\/980\/revisions"}],"wp:attachment":[{"href":"https:\/\/www.baler-machines.com\/tr\/wp-json\/wp\/v2\/media?parent=980"}],"curies":[{"name":"wp","href":"https:\/\/api.w.org\/{rel}","templated":true}]}}