{"id":4131,"date":"2025-03-11T18:01:41","date_gmt":"2025-03-11T10:01:41","guid":{"rendered":"https:\/\/www.baler-machines.com\/?post_type=product&#038;p=4131"},"modified":"2025-03-12T14:03:14","modified_gmt":"2025-03-12T06:03:14","slug":"cnc-rebar-stirrup-bending-machine","status":"publish","type":"product","link":"https:\/\/www.baler-machines.com\/sw\/cnc-rebar-stirrup-bending-machine\/","title":{"rendered":"Moja kwa moja CNC ya kichwa cha kichwa cha rebar cha moja kwa moja"},"content":{"rendered":"<p class=\"translation-block\">Shuliy <strong>rebar stirrup bending machine<\/strong> hutumia muundo wa juu wa kichwa 5 ili kukunjwa baa za chuma za 1500-2000m kwa saa katika maumbo yanayohitajika. Ina kasi ya kuunda ya sekunde 5.<\/p>    <p>Denna plattst\u00e5ngsb\u00f6jningsmaskin har ett CNC-system som g\u00f6r att armeringsst\u00e5ngens l\u00e4ngd och b\u00f6jningsvinkel kan st\u00e4llas in fritt. Vinkelavvikelsen \u00e4r \u00b1 1\u00b0.<\/p>    <p>Ikiwa ni tovuti ya ujenzi, mmea wa usindikaji wa chuma au mradi mkubwa wa miundombinu, mashine hii inaweza kutoa suluhisho bora na sahihi kwa kuinama kwa rebar.<\/p>    <figure class=\"wp-block-embed is-type-video is-provider-youtube wp-block-embed-youtube wp-embed-aspect-16-9 wp-has-aspect-ratio\"><div class=\"wp-block-embed__wrapper\"> <iframe loading=\"lazy\" title=\"Jinsi ya kupiga rebar na mashine ya kuinama ya chuma-moja kwa moja ya kichwa?\" width=\"500\" height=\"281\" src=\"https:\/\/www.youtube.com\/embed\/np-546qnCb0?feature=oembed\" frameborder=\"0\" allow=\"accelerometer; autoplay; clipboard-write; encrypted-media; gyroscope; picture-in-picture; web-share\" referrerpolicy=\"strict-origin-when-cross-origin\" allowfullscreen><\/iframe> <\/div><figcaption class=\"wp-element-caption\">Mashine ya Bender ya CNC<\/figcaption><\/figure>    <h2 class=\"wp-block-heading\"><strong>Manufaa ya Mashine ya Rebar ya Rebar Moja kwa Moja<\/strong><\/h2>    <ul class=\"wp-block-list\"> <li><strong>Ubunifu wa kichwa 5<\/strong>Ubunifu huu unaweza kusindika baa nyingi za slab kwa wakati mmoja, kuboresha kwa kiasi kikubwa ufanisi wa uzalishaji.<\/li>    <li><strong>Mfumo wa CNC<\/strong>Mfumo huu wa hali ya juu unaweza kudhibiti kwa usahihi ukubwa na pembe ya kuinama, kuhakikisha usahihi wa usindikaji wa kila rebar.<\/li>    <li><strong>Kubadilika kwa mahitaji anuwai ya baa za chuma<\/strong>Ikiwa ni fupi au ndefu rebar, vifaa vinaweza kushughulikia kwa usahihi kukidhi mahitaji ya usindikaji wa miradi tofauti, na kweli kufikia \"acha kwa muda mrefu iwezekanavyo, bend muda mrefu iwezekanavyo\".<\/li>    <li><strong>Anuwai ya hali ya matumizi<\/strong>: den anv\u00e4nds i stor utstr\u00e4ckning p\u00e5 byggarbetsplatser, armeringsst\u00e5lbehandlingsanl\u00e4ggningar och stora infrastrukturprojekt.<\/li>    <li><strong>Utulivu na uimara<\/strong>Kutumia motors mbili na kufanywa kwa vifaa vyenye nguvu ya juu, inaweza kukimbia kwa muda mrefu, kupunguza gharama za matengenezo na muda mrefu wa huduma ya huduma.<\/li> <\/ul>    <figure class=\"wp-block-gallery has-nested-images columns-default is-cropped wp-block-gallery-2 is-layout-flex wp-block-gallery-is-layout-flex\"> <figure class=\"wp-block-image size-large\"><img loading=\"lazy\" decoding=\"async\" width=\"720\" height=\"540\" data-id=\"4137\" src=\"https:\/\/www.baler-machines.com\/wp-content\/uploads\/2025\/03\/five-heads-for-slab-bar-bending-machine.webp\" alt=\"fem huvuden f\u00f6r bockmaskin f\u00f6r plattor\" class=\"wp-image-4137\" title=\"\" srcset=\"https:\/\/www.baler-machines.com\/wp-content\/uploads\/2025\/03\/five-heads-for-slab-bar-bending-machine.webp 720w, https:\/\/www.baler-machines.com\/wp-content\/uploads\/2025\/03\/five-heads-for-slab-bar-bending-machine-16x12.webp 16w\" sizes=\"auto, (max-width: 720px) 100vw, 720px\" \/><figcaption class=\"wp-element-caption\">Vichwa vitano vya mashine ya kupiga bar ya slab<\/figcaption><\/figure>    <figure class=\"wp-block-image size-large\"><img loading=\"lazy\" decoding=\"async\" width=\"720\" height=\"540\" data-id=\"4138\" src=\"https:\/\/www.baler-machines.com\/wp-content\/uploads\/2025\/03\/PLC-control-panel.webp\" alt=\"PLC kontrollpanel\" class=\"wp-image-4138\" title=\"\" srcset=\"https:\/\/www.baler-machines.com\/wp-content\/uploads\/2025\/03\/PLC-control-panel.webp 720w, https:\/\/www.baler-machines.com\/wp-content\/uploads\/2025\/03\/PLC-control-panel-16x12.webp 16w\" sizes=\"auto, (max-width: 720px) 100vw, 720px\" \/><figcaption class=\"wp-element-caption\">Jopo la Kudhibiti la Plc<\/figcaption><\/figure>    <figure class=\"wp-block-image size-large\"><img loading=\"lazy\" decoding=\"async\" width=\"720\" height=\"540\" data-id=\"4139\" src=\"https:\/\/www.baler-machines.com\/wp-content\/uploads\/2025\/03\/two-motors-for-rebar-stirrup-bender.webp\" alt=\"motors mbili za bendir ya rebar\" class=\"wp-image-4139\" title=\"\" srcset=\"https:\/\/www.baler-machines.com\/wp-content\/uploads\/2025\/03\/two-motors-for-rebar-stirrup-bender.webp 720w, https:\/\/www.baler-machines.com\/wp-content\/uploads\/2025\/03\/two-motors-for-rebar-stirrup-bender-16x12.webp 16w\" sizes=\"auto, (max-width: 720px) 100vw, 720px\" \/><figcaption class=\"wp-element-caption\">Motors mbili za Rebar Stirrup Bender<\/figcaption><\/figure> <\/figure>    <figure class=\"wp-block-gallery has-nested-images columns-default is-cropped wp-block-gallery-3 is-layout-flex wp-block-gallery-is-layout-flex\"> <figure class=\"wp-block-image size-large\"><img loading=\"lazy\" decoding=\"async\" width=\"720\" height=\"540\" data-id=\"4140\" src=\"https:\/\/www.baler-machines.com\/wp-content\/uploads\/2025\/03\/automatic-stirrup-bending-machine-for-steel-bar.webp\" alt=\"Mashine ya kusukuma moja kwa moja kwa bar ya chuma\" class=\"wp-image-4140\" title=\"\" srcset=\"https:\/\/www.baler-machines.com\/wp-content\/uploads\/2025\/03\/automatic-stirrup-bending-machine-for-steel-bar.webp 720w, https:\/\/www.baler-machines.com\/wp-content\/uploads\/2025\/03\/automatic-stirrup-bending-machine-for-steel-bar-16x12.webp 16w\" sizes=\"auto, (max-width: 720px) 100vw, 720px\" \/><figcaption class=\"wp-element-caption\">Mashine ya kusukuma moja kwa moja kwa bar ya chuma<\/figcaption><\/figure>    <figure class=\"wp-block-image size-large\"><img loading=\"lazy\" decoding=\"async\" width=\"720\" height=\"540\" data-id=\"4141\" src=\"https:\/\/www.baler-machines.com\/wp-content\/uploads\/2025\/03\/CNC-rebar-stirrup-bending-machine-for-reinforcing-bar.webp\" alt=\"CNC Rebar Stirrup Mashine ya Kuinua kwa Bar ya Kuimarisha\" class=\"wp-image-4141\" title=\"\" srcset=\"https:\/\/www.baler-machines.com\/wp-content\/uploads\/2025\/03\/CNC-rebar-stirrup-bending-machine-for-reinforcing-bar.webp 720w, https:\/\/www.baler-machines.com\/wp-content\/uploads\/2025\/03\/CNC-rebar-stirrup-bending-machine-for-reinforcing-bar-16x12.webp 16w\" sizes=\"auto, (max-width: 720px) 100vw, 720px\" \/><figcaption class=\"wp-element-caption\">CNC Rebar Stirrup Mashine ya Kuinua kwa Bar ya Kuimarisha<\/figcaption><\/figure> <\/figure>    <h2 class=\"wp-block-heading\"><strong>Vigezo vya kiufundi vya mashine ya kusongesha ya CNC Rebar<\/strong><\/h2>    <p>Vigezo vya kiufundi vya Mashine ya CNC Stirrup Bender ni msingi muhimu wa kumbukumbu kwa wateja kuchagua vifaa. Kutoka kwa data hapa chini, unaweza kujua shinikizo lake la majimaji, kutengeneza kasi, kosa la malaika, nk Kwa wateja walio na mahitaji maalum, tunatoa pia marekebisho ya parameta ili kukidhi mahitaji tofauti ya uzalishaji.<\/p>    <ul class=\"wp-block-list\"> <li><strong>Shinikizo la majimaji<\/strong>: 5-16MPA<\/li>    <li><strong>Njia ya ukubwa<\/strong>: mwongozo\/moja kwa moja<\/li>    <li><strong>Nguvu ya mashine<\/strong>: 8kW<\/li>    <li><strong>Shinikizo la hewa<\/strong>: 0.4-0.6mpa<\/li>    <li><strong>Kuunda kasi<\/strong>: Sekunde 5<\/li>    <li><strong>Uwezo wa usindikaji<\/strong>: 1500-2000m\/saa<\/li>    <li><strong>Mashine ya kufunga kichwa<\/strong>: Kufunga kwa majimaji<\/li>    <li><strong>Kosa la Angle<\/strong>: \u00b1 1 \u00b0<\/li>    <li><strong>Uzito wa mashine<\/strong>: 1200kg<\/li> <\/ul>   <div class=\"wp-block-image\"> <figure class=\"aligncenter size-full\"><img loading=\"lazy\" decoding=\"async\" width=\"720\" height=\"540\" src=\"https:\/\/www.baler-machines.com\/wp-content\/uploads\/2025\/03\/fully-automatic-CNC-five-head-steel-bar-bending-machine.webp\" alt=\"Mashine moja kwa moja ya CNC ya kichwa cha chuma-kichwa\" class=\"wp-image-4136\" title=\"\" srcset=\"https:\/\/www.baler-machines.com\/wp-content\/uploads\/2025\/03\/fully-automatic-CNC-five-head-steel-bar-bending-machine.webp 720w, https:\/\/www.baler-machines.com\/wp-content\/uploads\/2025\/03\/fully-automatic-CNC-five-head-steel-bar-bending-machine-16x12.webp 16w\" sizes=\"auto, (max-width: 720px) 100vw, 720px\" \/><figcaption class=\"wp-element-caption\">Mashine moja kwa moja ya CNC ya kichwa cha chuma-kichwa<\/figcaption><\/figure> <\/div>   <h2 class=\"wp-block-heading\"><strong>Je! Mashine ya kuinama ya slab inafanyaje kazi\uff1f<\/strong><\/h2>    <p>Kanuni ya kufanya kazi ya mashine ya kusukuma rebar ya CNC moja kwa moja ni kuweka pembe ya kuinama, urefu na sura kupitia mfumo wa CNC, nafasi ya moja kwa moja, urefu uliowekwa na kufunga kukamilisha ukingo wa chuma. Mchakato wa kufanya kazi ni:<\/p>    <ul class=\"wp-block-list\"> <li><strong>Kulisha<\/strong>: Baa ya chuma huingia kwenye eneo la usindikaji kupitia kifaa cha kulisha.<\/li>    <li><strong>Msimamo<\/strong>: Mfumo wa CNC huweka kwa usahihi nafasi ya urefu na msimamo wa rebar kulingana na vigezo vya preset.<\/li>    <li><strong>Kuinama<\/strong>: Kichwa cha kuinama kinakamilisha hatua ya kuinama kulingana na maagizo ili kuhakikisha kuwa pembe na sura zinakidhi mahitaji.<\/li>    <li><strong>Kutoa<\/strong>: Baa ya chuma iliyomalizika inahitaji kuchukuliwa kwa mikono ili kujiandaa kwa duru inayofuata ya usindikaji.<\/li> <\/ul>    <h2 class=\"wp-block-heading\"><strong>Vad \u00e4r priset p\u00e5 Shuliy armeringsst\u00e5ngs b\u00f6jningsmaskin?<\/strong><\/h2>    <p>Bei ya mashine ya kupiga chuma ya CNC inategemea mambo kadhaa, pamoja na vifaa vya vifaa, uwezo wa usindikaji, kiwango cha automatisering na huduma za ziada. Tunatoa ukubwa wa vifaa vingi, kutoka kwa mashine ndogo, za kiuchumi za kiuchumi hadi utendaji wa hali ya juu, mashine za kuinama za CNC, kwa safu rahisi za bei.<\/p>    <p>Specifika priser baseras p\u00e5 kundens bearbetningsbehov, best\u00e4llningskvantitet och anpassningskrav. Om du beh\u00f6ver en specifik offert kan du kontakta oss f\u00f6r att rekommendera den mest kostnadseffektiva maskinen f\u00f6r dina produktionsbehov.<\/p>   <div class=\"wp-block-image\"> <figure class=\"aligncenter size-full\"><img loading=\"lazy\" decoding=\"async\" width=\"720\" height=\"540\" src=\"https:\/\/www.baler-machines.com\/wp-content\/uploads\/2025\/03\/automatic-rebar-stirrup-bending-machine.webp\" alt=\"Moja kwa moja Rebar Kuchochea Mashine\" class=\"wp-image-4142\" title=\"\" srcset=\"https:\/\/www.baler-machines.com\/wp-content\/uploads\/2025\/03\/automatic-rebar-stirrup-bending-machine.webp 720w, https:\/\/www.baler-machines.com\/wp-content\/uploads\/2025\/03\/automatic-rebar-stirrup-bending-machine-16x12.webp 16w\" sizes=\"auto, (max-width: 720px) 100vw, 720px\" \/><figcaption class=\"wp-element-caption\">Moja kwa moja Rebar Kuchochea Mashine<\/figcaption><\/figure> <\/div>   <h2 class=\"wp-block-heading\"><strong>Jinsi ya kuagiza moja ya CNC inayochochea bender kutoka Shuliy?<\/strong><\/h2>    <p>Kuamuru mashine ya kusukuma rebar ni rahisi! Mchakato wa jumla ni:<\/p>    <ol class=\"wp-block-list\"> <li>Unaweza kuwasiliana na sisi kupitia mashauriano ya mkondoni, simu au barua pepe, na tuambie mahitaji yako ya usindikaji.<\/li>    <li>Tutapendekeza mfano unaofaa kwako na kukupa vigezo vya kina, picha za vifaa na video ili kuhakikisha unachagua vifaa vinavyofaa zaidi.<\/li>    <li>Baada ya kudhibitisha agizo, tutapanga uzalishaji wa haraka, ufungaji na usafirishaji wa ulimwengu.<\/li>    <li>Wakati wa kupokea mashine, pia tunatoa mwongozo wa usanidi na huduma ya baada ya mauzo ili kuhakikisha uzalishaji wako laini.<\/li> <\/ol>    <figure class=\"wp-block-gallery has-nested-images columns-default is-cropped wp-block-gallery-4 is-layout-flex wp-block-gallery-is-layout-flex\"> <figure class=\"wp-block-image size-large\"><img loading=\"lazy\" decoding=\"async\" width=\"720\" height=\"540\" data-id=\"4145\" src=\"https:\/\/www.baler-machines.com\/wp-content\/uploads\/2025\/03\/automatic-stirrup-bender.webp\" alt=\"Bender moja kwa moja ya kuchochea\" class=\"wp-image-4145\" title=\"\" srcset=\"https:\/\/www.baler-machines.com\/wp-content\/uploads\/2025\/03\/automatic-stirrup-bender.webp 720w, https:\/\/www.baler-machines.com\/wp-content\/uploads\/2025\/03\/automatic-stirrup-bender-16x12.webp 16w\" sizes=\"auto, (max-width: 720px) 100vw, 720px\" \/><figcaption class=\"wp-element-caption\">Bender moja kwa moja ya kuchochea<\/figcaption><\/figure>    <figure class=\"wp-block-image size-large\"><img loading=\"lazy\" decoding=\"async\" width=\"720\" height=\"540\" data-id=\"4146\" src=\"https:\/\/www.baler-machines.com\/wp-content\/uploads\/2025\/03\/stirrup-bar-bending-machine.webp\" alt=\"Kuchochea Mashine ya kuinama\" class=\"wp-image-4146\" title=\"\" srcset=\"https:\/\/www.baler-machines.com\/wp-content\/uploads\/2025\/03\/stirrup-bar-bending-machine.webp 720w, https:\/\/www.baler-machines.com\/wp-content\/uploads\/2025\/03\/stirrup-bar-bending-machine-16x12.webp 16w\" sizes=\"auto, (max-width: 720px) 100vw, 720px\" \/><figcaption class=\"wp-element-caption\">Kuchochea Mashine ya kuinama<\/figcaption><\/figure> <\/figure>    <p class=\"translation-block\">Mbali na kifaa hiki, tuna vifaa vingine vya kushughulikia rebar, kama vile <a href=\"https:\/\/www.baler-machines.com\/sw\/rebar-straightening-machine\/\">mashine ya kunyoosha rebar<\/a>, mashine ya kutengeneza pete ya rebar, <a href=\"https:\/\/www.baler-machines.com\/sw\/cnc-tube-bending-machine\/\">kukunja bomba<\/a> na kadhalika.<\/p>    <p class=\"translation-block\">Karibu kuwasiliana nasi kwa nukuu ya kina na usaidizi wa kiufundi kwa usindikaji wako wa <a href=\"https:\/\/en.wikipedia.org\/wiki\/Rebar\" target=\"_blank\" rel=\"noopener\">baa ya kuimarisha<\/a>!<\/p>","protected":false},"excerpt":{"rendered":"<p>Shuliy rebar Stirrup Mashine ya kuinama inachukua muundo wa juu wa 5-kichwa ili kupiga baa za chuma za 1500-2000m kwa saa ndani ya maumbo taka kwa matumizi.<\/p>","protected":false},"author":1,"featured_media":4134,"parent":0,"template":"","tags":[641,643],"product-type":[640],"class_list":["post-4131","product","type-product","status-publish","has-post-thumbnail","hentry","tag-rebar","tag-steel-bar","product-type-rebar-processing-equipment"],"_links":{"self":[{"href":"https:\/\/www.baler-machines.com\/sw\/wp-json\/wp\/v2\/product\/4131","targetHints":{"allow":["GET"]}}],"collection":[{"href":"https:\/\/www.baler-machines.com\/sw\/wp-json\/wp\/v2\/product"}],"about":[{"href":"https:\/\/www.baler-machines.com\/sw\/wp-json\/wp\/v2\/types\/product"}],"author":[{"embeddable":true,"href":"https:\/\/www.baler-machines.com\/sw\/wp-json\/wp\/v2\/users\/1"}],"wp:featuredmedia":[{"embeddable":true,"href":"https:\/\/www.baler-machines.com\/sw\/wp-json\/wp\/v2\/media\/4134"}],"wp:attachment":[{"href":"https:\/\/www.baler-machines.com\/sw\/wp-json\/wp\/v2\/media?parent=4131"}],"wp:term":[{"taxonomy":"post_tag","embeddable":true,"href":"https:\/\/www.baler-machines.com\/sw\/wp-json\/wp\/v2\/tags?post=4131"},{"taxonomy":"product-type","embeddable":true,"href":"https:\/\/www.baler-machines.com\/sw\/wp-json\/wp\/v2\/product-type?post=4131"}],"curies":[{"name":"wp","href":"https:\/\/api.w.org\/{rel}","templated":true}]}}